{"id":1388,"date":"2024-12-10T23:51:37","date_gmt":"2024-12-10T21:51:37","guid":{"rendered":"https:\/\/equidash.eu\/?post_type=product&#038;p=1388"},"modified":"2026-02-27T18:32:58","modified_gmt":"2026-02-27T16:32:58","slug":"mountain-horse-womens-tindra-tech-top","status":"publish","type":"product","link":"https:\/\/equidash.eu\/es\/shop\/rider\/mountain-horse-womens-tindra-tech-top\/","title":{"rendered":"Camiseta interior de equitaci\u00f3n Tindra de mujer degrad\u00e9 Mountain Horse"},"content":{"rendered":"<p>Camiseta t\u00e9cnica para mujer sin costuras. Confeccionada en un tejido de punto que absorbe la humedad, de secado r\u00e1pido, que garantiza la comodidad.<\/p>\n<ul>\n<li>Dise\u00f1o deportivo y actual sin costuras laterales, con mezcla de tonos degradados y cuello alto.<\/li>\n<li>Cremallera frontal de 1\/3 con tirador de bloqueo autom\u00e1tico.<\/li>\n<li>Tapeta interior protectora con protecci\u00f3n para la barbilla.<\/li>\n<li>Cuello superior Sin costuras en las costuras laterales.<\/li>\n<li>Logotipo de MH a lo largo de la manga.<\/li>\n<\/ul>","protected":false},"excerpt":{"rendered":"<p><a href=\"https:\/\/equidash.eu\/es\/etiqueta-producto\/mountain-horse\/\"><img decoding=\"async\" style=\"height: 60px; margin-top: 20px;\" src=\"https:\/\/equidash.eu\/wp-content\/uploads\/2024\/09\/Mountain-Horse-1.png\" alt=\"\" \/><\/a><\/p>","protected":false},"featured_media":1396,"template":"","meta":{"_acf_changed":false,"_joinchat":[]},"product_brand":[505],"product_cat":[262,22,203,206],"product_tag":[18],"class_list":{"0":"post-1388","1":"product","2":"type-product","3":"status-publish","4":"has-post-thumbnail","6":"product_brand-mountain-horse","7":"product_cat-long-sleeve-shirts","8":"product_cat-rider","9":"product_cat-riding-clothing-rider","10":"product_cat-women-riding-clothing-rider","11":"product_tag-mountain-horse","12":"pa_colors-black","13":"pa_colors-navy","14":"pa_size-l-xl","15":"pa_size-s-m","16":"pa_size-xxs-xs","18":"first","19":"instock","20":"sale","21":"taxable","22":"shipping-taxable","23":"purchasable","24":"product-type-variable"},"acf":[],"yoast_head":"<!-- This site is optimized with the Yoast SEO Premium plugin v26.2 (Yoast SEO v27.2) - https:\/\/yoast.com\/product\/yoast-seo-premium-wordpress\/ -->\n<title>Mountain Horse Women&#039;s Tindra Tech Top | Parima hinnaga ratsavarustuse e-pood<\/title>\n<meta name=\"description\" content=\"Stay comfortable and dry with the Mountain Horse Women&#039;s Tindra Tech Top. Made of moisture-wicking fabric, it&#039;s perfect for any weather. Order yours now! \ud83d\udca7\" \/>\n<meta name=\"robots\" content=\"index, follow, max-snippet:-1, max-image-preview:large, max-video-preview:-1\" \/>\n<link rel=\"canonical\" href=\"https:\/\/equidash.eu\/es\/shop\/jinete\/mountain-horse-womens-tindra-tech-top\/\" \/>\n<meta property=\"og:locale\" content=\"es_ES\" \/>\n<meta property=\"og:type\" content=\"article\" \/>\n<meta property=\"og:title\" content=\"Mountain Horse Women&#039;s Tindra Tech Top\" \/>\n<meta property=\"og:description\" content=\"Stay comfortable and dry with the Mountain Horse Women&#039;s Tindra Tech Top. Made of moisture-wicking fabric, it&#039;s perfect for any weather. Order yours now! \ud83d\udca7\" \/>\n<meta property=\"og:url\" content=\"https:\/\/equidash.eu\/es\/shop\/jinete\/mountain-horse-womens-tindra-tech-top\/\" \/>\n<meta property=\"og:site_name\" content=\"Parima hinnaga ratsavarustuse e-pood\" \/>\n<meta property=\"article:publisher\" content=\"https:\/\/www.facebook.com\/people\/EquiDash\/61560864479586\/\" \/>\n<meta property=\"article:modified_time\" content=\"2026-02-27T16:32:58+00:00\" \/>\n<meta property=\"og:image\" content=\"https:\/\/equidash.eu\/wp-content\/uploads\/2024\/12\/Mountain-Horse_Tindra-top_Navy_1.jpg\" \/>\n\t<meta property=\"og:image:width\" content=\"1000\" \/>\n\t<meta property=\"og:image:height\" content=\"1000\" \/>\n\t<meta property=\"og:image:type\" content=\"image\/jpeg\" \/>\n<meta name=\"twitter:card\" content=\"summary_large_image\" \/>\n<meta name=\"twitter:label1\" content=\"Disponibilidad\" \/>\n\t<meta name=\"twitter:data1\" content=\"Disponible\" \/>\n<script type=\"application\/ld+json\" class=\"yoast-schema-graph\">{\"@context\":\"https:\/\/schema.org\",\"@graph\":[{\"@type\":\"WebPage\",\"@id\":\"https:\/\/equidash.eu\/shop\/rider\/mountain-horse-womens-tindra-tech-top\/\",\"url\":\"https:\/\/equidash.eu\/shop\/rider\/mountain-horse-womens-tindra-tech-top\/\",\"name\":\"Mountain Horse Women's Tindra Tech Top | Parima hinnaga ratsavarustuse e-pood\",\"isPartOf\":{\"@id\":\"https:\/\/equidash.eu\/#website\"},\"primaryImageOfPage\":{\"@id\":\"https:\/\/equidash.eu\/shop\/rider\/mountain-horse-womens-tindra-tech-top\/#primaryimage\"},\"image\":{\"@id\":\"https:\/\/equidash.eu\/shop\/rider\/mountain-horse-womens-tindra-tech-top\/#primaryimage\"},\"thumbnailUrl\":\"https:\/\/equidash.eu\/wp-content\/uploads\/2024\/12\/Mountain-Horse_Tindra-top_Navy_1.jpg\",\"datePublished\":\"2024-12-10T21:51:37+00:00\",\"dateModified\":\"2026-02-27T16:32:58+00:00\",\"description\":\"Stay comfortable and dry with the Mountain Horse Women's Tindra Tech Top. Made of moisture-wicking fabric, it's perfect for any weather. Order yours now! \ud83d\udca7\",\"breadcrumb\":{\"@id\":\"https:\/\/equidash.eu\/shop\/rider\/mountain-horse-womens-tindra-tech-top\/#breadcrumb\"},\"inLanguage\":\"es\",\"potentialAction\":[{\"@type\":\"ReadAction\",\"target\":[\"https:\/\/equidash.eu\/shop\/rider\/mountain-horse-womens-tindra-tech-top\/\"]}]},{\"@type\":\"ImageObject\",\"inLanguage\":\"es\",\"@id\":\"https:\/\/equidash.eu\/shop\/rider\/mountain-horse-womens-tindra-tech-top\/#primaryimage\",\"url\":\"https:\/\/equidash.eu\/wp-content\/uploads\/2024\/12\/Mountain-Horse_Tindra-top_Navy_1.jpg\",\"contentUrl\":\"https:\/\/equidash.eu\/wp-content\/uploads\/2024\/12\/Mountain-Horse_Tindra-top_Navy_1.jpg\",\"width\":1000,\"height\":1000,\"caption\":\"Perfect for layering in winter or wearing alone in warmer weather\"},{\"@type\":\"BreadcrumbList\",\"@id\":\"https:\/\/equidash.eu\/shop\/rider\/mountain-horse-womens-tindra-tech-top\/#breadcrumb\",\"itemListElement\":[{\"@type\":\"ListItem\",\"position\":1,\"name\":\"Home\",\"item\":\"https:\/\/equidash.eu\/\"},{\"@type\":\"ListItem\",\"position\":2,\"name\":\"Shop\",\"item\":\"https:\/\/equidash.eu\/shop\/\"},{\"@type\":\"ListItem\",\"position\":3,\"name\":\"Mountain Horse Women&#8217;s Tindra Tech Top\"}]},{\"@type\":\"WebSite\",\"@id\":\"https:\/\/equidash.eu\/#website\",\"url\":\"https:\/\/equidash.eu\/\",\"name\":\"EquiDash\",\"description\":\"Horse Riding Equipment and Accessories\",\"publisher\":{\"@id\":\"https:\/\/equidash.eu\/#organization\"},\"alternateName\":\"EquiDash\",\"potentialAction\":[{\"@type\":\"SearchAction\",\"target\":{\"@type\":\"EntryPoint\",\"urlTemplate\":\"https:\/\/equidash.eu\/?s={search_term_string}\"},\"query-input\":{\"@type\":\"PropertyValueSpecification\",\"valueRequired\":true,\"valueName\":\"search_term_string\"}}],\"inLanguage\":\"es\"},{\"@type\":\"Organization\",\"@id\":\"https:\/\/equidash.eu\/#organization\",\"name\":\"EquiDash\",\"alternateName\":\"EquiDash\",\"url\":\"https:\/\/equidash.eu\/\",\"logo\":{\"@type\":\"ImageObject\",\"inLanguage\":\"es\",\"@id\":\"https:\/\/equidash.eu\/#\/schema\/logo\/image\/\",\"url\":\"https:\/\/equidash.eu\/wp-content\/uploads\/2024\/09\/EQUIDASH_Logo_Raud-1.png\",\"contentUrl\":\"https:\/\/equidash.eu\/wp-content\/uploads\/2024\/09\/EQUIDASH_Logo_Raud-1.png\",\"width\":393,\"height\":422,\"caption\":\"EquiDash\"},\"image\":{\"@id\":\"https:\/\/equidash.eu\/#\/schema\/logo\/image\/\"},\"sameAs\":[\"https:\/\/www.facebook.com\/people\/EquiDash\/61560864479586\/\",\"https:\/\/www.instagram.com\/equidash.eshop\/\"],\"email\":\"info@equidash.eu\",\"telephone\":\"+372 59007334\",\"legalName\":\"Takian Corporation O\u00dc\",\"foundingDate\":\"2020-10-21\",\"vatID\":\"EE102301283\",\"numberOfEmployees\":{\"@type\":\"QuantitativeValue\",\"minValue\":\"1\",\"maxValue\":\"10\"},\"hasMerchantReturnPolicy\":{\"@type\":\"MerchantReturnPolicy\",\"merchantReturnLink\":\"https:\/\/equidash.eu\/es\/return-privacy\/\"}}]}<\/script>\n<meta property=\"product:brand\" content=\"Mountain Horse\" \/>\n<meta property=\"og:availability\" content=\"instock\" \/>\n<meta property=\"product:availability\" content=\"instock\" \/>\n<meta property=\"product:condition\" content=\"new\" \/>\n<!-- \/ Yoast SEO Premium plugin. -->","yoast_head_json":{"title":"Mountain Horse Women's Tindra Tech Top | Parima hinnaga ratsavarustuse e-pood","description":"Stay comfortable and dry with the Mountain Horse Women's Tindra Tech Top. Made of moisture-wicking fabric, it's perfect for any weather. Order yours now! \ud83d\udca7","robots":{"index":"index","follow":"follow","max-snippet":"max-snippet:-1","max-image-preview":"max-image-preview:large","max-video-preview":"max-video-preview:-1"},"canonical":"https:\/\/equidash.eu\/es\/shop\/jinete\/mountain-horse-womens-tindra-tech-top\/","og_locale":"es_ES","og_type":"article","og_title":"Mountain Horse Women's Tindra Tech Top","og_description":"Stay comfortable and dry with the Mountain Horse Women's Tindra Tech Top. Made of moisture-wicking fabric, it's perfect for any weather. Order yours now! \ud83d\udca7","og_url":"https:\/\/equidash.eu\/es\/shop\/jinete\/mountain-horse-womens-tindra-tech-top\/","og_site_name":"Parima hinnaga ratsavarustuse e-pood","article_publisher":"https:\/\/www.facebook.com\/people\/EquiDash\/61560864479586\/","article_modified_time":"2026-02-27T16:32:58+00:00","og_image":[{"width":1000,"height":1000,"url":"https:\/\/equidash.eu\/wp-content\/uploads\/2024\/12\/Mountain-Horse_Tindra-top_Navy_1.jpg","type":"image\/jpeg"}],"twitter_card":"summary_large_image","twitter_misc":{"Disponibilidad":"Disponible"},"schema":{"@context":"https:\/\/schema.org","@graph":[{"@type":"WebPage","@id":"https:\/\/equidash.eu\/shop\/rider\/mountain-horse-womens-tindra-tech-top\/","url":"https:\/\/equidash.eu\/shop\/rider\/mountain-horse-womens-tindra-tech-top\/","name":"Mountain Horse Women's Tindra Tech Top | Parima hinnaga ratsavarustuse e-pood","isPartOf":{"@id":"https:\/\/equidash.eu\/#website"},"primaryImageOfPage":{"@id":"https:\/\/equidash.eu\/shop\/rider\/mountain-horse-womens-tindra-tech-top\/#primaryimage"},"image":{"@id":"https:\/\/equidash.eu\/shop\/rider\/mountain-horse-womens-tindra-tech-top\/#primaryimage"},"thumbnailUrl":"https:\/\/equidash.eu\/wp-content\/uploads\/2024\/12\/Mountain-Horse_Tindra-top_Navy_1.jpg","datePublished":"2024-12-10T21:51:37+00:00","dateModified":"2026-02-27T16:32:58+00:00","description":"Stay comfortable and dry with the Mountain Horse Women's Tindra Tech Top. Made of moisture-wicking fabric, it's perfect for any weather. Order yours now! \ud83d\udca7","breadcrumb":{"@id":"https:\/\/equidash.eu\/shop\/rider\/mountain-horse-womens-tindra-tech-top\/#breadcrumb"},"inLanguage":"es","potentialAction":[{"@type":"ReadAction","target":["https:\/\/equidash.eu\/shop\/rider\/mountain-horse-womens-tindra-tech-top\/"]}]},{"@type":"ImageObject","inLanguage":"es","@id":"https:\/\/equidash.eu\/shop\/rider\/mountain-horse-womens-tindra-tech-top\/#primaryimage","url":"https:\/\/equidash.eu\/wp-content\/uploads\/2024\/12\/Mountain-Horse_Tindra-top_Navy_1.jpg","contentUrl":"https:\/\/equidash.eu\/wp-content\/uploads\/2024\/12\/Mountain-Horse_Tindra-top_Navy_1.jpg","width":1000,"height":1000,"caption":"Perfect for layering in winter or wearing alone in warmer weather"},{"@type":"BreadcrumbList","@id":"https:\/\/equidash.eu\/shop\/rider\/mountain-horse-womens-tindra-tech-top\/#breadcrumb","itemListElement":[{"@type":"ListItem","position":1,"name":"Home","item":"https:\/\/equidash.eu\/"},{"@type":"ListItem","position":2,"name":"Shop","item":"https:\/\/equidash.eu\/shop\/"},{"@type":"ListItem","position":3,"name":"Mountain Horse Women&#8217;s Tindra Tech Top"}]},{"@type":"WebSite","@id":"https:\/\/equidash.eu\/#website","url":"https:\/\/equidash.eu\/","name":"EquiDash","description":"Horse Riding Equipment and Accessories","publisher":{"@id":"https:\/\/equidash.eu\/#organization"},"alternateName":"EquiDash","potentialAction":[{"@type":"SearchAction","target":{"@type":"EntryPoint","urlTemplate":"https:\/\/equidash.eu\/?s={search_term_string}"},"query-input":{"@type":"PropertyValueSpecification","valueRequired":true,"valueName":"search_term_string"}}],"inLanguage":"es"},{"@type":"Organization","@id":"https:\/\/equidash.eu\/#organization","name":"EquiDash","alternateName":"EquiDash","url":"https:\/\/equidash.eu\/","logo":{"@type":"ImageObject","inLanguage":"es","@id":"https:\/\/equidash.eu\/#\/schema\/logo\/image\/","url":"https:\/\/equidash.eu\/wp-content\/uploads\/2024\/09\/EQUIDASH_Logo_Raud-1.png","contentUrl":"https:\/\/equidash.eu\/wp-content\/uploads\/2024\/09\/EQUIDASH_Logo_Raud-1.png","width":393,"height":422,"caption":"EquiDash"},"image":{"@id":"https:\/\/equidash.eu\/#\/schema\/logo\/image\/"},"sameAs":["https:\/\/www.facebook.com\/people\/EquiDash\/61560864479586\/","https:\/\/www.instagram.com\/equidash.eshop\/"],"email":"info@equidash.eu","telephone":"+372 59007334","legalName":"Takian Corporation O\u00dc","foundingDate":"2020-10-21","vatID":"EE102301283","numberOfEmployees":{"@type":"QuantitativeValue","minValue":"1","maxValue":"10"},"hasMerchantReturnPolicy":{"@type":"MerchantReturnPolicy","merchantReturnLink":"https:\/\/equidash.eu\/es\/return-privacy\/"}}]},"product_brand":"Mountain Horse","og_availability":"instock","product_availability":"instock","product_condition":"new"},"_links":{"self":[{"href":"https:\/\/equidash.eu\/es\/wp-json\/wp\/v2\/product\/1388","targetHints":{"allow":["GET"]}}],"collection":[{"href":"https:\/\/equidash.eu\/es\/wp-json\/wp\/v2\/product"}],"about":[{"href":"https:\/\/equidash.eu\/es\/wp-json\/wp\/v2\/types\/product"}],"wp:featuredmedia":[{"embeddable":true,"href":"https:\/\/equidash.eu\/es\/wp-json\/wp\/v2\/media\/1396"}],"wp:attachment":[{"href":"https:\/\/equidash.eu\/es\/wp-json\/wp\/v2\/media?parent=1388"}],"wp:term":[{"taxonomy":"product_brand","embeddable":true,"href":"https:\/\/equidash.eu\/es\/wp-json\/wp\/v2\/product_brand?post=1388"},{"taxonomy":"product_cat","embeddable":true,"href":"https:\/\/equidash.eu\/es\/wp-json\/wp\/v2\/product_cat?post=1388"},{"taxonomy":"product_tag","embeddable":true,"href":"https:\/\/equidash.eu\/es\/wp-json\/wp\/v2\/product_tag?post=1388"}],"curies":[{"name":"wp","href":"https:\/\/api.w.org\/{rel}","templated":true}]}}