{"id":1438,"date":"2024-12-17T15:12:20","date_gmt":"2024-12-17T13:12:20","guid":{"rendered":"https:\/\/equidash.eu\/?post_type=product&#038;p=1438"},"modified":"2025-09-01T09:47:29","modified_gmt":"2025-09-01T07:47:29","slug":"cowboy-magic-super-bodyshine","status":"publish","type":"product","link":"https:\/\/equidash.eu\/es\/shop\/horse\/cowboy-magic-super-bodyshine\/","title":{"rendered":"Abrillantador Cowboy Magic\u00ae Super Bodyshine"},"content":{"rendered":"<p>Cowboy Magic \u00ae Super Bodyshine\u00ae crea un brillo superior que repele el polvo por lo que es f\u00e1cil de cepillar.<\/p>\n<ul>\n<li><strong data-redactor-tag=\"strong\">Es concentrado:\u00a0<\/strong>es concentrado y listo para usar.<\/li>\n<\/ul>\n<ul>\n<li><strong data-redactor-tag=\"strong\">Funciona al instante:\u00a0<\/strong>Formulado con ingredientes naturales de la naturaleza, solo apl\u00edcalo y al\u00e9jate para preparar una sonrisa. SUPER BODYSHINE\u00ae se seca r\u00e1pidamente y refleja un espectro completo de luz, lo que da un brillo m\u00e1ximo al cuerpo bajo la luz del sol o las luces del ring de exhibici\u00f3n.<\/li>\n<\/ul>\n<ul>\n<li><strong data-redactor-tag=\"strong\">Es un acondicionador profundo:\u00a0<\/strong>Hemos a\u00f1adido Aloe Vera para fortalecer y acondicionar el cabello y la piel.<\/li>\n<\/ul>\n<ul>\n<li><strong data-redactor-tag=\"strong\">Ayuda a repeler el polvo:\u00a0<\/strong>Super Bodyshine\u00ae hace m\u00e1s dif\u00edcil que el polvo del ring de exhibici\u00f3n y del establo se adhiera al cabello, lo que ahorra tiempo y esfuerzo en el cuidado.<\/li>\n<\/ul>\n<ul>\n<li><strong data-redactor-tag=\"strong\">Es duradero:\u00a0<\/strong>Super Bodyshine\u00ae no se volver\u00e1 gomoso ni pegajoso despu\u00e9s de varios d\u00edas de uso, lo que reduce el n\u00famero de visitas al lavadero.<\/li>\n<\/ul>\n<p><strong data-redactor-tag=\"strong\"><br \/>\n<\/strong><strong data-redactor-tag=\"strong\">COWBOY MAGIC\u00ae SUPER BODYSHINE ha sido probado contra alergias y revisado por dermat\u00f3logos!<\/strong><\/p>\n<p><strong data-redactor-tag=\"strong\">Ingredientes:<\/strong>\u00a0Agua, Dimeticona, Amodimeticona, Tridecet-6, Perfume (Fragancia), Jugo de Hoja de Aloe Barbadensis, Palmitato de Retinilo, Acetato de Tocoferilo, Metilcloroisotiazolinona\/Metilisotiazolinona, Extracto de Flor de Chamomilla Recutita (Matricaria), Hexil Cinnamal.<\/p>\n<p><iframe loading=\"lazy\" title=\"Cowboy Magic - Super Body Shine\" width=\"1020\" height=\"574\" src=\"https:\/\/www.youtube.com\/embed\/A2ToG8yXE7k?feature=oembed&#038;enablejsapi=1&#038;origin=https:\/\/equidash.eu\" frameborder=\"0\" allow=\"accelerometer; autoplay; clipboard-write; encrypted-media; gyroscope; picture-in-picture; web-share\" referrerpolicy=\"strict-origin-when-cross-origin\" allowfullscreen><\/iframe><\/p>","protected":false},"excerpt":{"rendered":"<p class=\"ai-optimize-23 ai-optimize-introduction\"><a href=\"\/es\/%26quot%3bhttps%3a\/\/equidash.eu\/etiqueta-producto\/cowboy-magic\/%e2%80%9c\/\"><img decoding=\"async\" style=\"height: 60px; margin-top: 20px;\" src=\"https:\/\/equidash.eu\/wp-content\/uploads\/2024\/10\/Cowboy-Magic_Logo_Horiz_WEB_1204x630-1.png-1.png\" alt=\"&quot;\" \/><\/a><\/p>","protected":false},"featured_media":1437,"template":"","meta":{"_acf_changed":false,"_joinchat":[]},"product_brand":[513],"product_cat":[266,268,189,27,245,243,246],"product_tag":[287,288,289],"class_list":{"0":"post-1438","1":"product","2":"type-product","3":"status-publish","4":"has-post-thumbnail","6":"product_brand-cowboy-magic","7":"product_cat-dog","8":"product_cat-grooming-care","9":"product_cat-health-care-horse","10":"product_cat-horse","11":"product_cat-shampoos-conditioners","12":"product_cat-skin-mane-care","13":"product_cat-sprays","14":"product_tag-cowboy-magic","15":"product_tag-shine","16":"product_tag-super-bodyshine","17":"pa_size-100-ml","18":"pa_size-473-ml","19":"pa_size-946-ml","21":"first","22":"instock","23":"taxable","24":"shipping-taxable","25":"purchasable","26":"product-type-variable"},"acf":[],"yoast_head":"<!-- This site is optimized with the Yoast SEO Premium plugin v26.2 (Yoast SEO v27.6) - https:\/\/yoast.com\/product\/yoast-seo-premium-wordpress\/ -->\n<title>Cowboy Magic\u00ae Super Bodyshine: Repel Dust and Shine Bright | Parima hinnaga ratsavarustuse e-pood<\/title>\n<meta name=\"description\" content=\"Stand out in the show ring with Cowboy Magic\u00ae Super Bodyshine. Its concentrated formula dries fast and reflects light for a stunning shine. Buy now!\" \/>\n<meta name=\"robots\" content=\"index, follow, max-snippet:-1, max-image-preview:large, max-video-preview:-1\" \/>\n<link rel=\"canonical\" href=\"https:\/\/equidash.eu\/es\/shop\/caballo\/cowboy-magic-super-bodyshine\/\" \/>\n<meta property=\"og:locale\" content=\"es_ES\" \/>\n<meta property=\"og:type\" content=\"article\" \/>\n<meta property=\"og:title\" content=\"Cowboy Magic\u00ae Super Bodyshine\" \/>\n<meta property=\"og:description\" content=\"Stand out in the show ring with Cowboy Magic\u00ae Super Bodyshine. Its concentrated formula dries fast and reflects light for a stunning shine. Buy now!\" \/>\n<meta property=\"og:url\" content=\"https:\/\/equidash.eu\/es\/shop\/caballo\/cowboy-magic-super-bodyshine\/\" \/>\n<meta property=\"og:site_name\" content=\"Parima hinnaga ratsavarustuse e-pood\" \/>\n<meta property=\"article:publisher\" content=\"https:\/\/www.facebook.com\/people\/EquiDash\/61560864479586\/\" \/>\n<meta property=\"article:modified_time\" content=\"2025-09-01T07:47:29+00:00\" \/>\n<meta property=\"og:image\" content=\"https:\/\/equidash.eu\/wp-content\/uploads\/2024\/12\/SuperBodyshineCowboyMagic_all.png\" \/>\n\t<meta property=\"og:image:width\" content=\"1536\" \/>\n\t<meta property=\"og:image:height\" content=\"1536\" \/>\n\t<meta property=\"og:image:type\" content=\"image\/png\" \/>\n<meta name=\"twitter:card\" content=\"summary_large_image\" \/>\n<meta name=\"twitter:label1\" content=\"Disponibilidad\" \/>\n\t<meta name=\"twitter:data1\" content=\"Disponible\" \/>\n<script type=\"application\/ld+json\" class=\"yoast-schema-graph\">{\"@context\":\"https:\\\/\\\/schema.org\",\"@graph\":[{\"@type\":\"WebPage\",\"@id\":\"https:\\\/\\\/equidash.eu\\\/shop\\\/horse\\\/cowboy-magic-super-bodyshine\\\/\",\"url\":\"https:\\\/\\\/equidash.eu\\\/shop\\\/horse\\\/cowboy-magic-super-bodyshine\\\/\",\"name\":\"Cowboy Magic\u00ae Super Bodyshine: Repel Dust and Shine Bright | Parima hinnaga ratsavarustuse e-pood\",\"isPartOf\":{\"@id\":\"https:\\\/\\\/equidash.eu\\\/#website\"},\"primaryImageOfPage\":{\"@id\":\"https:\\\/\\\/equidash.eu\\\/shop\\\/horse\\\/cowboy-magic-super-bodyshine\\\/#primaryimage\"},\"image\":{\"@id\":\"https:\\\/\\\/equidash.eu\\\/shop\\\/horse\\\/cowboy-magic-super-bodyshine\\\/#primaryimage\"},\"thumbnailUrl\":\"https:\\\/\\\/equidash.eu\\\/wp-content\\\/uploads\\\/2024\\\/12\\\/SuperBodyshineCowboyMagic_all.png\",\"datePublished\":\"2024-12-17T13:12:20+00:00\",\"dateModified\":\"2025-09-01T07:47:29+00:00\",\"description\":\"Stand out in the show ring with Cowboy Magic\u00ae Super Bodyshine. Its concentrated formula dries fast and reflects light for a stunning shine. Buy now!\",\"breadcrumb\":{\"@id\":\"https:\\\/\\\/equidash.eu\\\/shop\\\/horse\\\/cowboy-magic-super-bodyshine\\\/#breadcrumb\"},\"inLanguage\":\"es\",\"potentialAction\":[{\"@type\":\"ReadAction\",\"target\":[\"https:\\\/\\\/equidash.eu\\\/shop\\\/horse\\\/cowboy-magic-super-bodyshine\\\/\"]}]},{\"@type\":\"ImageObject\",\"inLanguage\":\"es\",\"@id\":\"https:\\\/\\\/equidash.eu\\\/shop\\\/horse\\\/cowboy-magic-super-bodyshine\\\/#primaryimage\",\"url\":\"https:\\\/\\\/equidash.eu\\\/wp-content\\\/uploads\\\/2024\\\/12\\\/SuperBodyshineCowboyMagic_all.png\",\"contentUrl\":\"https:\\\/\\\/equidash.eu\\\/wp-content\\\/uploads\\\/2024\\\/12\\\/SuperBodyshineCowboyMagic_all.png\",\"width\":1536,\"height\":1536,\"caption\":\"Cowboy Magic\u00ae Super Bodyshine\u00ae - Spray on for an instant super shine and fast drying.\"},{\"@type\":\"BreadcrumbList\",\"@id\":\"https:\\\/\\\/equidash.eu\\\/shop\\\/horse\\\/cowboy-magic-super-bodyshine\\\/#breadcrumb\",\"itemListElement\":[{\"@type\":\"ListItem\",\"position\":1,\"name\":\"Home\",\"item\":\"https:\\\/\\\/equidash.eu\\\/\"},{\"@type\":\"ListItem\",\"position\":2,\"name\":\"Shop\",\"item\":\"https:\\\/\\\/equidash.eu\\\/shop\\\/\"},{\"@type\":\"ListItem\",\"position\":3,\"name\":\"Cowboy Magic\u00ae Super Bodyshine\"}]},{\"@type\":\"WebSite\",\"@id\":\"https:\\\/\\\/equidash.eu\\\/#website\",\"url\":\"https:\\\/\\\/equidash.eu\\\/\",\"name\":\"EquiDash\",\"description\":\"Horse Riding Equipment and Accessories\",\"publisher\":{\"@id\":\"https:\\\/\\\/equidash.eu\\\/#organization\"},\"alternateName\":\"EquiDash\",\"potentialAction\":[{\"@type\":\"SearchAction\",\"target\":{\"@type\":\"EntryPoint\",\"urlTemplate\":\"https:\\\/\\\/equidash.eu\\\/?s={search_term_string}\"},\"query-input\":{\"@type\":\"PropertyValueSpecification\",\"valueRequired\":true,\"valueName\":\"search_term_string\"}}],\"inLanguage\":\"es\"},{\"@type\":\"Organization\",\"@id\":\"https:\\\/\\\/equidash.eu\\\/#organization\",\"name\":\"EquiDash\",\"alternateName\":\"EquiDash\",\"url\":\"https:\\\/\\\/equidash.eu\\\/\",\"logo\":{\"@type\":\"ImageObject\",\"inLanguage\":\"es\",\"@id\":\"https:\\\/\\\/equidash.eu\\\/#\\\/schema\\\/logo\\\/image\\\/\",\"url\":\"https:\\\/\\\/equidash.eu\\\/wp-content\\\/uploads\\\/2024\\\/09\\\/EQUIDASH_Logo_Raud-1.png\",\"contentUrl\":\"https:\\\/\\\/equidash.eu\\\/wp-content\\\/uploads\\\/2024\\\/09\\\/EQUIDASH_Logo_Raud-1.png\",\"width\":393,\"height\":422,\"caption\":\"EquiDash\"},\"image\":{\"@id\":\"https:\\\/\\\/equidash.eu\\\/#\\\/schema\\\/logo\\\/image\\\/\"},\"sameAs\":[\"https:\\\/\\\/www.facebook.com\\\/people\\\/EquiDash\\\/61560864479586\\\/\",\"https:\\\/\\\/www.instagram.com\\\/equidash.eshop\\\/\"],\"email\":\"info@equidash.eu\",\"telephone\":\"+372 59007334\",\"legalName\":\"Takian Corporation O\u00dc\",\"foundingDate\":\"2020-10-21\",\"vatID\":\"EE102301283\",\"numberOfEmployees\":{\"@type\":\"QuantitativeValue\",\"minValue\":\"1\",\"maxValue\":\"10\"},\"hasMerchantReturnPolicy\":{\"@type\":\"MerchantReturnPolicy\",\"merchantReturnLink\":\"https:\\\/\\\/equidash.eu\\\/es\\\/return-privacy\\\/\"}}]}<\/script>\n<meta property=\"product:brand\" content=\"Cowboy Magic\u00ae\" \/>\n<meta property=\"og:availability\" content=\"instock\" \/>\n<meta property=\"product:availability\" content=\"instock\" \/>\n<meta property=\"product:condition\" content=\"new\" \/>\n<!-- \/ Yoast SEO Premium plugin. -->","yoast_head_json":{"title":"Cowboy Magic\u00ae Super Bodyshine: Repel Dust and Shine Bright | Parima hinnaga ratsavarustuse e-pood","description":"Stand out in the show ring with Cowboy Magic\u00ae Super Bodyshine. Its concentrated formula dries fast and reflects light for a stunning shine. Buy now!","robots":{"index":"index","follow":"follow","max-snippet":"max-snippet:-1","max-image-preview":"max-image-preview:large","max-video-preview":"max-video-preview:-1"},"canonical":"https:\/\/equidash.eu\/es\/shop\/caballo\/cowboy-magic-super-bodyshine\/","og_locale":"es_ES","og_type":"article","og_title":"Cowboy Magic\u00ae Super Bodyshine","og_description":"Stand out in the show ring with Cowboy Magic\u00ae Super Bodyshine. Its concentrated formula dries fast and reflects light for a stunning shine. Buy now!","og_url":"https:\/\/equidash.eu\/es\/shop\/caballo\/cowboy-magic-super-bodyshine\/","og_site_name":"Parima hinnaga ratsavarustuse e-pood","article_publisher":"https:\/\/www.facebook.com\/people\/EquiDash\/61560864479586\/","article_modified_time":"2025-09-01T07:47:29+00:00","og_image":[{"width":1536,"height":1536,"url":"https:\/\/equidash.eu\/wp-content\/uploads\/2024\/12\/SuperBodyshineCowboyMagic_all.png","type":"image\/png"}],"twitter_card":"summary_large_image","twitter_misc":{"Disponibilidad":"Disponible"},"schema":{"@context":"https:\/\/schema.org","@graph":[{"@type":"WebPage","@id":"https:\/\/equidash.eu\/shop\/horse\/cowboy-magic-super-bodyshine\/","url":"https:\/\/equidash.eu\/shop\/horse\/cowboy-magic-super-bodyshine\/","name":"Cowboy Magic\u00ae Super Bodyshine: Repel Dust and Shine Bright | Parima hinnaga ratsavarustuse e-pood","isPartOf":{"@id":"https:\/\/equidash.eu\/#website"},"primaryImageOfPage":{"@id":"https:\/\/equidash.eu\/shop\/horse\/cowboy-magic-super-bodyshine\/#primaryimage"},"image":{"@id":"https:\/\/equidash.eu\/shop\/horse\/cowboy-magic-super-bodyshine\/#primaryimage"},"thumbnailUrl":"https:\/\/equidash.eu\/wp-content\/uploads\/2024\/12\/SuperBodyshineCowboyMagic_all.png","datePublished":"2024-12-17T13:12:20+00:00","dateModified":"2025-09-01T07:47:29+00:00","description":"Stand out in the show ring with Cowboy Magic\u00ae Super Bodyshine. Its concentrated formula dries fast and reflects light for a stunning shine. Buy now!","breadcrumb":{"@id":"https:\/\/equidash.eu\/shop\/horse\/cowboy-magic-super-bodyshine\/#breadcrumb"},"inLanguage":"es","potentialAction":[{"@type":"ReadAction","target":["https:\/\/equidash.eu\/shop\/horse\/cowboy-magic-super-bodyshine\/"]}]},{"@type":"ImageObject","inLanguage":"es","@id":"https:\/\/equidash.eu\/shop\/horse\/cowboy-magic-super-bodyshine\/#primaryimage","url":"https:\/\/equidash.eu\/wp-content\/uploads\/2024\/12\/SuperBodyshineCowboyMagic_all.png","contentUrl":"https:\/\/equidash.eu\/wp-content\/uploads\/2024\/12\/SuperBodyshineCowboyMagic_all.png","width":1536,"height":1536,"caption":"Cowboy Magic\u00ae Super Bodyshine\u00ae - Spray on for an instant super shine and fast drying."},{"@type":"BreadcrumbList","@id":"https:\/\/equidash.eu\/shop\/horse\/cowboy-magic-super-bodyshine\/#breadcrumb","itemListElement":[{"@type":"ListItem","position":1,"name":"Home","item":"https:\/\/equidash.eu\/"},{"@type":"ListItem","position":2,"name":"Shop","item":"https:\/\/equidash.eu\/shop\/"},{"@type":"ListItem","position":3,"name":"Cowboy Magic\u00ae Super Bodyshine"}]},{"@type":"WebSite","@id":"https:\/\/equidash.eu\/#website","url":"https:\/\/equidash.eu\/","name":"EquiDash","description":"Horse Riding Equipment and Accessories","publisher":{"@id":"https:\/\/equidash.eu\/#organization"},"alternateName":"EquiDash","potentialAction":[{"@type":"SearchAction","target":{"@type":"EntryPoint","urlTemplate":"https:\/\/equidash.eu\/?s={search_term_string}"},"query-input":{"@type":"PropertyValueSpecification","valueRequired":true,"valueName":"search_term_string"}}],"inLanguage":"es"},{"@type":"Organization","@id":"https:\/\/equidash.eu\/#organization","name":"EquiDash","alternateName":"EquiDash","url":"https:\/\/equidash.eu\/","logo":{"@type":"ImageObject","inLanguage":"es","@id":"https:\/\/equidash.eu\/#\/schema\/logo\/image\/","url":"https:\/\/equidash.eu\/wp-content\/uploads\/2024\/09\/EQUIDASH_Logo_Raud-1.png","contentUrl":"https:\/\/equidash.eu\/wp-content\/uploads\/2024\/09\/EQUIDASH_Logo_Raud-1.png","width":393,"height":422,"caption":"EquiDash"},"image":{"@id":"https:\/\/equidash.eu\/#\/schema\/logo\/image\/"},"sameAs":["https:\/\/www.facebook.com\/people\/EquiDash\/61560864479586\/","https:\/\/www.instagram.com\/equidash.eshop\/"],"email":"info@equidash.eu","telephone":"+372 59007334","legalName":"Takian Corporation O\u00dc","foundingDate":"2020-10-21","vatID":"EE102301283","numberOfEmployees":{"@type":"QuantitativeValue","minValue":"1","maxValue":"10"},"hasMerchantReturnPolicy":{"@type":"MerchantReturnPolicy","merchantReturnLink":"https:\/\/equidash.eu\/es\/return-privacy\/"}}]},"product_brand":"Cowboy Magic\u00ae","og_availability":"instock","product_availability":"instock","product_condition":"new"},"_links":{"self":[{"href":"https:\/\/equidash.eu\/es\/wp-json\/wp\/v2\/product\/1438","targetHints":{"allow":["GET"]}}],"collection":[{"href":"https:\/\/equidash.eu\/es\/wp-json\/wp\/v2\/product"}],"about":[{"href":"https:\/\/equidash.eu\/es\/wp-json\/wp\/v2\/types\/product"}],"wp:featuredmedia":[{"embeddable":true,"href":"https:\/\/equidash.eu\/es\/wp-json\/wp\/v2\/media\/1437"}],"wp:attachment":[{"href":"https:\/\/equidash.eu\/es\/wp-json\/wp\/v2\/media?parent=1438"}],"wp:term":[{"taxonomy":"product_brand","embeddable":true,"href":"https:\/\/equidash.eu\/es\/wp-json\/wp\/v2\/product_brand?post=1438"},{"taxonomy":"product_cat","embeddable":true,"href":"https:\/\/equidash.eu\/es\/wp-json\/wp\/v2\/product_cat?post=1438"},{"taxonomy":"product_tag","embeddable":true,"href":"https:\/\/equidash.eu\/es\/wp-json\/wp\/v2\/product_tag?post=1438"}],"curies":[{"name":"wp","href":"https:\/\/api.w.org\/{rel}","templated":true}]}}