{"id":1446,"date":"2024-12-17T16:40:57","date_gmt":"2024-12-17T14:40:57","guid":{"rendered":"https:\/\/equidash.eu\/?post_type=product&#038;p=1446"},"modified":"2025-07-21T17:18:16","modified_gmt":"2025-07-21T15:18:16","slug":"cowboy-magic-rosewater-shampoo","status":"publish","type":"product","link":"https:\/\/equidash.eu\/es\/shop\/horse\/cowboy-magic-rosewater-shampoo\/","title":{"rendered":"Cowboy Magic Rosewater Shampoo"},"content":{"rendered":"<p>El champ\u00fa concentrado de agua de rosa Cowboy Magic\u00ae con acondicionadores de seda es f\u00e1cil de usar. Disuelve suavemente la suciedad y limpia el cabello mientras acondiciona tanto el cabello como la piel. La f\u00f3rmula se enjuaga f\u00e1cilmente y se puede usar al 100% o diluir hasta 20:1. Su f\u00f3rmula de acci\u00f3n doble permite un uso suave al 100% sin causar da\u00f1os.<\/p>\n<ul>\n<li><strong data-redactor-tag=\"strong\">Funciona al instante:<\/strong>\u00a0Los ingredientes de acci\u00f3n r\u00e1pida descomponen la suciedad y las impurezas r\u00e1pidamente sin da\u00f1ar el cabello.<\/li>\n<li><strong data-redactor-tag=\"strong\">Es un acondicionador profundo:\u00a0<\/strong>El pantenol y la prote\u00edna de seda penetran en el cabello y acondicionan profundamente la piel, previniendo la sequedad.<\/li>\n<li><strong data-redactor-tag=\"strong\">Crea un brillo:<\/strong>\u00a0Las mol\u00e9culas de seda reflejan la luz del prisma, proporcionando al cabello un brillo rico y natural mientras restaura su belleza vibrante.<\/li>\n<li><strong data-redactor-tag=\"strong\">Se necesita una peque\u00f1a cantidad:<\/strong>\u00a0La f\u00f3rmula tiene una doble acci\u00f3n que permite un uso suave a plena potencia sin causar da\u00f1os.<\/li>\n<li><strong>F\u00e1cil de enjuagar:<\/strong> Although quick-release sudsing surfactants cost us more, they provide a fast and easy rinse action without buildup. As a result, you get more suds and less work because it is easier to rinse<\/li>\n<li><strong>Tambi\u00e9n funciona en personas:<\/strong> Our double-rich formula rivals some of the most popular and expensive &#8216;salon-only&#8217; shampoos on the market.<\/li>\n<\/ul>\n<p><strong data-redactor-tag=\"strong\"><em data-redactor-tag=\"em\">COWBOY MAGIC\u00ae ROSEWATER SHAMPOO ha sido probado contra alergias y revisado por dermat\u00f3logos!<\/em><\/strong><\/p>\n<p>ngredientes: Agua\/Aqua\/Eau, Lauril sulfato de sodio, Laureth sulfato de sodio, Cocamida MEA, Cloruro de sodio, Cocamidopropil Beta\u00edna, Perfume (Fragancia), Jugo de hoja de Aloe Barbadensis, Guar Hydroxypropyltrimonium Chloride, \u00c1cido este\u00e1rico, Prote\u00edna de seda hidrolizada, Acetato de tocoferilo, \u00c1cido c\u00edtrico, Pantenol, Metilcloroisotiazolinona\/Metilisotiazolinona, Tetrasodium EDTA, Amarillo #5 (CI 19140), Amarillo #6 (CI 15985), con extractos de*: Flor de Chamomilla Recutita (manzanilla), Rizoma\/ra\u00edz de Symphytum Officinale (consuelda), Miel*, Equisetum Arvense (cola de caballo), Urtica Dioica (ortiga), Hoja de Salvia Officinalis (salvia), Hoja de Mentha Piperita (menta), Flor de Rosa Centifolia (rosa)*, Hexyl Cinnamal.<\/p>\n<p><iframe loading=\"lazy\" title=\"Cowboy Magic - Shampoo &amp; Conditioner\" width=\"1020\" height=\"574\" src=\"https:\/\/www.youtube.com\/embed\/q2KapQKnssU?feature=oembed&#038;enablejsapi=1&#038;origin=https:\/\/equidash.eu\" frameborder=\"0\" allow=\"accelerometer; autoplay; clipboard-write; encrypted-media; gyroscope; picture-in-picture; web-share\" referrerpolicy=\"strict-origin-when-cross-origin\" allowfullscreen><\/iframe><\/p>","protected":false},"excerpt":{"rendered":"<p class=\"ai-optimize-22 ai-optimize-introduction\"><a href=\"https:\/\/equidash.eu\/es\/etiqueta-producto\/cowboy-magic\/\"><img decoding=\"async\" style=\"height: 60px; margin-top: 20px;\" src=\"https:\/\/equidash.eu\/wp-content\/uploads\/2024\/10\/Cowboy-Magic_Logo_Horiz_WEB_1204x630-1.png-1.png\" alt=\"\" \/><\/a><\/p>","protected":false},"featured_media":1451,"template":"","meta":{"_acf_changed":false,"_joinchat":[]},"product_brand":[513],"product_cat":[266,268,189,27,245,243],"product_tag":[287,293,292],"class_list":{"0":"post-1446","1":"product","2":"type-product","3":"status-publish","4":"has-post-thumbnail","6":"product_brand-cowboy-magic","7":"product_cat-dog","8":"product_cat-grooming-care","9":"product_cat-health-care-horse","10":"product_cat-horse","11":"product_cat-shampoos-conditioners","12":"product_cat-skin-mane-care","13":"product_tag-cowboy-magic","14":"product_tag-rosewater","15":"product_tag-shampoo","16":"pa_size-3785-ml","17":"pa_size-473-ml","18":"pa_size-946-ml","20":"first","21":"instock","22":"taxable","23":"shipping-taxable","24":"purchasable","25":"product-type-variable"},"acf":[],"yoast_head":"<!-- This site is optimized with the Yoast SEO Premium plugin v26.2 (Yoast SEO v27.2) - https:\/\/yoast.com\/product\/yoast-seo-premium-wordpress\/ -->\n<title>Cowboy Magic\u00ae Rosewater Shampoo | Parima hinnaga ratsavarustuse e-pood<\/title>\n<meta name=\"description\" content=\"Get ready for a luxurious hair care experience with Cowboy Magic\u00ae Rosewater Shampoo. Deeply condition your hair, prevent dryness, and enjoy a natural shine!\" \/>\n<meta name=\"robots\" content=\"index, follow, max-snippet:-1, max-image-preview:large, max-video-preview:-1\" \/>\n<link rel=\"canonical\" href=\"https:\/\/equidash.eu\/es\/shop\/caballo\/cowboy-magic-rosewater-shampoo\/\" \/>\n<meta property=\"og:locale\" content=\"es_ES\" \/>\n<meta property=\"og:type\" content=\"article\" \/>\n<meta property=\"og:title\" content=\"Cowboy Magic\u00ae Rosewater Shampoo\" \/>\n<meta property=\"og:description\" content=\"Get ready for a luxurious hair care experience with Cowboy Magic\u00ae Rosewater Shampoo. Deeply condition your hair, prevent dryness, and enjoy a natural shine!\" \/>\n<meta property=\"og:url\" content=\"https:\/\/equidash.eu\/es\/shop\/caballo\/cowboy-magic-rosewater-shampoo\/\" \/>\n<meta property=\"og:site_name\" content=\"Parima hinnaga ratsavarustuse e-pood\" \/>\n<meta property=\"article:publisher\" content=\"https:\/\/www.facebook.com\/people\/EquiDash\/61560864479586\/\" \/>\n<meta property=\"article:modified_time\" content=\"2025-07-21T15:18:16+00:00\" \/>\n<meta property=\"og:image\" content=\"https:\/\/equidash.eu\/wp-content\/uploads\/2024\/12\/RosewaterShampooCowboyMagic.png\" \/>\n\t<meta property=\"og:image:width\" content=\"1536\" \/>\n\t<meta property=\"og:image:height\" content=\"1536\" \/>\n\t<meta property=\"og:image:type\" content=\"image\/png\" \/>\n<meta name=\"twitter:card\" content=\"summary_large_image\" \/>\n<meta name=\"twitter:label1\" content=\"Disponibilidad\" \/>\n\t<meta name=\"twitter:data1\" content=\"Disponible\" \/>\n<script type=\"application\/ld+json\" class=\"yoast-schema-graph\">{\"@context\":\"https:\/\/schema.org\",\"@graph\":[{\"@type\":\"WebPage\",\"@id\":\"https:\/\/equidash.eu\/shop\/horse\/cowboy-magic-rosewater-shampoo\/\",\"url\":\"https:\/\/equidash.eu\/shop\/horse\/cowboy-magic-rosewater-shampoo\/\",\"name\":\"Cowboy Magic\u00ae Rosewater Shampoo | Parima hinnaga ratsavarustuse e-pood\",\"isPartOf\":{\"@id\":\"https:\/\/equidash.eu\/#website\"},\"primaryImageOfPage\":{\"@id\":\"https:\/\/equidash.eu\/shop\/horse\/cowboy-magic-rosewater-shampoo\/#primaryimage\"},\"image\":{\"@id\":\"https:\/\/equidash.eu\/shop\/horse\/cowboy-magic-rosewater-shampoo\/#primaryimage\"},\"thumbnailUrl\":\"https:\/\/equidash.eu\/wp-content\/uploads\/2024\/12\/RosewaterShampooCowboyMagic.png\",\"datePublished\":\"2024-12-17T14:40:57+00:00\",\"dateModified\":\"2025-07-21T15:18:16+00:00\",\"description\":\"Get ready for a luxurious hair care experience with Cowboy Magic\u00ae Rosewater Shampoo. Deeply condition your hair, prevent dryness, and enjoy a natural shine!\",\"breadcrumb\":{\"@id\":\"https:\/\/equidash.eu\/shop\/horse\/cowboy-magic-rosewater-shampoo\/#breadcrumb\"},\"inLanguage\":\"es\",\"potentialAction\":[{\"@type\":\"ReadAction\",\"target\":[\"https:\/\/equidash.eu\/shop\/horse\/cowboy-magic-rosewater-shampoo\/\"]}]},{\"@type\":\"ImageObject\",\"inLanguage\":\"es\",\"@id\":\"https:\/\/equidash.eu\/shop\/horse\/cowboy-magic-rosewater-shampoo\/#primaryimage\",\"url\":\"https:\/\/equidash.eu\/wp-content\/uploads\/2024\/12\/RosewaterShampooCowboyMagic.png\",\"contentUrl\":\"https:\/\/equidash.eu\/wp-content\/uploads\/2024\/12\/RosewaterShampooCowboyMagic.png\",\"width\":1536,\"height\":1536,\"caption\":\"Cowboy Magic\u00ae Concentrated Rosewater Shampoo \u2013 Nourish and cleanse with a gentle, double-action formula.\"},{\"@type\":\"BreadcrumbList\",\"@id\":\"https:\/\/equidash.eu\/shop\/horse\/cowboy-magic-rosewater-shampoo\/#breadcrumb\",\"itemListElement\":[{\"@type\":\"ListItem\",\"position\":1,\"name\":\"Home\",\"item\":\"https:\/\/equidash.eu\/\"},{\"@type\":\"ListItem\",\"position\":2,\"name\":\"Shop\",\"item\":\"https:\/\/equidash.eu\/shop\/\"},{\"@type\":\"ListItem\",\"position\":3,\"name\":\"Cowboy Magic\u00ae Rosewater Shampoo\"}]},{\"@type\":\"WebSite\",\"@id\":\"https:\/\/equidash.eu\/#website\",\"url\":\"https:\/\/equidash.eu\/\",\"name\":\"EquiDash\",\"description\":\"Horse Riding Equipment and Accessories\",\"publisher\":{\"@id\":\"https:\/\/equidash.eu\/#organization\"},\"alternateName\":\"EquiDash\",\"potentialAction\":[{\"@type\":\"SearchAction\",\"target\":{\"@type\":\"EntryPoint\",\"urlTemplate\":\"https:\/\/equidash.eu\/?s={search_term_string}\"},\"query-input\":{\"@type\":\"PropertyValueSpecification\",\"valueRequired\":true,\"valueName\":\"search_term_string\"}}],\"inLanguage\":\"es\"},{\"@type\":\"Organization\",\"@id\":\"https:\/\/equidash.eu\/#organization\",\"name\":\"EquiDash\",\"alternateName\":\"EquiDash\",\"url\":\"https:\/\/equidash.eu\/\",\"logo\":{\"@type\":\"ImageObject\",\"inLanguage\":\"es\",\"@id\":\"https:\/\/equidash.eu\/#\/schema\/logo\/image\/\",\"url\":\"https:\/\/equidash.eu\/wp-content\/uploads\/2024\/09\/EQUIDASH_Logo_Raud-1.png\",\"contentUrl\":\"https:\/\/equidash.eu\/wp-content\/uploads\/2024\/09\/EQUIDASH_Logo_Raud-1.png\",\"width\":393,\"height\":422,\"caption\":\"EquiDash\"},\"image\":{\"@id\":\"https:\/\/equidash.eu\/#\/schema\/logo\/image\/\"},\"sameAs\":[\"https:\/\/www.facebook.com\/people\/EquiDash\/61560864479586\/\",\"https:\/\/www.instagram.com\/equidash.eshop\/\"],\"email\":\"info@equidash.eu\",\"telephone\":\"+372 59007334\",\"legalName\":\"Takian Corporation O\u00dc\",\"foundingDate\":\"2020-10-21\",\"vatID\":\"EE102301283\",\"numberOfEmployees\":{\"@type\":\"QuantitativeValue\",\"minValue\":\"1\",\"maxValue\":\"10\"},\"hasMerchantReturnPolicy\":{\"@type\":\"MerchantReturnPolicy\",\"merchantReturnLink\":\"https:\/\/equidash.eu\/es\/return-privacy\/\"}}]}<\/script>\n<meta property=\"product:brand\" content=\"Cowboy Magic\u00ae\" \/>\n<meta property=\"og:availability\" content=\"instock\" \/>\n<meta property=\"product:availability\" content=\"instock\" \/>\n<meta property=\"product:condition\" content=\"new\" \/>\n<!-- \/ Yoast SEO Premium plugin. -->","yoast_head_json":{"title":"Cowboy Magic\u00ae Rosewater Shampoo | Parima hinnaga ratsavarustuse e-pood","description":"Get ready for a luxurious hair care experience with Cowboy Magic\u00ae Rosewater Shampoo. Deeply condition your hair, prevent dryness, and enjoy a natural shine!","robots":{"index":"index","follow":"follow","max-snippet":"max-snippet:-1","max-image-preview":"max-image-preview:large","max-video-preview":"max-video-preview:-1"},"canonical":"https:\/\/equidash.eu\/es\/shop\/caballo\/cowboy-magic-rosewater-shampoo\/","og_locale":"es_ES","og_type":"article","og_title":"Cowboy Magic\u00ae Rosewater Shampoo","og_description":"Get ready for a luxurious hair care experience with Cowboy Magic\u00ae Rosewater Shampoo. Deeply condition your hair, prevent dryness, and enjoy a natural shine!","og_url":"https:\/\/equidash.eu\/es\/shop\/caballo\/cowboy-magic-rosewater-shampoo\/","og_site_name":"Parima hinnaga ratsavarustuse e-pood","article_publisher":"https:\/\/www.facebook.com\/people\/EquiDash\/61560864479586\/","article_modified_time":"2025-07-21T15:18:16+00:00","og_image":[{"width":1536,"height":1536,"url":"https:\/\/equidash.eu\/wp-content\/uploads\/2024\/12\/RosewaterShampooCowboyMagic.png","type":"image\/png"}],"twitter_card":"summary_large_image","twitter_misc":{"Disponibilidad":"Disponible"},"schema":{"@context":"https:\/\/schema.org","@graph":[{"@type":"WebPage","@id":"https:\/\/equidash.eu\/shop\/horse\/cowboy-magic-rosewater-shampoo\/","url":"https:\/\/equidash.eu\/shop\/horse\/cowboy-magic-rosewater-shampoo\/","name":"Cowboy Magic\u00ae Rosewater Shampoo | Parima hinnaga ratsavarustuse e-pood","isPartOf":{"@id":"https:\/\/equidash.eu\/#website"},"primaryImageOfPage":{"@id":"https:\/\/equidash.eu\/shop\/horse\/cowboy-magic-rosewater-shampoo\/#primaryimage"},"image":{"@id":"https:\/\/equidash.eu\/shop\/horse\/cowboy-magic-rosewater-shampoo\/#primaryimage"},"thumbnailUrl":"https:\/\/equidash.eu\/wp-content\/uploads\/2024\/12\/RosewaterShampooCowboyMagic.png","datePublished":"2024-12-17T14:40:57+00:00","dateModified":"2025-07-21T15:18:16+00:00","description":"Get ready for a luxurious hair care experience with Cowboy Magic\u00ae Rosewater Shampoo. Deeply condition your hair, prevent dryness, and enjoy a natural shine!","breadcrumb":{"@id":"https:\/\/equidash.eu\/shop\/horse\/cowboy-magic-rosewater-shampoo\/#breadcrumb"},"inLanguage":"es","potentialAction":[{"@type":"ReadAction","target":["https:\/\/equidash.eu\/shop\/horse\/cowboy-magic-rosewater-shampoo\/"]}]},{"@type":"ImageObject","inLanguage":"es","@id":"https:\/\/equidash.eu\/shop\/horse\/cowboy-magic-rosewater-shampoo\/#primaryimage","url":"https:\/\/equidash.eu\/wp-content\/uploads\/2024\/12\/RosewaterShampooCowboyMagic.png","contentUrl":"https:\/\/equidash.eu\/wp-content\/uploads\/2024\/12\/RosewaterShampooCowboyMagic.png","width":1536,"height":1536,"caption":"Cowboy Magic\u00ae Concentrated Rosewater Shampoo \u2013 Nourish and cleanse with a gentle, double-action formula."},{"@type":"BreadcrumbList","@id":"https:\/\/equidash.eu\/shop\/horse\/cowboy-magic-rosewater-shampoo\/#breadcrumb","itemListElement":[{"@type":"ListItem","position":1,"name":"Home","item":"https:\/\/equidash.eu\/"},{"@type":"ListItem","position":2,"name":"Shop","item":"https:\/\/equidash.eu\/shop\/"},{"@type":"ListItem","position":3,"name":"Cowboy Magic\u00ae Rosewater Shampoo"}]},{"@type":"WebSite","@id":"https:\/\/equidash.eu\/#website","url":"https:\/\/equidash.eu\/","name":"EquiDash","description":"Horse Riding Equipment and Accessories","publisher":{"@id":"https:\/\/equidash.eu\/#organization"},"alternateName":"EquiDash","potentialAction":[{"@type":"SearchAction","target":{"@type":"EntryPoint","urlTemplate":"https:\/\/equidash.eu\/?s={search_term_string}"},"query-input":{"@type":"PropertyValueSpecification","valueRequired":true,"valueName":"search_term_string"}}],"inLanguage":"es"},{"@type":"Organization","@id":"https:\/\/equidash.eu\/#organization","name":"EquiDash","alternateName":"EquiDash","url":"https:\/\/equidash.eu\/","logo":{"@type":"ImageObject","inLanguage":"es","@id":"https:\/\/equidash.eu\/#\/schema\/logo\/image\/","url":"https:\/\/equidash.eu\/wp-content\/uploads\/2024\/09\/EQUIDASH_Logo_Raud-1.png","contentUrl":"https:\/\/equidash.eu\/wp-content\/uploads\/2024\/09\/EQUIDASH_Logo_Raud-1.png","width":393,"height":422,"caption":"EquiDash"},"image":{"@id":"https:\/\/equidash.eu\/#\/schema\/logo\/image\/"},"sameAs":["https:\/\/www.facebook.com\/people\/EquiDash\/61560864479586\/","https:\/\/www.instagram.com\/equidash.eshop\/"],"email":"info@equidash.eu","telephone":"+372 59007334","legalName":"Takian Corporation O\u00dc","foundingDate":"2020-10-21","vatID":"EE102301283","numberOfEmployees":{"@type":"QuantitativeValue","minValue":"1","maxValue":"10"},"hasMerchantReturnPolicy":{"@type":"MerchantReturnPolicy","merchantReturnLink":"https:\/\/equidash.eu\/es\/return-privacy\/"}}]},"product_brand":"Cowboy Magic\u00ae","og_availability":"instock","product_availability":"instock","product_condition":"new"},"_links":{"self":[{"href":"https:\/\/equidash.eu\/es\/wp-json\/wp\/v2\/product\/1446","targetHints":{"allow":["GET"]}}],"collection":[{"href":"https:\/\/equidash.eu\/es\/wp-json\/wp\/v2\/product"}],"about":[{"href":"https:\/\/equidash.eu\/es\/wp-json\/wp\/v2\/types\/product"}],"wp:featuredmedia":[{"embeddable":true,"href":"https:\/\/equidash.eu\/es\/wp-json\/wp\/v2\/media\/1451"}],"wp:attachment":[{"href":"https:\/\/equidash.eu\/es\/wp-json\/wp\/v2\/media?parent=1446"}],"wp:term":[{"taxonomy":"product_brand","embeddable":true,"href":"https:\/\/equidash.eu\/es\/wp-json\/wp\/v2\/product_brand?post=1446"},{"taxonomy":"product_cat","embeddable":true,"href":"https:\/\/equidash.eu\/es\/wp-json\/wp\/v2\/product_cat?post=1446"},{"taxonomy":"product_tag","embeddable":true,"href":"https:\/\/equidash.eu\/es\/wp-json\/wp\/v2\/product_tag?post=1446"}],"curies":[{"name":"wp","href":"https:\/\/api.w.org\/{rel}","templated":true}]}}