{"id":1485,"date":"2024-12-17T22:27:55","date_gmt":"2024-12-17T20:27:55","guid":{"rendered":"https:\/\/equidash.eu\/?post_type=product&#038;p=1485"},"modified":"2025-03-31T20:05:56","modified_gmt":"2025-03-31T18:05:56","slug":"mountain-horse-unisex-protect-overall","status":"publish","type":"product","link":"https:\/\/equidash.eu\/es\/shop\/rider\/mountain-horse-unisex-protect-overall\/","title":{"rendered":"Mono de equitaci\u00f3n unisex Protect Overall Mountain Horse"},"content":{"rendered":"<p>Traje unisex funcional, c\u00e1lido y acolchado, impermeable y cortaviento.\nParches en todo el cuerpo con agarre duradero, detalles reflectantes y capucha desmontable.<\/p>\n<p>Cremalleras largas en las piernas y cintura el\u00e1stica.<\/p>\n<p>Los amplios bolsillos con solapa en las piernas ofrecen suficiente espacio de almacenamiento para art\u00edculos esenciales. Adem\u00e1s, el bolsillo interior con cierre de cremallera garantiza la seguridad de sus objetos de valor. El cintur\u00f3n el\u00e1stico en la cintura es ajustable y extra\u00edble.<\/p>\n<p>Finalmente, el Mountain Horse Unisex Protect Overall cuenta con un acolchado grueso, suave y c\u00e1lido de poli\u00e9ster que proporciona un confort y calor lujosos. Para mejorar la funcionalidad y la durabilidad, la tela de agarre resistente refuerza el asiento completo.<\/p>\n<ul class=\"mb-30\">\n<li>Tejido W.P.S 5000 impermeable y cortaviento de gran transpirabilidad.<\/li>\n<li>Altamente transpirable<\/li>\n<li>Costuras totalmente selladas<\/li>\n<li>Asiento completo parcheado con tejido de agarre duradero<\/li>\n<li>Asiento completo parcheado con tejido de agarre duradero<\/li>\n<li>Cintura el\u00e1stica<\/li>\n<li>Cremalleras largas en el lateral de la pierna<\/li>\n<li>Bolsillos de f\u00e1cil acceso en el pecho con punto cepillado poly contra la palma<\/li>\n<li>Bolsillo interior con cremallera<\/li>\n<li>Capucha desmontable y ajustable<\/li>\n<li>Manga precurvada<\/li>\n<li>Extremo de la manga ajustable con velcro<\/li>\n<li>Pu\u00f1o interior el\u00e1stico en la parte inferior de la manga<\/li>\n<li>Tiras el\u00e1sticas ajustables\/extra\u00edbles en la parte inferior de la pierna<\/li>\n<li>Logo reflectante en la manga izquierda<\/li>\n<\/ul>\n<p>La marca sueca Mountain Horse es uno de los nombres m\u00e1s conocidos en el mundo ecuestre y ha ganado una inmensa popularidad entre los jinetes, gracias a su dise\u00f1o funcional adaptado a los climas n\u00f3rdicos. La sostenibilidad es un principio fundamental que recorre toda la operaci\u00f3n, tanto en t\u00e9rminos de pr\u00e1cticas humanas como de consideraciones medioambientales, lo que hace que Mountain Horse sea tan querido hoy como lo fue hace 30 a\u00f1os.<\/p>","protected":false},"excerpt":{"rendered":"<p><a href=\"https:\/\/equidash.eu\/es\/etiqueta-producto\/mountain-horse\/\"><img decoding=\"async\" style=\"height: 60px; margin-top: 20px;\" src=\"https:\/\/equidash.eu\/wp-content\/uploads\/2024\/10\/Mountain-Horse-1.png\" alt=\"\" \/><\/a><\/p>","protected":false},"featured_media":1490,"template":"","meta":{"_acf_changed":false,"_joinchat":[]},"product_brand":[505],"product_cat":[207,264,263,22,203,206],"product_tag":[18,295,294,297],"class_list":{"0":"post-1485","1":"product","2":"type-product","3":"status-publish","4":"has-post-thumbnail","6":"product_brand-mountain-horse","7":"product_cat-coats-jackets-women-riding-clothing-rider","8":"product_cat-coats-jackets-men-riding-clothing-rider","9":"product_cat-men-riding-clothing-rider","10":"product_cat-rider","11":"product_cat-riding-clothing-rider","12":"product_cat-women-riding-clothing-rider","13":"product_tag-mountain-horse","14":"product_tag-overall","15":"product_tag-unisex","16":"product_tag-winter","17":"pa_colors-black","18":"pa_colors-blue","19":"pa_colors-red","20":"pa_size-l","21":"pa_size-m","22":"pa_size-s","23":"pa_size-xl","24":"pa_size-xs","25":"pa_size-xxl","26":"pa_size-xxs","28":"first","29":"onbackorder","30":"taxable","31":"shipping-taxable","32":"purchasable","33":"product-type-variable"},"acf":[],"yoast_head":"<!-- This site is optimized with the Yoast SEO Premium plugin v26.2 (Yoast SEO v27.2) - https:\/\/yoast.com\/product\/yoast-seo-premium-wordpress\/ -->\n<title>Mountain Horse Unisex Protect Overall | Parima hinnaga ratsavarustuse e-pood<\/title>\n<meta name=\"description\" content=\"Experience ultimate comfort and functionality with the Mountain Horse Unisex Protect Overall. Stay warm and dry in any weather. Order now!\" \/>\n<meta name=\"robots\" content=\"index, follow, max-snippet:-1, max-image-preview:large, max-video-preview:-1\" \/>\n<link rel=\"canonical\" href=\"https:\/\/equidash.eu\/es\/shop\/jinete\/mountain-horse-unisex-protect-overall\/\" \/>\n<meta property=\"og:locale\" content=\"es_ES\" \/>\n<meta property=\"og:type\" content=\"article\" \/>\n<meta property=\"og:title\" content=\"Mountain Horse Unisex Protect Overall\" \/>\n<meta property=\"og:description\" content=\"Experience ultimate comfort and functionality with the Mountain Horse Unisex Protect Overall. Stay warm and dry in any weather. Order now!\" \/>\n<meta property=\"og:url\" content=\"https:\/\/equidash.eu\/es\/shop\/jinete\/mountain-horse-unisex-protect-overall\/\" \/>\n<meta property=\"og:site_name\" content=\"Parima hinnaga ratsavarustuse e-pood\" \/>\n<meta property=\"article:publisher\" content=\"https:\/\/www.facebook.com\/people\/EquiDash\/61560864479586\/\" \/>\n<meta property=\"article:modified_time\" content=\"2025-03-31T18:05:56+00:00\" \/>\n<meta property=\"og:image\" content=\"https:\/\/equidash.eu\/wp-content\/uploads\/2024\/12\/MH_Protect-Overall_Black-1.png\" \/>\n\t<meta property=\"og:image:width\" content=\"2048\" \/>\n\t<meta property=\"og:image:height\" content=\"2048\" \/>\n\t<meta property=\"og:image:type\" content=\"image\/png\" \/>\n<meta name=\"twitter:card\" content=\"summary_large_image\" \/>\n<meta name=\"twitter:label1\" content=\"Disponibilidad\" \/>\n\t<meta name=\"twitter:data1\" content=\"Disponible para reservar\" \/>\n<script type=\"application\/ld+json\" class=\"yoast-schema-graph\">{\"@context\":\"https:\/\/schema.org\",\"@graph\":[{\"@type\":\"WebPage\",\"@id\":\"https:\/\/equidash.eu\/shop\/rider\/mountain-horse-unisex-protect-overall\/\",\"url\":\"https:\/\/equidash.eu\/shop\/rider\/mountain-horse-unisex-protect-overall\/\",\"name\":\"Mountain Horse Unisex Protect Overall | Parima hinnaga ratsavarustuse e-pood\",\"isPartOf\":{\"@id\":\"https:\/\/equidash.eu\/#website\"},\"primaryImageOfPage\":{\"@id\":\"https:\/\/equidash.eu\/shop\/rider\/mountain-horse-unisex-protect-overall\/#primaryimage\"},\"image\":{\"@id\":\"https:\/\/equidash.eu\/shop\/rider\/mountain-horse-unisex-protect-overall\/#primaryimage\"},\"thumbnailUrl\":\"https:\/\/equidash.eu\/wp-content\/uploads\/2024\/12\/MH_Protect-Overall_Black-1.png\",\"datePublished\":\"2024-12-17T20:27:55+00:00\",\"dateModified\":\"2025-03-31T18:05:56+00:00\",\"description\":\"Experience ultimate comfort and functionality with the Mountain Horse Unisex Protect Overall. Stay warm and dry in any weather. Order now!\",\"breadcrumb\":{\"@id\":\"https:\/\/equidash.eu\/shop\/rider\/mountain-horse-unisex-protect-overall\/#breadcrumb\"},\"inLanguage\":\"es\",\"potentialAction\":[{\"@type\":\"ReadAction\",\"target\":[\"https:\/\/equidash.eu\/shop\/rider\/mountain-horse-unisex-protect-overall\/\"]}]},{\"@type\":\"ImageObject\",\"inLanguage\":\"es\",\"@id\":\"https:\/\/equidash.eu\/shop\/rider\/mountain-horse-unisex-protect-overall\/#primaryimage\",\"url\":\"https:\/\/equidash.eu\/wp-content\/uploads\/2024\/12\/MH_Protect-Overall_Black-1.png\",\"contentUrl\":\"https:\/\/equidash.eu\/wp-content\/uploads\/2024\/12\/MH_Protect-Overall_Black-1.png\",\"width\":2048,\"height\":2048,\"caption\":\"Stay warm and dry with the Mountain Horse Unisex Protect Overall, designed for functionality and comfort in all conditions. Black, front\"},{\"@type\":\"BreadcrumbList\",\"@id\":\"https:\/\/equidash.eu\/shop\/rider\/mountain-horse-unisex-protect-overall\/#breadcrumb\",\"itemListElement\":[{\"@type\":\"ListItem\",\"position\":1,\"name\":\"Home\",\"item\":\"https:\/\/equidash.eu\/\"},{\"@type\":\"ListItem\",\"position\":2,\"name\":\"Shop\",\"item\":\"https:\/\/equidash.eu\/shop\/\"},{\"@type\":\"ListItem\",\"position\":3,\"name\":\"Mountain Horse Unisex Protect Overall\"}]},{\"@type\":\"WebSite\",\"@id\":\"https:\/\/equidash.eu\/#website\",\"url\":\"https:\/\/equidash.eu\/\",\"name\":\"EquiDash\",\"description\":\"Horse Riding Equipment and Accessories\",\"publisher\":{\"@id\":\"https:\/\/equidash.eu\/#organization\"},\"alternateName\":\"EquiDash\",\"potentialAction\":[{\"@type\":\"SearchAction\",\"target\":{\"@type\":\"EntryPoint\",\"urlTemplate\":\"https:\/\/equidash.eu\/?s={search_term_string}\"},\"query-input\":{\"@type\":\"PropertyValueSpecification\",\"valueRequired\":true,\"valueName\":\"search_term_string\"}}],\"inLanguage\":\"es\"},{\"@type\":\"Organization\",\"@id\":\"https:\/\/equidash.eu\/#organization\",\"name\":\"EquiDash\",\"alternateName\":\"EquiDash\",\"url\":\"https:\/\/equidash.eu\/\",\"logo\":{\"@type\":\"ImageObject\",\"inLanguage\":\"es\",\"@id\":\"https:\/\/equidash.eu\/#\/schema\/logo\/image\/\",\"url\":\"https:\/\/equidash.eu\/wp-content\/uploads\/2024\/09\/EQUIDASH_Logo_Raud-1.png\",\"contentUrl\":\"https:\/\/equidash.eu\/wp-content\/uploads\/2024\/09\/EQUIDASH_Logo_Raud-1.png\",\"width\":393,\"height\":422,\"caption\":\"EquiDash\"},\"image\":{\"@id\":\"https:\/\/equidash.eu\/#\/schema\/logo\/image\/\"},\"sameAs\":[\"https:\/\/www.facebook.com\/people\/EquiDash\/61560864479586\/\",\"https:\/\/www.instagram.com\/equidash.eshop\/\"],\"email\":\"info@equidash.eu\",\"telephone\":\"+372 59007334\",\"legalName\":\"Takian Corporation O\u00dc\",\"foundingDate\":\"2020-10-21\",\"vatID\":\"EE102301283\",\"numberOfEmployees\":{\"@type\":\"QuantitativeValue\",\"minValue\":\"1\",\"maxValue\":\"10\"},\"hasMerchantReturnPolicy\":{\"@type\":\"MerchantReturnPolicy\",\"merchantReturnLink\":\"https:\/\/equidash.eu\/es\/return-privacy\/\"}}]}<\/script>\n<meta property=\"product:brand\" content=\"Mountain Horse\" \/>\n<meta property=\"og:availability\" content=\"backorder\" \/>\n<meta property=\"product:availability\" content=\"available for order\" \/>\n<meta property=\"product:condition\" content=\"new\" \/>\n<!-- \/ Yoast SEO Premium plugin. -->","yoast_head_json":{"title":"Mountain Horse Unisex Protect Overall | Parima hinnaga ratsavarustuse e-pood","description":"Experience ultimate comfort and functionality with the Mountain Horse Unisex Protect Overall. Stay warm and dry in any weather. Order now!","robots":{"index":"index","follow":"follow","max-snippet":"max-snippet:-1","max-image-preview":"max-image-preview:large","max-video-preview":"max-video-preview:-1"},"canonical":"https:\/\/equidash.eu\/es\/shop\/jinete\/mountain-horse-unisex-protect-overall\/","og_locale":"es_ES","og_type":"article","og_title":"Mountain Horse Unisex Protect Overall","og_description":"Experience ultimate comfort and functionality with the Mountain Horse Unisex Protect Overall. Stay warm and dry in any weather. Order now!","og_url":"https:\/\/equidash.eu\/es\/shop\/jinete\/mountain-horse-unisex-protect-overall\/","og_site_name":"Parima hinnaga ratsavarustuse e-pood","article_publisher":"https:\/\/www.facebook.com\/people\/EquiDash\/61560864479586\/","article_modified_time":"2025-03-31T18:05:56+00:00","og_image":[{"width":2048,"height":2048,"url":"https:\/\/equidash.eu\/wp-content\/uploads\/2024\/12\/MH_Protect-Overall_Black-1.png","type":"image\/png"}],"twitter_card":"summary_large_image","twitter_misc":{"Disponibilidad":"Disponible para reservar"},"schema":{"@context":"https:\/\/schema.org","@graph":[{"@type":"WebPage","@id":"https:\/\/equidash.eu\/shop\/rider\/mountain-horse-unisex-protect-overall\/","url":"https:\/\/equidash.eu\/shop\/rider\/mountain-horse-unisex-protect-overall\/","name":"Mountain Horse Unisex Protect Overall | Parima hinnaga ratsavarustuse e-pood","isPartOf":{"@id":"https:\/\/equidash.eu\/#website"},"primaryImageOfPage":{"@id":"https:\/\/equidash.eu\/shop\/rider\/mountain-horse-unisex-protect-overall\/#primaryimage"},"image":{"@id":"https:\/\/equidash.eu\/shop\/rider\/mountain-horse-unisex-protect-overall\/#primaryimage"},"thumbnailUrl":"https:\/\/equidash.eu\/wp-content\/uploads\/2024\/12\/MH_Protect-Overall_Black-1.png","datePublished":"2024-12-17T20:27:55+00:00","dateModified":"2025-03-31T18:05:56+00:00","description":"Experience ultimate comfort and functionality with the Mountain Horse Unisex Protect Overall. Stay warm and dry in any weather. Order now!","breadcrumb":{"@id":"https:\/\/equidash.eu\/shop\/rider\/mountain-horse-unisex-protect-overall\/#breadcrumb"},"inLanguage":"es","potentialAction":[{"@type":"ReadAction","target":["https:\/\/equidash.eu\/shop\/rider\/mountain-horse-unisex-protect-overall\/"]}]},{"@type":"ImageObject","inLanguage":"es","@id":"https:\/\/equidash.eu\/shop\/rider\/mountain-horse-unisex-protect-overall\/#primaryimage","url":"https:\/\/equidash.eu\/wp-content\/uploads\/2024\/12\/MH_Protect-Overall_Black-1.png","contentUrl":"https:\/\/equidash.eu\/wp-content\/uploads\/2024\/12\/MH_Protect-Overall_Black-1.png","width":2048,"height":2048,"caption":"Stay warm and dry with the Mountain Horse Unisex Protect Overall, designed for functionality and comfort in all conditions. Black, front"},{"@type":"BreadcrumbList","@id":"https:\/\/equidash.eu\/shop\/rider\/mountain-horse-unisex-protect-overall\/#breadcrumb","itemListElement":[{"@type":"ListItem","position":1,"name":"Home","item":"https:\/\/equidash.eu\/"},{"@type":"ListItem","position":2,"name":"Shop","item":"https:\/\/equidash.eu\/shop\/"},{"@type":"ListItem","position":3,"name":"Mountain Horse Unisex Protect Overall"}]},{"@type":"WebSite","@id":"https:\/\/equidash.eu\/#website","url":"https:\/\/equidash.eu\/","name":"EquiDash","description":"Horse Riding Equipment and Accessories","publisher":{"@id":"https:\/\/equidash.eu\/#organization"},"alternateName":"EquiDash","potentialAction":[{"@type":"SearchAction","target":{"@type":"EntryPoint","urlTemplate":"https:\/\/equidash.eu\/?s={search_term_string}"},"query-input":{"@type":"PropertyValueSpecification","valueRequired":true,"valueName":"search_term_string"}}],"inLanguage":"es"},{"@type":"Organization","@id":"https:\/\/equidash.eu\/#organization","name":"EquiDash","alternateName":"EquiDash","url":"https:\/\/equidash.eu\/","logo":{"@type":"ImageObject","inLanguage":"es","@id":"https:\/\/equidash.eu\/#\/schema\/logo\/image\/","url":"https:\/\/equidash.eu\/wp-content\/uploads\/2024\/09\/EQUIDASH_Logo_Raud-1.png","contentUrl":"https:\/\/equidash.eu\/wp-content\/uploads\/2024\/09\/EQUIDASH_Logo_Raud-1.png","width":393,"height":422,"caption":"EquiDash"},"image":{"@id":"https:\/\/equidash.eu\/#\/schema\/logo\/image\/"},"sameAs":["https:\/\/www.facebook.com\/people\/EquiDash\/61560864479586\/","https:\/\/www.instagram.com\/equidash.eshop\/"],"email":"info@equidash.eu","telephone":"+372 59007334","legalName":"Takian Corporation O\u00dc","foundingDate":"2020-10-21","vatID":"EE102301283","numberOfEmployees":{"@type":"QuantitativeValue","minValue":"1","maxValue":"10"},"hasMerchantReturnPolicy":{"@type":"MerchantReturnPolicy","merchantReturnLink":"https:\/\/equidash.eu\/es\/return-privacy\/"}}]},"product_brand":"Mountain Horse","og_availability":"backorder","product_availability":"available for order","product_condition":"new"},"_links":{"self":[{"href":"https:\/\/equidash.eu\/es\/wp-json\/wp\/v2\/product\/1485","targetHints":{"allow":["GET"]}}],"collection":[{"href":"https:\/\/equidash.eu\/es\/wp-json\/wp\/v2\/product"}],"about":[{"href":"https:\/\/equidash.eu\/es\/wp-json\/wp\/v2\/types\/product"}],"wp:featuredmedia":[{"embeddable":true,"href":"https:\/\/equidash.eu\/es\/wp-json\/wp\/v2\/media\/1490"}],"wp:attachment":[{"href":"https:\/\/equidash.eu\/es\/wp-json\/wp\/v2\/media?parent=1485"}],"wp:term":[{"taxonomy":"product_brand","embeddable":true,"href":"https:\/\/equidash.eu\/es\/wp-json\/wp\/v2\/product_brand?post=1485"},{"taxonomy":"product_cat","embeddable":true,"href":"https:\/\/equidash.eu\/es\/wp-json\/wp\/v2\/product_cat?post=1485"},{"taxonomy":"product_tag","embeddable":true,"href":"https:\/\/equidash.eu\/es\/wp-json\/wp\/v2\/product_tag?post=1485"}],"curies":[{"name":"wp","href":"https:\/\/api.w.org\/{rel}","templated":true}]}}