{"id":1538,"date":"2024-12-18T15:17:55","date_gmt":"2024-12-18T13:17:55","guid":{"rendered":"https:\/\/equidash.eu\/?post_type=product&#038;p=1538"},"modified":"2025-03-31T19:47:36","modified_gmt":"2025-03-31T17:47:36","slug":"mountain-horse-ember-womens-2-in-1-coat","status":"publish","type":"product","link":"https:\/\/equidash.eu\/es\/shop\/rider\/mountain-horse-ember-womens-2-in-1-coat\/","title":{"rendered":"Ember abrigo 2-en-1 para mujeres Mountain Horse"},"content":{"rendered":"<p>\u00bfConoces esos d\u00edas en los que no puedes decidir entre un abrigo y una chaqueta? \u00a1Entonces esta es la soluci\u00f3n perfecta para ti! La chaqueta funcional y c\u00e1lidamente acolchada se puede convertir f\u00e1cilmente en un abrigo largo o en una chaqueta m\u00e1s corta.<\/p>\n<p>Los espaciosos bolsillos c\u00e1lidos y la capucha desmontable aumentan su practicidad, convirti\u00e9ndolo en la elecci\u00f3n ideal para esos d\u00edas en los que no puedes decidir entre un abrigo y una chaqueta.<\/p>\n<ul>\n<li>Tejido impermeable y a prueba de viento W.P.S 5000<\/li>\n<li>Costuras totalmente selladas<\/li>\n<li>Falda desmontable con cremallera en la cintura<\/li>\n<li>Cremallera frontal YKK\u00ae bidireccional<\/li>\n<li>Cinta reflectante en la manga y las piezas<\/li>\n<li>Aberturas laterales con botones a presi\u00f3n, cubiertas por dentro y por fuera para evitar ara\u00f1azos<\/li>\n<li>Easy access pockets at chest with brushed poly tricot against palm<\/li>\n<li>Roomy front pockets on jacket and skirt<\/li>\n<li>Napoleon pocket with zip<\/li>\n<li>Protective front plackets<\/li>\n<li>Capucha desmontable y ajustable.<\/li>\n<li>Manga precurvada<\/li>\n<li>Extremo de la manga ajustable con velcro<\/li>\n<li>Pu\u00f1o interior el\u00e1stico en la parte inferior de la manga<\/li>\n<li>Placa cuadrada con logotipo esmaltado brillante en la manga<\/li>\n<li>Logotipo bordado en la solapa interior delantera<\/li>\n<li>Asiento completo parcheado con tejido de agarre duradero<\/li>\n<\/ul>\n<p>La marca sueca Mountain Horse es uno de los nombres m\u00e1s conocidos en el mundo ecuestre y ha ganado una inmensa popularidad entre los jinetes, gracias a su dise\u00f1o funcional adaptado a los climas n\u00f3rdicos. La sostenibilidad es un principio fundamental que recorre toda la operaci\u00f3n, tanto en t\u00e9rminos de pr\u00e1cticas humanas como de consideraciones medioambientales, lo que hace que Mountain Horse sea tan querido hoy como lo fue hace 30 a\u00f1os.<\/p>","protected":false},"excerpt":{"rendered":"<p><a href=\"https:\/\/equidash.eu\/es\/etiqueta-producto\/mountain-horse\/\"><img decoding=\"async\" style=\"height: 60px; margin-top: 20px;\" src=\"https:\/\/equidash.eu\/wp-content\/uploads\/2024\/10\/Mountain-Horse-1.png\" alt=\"\" \/><\/a><\/p>","protected":false},"featured_media":1553,"template":"","meta":{"_acf_changed":false,"_joinchat":[]},"product_brand":[505],"product_cat":[207,22,203,206],"product_tag":[298,18,297,299],"class_list":{"0":"post-1538","1":"product","2":"type-product","3":"status-publish","4":"has-post-thumbnail","6":"product_brand-mountain-horse","7":"product_cat-coats-jackets-women-riding-clothing-rider","8":"product_cat-rider","9":"product_cat-riding-clothing-rider","10":"product_cat-women-riding-clothing-rider","11":"product_tag-2in1-coat","12":"product_tag-mountain-horse","13":"product_tag-winter","14":"product_tag-winter-coat","15":"pa_colors-black","16":"pa_colors-navy","17":"pa_size-l","18":"pa_size-m","19":"pa_size-s","20":"pa_size-xl","21":"pa_size-xs","22":"pa_size-xxl","24":"first","25":"onbackorder","26":"taxable","27":"shipping-taxable","28":"purchasable","29":"product-type-variable"},"acf":[],"yoast_head":"<!-- This site is optimized with the Yoast SEO Premium plugin v26.2 (Yoast SEO v27.2) - https:\/\/yoast.com\/product\/yoast-seo-premium-wordpress\/ -->\n<title>Mountain Horse Ember Women\u00b4s 2-in-1 Coat | Parima hinnaga ratsavarustuse e-pood<\/title>\n<meta name=\"description\" content=\"Stay warm and protected with the Mountain Horse Ember Women&#039;s 2-in-1 Coat. Switch effortlessly between a long coat and a shorter jacket. Get yours today!\" \/>\n<meta name=\"robots\" content=\"index, follow, max-snippet:-1, max-image-preview:large, max-video-preview:-1\" \/>\n<link rel=\"canonical\" href=\"https:\/\/equidash.eu\/es\/shop\/jinete\/mountain-horse-ember-womens-2-in-1-coat\/\" \/>\n<meta property=\"og:locale\" content=\"es_ES\" \/>\n<meta property=\"og:type\" content=\"article\" \/>\n<meta property=\"og:title\" content=\"Mountain Horse Ember Women\u00b4s 2-in-1 Coat\" \/>\n<meta property=\"og:description\" content=\"Stay warm and protected with the Mountain Horse Ember Women&#039;s 2-in-1 Coat. Switch effortlessly between a long coat and a shorter jacket. Get yours today!\" \/>\n<meta property=\"og:url\" content=\"https:\/\/equidash.eu\/es\/shop\/jinete\/mountain-horse-ember-womens-2-in-1-coat\/\" \/>\n<meta property=\"og:site_name\" content=\"Parima hinnaga ratsavarustuse e-pood\" \/>\n<meta property=\"article:publisher\" content=\"https:\/\/www.facebook.com\/people\/EquiDash\/61560864479586\/\" \/>\n<meta property=\"article:modified_time\" content=\"2025-03-31T17:47:36+00:00\" \/>\n<meta property=\"og:image\" content=\"https:\/\/equidash.eu\/wp-content\/uploads\/2024\/12\/Mountain-Horse_Coat_2in1_Ember_Black.jpg\" \/>\n\t<meta property=\"og:image:width\" content=\"1600\" \/>\n\t<meta property=\"og:image:height\" content=\"2400\" \/>\n\t<meta property=\"og:image:type\" content=\"image\/jpeg\" \/>\n<meta name=\"twitter:card\" content=\"summary_large_image\" \/>\n<meta name=\"twitter:label1\" content=\"Disponibilidad\" \/>\n\t<meta name=\"twitter:data1\" content=\"Disponible para reservar\" \/>\n<script type=\"application\/ld+json\" class=\"yoast-schema-graph\">{\"@context\":\"https:\/\/schema.org\",\"@graph\":[{\"@type\":\"WebPage\",\"@id\":\"https:\/\/equidash.eu\/shop\/rider\/mountain-horse-ember-womens-2-in-1-coat\/\",\"url\":\"https:\/\/equidash.eu\/shop\/rider\/mountain-horse-ember-womens-2-in-1-coat\/\",\"name\":\"Mountain Horse Ember Women\u00b4s 2-in-1 Coat | Parima hinnaga ratsavarustuse e-pood\",\"isPartOf\":{\"@id\":\"https:\/\/equidash.eu\/#website\"},\"primaryImageOfPage\":{\"@id\":\"https:\/\/equidash.eu\/shop\/rider\/mountain-horse-ember-womens-2-in-1-coat\/#primaryimage\"},\"image\":{\"@id\":\"https:\/\/equidash.eu\/shop\/rider\/mountain-horse-ember-womens-2-in-1-coat\/#primaryimage\"},\"thumbnailUrl\":\"https:\/\/equidash.eu\/wp-content\/uploads\/2024\/12\/Mountain-Horse_Coat_2in1_Ember_Black.jpg\",\"datePublished\":\"2024-12-18T13:17:55+00:00\",\"dateModified\":\"2025-03-31T17:47:36+00:00\",\"description\":\"Stay warm and protected with the Mountain Horse Ember Women's 2-in-1 Coat. Switch effortlessly between a long coat and a shorter jacket. Get yours today!\",\"breadcrumb\":{\"@id\":\"https:\/\/equidash.eu\/shop\/rider\/mountain-horse-ember-womens-2-in-1-coat\/#breadcrumb\"},\"inLanguage\":\"es\",\"potentialAction\":[{\"@type\":\"ReadAction\",\"target\":[\"https:\/\/equidash.eu\/shop\/rider\/mountain-horse-ember-womens-2-in-1-coat\/\"]}]},{\"@type\":\"ImageObject\",\"inLanguage\":\"es\",\"@id\":\"https:\/\/equidash.eu\/shop\/rider\/mountain-horse-ember-womens-2-in-1-coat\/#primaryimage\",\"url\":\"https:\/\/equidash.eu\/wp-content\/uploads\/2024\/12\/Mountain-Horse_Coat_2in1_Ember_Black.jpg\",\"contentUrl\":\"https:\/\/equidash.eu\/wp-content\/uploads\/2024\/12\/Mountain-Horse_Coat_2in1_Ember_Black.jpg\",\"width\":1600,\"height\":2400,\"caption\":\"Ember Women\u2019s 2-in-1 Coat \u2013 Warm, versatile, and weatherproof. Black\"},{\"@type\":\"BreadcrumbList\",\"@id\":\"https:\/\/equidash.eu\/shop\/rider\/mountain-horse-ember-womens-2-in-1-coat\/#breadcrumb\",\"itemListElement\":[{\"@type\":\"ListItem\",\"position\":1,\"name\":\"Home\",\"item\":\"https:\/\/equidash.eu\/\"},{\"@type\":\"ListItem\",\"position\":2,\"name\":\"Shop\",\"item\":\"https:\/\/equidash.eu\/shop\/\"},{\"@type\":\"ListItem\",\"position\":3,\"name\":\"Mountain Horse Ember Women\u00b4s 2-in-1 Coat\"}]},{\"@type\":\"WebSite\",\"@id\":\"https:\/\/equidash.eu\/#website\",\"url\":\"https:\/\/equidash.eu\/\",\"name\":\"EquiDash\",\"description\":\"Horse Riding Equipment and Accessories\",\"publisher\":{\"@id\":\"https:\/\/equidash.eu\/#organization\"},\"alternateName\":\"EquiDash\",\"potentialAction\":[{\"@type\":\"SearchAction\",\"target\":{\"@type\":\"EntryPoint\",\"urlTemplate\":\"https:\/\/equidash.eu\/?s={search_term_string}\"},\"query-input\":{\"@type\":\"PropertyValueSpecification\",\"valueRequired\":true,\"valueName\":\"search_term_string\"}}],\"inLanguage\":\"es\"},{\"@type\":\"Organization\",\"@id\":\"https:\/\/equidash.eu\/#organization\",\"name\":\"EquiDash\",\"alternateName\":\"EquiDash\",\"url\":\"https:\/\/equidash.eu\/\",\"logo\":{\"@type\":\"ImageObject\",\"inLanguage\":\"es\",\"@id\":\"https:\/\/equidash.eu\/#\/schema\/logo\/image\/\",\"url\":\"https:\/\/equidash.eu\/wp-content\/uploads\/2024\/09\/EQUIDASH_Logo_Raud-1.png\",\"contentUrl\":\"https:\/\/equidash.eu\/wp-content\/uploads\/2024\/09\/EQUIDASH_Logo_Raud-1.png\",\"width\":393,\"height\":422,\"caption\":\"EquiDash\"},\"image\":{\"@id\":\"https:\/\/equidash.eu\/#\/schema\/logo\/image\/\"},\"sameAs\":[\"https:\/\/www.facebook.com\/people\/EquiDash\/61560864479586\/\",\"https:\/\/www.instagram.com\/equidash.eshop\/\"],\"email\":\"info@equidash.eu\",\"telephone\":\"+372 59007334\",\"legalName\":\"Takian Corporation O\u00dc\",\"foundingDate\":\"2020-10-21\",\"vatID\":\"EE102301283\",\"numberOfEmployees\":{\"@type\":\"QuantitativeValue\",\"minValue\":\"1\",\"maxValue\":\"10\"},\"hasMerchantReturnPolicy\":{\"@type\":\"MerchantReturnPolicy\",\"merchantReturnLink\":\"https:\/\/equidash.eu\/es\/return-privacy\/\"}}]}<\/script>\n<meta property=\"product:brand\" content=\"Mountain Horse\" \/>\n<meta property=\"og:availability\" content=\"backorder\" \/>\n<meta property=\"product:availability\" content=\"available for order\" \/>\n<meta property=\"product:condition\" content=\"new\" \/>\n<!-- \/ Yoast SEO Premium plugin. -->","yoast_head_json":{"title":"Mountain Horse Ember Women\u00b4s 2-in-1 Coat | Parima hinnaga ratsavarustuse e-pood","description":"Stay warm and protected with the Mountain Horse Ember Women's 2-in-1 Coat. Switch effortlessly between a long coat and a shorter jacket. Get yours today!","robots":{"index":"index","follow":"follow","max-snippet":"max-snippet:-1","max-image-preview":"max-image-preview:large","max-video-preview":"max-video-preview:-1"},"canonical":"https:\/\/equidash.eu\/es\/shop\/jinete\/mountain-horse-ember-womens-2-in-1-coat\/","og_locale":"es_ES","og_type":"article","og_title":"Mountain Horse Ember Women\u00b4s 2-in-1 Coat","og_description":"Stay warm and protected with the Mountain Horse Ember Women's 2-in-1 Coat. Switch effortlessly between a long coat and a shorter jacket. Get yours today!","og_url":"https:\/\/equidash.eu\/es\/shop\/jinete\/mountain-horse-ember-womens-2-in-1-coat\/","og_site_name":"Parima hinnaga ratsavarustuse e-pood","article_publisher":"https:\/\/www.facebook.com\/people\/EquiDash\/61560864479586\/","article_modified_time":"2025-03-31T17:47:36+00:00","og_image":[{"width":1600,"height":2400,"url":"https:\/\/equidash.eu\/wp-content\/uploads\/2024\/12\/Mountain-Horse_Coat_2in1_Ember_Black.jpg","type":"image\/jpeg"}],"twitter_card":"summary_large_image","twitter_misc":{"Disponibilidad":"Disponible para reservar"},"schema":{"@context":"https:\/\/schema.org","@graph":[{"@type":"WebPage","@id":"https:\/\/equidash.eu\/shop\/rider\/mountain-horse-ember-womens-2-in-1-coat\/","url":"https:\/\/equidash.eu\/shop\/rider\/mountain-horse-ember-womens-2-in-1-coat\/","name":"Mountain Horse Ember Women\u00b4s 2-in-1 Coat | Parima hinnaga ratsavarustuse e-pood","isPartOf":{"@id":"https:\/\/equidash.eu\/#website"},"primaryImageOfPage":{"@id":"https:\/\/equidash.eu\/shop\/rider\/mountain-horse-ember-womens-2-in-1-coat\/#primaryimage"},"image":{"@id":"https:\/\/equidash.eu\/shop\/rider\/mountain-horse-ember-womens-2-in-1-coat\/#primaryimage"},"thumbnailUrl":"https:\/\/equidash.eu\/wp-content\/uploads\/2024\/12\/Mountain-Horse_Coat_2in1_Ember_Black.jpg","datePublished":"2024-12-18T13:17:55+00:00","dateModified":"2025-03-31T17:47:36+00:00","description":"Stay warm and protected with the Mountain Horse Ember Women's 2-in-1 Coat. Switch effortlessly between a long coat and a shorter jacket. Get yours today!","breadcrumb":{"@id":"https:\/\/equidash.eu\/shop\/rider\/mountain-horse-ember-womens-2-in-1-coat\/#breadcrumb"},"inLanguage":"es","potentialAction":[{"@type":"ReadAction","target":["https:\/\/equidash.eu\/shop\/rider\/mountain-horse-ember-womens-2-in-1-coat\/"]}]},{"@type":"ImageObject","inLanguage":"es","@id":"https:\/\/equidash.eu\/shop\/rider\/mountain-horse-ember-womens-2-in-1-coat\/#primaryimage","url":"https:\/\/equidash.eu\/wp-content\/uploads\/2024\/12\/Mountain-Horse_Coat_2in1_Ember_Black.jpg","contentUrl":"https:\/\/equidash.eu\/wp-content\/uploads\/2024\/12\/Mountain-Horse_Coat_2in1_Ember_Black.jpg","width":1600,"height":2400,"caption":"Ember Women\u2019s 2-in-1 Coat \u2013 Warm, versatile, and weatherproof. Black"},{"@type":"BreadcrumbList","@id":"https:\/\/equidash.eu\/shop\/rider\/mountain-horse-ember-womens-2-in-1-coat\/#breadcrumb","itemListElement":[{"@type":"ListItem","position":1,"name":"Home","item":"https:\/\/equidash.eu\/"},{"@type":"ListItem","position":2,"name":"Shop","item":"https:\/\/equidash.eu\/shop\/"},{"@type":"ListItem","position":3,"name":"Mountain Horse Ember Women\u00b4s 2-in-1 Coat"}]},{"@type":"WebSite","@id":"https:\/\/equidash.eu\/#website","url":"https:\/\/equidash.eu\/","name":"EquiDash","description":"Horse Riding Equipment and Accessories","publisher":{"@id":"https:\/\/equidash.eu\/#organization"},"alternateName":"EquiDash","potentialAction":[{"@type":"SearchAction","target":{"@type":"EntryPoint","urlTemplate":"https:\/\/equidash.eu\/?s={search_term_string}"},"query-input":{"@type":"PropertyValueSpecification","valueRequired":true,"valueName":"search_term_string"}}],"inLanguage":"es"},{"@type":"Organization","@id":"https:\/\/equidash.eu\/#organization","name":"EquiDash","alternateName":"EquiDash","url":"https:\/\/equidash.eu\/","logo":{"@type":"ImageObject","inLanguage":"es","@id":"https:\/\/equidash.eu\/#\/schema\/logo\/image\/","url":"https:\/\/equidash.eu\/wp-content\/uploads\/2024\/09\/EQUIDASH_Logo_Raud-1.png","contentUrl":"https:\/\/equidash.eu\/wp-content\/uploads\/2024\/09\/EQUIDASH_Logo_Raud-1.png","width":393,"height":422,"caption":"EquiDash"},"image":{"@id":"https:\/\/equidash.eu\/#\/schema\/logo\/image\/"},"sameAs":["https:\/\/www.facebook.com\/people\/EquiDash\/61560864479586\/","https:\/\/www.instagram.com\/equidash.eshop\/"],"email":"info@equidash.eu","telephone":"+372 59007334","legalName":"Takian Corporation O\u00dc","foundingDate":"2020-10-21","vatID":"EE102301283","numberOfEmployees":{"@type":"QuantitativeValue","minValue":"1","maxValue":"10"},"hasMerchantReturnPolicy":{"@type":"MerchantReturnPolicy","merchantReturnLink":"https:\/\/equidash.eu\/es\/return-privacy\/"}}]},"product_brand":"Mountain Horse","og_availability":"backorder","product_availability":"available for order","product_condition":"new"},"_links":{"self":[{"href":"https:\/\/equidash.eu\/es\/wp-json\/wp\/v2\/product\/1538","targetHints":{"allow":["GET"]}}],"collection":[{"href":"https:\/\/equidash.eu\/es\/wp-json\/wp\/v2\/product"}],"about":[{"href":"https:\/\/equidash.eu\/es\/wp-json\/wp\/v2\/types\/product"}],"wp:featuredmedia":[{"embeddable":true,"href":"https:\/\/equidash.eu\/es\/wp-json\/wp\/v2\/media\/1553"}],"wp:attachment":[{"href":"https:\/\/equidash.eu\/es\/wp-json\/wp\/v2\/media?parent=1538"}],"wp:term":[{"taxonomy":"product_brand","embeddable":true,"href":"https:\/\/equidash.eu\/es\/wp-json\/wp\/v2\/product_brand?post=1538"},{"taxonomy":"product_cat","embeddable":true,"href":"https:\/\/equidash.eu\/es\/wp-json\/wp\/v2\/product_cat?post=1538"},{"taxonomy":"product_tag","embeddable":true,"href":"https:\/\/equidash.eu\/es\/wp-json\/wp\/v2\/product_tag?post=1538"}],"curies":[{"name":"wp","href":"https:\/\/api.w.org\/{rel}","templated":true}]}}