{"id":1641,"date":"2024-12-19T19:08:06","date_gmt":"2024-12-19T17:08:06","guid":{"rendered":"https:\/\/equidash.eu\/?post_type=product&#038;p=1641"},"modified":"2025-01-25T01:16:23","modified_gmt":"2025-01-24T23:16:23","slug":"lami-cell-stud-girth-v22","status":"publish","type":"product","link":"https:\/\/equidash.eu\/es\/shop\/horse\/lami-cell-stud-girth-v22\/","title":{"rendered":"Cincha para caballos Lami-Cell V22"},"content":{"rendered":"<p>Protector de cincha Lami-Cell V22 de cuero sint\u00e9tico con forro V22 y el\u00e1stico en ambos extremos.<\/p>\n<p>With outstanding compression qualities, this material provides reliable impact protection, reducing the risk of injuries during intense activity. The combination of quality materials and ergonomic design ensures maximum comfort for your horse. So if you are looking for quality and innovation to support your horse&#8217;s performance, look for this Ventex 22 girth!<\/p>\n<ul>\n<li>Cincha V22 con material Coolite en espera de patente.<\/li>\n<li>Cuero sint\u00e9tico en el exterior para un aspecto profesional<\/li>\n<li>Protege el vientre de tu caballo<\/li>\n<li>El\u00e1stico doble<\/li>\n<li>Hebillas de acero inoxidable<\/li>\n<li>Corte anat\u00f3mico<\/li>\n<li>Anilla en D para sujetar las riendas de ayuda<\/li>\n<li>Tejido ligero<\/li>\n<li>Respirable<\/li>\n<li>Absorbe y elimina la humedad<\/li>\n<\/ul>\n<p>&nbsp;<\/p>","protected":false},"excerpt":{"rendered":"<p><a href=\"https:\/\/equidash.eu\/es\/etiqueta-producto\/lamicell\/\"><img decoding=\"async\" style=\"height: 60px; margin-top: 20px;\" src=\"https:\/\/equidash.eu\/wp-content\/uploads\/2024\/10\/lamicell-logo-1.png\" alt=\"\" \/><\/a><\/p>","protected":false},"featured_media":1649,"template":"","meta":{"_acf_changed":false,"_joinchat":[]},"product_brand":[512],"product_cat":[217,27,219,216],"product_tag":[273,318],"class_list":{"0":"post-1641","1":"product","2":"type-product","3":"status-publish","4":"has-post-thumbnail","6":"product_brand-lami-cell","7":"product_cat-girths","8":"product_cat-horse","9":"product_cat-jumping-girths","10":"product_cat-saddles-girths-stirrups","11":"product_tag-lami-cell","12":"product_tag-stud-girth","13":"pa_colors-black","14":"pa_size-120-cm","15":"pa_size-125-cm","16":"pa_size-130-cm","17":"pa_size-135-cm","18":"pa_size-140-cm","19":"pa_size-145-cm","21":"first","22":"onbackorder","23":"taxable","24":"shipping-taxable","25":"purchasable","26":"product-type-variable"},"acf":[],"yoast_head":"<!-- This site is optimized with the Yoast SEO Premium plugin v26.2 (Yoast SEO v27.2) - https:\/\/yoast.com\/product\/yoast-seo-premium-wordpress\/ -->\n<title>Lami-Cell Stud Girth V22 | Parima hinnaga ratsavarustuse e-pood<\/title>\n<meta name=\"description\" content=\"Lami-Cell Stud Girth V22 | Kvaliteetne klapiga sadulav\u00f6\u00f6 ideaalne takistuss\u00f5idus. Parimate hindadega ratsavarustuse veebipood on equidash.eu!\" \/>\n<meta name=\"robots\" content=\"index, follow, max-snippet:-1, max-image-preview:large, max-video-preview:-1\" \/>\n<link rel=\"canonical\" href=\"https:\/\/equidash.eu\/es\/shop\/caballo\/lami-cell-stud-girth-v22\/\" \/>\n<meta property=\"og:locale\" content=\"es_ES\" \/>\n<meta property=\"og:type\" content=\"article\" \/>\n<meta property=\"og:title\" content=\"Lami-Cell Stud Girth V22\" \/>\n<meta property=\"og:description\" content=\"Lami-Cell Stud Girth V22 | Kvaliteetne klapiga sadulav\u00f6\u00f6 ideaalne takistuss\u00f5idus. Parimate hindadega ratsavarustuse veebipood on equidash.eu!\" \/>\n<meta property=\"og:url\" content=\"https:\/\/equidash.eu\/es\/shop\/caballo\/lami-cell-stud-girth-v22\/\" \/>\n<meta property=\"og:site_name\" content=\"Parima hinnaga ratsavarustuse e-pood\" \/>\n<meta property=\"article:publisher\" content=\"https:\/\/www.facebook.com\/people\/EquiDash\/61560864479586\/\" \/>\n<meta property=\"article:modified_time\" content=\"2025-01-24T23:16:23+00:00\" \/>\n<meta property=\"og:image\" content=\"https:\/\/equidash.eu\/wp-content\/uploads\/2024\/12\/Lami-Cell_GP_Girth_V22-ProMotion_F.png\" \/>\n\t<meta property=\"og:image:width\" content=\"1080\" \/>\n\t<meta property=\"og:image:height\" content=\"1080\" \/>\n\t<meta property=\"og:image:type\" content=\"image\/png\" \/>\n<meta name=\"twitter:card\" content=\"summary_large_image\" \/>\n<meta name=\"twitter:label1\" content=\"Disponibilidad\" \/>\n\t<meta name=\"twitter:data1\" content=\"Disponible para reservar\" \/>\n<script type=\"application\/ld+json\" class=\"yoast-schema-graph\">{\"@context\":\"https:\/\/schema.org\",\"@graph\":[{\"@type\":\"WebPage\",\"@id\":\"https:\/\/equidash.eu\/shop\/horse\/lami-cell-stud-girth-v22\/\",\"url\":\"https:\/\/equidash.eu\/shop\/horse\/lami-cell-stud-girth-v22\/\",\"name\":\"Lami-Cell Stud Girth V22 | Parima hinnaga ratsavarustuse e-pood\",\"isPartOf\":{\"@id\":\"https:\/\/equidash.eu\/#website\"},\"primaryImageOfPage\":{\"@id\":\"https:\/\/equidash.eu\/shop\/horse\/lami-cell-stud-girth-v22\/#primaryimage\"},\"image\":{\"@id\":\"https:\/\/equidash.eu\/shop\/horse\/lami-cell-stud-girth-v22\/#primaryimage\"},\"thumbnailUrl\":\"https:\/\/equidash.eu\/wp-content\/uploads\/2024\/12\/Lami-Cell_GP_Girth_V22-ProMotion_F.png\",\"datePublished\":\"2024-12-19T17:08:06+00:00\",\"dateModified\":\"2025-01-24T23:16:23+00:00\",\"description\":\"Lami-Cell Stud Girth V22 | Kvaliteetne klapiga sadulav\u00f6\u00f6 ideaalne takistuss\u00f5idus. Parimate hindadega ratsavarustuse veebipood on equidash.eu!\",\"breadcrumb\":{\"@id\":\"https:\/\/equidash.eu\/shop\/horse\/lami-cell-stud-girth-v22\/#breadcrumb\"},\"inLanguage\":\"es\",\"potentialAction\":[{\"@type\":\"ReadAction\",\"target\":[\"https:\/\/equidash.eu\/shop\/horse\/lami-cell-stud-girth-v22\/\"]}]},{\"@type\":\"ImageObject\",\"inLanguage\":\"es\",\"@id\":\"https:\/\/equidash.eu\/shop\/horse\/lami-cell-stud-girth-v22\/#primaryimage\",\"url\":\"https:\/\/equidash.eu\/wp-content\/uploads\/2024\/12\/Lami-Cell_GP_Girth_V22-ProMotion_F.png\",\"contentUrl\":\"https:\/\/equidash.eu\/wp-content\/uploads\/2024\/12\/Lami-Cell_GP_Girth_V22-ProMotion_F.png\",\"width\":1080,\"height\":1080},{\"@type\":\"BreadcrumbList\",\"@id\":\"https:\/\/equidash.eu\/shop\/horse\/lami-cell-stud-girth-v22\/#breadcrumb\",\"itemListElement\":[{\"@type\":\"ListItem\",\"position\":1,\"name\":\"Home\",\"item\":\"https:\/\/equidash.eu\/\"},{\"@type\":\"ListItem\",\"position\":2,\"name\":\"Shop\",\"item\":\"https:\/\/equidash.eu\/shop\/\"},{\"@type\":\"ListItem\",\"position\":3,\"name\":\"Lami-Cell Stud Girth V22\"}]},{\"@type\":\"WebSite\",\"@id\":\"https:\/\/equidash.eu\/#website\",\"url\":\"https:\/\/equidash.eu\/\",\"name\":\"EquiDash\",\"description\":\"Horse Riding Equipment and Accessories\",\"publisher\":{\"@id\":\"https:\/\/equidash.eu\/#organization\"},\"alternateName\":\"EquiDash\",\"potentialAction\":[{\"@type\":\"SearchAction\",\"target\":{\"@type\":\"EntryPoint\",\"urlTemplate\":\"https:\/\/equidash.eu\/?s={search_term_string}\"},\"query-input\":{\"@type\":\"PropertyValueSpecification\",\"valueRequired\":true,\"valueName\":\"search_term_string\"}}],\"inLanguage\":\"es\"},{\"@type\":\"Organization\",\"@id\":\"https:\/\/equidash.eu\/#organization\",\"name\":\"EquiDash\",\"alternateName\":\"EquiDash\",\"url\":\"https:\/\/equidash.eu\/\",\"logo\":{\"@type\":\"ImageObject\",\"inLanguage\":\"es\",\"@id\":\"https:\/\/equidash.eu\/#\/schema\/logo\/image\/\",\"url\":\"https:\/\/equidash.eu\/wp-content\/uploads\/2024\/09\/EQUIDASH_Logo_Raud-1.png\",\"contentUrl\":\"https:\/\/equidash.eu\/wp-content\/uploads\/2024\/09\/EQUIDASH_Logo_Raud-1.png\",\"width\":393,\"height\":422,\"caption\":\"EquiDash\"},\"image\":{\"@id\":\"https:\/\/equidash.eu\/#\/schema\/logo\/image\/\"},\"sameAs\":[\"https:\/\/www.facebook.com\/people\/EquiDash\/61560864479586\/\",\"https:\/\/www.instagram.com\/equidash.eshop\/\"],\"email\":\"info@equidash.eu\",\"telephone\":\"+372 59007334\",\"legalName\":\"Takian Corporation O\u00dc\",\"foundingDate\":\"2020-10-21\",\"vatID\":\"EE102301283\",\"numberOfEmployees\":{\"@type\":\"QuantitativeValue\",\"minValue\":\"1\",\"maxValue\":\"10\"},\"hasMerchantReturnPolicy\":{\"@type\":\"MerchantReturnPolicy\",\"merchantReturnLink\":\"https:\/\/equidash.eu\/es\/return-privacy\/\"}}]}<\/script>\n<meta property=\"product:brand\" content=\"Lami-Cell\" \/>\n<meta property=\"og:availability\" content=\"backorder\" \/>\n<meta property=\"product:availability\" content=\"available for order\" \/>\n<meta property=\"product:condition\" content=\"new\" \/>\n<!-- \/ Yoast SEO Premium plugin. -->","yoast_head_json":{"title":"Lami-Cell Stud Girth V22 | Parima hinnaga ratsavarustuse e-pood","description":"Lami-Cell Stud Girth V22 | Kvaliteetne klapiga sadulav\u00f6\u00f6 ideaalne takistuss\u00f5idus. Parimate hindadega ratsavarustuse veebipood on equidash.eu!","robots":{"index":"index","follow":"follow","max-snippet":"max-snippet:-1","max-image-preview":"max-image-preview:large","max-video-preview":"max-video-preview:-1"},"canonical":"https:\/\/equidash.eu\/es\/shop\/caballo\/lami-cell-stud-girth-v22\/","og_locale":"es_ES","og_type":"article","og_title":"Lami-Cell Stud Girth V22","og_description":"Lami-Cell Stud Girth V22 | Kvaliteetne klapiga sadulav\u00f6\u00f6 ideaalne takistuss\u00f5idus. Parimate hindadega ratsavarustuse veebipood on equidash.eu!","og_url":"https:\/\/equidash.eu\/es\/shop\/caballo\/lami-cell-stud-girth-v22\/","og_site_name":"Parima hinnaga ratsavarustuse e-pood","article_publisher":"https:\/\/www.facebook.com\/people\/EquiDash\/61560864479586\/","article_modified_time":"2025-01-24T23:16:23+00:00","og_image":[{"width":1080,"height":1080,"url":"https:\/\/equidash.eu\/wp-content\/uploads\/2024\/12\/Lami-Cell_GP_Girth_V22-ProMotion_F.png","type":"image\/png"}],"twitter_card":"summary_large_image","twitter_misc":{"Disponibilidad":"Disponible para reservar"},"schema":{"@context":"https:\/\/schema.org","@graph":[{"@type":"WebPage","@id":"https:\/\/equidash.eu\/shop\/horse\/lami-cell-stud-girth-v22\/","url":"https:\/\/equidash.eu\/shop\/horse\/lami-cell-stud-girth-v22\/","name":"Lami-Cell Stud Girth V22 | Parima hinnaga ratsavarustuse e-pood","isPartOf":{"@id":"https:\/\/equidash.eu\/#website"},"primaryImageOfPage":{"@id":"https:\/\/equidash.eu\/shop\/horse\/lami-cell-stud-girth-v22\/#primaryimage"},"image":{"@id":"https:\/\/equidash.eu\/shop\/horse\/lami-cell-stud-girth-v22\/#primaryimage"},"thumbnailUrl":"https:\/\/equidash.eu\/wp-content\/uploads\/2024\/12\/Lami-Cell_GP_Girth_V22-ProMotion_F.png","datePublished":"2024-12-19T17:08:06+00:00","dateModified":"2025-01-24T23:16:23+00:00","description":"Lami-Cell Stud Girth V22 | Kvaliteetne klapiga sadulav\u00f6\u00f6 ideaalne takistuss\u00f5idus. Parimate hindadega ratsavarustuse veebipood on equidash.eu!","breadcrumb":{"@id":"https:\/\/equidash.eu\/shop\/horse\/lami-cell-stud-girth-v22\/#breadcrumb"},"inLanguage":"es","potentialAction":[{"@type":"ReadAction","target":["https:\/\/equidash.eu\/shop\/horse\/lami-cell-stud-girth-v22\/"]}]},{"@type":"ImageObject","inLanguage":"es","@id":"https:\/\/equidash.eu\/shop\/horse\/lami-cell-stud-girth-v22\/#primaryimage","url":"https:\/\/equidash.eu\/wp-content\/uploads\/2024\/12\/Lami-Cell_GP_Girth_V22-ProMotion_F.png","contentUrl":"https:\/\/equidash.eu\/wp-content\/uploads\/2024\/12\/Lami-Cell_GP_Girth_V22-ProMotion_F.png","width":1080,"height":1080},{"@type":"BreadcrumbList","@id":"https:\/\/equidash.eu\/shop\/horse\/lami-cell-stud-girth-v22\/#breadcrumb","itemListElement":[{"@type":"ListItem","position":1,"name":"Home","item":"https:\/\/equidash.eu\/"},{"@type":"ListItem","position":2,"name":"Shop","item":"https:\/\/equidash.eu\/shop\/"},{"@type":"ListItem","position":3,"name":"Lami-Cell Stud Girth V22"}]},{"@type":"WebSite","@id":"https:\/\/equidash.eu\/#website","url":"https:\/\/equidash.eu\/","name":"EquiDash","description":"Horse Riding Equipment and Accessories","publisher":{"@id":"https:\/\/equidash.eu\/#organization"},"alternateName":"EquiDash","potentialAction":[{"@type":"SearchAction","target":{"@type":"EntryPoint","urlTemplate":"https:\/\/equidash.eu\/?s={search_term_string}"},"query-input":{"@type":"PropertyValueSpecification","valueRequired":true,"valueName":"search_term_string"}}],"inLanguage":"es"},{"@type":"Organization","@id":"https:\/\/equidash.eu\/#organization","name":"EquiDash","alternateName":"EquiDash","url":"https:\/\/equidash.eu\/","logo":{"@type":"ImageObject","inLanguage":"es","@id":"https:\/\/equidash.eu\/#\/schema\/logo\/image\/","url":"https:\/\/equidash.eu\/wp-content\/uploads\/2024\/09\/EQUIDASH_Logo_Raud-1.png","contentUrl":"https:\/\/equidash.eu\/wp-content\/uploads\/2024\/09\/EQUIDASH_Logo_Raud-1.png","width":393,"height":422,"caption":"EquiDash"},"image":{"@id":"https:\/\/equidash.eu\/#\/schema\/logo\/image\/"},"sameAs":["https:\/\/www.facebook.com\/people\/EquiDash\/61560864479586\/","https:\/\/www.instagram.com\/equidash.eshop\/"],"email":"info@equidash.eu","telephone":"+372 59007334","legalName":"Takian Corporation O\u00dc","foundingDate":"2020-10-21","vatID":"EE102301283","numberOfEmployees":{"@type":"QuantitativeValue","minValue":"1","maxValue":"10"},"hasMerchantReturnPolicy":{"@type":"MerchantReturnPolicy","merchantReturnLink":"https:\/\/equidash.eu\/es\/return-privacy\/"}}]},"product_brand":"Lami-Cell","og_availability":"backorder","product_availability":"available for order","product_condition":"new"},"_links":{"self":[{"href":"https:\/\/equidash.eu\/es\/wp-json\/wp\/v2\/product\/1641","targetHints":{"allow":["GET"]}}],"collection":[{"href":"https:\/\/equidash.eu\/es\/wp-json\/wp\/v2\/product"}],"about":[{"href":"https:\/\/equidash.eu\/es\/wp-json\/wp\/v2\/types\/product"}],"wp:featuredmedia":[{"embeddable":true,"href":"https:\/\/equidash.eu\/es\/wp-json\/wp\/v2\/media\/1649"}],"wp:attachment":[{"href":"https:\/\/equidash.eu\/es\/wp-json\/wp\/v2\/media?parent=1641"}],"wp:term":[{"taxonomy":"product_brand","embeddable":true,"href":"https:\/\/equidash.eu\/es\/wp-json\/wp\/v2\/product_brand?post=1641"},{"taxonomy":"product_cat","embeddable":true,"href":"https:\/\/equidash.eu\/es\/wp-json\/wp\/v2\/product_cat?post=1641"},{"taxonomy":"product_tag","embeddable":true,"href":"https:\/\/equidash.eu\/es\/wp-json\/wp\/v2\/product_tag?post=1641"}],"curies":[{"name":"wp","href":"https:\/\/api.w.org\/{rel}","templated":true}]}}