{"id":1721,"date":"2024-12-21T15:04:03","date_gmt":"2024-12-21T13:04:03","guid":{"rendered":"https:\/\/equidash.eu\/?post_type=product&#038;p=1721"},"modified":"2025-06-08T16:43:16","modified_gmt":"2025-06-08T14:43:16","slug":"mountain-horse-jodhpur-boots-arctica-zip-paddock","status":"publish","type":"product","link":"https:\/\/equidash.eu\/es\/shop\/rider\/mountain-horse-jodhpur-boots-arctica-zip-paddock\/","title":{"rendered":"Botines de montar con cremallera para mujer Mountain Horse Arctica"},"content":{"rendered":"<p>Botines de montar con cremallera para mujer Mountain Horse Arctica, parte de la robusta y de alta calidad serie Arctica, se caracterizan por su tecnolog\u00eda avanzada, comodidad superior y agarre inigualable. \u00a1Dise\u00f1adas para facilitar tu vida diaria durante los d\u00edas m\u00e1s fr\u00edos y resbaladizos del invierno!<\/p>\n<p>Suela exterior de tracci\u00f3n invernal con tecnolog\u00eda Ice HookTM retr\u00e1ctil<\/p>\n<p>Las botas de invierno cuentan con paneles reflectantes, secciones flexibles de vylon y cremalleras YKK\u00ae resistentes para un cierre seguro.<\/p>\n<ul>\n<li>Material duradero<\/li>\n<li>Membrana impermeable de alta tecnolog\u00eda<\/li>\n<li>Suelas resistentes con diferentes tipos de tacones, incluido un pico retr\u00e1ctil con tecnolog\u00eda Ice HookTM, para un agarre m\u00e1ximo<\/li>\n<li>Secciones flexibles de vylon suave.<\/li>\n<li>Paneles reflectantes integrados<\/li>\n<li>Aislante 3M Thinsulate\u2122<\/li>\n<li>Forrojo sint\u00e9tico que absorbe la humedad<\/li>\n<li>Plantilla Vertycore de poliuretano con amortiguaci\u00f3n multinivel<\/li>\n<li>Cremallera YKK\u00ae de lat\u00f3n duradera<\/li>\n<\/ul>\n<p>La marca sueca Mountain Horse es uno de los nombres m\u00e1s conocidos en el mundo ecuestre y ha ganado una inmensa popularidad entre los jinetes, gracias a su dise\u00f1o funcional adaptado a los climas n\u00f3rdicos. La sostenibilidad es un principio fundamental que recorre toda la operaci\u00f3n, tanto en t\u00e9rminos de pr\u00e1cticas humanas como de consideraciones medioambientales, lo que hace que Mountain Horse sea tan querido hoy como lo fue hace 30 a\u00f1os.<\/p>","protected":false},"excerpt":{"rendered":"<p class=\"ai-optimize-23 ai-optimize-introduction\"><a href=\"https:\/\/equidash.eu\/es\/etiqueta-producto\/mountain-horse\/\"><img decoding=\"async\" style=\"height: 60px; margin-top: 20px;\" src=\"https:\/\/equidash.eu\/wp-content\/uploads\/2024\/10\/Mountain-Horse-1.png\" alt=\"\" \/><\/a><\/p>","protected":false},"featured_media":1738,"template":"","meta":{"_acf_changed":false,"_joinchat":[]},"product_brand":[505],"product_cat":[332,22,354,331],"product_tag":[351,352,18,297],"class_list":{"0":"post-1721","1":"product","2":"type-product","3":"status-publish","4":"has-post-thumbnail","6":"product_brand-mountain-horse","7":"product_cat-riding-boots-jodhpur-boots","8":"product_cat-rider","9":"product_cat-riding-boots-rider","10":"product_cat-riding-boots-stable-boots","11":"product_tag-arctica","12":"product_tag-jodhpur","13":"product_tag-mountain-horse","14":"product_tag-winter","15":"pa_colors-black","16":"pa_footwear-333","17":"pa_footwear-341","18":"pa_footwear-340","19":"pa_footwear-339","20":"pa_footwear-338","21":"pa_footwear-337","22":"pa_footwear-336","24":"first","25":"onbackorder","26":"taxable","27":"shipping-taxable","28":"purchasable","29":"product-type-variable"},"acf":[],"yoast_head":"<!-- This site is optimized with the Yoast SEO Premium plugin v26.2 (Yoast SEO v27.3) - https:\/\/yoast.com\/product\/yoast-seo-premium-wordpress\/ -->\n<title>Mountain Horse Jodhpur Boots Arctica Zip Paddock | Parima hinnaga ratsavarustuse e-pood<\/title>\n<meta name=\"description\" content=\"Mountain Horse Jodhpur Boots Arctica Zip Paddock. Mountain Horse soojad ratsasaapad Arctica on parim valik k\u00f5ige libedamatel ja k\u00fclmematel p\u00e4evadel.\" \/>\n<meta name=\"robots\" content=\"index, follow, max-snippet:-1, max-image-preview:large, max-video-preview:-1\" \/>\n<link rel=\"canonical\" href=\"https:\/\/equidash.eu\/es\/shop\/jinete\/mountain-horse-jodhpur-boots-arctica-zip-paddock\/\" \/>\n<meta property=\"og:locale\" content=\"es_ES\" \/>\n<meta property=\"og:type\" content=\"article\" \/>\n<meta property=\"og:title\" content=\"Mountain Horse Jodhpur Boots Arctica Zip Paddock\" \/>\n<meta property=\"og:description\" content=\"Mountain Horse Jodhpur Boots Arctica Zip Paddock. Mountain Horse soojad ratsasaapad Arctica on parim valik k\u00f5ige libedamatel ja k\u00fclmematel p\u00e4evadel.\" \/>\n<meta property=\"og:url\" content=\"https:\/\/equidash.eu\/es\/shop\/jinete\/mountain-horse-jodhpur-boots-arctica-zip-paddock\/\" \/>\n<meta property=\"og:site_name\" content=\"Parima hinnaga ratsavarustuse e-pood\" \/>\n<meta property=\"article:publisher\" content=\"https:\/\/www.facebook.com\/people\/EquiDash\/61560864479586\/\" \/>\n<meta property=\"article:modified_time\" content=\"2025-06-08T14:43:16+00:00\" \/>\n<meta property=\"og:image\" content=\"https:\/\/equidash.eu\/wp-content\/uploads\/2024\/12\/Mountain-Horse_poolsaapad_arctica_zip.png\" \/>\n\t<meta property=\"og:image:width\" content=\"1080\" \/>\n\t<meta property=\"og:image:height\" content=\"1080\" \/>\n\t<meta property=\"og:image:type\" content=\"image\/png\" \/>\n<meta name=\"twitter:card\" content=\"summary_large_image\" \/>\n<meta name=\"twitter:label1\" content=\"Disponibilidad\" \/>\n\t<meta name=\"twitter:data1\" content=\"Disponible para reservar\" \/>\n<script type=\"application\/ld+json\" class=\"yoast-schema-graph\">{\"@context\":\"https:\\\/\\\/schema.org\",\"@graph\":[{\"@type\":\"WebPage\",\"@id\":\"https:\\\/\\\/equidash.eu\\\/shop\\\/rider\\\/mountain-horse-jodhpur-boots-arctica-zip-paddock\\\/\",\"url\":\"https:\\\/\\\/equidash.eu\\\/shop\\\/rider\\\/mountain-horse-jodhpur-boots-arctica-zip-paddock\\\/\",\"name\":\"Mountain Horse Jodhpur Boots Arctica Zip Paddock | Parima hinnaga ratsavarustuse e-pood\",\"isPartOf\":{\"@id\":\"https:\\\/\\\/equidash.eu\\\/#website\"},\"primaryImageOfPage\":{\"@id\":\"https:\\\/\\\/equidash.eu\\\/shop\\\/rider\\\/mountain-horse-jodhpur-boots-arctica-zip-paddock\\\/#primaryimage\"},\"image\":{\"@id\":\"https:\\\/\\\/equidash.eu\\\/shop\\\/rider\\\/mountain-horse-jodhpur-boots-arctica-zip-paddock\\\/#primaryimage\"},\"thumbnailUrl\":\"https:\\\/\\\/equidash.eu\\\/wp-content\\\/uploads\\\/2024\\\/12\\\/Mountain-Horse_poolsaapad_arctica_zip.png\",\"datePublished\":\"2024-12-21T13:04:03+00:00\",\"dateModified\":\"2025-06-08T14:43:16+00:00\",\"description\":\"Mountain Horse Jodhpur Boots Arctica Zip Paddock. Mountain Horse soojad ratsasaapad Arctica on parim valik k\u00f5ige libedamatel ja k\u00fclmematel p\u00e4evadel.\",\"breadcrumb\":{\"@id\":\"https:\\\/\\\/equidash.eu\\\/shop\\\/rider\\\/mountain-horse-jodhpur-boots-arctica-zip-paddock\\\/#breadcrumb\"},\"inLanguage\":\"es\",\"potentialAction\":[{\"@type\":\"ReadAction\",\"target\":[\"https:\\\/\\\/equidash.eu\\\/shop\\\/rider\\\/mountain-horse-jodhpur-boots-arctica-zip-paddock\\\/\"]}]},{\"@type\":\"ImageObject\",\"inLanguage\":\"es\",\"@id\":\"https:\\\/\\\/equidash.eu\\\/shop\\\/rider\\\/mountain-horse-jodhpur-boots-arctica-zip-paddock\\\/#primaryimage\",\"url\":\"https:\\\/\\\/equidash.eu\\\/wp-content\\\/uploads\\\/2024\\\/12\\\/Mountain-Horse_poolsaapad_arctica_zip.png\",\"contentUrl\":\"https:\\\/\\\/equidash.eu\\\/wp-content\\\/uploads\\\/2024\\\/12\\\/Mountain-Horse_poolsaapad_arctica_zip.png\",\"width\":1080,\"height\":1080,\"caption\":\"Mountain Horse Arctica Zip Paddock talvesaapad - tehnoloogia, mugavus ja haarduvus k\u00fclmadeks p\u00e4evadeks.\"},{\"@type\":\"BreadcrumbList\",\"@id\":\"https:\\\/\\\/equidash.eu\\\/shop\\\/rider\\\/mountain-horse-jodhpur-boots-arctica-zip-paddock\\\/#breadcrumb\",\"itemListElement\":[{\"@type\":\"ListItem\",\"position\":1,\"name\":\"Home\",\"item\":\"https:\\\/\\\/equidash.eu\\\/\"},{\"@type\":\"ListItem\",\"position\":2,\"name\":\"Shop\",\"item\":\"https:\\\/\\\/equidash.eu\\\/shop\\\/\"},{\"@type\":\"ListItem\",\"position\":3,\"name\":\"Mountain Horse Jodhpur Boots Arctica Zip Paddock\"}]},{\"@type\":\"WebSite\",\"@id\":\"https:\\\/\\\/equidash.eu\\\/#website\",\"url\":\"https:\\\/\\\/equidash.eu\\\/\",\"name\":\"EquiDash\",\"description\":\"Horse Riding Equipment and Accessories\",\"publisher\":{\"@id\":\"https:\\\/\\\/equidash.eu\\\/#organization\"},\"alternateName\":\"EquiDash\",\"potentialAction\":[{\"@type\":\"SearchAction\",\"target\":{\"@type\":\"EntryPoint\",\"urlTemplate\":\"https:\\\/\\\/equidash.eu\\\/?s={search_term_string}\"},\"query-input\":{\"@type\":\"PropertyValueSpecification\",\"valueRequired\":true,\"valueName\":\"search_term_string\"}}],\"inLanguage\":\"es\"},{\"@type\":\"Organization\",\"@id\":\"https:\\\/\\\/equidash.eu\\\/#organization\",\"name\":\"EquiDash\",\"alternateName\":\"EquiDash\",\"url\":\"https:\\\/\\\/equidash.eu\\\/\",\"logo\":{\"@type\":\"ImageObject\",\"inLanguage\":\"es\",\"@id\":\"https:\\\/\\\/equidash.eu\\\/#\\\/schema\\\/logo\\\/image\\\/\",\"url\":\"https:\\\/\\\/equidash.eu\\\/wp-content\\\/uploads\\\/2024\\\/09\\\/EQUIDASH_Logo_Raud-1.png\",\"contentUrl\":\"https:\\\/\\\/equidash.eu\\\/wp-content\\\/uploads\\\/2024\\\/09\\\/EQUIDASH_Logo_Raud-1.png\",\"width\":393,\"height\":422,\"caption\":\"EquiDash\"},\"image\":{\"@id\":\"https:\\\/\\\/equidash.eu\\\/#\\\/schema\\\/logo\\\/image\\\/\"},\"sameAs\":[\"https:\\\/\\\/www.facebook.com\\\/people\\\/EquiDash\\\/61560864479586\\\/\",\"https:\\\/\\\/www.instagram.com\\\/equidash.eshop\\\/\"],\"email\":\"info@equidash.eu\",\"telephone\":\"+372 59007334\",\"legalName\":\"Takian Corporation O\u00dc\",\"foundingDate\":\"2020-10-21\",\"vatID\":\"EE102301283\",\"numberOfEmployees\":{\"@type\":\"QuantitativeValue\",\"minValue\":\"1\",\"maxValue\":\"10\"},\"hasMerchantReturnPolicy\":{\"@type\":\"MerchantReturnPolicy\",\"merchantReturnLink\":\"https:\\\/\\\/equidash.eu\\\/es\\\/return-privacy\\\/\"}}]}<\/script>\n<meta property=\"product:brand\" content=\"Mountain Horse\" \/>\n<meta property=\"og:availability\" content=\"backorder\" \/>\n<meta property=\"product:availability\" content=\"available for order\" \/>\n<meta property=\"product:retailer_item_id\" content=\"01092\" \/>\n<meta property=\"product:condition\" content=\"new\" \/>\n<!-- \/ Yoast SEO Premium plugin. -->","yoast_head_json":{"title":"Mountain Horse Jodhpur Boots Arctica Zip Paddock | Parima hinnaga ratsavarustuse e-pood","description":"Mountain Horse Jodhpur Boots Arctica Zip Paddock. Mountain Horse soojad ratsasaapad Arctica on parim valik k\u00f5ige libedamatel ja k\u00fclmematel p\u00e4evadel.","robots":{"index":"index","follow":"follow","max-snippet":"max-snippet:-1","max-image-preview":"max-image-preview:large","max-video-preview":"max-video-preview:-1"},"canonical":"https:\/\/equidash.eu\/es\/shop\/jinete\/mountain-horse-jodhpur-boots-arctica-zip-paddock\/","og_locale":"es_ES","og_type":"article","og_title":"Mountain Horse Jodhpur Boots Arctica Zip Paddock","og_description":"Mountain Horse Jodhpur Boots Arctica Zip Paddock. Mountain Horse soojad ratsasaapad Arctica on parim valik k\u00f5ige libedamatel ja k\u00fclmematel p\u00e4evadel.","og_url":"https:\/\/equidash.eu\/es\/shop\/jinete\/mountain-horse-jodhpur-boots-arctica-zip-paddock\/","og_site_name":"Parima hinnaga ratsavarustuse e-pood","article_publisher":"https:\/\/www.facebook.com\/people\/EquiDash\/61560864479586\/","article_modified_time":"2025-06-08T14:43:16+00:00","og_image":[{"width":1080,"height":1080,"url":"https:\/\/equidash.eu\/wp-content\/uploads\/2024\/12\/Mountain-Horse_poolsaapad_arctica_zip.png","type":"image\/png"}],"twitter_card":"summary_large_image","twitter_misc":{"Disponibilidad":"Disponible para reservar"},"schema":{"@context":"https:\/\/schema.org","@graph":[{"@type":"WebPage","@id":"https:\/\/equidash.eu\/shop\/rider\/mountain-horse-jodhpur-boots-arctica-zip-paddock\/","url":"https:\/\/equidash.eu\/shop\/rider\/mountain-horse-jodhpur-boots-arctica-zip-paddock\/","name":"Mountain Horse Jodhpur Boots Arctica Zip Paddock | Parima hinnaga ratsavarustuse e-pood","isPartOf":{"@id":"https:\/\/equidash.eu\/#website"},"primaryImageOfPage":{"@id":"https:\/\/equidash.eu\/shop\/rider\/mountain-horse-jodhpur-boots-arctica-zip-paddock\/#primaryimage"},"image":{"@id":"https:\/\/equidash.eu\/shop\/rider\/mountain-horse-jodhpur-boots-arctica-zip-paddock\/#primaryimage"},"thumbnailUrl":"https:\/\/equidash.eu\/wp-content\/uploads\/2024\/12\/Mountain-Horse_poolsaapad_arctica_zip.png","datePublished":"2024-12-21T13:04:03+00:00","dateModified":"2025-06-08T14:43:16+00:00","description":"Mountain Horse Jodhpur Boots Arctica Zip Paddock. Mountain Horse soojad ratsasaapad Arctica on parim valik k\u00f5ige libedamatel ja k\u00fclmematel p\u00e4evadel.","breadcrumb":{"@id":"https:\/\/equidash.eu\/shop\/rider\/mountain-horse-jodhpur-boots-arctica-zip-paddock\/#breadcrumb"},"inLanguage":"es","potentialAction":[{"@type":"ReadAction","target":["https:\/\/equidash.eu\/shop\/rider\/mountain-horse-jodhpur-boots-arctica-zip-paddock\/"]}]},{"@type":"ImageObject","inLanguage":"es","@id":"https:\/\/equidash.eu\/shop\/rider\/mountain-horse-jodhpur-boots-arctica-zip-paddock\/#primaryimage","url":"https:\/\/equidash.eu\/wp-content\/uploads\/2024\/12\/Mountain-Horse_poolsaapad_arctica_zip.png","contentUrl":"https:\/\/equidash.eu\/wp-content\/uploads\/2024\/12\/Mountain-Horse_poolsaapad_arctica_zip.png","width":1080,"height":1080,"caption":"Mountain Horse Arctica Zip Paddock talvesaapad - tehnoloogia, mugavus ja haarduvus k\u00fclmadeks p\u00e4evadeks."},{"@type":"BreadcrumbList","@id":"https:\/\/equidash.eu\/shop\/rider\/mountain-horse-jodhpur-boots-arctica-zip-paddock\/#breadcrumb","itemListElement":[{"@type":"ListItem","position":1,"name":"Home","item":"https:\/\/equidash.eu\/"},{"@type":"ListItem","position":2,"name":"Shop","item":"https:\/\/equidash.eu\/shop\/"},{"@type":"ListItem","position":3,"name":"Mountain Horse Jodhpur Boots Arctica Zip Paddock"}]},{"@type":"WebSite","@id":"https:\/\/equidash.eu\/#website","url":"https:\/\/equidash.eu\/","name":"EquiDash","description":"Horse Riding Equipment and Accessories","publisher":{"@id":"https:\/\/equidash.eu\/#organization"},"alternateName":"EquiDash","potentialAction":[{"@type":"SearchAction","target":{"@type":"EntryPoint","urlTemplate":"https:\/\/equidash.eu\/?s={search_term_string}"},"query-input":{"@type":"PropertyValueSpecification","valueRequired":true,"valueName":"search_term_string"}}],"inLanguage":"es"},{"@type":"Organization","@id":"https:\/\/equidash.eu\/#organization","name":"EquiDash","alternateName":"EquiDash","url":"https:\/\/equidash.eu\/","logo":{"@type":"ImageObject","inLanguage":"es","@id":"https:\/\/equidash.eu\/#\/schema\/logo\/image\/","url":"https:\/\/equidash.eu\/wp-content\/uploads\/2024\/09\/EQUIDASH_Logo_Raud-1.png","contentUrl":"https:\/\/equidash.eu\/wp-content\/uploads\/2024\/09\/EQUIDASH_Logo_Raud-1.png","width":393,"height":422,"caption":"EquiDash"},"image":{"@id":"https:\/\/equidash.eu\/#\/schema\/logo\/image\/"},"sameAs":["https:\/\/www.facebook.com\/people\/EquiDash\/61560864479586\/","https:\/\/www.instagram.com\/equidash.eshop\/"],"email":"info@equidash.eu","telephone":"+372 59007334","legalName":"Takian Corporation O\u00dc","foundingDate":"2020-10-21","vatID":"EE102301283","numberOfEmployees":{"@type":"QuantitativeValue","minValue":"1","maxValue":"10"},"hasMerchantReturnPolicy":{"@type":"MerchantReturnPolicy","merchantReturnLink":"https:\/\/equidash.eu\/es\/return-privacy\/"}}]},"product_brand":"Mountain Horse","og_availability":"backorder","product_availability":"available for order","product_retailer_item_id":"01092","product_condition":"new"},"_links":{"self":[{"href":"https:\/\/equidash.eu\/es\/wp-json\/wp\/v2\/product\/1721","targetHints":{"allow":["GET"]}}],"collection":[{"href":"https:\/\/equidash.eu\/es\/wp-json\/wp\/v2\/product"}],"about":[{"href":"https:\/\/equidash.eu\/es\/wp-json\/wp\/v2\/types\/product"}],"wp:featuredmedia":[{"embeddable":true,"href":"https:\/\/equidash.eu\/es\/wp-json\/wp\/v2\/media\/1738"}],"wp:attachment":[{"href":"https:\/\/equidash.eu\/es\/wp-json\/wp\/v2\/media?parent=1721"}],"wp:term":[{"taxonomy":"product_brand","embeddable":true,"href":"https:\/\/equidash.eu\/es\/wp-json\/wp\/v2\/product_brand?post=1721"},{"taxonomy":"product_cat","embeddable":true,"href":"https:\/\/equidash.eu\/es\/wp-json\/wp\/v2\/product_cat?post=1721"},{"taxonomy":"product_tag","embeddable":true,"href":"https:\/\/equidash.eu\/es\/wp-json\/wp\/v2\/product_tag?post=1721"}],"curies":[{"name":"wp","href":"https:\/\/api.w.org\/{rel}","templated":true}]}}