{"id":1912,"date":"2024-12-27T20:33:35","date_gmt":"2024-12-27T18:33:35","guid":{"rendered":"https:\/\/equidash.eu\/?post_type=product&#038;p=1912"},"modified":"2025-06-11T20:32:46","modified_gmt":"2025-06-11T18:32:46","slug":"easy-rider-joy-full-grip-kids-winter-breeches","status":"publish","type":"product","link":"https:\/\/equidash.eu\/es\/shop\/rider\/easy-rider-joy-full-grip-kids-winter-breeches\/","title":{"rendered":"Pantal\u00f3n de equitaci\u00f3n Full Grip infantil Euro-Star Joy Winter"},"content":{"rendered":"<p>Interior suave para que la prenda te mantenga abrigado. Bolsillo para el tel\u00e9fono a la derecha con un dise\u00f1o de cabeza de caballo. Cierre con cremallera con gancho y ojete en la cintura. Bolsillo con cremallera a la izquierda. Pieza plateada adornada con el logo debajo de la cintura. Pasadores para cintur\u00f3n en la cintura.<\/p>\n<ul>\n<li>Forro cepillado para mantener el calor durante todas las estaciones.<\/li>\n<li>Bolsillo para el tel\u00e9fono en el lado derecho con una cabeza de caballo impresa en silicona.<\/li>\n<li>Cierre con cremallera y gancho de presi\u00f3n para un ajuste seguro.<\/li>\n<li>Zipped pocket on the left side for small essentials<\/li>\n<li>Moneda plateada con marca debajo de la l\u00ednea de la cintura para un toque elegante.<\/li>\n<li>Pasadores en la cinturilla para mayor comodidad y estilo.<\/li>\n<\/ul>\n<p>Instrucciones de cuidado: Lavar a m\u00e1quina en fr\u00edo, 30\u2103, proceso suave. No blanquear. No limpiar en seco. No secar en secadora. Planchar a baja temperatura.<\/p>","protected":false},"excerpt":{"rendered":"<p class=\"ai-optimize-22 ai-optimize-introduction\"><a href=\"https:\/\/equidash.eu\/es\/etiqueta-producto\/euro-star\/\"><img decoding=\"async\" style=\"height: 60px; margin-top: 20px;\" src=\"https:\/\/equidash.eu\/wp-content\/uploads\/2024\/12\/Euro-Star.png\" alt=\"\" \/><\/a><\/p>","protected":false},"featured_media":1938,"template":"","meta":{"_acf_changed":false,"_joinchat":[]},"product_brand":[669],"product_cat":[260,22,212],"product_tag":[391,393,115,392,81,297],"class_list":{"0":"post-1912","1":"product","2":"type-product","3":"status-publish","4":"has-post-thumbnail","6":"product_brand-euro-star","7":"product_cat-kids","8":"product_cat-rider","9":"product_cat-tights-breeches-rider","10":"product_tag-easy-rider","11":"product_tag-euro-star","12":"product_tag-full-grip","13":"product_tag-joy","14":"product_tag-kids","15":"product_tag-winter","16":"pa_colors-beige","17":"pa_colors-black","18":"pa_size-389","19":"pa_size-151","20":"pa_size-388","21":"pa_size-387","22":"pa_size-386","23":"pa_size-385","24":"pa_size-384","25":"pa_size-383","26":"pa_size-78","27":"pa_size-390","29":"first","30":"onbackorder","31":"taxable","32":"shipping-taxable","33":"purchasable","34":"product-type-variable"},"acf":[],"yoast_head":"<!-- This site is optimized with the Yoast SEO Premium plugin v26.2 (Yoast SEO v27.2) - https:\/\/yoast.com\/product\/yoast-seo-premium-wordpress\/ -->\n<title>Euro-Star Joy Full Grip Kids Winter Breeches | Parima hinnaga ratsavarustuse e-pood<\/title>\n<meta name=\"description\" content=\"Euro-Star Joy Full Grip Kids Winter Breeches - Laste t\u00e4isgripiga talve ratsap\u00fcksid on v\u00e4ga mugavad igale ratsutajale. Paremal s\u00e4\u00e4rel telefonitasku.\" \/>\n<meta name=\"robots\" content=\"index, follow, max-snippet:-1, max-image-preview:large, max-video-preview:-1\" \/>\n<link rel=\"canonical\" href=\"https:\/\/equidash.eu\/es\/shop\/jinete\/easy-rider-joy-full-grip-kids-winter-breeches\/\" \/>\n<meta property=\"og:locale\" content=\"es_ES\" \/>\n<meta property=\"og:type\" content=\"article\" \/>\n<meta property=\"og:title\" content=\"Euro-Star Joy Full Grip Kids Winter Breeches\" \/>\n<meta property=\"og:description\" content=\"Euro-Star Joy Full Grip Kids Winter Breeches - Laste t\u00e4isgripiga talve ratsap\u00fcksid on v\u00e4ga mugavad igale ratsutajale. Paremal s\u00e4\u00e4rel telefonitasku.\" \/>\n<meta property=\"og:url\" content=\"https:\/\/equidash.eu\/es\/shop\/jinete\/easy-rider-joy-full-grip-kids-winter-breeches\/\" \/>\n<meta property=\"og:site_name\" content=\"Parima hinnaga ratsavarustuse e-pood\" \/>\n<meta property=\"article:publisher\" content=\"https:\/\/www.facebook.com\/people\/EquiDash\/61560864479586\/\" \/>\n<meta property=\"article:modified_time\" content=\"2025-06-11T18:32:46+00:00\" \/>\n<meta property=\"og:image\" content=\"https:\/\/equidash.eu\/wp-content\/uploads\/2024\/12\/Easy-Rider_Winter_Breeches_Full-Grip_Joy_Tundra-scaled.jpg\" \/>\n\t<meta property=\"og:image:width\" content=\"2560\" \/>\n\t<meta property=\"og:image:height\" content=\"2560\" \/>\n\t<meta property=\"og:image:type\" content=\"image\/jpeg\" \/>\n<meta name=\"twitter:card\" content=\"summary_large_image\" \/>\n<meta name=\"twitter:label1\" content=\"Disponibilidad\" \/>\n\t<meta name=\"twitter:data1\" content=\"Disponible para reservar\" \/>\n<script type=\"application\/ld+json\" class=\"yoast-schema-graph\">{\"@context\":\"https:\/\/schema.org\",\"@graph\":[{\"@type\":\"WebPage\",\"@id\":\"https:\/\/equidash.eu\/shop\/rider\/easy-rider-joy-full-grip-kids-winter-breeches\/\",\"url\":\"https:\/\/equidash.eu\/shop\/rider\/easy-rider-joy-full-grip-kids-winter-breeches\/\",\"name\":\"Euro-Star Joy Full Grip Kids Winter Breeches | Parima hinnaga ratsavarustuse e-pood\",\"isPartOf\":{\"@id\":\"https:\/\/equidash.eu\/#website\"},\"primaryImageOfPage\":{\"@id\":\"https:\/\/equidash.eu\/shop\/rider\/easy-rider-joy-full-grip-kids-winter-breeches\/#primaryimage\"},\"image\":{\"@id\":\"https:\/\/equidash.eu\/shop\/rider\/easy-rider-joy-full-grip-kids-winter-breeches\/#primaryimage\"},\"thumbnailUrl\":\"https:\/\/equidash.eu\/wp-content\/uploads\/2024\/12\/Easy-Rider_Winter_Breeches_Full-Grip_Joy_Tundra-scaled.jpg\",\"datePublished\":\"2024-12-27T18:33:35+00:00\",\"dateModified\":\"2025-06-11T18:32:46+00:00\",\"description\":\"Euro-Star Joy Full Grip Kids Winter Breeches - Laste t\u00e4isgripiga talve ratsap\u00fcksid on v\u00e4ga mugavad igale ratsutajale. Paremal s\u00e4\u00e4rel telefonitasku.\",\"breadcrumb\":{\"@id\":\"https:\/\/equidash.eu\/shop\/rider\/easy-rider-joy-full-grip-kids-winter-breeches\/#breadcrumb\"},\"inLanguage\":\"es\",\"potentialAction\":[{\"@type\":\"ReadAction\",\"target\":[\"https:\/\/equidash.eu\/shop\/rider\/easy-rider-joy-full-grip-kids-winter-breeches\/\"]}]},{\"@type\":\"ImageObject\",\"inLanguage\":\"es\",\"@id\":\"https:\/\/equidash.eu\/shop\/rider\/easy-rider-joy-full-grip-kids-winter-breeches\/#primaryimage\",\"url\":\"https:\/\/equidash.eu\/wp-content\/uploads\/2024\/12\/Easy-Rider_Winter_Breeches_Full-Grip_Joy_Tundra-scaled.jpg\",\"contentUrl\":\"https:\/\/equidash.eu\/wp-content\/uploads\/2024\/12\/Easy-Rider_Winter_Breeches_Full-Grip_Joy_Tundra-scaled.jpg\",\"width\":2560,\"height\":2560,\"caption\":\"Euro-Star Joy Full Grip Laste Talvised ratsap\u00fcksid \u2013 soojus, mugavus ja stiil! Tundra\"},{\"@type\":\"BreadcrumbList\",\"@id\":\"https:\/\/equidash.eu\/shop\/rider\/easy-rider-joy-full-grip-kids-winter-breeches\/#breadcrumb\",\"itemListElement\":[{\"@type\":\"ListItem\",\"position\":1,\"name\":\"Home\",\"item\":\"https:\/\/equidash.eu\/\"},{\"@type\":\"ListItem\",\"position\":2,\"name\":\"Shop\",\"item\":\"https:\/\/equidash.eu\/shop\/\"},{\"@type\":\"ListItem\",\"position\":3,\"name\":\"Euro-Star Joy Full Grip Kids Winter Breeches\"}]},{\"@type\":\"WebSite\",\"@id\":\"https:\/\/equidash.eu\/#website\",\"url\":\"https:\/\/equidash.eu\/\",\"name\":\"EquiDash\",\"description\":\"Horse Riding Equipment and Accessories\",\"publisher\":{\"@id\":\"https:\/\/equidash.eu\/#organization\"},\"alternateName\":\"EquiDash\",\"potentialAction\":[{\"@type\":\"SearchAction\",\"target\":{\"@type\":\"EntryPoint\",\"urlTemplate\":\"https:\/\/equidash.eu\/?s={search_term_string}\"},\"query-input\":{\"@type\":\"PropertyValueSpecification\",\"valueRequired\":true,\"valueName\":\"search_term_string\"}}],\"inLanguage\":\"es\"},{\"@type\":\"Organization\",\"@id\":\"https:\/\/equidash.eu\/#organization\",\"name\":\"EquiDash\",\"alternateName\":\"EquiDash\",\"url\":\"https:\/\/equidash.eu\/\",\"logo\":{\"@type\":\"ImageObject\",\"inLanguage\":\"es\",\"@id\":\"https:\/\/equidash.eu\/#\/schema\/logo\/image\/\",\"url\":\"https:\/\/equidash.eu\/wp-content\/uploads\/2024\/09\/EQUIDASH_Logo_Raud-1.png\",\"contentUrl\":\"https:\/\/equidash.eu\/wp-content\/uploads\/2024\/09\/EQUIDASH_Logo_Raud-1.png\",\"width\":393,\"height\":422,\"caption\":\"EquiDash\"},\"image\":{\"@id\":\"https:\/\/equidash.eu\/#\/schema\/logo\/image\/\"},\"sameAs\":[\"https:\/\/www.facebook.com\/people\/EquiDash\/61560864479586\/\",\"https:\/\/www.instagram.com\/equidash.eshop\/\"],\"email\":\"info@equidash.eu\",\"telephone\":\"+372 59007334\",\"legalName\":\"Takian Corporation O\u00dc\",\"foundingDate\":\"2020-10-21\",\"vatID\":\"EE102301283\",\"numberOfEmployees\":{\"@type\":\"QuantitativeValue\",\"minValue\":\"1\",\"maxValue\":\"10\"},\"hasMerchantReturnPolicy\":{\"@type\":\"MerchantReturnPolicy\",\"merchantReturnLink\":\"https:\/\/equidash.eu\/es\/return-privacy\/\"}}]}<\/script>\n<meta property=\"product:brand\" content=\"Euro-Star\" \/>\n<meta property=\"og:availability\" content=\"backorder\" \/>\n<meta property=\"product:availability\" content=\"available for order\" \/>\n<meta property=\"product:retailer_item_id\" content=\"70705-4403\" \/>\n<meta property=\"product:condition\" content=\"new\" \/>\n<!-- \/ Yoast SEO Premium plugin. -->","yoast_head_json":{"title":"Euro-Star Joy Full Grip Kids Winter Breeches | Parima hinnaga ratsavarustuse e-pood","description":"Euro-Star Joy Full Grip Kids Winter Breeches - Laste t\u00e4isgripiga talve ratsap\u00fcksid on v\u00e4ga mugavad igale ratsutajale. Paremal s\u00e4\u00e4rel telefonitasku.","robots":{"index":"index","follow":"follow","max-snippet":"max-snippet:-1","max-image-preview":"max-image-preview:large","max-video-preview":"max-video-preview:-1"},"canonical":"https:\/\/equidash.eu\/es\/shop\/jinete\/easy-rider-joy-full-grip-kids-winter-breeches\/","og_locale":"es_ES","og_type":"article","og_title":"Euro-Star Joy Full Grip Kids Winter Breeches","og_description":"Euro-Star Joy Full Grip Kids Winter Breeches - Laste t\u00e4isgripiga talve ratsap\u00fcksid on v\u00e4ga mugavad igale ratsutajale. Paremal s\u00e4\u00e4rel telefonitasku.","og_url":"https:\/\/equidash.eu\/es\/shop\/jinete\/easy-rider-joy-full-grip-kids-winter-breeches\/","og_site_name":"Parima hinnaga ratsavarustuse e-pood","article_publisher":"https:\/\/www.facebook.com\/people\/EquiDash\/61560864479586\/","article_modified_time":"2025-06-11T18:32:46+00:00","og_image":[{"width":2560,"height":2560,"url":"https:\/\/equidash.eu\/wp-content\/uploads\/2024\/12\/Easy-Rider_Winter_Breeches_Full-Grip_Joy_Tundra-scaled.jpg","type":"image\/jpeg"}],"twitter_card":"summary_large_image","twitter_misc":{"Disponibilidad":"Disponible para reservar"},"schema":{"@context":"https:\/\/schema.org","@graph":[{"@type":"WebPage","@id":"https:\/\/equidash.eu\/shop\/rider\/easy-rider-joy-full-grip-kids-winter-breeches\/","url":"https:\/\/equidash.eu\/shop\/rider\/easy-rider-joy-full-grip-kids-winter-breeches\/","name":"Euro-Star Joy Full Grip Kids Winter Breeches | Parima hinnaga ratsavarustuse e-pood","isPartOf":{"@id":"https:\/\/equidash.eu\/#website"},"primaryImageOfPage":{"@id":"https:\/\/equidash.eu\/shop\/rider\/easy-rider-joy-full-grip-kids-winter-breeches\/#primaryimage"},"image":{"@id":"https:\/\/equidash.eu\/shop\/rider\/easy-rider-joy-full-grip-kids-winter-breeches\/#primaryimage"},"thumbnailUrl":"https:\/\/equidash.eu\/wp-content\/uploads\/2024\/12\/Easy-Rider_Winter_Breeches_Full-Grip_Joy_Tundra-scaled.jpg","datePublished":"2024-12-27T18:33:35+00:00","dateModified":"2025-06-11T18:32:46+00:00","description":"Euro-Star Joy Full Grip Kids Winter Breeches - Laste t\u00e4isgripiga talve ratsap\u00fcksid on v\u00e4ga mugavad igale ratsutajale. Paremal s\u00e4\u00e4rel telefonitasku.","breadcrumb":{"@id":"https:\/\/equidash.eu\/shop\/rider\/easy-rider-joy-full-grip-kids-winter-breeches\/#breadcrumb"},"inLanguage":"es","potentialAction":[{"@type":"ReadAction","target":["https:\/\/equidash.eu\/shop\/rider\/easy-rider-joy-full-grip-kids-winter-breeches\/"]}]},{"@type":"ImageObject","inLanguage":"es","@id":"https:\/\/equidash.eu\/shop\/rider\/easy-rider-joy-full-grip-kids-winter-breeches\/#primaryimage","url":"https:\/\/equidash.eu\/wp-content\/uploads\/2024\/12\/Easy-Rider_Winter_Breeches_Full-Grip_Joy_Tundra-scaled.jpg","contentUrl":"https:\/\/equidash.eu\/wp-content\/uploads\/2024\/12\/Easy-Rider_Winter_Breeches_Full-Grip_Joy_Tundra-scaled.jpg","width":2560,"height":2560,"caption":"Euro-Star Joy Full Grip Laste Talvised ratsap\u00fcksid \u2013 soojus, mugavus ja stiil! Tundra"},{"@type":"BreadcrumbList","@id":"https:\/\/equidash.eu\/shop\/rider\/easy-rider-joy-full-grip-kids-winter-breeches\/#breadcrumb","itemListElement":[{"@type":"ListItem","position":1,"name":"Home","item":"https:\/\/equidash.eu\/"},{"@type":"ListItem","position":2,"name":"Shop","item":"https:\/\/equidash.eu\/shop\/"},{"@type":"ListItem","position":3,"name":"Euro-Star Joy Full Grip Kids Winter Breeches"}]},{"@type":"WebSite","@id":"https:\/\/equidash.eu\/#website","url":"https:\/\/equidash.eu\/","name":"EquiDash","description":"Horse Riding Equipment and Accessories","publisher":{"@id":"https:\/\/equidash.eu\/#organization"},"alternateName":"EquiDash","potentialAction":[{"@type":"SearchAction","target":{"@type":"EntryPoint","urlTemplate":"https:\/\/equidash.eu\/?s={search_term_string}"},"query-input":{"@type":"PropertyValueSpecification","valueRequired":true,"valueName":"search_term_string"}}],"inLanguage":"es"},{"@type":"Organization","@id":"https:\/\/equidash.eu\/#organization","name":"EquiDash","alternateName":"EquiDash","url":"https:\/\/equidash.eu\/","logo":{"@type":"ImageObject","inLanguage":"es","@id":"https:\/\/equidash.eu\/#\/schema\/logo\/image\/","url":"https:\/\/equidash.eu\/wp-content\/uploads\/2024\/09\/EQUIDASH_Logo_Raud-1.png","contentUrl":"https:\/\/equidash.eu\/wp-content\/uploads\/2024\/09\/EQUIDASH_Logo_Raud-1.png","width":393,"height":422,"caption":"EquiDash"},"image":{"@id":"https:\/\/equidash.eu\/#\/schema\/logo\/image\/"},"sameAs":["https:\/\/www.facebook.com\/people\/EquiDash\/61560864479586\/","https:\/\/www.instagram.com\/equidash.eshop\/"],"email":"info@equidash.eu","telephone":"+372 59007334","legalName":"Takian Corporation O\u00dc","foundingDate":"2020-10-21","vatID":"EE102301283","numberOfEmployees":{"@type":"QuantitativeValue","minValue":"1","maxValue":"10"},"hasMerchantReturnPolicy":{"@type":"MerchantReturnPolicy","merchantReturnLink":"https:\/\/equidash.eu\/es\/return-privacy\/"}}]},"product_brand":"Euro-Star","og_availability":"backorder","product_availability":"available for order","product_retailer_item_id":"70705-4403","product_condition":"new"},"_links":{"self":[{"href":"https:\/\/equidash.eu\/es\/wp-json\/wp\/v2\/product\/1912","targetHints":{"allow":["GET"]}}],"collection":[{"href":"https:\/\/equidash.eu\/es\/wp-json\/wp\/v2\/product"}],"about":[{"href":"https:\/\/equidash.eu\/es\/wp-json\/wp\/v2\/types\/product"}],"wp:featuredmedia":[{"embeddable":true,"href":"https:\/\/equidash.eu\/es\/wp-json\/wp\/v2\/media\/1938"}],"wp:attachment":[{"href":"https:\/\/equidash.eu\/es\/wp-json\/wp\/v2\/media?parent=1912"}],"wp:term":[{"taxonomy":"product_brand","embeddable":true,"href":"https:\/\/equidash.eu\/es\/wp-json\/wp\/v2\/product_brand?post=1912"},{"taxonomy":"product_cat","embeddable":true,"href":"https:\/\/equidash.eu\/es\/wp-json\/wp\/v2\/product_cat?post=1912"},{"taxonomy":"product_tag","embeddable":true,"href":"https:\/\/equidash.eu\/es\/wp-json\/wp\/v2\/product_tag?post=1912"}],"curies":[{"name":"wp","href":"https:\/\/api.w.org\/{rel}","templated":true}]}}