{"id":1976,"date":"2024-12-28T18:34:12","date_gmt":"2024-12-28T16:34:12","guid":{"rendered":"https:\/\/equidash.eu\/?post_type=product&#038;p=1976"},"modified":"2025-08-05T11:35:47","modified_gmt":"2025-08-05T09:35:47","slug":"excellent-horse-foodie-friends-carrot","status":"publish","type":"product","link":"https:\/\/equidash.eu\/es\/shop\/horse\/excellent-horse-foodie-friends-carrot\/","title":{"rendered":"Juguete para caballo Carrot de Excellent Horse"},"content":{"rendered":"<p>Los excelentes amigos de la comida para caballos Carrot han sido desarrollados especialmente para combatir el aburrimiento en el establo. Son ideales para caballos que sufren de aburrimiento en el establo o se inquietan con facilidad. Estos amigos frutales no solo alegran el establo, sino que los caballos tambi\u00e9n pueden mordisquear el juguete o jugar con los brazos y las piernas de cuerda.<\/p>\n<p>Los Foodie Friends son muy duraderos y seguros para los caballos: est\u00e1n hechos de cuero natural y cuerda resistente y las costuras tienen doble costura.<\/p>\n<p>A estos amigos les gusta hacer compa\u00f1\u00eda a los caballos en el establo, pero tambi\u00e9n en el camino en el remolque. Gracias al lazo, puedes colgar el juguete f\u00e1cilmente. O atar el juguete con las cuerdas en el lugar deseado.<\/p>\n<p><strong>Posibilidad de elecci\u00f3n entre 2 rellenos diferentes (yute y botellas de pl\u00e1stico):<\/strong><\/p>\n<ul>\n<li>The apple, banana, <strong>la zanahoria,<\/strong>la pera y la frambuesa est\u00e1n rellenas de yute. Ideal para caballos a los que no les gustan los ruidos de crujidos.<\/li>\n<li>The watermelon, pineapple, strawberry and cherry are filled with recycled plastic bottles, which provide a stimulating crackle sound.<\/li>\n<\/ul>\n<p><strong>Dimensiones de la zanahoria (sin cuerdas):\u00a0<\/strong><\/p>\n<p>Longitud: 40 cm<br \/>\nAncho: 16 cm<br \/>\nEspesor: 5 cm<br \/>\nPeso: 380 g<\/p>\n<p><iframe loading=\"lazy\" title=\"Excellent Horse -  Foodie Friends (EN)\" width=\"1020\" height=\"574\" src=\"https:\/\/www.youtube.com\/embed\/ubsrq-fxniM?feature=oembed&#038;enablejsapi=1&#038;origin=https:\/\/equidash.eu\" frameborder=\"0\" allow=\"accelerometer; autoplay; clipboard-write; encrypted-media; gyroscope; picture-in-picture; web-share\" referrerpolicy=\"strict-origin-when-cross-origin\" allowfullscreen><\/iframe><\/p>\n<p>&nbsp;<\/p>\n<p>&nbsp;<\/p>","protected":false},"excerpt":{"rendered":"<p><a href=\"https:\/\/equidash.eu\/es\/etiqueta-producto\/excellent-horse\/\"><img decoding=\"async\" style=\"height: 60px; margin-top: 20px;\" src=\"https:\/\/equidash.eu\/wp-content\/uploads\/2024\/12\/Excellent-Horse-logo.png\" alt=\"\" \/><\/a><\/p>","protected":false},"featured_media":1978,"template":"","meta":{"_acf_changed":false,"_joinchat":[]},"product_brand":[508],"product_cat":[27,251,252],"product_tag":[402,406],"class_list":{"0":"post-1976","1":"product","2":"type-product","3":"status-publish","4":"has-post-thumbnail","6":"product_brand-excellent-horse","7":"product_cat-horse","8":"product_cat-horse-feed-nutrition","9":"product_cat-toys-for-horses","10":"product_tag-excellent-horse","11":"product_tag-foodie-friends","13":"first","14":"onbackorder","15":"taxable","16":"shipping-taxable","17":"purchasable","18":"product-type-simple"},"acf":[],"yoast_head":"<!-- This site is optimized with the Yoast SEO Premium plugin v26.2 (Yoast SEO v27.3) - https:\/\/yoast.com\/product\/yoast-seo-premium-wordpress\/ -->\n<title>Excellent Horse Foodie Friends Carrot | Parima hinnaga ratsavarustuse e-pood<\/title>\n<meta name=\"description\" content=\"Excellent Horse Foodie Friends Carrot - porgandikujuline ohutu ja vastupidav m\u00e4nguasi hobusele igavuse peletamise vastu. Sobib nii talli kui treilerisse.\" \/>\n<meta name=\"robots\" content=\"index, follow, max-snippet:-1, max-image-preview:large, max-video-preview:-1\" \/>\n<link rel=\"canonical\" href=\"https:\/\/equidash.eu\/es\/shop\/caballo\/excellent-horse-foodie-friends-carrot\/\" \/>\n<meta property=\"og:locale\" content=\"es_ES\" \/>\n<meta property=\"og:type\" content=\"article\" \/>\n<meta property=\"og:title\" content=\"Excellent Horse Foodie Friends Carrot\" \/>\n<meta property=\"og:description\" content=\"Excellent Horse Foodie Friends Carrot - porgandikujuline ohutu ja vastupidav m\u00e4nguasi hobusele igavuse peletamise vastu. Sobib nii talli kui treilerisse.\" \/>\n<meta property=\"og:url\" content=\"https:\/\/equidash.eu\/es\/shop\/caballo\/excellent-horse-foodie-friends-carrot\/\" \/>\n<meta property=\"og:site_name\" content=\"Parima hinnaga ratsavarustuse e-pood\" \/>\n<meta property=\"article:publisher\" content=\"https:\/\/www.facebook.com\/people\/EquiDash\/61560864479586\/\" \/>\n<meta property=\"article:modified_time\" content=\"2025-08-05T09:35:47+00:00\" \/>\n<meta property=\"og:image\" content=\"https:\/\/equidash.eu\/wp-content\/uploads\/2024\/12\/Excellent_Foodie-Friends_Carrot.png\" \/>\n\t<meta property=\"og:image:width\" content=\"1080\" \/>\n\t<meta property=\"og:image:height\" content=\"1080\" \/>\n\t<meta property=\"og:image:type\" content=\"image\/png\" \/>\n<meta name=\"twitter:card\" content=\"summary_large_image\" \/>\n<meta name=\"twitter:label1\" content=\"Precio\" \/>\n\t<meta name=\"twitter:data1\" content=\"19,95&nbsp;&euro;\" \/>\n\t<meta name=\"twitter:label2\" content=\"Disponibilidad\" \/>\n\t<meta name=\"twitter:data2\" content=\"Disponible para reservar\" \/>\n<script type=\"application\/ld+json\" class=\"yoast-schema-graph\">{\"@context\":\"https:\\\/\\\/schema.org\",\"@graph\":[{\"@type\":\"WebPage\",\"@id\":\"https:\\\/\\\/equidash.eu\\\/shop\\\/horse\\\/excellent-horse-foodie-friends-carrot\\\/\",\"url\":\"https:\\\/\\\/equidash.eu\\\/shop\\\/horse\\\/excellent-horse-foodie-friends-carrot\\\/\",\"name\":\"Excellent Horse Foodie Friends Carrot | Parima hinnaga ratsavarustuse e-pood\",\"isPartOf\":{\"@id\":\"https:\\\/\\\/equidash.eu\\\/#website\"},\"primaryImageOfPage\":{\"@id\":\"https:\\\/\\\/equidash.eu\\\/shop\\\/horse\\\/excellent-horse-foodie-friends-carrot\\\/#primaryimage\"},\"image\":{\"@id\":\"https:\\\/\\\/equidash.eu\\\/shop\\\/horse\\\/excellent-horse-foodie-friends-carrot\\\/#primaryimage\"},\"thumbnailUrl\":\"https:\\\/\\\/equidash.eu\\\/wp-content\\\/uploads\\\/2024\\\/12\\\/Excellent_Foodie-Friends_Carrot.png\",\"datePublished\":\"2024-12-28T16:34:12+00:00\",\"dateModified\":\"2025-08-05T09:35:47+00:00\",\"description\":\"Excellent Horse Foodie Friends Carrot - porgandikujuline ohutu ja vastupidav m\u00e4nguasi hobusele igavuse peletamise vastu. Sobib nii talli kui treilerisse.\",\"breadcrumb\":{\"@id\":\"https:\\\/\\\/equidash.eu\\\/shop\\\/horse\\\/excellent-horse-foodie-friends-carrot\\\/#breadcrumb\"},\"inLanguage\":\"es\",\"potentialAction\":[{\"@type\":\"ReadAction\",\"target\":[\"https:\\\/\\\/equidash.eu\\\/shop\\\/horse\\\/excellent-horse-foodie-friends-carrot\\\/\"]}]},{\"@type\":\"ImageObject\",\"inLanguage\":\"es\",\"@id\":\"https:\\\/\\\/equidash.eu\\\/shop\\\/horse\\\/excellent-horse-foodie-friends-carrot\\\/#primaryimage\",\"url\":\"https:\\\/\\\/equidash.eu\\\/wp-content\\\/uploads\\\/2024\\\/12\\\/Excellent_Foodie-Friends_Carrot.png\",\"contentUrl\":\"https:\\\/\\\/equidash.eu\\\/wp-content\\\/uploads\\\/2024\\\/12\\\/Excellent_Foodie-Friends_Carrot.png\",\"width\":1080,\"height\":1080,\"caption\":\"Foodie Friends Carrot \u2013 hobustele m\u00f5eldud m\u00e4nguasi, mis leevendab igavust ja pakub meelelahutust! Porgand\"},{\"@type\":\"BreadcrumbList\",\"@id\":\"https:\\\/\\\/equidash.eu\\\/shop\\\/horse\\\/excellent-horse-foodie-friends-carrot\\\/#breadcrumb\",\"itemListElement\":[{\"@type\":\"ListItem\",\"position\":1,\"name\":\"Home\",\"item\":\"https:\\\/\\\/equidash.eu\\\/\"},{\"@type\":\"ListItem\",\"position\":2,\"name\":\"Shop\",\"item\":\"https:\\\/\\\/equidash.eu\\\/shop\\\/\"},{\"@type\":\"ListItem\",\"position\":3,\"name\":\"Excellent Horse Foodie Friends Carrot\"}]},{\"@type\":\"WebSite\",\"@id\":\"https:\\\/\\\/equidash.eu\\\/#website\",\"url\":\"https:\\\/\\\/equidash.eu\\\/\",\"name\":\"EquiDash\",\"description\":\"Horse Riding Equipment and Accessories\",\"publisher\":{\"@id\":\"https:\\\/\\\/equidash.eu\\\/#organization\"},\"alternateName\":\"EquiDash\",\"potentialAction\":[{\"@type\":\"SearchAction\",\"target\":{\"@type\":\"EntryPoint\",\"urlTemplate\":\"https:\\\/\\\/equidash.eu\\\/?s={search_term_string}\"},\"query-input\":{\"@type\":\"PropertyValueSpecification\",\"valueRequired\":true,\"valueName\":\"search_term_string\"}}],\"inLanguage\":\"es\"},{\"@type\":\"Organization\",\"@id\":\"https:\\\/\\\/equidash.eu\\\/#organization\",\"name\":\"EquiDash\",\"alternateName\":\"EquiDash\",\"url\":\"https:\\\/\\\/equidash.eu\\\/\",\"logo\":{\"@type\":\"ImageObject\",\"inLanguage\":\"es\",\"@id\":\"https:\\\/\\\/equidash.eu\\\/#\\\/schema\\\/logo\\\/image\\\/\",\"url\":\"https:\\\/\\\/equidash.eu\\\/wp-content\\\/uploads\\\/2024\\\/09\\\/EQUIDASH_Logo_Raud-1.png\",\"contentUrl\":\"https:\\\/\\\/equidash.eu\\\/wp-content\\\/uploads\\\/2024\\\/09\\\/EQUIDASH_Logo_Raud-1.png\",\"width\":393,\"height\":422,\"caption\":\"EquiDash\"},\"image\":{\"@id\":\"https:\\\/\\\/equidash.eu\\\/#\\\/schema\\\/logo\\\/image\\\/\"},\"sameAs\":[\"https:\\\/\\\/www.facebook.com\\\/people\\\/EquiDash\\\/61560864479586\\\/\",\"https:\\\/\\\/www.instagram.com\\\/equidash.eshop\\\/\"],\"email\":\"info@equidash.eu\",\"telephone\":\"+372 59007334\",\"legalName\":\"Takian Corporation O\u00dc\",\"foundingDate\":\"2020-10-21\",\"vatID\":\"EE102301283\",\"numberOfEmployees\":{\"@type\":\"QuantitativeValue\",\"minValue\":\"1\",\"maxValue\":\"10\"},\"hasMerchantReturnPolicy\":{\"@type\":\"MerchantReturnPolicy\",\"merchantReturnLink\":\"https:\\\/\\\/equidash.eu\\\/es\\\/return-privacy\\\/\"}}]}<\/script>\n<meta property=\"product:brand\" content=\"Excellent Horse\" \/>\n<meta property=\"product:price:amount\" content=\"19.95\" \/>\n<meta property=\"product:price:currency\" content=\"EUR\" \/>\n<meta property=\"og:availability\" content=\"backorder\" \/>\n<meta property=\"product:availability\" content=\"available for order\" \/>\n<meta property=\"product:retailer_item_id\" content=\"EXCE01050C\" \/>\n<meta property=\"product:condition\" content=\"new\" \/>\n<!-- \/ Yoast SEO Premium plugin. -->","yoast_head_json":{"title":"Excellent Horse Foodie Friends Carrot | Parima hinnaga ratsavarustuse e-pood","description":"Excellent Horse Foodie Friends Carrot - porgandikujuline ohutu ja vastupidav m\u00e4nguasi hobusele igavuse peletamise vastu. Sobib nii talli kui treilerisse.","robots":{"index":"index","follow":"follow","max-snippet":"max-snippet:-1","max-image-preview":"max-image-preview:large","max-video-preview":"max-video-preview:-1"},"canonical":"https:\/\/equidash.eu\/es\/shop\/caballo\/excellent-horse-foodie-friends-carrot\/","og_locale":"es_ES","og_type":"article","og_title":"Excellent Horse Foodie Friends Carrot","og_description":"Excellent Horse Foodie Friends Carrot - porgandikujuline ohutu ja vastupidav m\u00e4nguasi hobusele igavuse peletamise vastu. Sobib nii talli kui treilerisse.","og_url":"https:\/\/equidash.eu\/es\/shop\/caballo\/excellent-horse-foodie-friends-carrot\/","og_site_name":"Parima hinnaga ratsavarustuse e-pood","article_publisher":"https:\/\/www.facebook.com\/people\/EquiDash\/61560864479586\/","article_modified_time":"2025-08-05T09:35:47+00:00","og_image":[{"width":1080,"height":1080,"url":"https:\/\/equidash.eu\/wp-content\/uploads\/2024\/12\/Excellent_Foodie-Friends_Carrot.png","type":"image\/png"}],"twitter_card":"summary_large_image","twitter_misc":{"Precio":"19,95&nbsp;&euro;","Disponibilidad":"Disponible para reservar"},"schema":{"@context":"https:\/\/schema.org","@graph":[{"@type":"WebPage","@id":"https:\/\/equidash.eu\/shop\/horse\/excellent-horse-foodie-friends-carrot\/","url":"https:\/\/equidash.eu\/shop\/horse\/excellent-horse-foodie-friends-carrot\/","name":"Excellent Horse Foodie Friends Carrot | Parima hinnaga ratsavarustuse e-pood","isPartOf":{"@id":"https:\/\/equidash.eu\/#website"},"primaryImageOfPage":{"@id":"https:\/\/equidash.eu\/shop\/horse\/excellent-horse-foodie-friends-carrot\/#primaryimage"},"image":{"@id":"https:\/\/equidash.eu\/shop\/horse\/excellent-horse-foodie-friends-carrot\/#primaryimage"},"thumbnailUrl":"https:\/\/equidash.eu\/wp-content\/uploads\/2024\/12\/Excellent_Foodie-Friends_Carrot.png","datePublished":"2024-12-28T16:34:12+00:00","dateModified":"2025-08-05T09:35:47+00:00","description":"Excellent Horse Foodie Friends Carrot - porgandikujuline ohutu ja vastupidav m\u00e4nguasi hobusele igavuse peletamise vastu. Sobib nii talli kui treilerisse.","breadcrumb":{"@id":"https:\/\/equidash.eu\/shop\/horse\/excellent-horse-foodie-friends-carrot\/#breadcrumb"},"inLanguage":"es","potentialAction":[{"@type":"ReadAction","target":["https:\/\/equidash.eu\/shop\/horse\/excellent-horse-foodie-friends-carrot\/"]}]},{"@type":"ImageObject","inLanguage":"es","@id":"https:\/\/equidash.eu\/shop\/horse\/excellent-horse-foodie-friends-carrot\/#primaryimage","url":"https:\/\/equidash.eu\/wp-content\/uploads\/2024\/12\/Excellent_Foodie-Friends_Carrot.png","contentUrl":"https:\/\/equidash.eu\/wp-content\/uploads\/2024\/12\/Excellent_Foodie-Friends_Carrot.png","width":1080,"height":1080,"caption":"Foodie Friends Carrot \u2013 hobustele m\u00f5eldud m\u00e4nguasi, mis leevendab igavust ja pakub meelelahutust! Porgand"},{"@type":"BreadcrumbList","@id":"https:\/\/equidash.eu\/shop\/horse\/excellent-horse-foodie-friends-carrot\/#breadcrumb","itemListElement":[{"@type":"ListItem","position":1,"name":"Home","item":"https:\/\/equidash.eu\/"},{"@type":"ListItem","position":2,"name":"Shop","item":"https:\/\/equidash.eu\/shop\/"},{"@type":"ListItem","position":3,"name":"Excellent Horse Foodie Friends Carrot"}]},{"@type":"WebSite","@id":"https:\/\/equidash.eu\/#website","url":"https:\/\/equidash.eu\/","name":"EquiDash","description":"Horse Riding Equipment and Accessories","publisher":{"@id":"https:\/\/equidash.eu\/#organization"},"alternateName":"EquiDash","potentialAction":[{"@type":"SearchAction","target":{"@type":"EntryPoint","urlTemplate":"https:\/\/equidash.eu\/?s={search_term_string}"},"query-input":{"@type":"PropertyValueSpecification","valueRequired":true,"valueName":"search_term_string"}}],"inLanguage":"es"},{"@type":"Organization","@id":"https:\/\/equidash.eu\/#organization","name":"EquiDash","alternateName":"EquiDash","url":"https:\/\/equidash.eu\/","logo":{"@type":"ImageObject","inLanguage":"es","@id":"https:\/\/equidash.eu\/#\/schema\/logo\/image\/","url":"https:\/\/equidash.eu\/wp-content\/uploads\/2024\/09\/EQUIDASH_Logo_Raud-1.png","contentUrl":"https:\/\/equidash.eu\/wp-content\/uploads\/2024\/09\/EQUIDASH_Logo_Raud-1.png","width":393,"height":422,"caption":"EquiDash"},"image":{"@id":"https:\/\/equidash.eu\/#\/schema\/logo\/image\/"},"sameAs":["https:\/\/www.facebook.com\/people\/EquiDash\/61560864479586\/","https:\/\/www.instagram.com\/equidash.eshop\/"],"email":"info@equidash.eu","telephone":"+372 59007334","legalName":"Takian Corporation O\u00dc","foundingDate":"2020-10-21","vatID":"EE102301283","numberOfEmployees":{"@type":"QuantitativeValue","minValue":"1","maxValue":"10"},"hasMerchantReturnPolicy":{"@type":"MerchantReturnPolicy","merchantReturnLink":"https:\/\/equidash.eu\/es\/return-privacy\/"}}]},"product_brand":"Excellent Horse","product_price_amount":"19.95","product_price_currency":"EUR","og_availability":"backorder","product_availability":"available for order","product_retailer_item_id":"EXCE01050C","product_condition":"new"},"_links":{"self":[{"href":"https:\/\/equidash.eu\/es\/wp-json\/wp\/v2\/product\/1976","targetHints":{"allow":["GET"]}}],"collection":[{"href":"https:\/\/equidash.eu\/es\/wp-json\/wp\/v2\/product"}],"about":[{"href":"https:\/\/equidash.eu\/es\/wp-json\/wp\/v2\/types\/product"}],"wp:featuredmedia":[{"embeddable":true,"href":"https:\/\/equidash.eu\/es\/wp-json\/wp\/v2\/media\/1978"}],"wp:attachment":[{"href":"https:\/\/equidash.eu\/es\/wp-json\/wp\/v2\/media?parent=1976"}],"wp:term":[{"taxonomy":"product_brand","embeddable":true,"href":"https:\/\/equidash.eu\/es\/wp-json\/wp\/v2\/product_brand?post=1976"},{"taxonomy":"product_cat","embeddable":true,"href":"https:\/\/equidash.eu\/es\/wp-json\/wp\/v2\/product_cat?post=1976"},{"taxonomy":"product_tag","embeddable":true,"href":"https:\/\/equidash.eu\/es\/wp-json\/wp\/v2\/product_tag?post=1976"}],"curies":[{"name":"wp","href":"https:\/\/api.w.org\/{rel}","templated":true}]}}