{"id":2077,"date":"2025-01-03T18:36:53","date_gmt":"2025-01-03T16:36:53","guid":{"rendered":"https:\/\/equidash.eu\/?post_type=product&#038;p=2077"},"modified":"2025-01-25T01:05:05","modified_gmt":"2025-01-24T23:05:05","slug":"hv-polo-saddle-pad-femke-dr","status":"publish","type":"product","link":"https:\/\/equidash.eu\/es\/shop\/sales\/hv-polo-saddle-pad-femke-dr\/","title":{"rendered":"HV Polo Mantilla Femke DR"},"content":{"rendered":"<p>El mantilla HV Polo Femke DR es un coj\u00edn deportivo fabricado con material de memoria sint\u00e9tica. Cuenta con una l\u00ednea trasera de malla y una secci\u00f3n de malla debajo de la silla, lo que mejora la ventilaci\u00f3n. La suave piel sint\u00e9tica en la cruz aumenta la comodidad. Las cuerdas elegantes a lo largo de los bordes y el logo de la marca bellamente estampado en la esquina a\u00f1aden un toque de estilo.<\/p>\n<ul>\n<li>Dise\u00f1o de material de memoria de forma<\/li>\n<li>Lomo de malla y parte de malla bajo la silla para una ventilaci\u00f3n suplementaria<\/li>\n<li>Pelo sint\u00e9tico en la cruz<\/li>\n<li>Cordones en el borde para una sujeci\u00f3n perfecta<\/li>\n<li>Tejido ligero y transpirable<\/li>\n<\/ul>","protected":false},"excerpt":{"rendered":"<p><a href=\"https:\/\/equidash.es\/product-tag\/hv-polo\/\"><img decoding=\"async\" style=\"height: 60px; margin-top: 20px;\" src=\"https:\/\/equidash.eu\/wp-content\/uploads\/2024\/10\/HVP-1.png\" alt=\"\" \/><\/a><\/p>","protected":false},"featured_media":2084,"template":"","meta":{"_acf_changed":false,"_joinchat":[]},"product_brand":[511],"product_cat":[188,27,186,15],"product_tag":[38,429,28],"class_list":{"0":"post-2077","1":"product","2":"type-product","3":"status-publish","4":"has-post-thumbnail","6":"product_brand-hv-polo","7":"product_cat-dressage-saddle-pads-horse","8":"product_cat-horse","9":"product_cat-saddle-pads-horse","10":"product_cat-sales","11":"product_tag-dressage","12":"product_tag-femke","13":"product_tag-hv-polo","14":"pa_colors-beige","15":"pa_colors-black","16":"pa_colors-navy","17":"pa_size-full","19":"first","20":"onbackorder","21":"sale","22":"taxable","23":"shipping-taxable","24":"purchasable","25":"product-type-variable"},"acf":[],"yoast_head":"<!-- This site is optimized with the Yoast SEO Premium plugin v26.2 (Yoast SEO v27.3) - https:\/\/yoast.com\/product\/yoast-seo-premium-wordpress\/ -->\n<title>HV Polo Saddle Pad Femke DR | Parima hinnaga ratsavarustuse e-pood<\/title>\n<meta name=\"description\" content=\"HV Polo Saddle Pad Femke DR - elegantne koolis\u00f5iduvaltrap kunstlambakarvast pehmendusega turja osa, mis lisab rohkem mugavust hobusele.\" \/>\n<meta name=\"robots\" content=\"index, follow, max-snippet:-1, max-image-preview:large, max-video-preview:-1\" \/>\n<link rel=\"canonical\" href=\"https:\/\/equidash.eu\/es\/shop\/sales\/hv-polo-saddle-pad-femke-dr\/\" \/>\n<meta property=\"og:locale\" content=\"es_ES\" \/>\n<meta property=\"og:type\" content=\"article\" \/>\n<meta property=\"og:title\" content=\"HV Polo Saddle Pad Femke DR\" \/>\n<meta property=\"og:description\" content=\"HV Polo Saddle Pad Femke DR - elegantne koolis\u00f5iduvaltrap kunstlambakarvast pehmendusega turja osa, mis lisab rohkem mugavust hobusele.\" \/>\n<meta property=\"og:url\" content=\"https:\/\/equidash.eu\/es\/shop\/sales\/hv-polo-saddle-pad-femke-dr\/\" \/>\n<meta property=\"og:site_name\" content=\"Parima hinnaga ratsavarustuse e-pood\" \/>\n<meta property=\"article:publisher\" content=\"https:\/\/www.facebook.com\/people\/EquiDash\/61560864479586\/\" \/>\n<meta property=\"article:modified_time\" content=\"2025-01-24T23:05:05+00:00\" \/>\n<meta property=\"og:image\" content=\"https:\/\/equidash.eu\/wp-content\/uploads\/2025\/01\/HV-Polo_Saddlepad_Femke_DR_Dark-daupe.png\" \/>\n\t<meta property=\"og:image:width\" content=\"1080\" \/>\n\t<meta property=\"og:image:height\" content=\"1080\" \/>\n\t<meta property=\"og:image:type\" content=\"image\/png\" \/>\n<meta name=\"twitter:card\" content=\"summary_large_image\" \/>\n<meta name=\"twitter:label1\" content=\"Disponibilidad\" \/>\n\t<meta name=\"twitter:data1\" content=\"Disponible para reservar\" \/>\n<script type=\"application\/ld+json\" class=\"yoast-schema-graph\">{\"@context\":\"https:\\\/\\\/schema.org\",\"@graph\":[{\"@type\":\"WebPage\",\"@id\":\"https:\\\/\\\/equidash.eu\\\/shop\\\/sales\\\/hv-polo-saddle-pad-femke-dr\\\/\",\"url\":\"https:\\\/\\\/equidash.eu\\\/shop\\\/sales\\\/hv-polo-saddle-pad-femke-dr\\\/\",\"name\":\"HV Polo Saddle Pad Femke DR | Parima hinnaga ratsavarustuse e-pood\",\"isPartOf\":{\"@id\":\"https:\\\/\\\/equidash.eu\\\/#website\"},\"primaryImageOfPage\":{\"@id\":\"https:\\\/\\\/equidash.eu\\\/shop\\\/sales\\\/hv-polo-saddle-pad-femke-dr\\\/#primaryimage\"},\"image\":{\"@id\":\"https:\\\/\\\/equidash.eu\\\/shop\\\/sales\\\/hv-polo-saddle-pad-femke-dr\\\/#primaryimage\"},\"thumbnailUrl\":\"https:\\\/\\\/equidash.eu\\\/wp-content\\\/uploads\\\/2025\\\/01\\\/HV-Polo_Saddlepad_Femke_DR_Dark-daupe.png\",\"datePublished\":\"2025-01-03T16:36:53+00:00\",\"dateModified\":\"2025-01-24T23:05:05+00:00\",\"description\":\"HV Polo Saddle Pad Femke DR - elegantne koolis\u00f5iduvaltrap kunstlambakarvast pehmendusega turja osa, mis lisab rohkem mugavust hobusele.\",\"breadcrumb\":{\"@id\":\"https:\\\/\\\/equidash.eu\\\/shop\\\/sales\\\/hv-polo-saddle-pad-femke-dr\\\/#breadcrumb\"},\"inLanguage\":\"es\",\"potentialAction\":[{\"@type\":\"ReadAction\",\"target\":[\"https:\\\/\\\/equidash.eu\\\/shop\\\/sales\\\/hv-polo-saddle-pad-femke-dr\\\/\"]}]},{\"@type\":\"ImageObject\",\"inLanguage\":\"es\",\"@id\":\"https:\\\/\\\/equidash.eu\\\/shop\\\/sales\\\/hv-polo-saddle-pad-femke-dr\\\/#primaryimage\",\"url\":\"https:\\\/\\\/equidash.eu\\\/wp-content\\\/uploads\\\/2025\\\/01\\\/HV-Polo_Saddlepad_Femke_DR_Dark-daupe.png\",\"contentUrl\":\"https:\\\/\\\/equidash.eu\\\/wp-content\\\/uploads\\\/2025\\\/01\\\/HV-Polo_Saddlepad_Femke_DR_Dark-daupe.png\",\"width\":1080,\"height\":1080,\"caption\":\"HV Polo Femke DR valtrap sportliku disainiga ja mugavuse tagamiseks. Beige\"},{\"@type\":\"BreadcrumbList\",\"@id\":\"https:\\\/\\\/equidash.eu\\\/shop\\\/sales\\\/hv-polo-saddle-pad-femke-dr\\\/#breadcrumb\",\"itemListElement\":[{\"@type\":\"ListItem\",\"position\":1,\"name\":\"Home\",\"item\":\"https:\\\/\\\/equidash.eu\\\/\"},{\"@type\":\"ListItem\",\"position\":2,\"name\":\"Shop\",\"item\":\"https:\\\/\\\/equidash.eu\\\/shop\\\/\"},{\"@type\":\"ListItem\",\"position\":3,\"name\":\"HV Polo Saddle Pad Femke DR\"}]},{\"@type\":\"WebSite\",\"@id\":\"https:\\\/\\\/equidash.eu\\\/#website\",\"url\":\"https:\\\/\\\/equidash.eu\\\/\",\"name\":\"EquiDash\",\"description\":\"Horse Riding Equipment and Accessories\",\"publisher\":{\"@id\":\"https:\\\/\\\/equidash.eu\\\/#organization\"},\"alternateName\":\"EquiDash\",\"potentialAction\":[{\"@type\":\"SearchAction\",\"target\":{\"@type\":\"EntryPoint\",\"urlTemplate\":\"https:\\\/\\\/equidash.eu\\\/?s={search_term_string}\"},\"query-input\":{\"@type\":\"PropertyValueSpecification\",\"valueRequired\":true,\"valueName\":\"search_term_string\"}}],\"inLanguage\":\"es\"},{\"@type\":\"Organization\",\"@id\":\"https:\\\/\\\/equidash.eu\\\/#organization\",\"name\":\"EquiDash\",\"alternateName\":\"EquiDash\",\"url\":\"https:\\\/\\\/equidash.eu\\\/\",\"logo\":{\"@type\":\"ImageObject\",\"inLanguage\":\"es\",\"@id\":\"https:\\\/\\\/equidash.eu\\\/#\\\/schema\\\/logo\\\/image\\\/\",\"url\":\"https:\\\/\\\/equidash.eu\\\/wp-content\\\/uploads\\\/2024\\\/09\\\/EQUIDASH_Logo_Raud-1.png\",\"contentUrl\":\"https:\\\/\\\/equidash.eu\\\/wp-content\\\/uploads\\\/2024\\\/09\\\/EQUIDASH_Logo_Raud-1.png\",\"width\":393,\"height\":422,\"caption\":\"EquiDash\"},\"image\":{\"@id\":\"https:\\\/\\\/equidash.eu\\\/#\\\/schema\\\/logo\\\/image\\\/\"},\"sameAs\":[\"https:\\\/\\\/www.facebook.com\\\/people\\\/EquiDash\\\/61560864479586\\\/\",\"https:\\\/\\\/www.instagram.com\\\/equidash.eshop\\\/\"],\"email\":\"info@equidash.eu\",\"telephone\":\"+372 59007334\",\"legalName\":\"Takian Corporation O\u00dc\",\"foundingDate\":\"2020-10-21\",\"vatID\":\"EE102301283\",\"numberOfEmployees\":{\"@type\":\"QuantitativeValue\",\"minValue\":\"1\",\"maxValue\":\"10\"},\"hasMerchantReturnPolicy\":{\"@type\":\"MerchantReturnPolicy\",\"merchantReturnLink\":\"https:\\\/\\\/equidash.eu\\\/es\\\/return-privacy\\\/\"}}]}<\/script>\n<meta property=\"product:brand\" content=\"HV Polo\" \/>\n<meta property=\"og:availability\" content=\"backorder\" \/>\n<meta property=\"product:availability\" content=\"available for order\" \/>\n<meta property=\"product:retailer_item_id\" content=\"0802093351\" \/>\n<meta property=\"product:condition\" content=\"new\" \/>\n<!-- \/ Yoast SEO Premium plugin. -->","yoast_head_json":{"title":"HV Polo Saddle Pad Femke DR | Parima hinnaga ratsavarustuse e-pood","description":"HV Polo Saddle Pad Femke DR - elegantne koolis\u00f5iduvaltrap kunstlambakarvast pehmendusega turja osa, mis lisab rohkem mugavust hobusele.","robots":{"index":"index","follow":"follow","max-snippet":"max-snippet:-1","max-image-preview":"max-image-preview:large","max-video-preview":"max-video-preview:-1"},"canonical":"https:\/\/equidash.eu\/es\/shop\/sales\/hv-polo-saddle-pad-femke-dr\/","og_locale":"es_ES","og_type":"article","og_title":"HV Polo Saddle Pad Femke DR","og_description":"HV Polo Saddle Pad Femke DR - elegantne koolis\u00f5iduvaltrap kunstlambakarvast pehmendusega turja osa, mis lisab rohkem mugavust hobusele.","og_url":"https:\/\/equidash.eu\/es\/shop\/sales\/hv-polo-saddle-pad-femke-dr\/","og_site_name":"Parima hinnaga ratsavarustuse e-pood","article_publisher":"https:\/\/www.facebook.com\/people\/EquiDash\/61560864479586\/","article_modified_time":"2025-01-24T23:05:05+00:00","og_image":[{"width":1080,"height":1080,"url":"https:\/\/equidash.eu\/wp-content\/uploads\/2025\/01\/HV-Polo_Saddlepad_Femke_DR_Dark-daupe.png","type":"image\/png"}],"twitter_card":"summary_large_image","twitter_misc":{"Disponibilidad":"Disponible para reservar"},"schema":{"@context":"https:\/\/schema.org","@graph":[{"@type":"WebPage","@id":"https:\/\/equidash.eu\/shop\/sales\/hv-polo-saddle-pad-femke-dr\/","url":"https:\/\/equidash.eu\/shop\/sales\/hv-polo-saddle-pad-femke-dr\/","name":"HV Polo Saddle Pad Femke DR | Parima hinnaga ratsavarustuse e-pood","isPartOf":{"@id":"https:\/\/equidash.eu\/#website"},"primaryImageOfPage":{"@id":"https:\/\/equidash.eu\/shop\/sales\/hv-polo-saddle-pad-femke-dr\/#primaryimage"},"image":{"@id":"https:\/\/equidash.eu\/shop\/sales\/hv-polo-saddle-pad-femke-dr\/#primaryimage"},"thumbnailUrl":"https:\/\/equidash.eu\/wp-content\/uploads\/2025\/01\/HV-Polo_Saddlepad_Femke_DR_Dark-daupe.png","datePublished":"2025-01-03T16:36:53+00:00","dateModified":"2025-01-24T23:05:05+00:00","description":"HV Polo Saddle Pad Femke DR - elegantne koolis\u00f5iduvaltrap kunstlambakarvast pehmendusega turja osa, mis lisab rohkem mugavust hobusele.","breadcrumb":{"@id":"https:\/\/equidash.eu\/shop\/sales\/hv-polo-saddle-pad-femke-dr\/#breadcrumb"},"inLanguage":"es","potentialAction":[{"@type":"ReadAction","target":["https:\/\/equidash.eu\/shop\/sales\/hv-polo-saddle-pad-femke-dr\/"]}]},{"@type":"ImageObject","inLanguage":"es","@id":"https:\/\/equidash.eu\/shop\/sales\/hv-polo-saddle-pad-femke-dr\/#primaryimage","url":"https:\/\/equidash.eu\/wp-content\/uploads\/2025\/01\/HV-Polo_Saddlepad_Femke_DR_Dark-daupe.png","contentUrl":"https:\/\/equidash.eu\/wp-content\/uploads\/2025\/01\/HV-Polo_Saddlepad_Femke_DR_Dark-daupe.png","width":1080,"height":1080,"caption":"HV Polo Femke DR valtrap sportliku disainiga ja mugavuse tagamiseks. Beige"},{"@type":"BreadcrumbList","@id":"https:\/\/equidash.eu\/shop\/sales\/hv-polo-saddle-pad-femke-dr\/#breadcrumb","itemListElement":[{"@type":"ListItem","position":1,"name":"Home","item":"https:\/\/equidash.eu\/"},{"@type":"ListItem","position":2,"name":"Shop","item":"https:\/\/equidash.eu\/shop\/"},{"@type":"ListItem","position":3,"name":"HV Polo Saddle Pad Femke DR"}]},{"@type":"WebSite","@id":"https:\/\/equidash.eu\/#website","url":"https:\/\/equidash.eu\/","name":"EquiDash","description":"Horse Riding Equipment and Accessories","publisher":{"@id":"https:\/\/equidash.eu\/#organization"},"alternateName":"EquiDash","potentialAction":[{"@type":"SearchAction","target":{"@type":"EntryPoint","urlTemplate":"https:\/\/equidash.eu\/?s={search_term_string}"},"query-input":{"@type":"PropertyValueSpecification","valueRequired":true,"valueName":"search_term_string"}}],"inLanguage":"es"},{"@type":"Organization","@id":"https:\/\/equidash.eu\/#organization","name":"EquiDash","alternateName":"EquiDash","url":"https:\/\/equidash.eu\/","logo":{"@type":"ImageObject","inLanguage":"es","@id":"https:\/\/equidash.eu\/#\/schema\/logo\/image\/","url":"https:\/\/equidash.eu\/wp-content\/uploads\/2024\/09\/EQUIDASH_Logo_Raud-1.png","contentUrl":"https:\/\/equidash.eu\/wp-content\/uploads\/2024\/09\/EQUIDASH_Logo_Raud-1.png","width":393,"height":422,"caption":"EquiDash"},"image":{"@id":"https:\/\/equidash.eu\/#\/schema\/logo\/image\/"},"sameAs":["https:\/\/www.facebook.com\/people\/EquiDash\/61560864479586\/","https:\/\/www.instagram.com\/equidash.eshop\/"],"email":"info@equidash.eu","telephone":"+372 59007334","legalName":"Takian Corporation O\u00dc","foundingDate":"2020-10-21","vatID":"EE102301283","numberOfEmployees":{"@type":"QuantitativeValue","minValue":"1","maxValue":"10"},"hasMerchantReturnPolicy":{"@type":"MerchantReturnPolicy","merchantReturnLink":"https:\/\/equidash.eu\/es\/return-privacy\/"}}]},"product_brand":"HV Polo","og_availability":"backorder","product_availability":"available for order","product_retailer_item_id":"0802093351","product_condition":"new"},"_links":{"self":[{"href":"https:\/\/equidash.eu\/es\/wp-json\/wp\/v2\/product\/2077","targetHints":{"allow":["GET"]}}],"collection":[{"href":"https:\/\/equidash.eu\/es\/wp-json\/wp\/v2\/product"}],"about":[{"href":"https:\/\/equidash.eu\/es\/wp-json\/wp\/v2\/types\/product"}],"wp:featuredmedia":[{"embeddable":true,"href":"https:\/\/equidash.eu\/es\/wp-json\/wp\/v2\/media\/2084"}],"wp:attachment":[{"href":"https:\/\/equidash.eu\/es\/wp-json\/wp\/v2\/media?parent=2077"}],"wp:term":[{"taxonomy":"product_brand","embeddable":true,"href":"https:\/\/equidash.eu\/es\/wp-json\/wp\/v2\/product_brand?post=2077"},{"taxonomy":"product_cat","embeddable":true,"href":"https:\/\/equidash.eu\/es\/wp-json\/wp\/v2\/product_cat?post=2077"},{"taxonomy":"product_tag","embeddable":true,"href":"https:\/\/equidash.eu\/es\/wp-json\/wp\/v2\/product_tag?post=2077"}],"curies":[{"name":"wp","href":"https:\/\/api.w.org\/{rel}","templated":true}]}}