{"id":2132,"date":"2025-01-05T02:03:59","date_gmt":"2025-01-05T00:03:59","guid":{"rendered":"https:\/\/equidash.eu\/?post_type=product&#038;p=2132"},"modified":"2025-06-11T12:48:56","modified_gmt":"2025-06-11T10:48:56","slug":"hay-slow-feeder-fun-flex","status":"publish","type":"product","link":"https:\/\/equidash.eu\/es\/shop\/horse\/hay-slow-feeder-fun-flex\/","title":{"rendered":"Hay Slow Feeder Fun &#038; Flex"},"content":{"rendered":"<p>El Hay Slow Feeder Fun and Flex ofrece una forma \u00fanica de ralentizar la alimentaci\u00f3n de tu caballo mientras previene el aburrimiento. Su dise\u00f1o facilita llenarlo con heno, y puedes a\u00f1adir golosinas adicionales como verduras o hierbas para mantener a tu caballo entretenido durante horas. Esto no solo es bueno para la salud de tu caballo, sino tambi\u00e9n para su bienestar mental.<\/p>\n<p>La pelota est\u00e1 hecha de caucho natural, por lo que es flexible y f\u00e1cil de limpiar. La pelota se puede colgar de forma r\u00e1pida y sencilla con la correa de nailon incluida con presillas (2 metros).<\/p>\n<p>El comedero lento de heno es adecuado para su uso en remolques, establos o pastizales. Puede llenar la bola con zanahorias, trozos de manzana, paja, pasto o hierbas para que su caballo pueda jugar durante horas.<\/p>\n<p>Con el comedero lento de heno Fun and Flex, podr\u00e1 asegurarse de que su caballo coma de forma saludable y responsable, evitando al mismo tiempo el aburrimiento y proporcion\u00e1ndole horas de juego. Este producto es un activo para cualquier propietario de caballos que desee obsequiar a su caballo con una comida deliciosa y, al mismo tiempo, promover la salud y el bienestar.<\/p>\n<p><strong>Todos los beneficios de un vistazo:<\/strong><\/p>\n<ul>\n<li>Adecuado para remolque, establo y pasto.<\/li>\n<li>Rellenar con zanahorias, trozos de manzana, paja, hierba o hierbas.<\/li>\n<li>Horas de diversi\u00f3n.<\/li>\n<li>22 cm<\/li>\n<\/ul>\n<p><strong>Viene con una correa de nailon con presillas (2 metros) para colgar la pelota.\u00a0<\/strong><\/p>","protected":false},"excerpt":{"rendered":"<p class=\"ai-optimize-23 ai-optimize-introduction\"><a href=\"https:\/\/equidash.eu\/es\/etiqueta-producto\/excellent-horse\/\"><img decoding=\"async\" style=\"height: 60px; margin-top: 20px;\" src=\"https:\/\/equidash.eu\/wp-content\/uploads\/2024\/12\/Excellent-Horse-logo.png\" alt=\"\" \/><\/a><\/p>","protected":false},"featured_media":2140,"template":"","meta":{"_acf_changed":false,"_joinchat":[]},"product_brand":[508],"product_cat":[27,251,253,252],"product_tag":[402,434,435],"class_list":{"0":"post-2132","1":"product","2":"type-product","3":"status-publish","4":"has-post-thumbnail","6":"product_brand-excellent-horse","7":"product_cat-horse","8":"product_cat-horse-feed-nutrition","9":"product_cat-horse-treats","10":"product_cat-toys-for-horses","11":"product_tag-excellent-horse","12":"product_tag-funflex","13":"product_tag-slow-feeder","14":"pa_colors-green","15":"pa_colors-orange","16":"pa_colors-pink","18":"first","19":"onbackorder","20":"taxable","21":"shipping-taxable","22":"purchasable","23":"product-type-variable"},"acf":[],"yoast_head":"<!-- This site is optimized with the Yoast SEO Premium plugin v26.2 (Yoast SEO v27.6) - https:\/\/yoast.com\/product\/yoast-seo-premium-wordpress\/ -->\n<title>Hay Slow Feeder Fun &amp; Flex | Parima hinnaga ratsavarustuse e-pood<\/title>\n<meta name=\"description\" content=\"Hay Slow Feeder Fun &amp; Flex - heinaga t\u00e4idetav m\u00e4ngupall, mis sobib treilerisse, talli v\u00f5i koplisse. T\u00e4ida porgandite, \u00f5unat\u00fckkide, heina v\u00f5i rohuga.\" \/>\n<meta name=\"robots\" content=\"index, follow, max-snippet:-1, max-image-preview:large, max-video-preview:-1\" \/>\n<link rel=\"canonical\" href=\"https:\/\/equidash.eu\/es\/shop\/caballo\/hay-slow-feeder-fun-flex\/\" \/>\n<meta property=\"og:locale\" content=\"es_ES\" \/>\n<meta property=\"og:type\" content=\"article\" \/>\n<meta property=\"og:title\" content=\"Hay Slow Feeder Fun &amp; Flex\" \/>\n<meta property=\"og:description\" content=\"Hay Slow Feeder Fun &amp; Flex - heinaga t\u00e4idetav m\u00e4ngupall, mis sobib treilerisse, talli v\u00f5i koplisse. T\u00e4ida porgandite, \u00f5unat\u00fckkide, heina v\u00f5i rohuga.\" \/>\n<meta property=\"og:url\" content=\"https:\/\/equidash.eu\/es\/shop\/caballo\/hay-slow-feeder-fun-flex\/\" \/>\n<meta property=\"og:site_name\" content=\"Parima hinnaga ratsavarustuse e-pood\" \/>\n<meta property=\"article:publisher\" content=\"https:\/\/www.facebook.com\/people\/EquiDash\/61560864479586\/\" \/>\n<meta property=\"article:modified_time\" content=\"2025-06-11T10:48:56+00:00\" \/>\n<meta property=\"og:image\" content=\"https:\/\/equidash.eu\/wp-content\/uploads\/2025\/01\/Hay-Slow-Feeder_FunFlex_Green1.png\" \/>\n\t<meta property=\"og:image:width\" content=\"1080\" \/>\n\t<meta property=\"og:image:height\" content=\"1080\" \/>\n\t<meta property=\"og:image:type\" content=\"image\/png\" \/>\n<meta name=\"twitter:card\" content=\"summary_large_image\" \/>\n<meta name=\"twitter:label1\" content=\"Disponibilidad\" \/>\n\t<meta name=\"twitter:data1\" content=\"Disponible para reservar\" \/>\n<script type=\"application\/ld+json\" class=\"yoast-schema-graph\">{\"@context\":\"https:\\\/\\\/schema.org\",\"@graph\":[{\"@type\":\"WebPage\",\"@id\":\"https:\\\/\\\/equidash.eu\\\/shop\\\/horse\\\/hay-slow-feeder-fun-flex\\\/\",\"url\":\"https:\\\/\\\/equidash.eu\\\/shop\\\/horse\\\/hay-slow-feeder-fun-flex\\\/\",\"name\":\"Hay Slow Feeder Fun & Flex | Parima hinnaga ratsavarustuse e-pood\",\"isPartOf\":{\"@id\":\"https:\\\/\\\/equidash.eu\\\/#website\"},\"primaryImageOfPage\":{\"@id\":\"https:\\\/\\\/equidash.eu\\\/shop\\\/horse\\\/hay-slow-feeder-fun-flex\\\/#primaryimage\"},\"image\":{\"@id\":\"https:\\\/\\\/equidash.eu\\\/shop\\\/horse\\\/hay-slow-feeder-fun-flex\\\/#primaryimage\"},\"thumbnailUrl\":\"https:\\\/\\\/equidash.eu\\\/wp-content\\\/uploads\\\/2025\\\/01\\\/Hay-Slow-Feeder_FunFlex_Green1.png\",\"datePublished\":\"2025-01-05T00:03:59+00:00\",\"dateModified\":\"2025-06-11T10:48:56+00:00\",\"description\":\"Hay Slow Feeder Fun & Flex - heinaga t\u00e4idetav m\u00e4ngupall, mis sobib treilerisse, talli v\u00f5i koplisse. T\u00e4ida porgandite, \u00f5unat\u00fckkide, heina v\u00f5i rohuga.\",\"breadcrumb\":{\"@id\":\"https:\\\/\\\/equidash.eu\\\/shop\\\/horse\\\/hay-slow-feeder-fun-flex\\\/#breadcrumb\"},\"inLanguage\":\"es\",\"potentialAction\":[{\"@type\":\"ReadAction\",\"target\":[\"https:\\\/\\\/equidash.eu\\\/shop\\\/horse\\\/hay-slow-feeder-fun-flex\\\/\"]}]},{\"@type\":\"ImageObject\",\"inLanguage\":\"es\",\"@id\":\"https:\\\/\\\/equidash.eu\\\/shop\\\/horse\\\/hay-slow-feeder-fun-flex\\\/#primaryimage\",\"url\":\"https:\\\/\\\/equidash.eu\\\/wp-content\\\/uploads\\\/2025\\\/01\\\/Hay-Slow-Feeder_FunFlex_Green1.png\",\"contentUrl\":\"https:\\\/\\\/equidash.eu\\\/wp-content\\\/uploads\\\/2025\\\/01\\\/Hay-Slow-Feeder_FunFlex_Green1.png\",\"width\":1080,\"height\":1080},{\"@type\":\"BreadcrumbList\",\"@id\":\"https:\\\/\\\/equidash.eu\\\/shop\\\/horse\\\/hay-slow-feeder-fun-flex\\\/#breadcrumb\",\"itemListElement\":[{\"@type\":\"ListItem\",\"position\":1,\"name\":\"Home\",\"item\":\"https:\\\/\\\/equidash.eu\\\/\"},{\"@type\":\"ListItem\",\"position\":2,\"name\":\"Shop\",\"item\":\"https:\\\/\\\/equidash.eu\\\/shop\\\/\"},{\"@type\":\"ListItem\",\"position\":3,\"name\":\"Hay Slow Feeder Fun &#038; Flex\"}]},{\"@type\":\"WebSite\",\"@id\":\"https:\\\/\\\/equidash.eu\\\/#website\",\"url\":\"https:\\\/\\\/equidash.eu\\\/\",\"name\":\"EquiDash\",\"description\":\"Horse Riding Equipment and Accessories\",\"publisher\":{\"@id\":\"https:\\\/\\\/equidash.eu\\\/#organization\"},\"alternateName\":\"EquiDash\",\"potentialAction\":[{\"@type\":\"SearchAction\",\"target\":{\"@type\":\"EntryPoint\",\"urlTemplate\":\"https:\\\/\\\/equidash.eu\\\/?s={search_term_string}\"},\"query-input\":{\"@type\":\"PropertyValueSpecification\",\"valueRequired\":true,\"valueName\":\"search_term_string\"}}],\"inLanguage\":\"es\"},{\"@type\":\"Organization\",\"@id\":\"https:\\\/\\\/equidash.eu\\\/#organization\",\"name\":\"EquiDash\",\"alternateName\":\"EquiDash\",\"url\":\"https:\\\/\\\/equidash.eu\\\/\",\"logo\":{\"@type\":\"ImageObject\",\"inLanguage\":\"es\",\"@id\":\"https:\\\/\\\/equidash.eu\\\/#\\\/schema\\\/logo\\\/image\\\/\",\"url\":\"https:\\\/\\\/equidash.eu\\\/wp-content\\\/uploads\\\/2024\\\/09\\\/EQUIDASH_Logo_Raud-1.png\",\"contentUrl\":\"https:\\\/\\\/equidash.eu\\\/wp-content\\\/uploads\\\/2024\\\/09\\\/EQUIDASH_Logo_Raud-1.png\",\"width\":393,\"height\":422,\"caption\":\"EquiDash\"},\"image\":{\"@id\":\"https:\\\/\\\/equidash.eu\\\/#\\\/schema\\\/logo\\\/image\\\/\"},\"sameAs\":[\"https:\\\/\\\/www.facebook.com\\\/people\\\/EquiDash\\\/61560864479586\\\/\",\"https:\\\/\\\/www.instagram.com\\\/equidash.eshop\\\/\"],\"email\":\"info@equidash.eu\",\"telephone\":\"+372 59007334\",\"legalName\":\"Takian Corporation O\u00dc\",\"foundingDate\":\"2020-10-21\",\"vatID\":\"EE102301283\",\"numberOfEmployees\":{\"@type\":\"QuantitativeValue\",\"minValue\":\"1\",\"maxValue\":\"10\"},\"hasMerchantReturnPolicy\":{\"@type\":\"MerchantReturnPolicy\",\"merchantReturnLink\":\"https:\\\/\\\/equidash.eu\\\/es\\\/return-privacy\\\/\"}}]}<\/script>\n<meta property=\"product:brand\" content=\"Excellent Horse\" \/>\n<meta property=\"og:availability\" content=\"backorder\" \/>\n<meta property=\"product:availability\" content=\"available for order\" \/>\n<meta property=\"product:condition\" content=\"new\" \/>\n<!-- \/ Yoast SEO Premium plugin. -->","yoast_head_json":{"title":"Hay Slow Feeder Fun & Flex | Parima hinnaga ratsavarustuse e-pood","description":"Hay Slow Feeder Fun & Flex - heinaga t\u00e4idetav m\u00e4ngupall, mis sobib treilerisse, talli v\u00f5i koplisse. T\u00e4ida porgandite, \u00f5unat\u00fckkide, heina v\u00f5i rohuga.","robots":{"index":"index","follow":"follow","max-snippet":"max-snippet:-1","max-image-preview":"max-image-preview:large","max-video-preview":"max-video-preview:-1"},"canonical":"https:\/\/equidash.eu\/es\/shop\/caballo\/hay-slow-feeder-fun-flex\/","og_locale":"es_ES","og_type":"article","og_title":"Hay Slow Feeder Fun & Flex","og_description":"Hay Slow Feeder Fun & Flex - heinaga t\u00e4idetav m\u00e4ngupall, mis sobib treilerisse, talli v\u00f5i koplisse. T\u00e4ida porgandite, \u00f5unat\u00fckkide, heina v\u00f5i rohuga.","og_url":"https:\/\/equidash.eu\/es\/shop\/caballo\/hay-slow-feeder-fun-flex\/","og_site_name":"Parima hinnaga ratsavarustuse e-pood","article_publisher":"https:\/\/www.facebook.com\/people\/EquiDash\/61560864479586\/","article_modified_time":"2025-06-11T10:48:56+00:00","og_image":[{"width":1080,"height":1080,"url":"https:\/\/equidash.eu\/wp-content\/uploads\/2025\/01\/Hay-Slow-Feeder_FunFlex_Green1.png","type":"image\/png"}],"twitter_card":"summary_large_image","twitter_misc":{"Disponibilidad":"Disponible para reservar"},"schema":{"@context":"https:\/\/schema.org","@graph":[{"@type":"WebPage","@id":"https:\/\/equidash.eu\/shop\/horse\/hay-slow-feeder-fun-flex\/","url":"https:\/\/equidash.eu\/shop\/horse\/hay-slow-feeder-fun-flex\/","name":"Hay Slow Feeder Fun & Flex | Parima hinnaga ratsavarustuse e-pood","isPartOf":{"@id":"https:\/\/equidash.eu\/#website"},"primaryImageOfPage":{"@id":"https:\/\/equidash.eu\/shop\/horse\/hay-slow-feeder-fun-flex\/#primaryimage"},"image":{"@id":"https:\/\/equidash.eu\/shop\/horse\/hay-slow-feeder-fun-flex\/#primaryimage"},"thumbnailUrl":"https:\/\/equidash.eu\/wp-content\/uploads\/2025\/01\/Hay-Slow-Feeder_FunFlex_Green1.png","datePublished":"2025-01-05T00:03:59+00:00","dateModified":"2025-06-11T10:48:56+00:00","description":"Hay Slow Feeder Fun & Flex - heinaga t\u00e4idetav m\u00e4ngupall, mis sobib treilerisse, talli v\u00f5i koplisse. T\u00e4ida porgandite, \u00f5unat\u00fckkide, heina v\u00f5i rohuga.","breadcrumb":{"@id":"https:\/\/equidash.eu\/shop\/horse\/hay-slow-feeder-fun-flex\/#breadcrumb"},"inLanguage":"es","potentialAction":[{"@type":"ReadAction","target":["https:\/\/equidash.eu\/shop\/horse\/hay-slow-feeder-fun-flex\/"]}]},{"@type":"ImageObject","inLanguage":"es","@id":"https:\/\/equidash.eu\/shop\/horse\/hay-slow-feeder-fun-flex\/#primaryimage","url":"https:\/\/equidash.eu\/wp-content\/uploads\/2025\/01\/Hay-Slow-Feeder_FunFlex_Green1.png","contentUrl":"https:\/\/equidash.eu\/wp-content\/uploads\/2025\/01\/Hay-Slow-Feeder_FunFlex_Green1.png","width":1080,"height":1080},{"@type":"BreadcrumbList","@id":"https:\/\/equidash.eu\/shop\/horse\/hay-slow-feeder-fun-flex\/#breadcrumb","itemListElement":[{"@type":"ListItem","position":1,"name":"Home","item":"https:\/\/equidash.eu\/"},{"@type":"ListItem","position":2,"name":"Shop","item":"https:\/\/equidash.eu\/shop\/"},{"@type":"ListItem","position":3,"name":"Hay Slow Feeder Fun &#038; Flex"}]},{"@type":"WebSite","@id":"https:\/\/equidash.eu\/#website","url":"https:\/\/equidash.eu\/","name":"EquiDash","description":"Horse Riding Equipment and Accessories","publisher":{"@id":"https:\/\/equidash.eu\/#organization"},"alternateName":"EquiDash","potentialAction":[{"@type":"SearchAction","target":{"@type":"EntryPoint","urlTemplate":"https:\/\/equidash.eu\/?s={search_term_string}"},"query-input":{"@type":"PropertyValueSpecification","valueRequired":true,"valueName":"search_term_string"}}],"inLanguage":"es"},{"@type":"Organization","@id":"https:\/\/equidash.eu\/#organization","name":"EquiDash","alternateName":"EquiDash","url":"https:\/\/equidash.eu\/","logo":{"@type":"ImageObject","inLanguage":"es","@id":"https:\/\/equidash.eu\/#\/schema\/logo\/image\/","url":"https:\/\/equidash.eu\/wp-content\/uploads\/2024\/09\/EQUIDASH_Logo_Raud-1.png","contentUrl":"https:\/\/equidash.eu\/wp-content\/uploads\/2024\/09\/EQUIDASH_Logo_Raud-1.png","width":393,"height":422,"caption":"EquiDash"},"image":{"@id":"https:\/\/equidash.eu\/#\/schema\/logo\/image\/"},"sameAs":["https:\/\/www.facebook.com\/people\/EquiDash\/61560864479586\/","https:\/\/www.instagram.com\/equidash.eshop\/"],"email":"info@equidash.eu","telephone":"+372 59007334","legalName":"Takian Corporation O\u00dc","foundingDate":"2020-10-21","vatID":"EE102301283","numberOfEmployees":{"@type":"QuantitativeValue","minValue":"1","maxValue":"10"},"hasMerchantReturnPolicy":{"@type":"MerchantReturnPolicy","merchantReturnLink":"https:\/\/equidash.eu\/es\/return-privacy\/"}}]},"product_brand":"Excellent Horse","og_availability":"backorder","product_availability":"available for order","product_condition":"new"},"_links":{"self":[{"href":"https:\/\/equidash.eu\/es\/wp-json\/wp\/v2\/product\/2132","targetHints":{"allow":["GET"]}}],"collection":[{"href":"https:\/\/equidash.eu\/es\/wp-json\/wp\/v2\/product"}],"about":[{"href":"https:\/\/equidash.eu\/es\/wp-json\/wp\/v2\/types\/product"}],"wp:featuredmedia":[{"embeddable":true,"href":"https:\/\/equidash.eu\/es\/wp-json\/wp\/v2\/media\/2140"}],"wp:attachment":[{"href":"https:\/\/equidash.eu\/es\/wp-json\/wp\/v2\/media?parent=2132"}],"wp:term":[{"taxonomy":"product_brand","embeddable":true,"href":"https:\/\/equidash.eu\/es\/wp-json\/wp\/v2\/product_brand?post=2132"},{"taxonomy":"product_cat","embeddable":true,"href":"https:\/\/equidash.eu\/es\/wp-json\/wp\/v2\/product_cat?post=2132"},{"taxonomy":"product_tag","embeddable":true,"href":"https:\/\/equidash.eu\/es\/wp-json\/wp\/v2\/product_tag?post=2132"}],"curies":[{"name":"wp","href":"https:\/\/api.w.org\/{rel}","templated":true}]}}