{"id":2207,"date":"2025-01-06T23:41:00","date_gmt":"2025-01-06T21:41:00","guid":{"rendered":"https:\/\/equidash.eu\/?post_type=product&#038;p=2207"},"modified":"2025-07-24T10:20:25","modified_gmt":"2025-07-24T08:20:25","slug":"lami-cell-helmet-amelia-mips","status":"publish","type":"product","link":"https:\/\/equidash.eu\/es\/shop\/sales\/lami-cell-helmet-amelia-mips\/","title":{"rendered":"Casco Lami-Cell Amelia Mips"},"content":{"rendered":"<p>El casco Lami-Cell Amelia MIPS es la combinaci\u00f3n perfecta de elegancia y seguridad. Equipado con el avanzado sistema MIPS, ofrece mayor protecci\u00f3n contra impactos rotacionales, reduciendo el riesgo de lesiones cerebrales.<\/p>\n<p>Este casco cuenta con un exterior brillante, una visera m\u00e1s ancha y elegantes detalles de cristal en el centro, agregando un toque de lujo a tu equipo de equitaci\u00f3n. Cumple con el estricto est\u00e1ndar de seguridad CE1384:2023, garantizando la m\u00e1xima protecci\u00f3n para los jinetes.<\/p>\n<p>Ideal para jinetes que valoran tanto el estilo como la seguridad!<\/p>\n<ul>\n<li>Mips system<\/li>\n<li>Exterior brillante<\/li>\n<li>Correa ajustable desmontable<\/li>\n<li>Visera m\u00e1s ancha<\/li>\n<\/ul>\n<p>Size: S\/M=52-26cm, M\/L=56-59cm<\/p>\n<p>Desarrollado originalmente por un neurocirujano y un cient\u00edfico en biomec\u00e1nica, el sistema de seguridad Mips\u00ae ha revolucionado el mundo de la seguridad en cascos. Este sistema complementa el casco con una capa de baja fricci\u00f3n, dise\u00f1ada para moverse ligeramente en caso de impacto. Est\u00e1 dise\u00f1ado para redirigir el movimiento rotacional lejos de la cabeza, ayudando a reducir el riesgo de lesiones cerebrales.<\/p>\n<p><iframe loading=\"lazy\" title=\"How Mips works in an equestrian helmet\" width=\"1020\" height=\"574\" src=\"https:\/\/www.youtube.com\/embed\/KH8UcLLT58w?feature=oembed&#038;enablejsapi=1&#038;origin=https:\/\/equidash.eu\" frameborder=\"0\" allow=\"accelerometer; autoplay; clipboard-write; encrypted-media; gyroscope; picture-in-picture; web-share\" referrerpolicy=\"strict-origin-when-cross-origin\" allowfullscreen><\/iframe><\/p>","protected":false},"excerpt":{"rendered":"<p class=\"ai-optimize-22 ai-optimize-introduction\"><a href=\"https:\/\/equidash.eu\/es\/etiqueta-producto\/lami-cell\/\"><img decoding=\"async\" style=\"height: 60px; margin-top: 20px;\" src=\"https:\/\/equidash.eu\/wp-content\/uploads\/2024\/10\/lamicell-logo-1.png\" alt=\"\" \/><\/a><\/p>","protected":false},"featured_media":2217,"template":"","meta":{"_acf_changed":false,"_joinchat":[]},"product_brand":[512],"product_cat":[357,22,490,15],"product_tag":[273,443,360],"class_list":{"0":"post-2207","1":"product","2":"type-product","3":"status-publish","4":"has-post-thumbnail","6":"product_brand-lami-cell","7":"product_cat-protectors-rider","8":"product_cat-rider","9":"product_cat-riding-hats","10":"product_cat-sales","11":"product_tag-lami-cell","12":"product_tag-mips","13":"product_tag-riding-helmet","14":"pa_colors-black","15":"pa_size-m-l","16":"pa_size-s-m","18":"first","19":"onbackorder","20":"sale","21":"taxable","22":"shipping-taxable","23":"purchasable","24":"product-type-variable","25":"has-default-attributes"},"acf":[],"yoast_head":"<!-- This site is optimized with the Yoast SEO Premium plugin v26.2 (Yoast SEO v27.2) - https:\/\/yoast.com\/product\/yoast-seo-premium-wordpress\/ -->\n<title>Lami-Cell Helmet Amelia Mips | Parima hinnaga ratsavarustuse e-pood<\/title>\n<meta name=\"description\" content=\"Lami-Cell Helmet Amelia Mips - kaska on varustatud t\u00e4iustatud MIPS-s\u00fcsteemiga. Kiiveril on l\u00e4ikiv viimistlus, laiem nokk ja kristallkaunistused keskel.\" \/>\n<meta name=\"robots\" content=\"index, follow, max-snippet:-1, max-image-preview:large, max-video-preview:-1\" \/>\n<link rel=\"canonical\" href=\"https:\/\/equidash.eu\/es\/shop\/sales\/lami-cell-helmet-amelia-mips\/\" \/>\n<meta property=\"og:locale\" content=\"es_ES\" \/>\n<meta property=\"og:type\" content=\"article\" \/>\n<meta property=\"og:title\" content=\"Lami-Cell Helmet Amelia Mips\" \/>\n<meta property=\"og:description\" content=\"Lami-Cell Helmet Amelia Mips - kaska on varustatud t\u00e4iustatud MIPS-s\u00fcsteemiga. Kiiveril on l\u00e4ikiv viimistlus, laiem nokk ja kristallkaunistused keskel.\" \/>\n<meta property=\"og:url\" content=\"https:\/\/equidash.eu\/es\/shop\/sales\/lami-cell-helmet-amelia-mips\/\" \/>\n<meta property=\"og:site_name\" content=\"Parima hinnaga ratsavarustuse e-pood\" \/>\n<meta property=\"article:publisher\" content=\"https:\/\/www.facebook.com\/people\/EquiDash\/61560864479586\/\" \/>\n<meta property=\"article:modified_time\" content=\"2025-07-24T08:20:25+00:00\" \/>\n<meta property=\"og:image\" content=\"https:\/\/equidash.eu\/wp-content\/uploads\/2025\/01\/Lami-Cell_Helmet_Amelia_Mips1.png\" \/>\n\t<meta property=\"og:image:width\" content=\"1080\" \/>\n\t<meta property=\"og:image:height\" content=\"1080\" \/>\n\t<meta property=\"og:image:type\" content=\"image\/png\" \/>\n<meta name=\"twitter:card\" content=\"summary_large_image\" \/>\n<meta name=\"twitter:label1\" content=\"Disponibilidad\" \/>\n\t<meta name=\"twitter:data1\" content=\"Disponible para reservar\" \/>\n<script type=\"application\/ld+json\" class=\"yoast-schema-graph\">{\"@context\":\"https:\/\/schema.org\",\"@graph\":[{\"@type\":\"WebPage\",\"@id\":\"https:\/\/equidash.eu\/shop\/sales\/lami-cell-helmet-amelia-mips\/\",\"url\":\"https:\/\/equidash.eu\/shop\/sales\/lami-cell-helmet-amelia-mips\/\",\"name\":\"Lami-Cell Helmet Amelia Mips | Parima hinnaga ratsavarustuse e-pood\",\"isPartOf\":{\"@id\":\"https:\/\/equidash.eu\/#website\"},\"primaryImageOfPage\":{\"@id\":\"https:\/\/equidash.eu\/shop\/sales\/lami-cell-helmet-amelia-mips\/#primaryimage\"},\"image\":{\"@id\":\"https:\/\/equidash.eu\/shop\/sales\/lami-cell-helmet-amelia-mips\/#primaryimage\"},\"thumbnailUrl\":\"https:\/\/equidash.eu\/wp-content\/uploads\/2025\/01\/Lami-Cell_Helmet_Amelia_Mips1.png\",\"datePublished\":\"2025-01-06T21:41:00+00:00\",\"dateModified\":\"2025-07-24T08:20:25+00:00\",\"description\":\"Lami-Cell Helmet Amelia Mips - kaska on varustatud t\u00e4iustatud MIPS-s\u00fcsteemiga. Kiiveril on l\u00e4ikiv viimistlus, laiem nokk ja kristallkaunistused keskel.\",\"breadcrumb\":{\"@id\":\"https:\/\/equidash.eu\/shop\/sales\/lami-cell-helmet-amelia-mips\/#breadcrumb\"},\"inLanguage\":\"es\",\"potentialAction\":[{\"@type\":\"ReadAction\",\"target\":[\"https:\/\/equidash.eu\/shop\/sales\/lami-cell-helmet-amelia-mips\/\"]}]},{\"@type\":\"ImageObject\",\"inLanguage\":\"es\",\"@id\":\"https:\/\/equidash.eu\/shop\/sales\/lami-cell-helmet-amelia-mips\/#primaryimage\",\"url\":\"https:\/\/equidash.eu\/wp-content\/uploads\/2025\/01\/Lami-Cell_Helmet_Amelia_Mips1.png\",\"contentUrl\":\"https:\/\/equidash.eu\/wp-content\/uploads\/2025\/01\/Lami-Cell_Helmet_Amelia_Mips1.png\",\"width\":1080,\"height\":1080,\"caption\":\"Lami-Cell Helmet Amelia MIPS \u2013 kristallkaunistused ja CE1384:2023 sertifikaat. Vaade eest\"},{\"@type\":\"BreadcrumbList\",\"@id\":\"https:\/\/equidash.eu\/shop\/sales\/lami-cell-helmet-amelia-mips\/#breadcrumb\",\"itemListElement\":[{\"@type\":\"ListItem\",\"position\":1,\"name\":\"Home\",\"item\":\"https:\/\/equidash.eu\/\"},{\"@type\":\"ListItem\",\"position\":2,\"name\":\"Shop\",\"item\":\"https:\/\/equidash.eu\/shop\/\"},{\"@type\":\"ListItem\",\"position\":3,\"name\":\"Lami-Cell Helmet Amelia Mips\"}]},{\"@type\":\"WebSite\",\"@id\":\"https:\/\/equidash.eu\/#website\",\"url\":\"https:\/\/equidash.eu\/\",\"name\":\"EquiDash\",\"description\":\"Horse Riding Equipment and Accessories\",\"publisher\":{\"@id\":\"https:\/\/equidash.eu\/#organization\"},\"alternateName\":\"EquiDash\",\"potentialAction\":[{\"@type\":\"SearchAction\",\"target\":{\"@type\":\"EntryPoint\",\"urlTemplate\":\"https:\/\/equidash.eu\/?s={search_term_string}\"},\"query-input\":{\"@type\":\"PropertyValueSpecification\",\"valueRequired\":true,\"valueName\":\"search_term_string\"}}],\"inLanguage\":\"es\"},{\"@type\":\"Organization\",\"@id\":\"https:\/\/equidash.eu\/#organization\",\"name\":\"EquiDash\",\"alternateName\":\"EquiDash\",\"url\":\"https:\/\/equidash.eu\/\",\"logo\":{\"@type\":\"ImageObject\",\"inLanguage\":\"es\",\"@id\":\"https:\/\/equidash.eu\/#\/schema\/logo\/image\/\",\"url\":\"https:\/\/equidash.eu\/wp-content\/uploads\/2024\/09\/EQUIDASH_Logo_Raud-1.png\",\"contentUrl\":\"https:\/\/equidash.eu\/wp-content\/uploads\/2024\/09\/EQUIDASH_Logo_Raud-1.png\",\"width\":393,\"height\":422,\"caption\":\"EquiDash\"},\"image\":{\"@id\":\"https:\/\/equidash.eu\/#\/schema\/logo\/image\/\"},\"sameAs\":[\"https:\/\/www.facebook.com\/people\/EquiDash\/61560864479586\/\",\"https:\/\/www.instagram.com\/equidash.eshop\/\"],\"email\":\"info@equidash.eu\",\"telephone\":\"+372 59007334\",\"legalName\":\"Takian Corporation O\u00dc\",\"foundingDate\":\"2020-10-21\",\"vatID\":\"EE102301283\",\"numberOfEmployees\":{\"@type\":\"QuantitativeValue\",\"minValue\":\"1\",\"maxValue\":\"10\"},\"hasMerchantReturnPolicy\":{\"@type\":\"MerchantReturnPolicy\",\"merchantReturnLink\":\"https:\/\/equidash.eu\/es\/return-privacy\/\"}}]}<\/script>\n<meta property=\"product:brand\" content=\"Lami-Cell\" \/>\n<meta property=\"og:availability\" content=\"backorder\" \/>\n<meta property=\"product:availability\" content=\"available for order\" \/>\n<meta property=\"product:retailer_item_id\" content=\"105271\" \/>\n<meta property=\"product:condition\" content=\"new\" \/>\n<!-- \/ Yoast SEO Premium plugin. -->","yoast_head_json":{"title":"Lami-Cell Helmet Amelia Mips | Parima hinnaga ratsavarustuse e-pood","description":"Lami-Cell Helmet Amelia Mips - kaska on varustatud t\u00e4iustatud MIPS-s\u00fcsteemiga. Kiiveril on l\u00e4ikiv viimistlus, laiem nokk ja kristallkaunistused keskel.","robots":{"index":"index","follow":"follow","max-snippet":"max-snippet:-1","max-image-preview":"max-image-preview:large","max-video-preview":"max-video-preview:-1"},"canonical":"https:\/\/equidash.eu\/es\/shop\/sales\/lami-cell-helmet-amelia-mips\/","og_locale":"es_ES","og_type":"article","og_title":"Lami-Cell Helmet Amelia Mips","og_description":"Lami-Cell Helmet Amelia Mips - kaska on varustatud t\u00e4iustatud MIPS-s\u00fcsteemiga. Kiiveril on l\u00e4ikiv viimistlus, laiem nokk ja kristallkaunistused keskel.","og_url":"https:\/\/equidash.eu\/es\/shop\/sales\/lami-cell-helmet-amelia-mips\/","og_site_name":"Parima hinnaga ratsavarustuse e-pood","article_publisher":"https:\/\/www.facebook.com\/people\/EquiDash\/61560864479586\/","article_modified_time":"2025-07-24T08:20:25+00:00","og_image":[{"width":1080,"height":1080,"url":"https:\/\/equidash.eu\/wp-content\/uploads\/2025\/01\/Lami-Cell_Helmet_Amelia_Mips1.png","type":"image\/png"}],"twitter_card":"summary_large_image","twitter_misc":{"Disponibilidad":"Disponible para reservar"},"schema":{"@context":"https:\/\/schema.org","@graph":[{"@type":"WebPage","@id":"https:\/\/equidash.eu\/shop\/sales\/lami-cell-helmet-amelia-mips\/","url":"https:\/\/equidash.eu\/shop\/sales\/lami-cell-helmet-amelia-mips\/","name":"Lami-Cell Helmet Amelia Mips | Parima hinnaga ratsavarustuse e-pood","isPartOf":{"@id":"https:\/\/equidash.eu\/#website"},"primaryImageOfPage":{"@id":"https:\/\/equidash.eu\/shop\/sales\/lami-cell-helmet-amelia-mips\/#primaryimage"},"image":{"@id":"https:\/\/equidash.eu\/shop\/sales\/lami-cell-helmet-amelia-mips\/#primaryimage"},"thumbnailUrl":"https:\/\/equidash.eu\/wp-content\/uploads\/2025\/01\/Lami-Cell_Helmet_Amelia_Mips1.png","datePublished":"2025-01-06T21:41:00+00:00","dateModified":"2025-07-24T08:20:25+00:00","description":"Lami-Cell Helmet Amelia Mips - kaska on varustatud t\u00e4iustatud MIPS-s\u00fcsteemiga. Kiiveril on l\u00e4ikiv viimistlus, laiem nokk ja kristallkaunistused keskel.","breadcrumb":{"@id":"https:\/\/equidash.eu\/shop\/sales\/lami-cell-helmet-amelia-mips\/#breadcrumb"},"inLanguage":"es","potentialAction":[{"@type":"ReadAction","target":["https:\/\/equidash.eu\/shop\/sales\/lami-cell-helmet-amelia-mips\/"]}]},{"@type":"ImageObject","inLanguage":"es","@id":"https:\/\/equidash.eu\/shop\/sales\/lami-cell-helmet-amelia-mips\/#primaryimage","url":"https:\/\/equidash.eu\/wp-content\/uploads\/2025\/01\/Lami-Cell_Helmet_Amelia_Mips1.png","contentUrl":"https:\/\/equidash.eu\/wp-content\/uploads\/2025\/01\/Lami-Cell_Helmet_Amelia_Mips1.png","width":1080,"height":1080,"caption":"Lami-Cell Helmet Amelia MIPS \u2013 kristallkaunistused ja CE1384:2023 sertifikaat. Vaade eest"},{"@type":"BreadcrumbList","@id":"https:\/\/equidash.eu\/shop\/sales\/lami-cell-helmet-amelia-mips\/#breadcrumb","itemListElement":[{"@type":"ListItem","position":1,"name":"Home","item":"https:\/\/equidash.eu\/"},{"@type":"ListItem","position":2,"name":"Shop","item":"https:\/\/equidash.eu\/shop\/"},{"@type":"ListItem","position":3,"name":"Lami-Cell Helmet Amelia Mips"}]},{"@type":"WebSite","@id":"https:\/\/equidash.eu\/#website","url":"https:\/\/equidash.eu\/","name":"EquiDash","description":"Horse Riding Equipment and Accessories","publisher":{"@id":"https:\/\/equidash.eu\/#organization"},"alternateName":"EquiDash","potentialAction":[{"@type":"SearchAction","target":{"@type":"EntryPoint","urlTemplate":"https:\/\/equidash.eu\/?s={search_term_string}"},"query-input":{"@type":"PropertyValueSpecification","valueRequired":true,"valueName":"search_term_string"}}],"inLanguage":"es"},{"@type":"Organization","@id":"https:\/\/equidash.eu\/#organization","name":"EquiDash","alternateName":"EquiDash","url":"https:\/\/equidash.eu\/","logo":{"@type":"ImageObject","inLanguage":"es","@id":"https:\/\/equidash.eu\/#\/schema\/logo\/image\/","url":"https:\/\/equidash.eu\/wp-content\/uploads\/2024\/09\/EQUIDASH_Logo_Raud-1.png","contentUrl":"https:\/\/equidash.eu\/wp-content\/uploads\/2024\/09\/EQUIDASH_Logo_Raud-1.png","width":393,"height":422,"caption":"EquiDash"},"image":{"@id":"https:\/\/equidash.eu\/#\/schema\/logo\/image\/"},"sameAs":["https:\/\/www.facebook.com\/people\/EquiDash\/61560864479586\/","https:\/\/www.instagram.com\/equidash.eshop\/"],"email":"info@equidash.eu","telephone":"+372 59007334","legalName":"Takian Corporation O\u00dc","foundingDate":"2020-10-21","vatID":"EE102301283","numberOfEmployees":{"@type":"QuantitativeValue","minValue":"1","maxValue":"10"},"hasMerchantReturnPolicy":{"@type":"MerchantReturnPolicy","merchantReturnLink":"https:\/\/equidash.eu\/es\/return-privacy\/"}}]},"product_brand":"Lami-Cell","og_availability":"backorder","product_availability":"available for order","product_retailer_item_id":"105271","product_condition":"new"},"_links":{"self":[{"href":"https:\/\/equidash.eu\/es\/wp-json\/wp\/v2\/product\/2207","targetHints":{"allow":["GET"]}}],"collection":[{"href":"https:\/\/equidash.eu\/es\/wp-json\/wp\/v2\/product"}],"about":[{"href":"https:\/\/equidash.eu\/es\/wp-json\/wp\/v2\/types\/product"}],"wp:featuredmedia":[{"embeddable":true,"href":"https:\/\/equidash.eu\/es\/wp-json\/wp\/v2\/media\/2217"}],"wp:attachment":[{"href":"https:\/\/equidash.eu\/es\/wp-json\/wp\/v2\/media?parent=2207"}],"wp:term":[{"taxonomy":"product_brand","embeddable":true,"href":"https:\/\/equidash.eu\/es\/wp-json\/wp\/v2\/product_brand?post=2207"},{"taxonomy":"product_cat","embeddable":true,"href":"https:\/\/equidash.eu\/es\/wp-json\/wp\/v2\/product_cat?post=2207"},{"taxonomy":"product_tag","embeddable":true,"href":"https:\/\/equidash.eu\/es\/wp-json\/wp\/v2\/product_tag?post=2207"}],"curies":[{"name":"wp","href":"https:\/\/api.w.org\/{rel}","templated":true}]}}