{"id":2225,"date":"2025-01-09T00:52:07","date_gmt":"2025-01-08T22:52:07","guid":{"rendered":"https:\/\/equidash.eu\/?post_type=product&#038;p=2225"},"modified":"2025-09-01T10:12:54","modified_gmt":"2025-09-01T08:12:54","slug":"lami-cell-whip-glitter","status":"publish","type":"product","link":"https:\/\/equidash.eu\/es\/shop\/rider\/lami-cell-whip-glitter\/","title":{"rendered":"Fusta de Salto Glitter de Lami-Cell"},"content":{"rendered":"<p>La Fusta de salto Lami-Cell Glitter cuenta con un eje de fibra de vidrio recubierto con nailon, un mango de cuero y un flapper.<\/p>\n<p>Colores: Negro o Marr\u00f3n<\/p>\n<p>Longitud: 65 cm<\/p>","protected":false},"excerpt":{"rendered":"<p class=\"ai-optimize-23 ai-optimize-introduction\"><a href=\"https:\/\/equidash.eu\/es\/etiqueta-producto\/lami-cell\/\"><img decoding=\"async\" style=\"height: 60px; margin-top: 20px;\" src=\"https:\/\/equidash.eu\/wp-content\/uploads\/2024\/10\/lamicell-logo-1.png\" alt=\"\" \/><\/a><\/p>","protected":false},"featured_media":2230,"template":"","meta":{"_acf_changed":false,"_joinchat":[]},"product_brand":[512],"product_cat":[256,22,254],"product_tag":[30,273,670],"class_list":{"0":"post-2225","1":"product","2":"type-product","3":"status-publish","4":"has-post-thumbnail","6":"product_brand-lami-cell","7":"product_cat-jumping-whips","8":"product_cat-rider","9":"product_cat-riding-whips","10":"product_tag-jumping","11":"product_tag-lami-cell","12":"product_tag-whip","13":"pa_colors-black","14":"pa_colors-brown","16":"first","17":"instock","18":"taxable","19":"shipping-taxable","20":"purchasable","21":"product-type-variable"},"acf":[],"yoast_head":"<!-- This site is optimized with the Yoast SEO Premium plugin v26.2 (Yoast SEO v27.2) - https:\/\/yoast.com\/product\/yoast-seo-premium-wordpress\/ -->\n<title>Lami-Cell Whip Glitter | Parima hinnaga ratsavarustuse e-pood<\/title>\n<meta name=\"description\" content=\"Lami-Cell Whip Glitter - h\u00fcppestekk on stiilse nahast k\u00e4epideme ja lapatsiga. Pikkus 65 cm, ideaalne v\u00f5istlusteks ja igap\u00e4evaseks kasutamiseks.\" \/>\n<meta name=\"robots\" content=\"index, follow, max-snippet:-1, max-image-preview:large, max-video-preview:-1\" \/>\n<link rel=\"canonical\" href=\"https:\/\/equidash.eu\/es\/shop\/jinete\/lami-cell-whip-glitter\/\" \/>\n<meta property=\"og:locale\" content=\"es_ES\" \/>\n<meta property=\"og:type\" content=\"article\" \/>\n<meta property=\"og:title\" content=\"Lami-Cell Whip Glitter\" \/>\n<meta property=\"og:description\" content=\"Lami-Cell Whip Glitter - h\u00fcppestekk on stiilse nahast k\u00e4epideme ja lapatsiga. Pikkus 65 cm, ideaalne v\u00f5istlusteks ja igap\u00e4evaseks kasutamiseks.\" \/>\n<meta property=\"og:url\" content=\"https:\/\/equidash.eu\/es\/shop\/jinete\/lami-cell-whip-glitter\/\" \/>\n<meta property=\"og:site_name\" content=\"Parima hinnaga ratsavarustuse e-pood\" \/>\n<meta property=\"article:publisher\" content=\"https:\/\/www.facebook.com\/people\/EquiDash\/61560864479586\/\" \/>\n<meta property=\"article:modified_time\" content=\"2025-09-01T08:12:54+00:00\" \/>\n<meta property=\"og:image\" content=\"https:\/\/equidash.eu\/wp-content\/uploads\/2025\/01\/Lami-Cell_Whipe_Glitter_Black.png\" \/>\n\t<meta property=\"og:image:width\" content=\"1080\" \/>\n\t<meta property=\"og:image:height\" content=\"1080\" \/>\n\t<meta property=\"og:image:type\" content=\"image\/png\" \/>\n<meta name=\"twitter:card\" content=\"summary_large_image\" \/>\n<meta name=\"twitter:label1\" content=\"Disponibilidad\" \/>\n\t<meta name=\"twitter:data1\" content=\"Disponible\" \/>\n<script type=\"application\/ld+json\" class=\"yoast-schema-graph\">{\"@context\":\"https:\/\/schema.org\",\"@graph\":[{\"@type\":\"WebPage\",\"@id\":\"https:\/\/equidash.eu\/shop\/rider\/lami-cell-whip-glitter\/\",\"url\":\"https:\/\/equidash.eu\/shop\/rider\/lami-cell-whip-glitter\/\",\"name\":\"Lami-Cell Whip Glitter | Parima hinnaga ratsavarustuse e-pood\",\"isPartOf\":{\"@id\":\"https:\/\/equidash.eu\/#website\"},\"primaryImageOfPage\":{\"@id\":\"https:\/\/equidash.eu\/shop\/rider\/lami-cell-whip-glitter\/#primaryimage\"},\"image\":{\"@id\":\"https:\/\/equidash.eu\/shop\/rider\/lami-cell-whip-glitter\/#primaryimage\"},\"thumbnailUrl\":\"https:\/\/equidash.eu\/wp-content\/uploads\/2025\/01\/Lami-Cell_Whipe_Glitter_Black.png\",\"datePublished\":\"2025-01-08T22:52:07+00:00\",\"dateModified\":\"2025-09-01T08:12:54+00:00\",\"description\":\"Lami-Cell Whip Glitter - h\u00fcppestekk on stiilse nahast k\u00e4epideme ja lapatsiga. Pikkus 65 cm, ideaalne v\u00f5istlusteks ja igap\u00e4evaseks kasutamiseks.\",\"breadcrumb\":{\"@id\":\"https:\/\/equidash.eu\/shop\/rider\/lami-cell-whip-glitter\/#breadcrumb\"},\"inLanguage\":\"es\",\"potentialAction\":[{\"@type\":\"ReadAction\",\"target\":[\"https:\/\/equidash.eu\/shop\/rider\/lami-cell-whip-glitter\/\"]}]},{\"@type\":\"ImageObject\",\"inLanguage\":\"es\",\"@id\":\"https:\/\/equidash.eu\/shop\/rider\/lami-cell-whip-glitter\/#primaryimage\",\"url\":\"https:\/\/equidash.eu\/wp-content\/uploads\/2025\/01\/Lami-Cell_Whipe_Glitter_Black.png\",\"contentUrl\":\"https:\/\/equidash.eu\/wp-content\/uploads\/2025\/01\/Lami-Cell_Whipe_Glitter_Black.png\",\"width\":1080,\"height\":1080},{\"@type\":\"BreadcrumbList\",\"@id\":\"https:\/\/equidash.eu\/shop\/rider\/lami-cell-whip-glitter\/#breadcrumb\",\"itemListElement\":[{\"@type\":\"ListItem\",\"position\":1,\"name\":\"Home\",\"item\":\"https:\/\/equidash.eu\/\"},{\"@type\":\"ListItem\",\"position\":2,\"name\":\"Shop\",\"item\":\"https:\/\/equidash.eu\/shop\/\"},{\"@type\":\"ListItem\",\"position\":3,\"name\":\"Lami-Cell Whip Glitter\"}]},{\"@type\":\"WebSite\",\"@id\":\"https:\/\/equidash.eu\/#website\",\"url\":\"https:\/\/equidash.eu\/\",\"name\":\"EquiDash\",\"description\":\"Horse Riding Equipment and Accessories\",\"publisher\":{\"@id\":\"https:\/\/equidash.eu\/#organization\"},\"alternateName\":\"EquiDash\",\"potentialAction\":[{\"@type\":\"SearchAction\",\"target\":{\"@type\":\"EntryPoint\",\"urlTemplate\":\"https:\/\/equidash.eu\/?s={search_term_string}\"},\"query-input\":{\"@type\":\"PropertyValueSpecification\",\"valueRequired\":true,\"valueName\":\"search_term_string\"}}],\"inLanguage\":\"es\"},{\"@type\":\"Organization\",\"@id\":\"https:\/\/equidash.eu\/#organization\",\"name\":\"EquiDash\",\"alternateName\":\"EquiDash\",\"url\":\"https:\/\/equidash.eu\/\",\"logo\":{\"@type\":\"ImageObject\",\"inLanguage\":\"es\",\"@id\":\"https:\/\/equidash.eu\/#\/schema\/logo\/image\/\",\"url\":\"https:\/\/equidash.eu\/wp-content\/uploads\/2024\/09\/EQUIDASH_Logo_Raud-1.png\",\"contentUrl\":\"https:\/\/equidash.eu\/wp-content\/uploads\/2024\/09\/EQUIDASH_Logo_Raud-1.png\",\"width\":393,\"height\":422,\"caption\":\"EquiDash\"},\"image\":{\"@id\":\"https:\/\/equidash.eu\/#\/schema\/logo\/image\/\"},\"sameAs\":[\"https:\/\/www.facebook.com\/people\/EquiDash\/61560864479586\/\",\"https:\/\/www.instagram.com\/equidash.eshop\/\"],\"email\":\"info@equidash.eu\",\"telephone\":\"+372 59007334\",\"legalName\":\"Takian Corporation O\u00dc\",\"foundingDate\":\"2020-10-21\",\"vatID\":\"EE102301283\",\"numberOfEmployees\":{\"@type\":\"QuantitativeValue\",\"minValue\":\"1\",\"maxValue\":\"10\"},\"hasMerchantReturnPolicy\":{\"@type\":\"MerchantReturnPolicy\",\"merchantReturnLink\":\"https:\/\/equidash.eu\/es\/return-privacy\/\"}}]}<\/script>\n<meta property=\"product:brand\" content=\"Lami-Cell\" \/>\n<meta property=\"og:availability\" content=\"instock\" \/>\n<meta property=\"product:availability\" content=\"instock\" \/>\n<meta property=\"product:retailer_item_id\" content=\"02116\" \/>\n<meta property=\"product:condition\" content=\"new\" \/>\n<!-- \/ Yoast SEO Premium plugin. -->","yoast_head_json":{"title":"Lami-Cell Whip Glitter | Parima hinnaga ratsavarustuse e-pood","description":"Lami-Cell Whip Glitter - h\u00fcppestekk on stiilse nahast k\u00e4epideme ja lapatsiga. Pikkus 65 cm, ideaalne v\u00f5istlusteks ja igap\u00e4evaseks kasutamiseks.","robots":{"index":"index","follow":"follow","max-snippet":"max-snippet:-1","max-image-preview":"max-image-preview:large","max-video-preview":"max-video-preview:-1"},"canonical":"https:\/\/equidash.eu\/es\/shop\/jinete\/lami-cell-whip-glitter\/","og_locale":"es_ES","og_type":"article","og_title":"Lami-Cell Whip Glitter","og_description":"Lami-Cell Whip Glitter - h\u00fcppestekk on stiilse nahast k\u00e4epideme ja lapatsiga. Pikkus 65 cm, ideaalne v\u00f5istlusteks ja igap\u00e4evaseks kasutamiseks.","og_url":"https:\/\/equidash.eu\/es\/shop\/jinete\/lami-cell-whip-glitter\/","og_site_name":"Parima hinnaga ratsavarustuse e-pood","article_publisher":"https:\/\/www.facebook.com\/people\/EquiDash\/61560864479586\/","article_modified_time":"2025-09-01T08:12:54+00:00","og_image":[{"width":1080,"height":1080,"url":"https:\/\/equidash.eu\/wp-content\/uploads\/2025\/01\/Lami-Cell_Whipe_Glitter_Black.png","type":"image\/png"}],"twitter_card":"summary_large_image","twitter_misc":{"Disponibilidad":"Disponible"},"schema":{"@context":"https:\/\/schema.org","@graph":[{"@type":"WebPage","@id":"https:\/\/equidash.eu\/shop\/rider\/lami-cell-whip-glitter\/","url":"https:\/\/equidash.eu\/shop\/rider\/lami-cell-whip-glitter\/","name":"Lami-Cell Whip Glitter | Parima hinnaga ratsavarustuse e-pood","isPartOf":{"@id":"https:\/\/equidash.eu\/#website"},"primaryImageOfPage":{"@id":"https:\/\/equidash.eu\/shop\/rider\/lami-cell-whip-glitter\/#primaryimage"},"image":{"@id":"https:\/\/equidash.eu\/shop\/rider\/lami-cell-whip-glitter\/#primaryimage"},"thumbnailUrl":"https:\/\/equidash.eu\/wp-content\/uploads\/2025\/01\/Lami-Cell_Whipe_Glitter_Black.png","datePublished":"2025-01-08T22:52:07+00:00","dateModified":"2025-09-01T08:12:54+00:00","description":"Lami-Cell Whip Glitter - h\u00fcppestekk on stiilse nahast k\u00e4epideme ja lapatsiga. Pikkus 65 cm, ideaalne v\u00f5istlusteks ja igap\u00e4evaseks kasutamiseks.","breadcrumb":{"@id":"https:\/\/equidash.eu\/shop\/rider\/lami-cell-whip-glitter\/#breadcrumb"},"inLanguage":"es","potentialAction":[{"@type":"ReadAction","target":["https:\/\/equidash.eu\/shop\/rider\/lami-cell-whip-glitter\/"]}]},{"@type":"ImageObject","inLanguage":"es","@id":"https:\/\/equidash.eu\/shop\/rider\/lami-cell-whip-glitter\/#primaryimage","url":"https:\/\/equidash.eu\/wp-content\/uploads\/2025\/01\/Lami-Cell_Whipe_Glitter_Black.png","contentUrl":"https:\/\/equidash.eu\/wp-content\/uploads\/2025\/01\/Lami-Cell_Whipe_Glitter_Black.png","width":1080,"height":1080},{"@type":"BreadcrumbList","@id":"https:\/\/equidash.eu\/shop\/rider\/lami-cell-whip-glitter\/#breadcrumb","itemListElement":[{"@type":"ListItem","position":1,"name":"Home","item":"https:\/\/equidash.eu\/"},{"@type":"ListItem","position":2,"name":"Shop","item":"https:\/\/equidash.eu\/shop\/"},{"@type":"ListItem","position":3,"name":"Lami-Cell Whip Glitter"}]},{"@type":"WebSite","@id":"https:\/\/equidash.eu\/#website","url":"https:\/\/equidash.eu\/","name":"EquiDash","description":"Horse Riding Equipment and Accessories","publisher":{"@id":"https:\/\/equidash.eu\/#organization"},"alternateName":"EquiDash","potentialAction":[{"@type":"SearchAction","target":{"@type":"EntryPoint","urlTemplate":"https:\/\/equidash.eu\/?s={search_term_string}"},"query-input":{"@type":"PropertyValueSpecification","valueRequired":true,"valueName":"search_term_string"}}],"inLanguage":"es"},{"@type":"Organization","@id":"https:\/\/equidash.eu\/#organization","name":"EquiDash","alternateName":"EquiDash","url":"https:\/\/equidash.eu\/","logo":{"@type":"ImageObject","inLanguage":"es","@id":"https:\/\/equidash.eu\/#\/schema\/logo\/image\/","url":"https:\/\/equidash.eu\/wp-content\/uploads\/2024\/09\/EQUIDASH_Logo_Raud-1.png","contentUrl":"https:\/\/equidash.eu\/wp-content\/uploads\/2024\/09\/EQUIDASH_Logo_Raud-1.png","width":393,"height":422,"caption":"EquiDash"},"image":{"@id":"https:\/\/equidash.eu\/#\/schema\/logo\/image\/"},"sameAs":["https:\/\/www.facebook.com\/people\/EquiDash\/61560864479586\/","https:\/\/www.instagram.com\/equidash.eshop\/"],"email":"info@equidash.eu","telephone":"+372 59007334","legalName":"Takian Corporation O\u00dc","foundingDate":"2020-10-21","vatID":"EE102301283","numberOfEmployees":{"@type":"QuantitativeValue","minValue":"1","maxValue":"10"},"hasMerchantReturnPolicy":{"@type":"MerchantReturnPolicy","merchantReturnLink":"https:\/\/equidash.eu\/es\/return-privacy\/"}}]},"product_brand":"Lami-Cell","og_availability":"instock","product_availability":"instock","product_retailer_item_id":"02116","product_condition":"new"},"_links":{"self":[{"href":"https:\/\/equidash.eu\/es\/wp-json\/wp\/v2\/product\/2225","targetHints":{"allow":["GET"]}}],"collection":[{"href":"https:\/\/equidash.eu\/es\/wp-json\/wp\/v2\/product"}],"about":[{"href":"https:\/\/equidash.eu\/es\/wp-json\/wp\/v2\/types\/product"}],"wp:featuredmedia":[{"embeddable":true,"href":"https:\/\/equidash.eu\/es\/wp-json\/wp\/v2\/media\/2230"}],"wp:attachment":[{"href":"https:\/\/equidash.eu\/es\/wp-json\/wp\/v2\/media?parent=2225"}],"wp:term":[{"taxonomy":"product_brand","embeddable":true,"href":"https:\/\/equidash.eu\/es\/wp-json\/wp\/v2\/product_brand?post=2225"},{"taxonomy":"product_cat","embeddable":true,"href":"https:\/\/equidash.eu\/es\/wp-json\/wp\/v2\/product_cat?post=2225"},{"taxonomy":"product_tag","embeddable":true,"href":"https:\/\/equidash.eu\/es\/wp-json\/wp\/v2\/product_tag?post=2225"}],"curies":[{"name":"wp","href":"https:\/\/api.w.org\/{rel}","templated":true}]}}