{"id":2468,"date":"2025-01-12T15:34:57","date_gmt":"2025-01-12T13:34:57","guid":{"rendered":"https:\/\/equidash.eu\/?post_type=product&#038;p=2468"},"modified":"2025-01-25T01:11:38","modified_gmt":"2025-01-24T23:11:38","slug":"lami-cell-saddle-pad-ap-galaxy-velvet","status":"publish","type":"product","link":"https:\/\/equidash.eu\/es\/shop\/horse\/lami-cell-saddle-pad-ap-galaxy-velvet\/","title":{"rendered":"Mantilla Lami-Cell Galaxy Velvet"},"content":{"rendered":"<p>Mantilla de salto Lami-Cell DR Galaxy Velvet combina elegancia y funcionalidad. Presenta un lujoso terciopelo 3D para un aspecto y sensaci\u00f3n premium. Mantilla de doma Lami-Cell utiliza espuma de alta densidad de 5 mm y relleno Synthermax de 240 g para proporcionar un excelente acolchado y soporte.<\/p>\n<p>Mantilla de carb\u00f3n de bamb\u00fa mejora la transpirabilidad y las propiedades de absorci\u00f3n de humedad, manteniendo a su caballo c\u00f3modo. Terminada con peque\u00f1os diamantes, esta silla de montar agrega un toque de brillo y sofisticaci\u00f3n a su equipo de equitaci\u00f3n.<\/p>\n<ul>\n<li>Dise\u00f1o lujoso de terciopelo 3D para un aspecto premium.<\/li>\n<li>Espuma de alta densidad de 5 mm para un excelente acolchado.<\/li>\n<li>Relleno Synthermax de 240 g para un soporte adicional.<\/li>\n<li>Forro de carb\u00f3n de bamb\u00fa para transpirabilidad y absorci\u00f3n de humedad.<\/li>\n<li>Terminado con peque\u00f1os diamantes para un toque elegante.<\/li>\n<\/ul>\n<div>Instrucciones de lavado: Se puede lavar a m\u00e1quina a 30\u00b0C, aseg\u00farese de que el velcro est\u00e9 cerrado antes de lavar, no secar en secadora, no usar blanqueador.<\/div>\n<div><\/div>\n<div>\n<p><iframe loading=\"lazy\" title=\"Lami-cell \u3010The Future is Green\u3011\" width=\"1020\" height=\"574\" src=\"https:\/\/www.youtube.com\/embed\/op5mU1r1QUk?feature=oembed\" frameborder=\"0\" allow=\"accelerometer; autoplay; clipboard-write; encrypted-media; gyroscope; picture-in-picture; web-share\" referrerpolicy=\"strict-origin-when-cross-origin\" allowfullscreen><\/iframe><\/p>\n<\/div>\n<div><\/div>\n<div><\/div>","protected":false},"excerpt":{"rendered":"<p><a href=\"https:\/\/equidash.eu\/es\/etiqueta-producto\/lami-cell\/\"><img decoding=\"async\" style=\"height: 60px; margin-top: 20px;\" src=\"https:\/\/equidash.eu\/wp-content\/uploads\/2024\/10\/lamicell-logo-1.png\" alt=\"\" \/><\/a><\/p>","protected":false},"featured_media":2475,"template":"","meta":{"_acf_changed":false,"_joinchat":[]},"product_brand":[512],"product_cat":[27,187,186],"product_tag":[457,30,273],"class_list":{"0":"post-2468","1":"product","2":"type-product","3":"status-publish","4":"has-post-thumbnail","6":"product_brand-lami-cell","7":"product_cat-horse","8":"product_cat-jumping-saddle-pads-horse","9":"product_cat-saddle-pads-horse","10":"product_tag-galaxy-velvet","11":"product_tag-jumping","12":"product_tag-lami-cell","13":"pa_colors-black","14":"pa_colors-blue","15":"pa_colors-green","16":"pa_colors-red","17":"pa_size-full","19":"first","20":"onbackorder","21":"taxable","22":"shipping-taxable","23":"purchasable","24":"product-type-variable","25":"has-default-attributes"},"acf":[],"yoast_head":"<!-- This site is optimized with the Yoast SEO Premium plugin v26.2 (Yoast SEO v27.2) - https:\/\/yoast.com\/product\/yoast-seo-premium-wordpress\/ -->\n<title>Lami-Cell Saddle Pad AP Galaxy Velvet | Parima hinnaga ratsavarustuse e-pood<\/title>\n<meta name=\"description\" content=\"Lami-Cell Saddle Pad AP Galaxy Velvet - Kaunist kriatallidega sametist h\u00fcppevaltrapil on bambuss\u00f6ekiust vooder, hea hingavuse ja niiskuse imendumisv\u00f5ime.\" \/>\n<meta name=\"robots\" content=\"index, follow, max-snippet:-1, max-image-preview:large, max-video-preview:-1\" \/>\n<link rel=\"canonical\" href=\"https:\/\/equidash.eu\/es\/shop\/caballo\/lami-cell-saddle-pad-ap-galaxy-velvet\/\" \/>\n<meta property=\"og:locale\" content=\"es_ES\" \/>\n<meta property=\"og:type\" content=\"article\" \/>\n<meta property=\"og:title\" content=\"Lami-Cell Saddle Pad AP Galaxy Velvet\" \/>\n<meta property=\"og:description\" content=\"Lami-Cell Saddle Pad AP Galaxy Velvet - Kaunist kriatallidega sametist h\u00fcppevaltrapil on bambuss\u00f6ekiust vooder, hea hingavuse ja niiskuse imendumisv\u00f5ime.\" \/>\n<meta property=\"og:url\" content=\"https:\/\/equidash.eu\/es\/shop\/caballo\/lami-cell-saddle-pad-ap-galaxy-velvet\/\" \/>\n<meta property=\"og:site_name\" content=\"Parima hinnaga ratsavarustuse e-pood\" \/>\n<meta property=\"article:publisher\" content=\"https:\/\/www.facebook.com\/people\/EquiDash\/61560864479586\/\" \/>\n<meta property=\"article:modified_time\" content=\"2025-01-24T23:11:38+00:00\" \/>\n<meta property=\"og:image\" content=\"https:\/\/equidash.eu\/wp-content\/uploads\/2025\/01\/Lami-Cell_Saddle-pad_AP_Galaxy-Velvet_Red_1.png\" \/>\n\t<meta property=\"og:image:width\" content=\"1080\" \/>\n\t<meta property=\"og:image:height\" content=\"1080\" \/>\n\t<meta property=\"og:image:type\" content=\"image\/png\" \/>\n<meta name=\"twitter:card\" content=\"summary_large_image\" \/>\n<meta name=\"twitter:label1\" content=\"Disponibilidad\" \/>\n\t<meta name=\"twitter:data1\" content=\"Disponible para reservar\" \/>\n<script type=\"application\/ld+json\" class=\"yoast-schema-graph\">{\"@context\":\"https:\/\/schema.org\",\"@graph\":[{\"@type\":\"WebPage\",\"@id\":\"https:\/\/equidash.eu\/shop\/horse\/lami-cell-saddle-pad-ap-galaxy-velvet\/\",\"url\":\"https:\/\/equidash.eu\/shop\/horse\/lami-cell-saddle-pad-ap-galaxy-velvet\/\",\"name\":\"Lami-Cell Saddle Pad AP Galaxy Velvet | Parima hinnaga ratsavarustuse e-pood\",\"isPartOf\":{\"@id\":\"https:\/\/equidash.eu\/#website\"},\"primaryImageOfPage\":{\"@id\":\"https:\/\/equidash.eu\/shop\/horse\/lami-cell-saddle-pad-ap-galaxy-velvet\/#primaryimage\"},\"image\":{\"@id\":\"https:\/\/equidash.eu\/shop\/horse\/lami-cell-saddle-pad-ap-galaxy-velvet\/#primaryimage\"},\"thumbnailUrl\":\"https:\/\/equidash.eu\/wp-content\/uploads\/2025\/01\/Lami-Cell_Saddle-pad_AP_Galaxy-Velvet_Red_1.png\",\"datePublished\":\"2025-01-12T13:34:57+00:00\",\"dateModified\":\"2025-01-24T23:11:38+00:00\",\"description\":\"Lami-Cell Saddle Pad AP Galaxy Velvet - Kaunist kriatallidega sametist h\u00fcppevaltrapil on bambuss\u00f6ekiust vooder, hea hingavuse ja niiskuse imendumisv\u00f5ime.\",\"breadcrumb\":{\"@id\":\"https:\/\/equidash.eu\/shop\/horse\/lami-cell-saddle-pad-ap-galaxy-velvet\/#breadcrumb\"},\"inLanguage\":\"es\",\"potentialAction\":[{\"@type\":\"ReadAction\",\"target\":[\"https:\/\/equidash.eu\/shop\/horse\/lami-cell-saddle-pad-ap-galaxy-velvet\/\"]}]},{\"@type\":\"ImageObject\",\"inLanguage\":\"es\",\"@id\":\"https:\/\/equidash.eu\/shop\/horse\/lami-cell-saddle-pad-ap-galaxy-velvet\/#primaryimage\",\"url\":\"https:\/\/equidash.eu\/wp-content\/uploads\/2025\/01\/Lami-Cell_Saddle-pad_AP_Galaxy-Velvet_Red_1.png\",\"contentUrl\":\"https:\/\/equidash.eu\/wp-content\/uploads\/2025\/01\/Lami-Cell_Saddle-pad_AP_Galaxy-Velvet_Red_1.png\",\"width\":1080,\"height\":1080,\"caption\":\"H\u00fcppevaltrap Galaxy Velvet \u2013 3D velvet, bambuss\u00f6ekiust vooder, ja s\u00e4delevad detailid. Toon: punane\"},{\"@type\":\"BreadcrumbList\",\"@id\":\"https:\/\/equidash.eu\/shop\/horse\/lami-cell-saddle-pad-ap-galaxy-velvet\/#breadcrumb\",\"itemListElement\":[{\"@type\":\"ListItem\",\"position\":1,\"name\":\"Home\",\"item\":\"https:\/\/equidash.eu\/\"},{\"@type\":\"ListItem\",\"position\":2,\"name\":\"Shop\",\"item\":\"https:\/\/equidash.eu\/shop\/\"},{\"@type\":\"ListItem\",\"position\":3,\"name\":\"Lami-Cell Saddle Pad AP Galaxy Velvet\"}]},{\"@type\":\"WebSite\",\"@id\":\"https:\/\/equidash.eu\/#website\",\"url\":\"https:\/\/equidash.eu\/\",\"name\":\"EquiDash\",\"description\":\"Horse Riding Equipment and Accessories\",\"publisher\":{\"@id\":\"https:\/\/equidash.eu\/#organization\"},\"alternateName\":\"EquiDash\",\"potentialAction\":[{\"@type\":\"SearchAction\",\"target\":{\"@type\":\"EntryPoint\",\"urlTemplate\":\"https:\/\/equidash.eu\/?s={search_term_string}\"},\"query-input\":{\"@type\":\"PropertyValueSpecification\",\"valueRequired\":true,\"valueName\":\"search_term_string\"}}],\"inLanguage\":\"es\"},{\"@type\":\"Organization\",\"@id\":\"https:\/\/equidash.eu\/#organization\",\"name\":\"EquiDash\",\"alternateName\":\"EquiDash\",\"url\":\"https:\/\/equidash.eu\/\",\"logo\":{\"@type\":\"ImageObject\",\"inLanguage\":\"es\",\"@id\":\"https:\/\/equidash.eu\/#\/schema\/logo\/image\/\",\"url\":\"https:\/\/equidash.eu\/wp-content\/uploads\/2024\/09\/EQUIDASH_Logo_Raud-1.png\",\"contentUrl\":\"https:\/\/equidash.eu\/wp-content\/uploads\/2024\/09\/EQUIDASH_Logo_Raud-1.png\",\"width\":393,\"height\":422,\"caption\":\"EquiDash\"},\"image\":{\"@id\":\"https:\/\/equidash.eu\/#\/schema\/logo\/image\/\"},\"sameAs\":[\"https:\/\/www.facebook.com\/people\/EquiDash\/61560864479586\/\",\"https:\/\/www.instagram.com\/equidash.eshop\/\"],\"email\":\"info@equidash.eu\",\"telephone\":\"+372 59007334\",\"legalName\":\"Takian Corporation O\u00dc\",\"foundingDate\":\"2020-10-21\",\"vatID\":\"EE102301283\",\"numberOfEmployees\":{\"@type\":\"QuantitativeValue\",\"minValue\":\"1\",\"maxValue\":\"10\"},\"hasMerchantReturnPolicy\":{\"@type\":\"MerchantReturnPolicy\",\"merchantReturnLink\":\"https:\/\/equidash.eu\/es\/return-privacy\/\"}}]}<\/script>\n<meta property=\"product:brand\" content=\"Lami-Cell\" \/>\n<meta property=\"og:availability\" content=\"backorder\" \/>\n<meta property=\"product:availability\" content=\"available for order\" \/>\n<meta property=\"product:retailer_item_id\" content=\"301212\" \/>\n<meta property=\"product:condition\" content=\"new\" \/>\n<!-- \/ Yoast SEO Premium plugin. -->","yoast_head_json":{"title":"Lami-Cell Saddle Pad AP Galaxy Velvet | Parima hinnaga ratsavarustuse e-pood","description":"Lami-Cell Saddle Pad AP Galaxy Velvet - Kaunist kriatallidega sametist h\u00fcppevaltrapil on bambuss\u00f6ekiust vooder, hea hingavuse ja niiskuse imendumisv\u00f5ime.","robots":{"index":"index","follow":"follow","max-snippet":"max-snippet:-1","max-image-preview":"max-image-preview:large","max-video-preview":"max-video-preview:-1"},"canonical":"https:\/\/equidash.eu\/es\/shop\/caballo\/lami-cell-saddle-pad-ap-galaxy-velvet\/","og_locale":"es_ES","og_type":"article","og_title":"Lami-Cell Saddle Pad AP Galaxy Velvet","og_description":"Lami-Cell Saddle Pad AP Galaxy Velvet - Kaunist kriatallidega sametist h\u00fcppevaltrapil on bambuss\u00f6ekiust vooder, hea hingavuse ja niiskuse imendumisv\u00f5ime.","og_url":"https:\/\/equidash.eu\/es\/shop\/caballo\/lami-cell-saddle-pad-ap-galaxy-velvet\/","og_site_name":"Parima hinnaga ratsavarustuse e-pood","article_publisher":"https:\/\/www.facebook.com\/people\/EquiDash\/61560864479586\/","article_modified_time":"2025-01-24T23:11:38+00:00","og_image":[{"width":1080,"height":1080,"url":"https:\/\/equidash.eu\/wp-content\/uploads\/2025\/01\/Lami-Cell_Saddle-pad_AP_Galaxy-Velvet_Red_1.png","type":"image\/png"}],"twitter_card":"summary_large_image","twitter_misc":{"Disponibilidad":"Disponible para reservar"},"schema":{"@context":"https:\/\/schema.org","@graph":[{"@type":"WebPage","@id":"https:\/\/equidash.eu\/shop\/horse\/lami-cell-saddle-pad-ap-galaxy-velvet\/","url":"https:\/\/equidash.eu\/shop\/horse\/lami-cell-saddle-pad-ap-galaxy-velvet\/","name":"Lami-Cell Saddle Pad AP Galaxy Velvet | Parima hinnaga ratsavarustuse e-pood","isPartOf":{"@id":"https:\/\/equidash.eu\/#website"},"primaryImageOfPage":{"@id":"https:\/\/equidash.eu\/shop\/horse\/lami-cell-saddle-pad-ap-galaxy-velvet\/#primaryimage"},"image":{"@id":"https:\/\/equidash.eu\/shop\/horse\/lami-cell-saddle-pad-ap-galaxy-velvet\/#primaryimage"},"thumbnailUrl":"https:\/\/equidash.eu\/wp-content\/uploads\/2025\/01\/Lami-Cell_Saddle-pad_AP_Galaxy-Velvet_Red_1.png","datePublished":"2025-01-12T13:34:57+00:00","dateModified":"2025-01-24T23:11:38+00:00","description":"Lami-Cell Saddle Pad AP Galaxy Velvet - Kaunist kriatallidega sametist h\u00fcppevaltrapil on bambuss\u00f6ekiust vooder, hea hingavuse ja niiskuse imendumisv\u00f5ime.","breadcrumb":{"@id":"https:\/\/equidash.eu\/shop\/horse\/lami-cell-saddle-pad-ap-galaxy-velvet\/#breadcrumb"},"inLanguage":"es","potentialAction":[{"@type":"ReadAction","target":["https:\/\/equidash.eu\/shop\/horse\/lami-cell-saddle-pad-ap-galaxy-velvet\/"]}]},{"@type":"ImageObject","inLanguage":"es","@id":"https:\/\/equidash.eu\/shop\/horse\/lami-cell-saddle-pad-ap-galaxy-velvet\/#primaryimage","url":"https:\/\/equidash.eu\/wp-content\/uploads\/2025\/01\/Lami-Cell_Saddle-pad_AP_Galaxy-Velvet_Red_1.png","contentUrl":"https:\/\/equidash.eu\/wp-content\/uploads\/2025\/01\/Lami-Cell_Saddle-pad_AP_Galaxy-Velvet_Red_1.png","width":1080,"height":1080,"caption":"H\u00fcppevaltrap Galaxy Velvet \u2013 3D velvet, bambuss\u00f6ekiust vooder, ja s\u00e4delevad detailid. Toon: punane"},{"@type":"BreadcrumbList","@id":"https:\/\/equidash.eu\/shop\/horse\/lami-cell-saddle-pad-ap-galaxy-velvet\/#breadcrumb","itemListElement":[{"@type":"ListItem","position":1,"name":"Home","item":"https:\/\/equidash.eu\/"},{"@type":"ListItem","position":2,"name":"Shop","item":"https:\/\/equidash.eu\/shop\/"},{"@type":"ListItem","position":3,"name":"Lami-Cell Saddle Pad AP Galaxy Velvet"}]},{"@type":"WebSite","@id":"https:\/\/equidash.eu\/#website","url":"https:\/\/equidash.eu\/","name":"EquiDash","description":"Horse Riding Equipment and Accessories","publisher":{"@id":"https:\/\/equidash.eu\/#organization"},"alternateName":"EquiDash","potentialAction":[{"@type":"SearchAction","target":{"@type":"EntryPoint","urlTemplate":"https:\/\/equidash.eu\/?s={search_term_string}"},"query-input":{"@type":"PropertyValueSpecification","valueRequired":true,"valueName":"search_term_string"}}],"inLanguage":"es"},{"@type":"Organization","@id":"https:\/\/equidash.eu\/#organization","name":"EquiDash","alternateName":"EquiDash","url":"https:\/\/equidash.eu\/","logo":{"@type":"ImageObject","inLanguage":"es","@id":"https:\/\/equidash.eu\/#\/schema\/logo\/image\/","url":"https:\/\/equidash.eu\/wp-content\/uploads\/2024\/09\/EQUIDASH_Logo_Raud-1.png","contentUrl":"https:\/\/equidash.eu\/wp-content\/uploads\/2024\/09\/EQUIDASH_Logo_Raud-1.png","width":393,"height":422,"caption":"EquiDash"},"image":{"@id":"https:\/\/equidash.eu\/#\/schema\/logo\/image\/"},"sameAs":["https:\/\/www.facebook.com\/people\/EquiDash\/61560864479586\/","https:\/\/www.instagram.com\/equidash.eshop\/"],"email":"info@equidash.eu","telephone":"+372 59007334","legalName":"Takian Corporation O\u00dc","foundingDate":"2020-10-21","vatID":"EE102301283","numberOfEmployees":{"@type":"QuantitativeValue","minValue":"1","maxValue":"10"},"hasMerchantReturnPolicy":{"@type":"MerchantReturnPolicy","merchantReturnLink":"https:\/\/equidash.eu\/es\/return-privacy\/"}}]},"product_brand":"Lami-Cell","og_availability":"backorder","product_availability":"available for order","product_retailer_item_id":"301212","product_condition":"new"},"_links":{"self":[{"href":"https:\/\/equidash.eu\/es\/wp-json\/wp\/v2\/product\/2468","targetHints":{"allow":["GET"]}}],"collection":[{"href":"https:\/\/equidash.eu\/es\/wp-json\/wp\/v2\/product"}],"about":[{"href":"https:\/\/equidash.eu\/es\/wp-json\/wp\/v2\/types\/product"}],"wp:featuredmedia":[{"embeddable":true,"href":"https:\/\/equidash.eu\/es\/wp-json\/wp\/v2\/media\/2475"}],"wp:attachment":[{"href":"https:\/\/equidash.eu\/es\/wp-json\/wp\/v2\/media?parent=2468"}],"wp:term":[{"taxonomy":"product_brand","embeddable":true,"href":"https:\/\/equidash.eu\/es\/wp-json\/wp\/v2\/product_brand?post=2468"},{"taxonomy":"product_cat","embeddable":true,"href":"https:\/\/equidash.eu\/es\/wp-json\/wp\/v2\/product_cat?post=2468"},{"taxonomy":"product_tag","embeddable":true,"href":"https:\/\/equidash.eu\/es\/wp-json\/wp\/v2\/product_tag?post=2468"}],"curies":[{"name":"wp","href":"https:\/\/api.w.org\/{rel}","templated":true}]}}