{"id":2658,"date":"2025-01-14T23:55:06","date_gmt":"2025-01-14T21:55:06","guid":{"rendered":"https:\/\/equidash.eu\/?post_type=product&#038;p=2658"},"modified":"2025-06-09T23:01:51","modified_gmt":"2025-06-09T21:01:51","slug":"euro-star-kids-riding-tights-maxima-fullgrip","status":"publish","type":"product","link":"https:\/\/equidash.eu\/es\/shop\/rider\/euro-star-kids-riding-tights-maxima-fullgrip\/","title":{"rendered":"Euro-Star Pantal\u00f3n de montar Maxima FullGrip ni\u00f1o"},"content":{"rendered":"<p>Los leggings de equitaci\u00f3n para ni\u00f1os Euro-Star Maxima ofrecen retenci\u00f3n de forma, compresi\u00f3n y alta elasticidad para mayor comodidad y soporte. La tela de tacto suave garantiza un ajuste c\u00f3modo. Los leggings cuentan con un dobladillo trasero moldeado, bolsillos delanteros con cinta de cuentas y pedrer\u00eda, y un nuevo dise\u00f1o de agarre de silicona. Adem\u00e1s, tienen bolsillos para el tel\u00e9fono en ambos lados para mayor conveniencia.<\/p>\n<ul>\n<li>Alta elasticidad<\/li>\n<li>Bolsillos delanteros con cinta de cuentas y pedrer\u00eda.<\/li>\n<li>Nuevo dise\u00f1o de logotipo Euro-Star de silicona<\/li>\n<li>Bolsillo para tel\u00e9fono en ambos lados.<\/li>\n<\/ul>\n<p>Instrucciones de cuidado:<\/p>\n<ul>\n<li>Lavar a m\u00e1quina con agua fr\u00eda a 30 \u2103, con un proceso suave. No usar blanqueador, no secar en secadora, no planchar. Lavar del rev\u00e9s con las cremalleras cerradas.<\/li>\n<\/ul>","protected":false},"excerpt":{"rendered":"<p class=\"ai-optimize-23 ai-optimize-introduction\"><a href=\"https:\/\/equidash.eu\/es\/etiqueta-producto\/euro-star\/\"><img decoding=\"async\" style=\"height: 60px; margin-top: 20px;\" src=\"https:\/\/equidash.eu\/wp-content\/uploads\/2024\/12\/Euro-Star.png\" alt=\"\" \/><\/a><\/p>","protected":false},"featured_media":2716,"template":"","meta":{"_acf_changed":false,"_joinchat":[]},"product_brand":[669],"product_cat":[260,22,212],"product_tag":[102,393,115,81],"class_list":{"0":"post-2658","1":"product","2":"type-product","3":"status-publish","4":"has-post-thumbnail","6":"product_brand-euro-star","7":"product_cat-kids","8":"product_cat-rider","9":"product_cat-tights-breeches-rider","10":"product_tag-competition","11":"product_tag-euro-star","12":"product_tag-full-grip","13":"product_tag-kids","14":"pa_colors-beige","15":"pa_colors-black","16":"pa_colors-navy","17":"pa_colors-white","18":"pa_size-389","19":"pa_size-151","20":"pa_size-388","21":"pa_size-387","22":"pa_size-386","23":"pa_size-385","24":"pa_size-75","25":"pa_size-384","26":"pa_size-452","27":"pa_size-78","28":"pa_size-453","29":"pa_size-390","31":"first","32":"onbackorder","33":"taxable","34":"shipping-taxable","35":"purchasable","36":"product-type-variable"},"acf":[],"yoast_head":"<!-- This site is optimized with the Yoast SEO Premium plugin v26.2 (Yoast SEO v27.6) - https:\/\/yoast.com\/product\/yoast-seo-premium-wordpress\/ -->\n<title>Euro-Star Kids Riding tights Maxima FullGrip | Parima hinnaga ratsavarustuse e-pood<\/title>\n<meta name=\"description\" content=\"Euro-Star Kids Riding Tights Maxima FullGrip - T\u00e4isgrippidega laste ratsap\u00fcksid, kaunistatud kristallidega. M\u00f5lemal pool telefonitaskud.\" \/>\n<meta name=\"robots\" content=\"index, follow, max-snippet:-1, max-image-preview:large, max-video-preview:-1\" \/>\n<link rel=\"canonical\" href=\"https:\/\/equidash.eu\/es\/shop\/jinete\/euro-star-kids-riding-tights-maxima-fullgrip\/\" \/>\n<meta property=\"og:locale\" content=\"es_ES\" \/>\n<meta property=\"og:type\" content=\"article\" \/>\n<meta property=\"og:title\" content=\"Euro-Star Kids Riding tights Maxima FullGrip\" \/>\n<meta property=\"og:description\" content=\"Euro-Star Kids Riding Tights Maxima FullGrip - T\u00e4isgrippidega laste ratsap\u00fcksid, kaunistatud kristallidega. M\u00f5lemal pool telefonitaskud.\" \/>\n<meta property=\"og:url\" content=\"https:\/\/equidash.eu\/es\/shop\/jinete\/euro-star-kids-riding-tights-maxima-fullgrip\/\" \/>\n<meta property=\"og:site_name\" content=\"Parima hinnaga ratsavarustuse e-pood\" \/>\n<meta property=\"article:publisher\" content=\"https:\/\/www.facebook.com\/people\/EquiDash\/61560864479586\/\" \/>\n<meta property=\"article:modified_time\" content=\"2025-06-09T21:01:51+00:00\" \/>\n<meta property=\"og:image\" content=\"https:\/\/equidash.eu\/wp-content\/uploads\/2025\/01\/Euro-Star_Kids-Riding-tights_Maxima_FullGrip_Navy_0-scaled.jpg\" \/>\n\t<meta property=\"og:image:width\" content=\"2560\" \/>\n\t<meta property=\"og:image:height\" content=\"2560\" \/>\n\t<meta property=\"og:image:type\" content=\"image\/jpeg\" \/>\n<meta name=\"twitter:card\" content=\"summary_large_image\" \/>\n<meta name=\"twitter:label1\" content=\"Disponibilidad\" \/>\n\t<meta name=\"twitter:data1\" content=\"Disponible para reservar\" \/>\n<script type=\"application\/ld+json\" class=\"yoast-schema-graph\">{\"@context\":\"https:\\\/\\\/schema.org\",\"@graph\":[{\"@type\":\"WebPage\",\"@id\":\"https:\\\/\\\/equidash.eu\\\/shop\\\/rider\\\/euro-star-kids-riding-tights-maxima-fullgrip\\\/\",\"url\":\"https:\\\/\\\/equidash.eu\\\/shop\\\/rider\\\/euro-star-kids-riding-tights-maxima-fullgrip\\\/\",\"name\":\"Euro-Star Kids Riding tights Maxima FullGrip | Parima hinnaga ratsavarustuse e-pood\",\"isPartOf\":{\"@id\":\"https:\\\/\\\/equidash.eu\\\/#website\"},\"primaryImageOfPage\":{\"@id\":\"https:\\\/\\\/equidash.eu\\\/shop\\\/rider\\\/euro-star-kids-riding-tights-maxima-fullgrip\\\/#primaryimage\"},\"image\":{\"@id\":\"https:\\\/\\\/equidash.eu\\\/shop\\\/rider\\\/euro-star-kids-riding-tights-maxima-fullgrip\\\/#primaryimage\"},\"thumbnailUrl\":\"https:\\\/\\\/equidash.eu\\\/wp-content\\\/uploads\\\/2025\\\/01\\\/Euro-Star_Kids-Riding-tights_Maxima_FullGrip_Navy_0-scaled.jpg\",\"datePublished\":\"2025-01-14T21:55:06+00:00\",\"dateModified\":\"2025-06-09T21:01:51+00:00\",\"description\":\"Euro-Star Kids Riding Tights Maxima FullGrip - T\u00e4isgrippidega laste ratsap\u00fcksid, kaunistatud kristallidega. M\u00f5lemal pool telefonitaskud.\",\"breadcrumb\":{\"@id\":\"https:\\\/\\\/equidash.eu\\\/shop\\\/rider\\\/euro-star-kids-riding-tights-maxima-fullgrip\\\/#breadcrumb\"},\"inLanguage\":\"es\",\"potentialAction\":[{\"@type\":\"ReadAction\",\"target\":[\"https:\\\/\\\/equidash.eu\\\/shop\\\/rider\\\/euro-star-kids-riding-tights-maxima-fullgrip\\\/\"]}]},{\"@type\":\"ImageObject\",\"inLanguage\":\"es\",\"@id\":\"https:\\\/\\\/equidash.eu\\\/shop\\\/rider\\\/euro-star-kids-riding-tights-maxima-fullgrip\\\/#primaryimage\",\"url\":\"https:\\\/\\\/equidash.eu\\\/wp-content\\\/uploads\\\/2025\\\/01\\\/Euro-Star_Kids-Riding-tights_Maxima_FullGrip_Navy_0-scaled.jpg\",\"contentUrl\":\"https:\\\/\\\/equidash.eu\\\/wp-content\\\/uploads\\\/2025\\\/01\\\/Euro-Star_Kids-Riding-tights_Maxima_FullGrip_Navy_0-scaled.jpg\",\"width\":2560,\"height\":2560,\"caption\":\"Euro-Star laste ratsap\u00fcksid Maxima \u2013 mugavad ja stiilsed, silikoonist t\u00e4isgripiga. Toon: tumesinine\"},{\"@type\":\"BreadcrumbList\",\"@id\":\"https:\\\/\\\/equidash.eu\\\/shop\\\/rider\\\/euro-star-kids-riding-tights-maxima-fullgrip\\\/#breadcrumb\",\"itemListElement\":[{\"@type\":\"ListItem\",\"position\":1,\"name\":\"Home\",\"item\":\"https:\\\/\\\/equidash.eu\\\/\"},{\"@type\":\"ListItem\",\"position\":2,\"name\":\"Shop\",\"item\":\"https:\\\/\\\/equidash.eu\\\/shop\\\/\"},{\"@type\":\"ListItem\",\"position\":3,\"name\":\"Euro-Star Kids Riding tights Maxima FullGrip\"}]},{\"@type\":\"WebSite\",\"@id\":\"https:\\\/\\\/equidash.eu\\\/#website\",\"url\":\"https:\\\/\\\/equidash.eu\\\/\",\"name\":\"EquiDash\",\"description\":\"Horse Riding Equipment and Accessories\",\"publisher\":{\"@id\":\"https:\\\/\\\/equidash.eu\\\/#organization\"},\"alternateName\":\"EquiDash\",\"potentialAction\":[{\"@type\":\"SearchAction\",\"target\":{\"@type\":\"EntryPoint\",\"urlTemplate\":\"https:\\\/\\\/equidash.eu\\\/?s={search_term_string}\"},\"query-input\":{\"@type\":\"PropertyValueSpecification\",\"valueRequired\":true,\"valueName\":\"search_term_string\"}}],\"inLanguage\":\"es\"},{\"@type\":\"Organization\",\"@id\":\"https:\\\/\\\/equidash.eu\\\/#organization\",\"name\":\"EquiDash\",\"alternateName\":\"EquiDash\",\"url\":\"https:\\\/\\\/equidash.eu\\\/\",\"logo\":{\"@type\":\"ImageObject\",\"inLanguage\":\"es\",\"@id\":\"https:\\\/\\\/equidash.eu\\\/#\\\/schema\\\/logo\\\/image\\\/\",\"url\":\"https:\\\/\\\/equidash.eu\\\/wp-content\\\/uploads\\\/2024\\\/09\\\/EQUIDASH_Logo_Raud-1.png\",\"contentUrl\":\"https:\\\/\\\/equidash.eu\\\/wp-content\\\/uploads\\\/2024\\\/09\\\/EQUIDASH_Logo_Raud-1.png\",\"width\":393,\"height\":422,\"caption\":\"EquiDash\"},\"image\":{\"@id\":\"https:\\\/\\\/equidash.eu\\\/#\\\/schema\\\/logo\\\/image\\\/\"},\"sameAs\":[\"https:\\\/\\\/www.facebook.com\\\/people\\\/EquiDash\\\/61560864479586\\\/\",\"https:\\\/\\\/www.instagram.com\\\/equidash.eshop\\\/\"],\"email\":\"info@equidash.eu\",\"telephone\":\"+372 59007334\",\"legalName\":\"Takian Corporation O\u00dc\",\"foundingDate\":\"2020-10-21\",\"vatID\":\"EE102301283\",\"numberOfEmployees\":{\"@type\":\"QuantitativeValue\",\"minValue\":\"1\",\"maxValue\":\"10\"},\"hasMerchantReturnPolicy\":{\"@type\":\"MerchantReturnPolicy\",\"merchantReturnLink\":\"https:\\\/\\\/equidash.eu\\\/es\\\/return-privacy\\\/\"}}]}<\/script>\n<meta property=\"product:brand\" content=\"Euro-Star\" \/>\n<meta property=\"og:availability\" content=\"backorder\" \/>\n<meta property=\"product:availability\" content=\"available for order\" \/>\n<meta property=\"product:retailer_item_id\" content=\"70705-4086\" \/>\n<meta property=\"product:condition\" content=\"new\" \/>\n<!-- \/ Yoast SEO Premium plugin. -->","yoast_head_json":{"title":"Euro-Star Kids Riding tights Maxima FullGrip | Parima hinnaga ratsavarustuse e-pood","description":"Euro-Star Kids Riding Tights Maxima FullGrip - T\u00e4isgrippidega laste ratsap\u00fcksid, kaunistatud kristallidega. M\u00f5lemal pool telefonitaskud.","robots":{"index":"index","follow":"follow","max-snippet":"max-snippet:-1","max-image-preview":"max-image-preview:large","max-video-preview":"max-video-preview:-1"},"canonical":"https:\/\/equidash.eu\/es\/shop\/jinete\/euro-star-kids-riding-tights-maxima-fullgrip\/","og_locale":"es_ES","og_type":"article","og_title":"Euro-Star Kids Riding tights Maxima FullGrip","og_description":"Euro-Star Kids Riding Tights Maxima FullGrip - T\u00e4isgrippidega laste ratsap\u00fcksid, kaunistatud kristallidega. M\u00f5lemal pool telefonitaskud.","og_url":"https:\/\/equidash.eu\/es\/shop\/jinete\/euro-star-kids-riding-tights-maxima-fullgrip\/","og_site_name":"Parima hinnaga ratsavarustuse e-pood","article_publisher":"https:\/\/www.facebook.com\/people\/EquiDash\/61560864479586\/","article_modified_time":"2025-06-09T21:01:51+00:00","og_image":[{"width":2560,"height":2560,"url":"https:\/\/equidash.eu\/wp-content\/uploads\/2025\/01\/Euro-Star_Kids-Riding-tights_Maxima_FullGrip_Navy_0-scaled.jpg","type":"image\/jpeg"}],"twitter_card":"summary_large_image","twitter_misc":{"Disponibilidad":"Disponible para reservar"},"schema":{"@context":"https:\/\/schema.org","@graph":[{"@type":"WebPage","@id":"https:\/\/equidash.eu\/shop\/rider\/euro-star-kids-riding-tights-maxima-fullgrip\/","url":"https:\/\/equidash.eu\/shop\/rider\/euro-star-kids-riding-tights-maxima-fullgrip\/","name":"Euro-Star Kids Riding tights Maxima FullGrip | Parima hinnaga ratsavarustuse e-pood","isPartOf":{"@id":"https:\/\/equidash.eu\/#website"},"primaryImageOfPage":{"@id":"https:\/\/equidash.eu\/shop\/rider\/euro-star-kids-riding-tights-maxima-fullgrip\/#primaryimage"},"image":{"@id":"https:\/\/equidash.eu\/shop\/rider\/euro-star-kids-riding-tights-maxima-fullgrip\/#primaryimage"},"thumbnailUrl":"https:\/\/equidash.eu\/wp-content\/uploads\/2025\/01\/Euro-Star_Kids-Riding-tights_Maxima_FullGrip_Navy_0-scaled.jpg","datePublished":"2025-01-14T21:55:06+00:00","dateModified":"2025-06-09T21:01:51+00:00","description":"Euro-Star Kids Riding Tights Maxima FullGrip - T\u00e4isgrippidega laste ratsap\u00fcksid, kaunistatud kristallidega. M\u00f5lemal pool telefonitaskud.","breadcrumb":{"@id":"https:\/\/equidash.eu\/shop\/rider\/euro-star-kids-riding-tights-maxima-fullgrip\/#breadcrumb"},"inLanguage":"es","potentialAction":[{"@type":"ReadAction","target":["https:\/\/equidash.eu\/shop\/rider\/euro-star-kids-riding-tights-maxima-fullgrip\/"]}]},{"@type":"ImageObject","inLanguage":"es","@id":"https:\/\/equidash.eu\/shop\/rider\/euro-star-kids-riding-tights-maxima-fullgrip\/#primaryimage","url":"https:\/\/equidash.eu\/wp-content\/uploads\/2025\/01\/Euro-Star_Kids-Riding-tights_Maxima_FullGrip_Navy_0-scaled.jpg","contentUrl":"https:\/\/equidash.eu\/wp-content\/uploads\/2025\/01\/Euro-Star_Kids-Riding-tights_Maxima_FullGrip_Navy_0-scaled.jpg","width":2560,"height":2560,"caption":"Euro-Star laste ratsap\u00fcksid Maxima \u2013 mugavad ja stiilsed, silikoonist t\u00e4isgripiga. Toon: tumesinine"},{"@type":"BreadcrumbList","@id":"https:\/\/equidash.eu\/shop\/rider\/euro-star-kids-riding-tights-maxima-fullgrip\/#breadcrumb","itemListElement":[{"@type":"ListItem","position":1,"name":"Home","item":"https:\/\/equidash.eu\/"},{"@type":"ListItem","position":2,"name":"Shop","item":"https:\/\/equidash.eu\/shop\/"},{"@type":"ListItem","position":3,"name":"Euro-Star Kids Riding tights Maxima FullGrip"}]},{"@type":"WebSite","@id":"https:\/\/equidash.eu\/#website","url":"https:\/\/equidash.eu\/","name":"EquiDash","description":"Horse Riding Equipment and Accessories","publisher":{"@id":"https:\/\/equidash.eu\/#organization"},"alternateName":"EquiDash","potentialAction":[{"@type":"SearchAction","target":{"@type":"EntryPoint","urlTemplate":"https:\/\/equidash.eu\/?s={search_term_string}"},"query-input":{"@type":"PropertyValueSpecification","valueRequired":true,"valueName":"search_term_string"}}],"inLanguage":"es"},{"@type":"Organization","@id":"https:\/\/equidash.eu\/#organization","name":"EquiDash","alternateName":"EquiDash","url":"https:\/\/equidash.eu\/","logo":{"@type":"ImageObject","inLanguage":"es","@id":"https:\/\/equidash.eu\/#\/schema\/logo\/image\/","url":"https:\/\/equidash.eu\/wp-content\/uploads\/2024\/09\/EQUIDASH_Logo_Raud-1.png","contentUrl":"https:\/\/equidash.eu\/wp-content\/uploads\/2024\/09\/EQUIDASH_Logo_Raud-1.png","width":393,"height":422,"caption":"EquiDash"},"image":{"@id":"https:\/\/equidash.eu\/#\/schema\/logo\/image\/"},"sameAs":["https:\/\/www.facebook.com\/people\/EquiDash\/61560864479586\/","https:\/\/www.instagram.com\/equidash.eshop\/"],"email":"info@equidash.eu","telephone":"+372 59007334","legalName":"Takian Corporation O\u00dc","foundingDate":"2020-10-21","vatID":"EE102301283","numberOfEmployees":{"@type":"QuantitativeValue","minValue":"1","maxValue":"10"},"hasMerchantReturnPolicy":{"@type":"MerchantReturnPolicy","merchantReturnLink":"https:\/\/equidash.eu\/es\/return-privacy\/"}}]},"product_brand":"Euro-Star","og_availability":"backorder","product_availability":"available for order","product_retailer_item_id":"70705-4086","product_condition":"new"},"_links":{"self":[{"href":"https:\/\/equidash.eu\/es\/wp-json\/wp\/v2\/product\/2658","targetHints":{"allow":["GET"]}}],"collection":[{"href":"https:\/\/equidash.eu\/es\/wp-json\/wp\/v2\/product"}],"about":[{"href":"https:\/\/equidash.eu\/es\/wp-json\/wp\/v2\/types\/product"}],"wp:featuredmedia":[{"embeddable":true,"href":"https:\/\/equidash.eu\/es\/wp-json\/wp\/v2\/media\/2716"}],"wp:attachment":[{"href":"https:\/\/equidash.eu\/es\/wp-json\/wp\/v2\/media?parent=2658"}],"wp:term":[{"taxonomy":"product_brand","embeddable":true,"href":"https:\/\/equidash.eu\/es\/wp-json\/wp\/v2\/product_brand?post=2658"},{"taxonomy":"product_cat","embeddable":true,"href":"https:\/\/equidash.eu\/es\/wp-json\/wp\/v2\/product_cat?post=2658"},{"taxonomy":"product_tag","embeddable":true,"href":"https:\/\/equidash.eu\/es\/wp-json\/wp\/v2\/product_tag?post=2658"}],"curies":[{"name":"wp","href":"https:\/\/api.w.org\/{rel}","templated":true}]}}