{"id":2747,"date":"2025-01-16T13:56:09","date_gmt":"2025-01-16T11:56:09","guid":{"rendered":"https:\/\/equidash.eu\/?post_type=product&#038;p=2747"},"modified":"2025-10-05T08:15:54","modified_gmt":"2025-10-05T06:15:54","slug":"chia-de-gracia-lets-detox-800g","status":"publish","type":"product","link":"https:\/\/equidash.eu\/es\/shop\/horse\/chia-de-gracia-lets-detox-800g\/","title":{"rendered":"Chia De Gracia Let\u2019s Detox 800g"},"content":{"rendered":"<p>Chia De Gracia Let\u2019s Detox 800g es una mezcla de hierbas para apoyar el metabolismo normal del caballo. Let's Detox es una mezcla de hierbas de muy alta calidad.<\/p>\n<p>De hecho, la receta presenta muchos ingredientes diferentes que incluyen: semillas de cardo mariano, ra\u00edz y hojas de diente de le\u00f3n, ra\u00edz de bardana, vara de oro, ra\u00edz y hojas de ortiga, cal\u00e9ndula y muchos otros.<\/p>\n<p>Gracias a todos estos elementos, es un producto rico en vitaminas esenciales y \u00fatiles para el bienestar de tu caballo.<\/p>\n<p><strong>Dosificaci\u00f3n:<\/strong><\/p>\n<ul>\n<li><span style=\"font-size: 100%;\">Caballo 500 kg: <span style=\"color: #555555;\">1 - 1,5 dl al d\u00eda (a dividir en 2 tomas)<\/span><\/span><\/li>\n<\/ul>\n<ul>\n<li><span style=\"font-size: 100%;\">Para ponis, dependiendo del tama\u00f1o,<span style=\"color: #555555;\">1 cucharada \u2013 1\/2 dl.<\/span><\/span><\/li>\n<\/ul>\n<p><span style=\"font-size: 100%;\">1 dl = 30 g.<\/span><\/p>\n<p>Se recomienda utilizarlo cada 7-14 d\u00edas. M\u00e1ximo de 4 semanas. No apto para yeguas gestantes o lactantes.<\/p>\n<p>Se recomienda comenzar con peque\u00f1as dosis, y despu\u00e9s aumentar gradualmente<\/p>\n<p>Para obtener los mejores resultados, primero \u00fasalo en primavera, antes de que comience la temporada de pastoreo. Luego, admin\u00edstralo despu\u00e9s del desparasitado o, alternativamente, tras un tratamiento prolongado con medicamentos. Adem\u00e1s, en caballos con dermatitis estival, es recomendable apoyar bien su metabolismo en primavera, antes del inicio de la temporada de insectos.<\/p>\n<p data-start=\"397\" data-end=\"548\" data-is-last-node=\"\" data-is-only-node=\"\"><strong data-start=\"397\" data-end=\"413\">Composici\u00f3n:<\/strong><br data-start=\"413\" data-end=\"416\" \/>Milk thistle seeds, dandelion root, burdock root, goldenrod, cleavers, nettle root, nettle leaves, buttercup leaf, calendula flowers<\/p>\n<p data-start=\"397\" data-end=\"548\" data-is-last-node=\"\" data-is-only-node=\"\"><span style=\"font-size: 100%;\"><strong data-start=\"96\" data-end=\"117\" data-is-only-node=\"\">Feed declaration:<\/strong> Complementary feed<\/span><br data-start=\"136\" data-end=\"139\" \/><span style=\"font-size: 100%;\"><strong data-start=\"139\" data-end=\"151\">Almacenamiento<\/strong> Store in a cool, dry place protected from light<\/span><br data-start=\"199\" data-end=\"202\" \/><span style=\"font-size: 100%;\"><strong data-start=\"202\" data-end=\"223\">Application area:<\/strong> Liver, kidneys &amp; urinary tract<\/span><br data-start=\"254\" data-end=\"257\" \/><span style=\"font-size: 100%;\"><strong data-start=\"257\" data-end=\"274\">Fabricante:<\/strong> Chia de Gracia Oy, S\u00e4rkiniemenkatu 5 C1, 00210 Helsinki, Finlandia <a class=\"decorated-link\" href=\"https:\/\/www.chiadegracia.com\/\" target=\"_new\" rel=\"noopener\" data-start=\"341\" data-end=\"393\">www.chiadegracia.com<\/a><\/span><\/p>","protected":false},"excerpt":{"rendered":"<p class=\"ai-optimize-18 ai-optimize-introduction\"><a href=\"https:\/\/equidash.eu\/es\/etiqueta-producto\/chia-de-gracia\/\"><img decoding=\"async\" style=\"height: 60px; margin-top: 20px;\" src=\"https:\/\/equidash.eu\/wp-content\/uploads\/2024\/10\/chialogoS_-1.png\" alt=\"\" \/><\/a><\/p>","protected":false},"featured_media":2749,"template":"","meta":{"_acf_changed":false,"_joinchat":[]},"product_brand":[510],"product_cat":[27,251,405],"product_tag":[421,472,473],"class_list":{"0":"post-2747","1":"product","2":"type-product","3":"status-publish","4":"has-post-thumbnail","6":"product_brand-chia-de-gracia","7":"product_cat-horse","8":"product_cat-horse-feed-nutrition","9":"product_cat-supplements","10":"product_tag-chia-de-gracia","11":"product_tag-lets-detox","12":"product_tag-metabolism","13":"pa_size-800-g","15":"first","16":"onbackorder","17":"taxable","18":"shipping-taxable","19":"purchasable","20":"product-type-variable","21":"has-default-attributes"},"acf":[],"yoast_head":"<!-- This site is optimized with the Yoast SEO Premium plugin v26.2 (Yoast SEO v27.2) - https:\/\/yoast.com\/product\/yoast-seo-premium-wordpress\/ -->\n<title>Chia De Gracia Let&#039;s Detox 800g | Parima hinnaga ratsavarustuse e-pood<\/title>\n<meta name=\"description\" content=\"Chia De Gracia Let&#039;s Detox 800g | Taimne segu hobuse normaalse ainevahetuse toetamiseks. Toode toetab maksa ja neerude normaalset talitust ja ainevahetust.\" \/>\n<meta name=\"robots\" content=\"index, follow, max-snippet:-1, max-image-preview:large, max-video-preview:-1\" \/>\n<link rel=\"canonical\" href=\"https:\/\/equidash.eu\/es\/shop\/caballo\/chia-de-gracia-lets-detox-800g\/\" \/>\n<meta property=\"og:locale\" content=\"es_ES\" \/>\n<meta property=\"og:type\" content=\"article\" \/>\n<meta property=\"og:title\" content=\"Chia De Gracia Let&#039;s Detox 800g\" \/>\n<meta property=\"og:description\" content=\"Chia De Gracia Let&#039;s Detox 800g | Taimne segu hobuse normaalse ainevahetuse toetamiseks. Toode toetab maksa ja neerude normaalset talitust ja ainevahetust.\" \/>\n<meta property=\"og:url\" content=\"https:\/\/equidash.eu\/es\/shop\/caballo\/chia-de-gracia-lets-detox-800g\/\" \/>\n<meta property=\"og:site_name\" content=\"Parima hinnaga ratsavarustuse e-pood\" \/>\n<meta property=\"article:publisher\" content=\"https:\/\/www.facebook.com\/people\/EquiDash\/61560864479586\/\" \/>\n<meta property=\"article:modified_time\" content=\"2025-10-05T06:15:54+00:00\" \/>\n<meta property=\"og:image\" content=\"https:\/\/equidash.eu\/wp-content\/uploads\/2025\/01\/Chia-de-gracia_lets-detox_800g_.png\" \/>\n\t<meta property=\"og:image:width\" content=\"1080\" \/>\n\t<meta property=\"og:image:height\" content=\"1080\" \/>\n\t<meta property=\"og:image:type\" content=\"image\/png\" \/>\n<meta name=\"twitter:card\" content=\"summary_large_image\" \/>\n<meta name=\"twitter:label1\" content=\"Disponibilidad\" \/>\n\t<meta name=\"twitter:data1\" content=\"Disponible para reservar\" \/>\n<script type=\"application\/ld+json\" class=\"yoast-schema-graph\">{\"@context\":\"https:\/\/schema.org\",\"@graph\":[{\"@type\":\"WebPage\",\"@id\":\"https:\/\/equidash.eu\/shop\/horse\/chia-de-gracia-lets-detox-800g\/\",\"url\":\"https:\/\/equidash.eu\/shop\/horse\/chia-de-gracia-lets-detox-800g\/\",\"name\":\"Chia De Gracia Let's Detox 800g | Parima hinnaga ratsavarustuse e-pood\",\"isPartOf\":{\"@id\":\"https:\/\/equidash.eu\/#website\"},\"primaryImageOfPage\":{\"@id\":\"https:\/\/equidash.eu\/shop\/horse\/chia-de-gracia-lets-detox-800g\/#primaryimage\"},\"image\":{\"@id\":\"https:\/\/equidash.eu\/shop\/horse\/chia-de-gracia-lets-detox-800g\/#primaryimage\"},\"thumbnailUrl\":\"https:\/\/equidash.eu\/wp-content\/uploads\/2025\/01\/Chia-de-gracia_lets-detox_800g_.png\",\"datePublished\":\"2025-01-16T11:56:09+00:00\",\"dateModified\":\"2025-10-05T06:15:54+00:00\",\"description\":\"Chia De Gracia Let's Detox 800g | Taimne segu hobuse normaalse ainevahetuse toetamiseks. Toode toetab maksa ja neerude normaalset talitust ja ainevahetust.\",\"breadcrumb\":{\"@id\":\"https:\/\/equidash.eu\/shop\/horse\/chia-de-gracia-lets-detox-800g\/#breadcrumb\"},\"inLanguage\":\"es\",\"potentialAction\":[{\"@type\":\"ReadAction\",\"target\":[\"https:\/\/equidash.eu\/shop\/horse\/chia-de-gracia-lets-detox-800g\/\"]}]},{\"@type\":\"ImageObject\",\"inLanguage\":\"es\",\"@id\":\"https:\/\/equidash.eu\/shop\/horse\/chia-de-gracia-lets-detox-800g\/#primaryimage\",\"url\":\"https:\/\/equidash.eu\/wp-content\/uploads\/2025\/01\/Chia-de-gracia_lets-detox_800g_.png\",\"contentUrl\":\"https:\/\/equidash.eu\/wp-content\/uploads\/2025\/01\/Chia-de-gracia_lets-detox_800g_.png\",\"width\":1080,\"height\":1080,\"caption\":\"Chia De Gracia Let\u2019s Detox 800g - taimne segu hobusele ainevahetuse ja organite talitluse toetamiseks\"},{\"@type\":\"BreadcrumbList\",\"@id\":\"https:\/\/equidash.eu\/shop\/horse\/chia-de-gracia-lets-detox-800g\/#breadcrumb\",\"itemListElement\":[{\"@type\":\"ListItem\",\"position\":1,\"name\":\"Home\",\"item\":\"https:\/\/equidash.eu\/\"},{\"@type\":\"ListItem\",\"position\":2,\"name\":\"Shop\",\"item\":\"https:\/\/equidash.eu\/shop\/\"},{\"@type\":\"ListItem\",\"position\":3,\"name\":\"Chia De Gracia Let&#8217;s Detox 800g\"}]},{\"@type\":\"WebSite\",\"@id\":\"https:\/\/equidash.eu\/#website\",\"url\":\"https:\/\/equidash.eu\/\",\"name\":\"EquiDash\",\"description\":\"Horse Riding Equipment and Accessories\",\"publisher\":{\"@id\":\"https:\/\/equidash.eu\/#organization\"},\"alternateName\":\"EquiDash\",\"potentialAction\":[{\"@type\":\"SearchAction\",\"target\":{\"@type\":\"EntryPoint\",\"urlTemplate\":\"https:\/\/equidash.eu\/?s={search_term_string}\"},\"query-input\":{\"@type\":\"PropertyValueSpecification\",\"valueRequired\":true,\"valueName\":\"search_term_string\"}}],\"inLanguage\":\"es\"},{\"@type\":\"Organization\",\"@id\":\"https:\/\/equidash.eu\/#organization\",\"name\":\"EquiDash\",\"alternateName\":\"EquiDash\",\"url\":\"https:\/\/equidash.eu\/\",\"logo\":{\"@type\":\"ImageObject\",\"inLanguage\":\"es\",\"@id\":\"https:\/\/equidash.eu\/#\/schema\/logo\/image\/\",\"url\":\"https:\/\/equidash.eu\/wp-content\/uploads\/2024\/09\/EQUIDASH_Logo_Raud-1.png\",\"contentUrl\":\"https:\/\/equidash.eu\/wp-content\/uploads\/2024\/09\/EQUIDASH_Logo_Raud-1.png\",\"width\":393,\"height\":422,\"caption\":\"EquiDash\"},\"image\":{\"@id\":\"https:\/\/equidash.eu\/#\/schema\/logo\/image\/\"},\"sameAs\":[\"https:\/\/www.facebook.com\/people\/EquiDash\/61560864479586\/\",\"https:\/\/www.instagram.com\/equidash.eshop\/\"],\"email\":\"info@equidash.eu\",\"telephone\":\"+372 59007334\",\"legalName\":\"Takian Corporation O\u00dc\",\"foundingDate\":\"2020-10-21\",\"vatID\":\"EE102301283\",\"numberOfEmployees\":{\"@type\":\"QuantitativeValue\",\"minValue\":\"1\",\"maxValue\":\"10\"},\"hasMerchantReturnPolicy\":{\"@type\":\"MerchantReturnPolicy\",\"merchantReturnLink\":\"https:\/\/equidash.eu\/es\/return-privacy\/\"}}]}<\/script>\n<meta property=\"product:brand\" content=\"Chia de Gracia\" \/>\n<meta property=\"og:availability\" content=\"backorder\" \/>\n<meta property=\"product:availability\" content=\"available for order\" \/>\n<meta property=\"product:condition\" content=\"new\" \/>\n<!-- \/ Yoast SEO Premium plugin. -->","yoast_head_json":{"title":"Chia De Gracia Let's Detox 800g | Parima hinnaga ratsavarustuse e-pood","description":"Chia De Gracia Let's Detox 800g | Taimne segu hobuse normaalse ainevahetuse toetamiseks. Toode toetab maksa ja neerude normaalset talitust ja ainevahetust.","robots":{"index":"index","follow":"follow","max-snippet":"max-snippet:-1","max-image-preview":"max-image-preview:large","max-video-preview":"max-video-preview:-1"},"canonical":"https:\/\/equidash.eu\/es\/shop\/caballo\/chia-de-gracia-lets-detox-800g\/","og_locale":"es_ES","og_type":"article","og_title":"Chia De Gracia Let's Detox 800g","og_description":"Chia De Gracia Let's Detox 800g | Taimne segu hobuse normaalse ainevahetuse toetamiseks. Toode toetab maksa ja neerude normaalset talitust ja ainevahetust.","og_url":"https:\/\/equidash.eu\/es\/shop\/caballo\/chia-de-gracia-lets-detox-800g\/","og_site_name":"Parima hinnaga ratsavarustuse e-pood","article_publisher":"https:\/\/www.facebook.com\/people\/EquiDash\/61560864479586\/","article_modified_time":"2025-10-05T06:15:54+00:00","og_image":[{"width":1080,"height":1080,"url":"https:\/\/equidash.eu\/wp-content\/uploads\/2025\/01\/Chia-de-gracia_lets-detox_800g_.png","type":"image\/png"}],"twitter_card":"summary_large_image","twitter_misc":{"Disponibilidad":"Disponible para reservar"},"schema":{"@context":"https:\/\/schema.org","@graph":[{"@type":"WebPage","@id":"https:\/\/equidash.eu\/shop\/horse\/chia-de-gracia-lets-detox-800g\/","url":"https:\/\/equidash.eu\/shop\/horse\/chia-de-gracia-lets-detox-800g\/","name":"Chia De Gracia Let's Detox 800g | Parima hinnaga ratsavarustuse e-pood","isPartOf":{"@id":"https:\/\/equidash.eu\/#website"},"primaryImageOfPage":{"@id":"https:\/\/equidash.eu\/shop\/horse\/chia-de-gracia-lets-detox-800g\/#primaryimage"},"image":{"@id":"https:\/\/equidash.eu\/shop\/horse\/chia-de-gracia-lets-detox-800g\/#primaryimage"},"thumbnailUrl":"https:\/\/equidash.eu\/wp-content\/uploads\/2025\/01\/Chia-de-gracia_lets-detox_800g_.png","datePublished":"2025-01-16T11:56:09+00:00","dateModified":"2025-10-05T06:15:54+00:00","description":"Chia De Gracia Let's Detox 800g | Taimne segu hobuse normaalse ainevahetuse toetamiseks. Toode toetab maksa ja neerude normaalset talitust ja ainevahetust.","breadcrumb":{"@id":"https:\/\/equidash.eu\/shop\/horse\/chia-de-gracia-lets-detox-800g\/#breadcrumb"},"inLanguage":"es","potentialAction":[{"@type":"ReadAction","target":["https:\/\/equidash.eu\/shop\/horse\/chia-de-gracia-lets-detox-800g\/"]}]},{"@type":"ImageObject","inLanguage":"es","@id":"https:\/\/equidash.eu\/shop\/horse\/chia-de-gracia-lets-detox-800g\/#primaryimage","url":"https:\/\/equidash.eu\/wp-content\/uploads\/2025\/01\/Chia-de-gracia_lets-detox_800g_.png","contentUrl":"https:\/\/equidash.eu\/wp-content\/uploads\/2025\/01\/Chia-de-gracia_lets-detox_800g_.png","width":1080,"height":1080,"caption":"Chia De Gracia Let\u2019s Detox 800g - taimne segu hobusele ainevahetuse ja organite talitluse toetamiseks"},{"@type":"BreadcrumbList","@id":"https:\/\/equidash.eu\/shop\/horse\/chia-de-gracia-lets-detox-800g\/#breadcrumb","itemListElement":[{"@type":"ListItem","position":1,"name":"Home","item":"https:\/\/equidash.eu\/"},{"@type":"ListItem","position":2,"name":"Shop","item":"https:\/\/equidash.eu\/shop\/"},{"@type":"ListItem","position":3,"name":"Chia De Gracia Let&#8217;s Detox 800g"}]},{"@type":"WebSite","@id":"https:\/\/equidash.eu\/#website","url":"https:\/\/equidash.eu\/","name":"EquiDash","description":"Horse Riding Equipment and Accessories","publisher":{"@id":"https:\/\/equidash.eu\/#organization"},"alternateName":"EquiDash","potentialAction":[{"@type":"SearchAction","target":{"@type":"EntryPoint","urlTemplate":"https:\/\/equidash.eu\/?s={search_term_string}"},"query-input":{"@type":"PropertyValueSpecification","valueRequired":true,"valueName":"search_term_string"}}],"inLanguage":"es"},{"@type":"Organization","@id":"https:\/\/equidash.eu\/#organization","name":"EquiDash","alternateName":"EquiDash","url":"https:\/\/equidash.eu\/","logo":{"@type":"ImageObject","inLanguage":"es","@id":"https:\/\/equidash.eu\/#\/schema\/logo\/image\/","url":"https:\/\/equidash.eu\/wp-content\/uploads\/2024\/09\/EQUIDASH_Logo_Raud-1.png","contentUrl":"https:\/\/equidash.eu\/wp-content\/uploads\/2024\/09\/EQUIDASH_Logo_Raud-1.png","width":393,"height":422,"caption":"EquiDash"},"image":{"@id":"https:\/\/equidash.eu\/#\/schema\/logo\/image\/"},"sameAs":["https:\/\/www.facebook.com\/people\/EquiDash\/61560864479586\/","https:\/\/www.instagram.com\/equidash.eshop\/"],"email":"info@equidash.eu","telephone":"+372 59007334","legalName":"Takian Corporation O\u00dc","foundingDate":"2020-10-21","vatID":"EE102301283","numberOfEmployees":{"@type":"QuantitativeValue","minValue":"1","maxValue":"10"},"hasMerchantReturnPolicy":{"@type":"MerchantReturnPolicy","merchantReturnLink":"https:\/\/equidash.eu\/es\/return-privacy\/"}}]},"product_brand":"Chia de Gracia","og_availability":"backorder","product_availability":"available for order","product_condition":"new"},"_links":{"self":[{"href":"https:\/\/equidash.eu\/es\/wp-json\/wp\/v2\/product\/2747","targetHints":{"allow":["GET"]}}],"collection":[{"href":"https:\/\/equidash.eu\/es\/wp-json\/wp\/v2\/product"}],"about":[{"href":"https:\/\/equidash.eu\/es\/wp-json\/wp\/v2\/types\/product"}],"wp:featuredmedia":[{"embeddable":true,"href":"https:\/\/equidash.eu\/es\/wp-json\/wp\/v2\/media\/2749"}],"wp:attachment":[{"href":"https:\/\/equidash.eu\/es\/wp-json\/wp\/v2\/media?parent=2747"}],"wp:term":[{"taxonomy":"product_brand","embeddable":true,"href":"https:\/\/equidash.eu\/es\/wp-json\/wp\/v2\/product_brand?post=2747"},{"taxonomy":"product_cat","embeddable":true,"href":"https:\/\/equidash.eu\/es\/wp-json\/wp\/v2\/product_cat?post=2747"},{"taxonomy":"product_tag","embeddable":true,"href":"https:\/\/equidash.eu\/es\/wp-json\/wp\/v2\/product_tag?post=2747"}],"curies":[{"name":"wp","href":"https:\/\/api.w.org\/{rel}","templated":true}]}}