{"id":2750,"date":"2025-01-16T14:56:37","date_gmt":"2025-01-16T12:56:37","guid":{"rendered":"https:\/\/equidash.eu\/?post_type=product&#038;p=2750"},"modified":"2025-10-05T08:03:47","modified_gmt":"2025-10-05T06:03:47","slug":"chia-de-gracia-after-work","status":"publish","type":"product","link":"https:\/\/equidash.eu\/es\/shop\/horse\/chia-de-gracia-after-work\/","title":{"rendered":"Chia de Gracia After Work"},"content":{"rendered":"<p>After Work es una mezcla de avena saludable, sabrosa y agradable para el est\u00f3mago, ideal para la recuperaci\u00f3n despu\u00e9s del entrenamiento. Contiene linaza, malta de cebada, semillas de ch\u00eda, levadura de cerveza, manzana, ra\u00edz de regaliz, sal mineral, remolacha y una pizca de amor.<\/p>\n<p><span style=\"font-size: 100%;\"><strong>Dosificaci\u00f3n:<\/strong><\/span><\/p>\n<ul>\n<li><span style=\"font-size: 100%;\">Caballo 500 kg: <\/span><span style=\"font-size: 100%;\">1- 5 dl o seg\u00fan sea necesario.<\/span><\/li>\n<\/ul>\n<p><span style=\"font-size: 100%;\">Stir in rich warm water and allow to simmer at least 10 minutes.\u00a0 If necessary, you can add electrolytes, etc.<\/span><\/p>\n<p><span style=\"font-size: 100%;\">Tama\u00f1o del embalaje 3,5 kg.<\/span><\/p>\n<div class=\"product-description rte\">\n<p><span style=\"font-size: 100%;\">Al competir, tenga en cuenta los per\u00edodos de espera y las reglas nacionales e internacionales.<\/span><\/p>\n<p><strong>Composici\u00f3n<\/strong><br data-start=\"11\" data-end=\"14\" \/>Flaxseed, barley malt, chia seeds, brewer\u2019s yeast, apples, licorice root, mineral salt, red beet.<\/p>\n<p>Marca: Chia de Gracia<br data-start=\"21\" data-end=\"24\" \/>Horse type: Sport horses<br data-start=\"48\" data-end=\"51\" \/>Storage: Store in a dry place<br data-start=\"80\" data-end=\"83\" \/>Application area: Performance &amp; condition, regeneration<br data-start=\"138\" data-end=\"141\" \/>Fabricante: Chia de Gracia Oy, S\u00e4rkiniemenkatu 5 C1, 00210 Helsinki, Finlandia <a class=\"decorated-link\" href=\"https:\/\/www.chiadegracia.com\/\" target=\"_new\" rel=\"noopener\" data-start=\"221\" data-end=\"273\" data-is-last-node=\"\">www.chiadegracia.com<\/a><\/p>\n<\/div>","protected":false},"excerpt":{"rendered":"<p><a href=\"https:\/\/equidash.eu\/es\/etiqueta-producto\/chia-de-gracia\/\"><img decoding=\"async\" style=\"height: 60px; margin-top: 20px;\" src=\"https:\/\/equidash.eu\/wp-content\/uploads\/2024\/10\/chialogoS_-1.png\" alt=\"\" \/><\/a><\/p>","protected":false},"featured_media":2752,"template":"","meta":{"_acf_changed":false,"_joinchat":[]},"product_brand":[510],"product_cat":[27,251,405],"product_tag":[422,475,421,476],"class_list":{"0":"post-2750","1":"product","2":"type-product","3":"status-publish","4":"has-post-thumbnail","6":"product_brand-chia-de-gracia","7":"product_cat-horse","8":"product_cat-horse-feed-nutrition","9":"product_cat-supplements","10":"product_tag-100-natural","11":"product_tag-after-work","12":"product_tag-chia-de-gracia","13":"product_tag-recovery","14":"pa_size-3-5-kg","16":"first","17":"onbackorder","18":"taxable","19":"shipping-taxable","20":"purchasable","21":"product-type-variable","22":"has-default-attributes"},"acf":[],"yoast_head":"<!-- This site is optimized with the Yoast SEO Premium plugin v26.2 (Yoast SEO v27.6) - https:\/\/yoast.com\/product\/yoast-seo-premium-wordpress\/ -->\n<title>Chia de Gracia After Work | Parima hinnaga ratsavarustuse e-pood<\/title>\n<meta name=\"description\" content=\"Chia de Gracia After Work | K\u00f5hus\u00f5bralik, maitsev pudrusegu treeningj\u00e4rgseks taastumiseks. Suurep\u00e4rane viis oma hobust p\u00e4rast treeningut hellitada!\" \/>\n<meta name=\"robots\" content=\"index, follow, max-snippet:-1, max-image-preview:large, max-video-preview:-1\" \/>\n<link rel=\"canonical\" href=\"https:\/\/equidash.eu\/es\/shop\/caballo\/chia-de-gracia-after-work\/\" \/>\n<meta property=\"og:locale\" content=\"es_ES\" \/>\n<meta property=\"og:type\" content=\"article\" \/>\n<meta property=\"og:title\" content=\"Chia de Gracia After Work\" \/>\n<meta property=\"og:description\" content=\"Chia de Gracia After Work | K\u00f5hus\u00f5bralik, maitsev pudrusegu treeningj\u00e4rgseks taastumiseks. Suurep\u00e4rane viis oma hobust p\u00e4rast treeningut hellitada!\" \/>\n<meta property=\"og:url\" content=\"https:\/\/equidash.eu\/es\/shop\/caballo\/chia-de-gracia-after-work\/\" \/>\n<meta property=\"og:site_name\" content=\"Parima hinnaga ratsavarustuse e-pood\" \/>\n<meta property=\"article:publisher\" content=\"https:\/\/www.facebook.com\/people\/EquiDash\/61560864479586\/\" \/>\n<meta property=\"article:modified_time\" content=\"2025-10-05T06:03:47+00:00\" \/>\n<meta property=\"og:image\" content=\"https:\/\/equidash.eu\/wp-content\/uploads\/2025\/01\/Chia-de-gracia_After-Work_3-5kg.png\" \/>\n\t<meta property=\"og:image:width\" content=\"1080\" \/>\n\t<meta property=\"og:image:height\" content=\"1080\" \/>\n\t<meta property=\"og:image:type\" content=\"image\/png\" \/>\n<meta name=\"twitter:card\" content=\"summary_large_image\" \/>\n<meta name=\"twitter:label1\" content=\"Disponibilidad\" \/>\n\t<meta name=\"twitter:data1\" content=\"Disponible para reservar\" \/>\n<script type=\"application\/ld+json\" class=\"yoast-schema-graph\">{\"@context\":\"https:\\\/\\\/schema.org\",\"@graph\":[{\"@type\":\"WebPage\",\"@id\":\"https:\\\/\\\/equidash.eu\\\/shop\\\/horse\\\/chia-de-gracia-after-work\\\/\",\"url\":\"https:\\\/\\\/equidash.eu\\\/shop\\\/horse\\\/chia-de-gracia-after-work\\\/\",\"name\":\"Chia de Gracia After Work | Parima hinnaga ratsavarustuse e-pood\",\"isPartOf\":{\"@id\":\"https:\\\/\\\/equidash.eu\\\/#website\"},\"primaryImageOfPage\":{\"@id\":\"https:\\\/\\\/equidash.eu\\\/shop\\\/horse\\\/chia-de-gracia-after-work\\\/#primaryimage\"},\"image\":{\"@id\":\"https:\\\/\\\/equidash.eu\\\/shop\\\/horse\\\/chia-de-gracia-after-work\\\/#primaryimage\"},\"thumbnailUrl\":\"https:\\\/\\\/equidash.eu\\\/wp-content\\\/uploads\\\/2025\\\/01\\\/Chia-de-gracia_After-Work_3-5kg.png\",\"datePublished\":\"2025-01-16T12:56:37+00:00\",\"dateModified\":\"2025-10-05T06:03:47+00:00\",\"description\":\"Chia de Gracia After Work | K\u00f5hus\u00f5bralik, maitsev pudrusegu treeningj\u00e4rgseks taastumiseks. Suurep\u00e4rane viis oma hobust p\u00e4rast treeningut hellitada!\",\"breadcrumb\":{\"@id\":\"https:\\\/\\\/equidash.eu\\\/shop\\\/horse\\\/chia-de-gracia-after-work\\\/#breadcrumb\"},\"inLanguage\":\"es\",\"potentialAction\":[{\"@type\":\"ReadAction\",\"target\":[\"https:\\\/\\\/equidash.eu\\\/shop\\\/horse\\\/chia-de-gracia-after-work\\\/\"]}]},{\"@type\":\"ImageObject\",\"inLanguage\":\"es\",\"@id\":\"https:\\\/\\\/equidash.eu\\\/shop\\\/horse\\\/chia-de-gracia-after-work\\\/#primaryimage\",\"url\":\"https:\\\/\\\/equidash.eu\\\/wp-content\\\/uploads\\\/2025\\\/01\\\/Chia-de-gracia_After-Work_3-5kg.png\",\"contentUrl\":\"https:\\\/\\\/equidash.eu\\\/wp-content\\\/uploads\\\/2025\\\/01\\\/Chia-de-gracia_After-Work_3-5kg.png\",\"width\":1080,\"height\":1080,\"caption\":\"Hobusele p\u00e4rast treeningut - After Work pudrusegu toetab seedimist ja taastumist\"},{\"@type\":\"BreadcrumbList\",\"@id\":\"https:\\\/\\\/equidash.eu\\\/shop\\\/horse\\\/chia-de-gracia-after-work\\\/#breadcrumb\",\"itemListElement\":[{\"@type\":\"ListItem\",\"position\":1,\"name\":\"Home\",\"item\":\"https:\\\/\\\/equidash.eu\\\/\"},{\"@type\":\"ListItem\",\"position\":2,\"name\":\"Shop\",\"item\":\"https:\\\/\\\/equidash.eu\\\/shop\\\/\"},{\"@type\":\"ListItem\",\"position\":3,\"name\":\"Chia de Gracia After Work\"}]},{\"@type\":\"WebSite\",\"@id\":\"https:\\\/\\\/equidash.eu\\\/#website\",\"url\":\"https:\\\/\\\/equidash.eu\\\/\",\"name\":\"EquiDash\",\"description\":\"Horse Riding Equipment and Accessories\",\"publisher\":{\"@id\":\"https:\\\/\\\/equidash.eu\\\/#organization\"},\"alternateName\":\"EquiDash\",\"potentialAction\":[{\"@type\":\"SearchAction\",\"target\":{\"@type\":\"EntryPoint\",\"urlTemplate\":\"https:\\\/\\\/equidash.eu\\\/?s={search_term_string}\"},\"query-input\":{\"@type\":\"PropertyValueSpecification\",\"valueRequired\":true,\"valueName\":\"search_term_string\"}}],\"inLanguage\":\"es\"},{\"@type\":\"Organization\",\"@id\":\"https:\\\/\\\/equidash.eu\\\/#organization\",\"name\":\"EquiDash\",\"alternateName\":\"EquiDash\",\"url\":\"https:\\\/\\\/equidash.eu\\\/\",\"logo\":{\"@type\":\"ImageObject\",\"inLanguage\":\"es\",\"@id\":\"https:\\\/\\\/equidash.eu\\\/#\\\/schema\\\/logo\\\/image\\\/\",\"url\":\"https:\\\/\\\/equidash.eu\\\/wp-content\\\/uploads\\\/2024\\\/09\\\/EQUIDASH_Logo_Raud-1.png\",\"contentUrl\":\"https:\\\/\\\/equidash.eu\\\/wp-content\\\/uploads\\\/2024\\\/09\\\/EQUIDASH_Logo_Raud-1.png\",\"width\":393,\"height\":422,\"caption\":\"EquiDash\"},\"image\":{\"@id\":\"https:\\\/\\\/equidash.eu\\\/#\\\/schema\\\/logo\\\/image\\\/\"},\"sameAs\":[\"https:\\\/\\\/www.facebook.com\\\/people\\\/EquiDash\\\/61560864479586\\\/\",\"https:\\\/\\\/www.instagram.com\\\/equidash.eshop\\\/\"],\"email\":\"info@equidash.eu\",\"telephone\":\"+372 59007334\",\"legalName\":\"Takian Corporation O\u00dc\",\"foundingDate\":\"2020-10-21\",\"vatID\":\"EE102301283\",\"numberOfEmployees\":{\"@type\":\"QuantitativeValue\",\"minValue\":\"1\",\"maxValue\":\"10\"},\"hasMerchantReturnPolicy\":{\"@type\":\"MerchantReturnPolicy\",\"merchantReturnLink\":\"https:\\\/\\\/equidash.eu\\\/es\\\/return-privacy\\\/\"}}]}<\/script>\n<meta property=\"product:brand\" content=\"Chia de Gracia\" \/>\n<meta property=\"og:availability\" content=\"backorder\" \/>\n<meta property=\"product:availability\" content=\"available for order\" \/>\n<meta property=\"product:condition\" content=\"new\" \/>\n<!-- \/ Yoast SEO Premium plugin. -->","yoast_head_json":{"title":"Chia de Gracia After Work | Parima hinnaga ratsavarustuse e-pood","description":"Chia de Gracia After Work | K\u00f5hus\u00f5bralik, maitsev pudrusegu treeningj\u00e4rgseks taastumiseks. Suurep\u00e4rane viis oma hobust p\u00e4rast treeningut hellitada!","robots":{"index":"index","follow":"follow","max-snippet":"max-snippet:-1","max-image-preview":"max-image-preview:large","max-video-preview":"max-video-preview:-1"},"canonical":"https:\/\/equidash.eu\/es\/shop\/caballo\/chia-de-gracia-after-work\/","og_locale":"es_ES","og_type":"article","og_title":"Chia de Gracia After Work","og_description":"Chia de Gracia After Work | K\u00f5hus\u00f5bralik, maitsev pudrusegu treeningj\u00e4rgseks taastumiseks. Suurep\u00e4rane viis oma hobust p\u00e4rast treeningut hellitada!","og_url":"https:\/\/equidash.eu\/es\/shop\/caballo\/chia-de-gracia-after-work\/","og_site_name":"Parima hinnaga ratsavarustuse e-pood","article_publisher":"https:\/\/www.facebook.com\/people\/EquiDash\/61560864479586\/","article_modified_time":"2025-10-05T06:03:47+00:00","og_image":[{"width":1080,"height":1080,"url":"https:\/\/equidash.eu\/wp-content\/uploads\/2025\/01\/Chia-de-gracia_After-Work_3-5kg.png","type":"image\/png"}],"twitter_card":"summary_large_image","twitter_misc":{"Disponibilidad":"Disponible para reservar"},"schema":{"@context":"https:\/\/schema.org","@graph":[{"@type":"WebPage","@id":"https:\/\/equidash.eu\/shop\/horse\/chia-de-gracia-after-work\/","url":"https:\/\/equidash.eu\/shop\/horse\/chia-de-gracia-after-work\/","name":"Chia de Gracia After Work | Parima hinnaga ratsavarustuse e-pood","isPartOf":{"@id":"https:\/\/equidash.eu\/#website"},"primaryImageOfPage":{"@id":"https:\/\/equidash.eu\/shop\/horse\/chia-de-gracia-after-work\/#primaryimage"},"image":{"@id":"https:\/\/equidash.eu\/shop\/horse\/chia-de-gracia-after-work\/#primaryimage"},"thumbnailUrl":"https:\/\/equidash.eu\/wp-content\/uploads\/2025\/01\/Chia-de-gracia_After-Work_3-5kg.png","datePublished":"2025-01-16T12:56:37+00:00","dateModified":"2025-10-05T06:03:47+00:00","description":"Chia de Gracia After Work | K\u00f5hus\u00f5bralik, maitsev pudrusegu treeningj\u00e4rgseks taastumiseks. Suurep\u00e4rane viis oma hobust p\u00e4rast treeningut hellitada!","breadcrumb":{"@id":"https:\/\/equidash.eu\/shop\/horse\/chia-de-gracia-after-work\/#breadcrumb"},"inLanguage":"es","potentialAction":[{"@type":"ReadAction","target":["https:\/\/equidash.eu\/shop\/horse\/chia-de-gracia-after-work\/"]}]},{"@type":"ImageObject","inLanguage":"es","@id":"https:\/\/equidash.eu\/shop\/horse\/chia-de-gracia-after-work\/#primaryimage","url":"https:\/\/equidash.eu\/wp-content\/uploads\/2025\/01\/Chia-de-gracia_After-Work_3-5kg.png","contentUrl":"https:\/\/equidash.eu\/wp-content\/uploads\/2025\/01\/Chia-de-gracia_After-Work_3-5kg.png","width":1080,"height":1080,"caption":"Hobusele p\u00e4rast treeningut - After Work pudrusegu toetab seedimist ja taastumist"},{"@type":"BreadcrumbList","@id":"https:\/\/equidash.eu\/shop\/horse\/chia-de-gracia-after-work\/#breadcrumb","itemListElement":[{"@type":"ListItem","position":1,"name":"Home","item":"https:\/\/equidash.eu\/"},{"@type":"ListItem","position":2,"name":"Shop","item":"https:\/\/equidash.eu\/shop\/"},{"@type":"ListItem","position":3,"name":"Chia de Gracia After Work"}]},{"@type":"WebSite","@id":"https:\/\/equidash.eu\/#website","url":"https:\/\/equidash.eu\/","name":"EquiDash","description":"Horse Riding Equipment and Accessories","publisher":{"@id":"https:\/\/equidash.eu\/#organization"},"alternateName":"EquiDash","potentialAction":[{"@type":"SearchAction","target":{"@type":"EntryPoint","urlTemplate":"https:\/\/equidash.eu\/?s={search_term_string}"},"query-input":{"@type":"PropertyValueSpecification","valueRequired":true,"valueName":"search_term_string"}}],"inLanguage":"es"},{"@type":"Organization","@id":"https:\/\/equidash.eu\/#organization","name":"EquiDash","alternateName":"EquiDash","url":"https:\/\/equidash.eu\/","logo":{"@type":"ImageObject","inLanguage":"es","@id":"https:\/\/equidash.eu\/#\/schema\/logo\/image\/","url":"https:\/\/equidash.eu\/wp-content\/uploads\/2024\/09\/EQUIDASH_Logo_Raud-1.png","contentUrl":"https:\/\/equidash.eu\/wp-content\/uploads\/2024\/09\/EQUIDASH_Logo_Raud-1.png","width":393,"height":422,"caption":"EquiDash"},"image":{"@id":"https:\/\/equidash.eu\/#\/schema\/logo\/image\/"},"sameAs":["https:\/\/www.facebook.com\/people\/EquiDash\/61560864479586\/","https:\/\/www.instagram.com\/equidash.eshop\/"],"email":"info@equidash.eu","telephone":"+372 59007334","legalName":"Takian Corporation O\u00dc","foundingDate":"2020-10-21","vatID":"EE102301283","numberOfEmployees":{"@type":"QuantitativeValue","minValue":"1","maxValue":"10"},"hasMerchantReturnPolicy":{"@type":"MerchantReturnPolicy","merchantReturnLink":"https:\/\/equidash.eu\/es\/return-privacy\/"}}]},"product_brand":"Chia de Gracia","og_availability":"backorder","product_availability":"available for order","product_condition":"new"},"_links":{"self":[{"href":"https:\/\/equidash.eu\/es\/wp-json\/wp\/v2\/product\/2750","targetHints":{"allow":["GET"]}}],"collection":[{"href":"https:\/\/equidash.eu\/es\/wp-json\/wp\/v2\/product"}],"about":[{"href":"https:\/\/equidash.eu\/es\/wp-json\/wp\/v2\/types\/product"}],"wp:featuredmedia":[{"embeddable":true,"href":"https:\/\/equidash.eu\/es\/wp-json\/wp\/v2\/media\/2752"}],"wp:attachment":[{"href":"https:\/\/equidash.eu\/es\/wp-json\/wp\/v2\/media?parent=2750"}],"wp:term":[{"taxonomy":"product_brand","embeddable":true,"href":"https:\/\/equidash.eu\/es\/wp-json\/wp\/v2\/product_brand?post=2750"},{"taxonomy":"product_cat","embeddable":true,"href":"https:\/\/equidash.eu\/es\/wp-json\/wp\/v2\/product_cat?post=2750"},{"taxonomy":"product_tag","embeddable":true,"href":"https:\/\/equidash.eu\/es\/wp-json\/wp\/v2\/product_tag?post=2750"}],"curies":[{"name":"wp","href":"https:\/\/api.w.org\/{rel}","templated":true}]}}