{"id":2882,"date":"2025-01-21T13:01:48","date_gmt":"2025-01-21T11:01:48","guid":{"rendered":"https:\/\/equidash.eu\/?post_type=product&#038;p=2882"},"modified":"2025-07-01T23:22:29","modified_gmt":"2025-07-01T21:22:29","slug":"hv-polo-mens-top-vinn","status":"publish","type":"product","link":"https:\/\/equidash.eu\/es\/shop\/rider\/hv-polo-mens-top-vinn\/","title":{"rendered":"Camiseta de equitaci\u00f3n HV Polo Vinn"},"content":{"rendered":"<p>La camiseta de hombre HV Polo Vinn te mantiene elegante y c\u00f3modo en la silla de montar. Fabricada con tela transpirable y el\u00e1stica en 4 direcciones, garantiza libertad de movimiento y comodidad durante todo el d\u00eda. Con un cuello alto y detalles elegantes, esta camiseta deportiva es imprescindible en cualquier guardarropa ecuestre.<\/p>\n<ul>\n<li>Dise\u00f1o elegante y c\u00f3modo para montar.<\/li>\n<li>Tejido transpirable con elasticidad en 4 direcciones para mayor libertad de movimiento.<\/li>\n<li>Cuello alto<\/li>\n<li>Material: 86 % poli\u00e9ster, 14 % elastano. Forro interior suave y cepillado para mayor calidez y comodidad.<\/li>\n<\/ul>\n<p>Instrucciones de cuidado:<\/p>\n<ul>\n<li>Lavar a m\u00e1quina con agua fr\u00eda a 30 \u2103, con un proceso suave. No usar blanqueador, no secar en secadora, no planchar. Lavar del rev\u00e9s con las cremalleras cerradas.<\/li>\n<\/ul>\n<p>&nbsp;<\/p>","protected":false},"excerpt":{"rendered":"<p class=\"ai-optimize-23 ai-optimize-introduction\"><a href=\"https:\/\/equidash.es\/product-tag\/hv-polo\/\"><img decoding=\"async\" style=\"height: 60px;margin-top: 20px\" src=\"https:\/\/equidash.eu\/wp-content\/uploads\/2024\/10\/HVP-1.png\" alt=\"\" \/><\/a><\/p>","protected":false},"featured_media":2896,"template":"","meta":{"_acf_changed":false,"_joinchat":[]},"product_brand":[511],"product_cat":[487,263,22,203],"product_tag":[28,492],"class_list":{"0":"post-2882","1":"product","2":"type-product","3":"status-publish","4":"has-post-thumbnail","6":"product_brand-hv-polo","7":"product_cat-jumpers-fleece","8":"product_cat-men-riding-clothing-rider","9":"product_cat-rider","10":"product_cat-riding-clothing-rider","11":"product_tag-hv-polo","12":"product_tag-men","13":"pa_colors-black","14":"pa_colors-gray","15":"pa_size-l","16":"pa_size-m","17":"pa_size-s","18":"pa_size-xl","19":"pa_size-xxl","21":"first","22":"onbackorder","23":"taxable","24":"shipping-taxable","25":"purchasable","26":"product-type-variable"},"acf":[],"yoast_head":"<!-- This site is optimized with the Yoast SEO Premium plugin v26.2 (Yoast SEO v27.2) - https:\/\/yoast.com\/product\/yoast-seo-premium-wordpress\/ -->\n<title>HV Polo Men&#039;s Top Vinn | Parima hinnaga ratsavarustuse e-pood<\/title>\n<meta name=\"description\" content=\"HV Polo Men&#039;s Top Vinn | Meeste talvine treeningpluus ratsutamises, seest pehme voodriga. Parima hinnaga ratsavarustuse leiad equidash.eu veebipoest!\" \/>\n<meta name=\"robots\" content=\"index, follow, max-snippet:-1, max-image-preview:large, max-video-preview:-1\" \/>\n<link rel=\"canonical\" href=\"https:\/\/equidash.eu\/es\/shop\/jinete\/hv-polo-mens-top-vinn\/\" \/>\n<meta property=\"og:locale\" content=\"es_ES\" \/>\n<meta property=\"og:type\" content=\"article\" \/>\n<meta property=\"og:title\" content=\"HV Polo Men&#039;s Top Vinn\" \/>\n<meta property=\"og:description\" content=\"HV Polo Men&#039;s Top Vinn | Meeste talvine treeningpluus ratsutamises, seest pehme voodriga. Parima hinnaga ratsavarustuse leiad equidash.eu veebipoest!\" \/>\n<meta property=\"og:url\" content=\"https:\/\/equidash.eu\/es\/shop\/jinete\/hv-polo-mens-top-vinn\/\" \/>\n<meta property=\"og:site_name\" content=\"Parima hinnaga ratsavarustuse e-pood\" \/>\n<meta property=\"article:publisher\" content=\"https:\/\/www.facebook.com\/people\/EquiDash\/61560864479586\/\" \/>\n<meta property=\"article:modified_time\" content=\"2025-07-01T21:22:29+00:00\" \/>\n<meta property=\"og:image\" content=\"https:\/\/equidash.eu\/wp-content\/uploads\/2025\/01\/HV-Polo_Mens-Top_Vinn_Zinc-Grey_0-scaled.jpg\" \/>\n\t<meta property=\"og:image:width\" content=\"2560\" \/>\n\t<meta property=\"og:image:height\" content=\"2560\" \/>\n\t<meta property=\"og:image:type\" content=\"image\/jpeg\" \/>\n<meta name=\"twitter:card\" content=\"summary_large_image\" \/>\n<meta name=\"twitter:label1\" content=\"Disponibilidad\" \/>\n\t<meta name=\"twitter:data1\" content=\"Disponible para reservar\" \/>\n<script type=\"application\/ld+json\" class=\"yoast-schema-graph\">{\"@context\":\"https:\/\/schema.org\",\"@graph\":[{\"@type\":\"WebPage\",\"@id\":\"https:\/\/equidash.eu\/shop\/rider\/hv-polo-mens-top-vinn\/\",\"url\":\"https:\/\/equidash.eu\/shop\/rider\/hv-polo-mens-top-vinn\/\",\"name\":\"HV Polo Men's Top Vinn | Parima hinnaga ratsavarustuse e-pood\",\"isPartOf\":{\"@id\":\"https:\/\/equidash.eu\/#website\"},\"primaryImageOfPage\":{\"@id\":\"https:\/\/equidash.eu\/shop\/rider\/hv-polo-mens-top-vinn\/#primaryimage\"},\"image\":{\"@id\":\"https:\/\/equidash.eu\/shop\/rider\/hv-polo-mens-top-vinn\/#primaryimage\"},\"thumbnailUrl\":\"https:\/\/equidash.eu\/wp-content\/uploads\/2025\/01\/HV-Polo_Mens-Top_Vinn_Zinc-Grey_0-scaled.jpg\",\"datePublished\":\"2025-01-21T11:01:48+00:00\",\"dateModified\":\"2025-07-01T21:22:29+00:00\",\"description\":\"HV Polo Men's Top Vinn | Meeste talvine treeningpluus ratsutamises, seest pehme voodriga. Parima hinnaga ratsavarustuse leiad equidash.eu veebipoest!\",\"breadcrumb\":{\"@id\":\"https:\/\/equidash.eu\/shop\/rider\/hv-polo-mens-top-vinn\/#breadcrumb\"},\"inLanguage\":\"es\",\"potentialAction\":[{\"@type\":\"ReadAction\",\"target\":[\"https:\/\/equidash.eu\/shop\/rider\/hv-polo-mens-top-vinn\/\"]}]},{\"@type\":\"ImageObject\",\"inLanguage\":\"es\",\"@id\":\"https:\/\/equidash.eu\/shop\/rider\/hv-polo-mens-top-vinn\/#primaryimage\",\"url\":\"https:\/\/equidash.eu\/wp-content\/uploads\/2025\/01\/HV-Polo_Mens-Top_Vinn_Zinc-Grey_0-scaled.jpg\",\"contentUrl\":\"https:\/\/equidash.eu\/wp-content\/uploads\/2025\/01\/HV-Polo_Mens-Top_Vinn_Zinc-Grey_0-scaled.jpg\",\"width\":2560,\"height\":2560,\"caption\":\"HV Polo Vinn \u2013 sportlik ja mugav treenings\u00e4rk meestele, ideaalne ratsutamiseks! Toon hall.\"},{\"@type\":\"BreadcrumbList\",\"@id\":\"https:\/\/equidash.eu\/shop\/rider\/hv-polo-mens-top-vinn\/#breadcrumb\",\"itemListElement\":[{\"@type\":\"ListItem\",\"position\":1,\"name\":\"Home\",\"item\":\"https:\/\/equidash.eu\/\"},{\"@type\":\"ListItem\",\"position\":2,\"name\":\"Shop\",\"item\":\"https:\/\/equidash.eu\/shop\/\"},{\"@type\":\"ListItem\",\"position\":3,\"name\":\"HV Polo Men&#8217;s Top Vinn\"}]},{\"@type\":\"WebSite\",\"@id\":\"https:\/\/equidash.eu\/#website\",\"url\":\"https:\/\/equidash.eu\/\",\"name\":\"EquiDash\",\"description\":\"Horse Riding Equipment and Accessories\",\"publisher\":{\"@id\":\"https:\/\/equidash.eu\/#organization\"},\"alternateName\":\"EquiDash\",\"potentialAction\":[{\"@type\":\"SearchAction\",\"target\":{\"@type\":\"EntryPoint\",\"urlTemplate\":\"https:\/\/equidash.eu\/?s={search_term_string}\"},\"query-input\":{\"@type\":\"PropertyValueSpecification\",\"valueRequired\":true,\"valueName\":\"search_term_string\"}}],\"inLanguage\":\"es\"},{\"@type\":\"Organization\",\"@id\":\"https:\/\/equidash.eu\/#organization\",\"name\":\"EquiDash\",\"alternateName\":\"EquiDash\",\"url\":\"https:\/\/equidash.eu\/\",\"logo\":{\"@type\":\"ImageObject\",\"inLanguage\":\"es\",\"@id\":\"https:\/\/equidash.eu\/#\/schema\/logo\/image\/\",\"url\":\"https:\/\/equidash.eu\/wp-content\/uploads\/2024\/09\/EQUIDASH_Logo_Raud-1.png\",\"contentUrl\":\"https:\/\/equidash.eu\/wp-content\/uploads\/2024\/09\/EQUIDASH_Logo_Raud-1.png\",\"width\":393,\"height\":422,\"caption\":\"EquiDash\"},\"image\":{\"@id\":\"https:\/\/equidash.eu\/#\/schema\/logo\/image\/\"},\"sameAs\":[\"https:\/\/www.facebook.com\/people\/EquiDash\/61560864479586\/\",\"https:\/\/www.instagram.com\/equidash.eshop\/\"],\"email\":\"info@equidash.eu\",\"telephone\":\"+372 59007334\",\"legalName\":\"Takian Corporation O\u00dc\",\"foundingDate\":\"2020-10-21\",\"vatID\":\"EE102301283\",\"numberOfEmployees\":{\"@type\":\"QuantitativeValue\",\"minValue\":\"1\",\"maxValue\":\"10\"},\"hasMerchantReturnPolicy\":{\"@type\":\"MerchantReturnPolicy\",\"merchantReturnLink\":\"https:\/\/equidash.eu\/es\/return-privacy\/\"}}]}<\/script>\n<meta property=\"product:brand\" content=\"HV Polo\" \/>\n<meta property=\"og:availability\" content=\"backorder\" \/>\n<meta property=\"product:availability\" content=\"available for order\" \/>\n<meta property=\"product:condition\" content=\"new\" \/>\n<!-- \/ Yoast SEO Premium plugin. -->","yoast_head_json":{"title":"HV Polo Men's Top Vinn | Parima hinnaga ratsavarustuse e-pood","description":"HV Polo Men's Top Vinn | Meeste talvine treeningpluus ratsutamises, seest pehme voodriga. Parima hinnaga ratsavarustuse leiad equidash.eu veebipoest!","robots":{"index":"index","follow":"follow","max-snippet":"max-snippet:-1","max-image-preview":"max-image-preview:large","max-video-preview":"max-video-preview:-1"},"canonical":"https:\/\/equidash.eu\/es\/shop\/jinete\/hv-polo-mens-top-vinn\/","og_locale":"es_ES","og_type":"article","og_title":"HV Polo Men's Top Vinn","og_description":"HV Polo Men's Top Vinn | Meeste talvine treeningpluus ratsutamises, seest pehme voodriga. Parima hinnaga ratsavarustuse leiad equidash.eu veebipoest!","og_url":"https:\/\/equidash.eu\/es\/shop\/jinete\/hv-polo-mens-top-vinn\/","og_site_name":"Parima hinnaga ratsavarustuse e-pood","article_publisher":"https:\/\/www.facebook.com\/people\/EquiDash\/61560864479586\/","article_modified_time":"2025-07-01T21:22:29+00:00","og_image":[{"width":2560,"height":2560,"url":"https:\/\/equidash.eu\/wp-content\/uploads\/2025\/01\/HV-Polo_Mens-Top_Vinn_Zinc-Grey_0-scaled.jpg","type":"image\/jpeg"}],"twitter_card":"summary_large_image","twitter_misc":{"Disponibilidad":"Disponible para reservar"},"schema":{"@context":"https:\/\/schema.org","@graph":[{"@type":"WebPage","@id":"https:\/\/equidash.eu\/shop\/rider\/hv-polo-mens-top-vinn\/","url":"https:\/\/equidash.eu\/shop\/rider\/hv-polo-mens-top-vinn\/","name":"HV Polo Men's Top Vinn | Parima hinnaga ratsavarustuse e-pood","isPartOf":{"@id":"https:\/\/equidash.eu\/#website"},"primaryImageOfPage":{"@id":"https:\/\/equidash.eu\/shop\/rider\/hv-polo-mens-top-vinn\/#primaryimage"},"image":{"@id":"https:\/\/equidash.eu\/shop\/rider\/hv-polo-mens-top-vinn\/#primaryimage"},"thumbnailUrl":"https:\/\/equidash.eu\/wp-content\/uploads\/2025\/01\/HV-Polo_Mens-Top_Vinn_Zinc-Grey_0-scaled.jpg","datePublished":"2025-01-21T11:01:48+00:00","dateModified":"2025-07-01T21:22:29+00:00","description":"HV Polo Men's Top Vinn | Meeste talvine treeningpluus ratsutamises, seest pehme voodriga. Parima hinnaga ratsavarustuse leiad equidash.eu veebipoest!","breadcrumb":{"@id":"https:\/\/equidash.eu\/shop\/rider\/hv-polo-mens-top-vinn\/#breadcrumb"},"inLanguage":"es","potentialAction":[{"@type":"ReadAction","target":["https:\/\/equidash.eu\/shop\/rider\/hv-polo-mens-top-vinn\/"]}]},{"@type":"ImageObject","inLanguage":"es","@id":"https:\/\/equidash.eu\/shop\/rider\/hv-polo-mens-top-vinn\/#primaryimage","url":"https:\/\/equidash.eu\/wp-content\/uploads\/2025\/01\/HV-Polo_Mens-Top_Vinn_Zinc-Grey_0-scaled.jpg","contentUrl":"https:\/\/equidash.eu\/wp-content\/uploads\/2025\/01\/HV-Polo_Mens-Top_Vinn_Zinc-Grey_0-scaled.jpg","width":2560,"height":2560,"caption":"HV Polo Vinn \u2013 sportlik ja mugav treenings\u00e4rk meestele, ideaalne ratsutamiseks! Toon hall."},{"@type":"BreadcrumbList","@id":"https:\/\/equidash.eu\/shop\/rider\/hv-polo-mens-top-vinn\/#breadcrumb","itemListElement":[{"@type":"ListItem","position":1,"name":"Home","item":"https:\/\/equidash.eu\/"},{"@type":"ListItem","position":2,"name":"Shop","item":"https:\/\/equidash.eu\/shop\/"},{"@type":"ListItem","position":3,"name":"HV Polo Men&#8217;s Top Vinn"}]},{"@type":"WebSite","@id":"https:\/\/equidash.eu\/#website","url":"https:\/\/equidash.eu\/","name":"EquiDash","description":"Horse Riding Equipment and Accessories","publisher":{"@id":"https:\/\/equidash.eu\/#organization"},"alternateName":"EquiDash","potentialAction":[{"@type":"SearchAction","target":{"@type":"EntryPoint","urlTemplate":"https:\/\/equidash.eu\/?s={search_term_string}"},"query-input":{"@type":"PropertyValueSpecification","valueRequired":true,"valueName":"search_term_string"}}],"inLanguage":"es"},{"@type":"Organization","@id":"https:\/\/equidash.eu\/#organization","name":"EquiDash","alternateName":"EquiDash","url":"https:\/\/equidash.eu\/","logo":{"@type":"ImageObject","inLanguage":"es","@id":"https:\/\/equidash.eu\/#\/schema\/logo\/image\/","url":"https:\/\/equidash.eu\/wp-content\/uploads\/2024\/09\/EQUIDASH_Logo_Raud-1.png","contentUrl":"https:\/\/equidash.eu\/wp-content\/uploads\/2024\/09\/EQUIDASH_Logo_Raud-1.png","width":393,"height":422,"caption":"EquiDash"},"image":{"@id":"https:\/\/equidash.eu\/#\/schema\/logo\/image\/"},"sameAs":["https:\/\/www.facebook.com\/people\/EquiDash\/61560864479586\/","https:\/\/www.instagram.com\/equidash.eshop\/"],"email":"info@equidash.eu","telephone":"+372 59007334","legalName":"Takian Corporation O\u00dc","foundingDate":"2020-10-21","vatID":"EE102301283","numberOfEmployees":{"@type":"QuantitativeValue","minValue":"1","maxValue":"10"},"hasMerchantReturnPolicy":{"@type":"MerchantReturnPolicy","merchantReturnLink":"https:\/\/equidash.eu\/es\/return-privacy\/"}}]},"product_brand":"HV Polo","og_availability":"backorder","product_availability":"available for order","product_condition":"new"},"_links":{"self":[{"href":"https:\/\/equidash.eu\/es\/wp-json\/wp\/v2\/product\/2882","targetHints":{"allow":["GET"]}}],"collection":[{"href":"https:\/\/equidash.eu\/es\/wp-json\/wp\/v2\/product"}],"about":[{"href":"https:\/\/equidash.eu\/es\/wp-json\/wp\/v2\/types\/product"}],"wp:featuredmedia":[{"embeddable":true,"href":"https:\/\/equidash.eu\/es\/wp-json\/wp\/v2\/media\/2896"}],"wp:attachment":[{"href":"https:\/\/equidash.eu\/es\/wp-json\/wp\/v2\/media?parent=2882"}],"wp:term":[{"taxonomy":"product_brand","embeddable":true,"href":"https:\/\/equidash.eu\/es\/wp-json\/wp\/v2\/product_brand?post=2882"},{"taxonomy":"product_cat","embeddable":true,"href":"https:\/\/equidash.eu\/es\/wp-json\/wp\/v2\/product_cat?post=2882"},{"taxonomy":"product_tag","embeddable":true,"href":"https:\/\/equidash.eu\/es\/wp-json\/wp\/v2\/product_tag?post=2882"}],"curies":[{"name":"wp","href":"https:\/\/api.w.org\/{rel}","templated":true}]}}