{"id":2900,"date":"2025-01-21T18:59:14","date_gmt":"2025-01-21T16:59:14","guid":{"rendered":"https:\/\/equidash.eu\/?post_type=product&#038;p=2900"},"modified":"2025-10-05T08:34:59","modified_gmt":"2025-10-05T06:34:59","slug":"chia-de-gracia-milk-thistle-seed","status":"publish","type":"product","link":"https:\/\/equidash.eu\/es\/shop\/horse\/chia-de-gracia-milk-thistle-seed\/","title":{"rendered":"Chia de Gracia Semillas de cardo mariano"},"content":{"rendered":"<p><span style=\"font-size: 100%;\">Las semillas de cardo mariano de Chia de Gracia son la hierba n\u00famero uno para el h\u00edgado. Contienen silimarina, beneficiosa para el h\u00edgado.\u00a0<span class=\"s1\">El cardo mariano es la hierba m\u00e1s utilizada para favorecer el funcionamiento normal del h\u00edgado. Su efecto se basa en la silimarina que contienen sus semillas. <\/span><span class=\"s1\">According to research, silymarin supports liver function and performance.<\/span><\/span><\/p>\n<p class=\"p1\"><span class=\"s1\" style=\"font-size: 100%;\">En los \u00faltimos a\u00f1os se ha estudiado a fondo el efecto antioxidante y hep\u00e1tico de la silimarina, que puede ser incluso m\u00e1s eficaz que la llamada supervitamina E.<\/span><\/p>\n<p class=\"p1\"><span style=\"font-size: 100%;\"><span class=\"s1\">El cardo mariano favorece el funcionamiento natural y saludable del est\u00f3mago, ayudando a que el proceso digestivo funcione correctamente. Tambi\u00e9n ayuda a garantizar que la producci\u00f3n y excreci\u00f3n de bilis se mantengan en niveles normales. <\/span><span class=\"s1\">Es muy adecuado para caballos viejos y sanos, despu\u00e9s de tratamientos farmacol\u00f3gicos y para caballos cuyo metabolismo necesita apoyo. <\/span><span class=\"s1\">Un excelente complemento metab\u00f3lico para caballos propensos a desequilibrios metab\u00f3licos.v<\/span><\/span><\/p>\n<p class=\"p1\"><span class=\"s1\" style=\"font-size: 100%;\">Ideal tambi\u00e9n para perros.<\/span><\/p>\n<p><span style=\"font-size: 100%;\">La combinaci\u00f3n del cardo mariano con la ra\u00edz de regaliz potencia su efecto. El cardo mariano ayuda a mantener la higiene intestinal. Su combinaci\u00f3n con el ar\u00e1ndano rojo \u00e1cido empeora las condiciones de vida de los par\u00e1sitos, lo que ayuda a mejorar la higiene intestinal.<\/span><\/p>\n<p><span style=\"font-size: 100%;\"><strong>Dosificaci\u00f3n:<\/strong>:<\/span><\/p>\n<p><span style=\"font-size: 100%;\">Caballo 500 kg:<\/span><\/p>\n<p><span style=\"font-size: 100%;\">10-40 g\/d\u00eda<\/span><\/p>\n<p><span style=\"font-size: 100%;\">Research of Milk thistle seed:<\/span><\/p>\n<p><a href=\"https:\/\/www.ncbi.nlm.nih.gov\/books\/NBK11896\/\" target=\"_blank\" rel=\"noopener noreferrer\">Milk Thistle: Effects on Liver Disease and Cirrhosis and Clinical Adverse Effects: Summary<\/a><\/p>\n<p><strong data-start=\"266\" data-end=\"281\">Composici\u00f3n<\/strong><br data-start=\"281\" data-end=\"284\" \/>100% milk thistle seeds<\/p>\n<p><strong data-start=\"257\" data-end=\"274\">Fabricante:<\/strong> Chia de Gracia Oy, S\u00e4rkiniemenkatu 5 C1, 00210 Helsinki, Finlandia <a class=\"decorated-link\" href=\"https:\/\/www.chiadegracia.com\/\" target=\"_new\" rel=\"noopener\" data-start=\"341\" data-end=\"393\">www.chiadegracia.com<\/a><\/p>","protected":false},"excerpt":{"rendered":"<p class=\"ai-optimize-23 ai-optimize-introduction\"><a href=\"https:\/\/equidash.eu\/es\/etiqueta-producto\/chia-de-gracia\/\"><img decoding=\"async\" style=\"height: 60px; margin-top: 20px;\" src=\"https:\/\/equidash.eu\/wp-content\/uploads\/2024\/10\/chialogoS_-1.png\" alt=\"\" \/><\/a><\/p>","protected":false},"featured_media":2905,"template":"","meta":{"_acf_changed":false,"_joinchat":[]},"product_brand":[510],"product_cat":[266,27,251,477,405],"product_tag":[422,421,495,496,497],"class_list":{"0":"post-2900","1":"product","2":"type-product","3":"status-publish","4":"has-post-thumbnail","6":"product_brand-chia-de-gracia","7":"product_cat-dog","8":"product_cat-horse","9":"product_cat-horse-feed-nutrition","10":"product_cat-supplements-dog","11":"product_cat-supplements","12":"product_tag-100-natural","13":"product_tag-chia-de-gracia","14":"product_tag-for-dogs","15":"product_tag-for-horses","16":"product_tag-milk-thistle","17":"pa_size-1-kg","19":"first","20":"onbackorder","21":"taxable","22":"shipping-taxable","23":"purchasable","24":"product-type-variable","25":"has-default-attributes"},"acf":[],"yoast_head":"<!-- This site is optimized with the Yoast SEO Premium plugin v26.2 (Yoast SEO v27.3) - https:\/\/yoast.com\/product\/yoast-seo-premium-wordpress\/ -->\n<title>Chia de Gracia Milk Thistle seed | Parima hinnaga ratsavarustuse e-pood<\/title>\n<meta name=\"description\" content=\"Chia de Gracia Milk Thistle seed | Maarjaohaka seemned maksa normaalse funktsiooni toetamiseks. Suurep\u00e4rane ainevahetuse toetaja hobustele.\" \/>\n<meta name=\"robots\" content=\"index, follow, max-snippet:-1, max-image-preview:large, max-video-preview:-1\" \/>\n<link rel=\"canonical\" href=\"https:\/\/equidash.eu\/es\/shop\/caballo\/chia-de-gracia-milk-thistle-seed\/\" \/>\n<meta property=\"og:locale\" content=\"es_ES\" \/>\n<meta property=\"og:type\" content=\"article\" \/>\n<meta property=\"og:title\" content=\"Chia de Gracia Milk Thistle seed\" \/>\n<meta property=\"og:description\" content=\"Chia de Gracia Milk Thistle seed | Maarjaohaka seemned maksa normaalse funktsiooni toetamiseks. Suurep\u00e4rane ainevahetuse toetaja hobustele.\" \/>\n<meta property=\"og:url\" content=\"https:\/\/equidash.eu\/es\/shop\/caballo\/chia-de-gracia-milk-thistle-seed\/\" \/>\n<meta property=\"og:site_name\" content=\"Parima hinnaga ratsavarustuse e-pood\" \/>\n<meta property=\"article:publisher\" content=\"https:\/\/www.facebook.com\/people\/EquiDash\/61560864479586\/\" \/>\n<meta property=\"article:modified_time\" content=\"2025-10-05T06:34:59+00:00\" \/>\n<meta property=\"og:image\" content=\"https:\/\/equidash.eu\/wp-content\/uploads\/2025\/01\/Chia-de-Gracia_Milk-Thistle-seed_1.png\" \/>\n\t<meta property=\"og:image:width\" content=\"1080\" \/>\n\t<meta property=\"og:image:height\" content=\"1080\" \/>\n\t<meta property=\"og:image:type\" content=\"image\/png\" \/>\n<meta name=\"twitter:card\" content=\"summary_large_image\" \/>\n<meta name=\"twitter:label1\" content=\"Disponibilidad\" \/>\n\t<meta name=\"twitter:data1\" content=\"Disponible para reservar\" \/>\n<script type=\"application\/ld+json\" class=\"yoast-schema-graph\">{\"@context\":\"https:\\\/\\\/schema.org\",\"@graph\":[{\"@type\":\"WebPage\",\"@id\":\"https:\\\/\\\/equidash.eu\\\/shop\\\/horse\\\/chia-de-gracia-milk-thistle-seed\\\/\",\"url\":\"https:\\\/\\\/equidash.eu\\\/shop\\\/horse\\\/chia-de-gracia-milk-thistle-seed\\\/\",\"name\":\"Chia de Gracia Milk Thistle seed | Parima hinnaga ratsavarustuse e-pood\",\"isPartOf\":{\"@id\":\"https:\\\/\\\/equidash.eu\\\/#website\"},\"primaryImageOfPage\":{\"@id\":\"https:\\\/\\\/equidash.eu\\\/shop\\\/horse\\\/chia-de-gracia-milk-thistle-seed\\\/#primaryimage\"},\"image\":{\"@id\":\"https:\\\/\\\/equidash.eu\\\/shop\\\/horse\\\/chia-de-gracia-milk-thistle-seed\\\/#primaryimage\"},\"thumbnailUrl\":\"https:\\\/\\\/equidash.eu\\\/wp-content\\\/uploads\\\/2025\\\/01\\\/Chia-de-Gracia_Milk-Thistle-seed_1.png\",\"datePublished\":\"2025-01-21T16:59:14+00:00\",\"dateModified\":\"2025-10-05T06:34:59+00:00\",\"description\":\"Chia de Gracia Milk Thistle seed | Maarjaohaka seemned maksa normaalse funktsiooni toetamiseks. Suurep\u00e4rane ainevahetuse toetaja hobustele.\",\"breadcrumb\":{\"@id\":\"https:\\\/\\\/equidash.eu\\\/shop\\\/horse\\\/chia-de-gracia-milk-thistle-seed\\\/#breadcrumb\"},\"inLanguage\":\"es\",\"potentialAction\":[{\"@type\":\"ReadAction\",\"target\":[\"https:\\\/\\\/equidash.eu\\\/shop\\\/horse\\\/chia-de-gracia-milk-thistle-seed\\\/\"]}]},{\"@type\":\"ImageObject\",\"inLanguage\":\"es\",\"@id\":\"https:\\\/\\\/equidash.eu\\\/shop\\\/horse\\\/chia-de-gracia-milk-thistle-seed\\\/#primaryimage\",\"url\":\"https:\\\/\\\/equidash.eu\\\/wp-content\\\/uploads\\\/2025\\\/01\\\/Chia-de-Gracia_Milk-Thistle-seed_1.png\",\"contentUrl\":\"https:\\\/\\\/equidash.eu\\\/wp-content\\\/uploads\\\/2025\\\/01\\\/Chia-de-Gracia_Milk-Thistle-seed_1.png\",\"width\":1080,\"height\":1080},{\"@type\":\"BreadcrumbList\",\"@id\":\"https:\\\/\\\/equidash.eu\\\/shop\\\/horse\\\/chia-de-gracia-milk-thistle-seed\\\/#breadcrumb\",\"itemListElement\":[{\"@type\":\"ListItem\",\"position\":1,\"name\":\"Home\",\"item\":\"https:\\\/\\\/equidash.eu\\\/\"},{\"@type\":\"ListItem\",\"position\":2,\"name\":\"Shop\",\"item\":\"https:\\\/\\\/equidash.eu\\\/shop\\\/\"},{\"@type\":\"ListItem\",\"position\":3,\"name\":\"Chia de Gracia Milk Thistle seed\"}]},{\"@type\":\"WebSite\",\"@id\":\"https:\\\/\\\/equidash.eu\\\/#website\",\"url\":\"https:\\\/\\\/equidash.eu\\\/\",\"name\":\"EquiDash\",\"description\":\"Horse Riding Equipment and Accessories\",\"publisher\":{\"@id\":\"https:\\\/\\\/equidash.eu\\\/#organization\"},\"alternateName\":\"EquiDash\",\"potentialAction\":[{\"@type\":\"SearchAction\",\"target\":{\"@type\":\"EntryPoint\",\"urlTemplate\":\"https:\\\/\\\/equidash.eu\\\/?s={search_term_string}\"},\"query-input\":{\"@type\":\"PropertyValueSpecification\",\"valueRequired\":true,\"valueName\":\"search_term_string\"}}],\"inLanguage\":\"es\"},{\"@type\":\"Organization\",\"@id\":\"https:\\\/\\\/equidash.eu\\\/#organization\",\"name\":\"EquiDash\",\"alternateName\":\"EquiDash\",\"url\":\"https:\\\/\\\/equidash.eu\\\/\",\"logo\":{\"@type\":\"ImageObject\",\"inLanguage\":\"es\",\"@id\":\"https:\\\/\\\/equidash.eu\\\/#\\\/schema\\\/logo\\\/image\\\/\",\"url\":\"https:\\\/\\\/equidash.eu\\\/wp-content\\\/uploads\\\/2024\\\/09\\\/EQUIDASH_Logo_Raud-1.png\",\"contentUrl\":\"https:\\\/\\\/equidash.eu\\\/wp-content\\\/uploads\\\/2024\\\/09\\\/EQUIDASH_Logo_Raud-1.png\",\"width\":393,\"height\":422,\"caption\":\"EquiDash\"},\"image\":{\"@id\":\"https:\\\/\\\/equidash.eu\\\/#\\\/schema\\\/logo\\\/image\\\/\"},\"sameAs\":[\"https:\\\/\\\/www.facebook.com\\\/people\\\/EquiDash\\\/61560864479586\\\/\",\"https:\\\/\\\/www.instagram.com\\\/equidash.eshop\\\/\"],\"email\":\"info@equidash.eu\",\"telephone\":\"+372 59007334\",\"legalName\":\"Takian Corporation O\u00dc\",\"foundingDate\":\"2020-10-21\",\"vatID\":\"EE102301283\",\"numberOfEmployees\":{\"@type\":\"QuantitativeValue\",\"minValue\":\"1\",\"maxValue\":\"10\"},\"hasMerchantReturnPolicy\":{\"@type\":\"MerchantReturnPolicy\",\"merchantReturnLink\":\"https:\\\/\\\/equidash.eu\\\/es\\\/return-privacy\\\/\"}}]}<\/script>\n<meta property=\"product:brand\" content=\"Chia de Gracia\" \/>\n<meta property=\"og:availability\" content=\"backorder\" \/>\n<meta property=\"product:availability\" content=\"available for order\" \/>\n<meta property=\"product:condition\" content=\"new\" \/>\n<!-- \/ Yoast SEO Premium plugin. -->","yoast_head_json":{"title":"Chia de Gracia Milk Thistle seed | Parima hinnaga ratsavarustuse e-pood","description":"Chia de Gracia Milk Thistle seed | Maarjaohaka seemned maksa normaalse funktsiooni toetamiseks. Suurep\u00e4rane ainevahetuse toetaja hobustele.","robots":{"index":"index","follow":"follow","max-snippet":"max-snippet:-1","max-image-preview":"max-image-preview:large","max-video-preview":"max-video-preview:-1"},"canonical":"https:\/\/equidash.eu\/es\/shop\/caballo\/chia-de-gracia-milk-thistle-seed\/","og_locale":"es_ES","og_type":"article","og_title":"Chia de Gracia Milk Thistle seed","og_description":"Chia de Gracia Milk Thistle seed | Maarjaohaka seemned maksa normaalse funktsiooni toetamiseks. Suurep\u00e4rane ainevahetuse toetaja hobustele.","og_url":"https:\/\/equidash.eu\/es\/shop\/caballo\/chia-de-gracia-milk-thistle-seed\/","og_site_name":"Parima hinnaga ratsavarustuse e-pood","article_publisher":"https:\/\/www.facebook.com\/people\/EquiDash\/61560864479586\/","article_modified_time":"2025-10-05T06:34:59+00:00","og_image":[{"width":1080,"height":1080,"url":"https:\/\/equidash.eu\/wp-content\/uploads\/2025\/01\/Chia-de-Gracia_Milk-Thistle-seed_1.png","type":"image\/png"}],"twitter_card":"summary_large_image","twitter_misc":{"Disponibilidad":"Disponible para reservar"},"schema":{"@context":"https:\/\/schema.org","@graph":[{"@type":"WebPage","@id":"https:\/\/equidash.eu\/shop\/horse\/chia-de-gracia-milk-thistle-seed\/","url":"https:\/\/equidash.eu\/shop\/horse\/chia-de-gracia-milk-thistle-seed\/","name":"Chia de Gracia Milk Thistle seed | Parima hinnaga ratsavarustuse e-pood","isPartOf":{"@id":"https:\/\/equidash.eu\/#website"},"primaryImageOfPage":{"@id":"https:\/\/equidash.eu\/shop\/horse\/chia-de-gracia-milk-thistle-seed\/#primaryimage"},"image":{"@id":"https:\/\/equidash.eu\/shop\/horse\/chia-de-gracia-milk-thistle-seed\/#primaryimage"},"thumbnailUrl":"https:\/\/equidash.eu\/wp-content\/uploads\/2025\/01\/Chia-de-Gracia_Milk-Thistle-seed_1.png","datePublished":"2025-01-21T16:59:14+00:00","dateModified":"2025-10-05T06:34:59+00:00","description":"Chia de Gracia Milk Thistle seed | Maarjaohaka seemned maksa normaalse funktsiooni toetamiseks. Suurep\u00e4rane ainevahetuse toetaja hobustele.","breadcrumb":{"@id":"https:\/\/equidash.eu\/shop\/horse\/chia-de-gracia-milk-thistle-seed\/#breadcrumb"},"inLanguage":"es","potentialAction":[{"@type":"ReadAction","target":["https:\/\/equidash.eu\/shop\/horse\/chia-de-gracia-milk-thistle-seed\/"]}]},{"@type":"ImageObject","inLanguage":"es","@id":"https:\/\/equidash.eu\/shop\/horse\/chia-de-gracia-milk-thistle-seed\/#primaryimage","url":"https:\/\/equidash.eu\/wp-content\/uploads\/2025\/01\/Chia-de-Gracia_Milk-Thistle-seed_1.png","contentUrl":"https:\/\/equidash.eu\/wp-content\/uploads\/2025\/01\/Chia-de-Gracia_Milk-Thistle-seed_1.png","width":1080,"height":1080},{"@type":"BreadcrumbList","@id":"https:\/\/equidash.eu\/shop\/horse\/chia-de-gracia-milk-thistle-seed\/#breadcrumb","itemListElement":[{"@type":"ListItem","position":1,"name":"Home","item":"https:\/\/equidash.eu\/"},{"@type":"ListItem","position":2,"name":"Shop","item":"https:\/\/equidash.eu\/shop\/"},{"@type":"ListItem","position":3,"name":"Chia de Gracia Milk Thistle seed"}]},{"@type":"WebSite","@id":"https:\/\/equidash.eu\/#website","url":"https:\/\/equidash.eu\/","name":"EquiDash","description":"Horse Riding Equipment and Accessories","publisher":{"@id":"https:\/\/equidash.eu\/#organization"},"alternateName":"EquiDash","potentialAction":[{"@type":"SearchAction","target":{"@type":"EntryPoint","urlTemplate":"https:\/\/equidash.eu\/?s={search_term_string}"},"query-input":{"@type":"PropertyValueSpecification","valueRequired":true,"valueName":"search_term_string"}}],"inLanguage":"es"},{"@type":"Organization","@id":"https:\/\/equidash.eu\/#organization","name":"EquiDash","alternateName":"EquiDash","url":"https:\/\/equidash.eu\/","logo":{"@type":"ImageObject","inLanguage":"es","@id":"https:\/\/equidash.eu\/#\/schema\/logo\/image\/","url":"https:\/\/equidash.eu\/wp-content\/uploads\/2024\/09\/EQUIDASH_Logo_Raud-1.png","contentUrl":"https:\/\/equidash.eu\/wp-content\/uploads\/2024\/09\/EQUIDASH_Logo_Raud-1.png","width":393,"height":422,"caption":"EquiDash"},"image":{"@id":"https:\/\/equidash.eu\/#\/schema\/logo\/image\/"},"sameAs":["https:\/\/www.facebook.com\/people\/EquiDash\/61560864479586\/","https:\/\/www.instagram.com\/equidash.eshop\/"],"email":"info@equidash.eu","telephone":"+372 59007334","legalName":"Takian Corporation O\u00dc","foundingDate":"2020-10-21","vatID":"EE102301283","numberOfEmployees":{"@type":"QuantitativeValue","minValue":"1","maxValue":"10"},"hasMerchantReturnPolicy":{"@type":"MerchantReturnPolicy","merchantReturnLink":"https:\/\/equidash.eu\/es\/return-privacy\/"}}]},"product_brand":"Chia de Gracia","og_availability":"backorder","product_availability":"available for order","product_condition":"new"},"_links":{"self":[{"href":"https:\/\/equidash.eu\/es\/wp-json\/wp\/v2\/product\/2900","targetHints":{"allow":["GET"]}}],"collection":[{"href":"https:\/\/equidash.eu\/es\/wp-json\/wp\/v2\/product"}],"about":[{"href":"https:\/\/equidash.eu\/es\/wp-json\/wp\/v2\/types\/product"}],"wp:featuredmedia":[{"embeddable":true,"href":"https:\/\/equidash.eu\/es\/wp-json\/wp\/v2\/media\/2905"}],"wp:attachment":[{"href":"https:\/\/equidash.eu\/es\/wp-json\/wp\/v2\/media?parent=2900"}],"wp:term":[{"taxonomy":"product_brand","embeddable":true,"href":"https:\/\/equidash.eu\/es\/wp-json\/wp\/v2\/product_brand?post=2900"},{"taxonomy":"product_cat","embeddable":true,"href":"https:\/\/equidash.eu\/es\/wp-json\/wp\/v2\/product_cat?post=2900"},{"taxonomy":"product_tag","embeddable":true,"href":"https:\/\/equidash.eu\/es\/wp-json\/wp\/v2\/product_tag?post=2900"}],"curies":[{"name":"wp","href":"https:\/\/api.w.org\/{rel}","templated":true}]}}