{"id":3126,"date":"2025-02-10T17:21:36","date_gmt":"2025-02-10T15:21:36","guid":{"rendered":"https:\/\/equidash.eu\/?post_type=product&#038;p=3126"},"modified":"2025-07-01T23:22:24","modified_gmt":"2025-07-01T21:22:24","slug":"equine-products-ireland-calm-equine","status":"publish","type":"product","link":"https:\/\/equidash.eu\/es\/shop\/horse\/equine-products-ireland-calm-equine\/","title":{"rendered":"Polvo calmante Equine Products Ireland Calm Equine"},"content":{"rendered":"<p>Equine Products Ireland Calm Equine es un calmante para caballos y ponis. Utilizado por jinetes de \u00e9lite.<\/p>\n<p>Calm Equine es un alimento complementario para caballos y ponis que contiene niveles suplementarios de vitamina B 1, magnesio, selenio y L-Tript\u00f3fano, que tienen funciones importantes en la estabilizaci\u00f3n del estado de \u00e1nimo y en el alivio del p\u00e1nico y la ansiedad.<\/p>\n<p><b>Calm Equine<\/b> est\u00e1 dise\u00f1ado como un suplemento de dosis \u00fanica diaria para caballos y ponis excitables o estresados. En algunos casos, un caballo puede necesitar una dosis de carga por la ma\u00f1ana y por la noche durante 2-3 d\u00edas antes de establecerse en una \u00fanica dosis diaria.<\/p>\n<p><b>\u00bfQui\u00e9n usa Calm Equine?<\/b><b><\/b><\/p>\n<ul>\n<li><b>Los mejores jinetes de saltos<\/b> con sus caballos. Ayud\u00e1ndoles a conseguir el m\u00e1ximo rendimiento y favoreciendo la concentraci\u00f3n de sus caballos.<\/li>\n<li><b>Jinetes de caballos y ponis<\/b> para ayudar a calmar a ponis de sangre caliente que compiten en las mejores pistas de Europa.<\/li>\n<li><b>Jinetes de doma cl\u00e1sica,<\/b> para lograr el mejor resultado con su caballo y mantener el rendimiento tranquilo y suave.<\/li>\n<li><b>Cr\u00eda equina<\/b> ayudar a mantener a los potros y a los animales de un a\u00f1o relajados durante la preparaci\u00f3n para la venta y en las ventas de caballos.<\/li>\n<li><b>Caballos de carrera,<\/b> para calmar caballos nerviosos y dif\u00edciles de manejar que sufren de estr\u00e9s y ansiedad.<\/li>\n<\/ul>\n<p><b>Resultados:<\/b><b><\/b><\/p>\n<p>Calm Equine est\u00e1 dise\u00f1ado para reducir la ansiedad de los caballos o ponis y hacerlos m\u00e1s manejables en situaciones de estr\u00e9s extremo. Contiene altos niveles de L-tript\u00f3fano, un amino\u00e1cido esencial precursor de la serotonina, un neurotransmisor cr\u00edtico para estabilizar el estado de \u00e1nimo y aliviar el p\u00e1nico y la ansiedad. El L-tript\u00f3fano tambi\u00e9n apoya el tono muscular y ayuda a mantener un comportamiento naturalmente tranquilo. Adem\u00e1s, desempe\u00f1a un papel importante en el sistema inmunol\u00f3gico, ayudando a regular la producci\u00f3n de anticuerpos que protegen al caballo contra infecciones y enfermedades.\nCalm Equine tambi\u00e9n contiene selenio, un oligoelemento esencial para la funci\u00f3n celular en el cuerpo. El selenio desempe\u00f1a un papel vital en la inmunidad y tiene propiedades antioxidantes bien documentadas.<\/p>\n<p>Calm Equine tambi\u00e9n contiene altos niveles de magnesio (Mg), un mineral esencial que los caballos necesitan para el correcto funcionamiento de los nervios y los m\u00fasculos. El magnesio act\u00faa como un electrolito, desempe\u00f1a un papel en la s\u00edntesis de prote\u00ednas y est\u00e1 involucrado en m\u00e1s de 300 procesos metab\u00f3licos en el cuerpo del caballo. Puede mejorar la tolerancia al estr\u00e9s y la resistencia a enfermedades y lesiones. El estr\u00e9s provoca que el magnesio se agote m\u00e1s r\u00e1pido en el organismo.<\/p>\n<p>Garantizar niveles \u00f3ptimos de magnesio puede ayudar a acelerar el regreso a la homeostasis despu\u00e9s de la exposici\u00f3n a un factor de estr\u00e9s externo.<\/p>\n<ul>\n<li>Reduce el estr\u00e9s<\/li>\n<li>Refuerza la inmunidad<\/li>\n<li>Hace que tu caballo sea m\u00e1s manejable<\/li>\n<li>Apoya la concentraci\u00f3n y el enfoque<\/li>\n<\/ul>\n<p><b>Ingredientes por 50g:\u00a0<\/b><b><\/b><\/p>\n<ul>\n<li><b>Constituyentes anal\u00edticos: <\/b>Calcio 3,3% (1,65 g), F\u00f3sforo 0, Sodio 0, Magnesio 33%.<\/li>\n<li><b>Amino\u00e1cidos: <\/b>L-Tript\u00f3fano 4,000 mg por 50 g<\/li>\n<li><b>Oligoelementos: <\/b>Selenio 1 mg por 50 g.<\/li>\n<li><b>Composici\u00f3n: Vitaminas: <\/b>\u00d3xido de magnesio, \u00f3xido de magnesio marino, Mearl, dextrosa, carbonato de calcio, vitamina B1,500 mg por 50 g<\/li>\n<\/ul>\n<p><b>Gu\u00eda de alimentaci\u00f3n:<\/b><b><\/b><\/p>\n<ul>\n<li><b>Calm Equine <\/b>Debe a\u00f1adirse a la alimentaci\u00f3n a raz\u00f3n de 50 g por d\u00eda, es decir, 1 cucharada nivelada de 25 g por la ma\u00f1ana y 1 cucharada nivelada de 25 g por la tarde.<\/li>\n<\/ul>\n<p>1 cucharada = 25 g<\/p>\n<p><b>2KG: <\/b>Suministro para 40 d\u00edas para caballos \/ 180 potros.<\/p>\n<p><b>Almacenamiento<\/b> Almacenar en un lugar fresco y seco.<\/p>\n<p><b>Vida \u00fatil:<\/b> 24 meses<\/p>","protected":false},"excerpt":{"rendered":"<p class=\"ai-optimize-23 ai-optimize-introduction\"><a href=\"https:\/\/equidash.eu\/es\/etiqueta-producto\/equine-products-ireland\/\"><img decoding=\"async\" style=\"height: 60px;margin-top: 20px\" src=\"https:\/\/equidash.eu\/wp-content\/uploads\/2025\/02\/Equine-Products-Ireland-Logo.png\" alt=\"\" \/><\/a><\/p>","protected":false},"featured_media":4402,"template":"","meta":{"_acf_changed":false,"_joinchat":[]},"product_brand":[527],"product_cat":[27,251,405],"product_tag":[528,529],"class_list":{"0":"post-3126","1":"product","2":"type-product","3":"status-publish","4":"has-post-thumbnail","6":"product_brand-equine-products-ireland","7":"product_cat-horse","8":"product_cat-horse-feed-nutrition","9":"product_cat-supplements","10":"product_tag-calmer","11":"product_tag-equine-products-ireland","12":"pa_size-2-kg","14":"first","15":"instock","16":"sale","17":"taxable","18":"shipping-taxable","19":"purchasable","20":"product-type-variable","21":"has-default-attributes"},"acf":[],"yoast_head":"<!-- This site is optimized with the Yoast SEO Premium plugin v26.2 (Yoast SEO v27.2) - https:\/\/yoast.com\/product\/yoast-seo-premium-wordpress\/ -->\n<title>Equine Products Ireland Calm Equine | Parima hinnaga ratsavarustuse e-pood<\/title>\n<meta name=\"description\" content=\"Equine Products Ireland Calm Equine | Kiiretoimeline rahustav pulber hobustele. Calm V\u00e4hendab hobuse stressi ja \u00e4revust ning parandab keskendumisv\u00f5imet.\" \/>\n<meta name=\"robots\" content=\"index, follow, max-snippet:-1, max-image-preview:large, max-video-preview:-1\" \/>\n<link rel=\"canonical\" href=\"https:\/\/equidash.eu\/es\/shop\/caballo\/equine-products-ireland-calm-equine\/\" \/>\n<meta property=\"og:locale\" content=\"es_ES\" \/>\n<meta property=\"og:type\" content=\"article\" \/>\n<meta property=\"og:title\" content=\"Equine Products Ireland Calm Equine\" \/>\n<meta property=\"og:description\" content=\"Equine Products Ireland Calm Equine | Kiiretoimeline rahustav pulber hobustele. Calm V\u00e4hendab hobuse stressi ja \u00e4revust ning parandab keskendumisv\u00f5imet.\" \/>\n<meta property=\"og:url\" content=\"https:\/\/equidash.eu\/es\/shop\/caballo\/equine-products-ireland-calm-equine\/\" \/>\n<meta property=\"og:site_name\" content=\"Parima hinnaga ratsavarustuse e-pood\" \/>\n<meta property=\"article:publisher\" content=\"https:\/\/www.facebook.com\/people\/EquiDash\/61560864479586\/\" \/>\n<meta property=\"article:modified_time\" content=\"2025-07-01T21:22:24+00:00\" \/>\n<meta property=\"og:image\" content=\"https:\/\/equidash.eu\/wp-content\/uploads\/2025\/02\/Equine-Products-Ireland_Calm-Equine.png\" \/>\n\t<meta property=\"og:image:width\" content=\"1080\" \/>\n\t<meta property=\"og:image:height\" content=\"1080\" \/>\n\t<meta property=\"og:image:type\" content=\"image\/png\" \/>\n<meta name=\"twitter:card\" content=\"summary_large_image\" \/>\n<meta name=\"twitter:label1\" content=\"Disponibilidad\" \/>\n\t<meta name=\"twitter:data1\" content=\"Disponible\" \/>\n<script type=\"application\/ld+json\" class=\"yoast-schema-graph\">{\"@context\":\"https:\/\/schema.org\",\"@graph\":[{\"@type\":\"WebPage\",\"@id\":\"https:\/\/equidash.eu\/shop\/horse\/equine-products-ireland-calm-equine\/\",\"url\":\"https:\/\/equidash.eu\/shop\/horse\/equine-products-ireland-calm-equine\/\",\"name\":\"Equine Products Ireland Calm Equine | Parima hinnaga ratsavarustuse e-pood\",\"isPartOf\":{\"@id\":\"https:\/\/equidash.eu\/#website\"},\"primaryImageOfPage\":{\"@id\":\"https:\/\/equidash.eu\/shop\/horse\/equine-products-ireland-calm-equine\/#primaryimage\"},\"image\":{\"@id\":\"https:\/\/equidash.eu\/shop\/horse\/equine-products-ireland-calm-equine\/#primaryimage\"},\"thumbnailUrl\":\"https:\/\/equidash.eu\/wp-content\/uploads\/2025\/02\/Equine-Products-Ireland_Calm-Equine.png\",\"datePublished\":\"2025-02-10T15:21:36+00:00\",\"dateModified\":\"2025-07-01T21:22:24+00:00\",\"description\":\"Equine Products Ireland Calm Equine | Kiiretoimeline rahustav pulber hobustele. Calm V\u00e4hendab hobuse stressi ja \u00e4revust ning parandab keskendumisv\u00f5imet.\",\"breadcrumb\":{\"@id\":\"https:\/\/equidash.eu\/shop\/horse\/equine-products-ireland-calm-equine\/#breadcrumb\"},\"inLanguage\":\"es\",\"potentialAction\":[{\"@type\":\"ReadAction\",\"target\":[\"https:\/\/equidash.eu\/shop\/horse\/equine-products-ireland-calm-equine\/\"]}]},{\"@type\":\"ImageObject\",\"inLanguage\":\"es\",\"@id\":\"https:\/\/equidash.eu\/shop\/horse\/equine-products-ireland-calm-equine\/#primaryimage\",\"url\":\"https:\/\/equidash.eu\/wp-content\/uploads\/2025\/02\/Equine-Products-Ireland_Calm-Equine.png\",\"contentUrl\":\"https:\/\/equidash.eu\/wp-content\/uploads\/2025\/02\/Equine-Products-Ireland_Calm-Equine.png\",\"width\":1080,\"height\":1080,\"caption\":\"Equine Products Ireland Calm Equine - rahustav pulber hobustele ja ponidele.\"},{\"@type\":\"BreadcrumbList\",\"@id\":\"https:\/\/equidash.eu\/shop\/horse\/equine-products-ireland-calm-equine\/#breadcrumb\",\"itemListElement\":[{\"@type\":\"ListItem\",\"position\":1,\"name\":\"Home\",\"item\":\"https:\/\/equidash.eu\/\"},{\"@type\":\"ListItem\",\"position\":2,\"name\":\"Shop\",\"item\":\"https:\/\/equidash.eu\/shop\/\"},{\"@type\":\"ListItem\",\"position\":3,\"name\":\"Equine Products Ireland Calm Equine\"}]},{\"@type\":\"WebSite\",\"@id\":\"https:\/\/equidash.eu\/#website\",\"url\":\"https:\/\/equidash.eu\/\",\"name\":\"EquiDash\",\"description\":\"Horse Riding Equipment and Accessories\",\"publisher\":{\"@id\":\"https:\/\/equidash.eu\/#organization\"},\"alternateName\":\"EquiDash\",\"potentialAction\":[{\"@type\":\"SearchAction\",\"target\":{\"@type\":\"EntryPoint\",\"urlTemplate\":\"https:\/\/equidash.eu\/?s={search_term_string}\"},\"query-input\":{\"@type\":\"PropertyValueSpecification\",\"valueRequired\":true,\"valueName\":\"search_term_string\"}}],\"inLanguage\":\"es\"},{\"@type\":\"Organization\",\"@id\":\"https:\/\/equidash.eu\/#organization\",\"name\":\"EquiDash\",\"alternateName\":\"EquiDash\",\"url\":\"https:\/\/equidash.eu\/\",\"logo\":{\"@type\":\"ImageObject\",\"inLanguage\":\"es\",\"@id\":\"https:\/\/equidash.eu\/#\/schema\/logo\/image\/\",\"url\":\"https:\/\/equidash.eu\/wp-content\/uploads\/2024\/09\/EQUIDASH_Logo_Raud-1.png\",\"contentUrl\":\"https:\/\/equidash.eu\/wp-content\/uploads\/2024\/09\/EQUIDASH_Logo_Raud-1.png\",\"width\":393,\"height\":422,\"caption\":\"EquiDash\"},\"image\":{\"@id\":\"https:\/\/equidash.eu\/#\/schema\/logo\/image\/\"},\"sameAs\":[\"https:\/\/www.facebook.com\/people\/EquiDash\/61560864479586\/\",\"https:\/\/www.instagram.com\/equidash.eshop\/\"],\"email\":\"info@equidash.eu\",\"telephone\":\"+372 59007334\",\"legalName\":\"Takian Corporation O\u00dc\",\"foundingDate\":\"2020-10-21\",\"vatID\":\"EE102301283\",\"numberOfEmployees\":{\"@type\":\"QuantitativeValue\",\"minValue\":\"1\",\"maxValue\":\"10\"},\"hasMerchantReturnPolicy\":{\"@type\":\"MerchantReturnPolicy\",\"merchantReturnLink\":\"https:\/\/equidash.eu\/es\/return-privacy\/\"}}]}<\/script>\n<meta property=\"product:brand\" content=\"Equine Products Ireland\" \/>\n<meta property=\"og:availability\" content=\"instock\" \/>\n<meta property=\"product:availability\" content=\"instock\" \/>\n<meta property=\"product:condition\" content=\"new\" \/>\n<!-- \/ Yoast SEO Premium plugin. -->","yoast_head_json":{"title":"Equine Products Ireland Calm Equine | Parima hinnaga ratsavarustuse e-pood","description":"Equine Products Ireland Calm Equine | Kiiretoimeline rahustav pulber hobustele. Calm V\u00e4hendab hobuse stressi ja \u00e4revust ning parandab keskendumisv\u00f5imet.","robots":{"index":"index","follow":"follow","max-snippet":"max-snippet:-1","max-image-preview":"max-image-preview:large","max-video-preview":"max-video-preview:-1"},"canonical":"https:\/\/equidash.eu\/es\/shop\/caballo\/equine-products-ireland-calm-equine\/","og_locale":"es_ES","og_type":"article","og_title":"Equine Products Ireland Calm Equine","og_description":"Equine Products Ireland Calm Equine | Kiiretoimeline rahustav pulber hobustele. Calm V\u00e4hendab hobuse stressi ja \u00e4revust ning parandab keskendumisv\u00f5imet.","og_url":"https:\/\/equidash.eu\/es\/shop\/caballo\/equine-products-ireland-calm-equine\/","og_site_name":"Parima hinnaga ratsavarustuse e-pood","article_publisher":"https:\/\/www.facebook.com\/people\/EquiDash\/61560864479586\/","article_modified_time":"2025-07-01T21:22:24+00:00","og_image":[{"width":1080,"height":1080,"url":"https:\/\/equidash.eu\/wp-content\/uploads\/2025\/02\/Equine-Products-Ireland_Calm-Equine.png","type":"image\/png"}],"twitter_card":"summary_large_image","twitter_misc":{"Disponibilidad":"Disponible"},"schema":{"@context":"https:\/\/schema.org","@graph":[{"@type":"WebPage","@id":"https:\/\/equidash.eu\/shop\/horse\/equine-products-ireland-calm-equine\/","url":"https:\/\/equidash.eu\/shop\/horse\/equine-products-ireland-calm-equine\/","name":"Equine Products Ireland Calm Equine | Parima hinnaga ratsavarustuse e-pood","isPartOf":{"@id":"https:\/\/equidash.eu\/#website"},"primaryImageOfPage":{"@id":"https:\/\/equidash.eu\/shop\/horse\/equine-products-ireland-calm-equine\/#primaryimage"},"image":{"@id":"https:\/\/equidash.eu\/shop\/horse\/equine-products-ireland-calm-equine\/#primaryimage"},"thumbnailUrl":"https:\/\/equidash.eu\/wp-content\/uploads\/2025\/02\/Equine-Products-Ireland_Calm-Equine.png","datePublished":"2025-02-10T15:21:36+00:00","dateModified":"2025-07-01T21:22:24+00:00","description":"Equine Products Ireland Calm Equine | Kiiretoimeline rahustav pulber hobustele. Calm V\u00e4hendab hobuse stressi ja \u00e4revust ning parandab keskendumisv\u00f5imet.","breadcrumb":{"@id":"https:\/\/equidash.eu\/shop\/horse\/equine-products-ireland-calm-equine\/#breadcrumb"},"inLanguage":"es","potentialAction":[{"@type":"ReadAction","target":["https:\/\/equidash.eu\/shop\/horse\/equine-products-ireland-calm-equine\/"]}]},{"@type":"ImageObject","inLanguage":"es","@id":"https:\/\/equidash.eu\/shop\/horse\/equine-products-ireland-calm-equine\/#primaryimage","url":"https:\/\/equidash.eu\/wp-content\/uploads\/2025\/02\/Equine-Products-Ireland_Calm-Equine.png","contentUrl":"https:\/\/equidash.eu\/wp-content\/uploads\/2025\/02\/Equine-Products-Ireland_Calm-Equine.png","width":1080,"height":1080,"caption":"Equine Products Ireland Calm Equine - rahustav pulber hobustele ja ponidele."},{"@type":"BreadcrumbList","@id":"https:\/\/equidash.eu\/shop\/horse\/equine-products-ireland-calm-equine\/#breadcrumb","itemListElement":[{"@type":"ListItem","position":1,"name":"Home","item":"https:\/\/equidash.eu\/"},{"@type":"ListItem","position":2,"name":"Shop","item":"https:\/\/equidash.eu\/shop\/"},{"@type":"ListItem","position":3,"name":"Equine Products Ireland Calm Equine"}]},{"@type":"WebSite","@id":"https:\/\/equidash.eu\/#website","url":"https:\/\/equidash.eu\/","name":"EquiDash","description":"Horse Riding Equipment and Accessories","publisher":{"@id":"https:\/\/equidash.eu\/#organization"},"alternateName":"EquiDash","potentialAction":[{"@type":"SearchAction","target":{"@type":"EntryPoint","urlTemplate":"https:\/\/equidash.eu\/?s={search_term_string}"},"query-input":{"@type":"PropertyValueSpecification","valueRequired":true,"valueName":"search_term_string"}}],"inLanguage":"es"},{"@type":"Organization","@id":"https:\/\/equidash.eu\/#organization","name":"EquiDash","alternateName":"EquiDash","url":"https:\/\/equidash.eu\/","logo":{"@type":"ImageObject","inLanguage":"es","@id":"https:\/\/equidash.eu\/#\/schema\/logo\/image\/","url":"https:\/\/equidash.eu\/wp-content\/uploads\/2024\/09\/EQUIDASH_Logo_Raud-1.png","contentUrl":"https:\/\/equidash.eu\/wp-content\/uploads\/2024\/09\/EQUIDASH_Logo_Raud-1.png","width":393,"height":422,"caption":"EquiDash"},"image":{"@id":"https:\/\/equidash.eu\/#\/schema\/logo\/image\/"},"sameAs":["https:\/\/www.facebook.com\/people\/EquiDash\/61560864479586\/","https:\/\/www.instagram.com\/equidash.eshop\/"],"email":"info@equidash.eu","telephone":"+372 59007334","legalName":"Takian Corporation O\u00dc","foundingDate":"2020-10-21","vatID":"EE102301283","numberOfEmployees":{"@type":"QuantitativeValue","minValue":"1","maxValue":"10"},"hasMerchantReturnPolicy":{"@type":"MerchantReturnPolicy","merchantReturnLink":"https:\/\/equidash.eu\/es\/return-privacy\/"}}]},"product_brand":"Equine Products Ireland","og_availability":"instock","product_availability":"instock","product_condition":"new"},"_links":{"self":[{"href":"https:\/\/equidash.eu\/es\/wp-json\/wp\/v2\/product\/3126","targetHints":{"allow":["GET"]}}],"collection":[{"href":"https:\/\/equidash.eu\/es\/wp-json\/wp\/v2\/product"}],"about":[{"href":"https:\/\/equidash.eu\/es\/wp-json\/wp\/v2\/types\/product"}],"wp:featuredmedia":[{"embeddable":true,"href":"https:\/\/equidash.eu\/es\/wp-json\/wp\/v2\/media\/4402"}],"wp:attachment":[{"href":"https:\/\/equidash.eu\/es\/wp-json\/wp\/v2\/media?parent=3126"}],"wp:term":[{"taxonomy":"product_brand","embeddable":true,"href":"https:\/\/equidash.eu\/es\/wp-json\/wp\/v2\/product_brand?post=3126"},{"taxonomy":"product_cat","embeddable":true,"href":"https:\/\/equidash.eu\/es\/wp-json\/wp\/v2\/product_cat?post=3126"},{"taxonomy":"product_tag","embeddable":true,"href":"https:\/\/equidash.eu\/es\/wp-json\/wp\/v2\/product_tag?post=3126"}],"curies":[{"name":"wp","href":"https:\/\/api.w.org\/{rel}","templated":true}]}}