{"id":321,"date":"2024-11-05T23:42:59","date_gmt":"2024-11-05T21:42:59","guid":{"rendered":"https:\/\/equidash.eu\/?post_type=product&#038;p=321"},"modified":"2025-09-01T10:03:42","modified_gmt":"2025-09-01T08:03:42","slug":"hv-polo-socks-lizzy","status":"publish","type":"product","link":"https:\/\/equidash.eu\/es\/shop\/rider\/riding-socks-rider\/hv-polo-socks-lizzy\/","title":{"rendered":"Calcetines de equitaci\u00f3n para mujer HV Polo Lizzy"},"content":{"rendered":"<p>Los calcetines HV Polo Lizzy son medias largas. El borde superior con el logo de HV Polo est\u00e1 decorado con peque\u00f1as piedras brillantes. La parte de los dedos, la planta y el tal\u00f3n est\u00e1 hecha de material resistente y suave, que es transpirable. La pantorrilla y la parte superior del pie est\u00e1n tejidas con un patr\u00f3n fino en espiga. Son ideales para los c\u00e1lidos d\u00edas de verano.<\/p>\n<ul>\n<li>Calcetines de equitaci\u00f3n para el verano<\/li>\n<li>Tama\u00f1o \u00fanico<\/li>\n<\/ul>","protected":false},"excerpt":{"rendered":"<p class=\"ai-optimize-23 ai-optimize-introduction\"><a href=\"https:\/\/equidash.es\/product-tag\/hv-polo\/\"><img decoding=\"async\" style=\"height: 60px; margin-top: 20px;\" src=\"https:\/\/equidash.es\/wp-content\/uploads\/2024\/10\/HVP.png\" alt=\"\" \/><\/a><\/p>","protected":false},"featured_media":904,"template":"","meta":{"_acf_changed":false,"_joinchat":[]},"product_brand":[511],"product_cat":[22,195],"product_tag":[28,51],"class_list":{"0":"post-321","1":"product","2":"type-product","3":"status-publish","4":"has-post-thumbnail","6":"product_brand-hv-polo","7":"product_cat-rider","8":"product_cat-riding-socks-rider","9":"product_tag-hv-polo","10":"product_tag-socks","12":"first","13":"instock","14":"taxable","15":"shipping-taxable","16":"purchasable","17":"product-type-simple"},"acf":[],"yoast_head":"<!-- This site is optimized with the Yoast SEO Premium plugin v26.2 (Yoast SEO v27.2) - https:\/\/yoast.com\/product\/yoast-seo-premium-wordpress\/ -->\n<title>HV Polo socks Lizzy | Parima hinnaga ratsavarustuse e-pood<\/title>\n<meta name=\"description\" content=\"Equidash - Ratsavarustuse veebipood Eestis ja Hispaanias. Lai valik ratsariideid ja ratsap\u00f5lvikuid ratsanikele. HV Polo socks Lizzy\" \/>\n<meta name=\"robots\" content=\"index, follow, max-snippet:-1, max-image-preview:large, max-video-preview:-1\" \/>\n<link rel=\"canonical\" href=\"https:\/\/equidash.eu\/es\/shop\/jinete\/riding-socks-rider\/hv-polo-socks-lizzy\/\" \/>\n<meta property=\"og:locale\" content=\"es_ES\" \/>\n<meta property=\"og:type\" content=\"article\" \/>\n<meta property=\"og:title\" content=\"HV Polo socks Lizzy\" \/>\n<meta property=\"og:description\" content=\"Equidash - Ratsavarustuse veebipood Eestis ja Hispaanias. Lai valik ratsariideid ja ratsap\u00f5lvikuid ratsanikele. HV Polo socks Lizzy\" \/>\n<meta property=\"og:url\" content=\"https:\/\/equidash.eu\/es\/shop\/jinete\/riding-socks-rider\/hv-polo-socks-lizzy\/\" \/>\n<meta property=\"og:site_name\" content=\"Parima hinnaga ratsavarustuse e-pood\" \/>\n<meta property=\"article:publisher\" content=\"https:\/\/www.facebook.com\/people\/EquiDash\/61560864479586\/\" \/>\n<meta property=\"article:modified_time\" content=\"2025-09-01T08:03:42+00:00\" \/>\n<meta property=\"og:image\" content=\"https:\/\/equidash.eu\/wp-content\/uploads\/2024\/11\/HVP_Socks_Lizzy_Black-scaled-2.jpg\" \/>\n\t<meta property=\"og:image:width\" content=\"2048\" \/>\n\t<meta property=\"og:image:height\" content=\"2048\" \/>\n\t<meta property=\"og:image:type\" content=\"image\/jpeg\" \/>\n<meta name=\"twitter:card\" content=\"summary_large_image\" \/>\n<meta name=\"twitter:label1\" content=\"Precio\" \/>\n\t<meta name=\"twitter:data1\" content=\"11,50&nbsp;&euro;\" \/>\n\t<meta name=\"twitter:label2\" content=\"Disponibilidad\" \/>\n\t<meta name=\"twitter:data2\" content=\"Disponible\" \/>\n<script type=\"application\/ld+json\" class=\"yoast-schema-graph\">{\"@context\":\"https:\/\/schema.org\",\"@graph\":[{\"@type\":\"WebPage\",\"@id\":\"https:\/\/equidash.eu\/shop\/rider\/riding-socks-rider\/hv-polo-socks-lizzy\/\",\"url\":\"https:\/\/equidash.eu\/shop\/rider\/riding-socks-rider\/hv-polo-socks-lizzy\/\",\"name\":\"HV Polo socks Lizzy | Parima hinnaga ratsavarustuse e-pood\",\"isPartOf\":{\"@id\":\"https:\/\/equidash.eu\/#website\"},\"primaryImageOfPage\":{\"@id\":\"https:\/\/equidash.eu\/shop\/rider\/riding-socks-rider\/hv-polo-socks-lizzy\/#primaryimage\"},\"image\":{\"@id\":\"https:\/\/equidash.eu\/shop\/rider\/riding-socks-rider\/hv-polo-socks-lizzy\/#primaryimage\"},\"thumbnailUrl\":\"https:\/\/equidash.eu\/wp-content\/uploads\/2024\/11\/HVP_Socks_Lizzy_Black-scaled-2.jpg\",\"datePublished\":\"2024-11-05T21:42:59+00:00\",\"dateModified\":\"2025-09-01T08:03:42+00:00\",\"description\":\"Equidash - Ratsavarustuse veebipood Eestis ja Hispaanias. Lai valik ratsariideid ja ratsap\u00f5lvikuid ratsanikele. HV Polo socks Lizzy\",\"breadcrumb\":{\"@id\":\"https:\/\/equidash.eu\/shop\/rider\/riding-socks-rider\/hv-polo-socks-lizzy\/#breadcrumb\"},\"inLanguage\":\"es\",\"potentialAction\":[{\"@type\":\"ReadAction\",\"target\":[\"https:\/\/equidash.eu\/shop\/rider\/riding-socks-rider\/hv-polo-socks-lizzy\/\"]}]},{\"@type\":\"ImageObject\",\"inLanguage\":\"es\",\"@id\":\"https:\/\/equidash.eu\/shop\/rider\/riding-socks-rider\/hv-polo-socks-lizzy\/#primaryimage\",\"url\":\"https:\/\/equidash.eu\/wp-content\/uploads\/2024\/11\/HVP_Socks_Lizzy_Black-scaled-2.jpg\",\"contentUrl\":\"https:\/\/equidash.eu\/wp-content\/uploads\/2024\/11\/HVP_Socks_Lizzy_Black-scaled-2.jpg\",\"width\":2048,\"height\":2048},{\"@type\":\"BreadcrumbList\",\"@id\":\"https:\/\/equidash.eu\/shop\/rider\/riding-socks-rider\/hv-polo-socks-lizzy\/#breadcrumb\",\"itemListElement\":[{\"@type\":\"ListItem\",\"position\":1,\"name\":\"Home\",\"item\":\"https:\/\/equidash.eu\/\"},{\"@type\":\"ListItem\",\"position\":2,\"name\":\"Shop\",\"item\":\"https:\/\/equidash.eu\/shop\/\"},{\"@type\":\"ListItem\",\"position\":3,\"name\":\"HV Polo socks Lizzy\"}]},{\"@type\":\"WebSite\",\"@id\":\"https:\/\/equidash.eu\/#website\",\"url\":\"https:\/\/equidash.eu\/\",\"name\":\"EquiDash\",\"description\":\"Horse Riding Equipment and Accessories\",\"publisher\":{\"@id\":\"https:\/\/equidash.eu\/#organization\"},\"alternateName\":\"EquiDash\",\"potentialAction\":[{\"@type\":\"SearchAction\",\"target\":{\"@type\":\"EntryPoint\",\"urlTemplate\":\"https:\/\/equidash.eu\/?s={search_term_string}\"},\"query-input\":{\"@type\":\"PropertyValueSpecification\",\"valueRequired\":true,\"valueName\":\"search_term_string\"}}],\"inLanguage\":\"es\"},{\"@type\":\"Organization\",\"@id\":\"https:\/\/equidash.eu\/#organization\",\"name\":\"EquiDash\",\"alternateName\":\"EquiDash\",\"url\":\"https:\/\/equidash.eu\/\",\"logo\":{\"@type\":\"ImageObject\",\"inLanguage\":\"es\",\"@id\":\"https:\/\/equidash.eu\/#\/schema\/logo\/image\/\",\"url\":\"https:\/\/equidash.eu\/wp-content\/uploads\/2024\/09\/EQUIDASH_Logo_Raud-1.png\",\"contentUrl\":\"https:\/\/equidash.eu\/wp-content\/uploads\/2024\/09\/EQUIDASH_Logo_Raud-1.png\",\"width\":393,\"height\":422,\"caption\":\"EquiDash\"},\"image\":{\"@id\":\"https:\/\/equidash.eu\/#\/schema\/logo\/image\/\"},\"sameAs\":[\"https:\/\/www.facebook.com\/people\/EquiDash\/61560864479586\/\",\"https:\/\/www.instagram.com\/equidash.eshop\/\"],\"email\":\"info@equidash.eu\",\"telephone\":\"+372 59007334\",\"legalName\":\"Takian Corporation O\u00dc\",\"foundingDate\":\"2020-10-21\",\"vatID\":\"EE102301283\",\"numberOfEmployees\":{\"@type\":\"QuantitativeValue\",\"minValue\":\"1\",\"maxValue\":\"10\"},\"hasMerchantReturnPolicy\":{\"@type\":\"MerchantReturnPolicy\",\"merchantReturnLink\":\"https:\/\/equidash.eu\/es\/return-privacy\/\"}}]}<\/script>\n<meta property=\"product:brand\" content=\"HV Polo\" \/>\n<meta property=\"product:price:amount\" content=\"11.50\" \/>\n<meta property=\"product:price:currency\" content=\"EUR\" \/>\n<meta property=\"og:availability\" content=\"instock\" \/>\n<meta property=\"product:availability\" content=\"instock\" \/>\n<meta property=\"product:condition\" content=\"new\" \/>\n<!-- \/ Yoast SEO Premium plugin. -->","yoast_head_json":{"title":"HV Polo socks Lizzy | Parima hinnaga ratsavarustuse e-pood","description":"Equidash - Ratsavarustuse veebipood Eestis ja Hispaanias. Lai valik ratsariideid ja ratsap\u00f5lvikuid ratsanikele. HV Polo socks Lizzy","robots":{"index":"index","follow":"follow","max-snippet":"max-snippet:-1","max-image-preview":"max-image-preview:large","max-video-preview":"max-video-preview:-1"},"canonical":"https:\/\/equidash.eu\/es\/shop\/jinete\/riding-socks-rider\/hv-polo-socks-lizzy\/","og_locale":"es_ES","og_type":"article","og_title":"HV Polo socks Lizzy","og_description":"Equidash - Ratsavarustuse veebipood Eestis ja Hispaanias. Lai valik ratsariideid ja ratsap\u00f5lvikuid ratsanikele. HV Polo socks Lizzy","og_url":"https:\/\/equidash.eu\/es\/shop\/jinete\/riding-socks-rider\/hv-polo-socks-lizzy\/","og_site_name":"Parima hinnaga ratsavarustuse e-pood","article_publisher":"https:\/\/www.facebook.com\/people\/EquiDash\/61560864479586\/","article_modified_time":"2025-09-01T08:03:42+00:00","og_image":[{"width":2048,"height":2048,"url":"https:\/\/equidash.eu\/wp-content\/uploads\/2024\/11\/HVP_Socks_Lizzy_Black-scaled-2.jpg","type":"image\/jpeg"}],"twitter_card":"summary_large_image","twitter_misc":{"Precio":"11,50&nbsp;&euro;","Disponibilidad":"Disponible"},"schema":{"@context":"https:\/\/schema.org","@graph":[{"@type":"WebPage","@id":"https:\/\/equidash.eu\/shop\/rider\/riding-socks-rider\/hv-polo-socks-lizzy\/","url":"https:\/\/equidash.eu\/shop\/rider\/riding-socks-rider\/hv-polo-socks-lizzy\/","name":"HV Polo socks Lizzy | Parima hinnaga ratsavarustuse e-pood","isPartOf":{"@id":"https:\/\/equidash.eu\/#website"},"primaryImageOfPage":{"@id":"https:\/\/equidash.eu\/shop\/rider\/riding-socks-rider\/hv-polo-socks-lizzy\/#primaryimage"},"image":{"@id":"https:\/\/equidash.eu\/shop\/rider\/riding-socks-rider\/hv-polo-socks-lizzy\/#primaryimage"},"thumbnailUrl":"https:\/\/equidash.eu\/wp-content\/uploads\/2024\/11\/HVP_Socks_Lizzy_Black-scaled-2.jpg","datePublished":"2024-11-05T21:42:59+00:00","dateModified":"2025-09-01T08:03:42+00:00","description":"Equidash - Ratsavarustuse veebipood Eestis ja Hispaanias. Lai valik ratsariideid ja ratsap\u00f5lvikuid ratsanikele. HV Polo socks Lizzy","breadcrumb":{"@id":"https:\/\/equidash.eu\/shop\/rider\/riding-socks-rider\/hv-polo-socks-lizzy\/#breadcrumb"},"inLanguage":"es","potentialAction":[{"@type":"ReadAction","target":["https:\/\/equidash.eu\/shop\/rider\/riding-socks-rider\/hv-polo-socks-lizzy\/"]}]},{"@type":"ImageObject","inLanguage":"es","@id":"https:\/\/equidash.eu\/shop\/rider\/riding-socks-rider\/hv-polo-socks-lizzy\/#primaryimage","url":"https:\/\/equidash.eu\/wp-content\/uploads\/2024\/11\/HVP_Socks_Lizzy_Black-scaled-2.jpg","contentUrl":"https:\/\/equidash.eu\/wp-content\/uploads\/2024\/11\/HVP_Socks_Lizzy_Black-scaled-2.jpg","width":2048,"height":2048},{"@type":"BreadcrumbList","@id":"https:\/\/equidash.eu\/shop\/rider\/riding-socks-rider\/hv-polo-socks-lizzy\/#breadcrumb","itemListElement":[{"@type":"ListItem","position":1,"name":"Home","item":"https:\/\/equidash.eu\/"},{"@type":"ListItem","position":2,"name":"Shop","item":"https:\/\/equidash.eu\/shop\/"},{"@type":"ListItem","position":3,"name":"HV Polo socks Lizzy"}]},{"@type":"WebSite","@id":"https:\/\/equidash.eu\/#website","url":"https:\/\/equidash.eu\/","name":"EquiDash","description":"Horse Riding Equipment and Accessories","publisher":{"@id":"https:\/\/equidash.eu\/#organization"},"alternateName":"EquiDash","potentialAction":[{"@type":"SearchAction","target":{"@type":"EntryPoint","urlTemplate":"https:\/\/equidash.eu\/?s={search_term_string}"},"query-input":{"@type":"PropertyValueSpecification","valueRequired":true,"valueName":"search_term_string"}}],"inLanguage":"es"},{"@type":"Organization","@id":"https:\/\/equidash.eu\/#organization","name":"EquiDash","alternateName":"EquiDash","url":"https:\/\/equidash.eu\/","logo":{"@type":"ImageObject","inLanguage":"es","@id":"https:\/\/equidash.eu\/#\/schema\/logo\/image\/","url":"https:\/\/equidash.eu\/wp-content\/uploads\/2024\/09\/EQUIDASH_Logo_Raud-1.png","contentUrl":"https:\/\/equidash.eu\/wp-content\/uploads\/2024\/09\/EQUIDASH_Logo_Raud-1.png","width":393,"height":422,"caption":"EquiDash"},"image":{"@id":"https:\/\/equidash.eu\/#\/schema\/logo\/image\/"},"sameAs":["https:\/\/www.facebook.com\/people\/EquiDash\/61560864479586\/","https:\/\/www.instagram.com\/equidash.eshop\/"],"email":"info@equidash.eu","telephone":"+372 59007334","legalName":"Takian Corporation O\u00dc","foundingDate":"2020-10-21","vatID":"EE102301283","numberOfEmployees":{"@type":"QuantitativeValue","minValue":"1","maxValue":"10"},"hasMerchantReturnPolicy":{"@type":"MerchantReturnPolicy","merchantReturnLink":"https:\/\/equidash.eu\/es\/return-privacy\/"}}]},"product_brand":"HV Polo","product_price_amount":"11.50","product_price_currency":"EUR","og_availability":"instock","product_availability":"instock","product_condition":"new"},"_links":{"self":[{"href":"https:\/\/equidash.eu\/es\/wp-json\/wp\/v2\/product\/321","targetHints":{"allow":["GET"]}}],"collection":[{"href":"https:\/\/equidash.eu\/es\/wp-json\/wp\/v2\/product"}],"about":[{"href":"https:\/\/equidash.eu\/es\/wp-json\/wp\/v2\/types\/product"}],"wp:featuredmedia":[{"embeddable":true,"href":"https:\/\/equidash.eu\/es\/wp-json\/wp\/v2\/media\/904"}],"wp:attachment":[{"href":"https:\/\/equidash.eu\/es\/wp-json\/wp\/v2\/media?parent=321"}],"wp:term":[{"taxonomy":"product_brand","embeddable":true,"href":"https:\/\/equidash.eu\/es\/wp-json\/wp\/v2\/product_brand?post=321"},{"taxonomy":"product_cat","embeddable":true,"href":"https:\/\/equidash.eu\/es\/wp-json\/wp\/v2\/product_cat?post=321"},{"taxonomy":"product_tag","embeddable":true,"href":"https:\/\/equidash.eu\/es\/wp-json\/wp\/v2\/product_tag?post=321"}],"curies":[{"name":"wp","href":"https:\/\/api.w.org\/{rel}","templated":true}]}}