{"id":3294,"date":"2025-02-16T14:43:29","date_gmt":"2025-02-16T12:43:29","guid":{"rendered":"https:\/\/equidash.eu\/?post_type=product&#038;p=3294"},"modified":"2025-09-26T18:41:11","modified_gmt":"2025-09-26T16:41:11","slug":"tredstep-medici-ii-field-boots","status":"publish","type":"product","link":"https:\/\/equidash.eu\/es\/shop\/rider\/tredstep-medici-ii-field-boots\/","title":{"rendered":"Botas de mujer Tredstep Medici II"},"content":{"rendered":"<p>Las elegantes botas largas de montar Tredstep\u2122 Medici II ofrecen innovaciones t\u00e9cnicas que garantizan un rendimiento excelente. La bota de montar de la colecci\u00f3n Renaissance presenta un dise\u00f1o vanguardista y bellamente esculpido que ofrece una comodidad incomparable. Las botas de piel de becerro de alta calidad est\u00e1n hechas a mano para crear curvas \u00fanicas que permiten que esta bota de montar se adapte a la forma natural de su pie. Un ajuste bien dise\u00f1ado garantiza una sensaci\u00f3n de contacto buena y cercana.<\/p>\n<p>Adem\u00e1s del cuidado dise\u00f1o, las botas de montar para mujer Medici II tambi\u00e9n cuentan con un amplio panel el\u00e1stico con muy buena elasticidad junto a la hebilla para garantizar el m\u00e1ximo ajuste. Tambi\u00e9n se ha a\u00f1adido una parte suave y el\u00e1stica en la zona de la rodilla de las botas.<\/p>\n<p>La suela exterior de goma acolchada evolutiva evita que los estribos se resbalen en el sill\u00edn. La plantilla est\u00e1 hecha de forro Coolmax\u00ae que absorbe la humedad y tiene orificios de ventilaci\u00f3n. Las almohadillas de gel para el tal\u00f3n absorben los impactos y reducen la fatiga del pie.<\/p>\n<p>Caracter\u00edsticas principales de la bota Medici II:<\/p>\n<ul>\n<li>Conformaci\u00f3n anat\u00f3mica<\/li>\n<li>Fabricado en piel de becerro de alta calidad.<\/li>\n<li>Panel el\u00e1stico de alta resistencia<\/li>\n<li>Cremallera trasera de alta durabilidad<\/li>\n<li>Cierre el\u00e1stico acolchado Easy Closure en la parte superior de la bota<\/li>\n<li>Suela de goma de alta tecnolog\u00eda con agarre avanzado para estribos<\/li>\n<li>Plantilla acolchada forrada de Coolmax\u00ae<\/li>\n<li>Parte superior europea moderna<\/li>\n<li>Las almohadillas de gel para el tal\u00f3n absorben los impactos.<\/li>\n<li>Apoyo para estribos<\/li>\n<\/ul>\n<a href=\"https:\/\/equidash.eu\/size\/Tredstep_Medici2_SizeChart_A4.pdf\" target=\"_blank\" class=\"button primary is-primary is-medium\" rel=\"noopener\" >\n\t\t<span>Footwear Size Chart<\/span>\n\t<\/a>\n\n<p><strong>HOW TO MEASURE:<\/strong><\/p>\n<p>1. Aseg\u00farate de llevar tu ropa de montar habitual (calcetines y pantalones de montar).<\/p>\n<p>2. Mide la circunferencia de tu pierna en el punto m\u00e1s ancho. Esto muestra la circunferencia de la pantorrilla (A).<\/p>\n<p>3. Coloque la pierna en un \u00e1ngulo de 90 grados y coloque el dedo en la r\u00f3tula. Mida desde este punto hasta el suelo. Esto muestra la altura de tu bota (B).<\/p>\n<p><img loading=\"lazy\" decoding=\"async\" class=\"alignnone size-medium wp-image-3515\" src=\"https:\/\/equidash.eu\/wp-content\/uploads\/2025\/02\/Tredstep_HowToMeasure_sq3-300x300.jpg\" alt=\"\" width=\"300\" height=\"300\" srcset=\"https:\/\/equidash.eu\/wp-content\/uploads\/2025\/02\/Tredstep_HowToMeasure_sq3-300x300.jpg 300w, https:\/\/equidash.eu\/wp-content\/uploads\/2025\/02\/Tredstep_HowToMeasure_sq3-150x150.jpg 150w, https:\/\/equidash.eu\/wp-content\/uploads\/2025\/02\/Tredstep_HowToMeasure_sq3-768x768.jpg 768w, https:\/\/equidash.eu\/wp-content\/uploads\/2025\/02\/Tredstep_HowToMeasure_sq3-12x12.jpg 12w, https:\/\/equidash.eu\/wp-content\/uploads\/2025\/02\/Tredstep_HowToMeasure_sq3-510x510.jpg 510w, https:\/\/equidash.eu\/wp-content\/uploads\/2025\/02\/Tredstep_HowToMeasure_sq3-100x100.jpg 100w, https:\/\/equidash.eu\/wp-content\/uploads\/2025\/02\/Tredstep_HowToMeasure_sq3.jpg 1000w\" sizes=\"auto, (max-width: 300px) 100vw, 300px\" \/><\/p>\n<p><iframe loading=\"lazy\" title=\"How to measure your new Tredstep Tall Boots? With Aidan Keogh\" src=\"https:\/\/player.vimeo.com\/video\/669863239?dnt=1&amp;app_id=122963\" width=\"1020\" height=\"574\" frameborder=\"0\" allow=\"autoplay; fullscreen; picture-in-picture; clipboard-write; encrypted-media; web-share\" referrerpolicy=\"strict-origin-when-cross-origin\"><\/iframe><\/p>","protected":false},"excerpt":{"rendered":"<p><a href=\"https:\/\/equidash.eu\/es\/etiqueta-producto\/tredstep\/\"><img decoding=\"async\" style=\"height: 120px; margin-top: 20px;\" src=\"https:\/\/equidash.eu\/wp-content\/uploads\/2025\/02\/Tredstep-logo.jpg\" alt=\"\" \/><\/a><\/p>","protected":false},"featured_media":3243,"template":"","meta":{"_acf_changed":false,"_joinchat":[]},"product_brand":[554],"product_cat":[22,354,330],"product_tag":[38,557,30,353,556],"class_list":{"0":"post-3294","1":"product","2":"type-product","3":"status-publish","4":"has-post-thumbnail","6":"product_brand-tredstep","7":"product_cat-rider","8":"product_cat-riding-boots-rider","9":"product_cat-tall-boots","10":"product_tag-dressage","11":"product_tag-eventing","12":"product_tag-jumping","13":"product_tag-tall-boots","14":"product_tag-tredstep","15":"pa_colors-black","16":"pa_footwear-333","17":"pa_footwear-341","18":"pa_footwear-340","19":"pa_footwear-339","20":"pa_footwear-338","21":"pa_footwear-337","22":"pa_footwear-336","23":"pa_footwear-335","24":"pa_style-reg","25":"pa_style-short","26":"pa_style-tall","28":"first","29":"instock","30":"taxable","31":"shipping-taxable","32":"purchasable","33":"product-type-variable","34":"has-default-attributes"},"acf":[],"yoast_head":"<!-- This site is optimized with the Yoast SEO Premium plugin v26.2 (Yoast SEO v27.3) - https:\/\/yoast.com\/product\/yoast-seo-premium-wordpress\/ -->\n<title>Tredstep\u2122 Medici II Field Boots | Parima hinnaga ratsavarustuse e-pood<\/title>\n<meta name=\"description\" content=\"Tredstep\u2122 Medici II Field Boots\" \/>\n<meta name=\"robots\" content=\"index, follow, max-snippet:-1, max-image-preview:large, max-video-preview:-1\" \/>\n<link rel=\"canonical\" href=\"https:\/\/equidash.eu\/es\/shop\/jinete\/tredstep-medici-ii-field-boots\/\" \/>\n<meta property=\"og:locale\" content=\"es_ES\" \/>\n<meta property=\"og:type\" content=\"article\" \/>\n<meta property=\"og:title\" content=\"Tredstep\u2122 Medici II Field Boots\" \/>\n<meta property=\"og:description\" content=\"Tredstep\u2122 Medici II Field Boots\" \/>\n<meta property=\"og:url\" content=\"https:\/\/equidash.eu\/es\/shop\/jinete\/tredstep-medici-ii-field-boots\/\" \/>\n<meta property=\"og:site_name\" content=\"Parima hinnaga ratsavarustuse e-pood\" \/>\n<meta property=\"article:publisher\" content=\"https:\/\/www.facebook.com\/people\/EquiDash\/61560864479586\/\" \/>\n<meta property=\"article:modified_time\" content=\"2025-09-26T16:41:11+00:00\" \/>\n<meta property=\"og:image\" content=\"https:\/\/equidash.eu\/wp-content\/uploads\/2025\/02\/Tredstep_Medici2_Field-Boot_Black.png\" \/>\n\t<meta property=\"og:image:width\" content=\"1080\" \/>\n\t<meta property=\"og:image:height\" content=\"1080\" \/>\n\t<meta property=\"og:image:type\" content=\"image\/png\" \/>\n<meta name=\"twitter:card\" content=\"summary_large_image\" \/>\n<meta name=\"twitter:label1\" content=\"Disponibilidad\" \/>\n\t<meta name=\"twitter:data1\" content=\"Disponible\" \/>\n<script type=\"application\/ld+json\" class=\"yoast-schema-graph\">{\"@context\":\"https:\\\/\\\/schema.org\",\"@graph\":[{\"@type\":\"WebPage\",\"@id\":\"https:\\\/\\\/equidash.eu\\\/shop\\\/rider\\\/tredstep-medici-ii-field-boots\\\/\",\"url\":\"https:\\\/\\\/equidash.eu\\\/shop\\\/rider\\\/tredstep-medici-ii-field-boots\\\/\",\"name\":\"Tredstep\u2122 Medici II Field Boots | Parima hinnaga ratsavarustuse e-pood\",\"isPartOf\":{\"@id\":\"https:\\\/\\\/equidash.eu\\\/#website\"},\"primaryImageOfPage\":{\"@id\":\"https:\\\/\\\/equidash.eu\\\/shop\\\/rider\\\/tredstep-medici-ii-field-boots\\\/#primaryimage\"},\"image\":{\"@id\":\"https:\\\/\\\/equidash.eu\\\/shop\\\/rider\\\/tredstep-medici-ii-field-boots\\\/#primaryimage\"},\"thumbnailUrl\":\"https:\\\/\\\/equidash.eu\\\/wp-content\\\/uploads\\\/2025\\\/02\\\/Tredstep_Medici2_Field-Boot_Black.png\",\"datePublished\":\"2025-02-16T12:43:29+00:00\",\"dateModified\":\"2025-09-26T16:41:11+00:00\",\"description\":\"Tredstep\u2122 Medici II Field Boots\",\"breadcrumb\":{\"@id\":\"https:\\\/\\\/equidash.eu\\\/shop\\\/rider\\\/tredstep-medici-ii-field-boots\\\/#breadcrumb\"},\"inLanguage\":\"es\",\"potentialAction\":[{\"@type\":\"ReadAction\",\"target\":[\"https:\\\/\\\/equidash.eu\\\/shop\\\/rider\\\/tredstep-medici-ii-field-boots\\\/\"]}]},{\"@type\":\"ImageObject\",\"inLanguage\":\"es\",\"@id\":\"https:\\\/\\\/equidash.eu\\\/shop\\\/rider\\\/tredstep-medici-ii-field-boots\\\/#primaryimage\",\"url\":\"https:\\\/\\\/equidash.eu\\\/wp-content\\\/uploads\\\/2025\\\/02\\\/Tredstep_Medici2_Field-Boot_Black.png\",\"contentUrl\":\"https:\\\/\\\/equidash.eu\\\/wp-content\\\/uploads\\\/2025\\\/02\\\/Tredstep_Medici2_Field-Boot_Black.png\",\"width\":1080,\"height\":1080,\"caption\":\"Tredstep\u2122 Medici II ratsasaapad \u2013 kaunilt vormitud disain, suurep\u00e4rane sobivus ja mugavus, elastsusega venituspaneel, pehmendatud kummist v\u00e4listald ja geelist kannapadjad.\"},{\"@type\":\"BreadcrumbList\",\"@id\":\"https:\\\/\\\/equidash.eu\\\/shop\\\/rider\\\/tredstep-medici-ii-field-boots\\\/#breadcrumb\",\"itemListElement\":[{\"@type\":\"ListItem\",\"position\":1,\"name\":\"Home\",\"item\":\"https:\\\/\\\/equidash.eu\\\/\"},{\"@type\":\"ListItem\",\"position\":2,\"name\":\"Shop\",\"item\":\"https:\\\/\\\/equidash.eu\\\/shop\\\/\"},{\"@type\":\"ListItem\",\"position\":3,\"name\":\"Tredstep\u2122 Medici II Field Boots\"}]},{\"@type\":\"WebSite\",\"@id\":\"https:\\\/\\\/equidash.eu\\\/#website\",\"url\":\"https:\\\/\\\/equidash.eu\\\/\",\"name\":\"EquiDash\",\"description\":\"Horse Riding Equipment and Accessories\",\"publisher\":{\"@id\":\"https:\\\/\\\/equidash.eu\\\/#organization\"},\"alternateName\":\"EquiDash\",\"potentialAction\":[{\"@type\":\"SearchAction\",\"target\":{\"@type\":\"EntryPoint\",\"urlTemplate\":\"https:\\\/\\\/equidash.eu\\\/?s={search_term_string}\"},\"query-input\":{\"@type\":\"PropertyValueSpecification\",\"valueRequired\":true,\"valueName\":\"search_term_string\"}}],\"inLanguage\":\"es\"},{\"@type\":\"Organization\",\"@id\":\"https:\\\/\\\/equidash.eu\\\/#organization\",\"name\":\"EquiDash\",\"alternateName\":\"EquiDash\",\"url\":\"https:\\\/\\\/equidash.eu\\\/\",\"logo\":{\"@type\":\"ImageObject\",\"inLanguage\":\"es\",\"@id\":\"https:\\\/\\\/equidash.eu\\\/#\\\/schema\\\/logo\\\/image\\\/\",\"url\":\"https:\\\/\\\/equidash.eu\\\/wp-content\\\/uploads\\\/2024\\\/09\\\/EQUIDASH_Logo_Raud-1.png\",\"contentUrl\":\"https:\\\/\\\/equidash.eu\\\/wp-content\\\/uploads\\\/2024\\\/09\\\/EQUIDASH_Logo_Raud-1.png\",\"width\":393,\"height\":422,\"caption\":\"EquiDash\"},\"image\":{\"@id\":\"https:\\\/\\\/equidash.eu\\\/#\\\/schema\\\/logo\\\/image\\\/\"},\"sameAs\":[\"https:\\\/\\\/www.facebook.com\\\/people\\\/EquiDash\\\/61560864479586\\\/\",\"https:\\\/\\\/www.instagram.com\\\/equidash.eshop\\\/\"],\"email\":\"info@equidash.eu\",\"telephone\":\"+372 59007334\",\"legalName\":\"Takian Corporation O\u00dc\",\"foundingDate\":\"2020-10-21\",\"vatID\":\"EE102301283\",\"numberOfEmployees\":{\"@type\":\"QuantitativeValue\",\"minValue\":\"1\",\"maxValue\":\"10\"},\"hasMerchantReturnPolicy\":{\"@type\":\"MerchantReturnPolicy\",\"merchantReturnLink\":\"https:\\\/\\\/equidash.eu\\\/es\\\/return-privacy\\\/\"}}]}<\/script>\n<meta property=\"product:brand\" content=\"Tredstep\u2122\" \/>\n<meta property=\"og:availability\" content=\"instock\" \/>\n<meta property=\"product:availability\" content=\"instock\" \/>\n<meta property=\"product:condition\" content=\"new\" \/>\n<!-- \/ Yoast SEO Premium plugin. -->","yoast_head_json":{"title":"Tredstep\u2122 Medici II Field Boots | Parima hinnaga ratsavarustuse e-pood","description":"Botas de mujer Tredstep Medici II","robots":{"index":"index","follow":"follow","max-snippet":"max-snippet:-1","max-image-preview":"max-image-preview:large","max-video-preview":"max-video-preview:-1"},"canonical":"https:\/\/equidash.eu\/es\/shop\/jinete\/tredstep-medici-ii-field-boots\/","og_locale":"es_ES","og_type":"article","og_title":"Tredstep\u2122 Medici II Field Boots","og_description":"Tredstep\u2122 Medici II Field Boots","og_url":"https:\/\/equidash.eu\/es\/shop\/jinete\/tredstep-medici-ii-field-boots\/","og_site_name":"Parima hinnaga ratsavarustuse e-pood","article_publisher":"https:\/\/www.facebook.com\/people\/EquiDash\/61560864479586\/","article_modified_time":"2025-09-26T16:41:11+00:00","og_image":[{"width":1080,"height":1080,"url":"https:\/\/equidash.eu\/wp-content\/uploads\/2025\/02\/Tredstep_Medici2_Field-Boot_Black.png","type":"image\/png"}],"twitter_card":"summary_large_image","twitter_misc":{"Disponibilidad":"Disponible"},"schema":{"@context":"https:\/\/schema.org","@graph":[{"@type":"WebPage","@id":"https:\/\/equidash.eu\/shop\/rider\/tredstep-medici-ii-field-boots\/","url":"https:\/\/equidash.eu\/shop\/rider\/tredstep-medici-ii-field-boots\/","name":"Tredstep\u2122 Medici II Field Boots | Parima hinnaga ratsavarustuse e-pood","isPartOf":{"@id":"https:\/\/equidash.eu\/#website"},"primaryImageOfPage":{"@id":"https:\/\/equidash.eu\/shop\/rider\/tredstep-medici-ii-field-boots\/#primaryimage"},"image":{"@id":"https:\/\/equidash.eu\/shop\/rider\/tredstep-medici-ii-field-boots\/#primaryimage"},"thumbnailUrl":"https:\/\/equidash.eu\/wp-content\/uploads\/2025\/02\/Tredstep_Medici2_Field-Boot_Black.png","datePublished":"2025-02-16T12:43:29+00:00","dateModified":"2025-09-26T16:41:11+00:00","description":"Botas de mujer Tredstep Medici II","breadcrumb":{"@id":"https:\/\/equidash.eu\/shop\/rider\/tredstep-medici-ii-field-boots\/#breadcrumb"},"inLanguage":"es","potentialAction":[{"@type":"ReadAction","target":["https:\/\/equidash.eu\/shop\/rider\/tredstep-medici-ii-field-boots\/"]}]},{"@type":"ImageObject","inLanguage":"es","@id":"https:\/\/equidash.eu\/shop\/rider\/tredstep-medici-ii-field-boots\/#primaryimage","url":"https:\/\/equidash.eu\/wp-content\/uploads\/2025\/02\/Tredstep_Medici2_Field-Boot_Black.png","contentUrl":"https:\/\/equidash.eu\/wp-content\/uploads\/2025\/02\/Tredstep_Medici2_Field-Boot_Black.png","width":1080,"height":1080,"caption":"Tredstep\u2122 Medici II ratsasaapad \u2013 kaunilt vormitud disain, suurep\u00e4rane sobivus ja mugavus, elastsusega venituspaneel, pehmendatud kummist v\u00e4listald ja geelist kannapadjad."},{"@type":"BreadcrumbList","@id":"https:\/\/equidash.eu\/shop\/rider\/tredstep-medici-ii-field-boots\/#breadcrumb","itemListElement":[{"@type":"ListItem","position":1,"name":"Home","item":"https:\/\/equidash.eu\/"},{"@type":"ListItem","position":2,"name":"Shop","item":"https:\/\/equidash.eu\/shop\/"},{"@type":"ListItem","position":3,"name":"Tredstep\u2122 Medici II Field Boots"}]},{"@type":"WebSite","@id":"https:\/\/equidash.eu\/#website","url":"https:\/\/equidash.eu\/","name":"EquiDash","description":"Horse Riding Equipment and Accessories","publisher":{"@id":"https:\/\/equidash.eu\/#organization"},"alternateName":"EquiDash","potentialAction":[{"@type":"SearchAction","target":{"@type":"EntryPoint","urlTemplate":"https:\/\/equidash.eu\/?s={search_term_string}"},"query-input":{"@type":"PropertyValueSpecification","valueRequired":true,"valueName":"search_term_string"}}],"inLanguage":"es"},{"@type":"Organization","@id":"https:\/\/equidash.eu\/#organization","name":"EquiDash","alternateName":"EquiDash","url":"https:\/\/equidash.eu\/","logo":{"@type":"ImageObject","inLanguage":"es","@id":"https:\/\/equidash.eu\/#\/schema\/logo\/image\/","url":"https:\/\/equidash.eu\/wp-content\/uploads\/2024\/09\/EQUIDASH_Logo_Raud-1.png","contentUrl":"https:\/\/equidash.eu\/wp-content\/uploads\/2024\/09\/EQUIDASH_Logo_Raud-1.png","width":393,"height":422,"caption":"EquiDash"},"image":{"@id":"https:\/\/equidash.eu\/#\/schema\/logo\/image\/"},"sameAs":["https:\/\/www.facebook.com\/people\/EquiDash\/61560864479586\/","https:\/\/www.instagram.com\/equidash.eshop\/"],"email":"info@equidash.eu","telephone":"+372 59007334","legalName":"Takian Corporation O\u00dc","foundingDate":"2020-10-21","vatID":"EE102301283","numberOfEmployees":{"@type":"QuantitativeValue","minValue":"1","maxValue":"10"},"hasMerchantReturnPolicy":{"@type":"MerchantReturnPolicy","merchantReturnLink":"https:\/\/equidash.eu\/es\/return-privacy\/"}}]},"product_brand":"Tredstep\u2122","og_availability":"instock","product_availability":"instock","product_condition":"new"},"_links":{"self":[{"href":"https:\/\/equidash.eu\/es\/wp-json\/wp\/v2\/product\/3294","targetHints":{"allow":["GET"]}}],"collection":[{"href":"https:\/\/equidash.eu\/es\/wp-json\/wp\/v2\/product"}],"about":[{"href":"https:\/\/equidash.eu\/es\/wp-json\/wp\/v2\/types\/product"}],"wp:featuredmedia":[{"embeddable":true,"href":"https:\/\/equidash.eu\/es\/wp-json\/wp\/v2\/media\/3243"}],"wp:attachment":[{"href":"https:\/\/equidash.eu\/es\/wp-json\/wp\/v2\/media?parent=3294"}],"wp:term":[{"taxonomy":"product_brand","embeddable":true,"href":"https:\/\/equidash.eu\/es\/wp-json\/wp\/v2\/product_brand?post=3294"},{"taxonomy":"product_cat","embeddable":true,"href":"https:\/\/equidash.eu\/es\/wp-json\/wp\/v2\/product_cat?post=3294"},{"taxonomy":"product_tag","embeddable":true,"href":"https:\/\/equidash.eu\/es\/wp-json\/wp\/v2\/product_tag?post=3294"}],"curies":[{"name":"wp","href":"https:\/\/api.w.org\/{rel}","templated":true}]}}