{"id":3586,"date":"2025-02-19T14:05:30","date_gmt":"2025-02-19T12:05:30","guid":{"rendered":"https:\/\/equidash.eu\/?post_type=product&#038;p=3586"},"modified":"2025-02-19T14:05:31","modified_gmt":"2025-02-19T12:05:31","slug":"tredstep-dressage-pro-glove","status":"publish","type":"product","link":"https:\/\/equidash.eu\/es\/shop\/rider\/tredstep-dressage-pro-glove\/","title":{"rendered":"Guantes Tredstep\u2122 Dressage Pro"},"content":{"rendered":"<p>Los guantes de montar Tredstep\u2122 Dressage Pro ofrecen una excelente resistencia al deslizamiento gracias a su palma de cuero sint\u00e9tico Flexi Grip. La parte superior de los guantes est\u00e1 hecha de piel de oveja. Se agrega resistencia adicional a las \u00e1reas de mayor desgaste.<\/p>\n<ul>\n<li>Parte de palma antideslizante<\/li>\n<li>Cuero sint\u00e9tico t\u00e9cnicamente avanzado True Touch<\/li>\n<li>Reforzado para el uso de bridas dobles<\/li>\n<li>Parte superior de piel de oveja<\/li>\n<li>Pu\u00f1o anat\u00f3mico<\/li>\n<\/ul>","protected":false},"excerpt":{"rendered":"<p><a href=\"https:\/\/equidash.eu\/es\/etiqueta-producto\/tredstep\/\"><img decoding=\"async\" style=\"height: 120px; margin-top: 20px;\" src=\"https:\/\/equidash.eu\/wp-content\/uploads\/2025\/02\/Tredstep-logo.jpg\" alt=\"\" \/><\/a><\/p>","protected":false},"featured_media":3605,"template":"","meta":{"_acf_changed":false,"_joinchat":[]},"product_brand":[554],"product_cat":[22,200,493],"product_tag":[102,38,556],"class_list":{"0":"post-3586","1":"product","2":"type-product","3":"status-publish","4":"has-post-thumbnail","6":"product_brand-tredstep","7":"product_cat-rider","8":"product_cat-riding-gloves-rider","9":"product_cat-riding-summer-gloves","10":"product_tag-competition","11":"product_tag-dressage","12":"product_tag-tredstep","13":"pa_colors-black","14":"pa_colors-white","15":"pa_size-145","16":"pa_size-171","17":"pa_size-6-5","18":"pa_size-173","19":"pa_size-7-5","20":"pa_size-175","21":"pa_size-8-5","22":"pa_size-177","23":"pa_size-9-5","25":"first","26":"onbackorder","27":"taxable","28":"shipping-taxable","29":"purchasable","30":"product-type-variable"},"acf":[],"yoast_head":"<!-- This site is optimized with the Yoast SEO Premium plugin v26.2 (Yoast SEO v27.3) - https:\/\/yoast.com\/product\/yoast-seo-premium-wordpress\/ -->\n<title>Tredstep\u2122 Dressage Pro Glove | Parima hinnaga ratsavarustuse e-pood<\/title>\n<meta name=\"description\" content=\"Tredstep\u2122 Dressage Pro Glove\" \/>\n<meta name=\"robots\" content=\"index, follow, max-snippet:-1, max-image-preview:large, max-video-preview:-1\" \/>\n<link rel=\"canonical\" href=\"https:\/\/equidash.eu\/es\/shop\/jinete\/tredstep-dressage-pro-glove\/\" \/>\n<meta property=\"og:locale\" content=\"es_ES\" \/>\n<meta property=\"og:type\" content=\"article\" \/>\n<meta property=\"og:title\" content=\"Tredstep\u2122 Dressage Pro Glove\" \/>\n<meta property=\"og:description\" content=\"Tredstep\u2122 Dressage Pro Glove\" \/>\n<meta property=\"og:url\" content=\"https:\/\/equidash.eu\/es\/shop\/jinete\/tredstep-dressage-pro-glove\/\" \/>\n<meta property=\"og:site_name\" content=\"Parima hinnaga ratsavarustuse e-pood\" \/>\n<meta property=\"article:publisher\" content=\"https:\/\/www.facebook.com\/people\/EquiDash\/61560864479586\/\" \/>\n<meta property=\"article:modified_time\" content=\"2025-02-19T12:05:31+00:00\" \/>\n<meta property=\"og:image\" content=\"https:\/\/equidash.eu\/wp-content\/uploads\/2025\/02\/Tredstep_Dressage-Pro_Glove_Black.png\" \/>\n\t<meta property=\"og:image:width\" content=\"1080\" \/>\n\t<meta property=\"og:image:height\" content=\"1080\" \/>\n\t<meta property=\"og:image:type\" content=\"image\/png\" \/>\n<meta name=\"twitter:card\" content=\"summary_large_image\" \/>\n<meta name=\"twitter:label1\" content=\"Disponibilidad\" \/>\n\t<meta name=\"twitter:data1\" content=\"Disponible para reservar\" \/>\n<script type=\"application\/ld+json\" class=\"yoast-schema-graph\">{\"@context\":\"https:\\\/\\\/schema.org\",\"@graph\":[{\"@type\":\"WebPage\",\"@id\":\"https:\\\/\\\/equidash.eu\\\/shop\\\/rider\\\/tredstep-dressage-pro-glove\\\/\",\"url\":\"https:\\\/\\\/equidash.eu\\\/shop\\\/rider\\\/tredstep-dressage-pro-glove\\\/\",\"name\":\"Tredstep\u2122 Dressage Pro Glove | Parima hinnaga ratsavarustuse e-pood\",\"isPartOf\":{\"@id\":\"https:\\\/\\\/equidash.eu\\\/#website\"},\"primaryImageOfPage\":{\"@id\":\"https:\\\/\\\/equidash.eu\\\/shop\\\/rider\\\/tredstep-dressage-pro-glove\\\/#primaryimage\"},\"image\":{\"@id\":\"https:\\\/\\\/equidash.eu\\\/shop\\\/rider\\\/tredstep-dressage-pro-glove\\\/#primaryimage\"},\"thumbnailUrl\":\"https:\\\/\\\/equidash.eu\\\/wp-content\\\/uploads\\\/2025\\\/02\\\/Tredstep_Dressage-Pro_Glove_Black.png\",\"datePublished\":\"2025-02-19T12:05:30+00:00\",\"dateModified\":\"2025-02-19T12:05:31+00:00\",\"description\":\"Tredstep\u2122 Dressage Pro Glove\",\"breadcrumb\":{\"@id\":\"https:\\\/\\\/equidash.eu\\\/shop\\\/rider\\\/tredstep-dressage-pro-glove\\\/#breadcrumb\"},\"inLanguage\":\"es\",\"potentialAction\":[{\"@type\":\"ReadAction\",\"target\":[\"https:\\\/\\\/equidash.eu\\\/shop\\\/rider\\\/tredstep-dressage-pro-glove\\\/\"]}]},{\"@type\":\"ImageObject\",\"inLanguage\":\"es\",\"@id\":\"https:\\\/\\\/equidash.eu\\\/shop\\\/rider\\\/tredstep-dressage-pro-glove\\\/#primaryimage\",\"url\":\"https:\\\/\\\/equidash.eu\\\/wp-content\\\/uploads\\\/2025\\\/02\\\/Tredstep_Dressage-Pro_Glove_Black.png\",\"contentUrl\":\"https:\\\/\\\/equidash.eu\\\/wp-content\\\/uploads\\\/2025\\\/02\\\/Tredstep_Dressage-Pro_Glove_Black.png\",\"width\":1080,\"height\":1080,\"caption\":\"Tredstep\u2122 Dressage Pro ratsakindad \u2013 paindlik FlexiGrip disain ja lambanahast pealmine osa tagavad mugavuse ja vastupidavuse. V\u00e4rvus mustad\"},{\"@type\":\"BreadcrumbList\",\"@id\":\"https:\\\/\\\/equidash.eu\\\/shop\\\/rider\\\/tredstep-dressage-pro-glove\\\/#breadcrumb\",\"itemListElement\":[{\"@type\":\"ListItem\",\"position\":1,\"name\":\"Home\",\"item\":\"https:\\\/\\\/equidash.eu\\\/\"},{\"@type\":\"ListItem\",\"position\":2,\"name\":\"Shop\",\"item\":\"https:\\\/\\\/equidash.eu\\\/shop\\\/\"},{\"@type\":\"ListItem\",\"position\":3,\"name\":\"Tredstep\u2122 Dressage Pro Glove\"}]},{\"@type\":\"WebSite\",\"@id\":\"https:\\\/\\\/equidash.eu\\\/#website\",\"url\":\"https:\\\/\\\/equidash.eu\\\/\",\"name\":\"EquiDash\",\"description\":\"Horse Riding Equipment and Accessories\",\"publisher\":{\"@id\":\"https:\\\/\\\/equidash.eu\\\/#organization\"},\"alternateName\":\"EquiDash\",\"potentialAction\":[{\"@type\":\"SearchAction\",\"target\":{\"@type\":\"EntryPoint\",\"urlTemplate\":\"https:\\\/\\\/equidash.eu\\\/?s={search_term_string}\"},\"query-input\":{\"@type\":\"PropertyValueSpecification\",\"valueRequired\":true,\"valueName\":\"search_term_string\"}}],\"inLanguage\":\"es\"},{\"@type\":\"Organization\",\"@id\":\"https:\\\/\\\/equidash.eu\\\/#organization\",\"name\":\"EquiDash\",\"alternateName\":\"EquiDash\",\"url\":\"https:\\\/\\\/equidash.eu\\\/\",\"logo\":{\"@type\":\"ImageObject\",\"inLanguage\":\"es\",\"@id\":\"https:\\\/\\\/equidash.eu\\\/#\\\/schema\\\/logo\\\/image\\\/\",\"url\":\"https:\\\/\\\/equidash.eu\\\/wp-content\\\/uploads\\\/2024\\\/09\\\/EQUIDASH_Logo_Raud-1.png\",\"contentUrl\":\"https:\\\/\\\/equidash.eu\\\/wp-content\\\/uploads\\\/2024\\\/09\\\/EQUIDASH_Logo_Raud-1.png\",\"width\":393,\"height\":422,\"caption\":\"EquiDash\"},\"image\":{\"@id\":\"https:\\\/\\\/equidash.eu\\\/#\\\/schema\\\/logo\\\/image\\\/\"},\"sameAs\":[\"https:\\\/\\\/www.facebook.com\\\/people\\\/EquiDash\\\/61560864479586\\\/\",\"https:\\\/\\\/www.instagram.com\\\/equidash.eshop\\\/\"],\"email\":\"info@equidash.eu\",\"telephone\":\"+372 59007334\",\"legalName\":\"Takian Corporation O\u00dc\",\"foundingDate\":\"2020-10-21\",\"vatID\":\"EE102301283\",\"numberOfEmployees\":{\"@type\":\"QuantitativeValue\",\"minValue\":\"1\",\"maxValue\":\"10\"},\"hasMerchantReturnPolicy\":{\"@type\":\"MerchantReturnPolicy\",\"merchantReturnLink\":\"https:\\\/\\\/equidash.eu\\\/es\\\/return-privacy\\\/\"}}]}<\/script>\n<meta property=\"product:brand\" content=\"Tredstep\u2122\" \/>\n<meta property=\"og:availability\" content=\"backorder\" \/>\n<meta property=\"product:availability\" content=\"available for order\" \/>\n<meta property=\"product:condition\" content=\"new\" \/>\n<!-- \/ Yoast SEO Premium plugin. -->","yoast_head_json":{"title":"Tredstep\u2122 Dressage Pro Glove | Parima hinnaga ratsavarustuse e-pood","description":"Guantes Tredstep\u2122 Dressage Pro","robots":{"index":"index","follow":"follow","max-snippet":"max-snippet:-1","max-image-preview":"max-image-preview:large","max-video-preview":"max-video-preview:-1"},"canonical":"https:\/\/equidash.eu\/es\/shop\/jinete\/tredstep-dressage-pro-glove\/","og_locale":"es_ES","og_type":"article","og_title":"Tredstep\u2122 Dressage Pro Glove","og_description":"Tredstep\u2122 Dressage Pro Glove","og_url":"https:\/\/equidash.eu\/es\/shop\/jinete\/tredstep-dressage-pro-glove\/","og_site_name":"Parima hinnaga ratsavarustuse e-pood","article_publisher":"https:\/\/www.facebook.com\/people\/EquiDash\/61560864479586\/","article_modified_time":"2025-02-19T12:05:31+00:00","og_image":[{"width":1080,"height":1080,"url":"https:\/\/equidash.eu\/wp-content\/uploads\/2025\/02\/Tredstep_Dressage-Pro_Glove_Black.png","type":"image\/png"}],"twitter_card":"summary_large_image","twitter_misc":{"Disponibilidad":"Disponible para reservar"},"schema":{"@context":"https:\/\/schema.org","@graph":[{"@type":"WebPage","@id":"https:\/\/equidash.eu\/shop\/rider\/tredstep-dressage-pro-glove\/","url":"https:\/\/equidash.eu\/shop\/rider\/tredstep-dressage-pro-glove\/","name":"Tredstep\u2122 Dressage Pro Glove | Parima hinnaga ratsavarustuse e-pood","isPartOf":{"@id":"https:\/\/equidash.eu\/#website"},"primaryImageOfPage":{"@id":"https:\/\/equidash.eu\/shop\/rider\/tredstep-dressage-pro-glove\/#primaryimage"},"image":{"@id":"https:\/\/equidash.eu\/shop\/rider\/tredstep-dressage-pro-glove\/#primaryimage"},"thumbnailUrl":"https:\/\/equidash.eu\/wp-content\/uploads\/2025\/02\/Tredstep_Dressage-Pro_Glove_Black.png","datePublished":"2025-02-19T12:05:30+00:00","dateModified":"2025-02-19T12:05:31+00:00","description":"Guantes Tredstep\u2122 Dressage Pro","breadcrumb":{"@id":"https:\/\/equidash.eu\/shop\/rider\/tredstep-dressage-pro-glove\/#breadcrumb"},"inLanguage":"es","potentialAction":[{"@type":"ReadAction","target":["https:\/\/equidash.eu\/shop\/rider\/tredstep-dressage-pro-glove\/"]}]},{"@type":"ImageObject","inLanguage":"es","@id":"https:\/\/equidash.eu\/shop\/rider\/tredstep-dressage-pro-glove\/#primaryimage","url":"https:\/\/equidash.eu\/wp-content\/uploads\/2025\/02\/Tredstep_Dressage-Pro_Glove_Black.png","contentUrl":"https:\/\/equidash.eu\/wp-content\/uploads\/2025\/02\/Tredstep_Dressage-Pro_Glove_Black.png","width":1080,"height":1080,"caption":"Tredstep\u2122 Dressage Pro ratsakindad \u2013 paindlik FlexiGrip disain ja lambanahast pealmine osa tagavad mugavuse ja vastupidavuse. V\u00e4rvus mustad"},{"@type":"BreadcrumbList","@id":"https:\/\/equidash.eu\/shop\/rider\/tredstep-dressage-pro-glove\/#breadcrumb","itemListElement":[{"@type":"ListItem","position":1,"name":"Home","item":"https:\/\/equidash.eu\/"},{"@type":"ListItem","position":2,"name":"Shop","item":"https:\/\/equidash.eu\/shop\/"},{"@type":"ListItem","position":3,"name":"Tredstep\u2122 Dressage Pro Glove"}]},{"@type":"WebSite","@id":"https:\/\/equidash.eu\/#website","url":"https:\/\/equidash.eu\/","name":"EquiDash","description":"Horse Riding Equipment and Accessories","publisher":{"@id":"https:\/\/equidash.eu\/#organization"},"alternateName":"EquiDash","potentialAction":[{"@type":"SearchAction","target":{"@type":"EntryPoint","urlTemplate":"https:\/\/equidash.eu\/?s={search_term_string}"},"query-input":{"@type":"PropertyValueSpecification","valueRequired":true,"valueName":"search_term_string"}}],"inLanguage":"es"},{"@type":"Organization","@id":"https:\/\/equidash.eu\/#organization","name":"EquiDash","alternateName":"EquiDash","url":"https:\/\/equidash.eu\/","logo":{"@type":"ImageObject","inLanguage":"es","@id":"https:\/\/equidash.eu\/#\/schema\/logo\/image\/","url":"https:\/\/equidash.eu\/wp-content\/uploads\/2024\/09\/EQUIDASH_Logo_Raud-1.png","contentUrl":"https:\/\/equidash.eu\/wp-content\/uploads\/2024\/09\/EQUIDASH_Logo_Raud-1.png","width":393,"height":422,"caption":"EquiDash"},"image":{"@id":"https:\/\/equidash.eu\/#\/schema\/logo\/image\/"},"sameAs":["https:\/\/www.facebook.com\/people\/EquiDash\/61560864479586\/","https:\/\/www.instagram.com\/equidash.eshop\/"],"email":"info@equidash.eu","telephone":"+372 59007334","legalName":"Takian Corporation O\u00dc","foundingDate":"2020-10-21","vatID":"EE102301283","numberOfEmployees":{"@type":"QuantitativeValue","minValue":"1","maxValue":"10"},"hasMerchantReturnPolicy":{"@type":"MerchantReturnPolicy","merchantReturnLink":"https:\/\/equidash.eu\/es\/return-privacy\/"}}]},"product_brand":"Tredstep\u2122","og_availability":"backorder","product_availability":"available for order","product_condition":"new"},"_links":{"self":[{"href":"https:\/\/equidash.eu\/es\/wp-json\/wp\/v2\/product\/3586","targetHints":{"allow":["GET"]}}],"collection":[{"href":"https:\/\/equidash.eu\/es\/wp-json\/wp\/v2\/product"}],"about":[{"href":"https:\/\/equidash.eu\/es\/wp-json\/wp\/v2\/types\/product"}],"wp:featuredmedia":[{"embeddable":true,"href":"https:\/\/equidash.eu\/es\/wp-json\/wp\/v2\/media\/3605"}],"wp:attachment":[{"href":"https:\/\/equidash.eu\/es\/wp-json\/wp\/v2\/media?parent=3586"}],"wp:term":[{"taxonomy":"product_brand","embeddable":true,"href":"https:\/\/equidash.eu\/es\/wp-json\/wp\/v2\/product_brand?post=3586"},{"taxonomy":"product_cat","embeddable":true,"href":"https:\/\/equidash.eu\/es\/wp-json\/wp\/v2\/product_cat?post=3586"},{"taxonomy":"product_tag","embeddable":true,"href":"https:\/\/equidash.eu\/es\/wp-json\/wp\/v2\/product_tag?post=3586"}],"curies":[{"name":"wp","href":"https:\/\/api.w.org\/{rel}","templated":true}]}}