{"id":3640,"date":"2025-02-20T15:24:20","date_gmt":"2025-02-20T13:24:20","guid":{"rendered":"https:\/\/equidash.eu\/?post_type=product&#038;p=3640"},"modified":"2025-02-20T23:21:05","modified_gmt":"2025-02-20T21:21:05","slug":"ps-of-sweden-bridle-king-edward","status":"publish","type":"product","link":"https:\/\/equidash.eu\/es\/shop\/horse\/ps-of-sweden-bridle-king-edward\/","title":{"rendered":"PS of Sweden Cabezada King Edward"},"content":{"rendered":"<p>La cabezada PS of Sweden King Edward ha sido desarrollada en colaboraci\u00f3n con Henrik von Eckermann, campe\u00f3n mundial de salto ecuestre y medallista ol\u00edmpico. Est\u00e1 dise\u00f1ada para todo tipo de caballos, especialmente para los m\u00e1s sensibles que necesitan una cabezada suave y ajustable para rendir al m\u00e1ximo.<\/p>\n<p class=\"css-sfapr9\">Material: Hecho a mano en cuero curtido vegetal.<\/p>\n<p class=\"css-sfapr9\">Cuidado: Aplica aceite o b\u00e1lsamo antes del primer uso. El aceitado repetido es beneficioso. Limpia el cuero con jab\u00f3n para cuero despu\u00e9s de cada uso.<\/p>\n<p>MUSEROLA<br \/>\nPara este cabezada, PS of Sweden desarroll\u00f3 una muserola especialmente dise\u00f1ada para un alivio \u00f3ptimo de la presi\u00f3n. La muserola en forma de U asegura un ajuste \u00f3ptimo con un acolchado suave en todo su contorno. Las hebillas a ambos lados permiten un ajuste preciso para cada caballo. La colocaci\u00f3n de la muserola evita la presi\u00f3n sobre los p\u00f3mulos y las terminaciones nerviosas sensibles como el nervio infraorbitario. Este dise\u00f1o tambi\u00e9n mantiene los dientes libres de presi\u00f3n, lo que lo hace beneficioso para los caballos con problemas dentales. La correa superior evita que la cabezada se mueva hacia adelante hacia los ojos del caballo, evitando irritaciones. La hebilla acolchada del cierre, ajustable en ambos lados, asegura que se mantenga en su lugar sin pellizcar.<\/p>\n<p>CUELLO<br \/>\nLa Cabezada King Edward introdujo una testera revolucionaria. El canal de aire sobre la nuca y la parte m\u00e1s alta del cuello proporciona la m\u00e1xima libertad para las v\u00edas nerviosas sensibles, las inserciones musculares y los ligamentos. El cuero suave cubre el canal de aire para facilitar la limpieza, y dos peque\u00f1as almohadillas en la parte superior aseguran un ajuste \u00f3ptimo. Los bordes acolchados que se extienden desde la base de cuero mantienen la testera en su lugar, evitando la presi\u00f3n y el roce. La espuma flexible en el interior se adapta a la forma del caballo para brindar la m\u00e1xima comodidad. La cabezada est\u00e1 equipada con topes que aseguran que la frontalera se mantenga en su lugar.<\/p>\n<p>CARRILLERAS<br \/>\nEsta cabezada presenta una nueva versi\u00f3n de las carrilleras, tensadas de forma independiente y ajustables con varios agujeros para acomodar diferentes bocados.<\/p>\n<p>FRONTALERA<br \/>\nLa frontalera est\u00e1 suavemente acolchada por dentro para mayor comodidad y para evitar el roce, y el dise\u00f1o en forma de U evita la presi\u00f3n sobre la frente y la cuenca ocular del caballo. El caucho en el interior asegura que se mantenga en su lugar incluso en condiciones dif\u00edciles. Nota: Esta frontalera no cuenta con el dise\u00f1o Click-It\u2122.<\/p>\n<p>RUBBER-COVERED KEEPERS<br \/>\nTodos los pasadores tienen goma en el interior, lo que asegura que se mantengan firmemente en su lugar incluso durante los desaf\u00edos m\u00e1s dif\u00edciles.<\/p>\n<p>COMPETENCIA<br \/>\nAprobado para la competencia en todas las disciplinas y dentro de la FEI. Recuerda comprar una gamarra y sujetarla a tu frontalera durante las competiciones de doma.<\/p>\n<p><strong>Tenga en cuenta:<\/strong><\/p>\n<ul>\n<li>El pestillo de gamarra no est\u00e1 incluido con la brida.<\/li>\n<li>Reins are not included with the bridle and needs to be purchased separately.<\/li>\n<\/ul>","protected":false},"excerpt":{"rendered":"<p><a href=\"https:\/\/equidash.eu\/es\/etiqueta-producto\/ps-of-sweden\/\"><img decoding=\"async\" style=\"height: 60px; margin-top: 20px;\" src=\"https:\/\/equidash.eu\/wp-content\/uploads\/2024\/10\/PS_vaike-1.png\" alt=\"\" \/><\/a><\/p>","protected":false},"featured_media":3677,"template":"","meta":{"_acf_changed":false,"_joinchat":[]},"product_brand":[558],"product_cat":[198,197,196,27],"product_tag":[560,561,559,562],"class_list":{"0":"post-3640","1":"product","2":"type-product","3":"status-publish","4":"has-post-thumbnail","6":"product_brand-ps-of-sweden","7":"product_cat-anatomical-bridles-bridles-bridles-bits-horse","8":"product_cat-bridles-bridles-bits-horse","9":"product_cat-bridles-bits-horse","10":"product_cat-horse","11":"product_tag-bridle-king-edward","12":"product_tag-henrik-von-eckermann","13":"product_tag-ps-of-sweden","14":"product_tag-sensitive-horse","15":"pa_colors-black","16":"pa_colors-brown","17":"pa_size-cob","18":"pa_size-full","19":"pa_size-xfull","21":"first","22":"onbackorder","23":"taxable","24":"shipping-taxable","25":"purchasable","26":"product-type-variable"},"acf":[],"yoast_head":"<!-- This site is optimized with the Yoast SEO Premium plugin v26.2 (Yoast SEO v27.2) - https:\/\/yoast.com\/product\/yoast-seo-premium-wordpress\/ -->\n<title>PS of Sweden Bridle King Edward | Parima hinnaga ratsavarustuse e-pood<\/title>\n<meta name=\"description\" content=\"PS of Sweden Bridle King Edward\" \/>\n<meta name=\"robots\" content=\"index, follow, max-snippet:-1, max-image-preview:large, max-video-preview:-1\" \/>\n<link rel=\"canonical\" href=\"https:\/\/equidash.eu\/es\/shop\/caballo\/ps-of-sweden-bridle-king-edward\/\" \/>\n<meta property=\"og:locale\" content=\"es_ES\" \/>\n<meta property=\"og:type\" content=\"article\" \/>\n<meta property=\"og:title\" content=\"PS of Sweden Bridle King Edward\" \/>\n<meta property=\"og:description\" content=\"PS of Sweden Bridle King Edward\" \/>\n<meta property=\"og:url\" content=\"https:\/\/equidash.eu\/es\/shop\/caballo\/ps-of-sweden-bridle-king-edward\/\" \/>\n<meta property=\"og:site_name\" content=\"Parima hinnaga ratsavarustuse e-pood\" \/>\n<meta property=\"article:publisher\" content=\"https:\/\/www.facebook.com\/people\/EquiDash\/61560864479586\/\" \/>\n<meta property=\"article:modified_time\" content=\"2025-02-20T21:21:05+00:00\" \/>\n<meta property=\"og:image\" content=\"https:\/\/equidash.eu\/wp-content\/uploads\/2025\/02\/PSofSweden_Bridle-King-Edward_Brown_0.png\" \/>\n\t<meta property=\"og:image:width\" content=\"1080\" \/>\n\t<meta property=\"og:image:height\" content=\"1080\" \/>\n\t<meta property=\"og:image:type\" content=\"image\/png\" \/>\n<meta name=\"twitter:card\" content=\"summary_large_image\" \/>\n<meta name=\"twitter:label1\" content=\"Disponibilidad\" \/>\n\t<meta name=\"twitter:data1\" content=\"Disponible para reservar\" \/>\n<script type=\"application\/ld+json\" class=\"yoast-schema-graph\">{\"@context\":\"https:\/\/schema.org\",\"@graph\":[{\"@type\":\"WebPage\",\"@id\":\"https:\/\/equidash.eu\/shop\/horse\/ps-of-sweden-bridle-king-edward\/\",\"url\":\"https:\/\/equidash.eu\/shop\/horse\/ps-of-sweden-bridle-king-edward\/\",\"name\":\"PS of Sweden Bridle King Edward | Parima hinnaga ratsavarustuse e-pood\",\"isPartOf\":{\"@id\":\"https:\/\/equidash.eu\/#website\"},\"primaryImageOfPage\":{\"@id\":\"https:\/\/equidash.eu\/shop\/horse\/ps-of-sweden-bridle-king-edward\/#primaryimage\"},\"image\":{\"@id\":\"https:\/\/equidash.eu\/shop\/horse\/ps-of-sweden-bridle-king-edward\/#primaryimage\"},\"thumbnailUrl\":\"https:\/\/equidash.eu\/wp-content\/uploads\/2025\/02\/PSofSweden_Bridle-King-Edward_Brown_0.png\",\"datePublished\":\"2025-02-20T13:24:20+00:00\",\"dateModified\":\"2025-02-20T21:21:05+00:00\",\"description\":\"PS of Sweden Bridle King Edward\",\"breadcrumb\":{\"@id\":\"https:\/\/equidash.eu\/shop\/horse\/ps-of-sweden-bridle-king-edward\/#breadcrumb\"},\"inLanguage\":\"es\",\"potentialAction\":[{\"@type\":\"ReadAction\",\"target\":[\"https:\/\/equidash.eu\/shop\/horse\/ps-of-sweden-bridle-king-edward\/\"]}]},{\"@type\":\"ImageObject\",\"inLanguage\":\"es\",\"@id\":\"https:\/\/equidash.eu\/shop\/horse\/ps-of-sweden-bridle-king-edward\/#primaryimage\",\"url\":\"https:\/\/equidash.eu\/wp-content\/uploads\/2025\/02\/PSofSweden_Bridle-King-Edward_Brown_0.png\",\"contentUrl\":\"https:\/\/equidash.eu\/wp-content\/uploads\/2025\/02\/PSofSweden_Bridle-King-Edward_Brown_0.png\",\"width\":1080,\"height\":1080,\"caption\":\"PS of Sweden King Edward valjad \u2013 ideaalne valik tundlikele hobustele, kus iga detail on hoolikalt l\u00e4bi m\u00f5eldud.\"},{\"@type\":\"BreadcrumbList\",\"@id\":\"https:\/\/equidash.eu\/shop\/horse\/ps-of-sweden-bridle-king-edward\/#breadcrumb\",\"itemListElement\":[{\"@type\":\"ListItem\",\"position\":1,\"name\":\"Home\",\"item\":\"https:\/\/equidash.eu\/\"},{\"@type\":\"ListItem\",\"position\":2,\"name\":\"Shop\",\"item\":\"https:\/\/equidash.eu\/shop\/\"},{\"@type\":\"ListItem\",\"position\":3,\"name\":\"PS of Sweden Bridle King Edward\"}]},{\"@type\":\"WebSite\",\"@id\":\"https:\/\/equidash.eu\/#website\",\"url\":\"https:\/\/equidash.eu\/\",\"name\":\"EquiDash\",\"description\":\"Horse Riding Equipment and Accessories\",\"publisher\":{\"@id\":\"https:\/\/equidash.eu\/#organization\"},\"alternateName\":\"EquiDash\",\"potentialAction\":[{\"@type\":\"SearchAction\",\"target\":{\"@type\":\"EntryPoint\",\"urlTemplate\":\"https:\/\/equidash.eu\/?s={search_term_string}\"},\"query-input\":{\"@type\":\"PropertyValueSpecification\",\"valueRequired\":true,\"valueName\":\"search_term_string\"}}],\"inLanguage\":\"es\"},{\"@type\":\"Organization\",\"@id\":\"https:\/\/equidash.eu\/#organization\",\"name\":\"EquiDash\",\"alternateName\":\"EquiDash\",\"url\":\"https:\/\/equidash.eu\/\",\"logo\":{\"@type\":\"ImageObject\",\"inLanguage\":\"es\",\"@id\":\"https:\/\/equidash.eu\/#\/schema\/logo\/image\/\",\"url\":\"https:\/\/equidash.eu\/wp-content\/uploads\/2024\/09\/EQUIDASH_Logo_Raud-1.png\",\"contentUrl\":\"https:\/\/equidash.eu\/wp-content\/uploads\/2024\/09\/EQUIDASH_Logo_Raud-1.png\",\"width\":393,\"height\":422,\"caption\":\"EquiDash\"},\"image\":{\"@id\":\"https:\/\/equidash.eu\/#\/schema\/logo\/image\/\"},\"sameAs\":[\"https:\/\/www.facebook.com\/people\/EquiDash\/61560864479586\/\",\"https:\/\/www.instagram.com\/equidash.eshop\/\"],\"email\":\"info@equidash.eu\",\"telephone\":\"+372 59007334\",\"legalName\":\"Takian Corporation O\u00dc\",\"foundingDate\":\"2020-10-21\",\"vatID\":\"EE102301283\",\"numberOfEmployees\":{\"@type\":\"QuantitativeValue\",\"minValue\":\"1\",\"maxValue\":\"10\"},\"hasMerchantReturnPolicy\":{\"@type\":\"MerchantReturnPolicy\",\"merchantReturnLink\":\"https:\/\/equidash.eu\/es\/return-privacy\/\"}}]}<\/script>\n<meta property=\"product:brand\" content=\"PS of Sweden\" \/>\n<meta property=\"og:availability\" content=\"backorder\" \/>\n<meta property=\"product:availability\" content=\"available for order\" \/>\n<meta property=\"product:condition\" content=\"new\" \/>\n<!-- \/ Yoast SEO Premium plugin. -->","yoast_head_json":{"title":"PS of Sweden Bridle King Edward | Parima hinnaga ratsavarustuse e-pood","description":"PS of Sweden Cabezada King Edward","robots":{"index":"index","follow":"follow","max-snippet":"max-snippet:-1","max-image-preview":"max-image-preview:large","max-video-preview":"max-video-preview:-1"},"canonical":"https:\/\/equidash.eu\/es\/shop\/caballo\/ps-of-sweden-bridle-king-edward\/","og_locale":"es_ES","og_type":"article","og_title":"PS of Sweden Bridle King Edward","og_description":"PS of Sweden Bridle King Edward","og_url":"https:\/\/equidash.eu\/es\/shop\/caballo\/ps-of-sweden-bridle-king-edward\/","og_site_name":"Parima hinnaga ratsavarustuse e-pood","article_publisher":"https:\/\/www.facebook.com\/people\/EquiDash\/61560864479586\/","article_modified_time":"2025-02-20T21:21:05+00:00","og_image":[{"width":1080,"height":1080,"url":"https:\/\/equidash.eu\/wp-content\/uploads\/2025\/02\/PSofSweden_Bridle-King-Edward_Brown_0.png","type":"image\/png"}],"twitter_card":"summary_large_image","twitter_misc":{"Disponibilidad":"Disponible para reservar"},"schema":{"@context":"https:\/\/schema.org","@graph":[{"@type":"WebPage","@id":"https:\/\/equidash.eu\/shop\/horse\/ps-of-sweden-bridle-king-edward\/","url":"https:\/\/equidash.eu\/shop\/horse\/ps-of-sweden-bridle-king-edward\/","name":"PS of Sweden Bridle King Edward | Parima hinnaga ratsavarustuse e-pood","isPartOf":{"@id":"https:\/\/equidash.eu\/#website"},"primaryImageOfPage":{"@id":"https:\/\/equidash.eu\/shop\/horse\/ps-of-sweden-bridle-king-edward\/#primaryimage"},"image":{"@id":"https:\/\/equidash.eu\/shop\/horse\/ps-of-sweden-bridle-king-edward\/#primaryimage"},"thumbnailUrl":"https:\/\/equidash.eu\/wp-content\/uploads\/2025\/02\/PSofSweden_Bridle-King-Edward_Brown_0.png","datePublished":"2025-02-20T13:24:20+00:00","dateModified":"2025-02-20T21:21:05+00:00","description":"PS of Sweden Cabezada King Edward","breadcrumb":{"@id":"https:\/\/equidash.eu\/shop\/horse\/ps-of-sweden-bridle-king-edward\/#breadcrumb"},"inLanguage":"es","potentialAction":[{"@type":"ReadAction","target":["https:\/\/equidash.eu\/shop\/horse\/ps-of-sweden-bridle-king-edward\/"]}]},{"@type":"ImageObject","inLanguage":"es","@id":"https:\/\/equidash.eu\/shop\/horse\/ps-of-sweden-bridle-king-edward\/#primaryimage","url":"https:\/\/equidash.eu\/wp-content\/uploads\/2025\/02\/PSofSweden_Bridle-King-Edward_Brown_0.png","contentUrl":"https:\/\/equidash.eu\/wp-content\/uploads\/2025\/02\/PSofSweden_Bridle-King-Edward_Brown_0.png","width":1080,"height":1080,"caption":"PS of Sweden King Edward valjad \u2013 ideaalne valik tundlikele hobustele, kus iga detail on hoolikalt l\u00e4bi m\u00f5eldud."},{"@type":"BreadcrumbList","@id":"https:\/\/equidash.eu\/shop\/horse\/ps-of-sweden-bridle-king-edward\/#breadcrumb","itemListElement":[{"@type":"ListItem","position":1,"name":"Home","item":"https:\/\/equidash.eu\/"},{"@type":"ListItem","position":2,"name":"Shop","item":"https:\/\/equidash.eu\/shop\/"},{"@type":"ListItem","position":3,"name":"PS of Sweden Bridle King Edward"}]},{"@type":"WebSite","@id":"https:\/\/equidash.eu\/#website","url":"https:\/\/equidash.eu\/","name":"EquiDash","description":"Horse Riding Equipment and Accessories","publisher":{"@id":"https:\/\/equidash.eu\/#organization"},"alternateName":"EquiDash","potentialAction":[{"@type":"SearchAction","target":{"@type":"EntryPoint","urlTemplate":"https:\/\/equidash.eu\/?s={search_term_string}"},"query-input":{"@type":"PropertyValueSpecification","valueRequired":true,"valueName":"search_term_string"}}],"inLanguage":"es"},{"@type":"Organization","@id":"https:\/\/equidash.eu\/#organization","name":"EquiDash","alternateName":"EquiDash","url":"https:\/\/equidash.eu\/","logo":{"@type":"ImageObject","inLanguage":"es","@id":"https:\/\/equidash.eu\/#\/schema\/logo\/image\/","url":"https:\/\/equidash.eu\/wp-content\/uploads\/2024\/09\/EQUIDASH_Logo_Raud-1.png","contentUrl":"https:\/\/equidash.eu\/wp-content\/uploads\/2024\/09\/EQUIDASH_Logo_Raud-1.png","width":393,"height":422,"caption":"EquiDash"},"image":{"@id":"https:\/\/equidash.eu\/#\/schema\/logo\/image\/"},"sameAs":["https:\/\/www.facebook.com\/people\/EquiDash\/61560864479586\/","https:\/\/www.instagram.com\/equidash.eshop\/"],"email":"info@equidash.eu","telephone":"+372 59007334","legalName":"Takian Corporation O\u00dc","foundingDate":"2020-10-21","vatID":"EE102301283","numberOfEmployees":{"@type":"QuantitativeValue","minValue":"1","maxValue":"10"},"hasMerchantReturnPolicy":{"@type":"MerchantReturnPolicy","merchantReturnLink":"https:\/\/equidash.eu\/es\/return-privacy\/"}}]},"product_brand":"PS of Sweden","og_availability":"backorder","product_availability":"available for order","product_condition":"new"},"_links":{"self":[{"href":"https:\/\/equidash.eu\/es\/wp-json\/wp\/v2\/product\/3640","targetHints":{"allow":["GET"]}}],"collection":[{"href":"https:\/\/equidash.eu\/es\/wp-json\/wp\/v2\/product"}],"about":[{"href":"https:\/\/equidash.eu\/es\/wp-json\/wp\/v2\/types\/product"}],"wp:featuredmedia":[{"embeddable":true,"href":"https:\/\/equidash.eu\/es\/wp-json\/wp\/v2\/media\/3677"}],"wp:attachment":[{"href":"https:\/\/equidash.eu\/es\/wp-json\/wp\/v2\/media?parent=3640"}],"wp:term":[{"taxonomy":"product_brand","embeddable":true,"href":"https:\/\/equidash.eu\/es\/wp-json\/wp\/v2\/product_brand?post=3640"},{"taxonomy":"product_cat","embeddable":true,"href":"https:\/\/equidash.eu\/es\/wp-json\/wp\/v2\/product_cat?post=3640"},{"taxonomy":"product_tag","embeddable":true,"href":"https:\/\/equidash.eu\/es\/wp-json\/wp\/v2\/product_tag?post=3640"}],"curies":[{"name":"wp","href":"https:\/\/api.w.org\/{rel}","templated":true}]}}