{"id":3729,"date":"2025-02-21T21:02:11","date_gmt":"2025-02-21T19:02:11","guid":{"rendered":"https:\/\/equidash.eu\/?post_type=product&#038;p=3729"},"modified":"2025-03-02T17:36:39","modified_gmt":"2025-03-02T15:36:39","slug":"ps-of-sweden-jumping-saddle-pad-vintage-monogram","status":"publish","type":"product","link":"https:\/\/equidash.eu\/es\/shop\/horse\/ps-of-sweden-jumping-saddle-pad-vintage-monogram\/","title":{"rendered":"Mantilla de salto PS of Sweden Vintage Monogram"},"content":{"rendered":"<p>Mantilla de salto PS of Sweden Vintage Monogram es una mantilla dise\u00f1ada anat\u00f3micamente creada para garantizar el bienestar del caballo. Fabricado en sat\u00e9n suave, con ribete de terciopelo para evitar rozaduras. El forro est\u00e1 hecho de material de secado r\u00e1pido.<\/p>\n<p>Mantilla con forma anat\u00f3mica y la cita ic\u00f3nica PS a lo largo del dorso. Nuestras mantillas tienen espacio adicional en la cruz, y las almohadillas stop \u00fanicas que mantienen la mantilla en posici\u00f3n debajo de la montura. La parte inferior es de material Quick-Dry de secado r\u00e1pido que transporta humedad y es anti-bacteriana, y la superficie es repelente a suciedad. Cita: Haz que cada d\u00eda sea tu obra maestra.<\/p>\n<ul>\n<li>Tejido exterior: Sat\u00e9n<\/li>\n<li>Espacio adicional en la cruz<\/li>\n<li>Forro: Secado s\u00faper r\u00e1pido.<\/li>\n<li>Almohadillas stop que evitan que la mantila se deslice<\/li>\n<li>Interior de secado r\u00e1pido, absorbente de humedad<\/li>\n<li>Logotipo de PS en metal<\/li>\n<\/ul>\n<p>Instrucciones de lavado: Lavar por separado a 40\u00b0C. No usar suavizante. No planchar los detalles. No secar en secadora. Estirar cuando est\u00e9 mojado antes de colgar para secar.<\/p>","protected":false},"excerpt":{"rendered":"<p><a href=\"https:\/\/equidash.eu\/es\/etiqueta-producto\/ps-of-sweden\/\"><img decoding=\"async\" style=\"height: 60px; margin-top: 20px;\" src=\"https:\/\/equidash.eu\/wp-content\/uploads\/2024\/10\/PS_vaike-1.png\" alt=\"\" \/><\/a><\/p>","protected":false},"featured_media":3734,"template":"","meta":{"_acf_changed":false,"_joinchat":[]},"product_brand":[558],"product_cat":[27,187,186],"product_tag":[30,559,566,594],"class_list":{"0":"post-3729","1":"product","2":"type-product","3":"status-publish","4":"has-post-thumbnail","6":"product_brand-ps-of-sweden","7":"product_cat-horse","8":"product_cat-jumping-saddle-pads-horse","9":"product_cat-saddle-pads-horse","10":"product_tag-jumping","11":"product_tag-ps-of-sweden","12":"product_tag-spring-2025","13":"product_tag-vintage-monogram-collection","14":"pa_colors-midnight-fuchia","15":"pa_colors-navy","16":"pa_colors-pink","17":"pa_size-cob","18":"pa_size-full","20":"first","21":"onbackorder","22":"taxable","23":"shipping-taxable","24":"purchasable","25":"product-type-variable"},"acf":[],"yoast_head":"<!-- This site is optimized with the Yoast SEO Premium plugin v26.2 (Yoast SEO v27.2) - https:\/\/yoast.com\/product\/yoast-seo-premium-wordpress\/ -->\n<title>PS of Sweden Jumping Saddle Pad Vintage Monogram | Parima hinnaga ratsavarustuse e-pood<\/title>\n<meta name=\"description\" content=\"PS of Sweden Jumping Saddle Pad Vintage Monogram\" \/>\n<meta name=\"robots\" content=\"index, follow, max-snippet:-1, max-image-preview:large, max-video-preview:-1\" \/>\n<link rel=\"canonical\" href=\"https:\/\/equidash.eu\/es\/shop\/caballo\/ps-of-sweden-jumping-saddle-pad-vintage-monogram\/\" \/>\n<meta property=\"og:locale\" content=\"es_ES\" \/>\n<meta property=\"og:type\" content=\"article\" \/>\n<meta property=\"og:title\" content=\"PS of Sweden Jumping Saddle Pad Vintage Monogram\" \/>\n<meta property=\"og:description\" content=\"PS of Sweden Jumping Saddle Pad Vintage Monogram\" \/>\n<meta property=\"og:url\" content=\"https:\/\/equidash.eu\/es\/shop\/caballo\/ps-of-sweden-jumping-saddle-pad-vintage-monogram\/\" \/>\n<meta property=\"og:site_name\" content=\"Parima hinnaga ratsavarustuse e-pood\" \/>\n<meta property=\"article:publisher\" content=\"https:\/\/www.facebook.com\/people\/EquiDash\/61560864479586\/\" \/>\n<meta property=\"article:modified_time\" content=\"2025-03-02T15:36:39+00:00\" \/>\n<meta property=\"og:image\" content=\"https:\/\/equidash.eu\/wp-content\/uploads\/2025\/02\/PSofSweden_Saddle-pad_Jump_Vintage-Monogram_Fuchsia_1.png\" \/>\n\t<meta property=\"og:image:width\" content=\"1080\" \/>\n\t<meta property=\"og:image:height\" content=\"1080\" \/>\n\t<meta property=\"og:image:type\" content=\"image\/png\" \/>\n<meta name=\"twitter:card\" content=\"summary_large_image\" \/>\n<meta name=\"twitter:label1\" content=\"Disponibilidad\" \/>\n\t<meta name=\"twitter:data1\" content=\"Disponible para reservar\" \/>\n<script type=\"application\/ld+json\" class=\"yoast-schema-graph\">{\"@context\":\"https:\/\/schema.org\",\"@graph\":[{\"@type\":\"WebPage\",\"@id\":\"https:\/\/equidash.eu\/shop\/horse\/ps-of-sweden-jumping-saddle-pad-vintage-monogram\/\",\"url\":\"https:\/\/equidash.eu\/shop\/horse\/ps-of-sweden-jumping-saddle-pad-vintage-monogram\/\",\"name\":\"PS of Sweden Jumping Saddle Pad Vintage Monogram | Parima hinnaga ratsavarustuse e-pood\",\"isPartOf\":{\"@id\":\"https:\/\/equidash.eu\/#website\"},\"primaryImageOfPage\":{\"@id\":\"https:\/\/equidash.eu\/shop\/horse\/ps-of-sweden-jumping-saddle-pad-vintage-monogram\/#primaryimage\"},\"image\":{\"@id\":\"https:\/\/equidash.eu\/shop\/horse\/ps-of-sweden-jumping-saddle-pad-vintage-monogram\/#primaryimage\"},\"thumbnailUrl\":\"https:\/\/equidash.eu\/wp-content\/uploads\/2025\/02\/PSofSweden_Saddle-pad_Jump_Vintage-Monogram_Fuchsia_1.png\",\"datePublished\":\"2025-02-21T19:02:11+00:00\",\"dateModified\":\"2025-03-02T15:36:39+00:00\",\"description\":\"PS of Sweden Jumping Saddle Pad Vintage Monogram\",\"breadcrumb\":{\"@id\":\"https:\/\/equidash.eu\/shop\/horse\/ps-of-sweden-jumping-saddle-pad-vintage-monogram\/#breadcrumb\"},\"inLanguage\":\"es\",\"potentialAction\":[{\"@type\":\"ReadAction\",\"target\":[\"https:\/\/equidash.eu\/shop\/horse\/ps-of-sweden-jumping-saddle-pad-vintage-monogram\/\"]}]},{\"@type\":\"ImageObject\",\"inLanguage\":\"es\",\"@id\":\"https:\/\/equidash.eu\/shop\/horse\/ps-of-sweden-jumping-saddle-pad-vintage-monogram\/#primaryimage\",\"url\":\"https:\/\/equidash.eu\/wp-content\/uploads\/2025\/02\/PSofSweden_Saddle-pad_Jump_Vintage-Monogram_Fuchsia_1.png\",\"contentUrl\":\"https:\/\/equidash.eu\/wp-content\/uploads\/2025\/02\/PSofSweden_Saddle-pad_Jump_Vintage-Monogram_Fuchsia_1.png\",\"width\":1080,\"height\":1080,\"caption\":\"PS of Sweden h\u00fcppevaltrap Vintage Monogram \u2013 anatoomiline ja hobuse liikumisvabadust toetav. Toon - Fuchsia\"},{\"@type\":\"BreadcrumbList\",\"@id\":\"https:\/\/equidash.eu\/shop\/horse\/ps-of-sweden-jumping-saddle-pad-vintage-monogram\/#breadcrumb\",\"itemListElement\":[{\"@type\":\"ListItem\",\"position\":1,\"name\":\"Home\",\"item\":\"https:\/\/equidash.eu\/\"},{\"@type\":\"ListItem\",\"position\":2,\"name\":\"Shop\",\"item\":\"https:\/\/equidash.eu\/shop\/\"},{\"@type\":\"ListItem\",\"position\":3,\"name\":\"PS of Sweden Jumping Saddle Pad Vintage Monogram\"}]},{\"@type\":\"WebSite\",\"@id\":\"https:\/\/equidash.eu\/#website\",\"url\":\"https:\/\/equidash.eu\/\",\"name\":\"EquiDash\",\"description\":\"Horse Riding Equipment and Accessories\",\"publisher\":{\"@id\":\"https:\/\/equidash.eu\/#organization\"},\"alternateName\":\"EquiDash\",\"potentialAction\":[{\"@type\":\"SearchAction\",\"target\":{\"@type\":\"EntryPoint\",\"urlTemplate\":\"https:\/\/equidash.eu\/?s={search_term_string}\"},\"query-input\":{\"@type\":\"PropertyValueSpecification\",\"valueRequired\":true,\"valueName\":\"search_term_string\"}}],\"inLanguage\":\"es\"},{\"@type\":\"Organization\",\"@id\":\"https:\/\/equidash.eu\/#organization\",\"name\":\"EquiDash\",\"alternateName\":\"EquiDash\",\"url\":\"https:\/\/equidash.eu\/\",\"logo\":{\"@type\":\"ImageObject\",\"inLanguage\":\"es\",\"@id\":\"https:\/\/equidash.eu\/#\/schema\/logo\/image\/\",\"url\":\"https:\/\/equidash.eu\/wp-content\/uploads\/2024\/09\/EQUIDASH_Logo_Raud-1.png\",\"contentUrl\":\"https:\/\/equidash.eu\/wp-content\/uploads\/2024\/09\/EQUIDASH_Logo_Raud-1.png\",\"width\":393,\"height\":422,\"caption\":\"EquiDash\"},\"image\":{\"@id\":\"https:\/\/equidash.eu\/#\/schema\/logo\/image\/\"},\"sameAs\":[\"https:\/\/www.facebook.com\/people\/EquiDash\/61560864479586\/\",\"https:\/\/www.instagram.com\/equidash.eshop\/\"],\"email\":\"info@equidash.eu\",\"telephone\":\"+372 59007334\",\"legalName\":\"Takian Corporation O\u00dc\",\"foundingDate\":\"2020-10-21\",\"vatID\":\"EE102301283\",\"numberOfEmployees\":{\"@type\":\"QuantitativeValue\",\"minValue\":\"1\",\"maxValue\":\"10\"},\"hasMerchantReturnPolicy\":{\"@type\":\"MerchantReturnPolicy\",\"merchantReturnLink\":\"https:\/\/equidash.eu\/es\/return-privacy\/\"}}]}<\/script>\n<meta property=\"product:brand\" content=\"PS of Sweden\" \/>\n<meta property=\"og:availability\" content=\"backorder\" \/>\n<meta property=\"product:availability\" content=\"available for order\" \/>\n<meta property=\"product:condition\" content=\"new\" \/>\n<!-- \/ Yoast SEO Premium plugin. -->","yoast_head_json":{"title":"PS of Sweden Jumping Saddle Pad Vintage Monogram | Parima hinnaga ratsavarustuse e-pood","description":"Mantilla de salto PS of Sweden Vintage Monogram","robots":{"index":"index","follow":"follow","max-snippet":"max-snippet:-1","max-image-preview":"max-image-preview:large","max-video-preview":"max-video-preview:-1"},"canonical":"https:\/\/equidash.eu\/es\/shop\/caballo\/ps-of-sweden-jumping-saddle-pad-vintage-monogram\/","og_locale":"es_ES","og_type":"article","og_title":"PS of Sweden Jumping Saddle Pad Vintage Monogram","og_description":"PS of Sweden Jumping Saddle Pad Vintage Monogram","og_url":"https:\/\/equidash.eu\/es\/shop\/caballo\/ps-of-sweden-jumping-saddle-pad-vintage-monogram\/","og_site_name":"Parima hinnaga ratsavarustuse e-pood","article_publisher":"https:\/\/www.facebook.com\/people\/EquiDash\/61560864479586\/","article_modified_time":"2025-03-02T15:36:39+00:00","og_image":[{"width":1080,"height":1080,"url":"https:\/\/equidash.eu\/wp-content\/uploads\/2025\/02\/PSofSweden_Saddle-pad_Jump_Vintage-Monogram_Fuchsia_1.png","type":"image\/png"}],"twitter_card":"summary_large_image","twitter_misc":{"Disponibilidad":"Disponible para reservar"},"schema":{"@context":"https:\/\/schema.org","@graph":[{"@type":"WebPage","@id":"https:\/\/equidash.eu\/shop\/horse\/ps-of-sweden-jumping-saddle-pad-vintage-monogram\/","url":"https:\/\/equidash.eu\/shop\/horse\/ps-of-sweden-jumping-saddle-pad-vintage-monogram\/","name":"PS of Sweden Jumping Saddle Pad Vintage Monogram | Parima hinnaga ratsavarustuse e-pood","isPartOf":{"@id":"https:\/\/equidash.eu\/#website"},"primaryImageOfPage":{"@id":"https:\/\/equidash.eu\/shop\/horse\/ps-of-sweden-jumping-saddle-pad-vintage-monogram\/#primaryimage"},"image":{"@id":"https:\/\/equidash.eu\/shop\/horse\/ps-of-sweden-jumping-saddle-pad-vintage-monogram\/#primaryimage"},"thumbnailUrl":"https:\/\/equidash.eu\/wp-content\/uploads\/2025\/02\/PSofSweden_Saddle-pad_Jump_Vintage-Monogram_Fuchsia_1.png","datePublished":"2025-02-21T19:02:11+00:00","dateModified":"2025-03-02T15:36:39+00:00","description":"Mantilla de salto PS of Sweden Vintage Monogram","breadcrumb":{"@id":"https:\/\/equidash.eu\/shop\/horse\/ps-of-sweden-jumping-saddle-pad-vintage-monogram\/#breadcrumb"},"inLanguage":"es","potentialAction":[{"@type":"ReadAction","target":["https:\/\/equidash.eu\/shop\/horse\/ps-of-sweden-jumping-saddle-pad-vintage-monogram\/"]}]},{"@type":"ImageObject","inLanguage":"es","@id":"https:\/\/equidash.eu\/shop\/horse\/ps-of-sweden-jumping-saddle-pad-vintage-monogram\/#primaryimage","url":"https:\/\/equidash.eu\/wp-content\/uploads\/2025\/02\/PSofSweden_Saddle-pad_Jump_Vintage-Monogram_Fuchsia_1.png","contentUrl":"https:\/\/equidash.eu\/wp-content\/uploads\/2025\/02\/PSofSweden_Saddle-pad_Jump_Vintage-Monogram_Fuchsia_1.png","width":1080,"height":1080,"caption":"PS of Sweden h\u00fcppevaltrap Vintage Monogram \u2013 anatoomiline ja hobuse liikumisvabadust toetav. Toon - Fuchsia"},{"@type":"BreadcrumbList","@id":"https:\/\/equidash.eu\/shop\/horse\/ps-of-sweden-jumping-saddle-pad-vintage-monogram\/#breadcrumb","itemListElement":[{"@type":"ListItem","position":1,"name":"Home","item":"https:\/\/equidash.eu\/"},{"@type":"ListItem","position":2,"name":"Shop","item":"https:\/\/equidash.eu\/shop\/"},{"@type":"ListItem","position":3,"name":"PS of Sweden Jumping Saddle Pad Vintage Monogram"}]},{"@type":"WebSite","@id":"https:\/\/equidash.eu\/#website","url":"https:\/\/equidash.eu\/","name":"EquiDash","description":"Horse Riding Equipment and Accessories","publisher":{"@id":"https:\/\/equidash.eu\/#organization"},"alternateName":"EquiDash","potentialAction":[{"@type":"SearchAction","target":{"@type":"EntryPoint","urlTemplate":"https:\/\/equidash.eu\/?s={search_term_string}"},"query-input":{"@type":"PropertyValueSpecification","valueRequired":true,"valueName":"search_term_string"}}],"inLanguage":"es"},{"@type":"Organization","@id":"https:\/\/equidash.eu\/#organization","name":"EquiDash","alternateName":"EquiDash","url":"https:\/\/equidash.eu\/","logo":{"@type":"ImageObject","inLanguage":"es","@id":"https:\/\/equidash.eu\/#\/schema\/logo\/image\/","url":"https:\/\/equidash.eu\/wp-content\/uploads\/2024\/09\/EQUIDASH_Logo_Raud-1.png","contentUrl":"https:\/\/equidash.eu\/wp-content\/uploads\/2024\/09\/EQUIDASH_Logo_Raud-1.png","width":393,"height":422,"caption":"EquiDash"},"image":{"@id":"https:\/\/equidash.eu\/#\/schema\/logo\/image\/"},"sameAs":["https:\/\/www.facebook.com\/people\/EquiDash\/61560864479586\/","https:\/\/www.instagram.com\/equidash.eshop\/"],"email":"info@equidash.eu","telephone":"+372 59007334","legalName":"Takian Corporation O\u00dc","foundingDate":"2020-10-21","vatID":"EE102301283","numberOfEmployees":{"@type":"QuantitativeValue","minValue":"1","maxValue":"10"},"hasMerchantReturnPolicy":{"@type":"MerchantReturnPolicy","merchantReturnLink":"https:\/\/equidash.eu\/es\/return-privacy\/"}}]},"product_brand":"PS of Sweden","og_availability":"backorder","product_availability":"available for order","product_condition":"new"},"_links":{"self":[{"href":"https:\/\/equidash.eu\/es\/wp-json\/wp\/v2\/product\/3729","targetHints":{"allow":["GET"]}}],"collection":[{"href":"https:\/\/equidash.eu\/es\/wp-json\/wp\/v2\/product"}],"about":[{"href":"https:\/\/equidash.eu\/es\/wp-json\/wp\/v2\/types\/product"}],"wp:featuredmedia":[{"embeddable":true,"href":"https:\/\/equidash.eu\/es\/wp-json\/wp\/v2\/media\/3734"}],"wp:attachment":[{"href":"https:\/\/equidash.eu\/es\/wp-json\/wp\/v2\/media?parent=3729"}],"wp:term":[{"taxonomy":"product_brand","embeddable":true,"href":"https:\/\/equidash.eu\/es\/wp-json\/wp\/v2\/product_brand?post=3729"},{"taxonomy":"product_cat","embeddable":true,"href":"https:\/\/equidash.eu\/es\/wp-json\/wp\/v2\/product_cat?post=3729"},{"taxonomy":"product_tag","embeddable":true,"href":"https:\/\/equidash.eu\/es\/wp-json\/wp\/v2\/product_tag?post=3729"}],"curies":[{"name":"wp","href":"https:\/\/api.w.org\/{rel}","templated":true}]}}