{"id":3902,"date":"2025-02-28T14:04:00","date_gmt":"2025-02-28T12:04:00","guid":{"rendered":"https:\/\/equidash.eu\/?post_type=product&#038;p=3902"},"modified":"2025-02-28T14:04:05","modified_gmt":"2025-02-28T12:04:05","slug":"ps-of-sweden-bridle-gp-lacquered","status":"publish","type":"product","link":"https:\/\/equidash.eu\/es\/shop\/horse\/ps-of-sweden-bridle-gp-lacquered\/","title":{"rendered":"Cabezada GP Lacquered PS of Sweden"},"content":{"rendered":"<p>PS of Sweden Cabezada GP Lacquered es una de las incorporaciones m\u00e1s recientes a la familia de doma cl\u00e1sica de PSOS. Es una cabezada cl\u00e1sica de doma dise\u00f1ada espec\u00edficamente para caballos sensibles. El cuero y el acolchado de la muserola tienen forma de gota y se ensanchan en la parte central del puente nasal, lo que ayuda a distribuir la presi\u00f3n.<\/p>\n<p><strong>MUSEROLA<\/strong><\/p>\n<p>La muserola y su cierre est\u00e1n cubiertos con un acolchado suave. El dise\u00f1o de la muserola tiene una forma de gota, donde la parte m\u00e1s ancha mide 5,5 cm en talla Full. Gracias a este dise\u00f1o, los p\u00f3mulos quedan libres de presi\u00f3n y rozaduras, y la presi\u00f3n en la zona nasal se distribuye de manera m\u00e1s uniforme debido a su forma m\u00e1s ancha.<\/p>\n<p><strong>CUELLO<\/strong><\/p>\n<p>La zona del cuello del caballo detr\u00e1s de las orejas es una \u00e1rea muy sensible con muchas terminaciones nerviosas y ligamentos. Para reducir la presi\u00f3n de la cabezada, hemos dise\u00f1ado una testera extra ancha. Adem\u00e1s, la testera tiene un corte especial para dejar m\u00e1s espacio para las orejas del caballo, garantizando el m\u00e1ximo confort. Su dise\u00f1o m\u00e1s ancho en la parte superior distribuye la presi\u00f3n de manera uniforme y evita que se concentre en un solo punto.<\/p>\n<p><strong>MONTANTE<\/strong><\/p>\n<p>Nuestros montantes est\u00e1n dise\u00f1ados especialmente para reducir la presi\u00f3n en el cuello mediante nuestros el\u00e1sticos Cradles\u2122. Un \"Cradles\" es una banda el\u00e1stica adicional sobre la que deben apoyarse los bocados. Esta banda el\u00e1stica se encuentra en los montantes a la altura del bocado, pero tambi\u00e9n en nuestras riendas. La idea es que act\u00faen de manera el\u00e1stica y brinden un mayor nivel de comodidad al caballo, permitiendo que el bocado tenga cierto \"rebote\". Esto ayuda a aliviar la presi\u00f3n est\u00e1tica sobre los dientes y la mand\u00edbula. Muchos creen que los caballos prefieren este tipo de cabezada, ya que puede ser m\u00e1s suave y amigable para ellos en comparaci\u00f3n con las cabezadas y riendas tradicionales.<\/p>\n<p><strong>FRONTALERA<\/strong><\/p>\n<p>La frontalera est\u00e1 cosida de manera redonda y es completamente flexible. Cuando llegue la frontalera, estar\u00e1 recta para que puedas doblarla t\u00fa mismo y cambiar su forma para un ajuste \u00f3ptimo. Hoy en d\u00eda, todas nuestras frontalera est\u00e1n equipadas con un interior de goma, llamado \"antideslizante\", que est\u00e1 dise\u00f1ado para mantener la frontalera en su lugar y evitar que se deslice hacia abajo. Como si esto no fuera suficiente, tambi\u00e9n tenemos nuestra querida funci\u00f3n Click-It\u2122, que facilita quitar y reemplazar la frontalera seg\u00fan sea necesario, incluso cuando el caballo ya lleva la brida puesta.<\/p>\n<p><strong>COMPETENCIA<\/strong><\/p>\n<p>Aprobado para la competencia en todas las disciplinas y dentro de la FEI. Recuerda comprar una gamarra y sujetarla a tu frontalera durante las competiciones de doma.<\/p>\n<p><strong>Recomendado para caballos que:<\/strong><\/p>\n<ul>\n<li>Se trabajan tanto en cabezada de montar como en cabezadas de doble rienda<\/li>\n<li>Son sensibles en la zona de la mand\u00edbula<\/li>\n<li>Prefieren el noseband ingl\u00e9s cl\u00e1sico, que aqu\u00ed est\u00e1 extra acolchado<\/li>\n<\/ul>\n<p>Tenga en cuenta:<\/p>\n<ul>\n<li>El pestillo de gamarra no est\u00e1 incluido con la brida.<\/li>\n<li>Viene con bolsa para brida PS<\/li>\n<li>Las riendas no est\u00e1n incluidas con la cabezada y deben comprarse por separado.<\/li>\n<\/ul>\n<p class=\"css-ino2ay\">Material: Hecho a mano en cuero curtido vegetal.<\/p>\n<p class=\"css-ino2ay\">Cuidado: Aplica aceite o b\u00e1lsamo antes del primer uso. El aceitado repetido es beneficioso. Limpia el cuero con jab\u00f3n para cuero despu\u00e9s de cada uso.<\/p>\n<p><em>Para un ajuste adecuado, por favor eche un vistazo a las im\u00e1genes del producto o p\u00f3ngase en contacto con nuestro equipo de atenci\u00f3n al cliente y le ayudaremos con el ajuste.<\/em><\/p>","protected":false},"excerpt":{"rendered":"<p><a href=\"https:\/\/equidash.eu\/es\/etiqueta-producto\/ps-of-sweden\/\"><img decoding=\"async\" style=\"height: 60px; margin-top: 20px;\" src=\"https:\/\/equidash.eu\/wp-content\/uploads\/2024\/10\/PS_vaike-1.png\" alt=\"\" \/><\/a><\/p>","protected":false},"featured_media":3908,"template":"","meta":{"_acf_changed":false,"_joinchat":[]},"product_brand":[558],"product_cat":[198,197,196,27,199],"product_tag":[102,38,585,559],"class_list":{"0":"post-3902","1":"product","2":"type-product","3":"status-publish","4":"has-post-thumbnail","6":"product_brand-ps-of-sweden","7":"product_cat-anatomical-bridles-bridles-bridles-bits-horse","8":"product_cat-bridles-bridles-bits-horse","9":"product_cat-bridles-bits-horse","10":"product_cat-horse","11":"product_cat-snaffle-bridles-bridles-bridles-bits-horse","12":"product_tag-competition","13":"product_tag-dressage","14":"product_tag-leather","15":"product_tag-ps-of-sweden","16":"pa_colors-black","17":"pa_size-cob","18":"pa_size-full","19":"pa_size-xfull","21":"first","22":"onbackorder","23":"taxable","24":"shipping-taxable","25":"purchasable","26":"product-type-variable"},"acf":[],"yoast_head":"<!-- This site is optimized with the Yoast SEO Premium plugin v26.2 (Yoast SEO v27.2) - https:\/\/yoast.com\/product\/yoast-seo-premium-wordpress\/ -->\n<title>PS of Sweden Bridle GP Lacquered | Parima hinnaga ratsavarustuse e-pood<\/title>\n<meta name=\"description\" content=\"PS of Sweden Bridle GP Lacquered\" \/>\n<meta name=\"robots\" content=\"index, follow, max-snippet:-1, max-image-preview:large, max-video-preview:-1\" \/>\n<link rel=\"canonical\" href=\"https:\/\/equidash.eu\/es\/shop\/caballo\/ps-of-sweden-bridle-gp-lacquered\/\" \/>\n<meta property=\"og:locale\" content=\"es_ES\" \/>\n<meta property=\"og:type\" content=\"article\" \/>\n<meta property=\"og:title\" content=\"PS of Sweden Bridle GP Lacquered\" \/>\n<meta property=\"og:description\" content=\"PS of Sweden Bridle GP Lacquered\" \/>\n<meta property=\"og:url\" content=\"https:\/\/equidash.eu\/es\/shop\/caballo\/ps-of-sweden-bridle-gp-lacquered\/\" \/>\n<meta property=\"og:site_name\" content=\"Parima hinnaga ratsavarustuse e-pood\" \/>\n<meta property=\"article:publisher\" content=\"https:\/\/www.facebook.com\/people\/EquiDash\/61560864479586\/\" \/>\n<meta property=\"article:modified_time\" content=\"2025-02-28T12:04:05+00:00\" \/>\n<meta property=\"og:image\" content=\"https:\/\/equidash.eu\/wp-content\/uploads\/2025\/02\/PSofSweden_Dressage-Bridel_GP-Lacquered_Black_0.png\" \/>\n\t<meta property=\"og:image:width\" content=\"1080\" \/>\n\t<meta property=\"og:image:height\" content=\"1080\" \/>\n\t<meta property=\"og:image:type\" content=\"image\/png\" \/>\n<meta name=\"twitter:card\" content=\"summary_large_image\" \/>\n<meta name=\"twitter:label1\" content=\"Disponibilidad\" \/>\n\t<meta name=\"twitter:data1\" content=\"Disponible para reservar\" \/>\n<script type=\"application\/ld+json\" class=\"yoast-schema-graph\">{\"@context\":\"https:\/\/schema.org\",\"@graph\":[{\"@type\":\"WebPage\",\"@id\":\"https:\/\/equidash.eu\/shop\/horse\/ps-of-sweden-bridle-gp-lacquered\/\",\"url\":\"https:\/\/equidash.eu\/shop\/horse\/ps-of-sweden-bridle-gp-lacquered\/\",\"name\":\"PS of Sweden Bridle GP Lacquered | Parima hinnaga ratsavarustuse e-pood\",\"isPartOf\":{\"@id\":\"https:\/\/equidash.eu\/#website\"},\"primaryImageOfPage\":{\"@id\":\"https:\/\/equidash.eu\/shop\/horse\/ps-of-sweden-bridle-gp-lacquered\/#primaryimage\"},\"image\":{\"@id\":\"https:\/\/equidash.eu\/shop\/horse\/ps-of-sweden-bridle-gp-lacquered\/#primaryimage\"},\"thumbnailUrl\":\"https:\/\/equidash.eu\/wp-content\/uploads\/2025\/02\/PSofSweden_Dressage-Bridel_GP-Lacquered_Black_0.png\",\"datePublished\":\"2025-02-28T12:04:00+00:00\",\"dateModified\":\"2025-02-28T12:04:05+00:00\",\"description\":\"PS of Sweden Bridle GP Lacquered\",\"breadcrumb\":{\"@id\":\"https:\/\/equidash.eu\/shop\/horse\/ps-of-sweden-bridle-gp-lacquered\/#breadcrumb\"},\"inLanguage\":\"es\",\"potentialAction\":[{\"@type\":\"ReadAction\",\"target\":[\"https:\/\/equidash.eu\/shop\/horse\/ps-of-sweden-bridle-gp-lacquered\/\"]}]},{\"@type\":\"ImageObject\",\"inLanguage\":\"es\",\"@id\":\"https:\/\/equidash.eu\/shop\/horse\/ps-of-sweden-bridle-gp-lacquered\/#primaryimage\",\"url\":\"https:\/\/equidash.eu\/wp-content\/uploads\/2025\/02\/PSofSweden_Dressage-Bridel_GP-Lacquered_Black_0.png\",\"contentUrl\":\"https:\/\/equidash.eu\/wp-content\/uploads\/2025\/02\/PSofSweden_Dressage-Bridel_GP-Lacquered_Black_0.png\",\"width\":1080,\"height\":1080,\"caption\":\"PS of Sweden GP Lacquered valjad - spetsiaalselt tundlikele hobustele, tipptasemel mugavus ja disain.\"},{\"@type\":\"BreadcrumbList\",\"@id\":\"https:\/\/equidash.eu\/shop\/horse\/ps-of-sweden-bridle-gp-lacquered\/#breadcrumb\",\"itemListElement\":[{\"@type\":\"ListItem\",\"position\":1,\"name\":\"Home\",\"item\":\"https:\/\/equidash.eu\/\"},{\"@type\":\"ListItem\",\"position\":2,\"name\":\"Shop\",\"item\":\"https:\/\/equidash.eu\/shop\/\"},{\"@type\":\"ListItem\",\"position\":3,\"name\":\"PS of Sweden Bridle GP Lacquered\"}]},{\"@type\":\"WebSite\",\"@id\":\"https:\/\/equidash.eu\/#website\",\"url\":\"https:\/\/equidash.eu\/\",\"name\":\"EquiDash\",\"description\":\"Horse Riding Equipment and Accessories\",\"publisher\":{\"@id\":\"https:\/\/equidash.eu\/#organization\"},\"alternateName\":\"EquiDash\",\"potentialAction\":[{\"@type\":\"SearchAction\",\"target\":{\"@type\":\"EntryPoint\",\"urlTemplate\":\"https:\/\/equidash.eu\/?s={search_term_string}\"},\"query-input\":{\"@type\":\"PropertyValueSpecification\",\"valueRequired\":true,\"valueName\":\"search_term_string\"}}],\"inLanguage\":\"es\"},{\"@type\":\"Organization\",\"@id\":\"https:\/\/equidash.eu\/#organization\",\"name\":\"EquiDash\",\"alternateName\":\"EquiDash\",\"url\":\"https:\/\/equidash.eu\/\",\"logo\":{\"@type\":\"ImageObject\",\"inLanguage\":\"es\",\"@id\":\"https:\/\/equidash.eu\/#\/schema\/logo\/image\/\",\"url\":\"https:\/\/equidash.eu\/wp-content\/uploads\/2024\/09\/EQUIDASH_Logo_Raud-1.png\",\"contentUrl\":\"https:\/\/equidash.eu\/wp-content\/uploads\/2024\/09\/EQUIDASH_Logo_Raud-1.png\",\"width\":393,\"height\":422,\"caption\":\"EquiDash\"},\"image\":{\"@id\":\"https:\/\/equidash.eu\/#\/schema\/logo\/image\/\"},\"sameAs\":[\"https:\/\/www.facebook.com\/people\/EquiDash\/61560864479586\/\",\"https:\/\/www.instagram.com\/equidash.eshop\/\"],\"email\":\"info@equidash.eu\",\"telephone\":\"+372 59007334\",\"legalName\":\"Takian Corporation O\u00dc\",\"foundingDate\":\"2020-10-21\",\"vatID\":\"EE102301283\",\"numberOfEmployees\":{\"@type\":\"QuantitativeValue\",\"minValue\":\"1\",\"maxValue\":\"10\"},\"hasMerchantReturnPolicy\":{\"@type\":\"MerchantReturnPolicy\",\"merchantReturnLink\":\"https:\/\/equidash.eu\/es\/return-privacy\/\"}}]}<\/script>\n<meta property=\"product:brand\" content=\"PS of Sweden\" \/>\n<meta property=\"og:availability\" content=\"backorder\" \/>\n<meta property=\"product:availability\" content=\"available for order\" \/>\n<meta property=\"product:retailer_item_id\" content=\"1210-020-996\" \/>\n<meta property=\"product:condition\" content=\"new\" \/>\n<!-- \/ Yoast SEO Premium plugin. -->","yoast_head_json":{"title":"PS of Sweden Bridle GP Lacquered | Parima hinnaga ratsavarustuse e-pood","description":"Cabezada GP Lacquered PS of Sweden","robots":{"index":"index","follow":"follow","max-snippet":"max-snippet:-1","max-image-preview":"max-image-preview:large","max-video-preview":"max-video-preview:-1"},"canonical":"https:\/\/equidash.eu\/es\/shop\/caballo\/ps-of-sweden-bridle-gp-lacquered\/","og_locale":"es_ES","og_type":"article","og_title":"PS of Sweden Bridle GP Lacquered","og_description":"PS of Sweden Bridle GP Lacquered","og_url":"https:\/\/equidash.eu\/es\/shop\/caballo\/ps-of-sweden-bridle-gp-lacquered\/","og_site_name":"Parima hinnaga ratsavarustuse e-pood","article_publisher":"https:\/\/www.facebook.com\/people\/EquiDash\/61560864479586\/","article_modified_time":"2025-02-28T12:04:05+00:00","og_image":[{"width":1080,"height":1080,"url":"https:\/\/equidash.eu\/wp-content\/uploads\/2025\/02\/PSofSweden_Dressage-Bridel_GP-Lacquered_Black_0.png","type":"image\/png"}],"twitter_card":"summary_large_image","twitter_misc":{"Disponibilidad":"Disponible para reservar"},"schema":{"@context":"https:\/\/schema.org","@graph":[{"@type":"WebPage","@id":"https:\/\/equidash.eu\/shop\/horse\/ps-of-sweden-bridle-gp-lacquered\/","url":"https:\/\/equidash.eu\/shop\/horse\/ps-of-sweden-bridle-gp-lacquered\/","name":"PS of Sweden Bridle GP Lacquered | Parima hinnaga ratsavarustuse e-pood","isPartOf":{"@id":"https:\/\/equidash.eu\/#website"},"primaryImageOfPage":{"@id":"https:\/\/equidash.eu\/shop\/horse\/ps-of-sweden-bridle-gp-lacquered\/#primaryimage"},"image":{"@id":"https:\/\/equidash.eu\/shop\/horse\/ps-of-sweden-bridle-gp-lacquered\/#primaryimage"},"thumbnailUrl":"https:\/\/equidash.eu\/wp-content\/uploads\/2025\/02\/PSofSweden_Dressage-Bridel_GP-Lacquered_Black_0.png","datePublished":"2025-02-28T12:04:00+00:00","dateModified":"2025-02-28T12:04:05+00:00","description":"Cabezada GP Lacquered PS of Sweden","breadcrumb":{"@id":"https:\/\/equidash.eu\/shop\/horse\/ps-of-sweden-bridle-gp-lacquered\/#breadcrumb"},"inLanguage":"es","potentialAction":[{"@type":"ReadAction","target":["https:\/\/equidash.eu\/shop\/horse\/ps-of-sweden-bridle-gp-lacquered\/"]}]},{"@type":"ImageObject","inLanguage":"es","@id":"https:\/\/equidash.eu\/shop\/horse\/ps-of-sweden-bridle-gp-lacquered\/#primaryimage","url":"https:\/\/equidash.eu\/wp-content\/uploads\/2025\/02\/PSofSweden_Dressage-Bridel_GP-Lacquered_Black_0.png","contentUrl":"https:\/\/equidash.eu\/wp-content\/uploads\/2025\/02\/PSofSweden_Dressage-Bridel_GP-Lacquered_Black_0.png","width":1080,"height":1080,"caption":"PS of Sweden GP Lacquered valjad - spetsiaalselt tundlikele hobustele, tipptasemel mugavus ja disain."},{"@type":"BreadcrumbList","@id":"https:\/\/equidash.eu\/shop\/horse\/ps-of-sweden-bridle-gp-lacquered\/#breadcrumb","itemListElement":[{"@type":"ListItem","position":1,"name":"Home","item":"https:\/\/equidash.eu\/"},{"@type":"ListItem","position":2,"name":"Shop","item":"https:\/\/equidash.eu\/shop\/"},{"@type":"ListItem","position":3,"name":"PS of Sweden Bridle GP Lacquered"}]},{"@type":"WebSite","@id":"https:\/\/equidash.eu\/#website","url":"https:\/\/equidash.eu\/","name":"EquiDash","description":"Horse Riding Equipment and Accessories","publisher":{"@id":"https:\/\/equidash.eu\/#organization"},"alternateName":"EquiDash","potentialAction":[{"@type":"SearchAction","target":{"@type":"EntryPoint","urlTemplate":"https:\/\/equidash.eu\/?s={search_term_string}"},"query-input":{"@type":"PropertyValueSpecification","valueRequired":true,"valueName":"search_term_string"}}],"inLanguage":"es"},{"@type":"Organization","@id":"https:\/\/equidash.eu\/#organization","name":"EquiDash","alternateName":"EquiDash","url":"https:\/\/equidash.eu\/","logo":{"@type":"ImageObject","inLanguage":"es","@id":"https:\/\/equidash.eu\/#\/schema\/logo\/image\/","url":"https:\/\/equidash.eu\/wp-content\/uploads\/2024\/09\/EQUIDASH_Logo_Raud-1.png","contentUrl":"https:\/\/equidash.eu\/wp-content\/uploads\/2024\/09\/EQUIDASH_Logo_Raud-1.png","width":393,"height":422,"caption":"EquiDash"},"image":{"@id":"https:\/\/equidash.eu\/#\/schema\/logo\/image\/"},"sameAs":["https:\/\/www.facebook.com\/people\/EquiDash\/61560864479586\/","https:\/\/www.instagram.com\/equidash.eshop\/"],"email":"info@equidash.eu","telephone":"+372 59007334","legalName":"Takian Corporation O\u00dc","foundingDate":"2020-10-21","vatID":"EE102301283","numberOfEmployees":{"@type":"QuantitativeValue","minValue":"1","maxValue":"10"},"hasMerchantReturnPolicy":{"@type":"MerchantReturnPolicy","merchantReturnLink":"https:\/\/equidash.eu\/es\/return-privacy\/"}}]},"product_brand":"PS of Sweden","og_availability":"backorder","product_availability":"available for order","product_retailer_item_id":"1210-020-996","product_condition":"new"},"_links":{"self":[{"href":"https:\/\/equidash.eu\/es\/wp-json\/wp\/v2\/product\/3902","targetHints":{"allow":["GET"]}}],"collection":[{"href":"https:\/\/equidash.eu\/es\/wp-json\/wp\/v2\/product"}],"about":[{"href":"https:\/\/equidash.eu\/es\/wp-json\/wp\/v2\/types\/product"}],"wp:featuredmedia":[{"embeddable":true,"href":"https:\/\/equidash.eu\/es\/wp-json\/wp\/v2\/media\/3908"}],"wp:attachment":[{"href":"https:\/\/equidash.eu\/es\/wp-json\/wp\/v2\/media?parent=3902"}],"wp:term":[{"taxonomy":"product_brand","embeddable":true,"href":"https:\/\/equidash.eu\/es\/wp-json\/wp\/v2\/product_brand?post=3902"},{"taxonomy":"product_cat","embeddable":true,"href":"https:\/\/equidash.eu\/es\/wp-json\/wp\/v2\/product_cat?post=3902"},{"taxonomy":"product_tag","embeddable":true,"href":"https:\/\/equidash.eu\/es\/wp-json\/wp\/v2\/product_tag?post=3902"}],"curies":[{"name":"wp","href":"https:\/\/api.w.org\/{rel}","templated":true}]}}