{"id":3944,"date":"2025-03-03T13:04:59","date_gmt":"2025-03-03T11:04:59","guid":{"rendered":"https:\/\/equidash.eu\/?post_type=product&#038;p=3944"},"modified":"2025-03-03T20:20:33","modified_gmt":"2025-03-03T18:20:33","slug":"equestro-jumping-saddle-pad-rhinestone-logo","status":"publish","type":"product","link":"https:\/\/equidash.eu\/es\/shop\/horse\/equestro-jumping-saddle-pad-rhinestone-logo\/","title":{"rendered":"Equestro Mantilla salto Diamond Rhinestone Logo"},"content":{"rendered":"<p>Silla de salto de tejido t\u00e9cnico de alta calidad, que ofrece un rendimiento superior. El tejido utilizado es ligero, transpirable y muy resistente al desgaste, asegurando un m\u00e1ximo confort para el caballo.\nEl acolchado en forma de rombos, confeccionado con cuidado y precisi\u00f3n, no solo a\u00f1ade un toque de elegancia al dise\u00f1o general, sino que tambi\u00e9n ayuda a mejorar la distribuci\u00f3n del peso y la estabilidad de la silla durante la monta.<\/p>\n<p>La forma de la silla ha sido especialmente dise\u00f1ada para adaptarse a la conformaci\u00f3n del caballo. Evita cualquier presi\u00f3n indeseable sobre la cruz, permitiendo que tu caballo se mueva libremente sin incomodidad ni irritaci\u00f3n. En el interior, el tejido est\u00e1 forrado con un algod\u00f3n alveolado ligeramente acolchado, lo que da a la silla varias caracter\u00edsticas \u00fanicas. Esta estructura alveolada garantiza una transpirabilidad extraordinaria, permitiendo que el caballo mantenga una temperatura corporal \u00f3ptima durante la actividad.<\/p>\n<ul>\n<li>El tejido utilizado es ligero, transpirable y muy resistente al desgaste<\/li>\n<li>Secado r\u00e1pido gracias al innovador tejido t\u00e9cnico.<\/li>\n<li>Excelente absorci\u00f3n de impactos<\/li>\n<li>Forma anat\u00f3mica<\/li>\n<li>Interior en forma de panal<\/li>\n<li>Gr\u00e1ficos del logotipo de Equestro en pedrer\u00eda<\/li>\n<li>Logotipo y letras de Equestro en silicona en la trabilla de la cincha y en la parte posterior.<\/li>\n<\/ul>\n<p><strong>Material:\u00a0<\/strong><\/p>\n<ul>\n<li>Tejido exterior: 82% nailon, 18% elastano<\/li>\n<li>Acolchado: 100% poliuretano<\/li>\n<li>Acolchado: 100% poliuretano<\/li>\n<\/ul>","protected":false},"excerpt":{"rendered":"<p>The Equestro Jumping Saddle Pad Rhinestone Logo is crafted from high-quality technical fabric to ensure superior performance. The fabric used is light, breathable and highly resistant to wear, ensuring maximum comfort for the horse. The diamond quilting, crafted with care and precision, not only adds a touch of elegance to the overall design, but also [&#8230;]\n","protected":false},"featured_media":3950,"template":"","meta":{"_acf_changed":false,"_joinchat":[]},"product_brand":[591],"product_cat":[27,187,186],"product_tag":[592,30,595],"class_list":{"0":"post-3944","1":"product","2":"type-product","3":"status-publish","4":"has-post-thumbnail","6":"product_brand-equestro","7":"product_cat-horse","8":"product_cat-jumping-saddle-pads-horse","9":"product_cat-saddle-pads-horse","10":"product_tag-equestro","11":"product_tag-jumping","12":"product_tag-rhinestone-logo","13":"pa_colors-black","14":"pa_size-full","15":"pa_size-pony","17":"first","18":"onbackorder","19":"taxable","20":"shipping-taxable","21":"purchasable","22":"product-type-variable","23":"has-default-attributes"},"acf":[],"yoast_head":"<!-- This site is optimized with the Yoast SEO Premium plugin v26.2 (Yoast SEO v27.6) - https:\/\/yoast.com\/product\/yoast-seo-premium-wordpress\/ -->\n<title>Equestro Jumping Saddle Pad Rhinestone Logo | Parima hinnaga ratsavarustuse e-pood<\/title>\n<meta name=\"description\" content=\"Equestro Jumping Saddle Pad Rhinestone Logo\" \/>\n<meta name=\"robots\" content=\"index, follow, max-snippet:-1, max-image-preview:large, max-video-preview:-1\" \/>\n<link rel=\"canonical\" href=\"https:\/\/equidash.eu\/es\/shop\/caballo\/equestro-jumping-saddle-pad-rhinestone-logo\/\" \/>\n<meta property=\"og:locale\" content=\"es_ES\" \/>\n<meta property=\"og:type\" content=\"article\" \/>\n<meta property=\"og:title\" content=\"Equestro Jumping Saddle Pad Rhinestone Logo\" \/>\n<meta property=\"og:description\" content=\"Equestro Jumping Saddle Pad Rhinestone Logo\" \/>\n<meta property=\"og:url\" content=\"https:\/\/equidash.eu\/es\/shop\/caballo\/equestro-jumping-saddle-pad-rhinestone-logo\/\" \/>\n<meta property=\"og:site_name\" content=\"Parima hinnaga ratsavarustuse e-pood\" \/>\n<meta property=\"article:publisher\" content=\"https:\/\/www.facebook.com\/people\/EquiDash\/61560864479586\/\" \/>\n<meta property=\"article:modified_time\" content=\"2025-03-03T18:20:33+00:00\" \/>\n<meta property=\"og:image\" content=\"https:\/\/equidash.eu\/wp-content\/uploads\/2025\/03\/Equestro_Jumping-saddle-pad_Rhinestone-Logo_Black_0.jpg\" \/>\n\t<meta property=\"og:image:width\" content=\"1500\" \/>\n\t<meta property=\"og:image:height\" content=\"1500\" \/>\n\t<meta property=\"og:image:type\" content=\"image\/jpeg\" \/>\n<meta name=\"twitter:card\" content=\"summary_large_image\" \/>\n<meta name=\"twitter:label1\" content=\"Disponibilidad\" \/>\n\t<meta name=\"twitter:data1\" content=\"Disponible para reservar\" \/>\n<script type=\"application\/ld+json\" class=\"yoast-schema-graph\">{\"@context\":\"https:\\\/\\\/schema.org\",\"@graph\":[{\"@type\":\"WebPage\",\"@id\":\"https:\\\/\\\/equidash.eu\\\/shop\\\/horse\\\/equestro-jumping-saddle-pad-rhinestone-logo\\\/\",\"url\":\"https:\\\/\\\/equidash.eu\\\/shop\\\/horse\\\/equestro-jumping-saddle-pad-rhinestone-logo\\\/\",\"name\":\"Equestro Jumping Saddle Pad Rhinestone Logo | Parima hinnaga ratsavarustuse e-pood\",\"isPartOf\":{\"@id\":\"https:\\\/\\\/equidash.eu\\\/#website\"},\"primaryImageOfPage\":{\"@id\":\"https:\\\/\\\/equidash.eu\\\/shop\\\/horse\\\/equestro-jumping-saddle-pad-rhinestone-logo\\\/#primaryimage\"},\"image\":{\"@id\":\"https:\\\/\\\/equidash.eu\\\/shop\\\/horse\\\/equestro-jumping-saddle-pad-rhinestone-logo\\\/#primaryimage\"},\"thumbnailUrl\":\"https:\\\/\\\/equidash.eu\\\/wp-content\\\/uploads\\\/2025\\\/03\\\/Equestro_Jumping-saddle-pad_Rhinestone-Logo_Black_0.jpg\",\"datePublished\":\"2025-03-03T11:04:59+00:00\",\"dateModified\":\"2025-03-03T18:20:33+00:00\",\"description\":\"Equestro Jumping Saddle Pad Rhinestone Logo\",\"breadcrumb\":{\"@id\":\"https:\\\/\\\/equidash.eu\\\/shop\\\/horse\\\/equestro-jumping-saddle-pad-rhinestone-logo\\\/#breadcrumb\"},\"inLanguage\":\"es\",\"potentialAction\":[{\"@type\":\"ReadAction\",\"target\":[\"https:\\\/\\\/equidash.eu\\\/shop\\\/horse\\\/equestro-jumping-saddle-pad-rhinestone-logo\\\/\"]}]},{\"@type\":\"ImageObject\",\"inLanguage\":\"es\",\"@id\":\"https:\\\/\\\/equidash.eu\\\/shop\\\/horse\\\/equestro-jumping-saddle-pad-rhinestone-logo\\\/#primaryimage\",\"url\":\"https:\\\/\\\/equidash.eu\\\/wp-content\\\/uploads\\\/2025\\\/03\\\/Equestro_Jumping-saddle-pad_Rhinestone-Logo_Black_0.jpg\",\"contentUrl\":\"https:\\\/\\\/equidash.eu\\\/wp-content\\\/uploads\\\/2025\\\/03\\\/Equestro_Jumping-saddle-pad_Rhinestone-Logo_Black_0.jpg\",\"width\":1500,\"height\":1500,\"caption\":\"Equestro h\u00fcppevaltrap \u2013 elegantne disain, hingav kangas ja kristallidega logo.\"},{\"@type\":\"BreadcrumbList\",\"@id\":\"https:\\\/\\\/equidash.eu\\\/shop\\\/horse\\\/equestro-jumping-saddle-pad-rhinestone-logo\\\/#breadcrumb\",\"itemListElement\":[{\"@type\":\"ListItem\",\"position\":1,\"name\":\"Home\",\"item\":\"https:\\\/\\\/equidash.eu\\\/\"},{\"@type\":\"ListItem\",\"position\":2,\"name\":\"Shop\",\"item\":\"https:\\\/\\\/equidash.eu\\\/shop\\\/\"},{\"@type\":\"ListItem\",\"position\":3,\"name\":\"Equestro Jumping Saddle Pad Rhinestone Logo\"}]},{\"@type\":\"WebSite\",\"@id\":\"https:\\\/\\\/equidash.eu\\\/#website\",\"url\":\"https:\\\/\\\/equidash.eu\\\/\",\"name\":\"EquiDash\",\"description\":\"Horse Riding Equipment and Accessories\",\"publisher\":{\"@id\":\"https:\\\/\\\/equidash.eu\\\/#organization\"},\"alternateName\":\"EquiDash\",\"potentialAction\":[{\"@type\":\"SearchAction\",\"target\":{\"@type\":\"EntryPoint\",\"urlTemplate\":\"https:\\\/\\\/equidash.eu\\\/?s={search_term_string}\"},\"query-input\":{\"@type\":\"PropertyValueSpecification\",\"valueRequired\":true,\"valueName\":\"search_term_string\"}}],\"inLanguage\":\"es\"},{\"@type\":\"Organization\",\"@id\":\"https:\\\/\\\/equidash.eu\\\/#organization\",\"name\":\"EquiDash\",\"alternateName\":\"EquiDash\",\"url\":\"https:\\\/\\\/equidash.eu\\\/\",\"logo\":{\"@type\":\"ImageObject\",\"inLanguage\":\"es\",\"@id\":\"https:\\\/\\\/equidash.eu\\\/#\\\/schema\\\/logo\\\/image\\\/\",\"url\":\"https:\\\/\\\/equidash.eu\\\/wp-content\\\/uploads\\\/2024\\\/09\\\/EQUIDASH_Logo_Raud-1.png\",\"contentUrl\":\"https:\\\/\\\/equidash.eu\\\/wp-content\\\/uploads\\\/2024\\\/09\\\/EQUIDASH_Logo_Raud-1.png\",\"width\":393,\"height\":422,\"caption\":\"EquiDash\"},\"image\":{\"@id\":\"https:\\\/\\\/equidash.eu\\\/#\\\/schema\\\/logo\\\/image\\\/\"},\"sameAs\":[\"https:\\\/\\\/www.facebook.com\\\/people\\\/EquiDash\\\/61560864479586\\\/\",\"https:\\\/\\\/www.instagram.com\\\/equidash.eshop\\\/\"],\"email\":\"info@equidash.eu\",\"telephone\":\"+372 59007334\",\"legalName\":\"Takian Corporation O\u00dc\",\"foundingDate\":\"2020-10-21\",\"vatID\":\"EE102301283\",\"numberOfEmployees\":{\"@type\":\"QuantitativeValue\",\"minValue\":\"1\",\"maxValue\":\"10\"},\"hasMerchantReturnPolicy\":{\"@type\":\"MerchantReturnPolicy\",\"merchantReturnLink\":\"https:\\\/\\\/equidash.eu\\\/es\\\/return-privacy\\\/\"}}]}<\/script>\n<meta property=\"product:brand\" content=\"Equestro\" \/>\n<meta property=\"og:availability\" content=\"backorder\" \/>\n<meta property=\"product:availability\" content=\"available for order\" \/>\n<meta property=\"product:retailer_item_id\" content=\"ETH09037\" \/>\n<meta property=\"product:condition\" content=\"new\" \/>\n<!-- \/ Yoast SEO Premium plugin. -->","yoast_head_json":{"title":"Equestro Jumping Saddle Pad Rhinestone Logo | Parima hinnaga ratsavarustuse e-pood","description":"Equestro Mantilla salto Diamond Rhinestone Logo","robots":{"index":"index","follow":"follow","max-snippet":"max-snippet:-1","max-image-preview":"max-image-preview:large","max-video-preview":"max-video-preview:-1"},"canonical":"https:\/\/equidash.eu\/es\/shop\/caballo\/equestro-jumping-saddle-pad-rhinestone-logo\/","og_locale":"es_ES","og_type":"article","og_title":"Equestro Jumping Saddle Pad Rhinestone Logo","og_description":"Equestro Jumping Saddle Pad Rhinestone Logo","og_url":"https:\/\/equidash.eu\/es\/shop\/caballo\/equestro-jumping-saddle-pad-rhinestone-logo\/","og_site_name":"Parima hinnaga ratsavarustuse e-pood","article_publisher":"https:\/\/www.facebook.com\/people\/EquiDash\/61560864479586\/","article_modified_time":"2025-03-03T18:20:33+00:00","og_image":[{"width":1500,"height":1500,"url":"https:\/\/equidash.eu\/wp-content\/uploads\/2025\/03\/Equestro_Jumping-saddle-pad_Rhinestone-Logo_Black_0.jpg","type":"image\/jpeg"}],"twitter_card":"summary_large_image","twitter_misc":{"Disponibilidad":"Disponible para reservar"},"schema":{"@context":"https:\/\/schema.org","@graph":[{"@type":"WebPage","@id":"https:\/\/equidash.eu\/shop\/horse\/equestro-jumping-saddle-pad-rhinestone-logo\/","url":"https:\/\/equidash.eu\/shop\/horse\/equestro-jumping-saddle-pad-rhinestone-logo\/","name":"Equestro Jumping Saddle Pad Rhinestone Logo | Parima hinnaga ratsavarustuse e-pood","isPartOf":{"@id":"https:\/\/equidash.eu\/#website"},"primaryImageOfPage":{"@id":"https:\/\/equidash.eu\/shop\/horse\/equestro-jumping-saddle-pad-rhinestone-logo\/#primaryimage"},"image":{"@id":"https:\/\/equidash.eu\/shop\/horse\/equestro-jumping-saddle-pad-rhinestone-logo\/#primaryimage"},"thumbnailUrl":"https:\/\/equidash.eu\/wp-content\/uploads\/2025\/03\/Equestro_Jumping-saddle-pad_Rhinestone-Logo_Black_0.jpg","datePublished":"2025-03-03T11:04:59+00:00","dateModified":"2025-03-03T18:20:33+00:00","description":"Equestro Mantilla salto Diamond Rhinestone Logo","breadcrumb":{"@id":"https:\/\/equidash.eu\/shop\/horse\/equestro-jumping-saddle-pad-rhinestone-logo\/#breadcrumb"},"inLanguage":"es","potentialAction":[{"@type":"ReadAction","target":["https:\/\/equidash.eu\/shop\/horse\/equestro-jumping-saddle-pad-rhinestone-logo\/"]}]},{"@type":"ImageObject","inLanguage":"es","@id":"https:\/\/equidash.eu\/shop\/horse\/equestro-jumping-saddle-pad-rhinestone-logo\/#primaryimage","url":"https:\/\/equidash.eu\/wp-content\/uploads\/2025\/03\/Equestro_Jumping-saddle-pad_Rhinestone-Logo_Black_0.jpg","contentUrl":"https:\/\/equidash.eu\/wp-content\/uploads\/2025\/03\/Equestro_Jumping-saddle-pad_Rhinestone-Logo_Black_0.jpg","width":1500,"height":1500,"caption":"Equestro h\u00fcppevaltrap \u2013 elegantne disain, hingav kangas ja kristallidega logo."},{"@type":"BreadcrumbList","@id":"https:\/\/equidash.eu\/shop\/horse\/equestro-jumping-saddle-pad-rhinestone-logo\/#breadcrumb","itemListElement":[{"@type":"ListItem","position":1,"name":"Home","item":"https:\/\/equidash.eu\/"},{"@type":"ListItem","position":2,"name":"Shop","item":"https:\/\/equidash.eu\/shop\/"},{"@type":"ListItem","position":3,"name":"Equestro Jumping Saddle Pad Rhinestone Logo"}]},{"@type":"WebSite","@id":"https:\/\/equidash.eu\/#website","url":"https:\/\/equidash.eu\/","name":"EquiDash","description":"Horse Riding Equipment and Accessories","publisher":{"@id":"https:\/\/equidash.eu\/#organization"},"alternateName":"EquiDash","potentialAction":[{"@type":"SearchAction","target":{"@type":"EntryPoint","urlTemplate":"https:\/\/equidash.eu\/?s={search_term_string}"},"query-input":{"@type":"PropertyValueSpecification","valueRequired":true,"valueName":"search_term_string"}}],"inLanguage":"es"},{"@type":"Organization","@id":"https:\/\/equidash.eu\/#organization","name":"EquiDash","alternateName":"EquiDash","url":"https:\/\/equidash.eu\/","logo":{"@type":"ImageObject","inLanguage":"es","@id":"https:\/\/equidash.eu\/#\/schema\/logo\/image\/","url":"https:\/\/equidash.eu\/wp-content\/uploads\/2024\/09\/EQUIDASH_Logo_Raud-1.png","contentUrl":"https:\/\/equidash.eu\/wp-content\/uploads\/2024\/09\/EQUIDASH_Logo_Raud-1.png","width":393,"height":422,"caption":"EquiDash"},"image":{"@id":"https:\/\/equidash.eu\/#\/schema\/logo\/image\/"},"sameAs":["https:\/\/www.facebook.com\/people\/EquiDash\/61560864479586\/","https:\/\/www.instagram.com\/equidash.eshop\/"],"email":"info@equidash.eu","telephone":"+372 59007334","legalName":"Takian Corporation O\u00dc","foundingDate":"2020-10-21","vatID":"EE102301283","numberOfEmployees":{"@type":"QuantitativeValue","minValue":"1","maxValue":"10"},"hasMerchantReturnPolicy":{"@type":"MerchantReturnPolicy","merchantReturnLink":"https:\/\/equidash.eu\/es\/return-privacy\/"}}]},"product_brand":"Equestro","og_availability":"backorder","product_availability":"available for order","product_retailer_item_id":"ETH09037","product_condition":"new"},"_links":{"self":[{"href":"https:\/\/equidash.eu\/es\/wp-json\/wp\/v2\/product\/3944","targetHints":{"allow":["GET"]}}],"collection":[{"href":"https:\/\/equidash.eu\/es\/wp-json\/wp\/v2\/product"}],"about":[{"href":"https:\/\/equidash.eu\/es\/wp-json\/wp\/v2\/types\/product"}],"wp:featuredmedia":[{"embeddable":true,"href":"https:\/\/equidash.eu\/es\/wp-json\/wp\/v2\/media\/3950"}],"wp:attachment":[{"href":"https:\/\/equidash.eu\/es\/wp-json\/wp\/v2\/media?parent=3944"}],"wp:term":[{"taxonomy":"product_brand","embeddable":true,"href":"https:\/\/equidash.eu\/es\/wp-json\/wp\/v2\/product_brand?post=3944"},{"taxonomy":"product_cat","embeddable":true,"href":"https:\/\/equidash.eu\/es\/wp-json\/wp\/v2\/product_cat?post=3944"},{"taxonomy":"product_tag","embeddable":true,"href":"https:\/\/equidash.eu\/es\/wp-json\/wp\/v2\/product_tag?post=3944"}],"curies":[{"name":"wp","href":"https:\/\/api.w.org\/{rel}","templated":true}]}}