{"id":3997,"date":"2025-03-05T22:31:55","date_gmt":"2025-03-05T20:31:55","guid":{"rendered":"https:\/\/equidash.eu\/?post_type=product&#038;p=3997"},"modified":"2025-03-09T17:40:24","modified_gmt":"2025-03-09T15:40:24","slug":"ps-of-sweden-jumping-saddle-pad-diamond-quilt","status":"publish","type":"product","link":"https:\/\/equidash.eu\/es\/shop\/horse\/ps-of-sweden-jumping-saddle-pad-diamond-quilt\/","title":{"rendered":"Mantilla de Salto Diamond Quilt PS of Sweden"},"content":{"rendered":"<p>La mantilla de salto PS of Sweden Diamond Quilt tiene un corte anat\u00f3mico que tambi\u00e9n es adecuado para caballos con la cruz m\u00e1s alta. El valtrap est\u00e1 decorado con un patr\u00f3n de diamantes.<\/p>\n<p>La mantilla est\u00e1 confeccionada en tejido de primera calidad, repele la suciedad, se seca r\u00e1pidamente y es muy transpirable. El tejido exterior y del forro altamente transpirable garantizan una ventilaci\u00f3n \u00f3ptima, manteniendo al caballo seco.<\/p>\n<p>Perfecto para el uso diario y competiciones, combinando funcionalidad y estilo. Es un accesorio esencial para quienes quieren lo mejor para su caballo. F\u00e1cil de cuidar: lavable a m\u00e1quina y de secado r\u00e1pido.<\/p>\n<ul>\n<li>Dise\u00f1o anat\u00f3mico con espacio adicional para la cruz<\/li>\n<li>Cojines de parada \u00fanicos<\/li>\n<li>Forro de secado r\u00e1pido<\/li>\n<li>Estructura de tejido exterior con propiedades repelentes a la suciedad<\/li>\n<li>Acolchado con patr\u00f3n de diamante sim\u00e9trico<\/li>\n<li>Frase personalizada a lo largo de la columna<\/li>\n<li>Bordado del monograma PS en color contrastante en ambos lados<\/li>\n<li>Material: 75% nailon, 25% elastano, 100% poli\u00e9ster<\/li>\n<\/ul>\n<p>Cuidado: Lavado a 40\u00b0C, no planchar, secado en plano, no lavar en seco, no usar blanqueador, estirar cuando est\u00e9 h\u00famedo.<\/p>\n<p>&nbsp;<\/p>","protected":false},"excerpt":{"rendered":"<p><a href=\"https:\/\/equidash.eu\/es\/etiqueta-producto\/ps-of-sweden\/\"><img decoding=\"async\" style=\"height: 60px; margin-top: 20px;\" src=\"https:\/\/equidash.eu\/wp-content\/uploads\/2024\/10\/PS_vaike-1.png\" alt=\"\" \/><\/a><\/p>","protected":false},"featured_media":4009,"template":"","meta":{"_acf_changed":false,"_joinchat":[]},"product_brand":[558],"product_cat":[27,187,186],"product_tag":[604,30,603,559],"class_list":{"0":"post-3997","1":"product","2":"type-product","3":"status-publish","4":"has-post-thumbnail","6":"product_brand-ps-of-sweden","7":"product_cat-horse","8":"product_cat-jumping-saddle-pads-horse","9":"product_cat-saddle-pads-horse","10":"product_tag-diamond-quilt","11":"product_tag-jumping","12":"product_tag-latte","13":"product_tag-ps-of-sweden","14":"pa_colors-black","15":"pa_colors-golden-brown","16":"pa_colors-latte","17":"pa_size-cob","18":"pa_size-full","20":"first","21":"onbackorder","22":"taxable","23":"shipping-taxable","24":"purchasable","25":"product-type-variable"},"acf":[],"yoast_head":"<!-- This site is optimized with the Yoast SEO Premium plugin v26.2 (Yoast SEO v27.2) - https:\/\/yoast.com\/product\/yoast-seo-premium-wordpress\/ -->\n<title>PS of Sweden Jumping Saddle Pad Diamond Quilt | Parima hinnaga ratsavarustuse e-pood<\/title>\n<meta name=\"description\" content=\"PS of Sweden Jumping Saddle Pad Diamond Quilt\" \/>\n<meta name=\"robots\" content=\"index, follow, max-snippet:-1, max-image-preview:large, max-video-preview:-1\" \/>\n<link rel=\"canonical\" href=\"https:\/\/equidash.eu\/es\/shop\/caballo\/ps-of-sweden-jumping-saddle-pad-diamond-quilt\/\" \/>\n<meta property=\"og:locale\" content=\"es_ES\" \/>\n<meta property=\"og:type\" content=\"article\" \/>\n<meta property=\"og:title\" content=\"PS of Sweden Jumping Saddle Pad Diamond Quilt\" \/>\n<meta property=\"og:description\" content=\"PS of Sweden Jumping Saddle Pad Diamond Quilt\" \/>\n<meta property=\"og:url\" content=\"https:\/\/equidash.eu\/es\/shop\/caballo\/ps-of-sweden-jumping-saddle-pad-diamond-quilt\/\" \/>\n<meta property=\"og:site_name\" content=\"Parima hinnaga ratsavarustuse e-pood\" \/>\n<meta property=\"article:publisher\" content=\"https:\/\/www.facebook.com\/people\/EquiDash\/61560864479586\/\" \/>\n<meta property=\"article:modified_time\" content=\"2025-03-09T15:40:24+00:00\" \/>\n<meta property=\"og:image\" content=\"https:\/\/equidash.eu\/wp-content\/uploads\/2025\/03\/PSofSweden_Jumping-Saddle-Pad_Diamon-quilt_Latte_0.png\" \/>\n\t<meta property=\"og:image:width\" content=\"1080\" \/>\n\t<meta property=\"og:image:height\" content=\"1080\" \/>\n\t<meta property=\"og:image:type\" content=\"image\/png\" \/>\n<meta name=\"twitter:card\" content=\"summary_large_image\" \/>\n<meta name=\"twitter:label1\" content=\"Disponibilidad\" \/>\n\t<meta name=\"twitter:data1\" content=\"Disponible para reservar\" \/>\n<script type=\"application\/ld+json\" class=\"yoast-schema-graph\">{\"@context\":\"https:\/\/schema.org\",\"@graph\":[{\"@type\":\"WebPage\",\"@id\":\"https:\/\/equidash.eu\/shop\/horse\/ps-of-sweden-jumping-saddle-pad-diamond-quilt\/\",\"url\":\"https:\/\/equidash.eu\/shop\/horse\/ps-of-sweden-jumping-saddle-pad-diamond-quilt\/\",\"name\":\"PS of Sweden Jumping Saddle Pad Diamond Quilt | Parima hinnaga ratsavarustuse e-pood\",\"isPartOf\":{\"@id\":\"https:\/\/equidash.eu\/#website\"},\"primaryImageOfPage\":{\"@id\":\"https:\/\/equidash.eu\/shop\/horse\/ps-of-sweden-jumping-saddle-pad-diamond-quilt\/#primaryimage\"},\"image\":{\"@id\":\"https:\/\/equidash.eu\/shop\/horse\/ps-of-sweden-jumping-saddle-pad-diamond-quilt\/#primaryimage\"},\"thumbnailUrl\":\"https:\/\/equidash.eu\/wp-content\/uploads\/2025\/03\/PSofSweden_Jumping-Saddle-Pad_Diamon-quilt_Latte_0.png\",\"datePublished\":\"2025-03-05T20:31:55+00:00\",\"dateModified\":\"2025-03-09T15:40:24+00:00\",\"description\":\"PS of Sweden Jumping Saddle Pad Diamond Quilt\",\"breadcrumb\":{\"@id\":\"https:\/\/equidash.eu\/shop\/horse\/ps-of-sweden-jumping-saddle-pad-diamond-quilt\/#breadcrumb\"},\"inLanguage\":\"es\",\"potentialAction\":[{\"@type\":\"ReadAction\",\"target\":[\"https:\/\/equidash.eu\/shop\/horse\/ps-of-sweden-jumping-saddle-pad-diamond-quilt\/\"]}]},{\"@type\":\"ImageObject\",\"inLanguage\":\"es\",\"@id\":\"https:\/\/equidash.eu\/shop\/horse\/ps-of-sweden-jumping-saddle-pad-diamond-quilt\/#primaryimage\",\"url\":\"https:\/\/equidash.eu\/wp-content\/uploads\/2025\/03\/PSofSweden_Jumping-Saddle-Pad_Diamon-quilt_Latte_0.png\",\"contentUrl\":\"https:\/\/equidash.eu\/wp-content\/uploads\/2025\/03\/PSofSweden_Jumping-Saddle-Pad_Diamon-quilt_Latte_0.png\",\"width\":1080,\"height\":1080,\"caption\":\"PS of Sweden valtrap \u2013 stiilne teemantmuster ja suurep\u00e4rane ventilatsioon\"},{\"@type\":\"BreadcrumbList\",\"@id\":\"https:\/\/equidash.eu\/shop\/horse\/ps-of-sweden-jumping-saddle-pad-diamond-quilt\/#breadcrumb\",\"itemListElement\":[{\"@type\":\"ListItem\",\"position\":1,\"name\":\"Home\",\"item\":\"https:\/\/equidash.eu\/\"},{\"@type\":\"ListItem\",\"position\":2,\"name\":\"Shop\",\"item\":\"https:\/\/equidash.eu\/shop\/\"},{\"@type\":\"ListItem\",\"position\":3,\"name\":\"PS of Sweden Jumping Saddle Pad Diamond Quilt\"}]},{\"@type\":\"WebSite\",\"@id\":\"https:\/\/equidash.eu\/#website\",\"url\":\"https:\/\/equidash.eu\/\",\"name\":\"EquiDash\",\"description\":\"Horse Riding Equipment and Accessories\",\"publisher\":{\"@id\":\"https:\/\/equidash.eu\/#organization\"},\"alternateName\":\"EquiDash\",\"potentialAction\":[{\"@type\":\"SearchAction\",\"target\":{\"@type\":\"EntryPoint\",\"urlTemplate\":\"https:\/\/equidash.eu\/?s={search_term_string}\"},\"query-input\":{\"@type\":\"PropertyValueSpecification\",\"valueRequired\":true,\"valueName\":\"search_term_string\"}}],\"inLanguage\":\"es\"},{\"@type\":\"Organization\",\"@id\":\"https:\/\/equidash.eu\/#organization\",\"name\":\"EquiDash\",\"alternateName\":\"EquiDash\",\"url\":\"https:\/\/equidash.eu\/\",\"logo\":{\"@type\":\"ImageObject\",\"inLanguage\":\"es\",\"@id\":\"https:\/\/equidash.eu\/#\/schema\/logo\/image\/\",\"url\":\"https:\/\/equidash.eu\/wp-content\/uploads\/2024\/09\/EQUIDASH_Logo_Raud-1.png\",\"contentUrl\":\"https:\/\/equidash.eu\/wp-content\/uploads\/2024\/09\/EQUIDASH_Logo_Raud-1.png\",\"width\":393,\"height\":422,\"caption\":\"EquiDash\"},\"image\":{\"@id\":\"https:\/\/equidash.eu\/#\/schema\/logo\/image\/\"},\"sameAs\":[\"https:\/\/www.facebook.com\/people\/EquiDash\/61560864479586\/\",\"https:\/\/www.instagram.com\/equidash.eshop\/\"],\"email\":\"info@equidash.eu\",\"telephone\":\"+372 59007334\",\"legalName\":\"Takian Corporation O\u00dc\",\"foundingDate\":\"2020-10-21\",\"vatID\":\"EE102301283\",\"numberOfEmployees\":{\"@type\":\"QuantitativeValue\",\"minValue\":\"1\",\"maxValue\":\"10\"},\"hasMerchantReturnPolicy\":{\"@type\":\"MerchantReturnPolicy\",\"merchantReturnLink\":\"https:\/\/equidash.eu\/es\/return-privacy\/\"}}]}<\/script>\n<meta property=\"product:brand\" content=\"PS of Sweden\" \/>\n<meta property=\"og:availability\" content=\"backorder\" \/>\n<meta property=\"product:availability\" content=\"available for order\" \/>\n<meta property=\"product:condition\" content=\"new\" \/>\n<!-- \/ Yoast SEO Premium plugin. -->","yoast_head_json":{"title":"PS of Sweden Jumping Saddle Pad Diamond Quilt | Parima hinnaga ratsavarustuse e-pood","description":"Mantilla de Salto Diamond Quilt PS of Sweden","robots":{"index":"index","follow":"follow","max-snippet":"max-snippet:-1","max-image-preview":"max-image-preview:large","max-video-preview":"max-video-preview:-1"},"canonical":"https:\/\/equidash.eu\/es\/shop\/caballo\/ps-of-sweden-jumping-saddle-pad-diamond-quilt\/","og_locale":"es_ES","og_type":"article","og_title":"PS of Sweden Jumping Saddle Pad Diamond Quilt","og_description":"PS of Sweden Jumping Saddle Pad Diamond Quilt","og_url":"https:\/\/equidash.eu\/es\/shop\/caballo\/ps-of-sweden-jumping-saddle-pad-diamond-quilt\/","og_site_name":"Parima hinnaga ratsavarustuse e-pood","article_publisher":"https:\/\/www.facebook.com\/people\/EquiDash\/61560864479586\/","article_modified_time":"2025-03-09T15:40:24+00:00","og_image":[{"width":1080,"height":1080,"url":"https:\/\/equidash.eu\/wp-content\/uploads\/2025\/03\/PSofSweden_Jumping-Saddle-Pad_Diamon-quilt_Latte_0.png","type":"image\/png"}],"twitter_card":"summary_large_image","twitter_misc":{"Disponibilidad":"Disponible para reservar"},"schema":{"@context":"https:\/\/schema.org","@graph":[{"@type":"WebPage","@id":"https:\/\/equidash.eu\/shop\/horse\/ps-of-sweden-jumping-saddle-pad-diamond-quilt\/","url":"https:\/\/equidash.eu\/shop\/horse\/ps-of-sweden-jumping-saddle-pad-diamond-quilt\/","name":"PS of Sweden Jumping Saddle Pad Diamond Quilt | Parima hinnaga ratsavarustuse e-pood","isPartOf":{"@id":"https:\/\/equidash.eu\/#website"},"primaryImageOfPage":{"@id":"https:\/\/equidash.eu\/shop\/horse\/ps-of-sweden-jumping-saddle-pad-diamond-quilt\/#primaryimage"},"image":{"@id":"https:\/\/equidash.eu\/shop\/horse\/ps-of-sweden-jumping-saddle-pad-diamond-quilt\/#primaryimage"},"thumbnailUrl":"https:\/\/equidash.eu\/wp-content\/uploads\/2025\/03\/PSofSweden_Jumping-Saddle-Pad_Diamon-quilt_Latte_0.png","datePublished":"2025-03-05T20:31:55+00:00","dateModified":"2025-03-09T15:40:24+00:00","description":"Mantilla de Salto Diamond Quilt PS of Sweden","breadcrumb":{"@id":"https:\/\/equidash.eu\/shop\/horse\/ps-of-sweden-jumping-saddle-pad-diamond-quilt\/#breadcrumb"},"inLanguage":"es","potentialAction":[{"@type":"ReadAction","target":["https:\/\/equidash.eu\/shop\/horse\/ps-of-sweden-jumping-saddle-pad-diamond-quilt\/"]}]},{"@type":"ImageObject","inLanguage":"es","@id":"https:\/\/equidash.eu\/shop\/horse\/ps-of-sweden-jumping-saddle-pad-diamond-quilt\/#primaryimage","url":"https:\/\/equidash.eu\/wp-content\/uploads\/2025\/03\/PSofSweden_Jumping-Saddle-Pad_Diamon-quilt_Latte_0.png","contentUrl":"https:\/\/equidash.eu\/wp-content\/uploads\/2025\/03\/PSofSweden_Jumping-Saddle-Pad_Diamon-quilt_Latte_0.png","width":1080,"height":1080,"caption":"PS of Sweden valtrap \u2013 stiilne teemantmuster ja suurep\u00e4rane ventilatsioon"},{"@type":"BreadcrumbList","@id":"https:\/\/equidash.eu\/shop\/horse\/ps-of-sweden-jumping-saddle-pad-diamond-quilt\/#breadcrumb","itemListElement":[{"@type":"ListItem","position":1,"name":"Home","item":"https:\/\/equidash.eu\/"},{"@type":"ListItem","position":2,"name":"Shop","item":"https:\/\/equidash.eu\/shop\/"},{"@type":"ListItem","position":3,"name":"PS of Sweden Jumping Saddle Pad Diamond Quilt"}]},{"@type":"WebSite","@id":"https:\/\/equidash.eu\/#website","url":"https:\/\/equidash.eu\/","name":"EquiDash","description":"Horse Riding Equipment and Accessories","publisher":{"@id":"https:\/\/equidash.eu\/#organization"},"alternateName":"EquiDash","potentialAction":[{"@type":"SearchAction","target":{"@type":"EntryPoint","urlTemplate":"https:\/\/equidash.eu\/?s={search_term_string}"},"query-input":{"@type":"PropertyValueSpecification","valueRequired":true,"valueName":"search_term_string"}}],"inLanguage":"es"},{"@type":"Organization","@id":"https:\/\/equidash.eu\/#organization","name":"EquiDash","alternateName":"EquiDash","url":"https:\/\/equidash.eu\/","logo":{"@type":"ImageObject","inLanguage":"es","@id":"https:\/\/equidash.eu\/#\/schema\/logo\/image\/","url":"https:\/\/equidash.eu\/wp-content\/uploads\/2024\/09\/EQUIDASH_Logo_Raud-1.png","contentUrl":"https:\/\/equidash.eu\/wp-content\/uploads\/2024\/09\/EQUIDASH_Logo_Raud-1.png","width":393,"height":422,"caption":"EquiDash"},"image":{"@id":"https:\/\/equidash.eu\/#\/schema\/logo\/image\/"},"sameAs":["https:\/\/www.facebook.com\/people\/EquiDash\/61560864479586\/","https:\/\/www.instagram.com\/equidash.eshop\/"],"email":"info@equidash.eu","telephone":"+372 59007334","legalName":"Takian Corporation O\u00dc","foundingDate":"2020-10-21","vatID":"EE102301283","numberOfEmployees":{"@type":"QuantitativeValue","minValue":"1","maxValue":"10"},"hasMerchantReturnPolicy":{"@type":"MerchantReturnPolicy","merchantReturnLink":"https:\/\/equidash.eu\/es\/return-privacy\/"}}]},"product_brand":"PS of Sweden","og_availability":"backorder","product_availability":"available for order","product_condition":"new"},"_links":{"self":[{"href":"https:\/\/equidash.eu\/es\/wp-json\/wp\/v2\/product\/3997","targetHints":{"allow":["GET"]}}],"collection":[{"href":"https:\/\/equidash.eu\/es\/wp-json\/wp\/v2\/product"}],"about":[{"href":"https:\/\/equidash.eu\/es\/wp-json\/wp\/v2\/types\/product"}],"wp:featuredmedia":[{"embeddable":true,"href":"https:\/\/equidash.eu\/es\/wp-json\/wp\/v2\/media\/4009"}],"wp:attachment":[{"href":"https:\/\/equidash.eu\/es\/wp-json\/wp\/v2\/media?parent=3997"}],"wp:term":[{"taxonomy":"product_brand","embeddable":true,"href":"https:\/\/equidash.eu\/es\/wp-json\/wp\/v2\/product_brand?post=3997"},{"taxonomy":"product_cat","embeddable":true,"href":"https:\/\/equidash.eu\/es\/wp-json\/wp\/v2\/product_cat?post=3997"},{"taxonomy":"product_tag","embeddable":true,"href":"https:\/\/equidash.eu\/es\/wp-json\/wp\/v2\/product_tag?post=3997"}],"curies":[{"name":"wp","href":"https:\/\/api.w.org\/{rel}","templated":true}]}}