{"id":4123,"date":"2025-03-14T19:22:13","date_gmt":"2025-03-14T17:22:13","guid":{"rendered":"https:\/\/equidash.eu\/?post_type=product&#038;p=4123"},"modified":"2025-09-26T18:25:20","modified_gmt":"2025-09-26T16:25:20","slug":"mountain-horse-tall-boots-veganza","status":"publish","type":"product","link":"https:\/\/equidash.eu\/es\/shop\/rider\/mountain-horse-tall-boots-veganza\/","title":{"rendered":"Veganza Botas de equitaci\u00f3n para mujer"},"content":{"rendered":"<p>Las botas de equitaci\u00f3n altas Mountain Horse Veganza est\u00e1n hechas de cuero sint\u00e9tico suave y vegano, y cuentan con el sistema de suela patentado Vertycore, ultra c\u00f3modo.<\/p>\n<ul>\n<li>Parte superior de cuero sint\u00e9tico suave y vegano.<\/li>\n<li>Forrojo sint\u00e9tico que absorbe la humedad<\/li>\n<li>Cremallera YKK\u00ae de espiral No:10 resistente<\/li>\n<li>Almohadilla de cavidad del tal\u00f3n Veritycore que reduce el impacto de manera completa<\/li>\n<li>Entresuela reductora de presi\u00f3n Vertycore<\/li>\n<li>Plantilla de poliuretano con amortiguaci\u00f3n ligera y multinivel Vertycore<\/li>\n<li>V\u00e1stago de metal MST (Tecnolog\u00eda de estabilizaci\u00f3n de movimiento)<\/li>\n<li>Suela de goma Vertycore duradera<\/li>\n<li>Suelas con patr\u00f3n especial para proporcionar un agarre \u00f3ptimo en diversas condiciones.<\/li>\n<\/ul>\n<p>Color: Negro<br \/>\nMaterial: Cuero sint\u00e9tico<\/p>\n<a href=\"http:\/\/www.mountainhorse.se\/eshop\/products\/50208\/download\/sizechart_footwear.pdf\" class=\"button primary is-primary is-medium\" >\n\t\t<span>Footwear size chart<\/span>\n\t<\/a>\n\n<p><img loading=\"lazy\" decoding=\"async\" class=\"alignnone size-medium wp-image-4152\" src=\"https:\/\/equidash.eu\/wp-content\/uploads\/2025\/03\/Mountain-Horse-Veganza_size-300x300.png\" alt=\"\" width=\"300\" height=\"300\" srcset=\"https:\/\/equidash.eu\/wp-content\/uploads\/2025\/03\/Mountain-Horse-Veganza_size-300x300.png 300w, https:\/\/equidash.eu\/wp-content\/uploads\/2025\/03\/Mountain-Horse-Veganza_size-1024x1024.png 1024w, https:\/\/equidash.eu\/wp-content\/uploads\/2025\/03\/Mountain-Horse-Veganza_size-150x150.png 150w, https:\/\/equidash.eu\/wp-content\/uploads\/2025\/03\/Mountain-Horse-Veganza_size-768x768.png 768w, https:\/\/equidash.eu\/wp-content\/uploads\/2025\/03\/Mountain-Horse-Veganza_size-12x12.png 12w, https:\/\/equidash.eu\/wp-content\/uploads\/2025\/03\/Mountain-Horse-Veganza_size-510x510.png 510w, https:\/\/equidash.eu\/wp-content\/uploads\/2025\/03\/Mountain-Horse-Veganza_size-100x100.png 100w, https:\/\/equidash.eu\/wp-content\/uploads\/2025\/03\/Mountain-Horse-Veganza_size.png 1080w\" sizes=\"auto, (max-width: 300px) 100vw, 300px\" \/><\/p>\n<p><strong>A<\/strong> is hight and <strong>B<\/strong> is width:<\/p>\n<ul>\n<li><span class=\"OYPEnA font-feature-liga-off font-feature-clig-off font-feature-calt-off text-decoration-none text-strikethrough-none\">Regular\/Regular &#8211; tavaline pikkus\/tavaline s\u00e4\u00e4r<\/span><\/li>\n<li><span class=\"OYPEnA font-feature-liga-off font-feature-clig-off font-feature-calt-off text-decoration-none text-strikethrough-none\">Regular\/Narrow &#8211; tavaline pikkus\/kitsas s\u00e4\u00e4r<\/span><\/li>\n<li><span class=\"OYPEnA font-feature-liga-off font-feature-clig-off font-feature-calt-off text-decoration-none text-strikethrough-none\">Short\/Regular &#8211; l\u00fchike pikkus\/tavaline s\u00e4\u00e4r<\/span><\/li>\n<li><span class=\"OYPEnA font-feature-liga-off font-feature-clig-off font-feature-calt-off text-decoration-none text-strikethrough-none\">Regular\/Wide &#8211; tavaline pikkus\/lai s\u00e4\u00e4r<\/span><\/li>\n<\/ul>\n<p>La marca sueca Mountain Horse es uno de los nombres m\u00e1s conocidos en el mundo ecuestre y ha ganado una enorme popularidad entre los jinetes, gracias a su dise\u00f1o funcional adaptado a los climas n\u00f3rdicos.<\/p>","protected":false},"excerpt":{"rendered":"<p><a href=\"https:\/\/equidash.eu\/es\/etiqueta-producto\/mountain-horse\/\"><img decoding=\"async\" style=\"height: 60px; margin-top: 20px;\" src=\"https:\/\/equidash.eu\/wp-content\/uploads\/2024\/10\/Mountain-Horse-1.png\" alt=\"\" \/><\/a><\/p>","protected":false},"featured_media":4148,"template":"","meta":{"_acf_changed":false,"_joinchat":[]},"product_brand":[505],"product_cat":[22,354,330],"product_tag":[18,353],"class_list":{"0":"post-4123","1":"product","2":"type-product","3":"status-publish","4":"has-post-thumbnail","6":"product_brand-mountain-horse","7":"product_cat-rider","8":"product_cat-riding-boots-rider","9":"product_cat-tall-boots","10":"product_tag-mountain-horse","11":"product_tag-tall-boots","12":"pa_colors-black","13":"pa_footwear-341","14":"pa_footwear-340","15":"pa_footwear-339","16":"pa_footwear-338","17":"pa_footwear-337","18":"pa_footwear-336","19":"pa_style-regular-narrow","20":"pa_style-regular-regular","21":"pa_style-regular-wide","22":"pa_style-short-regular","24":"first","25":"onbackorder","26":"taxable","27":"shipping-taxable","28":"purchasable","29":"product-type-variable","30":"has-default-attributes"},"acf":[],"yoast_head":"<!-- This site is optimized with the Yoast SEO Premium plugin v26.2 (Yoast SEO v27.2) - https:\/\/yoast.com\/product\/yoast-seo-premium-wordpress\/ -->\n<title>Mountain Horse Veganza Tall Riding Boots | Parima hinnaga ratsavarustuse e-pood<\/title>\n<meta name=\"description\" content=\"Mountain Horse Veganza Tall Riding Boots\" \/>\n<meta name=\"robots\" content=\"index, follow, max-snippet:-1, max-image-preview:large, max-video-preview:-1\" \/>\n<link rel=\"canonical\" href=\"https:\/\/equidash.eu\/es\/shop\/jinete\/mountain-horse-tall-boots-veganza\/\" \/>\n<meta property=\"og:locale\" content=\"es_ES\" \/>\n<meta property=\"og:type\" content=\"article\" \/>\n<meta property=\"og:title\" content=\"Mountain Horse Veganza Tall Riding Boots\" \/>\n<meta property=\"og:description\" content=\"Mountain Horse Veganza Tall Riding Boots\" \/>\n<meta property=\"og:url\" content=\"https:\/\/equidash.eu\/es\/shop\/jinete\/mountain-horse-tall-boots-veganza\/\" \/>\n<meta property=\"og:site_name\" content=\"Parima hinnaga ratsavarustuse e-pood\" \/>\n<meta property=\"article:publisher\" content=\"https:\/\/www.facebook.com\/people\/EquiDash\/61560864479586\/\" \/>\n<meta property=\"article:modified_time\" content=\"2025-09-26T16:25:20+00:00\" \/>\n<meta property=\"og:image\" content=\"https:\/\/equidash.eu\/wp-content\/uploads\/2025\/03\/Mountain-Horse_Tall-Boots_Veganza_Black.png\" \/>\n\t<meta property=\"og:image:width\" content=\"1080\" \/>\n\t<meta property=\"og:image:height\" content=\"1080\" \/>\n\t<meta property=\"og:image:type\" content=\"image\/png\" \/>\n<meta name=\"twitter:card\" content=\"summary_large_image\" \/>\n<meta name=\"twitter:label1\" content=\"Disponibilidad\" \/>\n\t<meta name=\"twitter:data1\" content=\"Disponible para reservar\" \/>\n<script type=\"application\/ld+json\" class=\"yoast-schema-graph\">{\"@context\":\"https:\/\/schema.org\",\"@graph\":[{\"@type\":\"WebPage\",\"@id\":\"https:\/\/equidash.eu\/shop\/rider\/mountain-horse-tall-boots-veganza\/\",\"url\":\"https:\/\/equidash.eu\/shop\/rider\/mountain-horse-tall-boots-veganza\/\",\"name\":\"Mountain Horse Veganza Tall Riding Boots | Parima hinnaga ratsavarustuse e-pood\",\"isPartOf\":{\"@id\":\"https:\/\/equidash.eu\/#website\"},\"primaryImageOfPage\":{\"@id\":\"https:\/\/equidash.eu\/shop\/rider\/mountain-horse-tall-boots-veganza\/#primaryimage\"},\"image\":{\"@id\":\"https:\/\/equidash.eu\/shop\/rider\/mountain-horse-tall-boots-veganza\/#primaryimage\"},\"thumbnailUrl\":\"https:\/\/equidash.eu\/wp-content\/uploads\/2025\/03\/Mountain-Horse_Tall-Boots_Veganza_Black.png\",\"datePublished\":\"2025-03-14T17:22:13+00:00\",\"dateModified\":\"2025-09-26T16:25:20+00:00\",\"description\":\"Mountain Horse Veganza Tall Riding Boots\",\"breadcrumb\":{\"@id\":\"https:\/\/equidash.eu\/shop\/rider\/mountain-horse-tall-boots-veganza\/#breadcrumb\"},\"inLanguage\":\"es\",\"potentialAction\":[{\"@type\":\"ReadAction\",\"target\":[\"https:\/\/equidash.eu\/shop\/rider\/mountain-horse-tall-boots-veganza\/\"]}]},{\"@type\":\"ImageObject\",\"inLanguage\":\"es\",\"@id\":\"https:\/\/equidash.eu\/shop\/rider\/mountain-horse-tall-boots-veganza\/#primaryimage\",\"url\":\"https:\/\/equidash.eu\/wp-content\/uploads\/2025\/03\/Mountain-Horse_Tall-Boots_Veganza_Black.png\",\"contentUrl\":\"https:\/\/equidash.eu\/wp-content\/uploads\/2025\/03\/Mountain-Horse_Tall-Boots_Veganza_Black.png\",\"width\":1080,\"height\":1080},{\"@type\":\"BreadcrumbList\",\"@id\":\"https:\/\/equidash.eu\/shop\/rider\/mountain-horse-tall-boots-veganza\/#breadcrumb\",\"itemListElement\":[{\"@type\":\"ListItem\",\"position\":1,\"name\":\"Home\",\"item\":\"https:\/\/equidash.eu\/\"},{\"@type\":\"ListItem\",\"position\":2,\"name\":\"Shop\",\"item\":\"https:\/\/equidash.eu\/shop\/\"},{\"@type\":\"ListItem\",\"position\":3,\"name\":\"Mountain Horse Veganza Tall Riding Boots\"}]},{\"@type\":\"WebSite\",\"@id\":\"https:\/\/equidash.eu\/#website\",\"url\":\"https:\/\/equidash.eu\/\",\"name\":\"EquiDash\",\"description\":\"Horse Riding Equipment and Accessories\",\"publisher\":{\"@id\":\"https:\/\/equidash.eu\/#organization\"},\"alternateName\":\"EquiDash\",\"potentialAction\":[{\"@type\":\"SearchAction\",\"target\":{\"@type\":\"EntryPoint\",\"urlTemplate\":\"https:\/\/equidash.eu\/?s={search_term_string}\"},\"query-input\":{\"@type\":\"PropertyValueSpecification\",\"valueRequired\":true,\"valueName\":\"search_term_string\"}}],\"inLanguage\":\"es\"},{\"@type\":\"Organization\",\"@id\":\"https:\/\/equidash.eu\/#organization\",\"name\":\"EquiDash\",\"alternateName\":\"EquiDash\",\"url\":\"https:\/\/equidash.eu\/\",\"logo\":{\"@type\":\"ImageObject\",\"inLanguage\":\"es\",\"@id\":\"https:\/\/equidash.eu\/#\/schema\/logo\/image\/\",\"url\":\"https:\/\/equidash.eu\/wp-content\/uploads\/2024\/09\/EQUIDASH_Logo_Raud-1.png\",\"contentUrl\":\"https:\/\/equidash.eu\/wp-content\/uploads\/2024\/09\/EQUIDASH_Logo_Raud-1.png\",\"width\":393,\"height\":422,\"caption\":\"EquiDash\"},\"image\":{\"@id\":\"https:\/\/equidash.eu\/#\/schema\/logo\/image\/\"},\"sameAs\":[\"https:\/\/www.facebook.com\/people\/EquiDash\/61560864479586\/\",\"https:\/\/www.instagram.com\/equidash.eshop\/\"],\"email\":\"info@equidash.eu\",\"telephone\":\"+372 59007334\",\"legalName\":\"Takian Corporation O\u00dc\",\"foundingDate\":\"2020-10-21\",\"vatID\":\"EE102301283\",\"numberOfEmployees\":{\"@type\":\"QuantitativeValue\",\"minValue\":\"1\",\"maxValue\":\"10\"},\"hasMerchantReturnPolicy\":{\"@type\":\"MerchantReturnPolicy\",\"merchantReturnLink\":\"https:\/\/equidash.eu\/es\/return-privacy\/\"}}]}<\/script>\n<meta property=\"product:brand\" content=\"Mountain Horse\" \/>\n<meta property=\"og:availability\" content=\"backorder\" \/>\n<meta property=\"product:availability\" content=\"available for order\" \/>\n<meta property=\"product:retailer_item_id\" content=\"02213\" \/>\n<meta property=\"product:condition\" content=\"new\" \/>\n<!-- \/ Yoast SEO Premium plugin. -->","yoast_head_json":{"title":"Mountain Horse Veganza Tall Riding Boots | Parima hinnaga ratsavarustuse e-pood","description":"Veganza Botas de equitaci\u00f3n para mujer","robots":{"index":"index","follow":"follow","max-snippet":"max-snippet:-1","max-image-preview":"max-image-preview:large","max-video-preview":"max-video-preview:-1"},"canonical":"https:\/\/equidash.eu\/es\/shop\/jinete\/mountain-horse-tall-boots-veganza\/","og_locale":"es_ES","og_type":"article","og_title":"Mountain Horse Veganza Tall Riding Boots","og_description":"Mountain Horse Veganza Tall Riding Boots","og_url":"https:\/\/equidash.eu\/es\/shop\/jinete\/mountain-horse-tall-boots-veganza\/","og_site_name":"Parima hinnaga ratsavarustuse e-pood","article_publisher":"https:\/\/www.facebook.com\/people\/EquiDash\/61560864479586\/","article_modified_time":"2025-09-26T16:25:20+00:00","og_image":[{"width":1080,"height":1080,"url":"https:\/\/equidash.eu\/wp-content\/uploads\/2025\/03\/Mountain-Horse_Tall-Boots_Veganza_Black.png","type":"image\/png"}],"twitter_card":"summary_large_image","twitter_misc":{"Disponibilidad":"Disponible para reservar"},"schema":{"@context":"https:\/\/schema.org","@graph":[{"@type":"WebPage","@id":"https:\/\/equidash.eu\/shop\/rider\/mountain-horse-tall-boots-veganza\/","url":"https:\/\/equidash.eu\/shop\/rider\/mountain-horse-tall-boots-veganza\/","name":"Mountain Horse Veganza Tall Riding Boots | Parima hinnaga ratsavarustuse e-pood","isPartOf":{"@id":"https:\/\/equidash.eu\/#website"},"primaryImageOfPage":{"@id":"https:\/\/equidash.eu\/shop\/rider\/mountain-horse-tall-boots-veganza\/#primaryimage"},"image":{"@id":"https:\/\/equidash.eu\/shop\/rider\/mountain-horse-tall-boots-veganza\/#primaryimage"},"thumbnailUrl":"https:\/\/equidash.eu\/wp-content\/uploads\/2025\/03\/Mountain-Horse_Tall-Boots_Veganza_Black.png","datePublished":"2025-03-14T17:22:13+00:00","dateModified":"2025-09-26T16:25:20+00:00","description":"Veganza Botas de equitaci\u00f3n para mujer","breadcrumb":{"@id":"https:\/\/equidash.eu\/shop\/rider\/mountain-horse-tall-boots-veganza\/#breadcrumb"},"inLanguage":"es","potentialAction":[{"@type":"ReadAction","target":["https:\/\/equidash.eu\/shop\/rider\/mountain-horse-tall-boots-veganza\/"]}]},{"@type":"ImageObject","inLanguage":"es","@id":"https:\/\/equidash.eu\/shop\/rider\/mountain-horse-tall-boots-veganza\/#primaryimage","url":"https:\/\/equidash.eu\/wp-content\/uploads\/2025\/03\/Mountain-Horse_Tall-Boots_Veganza_Black.png","contentUrl":"https:\/\/equidash.eu\/wp-content\/uploads\/2025\/03\/Mountain-Horse_Tall-Boots_Veganza_Black.png","width":1080,"height":1080},{"@type":"BreadcrumbList","@id":"https:\/\/equidash.eu\/shop\/rider\/mountain-horse-tall-boots-veganza\/#breadcrumb","itemListElement":[{"@type":"ListItem","position":1,"name":"Home","item":"https:\/\/equidash.eu\/"},{"@type":"ListItem","position":2,"name":"Shop","item":"https:\/\/equidash.eu\/shop\/"},{"@type":"ListItem","position":3,"name":"Mountain Horse Veganza Tall Riding Boots"}]},{"@type":"WebSite","@id":"https:\/\/equidash.eu\/#website","url":"https:\/\/equidash.eu\/","name":"EquiDash","description":"Horse Riding Equipment and Accessories","publisher":{"@id":"https:\/\/equidash.eu\/#organization"},"alternateName":"EquiDash","potentialAction":[{"@type":"SearchAction","target":{"@type":"EntryPoint","urlTemplate":"https:\/\/equidash.eu\/?s={search_term_string}"},"query-input":{"@type":"PropertyValueSpecification","valueRequired":true,"valueName":"search_term_string"}}],"inLanguage":"es"},{"@type":"Organization","@id":"https:\/\/equidash.eu\/#organization","name":"EquiDash","alternateName":"EquiDash","url":"https:\/\/equidash.eu\/","logo":{"@type":"ImageObject","inLanguage":"es","@id":"https:\/\/equidash.eu\/#\/schema\/logo\/image\/","url":"https:\/\/equidash.eu\/wp-content\/uploads\/2024\/09\/EQUIDASH_Logo_Raud-1.png","contentUrl":"https:\/\/equidash.eu\/wp-content\/uploads\/2024\/09\/EQUIDASH_Logo_Raud-1.png","width":393,"height":422,"caption":"EquiDash"},"image":{"@id":"https:\/\/equidash.eu\/#\/schema\/logo\/image\/"},"sameAs":["https:\/\/www.facebook.com\/people\/EquiDash\/61560864479586\/","https:\/\/www.instagram.com\/equidash.eshop\/"],"email":"info@equidash.eu","telephone":"+372 59007334","legalName":"Takian Corporation O\u00dc","foundingDate":"2020-10-21","vatID":"EE102301283","numberOfEmployees":{"@type":"QuantitativeValue","minValue":"1","maxValue":"10"},"hasMerchantReturnPolicy":{"@type":"MerchantReturnPolicy","merchantReturnLink":"https:\/\/equidash.eu\/es\/return-privacy\/"}}]},"product_brand":"Mountain Horse","og_availability":"backorder","product_availability":"available for order","product_retailer_item_id":"02213","product_condition":"new"},"_links":{"self":[{"href":"https:\/\/equidash.eu\/es\/wp-json\/wp\/v2\/product\/4123","targetHints":{"allow":["GET"]}}],"collection":[{"href":"https:\/\/equidash.eu\/es\/wp-json\/wp\/v2\/product"}],"about":[{"href":"https:\/\/equidash.eu\/es\/wp-json\/wp\/v2\/types\/product"}],"wp:featuredmedia":[{"embeddable":true,"href":"https:\/\/equidash.eu\/es\/wp-json\/wp\/v2\/media\/4148"}],"wp:attachment":[{"href":"https:\/\/equidash.eu\/es\/wp-json\/wp\/v2\/media?parent=4123"}],"wp:term":[{"taxonomy":"product_brand","embeddable":true,"href":"https:\/\/equidash.eu\/es\/wp-json\/wp\/v2\/product_brand?post=4123"},{"taxonomy":"product_cat","embeddable":true,"href":"https:\/\/equidash.eu\/es\/wp-json\/wp\/v2\/product_cat?post=4123"},{"taxonomy":"product_tag","embeddable":true,"href":"https:\/\/equidash.eu\/es\/wp-json\/wp\/v2\/product_tag?post=4123"}],"curies":[{"name":"wp","href":"https:\/\/api.w.org\/{rel}","templated":true}]}}