{"id":418,"date":"2024-11-06T22:15:35","date_gmt":"2024-11-06T20:15:35","guid":{"rendered":"https:\/\/equidash.eu\/?post_type=product&#038;p=418"},"modified":"2025-03-31T20:08:11","modified_gmt":"2025-03-31T18:08:11","slug":"mountain-horse-team-rider-cap","status":"publish","type":"product","link":"https:\/\/equidash.eu\/es\/shop\/rider\/accessories-rider\/hats-accessories-rider\/mountain-horse-team-rider-cap\/","title":{"rendered":"Gorra Mountain Horse Team Rider"},"content":{"rendered":"<p><span style=\"color: #333333;\">La gorra Mountain Horse Team Rider est\u00e1 hecha de sarga de algod\u00f3n duradera y cuenta con un dise\u00f1o cl\u00e1sico con una visera ligeramente curva. Tiene un cierre ajustable de velcro en la parte trasera para garantizar un ajuste c\u00f3modo para todos. El logotipo MH bordado en 3D en el frente a\u00f1ade un toque de estilo, mientras que los orificios de ventilaci\u00f3n proporcionan flujo de aire, lo que la hace perfecta para usar debajo de un casco y proteger los ojos del sol o la lluvia. Un accesorio imprescindible para actividades al aire libre.<\/span><\/p>\n<ul>\n<li><span style=\"color: #333333;\">Gorra de corte tradicional hecha de duradero twill de algod\u00f3n.<\/span><\/li>\n<li><span style=\"color: #333333;\">Visera ligeramente curvada.<\/span><\/li>\n<li><span style=\"color: #333333;\">Cierre ajustable de velcro en la parte posterior.<\/span><\/li>\n<li><span style=\"color: #333333;\">Usa la gorra debajo de tu casco para proteger tus ojos del sol o la lluvia.<\/span><\/li>\n<li><span style=\"color: #333333;\">Agujeros de ventilaci\u00f3n alrededor de la parte superior de la gorra.<\/span><\/li>\n<\/ul>\n<p>&nbsp;<\/p>","protected":false},"excerpt":{"rendered":"<p><a href=\"https:\/\/equidash.eu\/es\/etiqueta-producto\/mountain-horse\/\"><img decoding=\"async\" style=\"height: 60px; margin-top: 20px;\" src=\"https:\/\/equidash.eu\/wp-content\/uploads\/2024\/09\/Mountain-Horse-1.png\" alt=\"\" \/><\/a><\/p>","protected":false},"featured_media":943,"template":"","meta":{"_acf_changed":false,"_joinchat":[]},"product_brand":[505],"product_cat":[185,202,22],"product_tag":[71,18],"class_list":{"0":"post-418","1":"product","2":"type-product","3":"status-publish","4":"has-post-thumbnail","6":"product_brand-mountain-horse","7":"product_cat-accessories-rider","8":"product_cat-hats-accessories-rider","9":"product_cat-rider","10":"product_tag-cap","11":"product_tag-mountain-horse","12":"pa_colors-black","13":"pa_colors-navy","15":"first","16":"onbackorder","17":"taxable","18":"shipping-taxable","19":"purchasable","20":"product-type-variable"},"acf":[],"yoast_head":"<!-- This site is optimized with the Yoast SEO Premium plugin v26.2 (Yoast SEO v27.3) - https:\/\/yoast.com\/product\/yoast-seo-premium-wordpress\/ -->\n<title>Mountain Horse Team Rider Cap | Parima hinnaga ratsavarustuse e-pood<\/title>\n<meta name=\"description\" content=\"Equidash - Ratsavarustuse veebipood Eestis ja Hispaanias. Nokam\u00fctsid ja m\u00fctsid ratsanikule. Mountain Horse Team Rider Cap\" \/>\n<meta name=\"robots\" content=\"index, follow, max-snippet:-1, max-image-preview:large, max-video-preview:-1\" \/>\n<link rel=\"canonical\" href=\"https:\/\/equidash.eu\/es\/shop\/jinete\/accesorios-jinete\/gorros-sombreros-accesorios-jinete\/mountain-horse-team-rider-cap\/\" \/>\n<meta property=\"og:locale\" content=\"es_ES\" \/>\n<meta property=\"og:type\" content=\"article\" \/>\n<meta property=\"og:title\" content=\"Mountain Horse Team Rider Cap\" \/>\n<meta property=\"og:description\" content=\"Equidash - Ratsavarustuse veebipood Eestis ja Hispaanias. Nokam\u00fctsid ja m\u00fctsid ratsanikule. Mountain Horse Team Rider Cap\" \/>\n<meta property=\"og:url\" content=\"https:\/\/equidash.eu\/es\/shop\/jinete\/accesorios-jinete\/gorros-sombreros-accesorios-jinete\/mountain-horse-team-rider-cap\/\" \/>\n<meta property=\"og:site_name\" content=\"Parima hinnaga ratsavarustuse e-pood\" \/>\n<meta property=\"article:publisher\" content=\"https:\/\/www.facebook.com\/people\/EquiDash\/61560864479586\/\" \/>\n<meta property=\"article:modified_time\" content=\"2025-03-31T18:08:11+00:00\" \/>\n<meta property=\"og:image\" content=\"https:\/\/equidash.eu\/wp-content\/uploads\/2024\/11\/MH_TeamRider-Cap-navy_1-1.png\" \/>\n\t<meta property=\"og:image:width\" content=\"1080\" \/>\n\t<meta property=\"og:image:height\" content=\"1080\" \/>\n\t<meta property=\"og:image:type\" content=\"image\/png\" \/>\n<meta name=\"twitter:card\" content=\"summary_large_image\" \/>\n<meta name=\"twitter:label1\" content=\"Disponibilidad\" \/>\n\t<meta name=\"twitter:data1\" content=\"Disponible para reservar\" \/>\n<script type=\"application\/ld+json\" class=\"yoast-schema-graph\">{\"@context\":\"https:\\\/\\\/schema.org\",\"@graph\":[{\"@type\":\"WebPage\",\"@id\":\"https:\\\/\\\/equidash.eu\\\/shop\\\/rider\\\/accessories-rider\\\/hats-accessories-rider\\\/mountain-horse-team-rider-cap\\\/\",\"url\":\"https:\\\/\\\/equidash.eu\\\/shop\\\/rider\\\/accessories-rider\\\/hats-accessories-rider\\\/mountain-horse-team-rider-cap\\\/\",\"name\":\"Mountain Horse Team Rider Cap | Parima hinnaga ratsavarustuse e-pood\",\"isPartOf\":{\"@id\":\"https:\\\/\\\/equidash.eu\\\/#website\"},\"primaryImageOfPage\":{\"@id\":\"https:\\\/\\\/equidash.eu\\\/shop\\\/rider\\\/accessories-rider\\\/hats-accessories-rider\\\/mountain-horse-team-rider-cap\\\/#primaryimage\"},\"image\":{\"@id\":\"https:\\\/\\\/equidash.eu\\\/shop\\\/rider\\\/accessories-rider\\\/hats-accessories-rider\\\/mountain-horse-team-rider-cap\\\/#primaryimage\"},\"thumbnailUrl\":\"https:\\\/\\\/equidash.eu\\\/wp-content\\\/uploads\\\/2024\\\/11\\\/MH_TeamRider-Cap-navy_1-1.png\",\"datePublished\":\"2024-11-06T20:15:35+00:00\",\"dateModified\":\"2025-03-31T18:08:11+00:00\",\"description\":\"Equidash - Ratsavarustuse veebipood Eestis ja Hispaanias. Nokam\u00fctsid ja m\u00fctsid ratsanikule. Mountain Horse Team Rider Cap\",\"breadcrumb\":{\"@id\":\"https:\\\/\\\/equidash.eu\\\/shop\\\/rider\\\/accessories-rider\\\/hats-accessories-rider\\\/mountain-horse-team-rider-cap\\\/#breadcrumb\"},\"inLanguage\":\"es\",\"potentialAction\":[{\"@type\":\"ReadAction\",\"target\":[\"https:\\\/\\\/equidash.eu\\\/shop\\\/rider\\\/accessories-rider\\\/hats-accessories-rider\\\/mountain-horse-team-rider-cap\\\/\"]}]},{\"@type\":\"ImageObject\",\"inLanguage\":\"es\",\"@id\":\"https:\\\/\\\/equidash.eu\\\/shop\\\/rider\\\/accessories-rider\\\/hats-accessories-rider\\\/mountain-horse-team-rider-cap\\\/#primaryimage\",\"url\":\"https:\\\/\\\/equidash.eu\\\/wp-content\\\/uploads\\\/2024\\\/11\\\/MH_TeamRider-Cap-navy_1-1.png\",\"contentUrl\":\"https:\\\/\\\/equidash.eu\\\/wp-content\\\/uploads\\\/2024\\\/11\\\/MH_TeamRider-Cap-navy_1-1.png\",\"width\":1080,\"height\":1080},{\"@type\":\"BreadcrumbList\",\"@id\":\"https:\\\/\\\/equidash.eu\\\/shop\\\/rider\\\/accessories-rider\\\/hats-accessories-rider\\\/mountain-horse-team-rider-cap\\\/#breadcrumb\",\"itemListElement\":[{\"@type\":\"ListItem\",\"position\":1,\"name\":\"Home\",\"item\":\"https:\\\/\\\/equidash.eu\\\/\"},{\"@type\":\"ListItem\",\"position\":2,\"name\":\"Shop\",\"item\":\"https:\\\/\\\/equidash.eu\\\/shop\\\/\"},{\"@type\":\"ListItem\",\"position\":3,\"name\":\"Mountain Horse Team Rider Cap\"}]},{\"@type\":\"WebSite\",\"@id\":\"https:\\\/\\\/equidash.eu\\\/#website\",\"url\":\"https:\\\/\\\/equidash.eu\\\/\",\"name\":\"EquiDash\",\"description\":\"Horse Riding Equipment and Accessories\",\"publisher\":{\"@id\":\"https:\\\/\\\/equidash.eu\\\/#organization\"},\"alternateName\":\"EquiDash\",\"potentialAction\":[{\"@type\":\"SearchAction\",\"target\":{\"@type\":\"EntryPoint\",\"urlTemplate\":\"https:\\\/\\\/equidash.eu\\\/?s={search_term_string}\"},\"query-input\":{\"@type\":\"PropertyValueSpecification\",\"valueRequired\":true,\"valueName\":\"search_term_string\"}}],\"inLanguage\":\"es\"},{\"@type\":\"Organization\",\"@id\":\"https:\\\/\\\/equidash.eu\\\/#organization\",\"name\":\"EquiDash\",\"alternateName\":\"EquiDash\",\"url\":\"https:\\\/\\\/equidash.eu\\\/\",\"logo\":{\"@type\":\"ImageObject\",\"inLanguage\":\"es\",\"@id\":\"https:\\\/\\\/equidash.eu\\\/#\\\/schema\\\/logo\\\/image\\\/\",\"url\":\"https:\\\/\\\/equidash.eu\\\/wp-content\\\/uploads\\\/2024\\\/09\\\/EQUIDASH_Logo_Raud-1.png\",\"contentUrl\":\"https:\\\/\\\/equidash.eu\\\/wp-content\\\/uploads\\\/2024\\\/09\\\/EQUIDASH_Logo_Raud-1.png\",\"width\":393,\"height\":422,\"caption\":\"EquiDash\"},\"image\":{\"@id\":\"https:\\\/\\\/equidash.eu\\\/#\\\/schema\\\/logo\\\/image\\\/\"},\"sameAs\":[\"https:\\\/\\\/www.facebook.com\\\/people\\\/EquiDash\\\/61560864479586\\\/\",\"https:\\\/\\\/www.instagram.com\\\/equidash.eshop\\\/\"],\"email\":\"info@equidash.eu\",\"telephone\":\"+372 59007334\",\"legalName\":\"Takian Corporation O\u00dc\",\"foundingDate\":\"2020-10-21\",\"vatID\":\"EE102301283\",\"numberOfEmployees\":{\"@type\":\"QuantitativeValue\",\"minValue\":\"1\",\"maxValue\":\"10\"},\"hasMerchantReturnPolicy\":{\"@type\":\"MerchantReturnPolicy\",\"merchantReturnLink\":\"https:\\\/\\\/equidash.eu\\\/es\\\/return-privacy\\\/\"}}]}<\/script>\n<meta property=\"product:brand\" content=\"Mountain Horse\" \/>\n<meta property=\"og:availability\" content=\"backorder\" \/>\n<meta property=\"product:availability\" content=\"available for order\" \/>\n<meta property=\"product:condition\" content=\"new\" \/>\n<!-- \/ Yoast SEO Premium plugin. -->","yoast_head_json":{"title":"Mountain Horse Team Rider Cap | Parima hinnaga ratsavarustuse e-pood","description":"Equidash - Ratsavarustuse veebipood Eestis ja Hispaanias. Nokam\u00fctsid ja m\u00fctsid ratsanikule. Mountain Horse Team Rider Cap","robots":{"index":"index","follow":"follow","max-snippet":"max-snippet:-1","max-image-preview":"max-image-preview:large","max-video-preview":"max-video-preview:-1"},"canonical":"https:\/\/equidash.eu\/es\/shop\/jinete\/accesorios-jinete\/gorros-sombreros-accesorios-jinete\/mountain-horse-team-rider-cap\/","og_locale":"es_ES","og_type":"article","og_title":"Mountain Horse Team Rider Cap","og_description":"Equidash - Ratsavarustuse veebipood Eestis ja Hispaanias. Nokam\u00fctsid ja m\u00fctsid ratsanikule. Mountain Horse Team Rider Cap","og_url":"https:\/\/equidash.eu\/es\/shop\/jinete\/accesorios-jinete\/gorros-sombreros-accesorios-jinete\/mountain-horse-team-rider-cap\/","og_site_name":"Parima hinnaga ratsavarustuse e-pood","article_publisher":"https:\/\/www.facebook.com\/people\/EquiDash\/61560864479586\/","article_modified_time":"2025-03-31T18:08:11+00:00","og_image":[{"width":1080,"height":1080,"url":"https:\/\/equidash.eu\/wp-content\/uploads\/2024\/11\/MH_TeamRider-Cap-navy_1-1.png","type":"image\/png"}],"twitter_card":"summary_large_image","twitter_misc":{"Disponibilidad":"Disponible para reservar"},"schema":{"@context":"https:\/\/schema.org","@graph":[{"@type":"WebPage","@id":"https:\/\/equidash.eu\/shop\/rider\/accessories-rider\/hats-accessories-rider\/mountain-horse-team-rider-cap\/","url":"https:\/\/equidash.eu\/shop\/rider\/accessories-rider\/hats-accessories-rider\/mountain-horse-team-rider-cap\/","name":"Mountain Horse Team Rider Cap | Parima hinnaga ratsavarustuse e-pood","isPartOf":{"@id":"https:\/\/equidash.eu\/#website"},"primaryImageOfPage":{"@id":"https:\/\/equidash.eu\/shop\/rider\/accessories-rider\/hats-accessories-rider\/mountain-horse-team-rider-cap\/#primaryimage"},"image":{"@id":"https:\/\/equidash.eu\/shop\/rider\/accessories-rider\/hats-accessories-rider\/mountain-horse-team-rider-cap\/#primaryimage"},"thumbnailUrl":"https:\/\/equidash.eu\/wp-content\/uploads\/2024\/11\/MH_TeamRider-Cap-navy_1-1.png","datePublished":"2024-11-06T20:15:35+00:00","dateModified":"2025-03-31T18:08:11+00:00","description":"Equidash - Ratsavarustuse veebipood Eestis ja Hispaanias. Nokam\u00fctsid ja m\u00fctsid ratsanikule. Mountain Horse Team Rider Cap","breadcrumb":{"@id":"https:\/\/equidash.eu\/shop\/rider\/accessories-rider\/hats-accessories-rider\/mountain-horse-team-rider-cap\/#breadcrumb"},"inLanguage":"es","potentialAction":[{"@type":"ReadAction","target":["https:\/\/equidash.eu\/shop\/rider\/accessories-rider\/hats-accessories-rider\/mountain-horse-team-rider-cap\/"]}]},{"@type":"ImageObject","inLanguage":"es","@id":"https:\/\/equidash.eu\/shop\/rider\/accessories-rider\/hats-accessories-rider\/mountain-horse-team-rider-cap\/#primaryimage","url":"https:\/\/equidash.eu\/wp-content\/uploads\/2024\/11\/MH_TeamRider-Cap-navy_1-1.png","contentUrl":"https:\/\/equidash.eu\/wp-content\/uploads\/2024\/11\/MH_TeamRider-Cap-navy_1-1.png","width":1080,"height":1080},{"@type":"BreadcrumbList","@id":"https:\/\/equidash.eu\/shop\/rider\/accessories-rider\/hats-accessories-rider\/mountain-horse-team-rider-cap\/#breadcrumb","itemListElement":[{"@type":"ListItem","position":1,"name":"Home","item":"https:\/\/equidash.eu\/"},{"@type":"ListItem","position":2,"name":"Shop","item":"https:\/\/equidash.eu\/shop\/"},{"@type":"ListItem","position":3,"name":"Mountain Horse Team Rider Cap"}]},{"@type":"WebSite","@id":"https:\/\/equidash.eu\/#website","url":"https:\/\/equidash.eu\/","name":"EquiDash","description":"Horse Riding Equipment and Accessories","publisher":{"@id":"https:\/\/equidash.eu\/#organization"},"alternateName":"EquiDash","potentialAction":[{"@type":"SearchAction","target":{"@type":"EntryPoint","urlTemplate":"https:\/\/equidash.eu\/?s={search_term_string}"},"query-input":{"@type":"PropertyValueSpecification","valueRequired":true,"valueName":"search_term_string"}}],"inLanguage":"es"},{"@type":"Organization","@id":"https:\/\/equidash.eu\/#organization","name":"EquiDash","alternateName":"EquiDash","url":"https:\/\/equidash.eu\/","logo":{"@type":"ImageObject","inLanguage":"es","@id":"https:\/\/equidash.eu\/#\/schema\/logo\/image\/","url":"https:\/\/equidash.eu\/wp-content\/uploads\/2024\/09\/EQUIDASH_Logo_Raud-1.png","contentUrl":"https:\/\/equidash.eu\/wp-content\/uploads\/2024\/09\/EQUIDASH_Logo_Raud-1.png","width":393,"height":422,"caption":"EquiDash"},"image":{"@id":"https:\/\/equidash.eu\/#\/schema\/logo\/image\/"},"sameAs":["https:\/\/www.facebook.com\/people\/EquiDash\/61560864479586\/","https:\/\/www.instagram.com\/equidash.eshop\/"],"email":"info@equidash.eu","telephone":"+372 59007334","legalName":"Takian Corporation O\u00dc","foundingDate":"2020-10-21","vatID":"EE102301283","numberOfEmployees":{"@type":"QuantitativeValue","minValue":"1","maxValue":"10"},"hasMerchantReturnPolicy":{"@type":"MerchantReturnPolicy","merchantReturnLink":"https:\/\/equidash.eu\/es\/return-privacy\/"}}]},"product_brand":"Mountain Horse","og_availability":"backorder","product_availability":"available for order","product_condition":"new"},"_links":{"self":[{"href":"https:\/\/equidash.eu\/es\/wp-json\/wp\/v2\/product\/418","targetHints":{"allow":["GET"]}}],"collection":[{"href":"https:\/\/equidash.eu\/es\/wp-json\/wp\/v2\/product"}],"about":[{"href":"https:\/\/equidash.eu\/es\/wp-json\/wp\/v2\/types\/product"}],"wp:featuredmedia":[{"embeddable":true,"href":"https:\/\/equidash.eu\/es\/wp-json\/wp\/v2\/media\/943"}],"wp:attachment":[{"href":"https:\/\/equidash.eu\/es\/wp-json\/wp\/v2\/media?parent=418"}],"wp:term":[{"taxonomy":"product_brand","embeddable":true,"href":"https:\/\/equidash.eu\/es\/wp-json\/wp\/v2\/product_brand?post=418"},{"taxonomy":"product_cat","embeddable":true,"href":"https:\/\/equidash.eu\/es\/wp-json\/wp\/v2\/product_cat?post=418"},{"taxonomy":"product_tag","embeddable":true,"href":"https:\/\/equidash.eu\/es\/wp-json\/wp\/v2\/product_tag?post=418"}],"curies":[{"name":"wp","href":"https:\/\/api.w.org\/{rel}","templated":true}]}}