{"id":4312,"date":"2025-05-01T14:14:48","date_gmt":"2025-05-01T12:14:48","guid":{"rendered":"https:\/\/equidash.eu\/?post_type=product&#038;p=4312"},"modified":"2025-05-01T14:14:50","modified_gmt":"2025-05-01T12:14:50","slug":"imperial-riding-fly-sheet-with-neck-part-and-fly-mask-carly","status":"publish","type":"product","link":"https:\/\/equidash.eu\/es\/shop\/horse\/imperial-riding-fly-sheet-with-neck-part-and-fly-mask-carly\/","title":{"rendered":"Imperial Riding Fly Sheet with Neck Part and Fly Mask Carly"},"content":{"rendered":"<p><span style=\"font-size: 100%;\">The Imperial Riding fly blanket Carly, featuring a fixed neck and detachable fly mask, is made of fine mesh with a stylish zebra print. The blanket protects the horse against mosquitoes and flies and prevents the horse being discolored by the sun. With nylon lining on the shoulder and the manes, gusset and chest closure with velcro and buckle closure.<\/span><\/p>\n<p><span style=\"font-size: 100%;\">TIP! Did you know that especially this funny print keeps the flies away? They even get drunk by the effect of the stipes. Only this print really prepant your horse form irritant fly bites.<\/span><\/p>\n<ul>\n<li class=\"\" data-start=\"49\" data-end=\"82\"><span style=\"font-size: 100%;\">Neck with Velcro and ear hole<\/span><\/li>\n<li class=\"\" data-start=\"49\" data-end=\"82\"><span style=\"font-size: 100%;\">Belly flap with 3 torque fasteners<\/span><\/li>\n<li class=\"\" data-start=\"49\" data-end=\"82\"><span style=\"font-size: 100%;\">Extra-long tail flap with tail strap<\/span><\/li>\n<li class=\"\" data-start=\"49\" data-end=\"82\"><span style=\"font-size: 100%;\">Elastic leg straps<\/span><\/li>\n<li class=\"\" data-start=\"49\" data-end=\"82\"><span style=\"font-size: 100%;\">Mask with Velcro and fleece trim<\/span><\/li>\n<li class=\"\" data-start=\"49\" data-end=\"82\"><span style=\"font-size: 100%;\">Main material: 100% polyester,<\/span><\/li>\n<\/ul>\n<p><span style=\"font-size: 100%;\">Care: Machine wash cold, 30\u2103, normal process. Do not bleach, do not dry clean, do not tumble dry. Iron on low temperature.<\/span><\/p>","protected":false},"excerpt":{"rendered":"<p><a href=\"https:\/\/equidash.eu\/es\/etiqueta-producto\/imperial-riding\/\"><img decoding=\"async\" style=\"height: 60px; margin-top: 20px;\" src=\"https:\/\/equidash.eu\/wp-content\/uploads\/2024\/12\/IR-Small-Horseshoe_DivaPink.png\" alt=\"\" \/><\/a><\/p>","protected":false},"featured_media":4323,"template":"","meta":{"_acf_changed":false,"_joinchat":[]},"product_brand":[504],"product_cat":[237,27,233],"product_tag":[584,376,380,635],"class_list":{"0":"post-4312","1":"product","2":"type-product","3":"status-publish","4":"has-post-thumbnail","6":"product_brand-imperial-riding","7":"product_cat-fly-sheets","8":"product_cat-horse","9":"product_cat-horse-rugs","10":"product_tag-fly-mask","11":"product_tag-fly-sheet","12":"product_tag-imperial-riding","13":"product_tag-zebra","14":"pa_size-152","15":"pa_size-156","16":"pa_size-157","17":"pa_size-158","18":"pa_size-159","19":"pa_size-160","21":"first","22":"onbackorder","23":"taxable","24":"shipping-taxable","25":"purchasable","26":"product-type-variable"},"acf":[],"yoast_head":"<!-- This site is optimized with the Yoast SEO Premium plugin v26.2 (Yoast SEO v27.2) - https:\/\/yoast.com\/product\/yoast-seo-premium-wordpress\/ -->\n<title>Imperial Riding Fly Sheet with Neck Part and Fly Mask Carly | Parima hinnaga ratsavarustuse e-pood<\/title>\n<meta name=\"description\" content=\"Imperial Riding Zebra kaelaga putukatekk + mask kaitsevad sinu hobust t\u00fc\u00fctute k\u00e4rbeste ja parmude eest! Vaata kohe www.equidash.eu veebipoest!\" \/>\n<meta name=\"robots\" content=\"index, follow, max-snippet:-1, max-image-preview:large, max-video-preview:-1\" \/>\n<link rel=\"canonical\" href=\"https:\/\/equidash.eu\/es\/shop\/caballo\/imperial-riding-fly-sheet-with-neck-part-and-fly-mask-carly\/\" \/>\n<meta property=\"og:locale\" content=\"es_ES\" \/>\n<meta property=\"og:type\" content=\"article\" \/>\n<meta property=\"og:title\" content=\"Imperial Riding Fly Sheet with Neck Part and Fly Mask Carly\" \/>\n<meta property=\"og:description\" content=\"Imperial Riding Zebra kaelaga putukatekk + mask kaitsevad sinu hobust t\u00fc\u00fctute k\u00e4rbeste ja parmude eest! Vaata kohe www.equidash.eu veebipoest!\" \/>\n<meta property=\"og:url\" content=\"https:\/\/equidash.eu\/es\/shop\/caballo\/imperial-riding-fly-sheet-with-neck-part-and-fly-mask-carly\/\" \/>\n<meta property=\"og:site_name\" content=\"Parima hinnaga ratsavarustuse e-pood\" \/>\n<meta property=\"article:publisher\" content=\"https:\/\/www.facebook.com\/people\/EquiDash\/61560864479586\/\" \/>\n<meta property=\"article:modified_time\" content=\"2025-05-01T12:14:50+00:00\" \/>\n<meta property=\"og:image\" content=\"https:\/\/equidash.eu\/wp-content\/uploads\/2025\/05\/IRH_Fly-Sheet_Carly_Zebra_0.jpg\" \/>\n\t<meta property=\"og:image:width\" content=\"1245\" \/>\n\t<meta property=\"og:image:height\" content=\"1245\" \/>\n\t<meta property=\"og:image:type\" content=\"image\/jpeg\" \/>\n<meta name=\"twitter:card\" content=\"summary_large_image\" \/>\n<meta name=\"twitter:label1\" content=\"Disponibilidad\" \/>\n\t<meta name=\"twitter:data1\" content=\"Disponible para reservar\" \/>\n<script type=\"application\/ld+json\" class=\"yoast-schema-graph\">{\"@context\":\"https:\/\/schema.org\",\"@graph\":[{\"@type\":\"WebPage\",\"@id\":\"https:\/\/equidash.eu\/shop\/horse\/imperial-riding-fly-sheet-with-neck-part-and-fly-mask-carly\/\",\"url\":\"https:\/\/equidash.eu\/shop\/horse\/imperial-riding-fly-sheet-with-neck-part-and-fly-mask-carly\/\",\"name\":\"Imperial Riding Fly Sheet with Neck Part and Fly Mask Carly | Parima hinnaga ratsavarustuse e-pood\",\"isPartOf\":{\"@id\":\"https:\/\/equidash.eu\/#website\"},\"primaryImageOfPage\":{\"@id\":\"https:\/\/equidash.eu\/shop\/horse\/imperial-riding-fly-sheet-with-neck-part-and-fly-mask-carly\/#primaryimage\"},\"image\":{\"@id\":\"https:\/\/equidash.eu\/shop\/horse\/imperial-riding-fly-sheet-with-neck-part-and-fly-mask-carly\/#primaryimage\"},\"thumbnailUrl\":\"https:\/\/equidash.eu\/wp-content\/uploads\/2025\/05\/IRH_Fly-Sheet_Carly_Zebra_0.jpg\",\"datePublished\":\"2025-05-01T12:14:48+00:00\",\"dateModified\":\"2025-05-01T12:14:50+00:00\",\"description\":\"Imperial Riding Zebra kaelaga putukatekk + mask kaitsevad sinu hobust t\u00fc\u00fctute k\u00e4rbeste ja parmude eest! Vaata kohe www.equidash.eu veebipoest!\",\"breadcrumb\":{\"@id\":\"https:\/\/equidash.eu\/shop\/horse\/imperial-riding-fly-sheet-with-neck-part-and-fly-mask-carly\/#breadcrumb\"},\"inLanguage\":\"es\",\"potentialAction\":[{\"@type\":\"ReadAction\",\"target\":[\"https:\/\/equidash.eu\/shop\/horse\/imperial-riding-fly-sheet-with-neck-part-and-fly-mask-carly\/\"]}]},{\"@type\":\"ImageObject\",\"inLanguage\":\"es\",\"@id\":\"https:\/\/equidash.eu\/shop\/horse\/imperial-riding-fly-sheet-with-neck-part-and-fly-mask-carly\/#primaryimage\",\"url\":\"https:\/\/equidash.eu\/wp-content\/uploads\/2025\/05\/IRH_Fly-Sheet_Carly_Zebra_0.jpg\",\"contentUrl\":\"https:\/\/equidash.eu\/wp-content\/uploads\/2025\/05\/IRH_Fly-Sheet_Carly_Zebra_0.jpg\",\"width\":1245,\"height\":1245,\"caption\":\"Kaelaga putukatekk + mask Carly \u2013 kaitse k\u00e4rbeste ja p\u00e4ikese eest zebra mustriga\"},{\"@type\":\"BreadcrumbList\",\"@id\":\"https:\/\/equidash.eu\/shop\/horse\/imperial-riding-fly-sheet-with-neck-part-and-fly-mask-carly\/#breadcrumb\",\"itemListElement\":[{\"@type\":\"ListItem\",\"position\":1,\"name\":\"Home\",\"item\":\"https:\/\/equidash.eu\/\"},{\"@type\":\"ListItem\",\"position\":2,\"name\":\"Shop\",\"item\":\"https:\/\/equidash.eu\/shop\/\"},{\"@type\":\"ListItem\",\"position\":3,\"name\":\"Imperial Riding Fly Sheet with Neck Part and Fly Mask Carly\"}]},{\"@type\":\"WebSite\",\"@id\":\"https:\/\/equidash.eu\/#website\",\"url\":\"https:\/\/equidash.eu\/\",\"name\":\"EquiDash\",\"description\":\"Horse Riding Equipment and Accessories\",\"publisher\":{\"@id\":\"https:\/\/equidash.eu\/#organization\"},\"alternateName\":\"EquiDash\",\"potentialAction\":[{\"@type\":\"SearchAction\",\"target\":{\"@type\":\"EntryPoint\",\"urlTemplate\":\"https:\/\/equidash.eu\/?s={search_term_string}\"},\"query-input\":{\"@type\":\"PropertyValueSpecification\",\"valueRequired\":true,\"valueName\":\"search_term_string\"}}],\"inLanguage\":\"es\"},{\"@type\":\"Organization\",\"@id\":\"https:\/\/equidash.eu\/#organization\",\"name\":\"EquiDash\",\"alternateName\":\"EquiDash\",\"url\":\"https:\/\/equidash.eu\/\",\"logo\":{\"@type\":\"ImageObject\",\"inLanguage\":\"es\",\"@id\":\"https:\/\/equidash.eu\/#\/schema\/logo\/image\/\",\"url\":\"https:\/\/equidash.eu\/wp-content\/uploads\/2024\/09\/EQUIDASH_Logo_Raud-1.png\",\"contentUrl\":\"https:\/\/equidash.eu\/wp-content\/uploads\/2024\/09\/EQUIDASH_Logo_Raud-1.png\",\"width\":393,\"height\":422,\"caption\":\"EquiDash\"},\"image\":{\"@id\":\"https:\/\/equidash.eu\/#\/schema\/logo\/image\/\"},\"sameAs\":[\"https:\/\/www.facebook.com\/people\/EquiDash\/61560864479586\/\",\"https:\/\/www.instagram.com\/equidash.eshop\/\"],\"email\":\"info@equidash.eu\",\"telephone\":\"+372 59007334\",\"legalName\":\"Takian Corporation O\u00dc\",\"foundingDate\":\"2020-10-21\",\"vatID\":\"EE102301283\",\"numberOfEmployees\":{\"@type\":\"QuantitativeValue\",\"minValue\":\"1\",\"maxValue\":\"10\"},\"hasMerchantReturnPolicy\":{\"@type\":\"MerchantReturnPolicy\",\"merchantReturnLink\":\"https:\/\/equidash.eu\/es\/return-privacy\/\"}}]}<\/script>\n<meta property=\"product:brand\" content=\"Imperial Riding\" \/>\n<meta property=\"og:availability\" content=\"backorder\" \/>\n<meta property=\"product:availability\" content=\"available for order\" \/>\n<meta property=\"product:retailer_item_id\" content=\"DE20122000\" \/>\n<meta property=\"product:condition\" content=\"new\" \/>\n<!-- \/ Yoast SEO Premium plugin. -->","yoast_head_json":{"title":"Imperial Riding Fly Sheet with Neck Part and Fly Mask Carly | Parima hinnaga ratsavarustuse e-pood","description":"Imperial Riding Zebra kaelaga putukatekk + mask kaitsevad sinu hobust t\u00fc\u00fctute k\u00e4rbeste ja parmude eest! Vaata kohe www.equidash.eu veebipoest!","robots":{"index":"index","follow":"follow","max-snippet":"max-snippet:-1","max-image-preview":"max-image-preview:large","max-video-preview":"max-video-preview:-1"},"canonical":"https:\/\/equidash.eu\/es\/shop\/caballo\/imperial-riding-fly-sheet-with-neck-part-and-fly-mask-carly\/","og_locale":"es_ES","og_type":"article","og_title":"Imperial Riding Fly Sheet with Neck Part and Fly Mask Carly","og_description":"Imperial Riding Zebra kaelaga putukatekk + mask kaitsevad sinu hobust t\u00fc\u00fctute k\u00e4rbeste ja parmude eest! Vaata kohe www.equidash.eu veebipoest!","og_url":"https:\/\/equidash.eu\/es\/shop\/caballo\/imperial-riding-fly-sheet-with-neck-part-and-fly-mask-carly\/","og_site_name":"Parima hinnaga ratsavarustuse e-pood","article_publisher":"https:\/\/www.facebook.com\/people\/EquiDash\/61560864479586\/","article_modified_time":"2025-05-01T12:14:50+00:00","og_image":[{"width":1245,"height":1245,"url":"https:\/\/equidash.eu\/wp-content\/uploads\/2025\/05\/IRH_Fly-Sheet_Carly_Zebra_0.jpg","type":"image\/jpeg"}],"twitter_card":"summary_large_image","twitter_misc":{"Disponibilidad":"Disponible para reservar"},"schema":{"@context":"https:\/\/schema.org","@graph":[{"@type":"WebPage","@id":"https:\/\/equidash.eu\/shop\/horse\/imperial-riding-fly-sheet-with-neck-part-and-fly-mask-carly\/","url":"https:\/\/equidash.eu\/shop\/horse\/imperial-riding-fly-sheet-with-neck-part-and-fly-mask-carly\/","name":"Imperial Riding Fly Sheet with Neck Part and Fly Mask Carly | Parima hinnaga ratsavarustuse e-pood","isPartOf":{"@id":"https:\/\/equidash.eu\/#website"},"primaryImageOfPage":{"@id":"https:\/\/equidash.eu\/shop\/horse\/imperial-riding-fly-sheet-with-neck-part-and-fly-mask-carly\/#primaryimage"},"image":{"@id":"https:\/\/equidash.eu\/shop\/horse\/imperial-riding-fly-sheet-with-neck-part-and-fly-mask-carly\/#primaryimage"},"thumbnailUrl":"https:\/\/equidash.eu\/wp-content\/uploads\/2025\/05\/IRH_Fly-Sheet_Carly_Zebra_0.jpg","datePublished":"2025-05-01T12:14:48+00:00","dateModified":"2025-05-01T12:14:50+00:00","description":"Imperial Riding Zebra kaelaga putukatekk + mask kaitsevad sinu hobust t\u00fc\u00fctute k\u00e4rbeste ja parmude eest! Vaata kohe www.equidash.eu veebipoest!","breadcrumb":{"@id":"https:\/\/equidash.eu\/shop\/horse\/imperial-riding-fly-sheet-with-neck-part-and-fly-mask-carly\/#breadcrumb"},"inLanguage":"es","potentialAction":[{"@type":"ReadAction","target":["https:\/\/equidash.eu\/shop\/horse\/imperial-riding-fly-sheet-with-neck-part-and-fly-mask-carly\/"]}]},{"@type":"ImageObject","inLanguage":"es","@id":"https:\/\/equidash.eu\/shop\/horse\/imperial-riding-fly-sheet-with-neck-part-and-fly-mask-carly\/#primaryimage","url":"https:\/\/equidash.eu\/wp-content\/uploads\/2025\/05\/IRH_Fly-Sheet_Carly_Zebra_0.jpg","contentUrl":"https:\/\/equidash.eu\/wp-content\/uploads\/2025\/05\/IRH_Fly-Sheet_Carly_Zebra_0.jpg","width":1245,"height":1245,"caption":"Kaelaga putukatekk + mask Carly \u2013 kaitse k\u00e4rbeste ja p\u00e4ikese eest zebra mustriga"},{"@type":"BreadcrumbList","@id":"https:\/\/equidash.eu\/shop\/horse\/imperial-riding-fly-sheet-with-neck-part-and-fly-mask-carly\/#breadcrumb","itemListElement":[{"@type":"ListItem","position":1,"name":"Home","item":"https:\/\/equidash.eu\/"},{"@type":"ListItem","position":2,"name":"Shop","item":"https:\/\/equidash.eu\/shop\/"},{"@type":"ListItem","position":3,"name":"Imperial Riding Fly Sheet with Neck Part and Fly Mask Carly"}]},{"@type":"WebSite","@id":"https:\/\/equidash.eu\/#website","url":"https:\/\/equidash.eu\/","name":"EquiDash","description":"Horse Riding Equipment and Accessories","publisher":{"@id":"https:\/\/equidash.eu\/#organization"},"alternateName":"EquiDash","potentialAction":[{"@type":"SearchAction","target":{"@type":"EntryPoint","urlTemplate":"https:\/\/equidash.eu\/?s={search_term_string}"},"query-input":{"@type":"PropertyValueSpecification","valueRequired":true,"valueName":"search_term_string"}}],"inLanguage":"es"},{"@type":"Organization","@id":"https:\/\/equidash.eu\/#organization","name":"EquiDash","alternateName":"EquiDash","url":"https:\/\/equidash.eu\/","logo":{"@type":"ImageObject","inLanguage":"es","@id":"https:\/\/equidash.eu\/#\/schema\/logo\/image\/","url":"https:\/\/equidash.eu\/wp-content\/uploads\/2024\/09\/EQUIDASH_Logo_Raud-1.png","contentUrl":"https:\/\/equidash.eu\/wp-content\/uploads\/2024\/09\/EQUIDASH_Logo_Raud-1.png","width":393,"height":422,"caption":"EquiDash"},"image":{"@id":"https:\/\/equidash.eu\/#\/schema\/logo\/image\/"},"sameAs":["https:\/\/www.facebook.com\/people\/EquiDash\/61560864479586\/","https:\/\/www.instagram.com\/equidash.eshop\/"],"email":"info@equidash.eu","telephone":"+372 59007334","legalName":"Takian Corporation O\u00dc","foundingDate":"2020-10-21","vatID":"EE102301283","numberOfEmployees":{"@type":"QuantitativeValue","minValue":"1","maxValue":"10"},"hasMerchantReturnPolicy":{"@type":"MerchantReturnPolicy","merchantReturnLink":"https:\/\/equidash.eu\/es\/return-privacy\/"}}]},"product_brand":"Imperial Riding","og_availability":"backorder","product_availability":"available for order","product_retailer_item_id":"DE20122000","product_condition":"new"},"_links":{"self":[{"href":"https:\/\/equidash.eu\/es\/wp-json\/wp\/v2\/product\/4312","targetHints":{"allow":["GET"]}}],"collection":[{"href":"https:\/\/equidash.eu\/es\/wp-json\/wp\/v2\/product"}],"about":[{"href":"https:\/\/equidash.eu\/es\/wp-json\/wp\/v2\/types\/product"}],"wp:featuredmedia":[{"embeddable":true,"href":"https:\/\/equidash.eu\/es\/wp-json\/wp\/v2\/media\/4323"}],"wp:attachment":[{"href":"https:\/\/equidash.eu\/es\/wp-json\/wp\/v2\/media?parent=4312"}],"wp:term":[{"taxonomy":"product_brand","embeddable":true,"href":"https:\/\/equidash.eu\/es\/wp-json\/wp\/v2\/product_brand?post=4312"},{"taxonomy":"product_cat","embeddable":true,"href":"https:\/\/equidash.eu\/es\/wp-json\/wp\/v2\/product_cat?post=4312"},{"taxonomy":"product_tag","embeddable":true,"href":"https:\/\/equidash.eu\/es\/wp-json\/wp\/v2\/product_tag?post=4312"}],"curies":[{"name":"wp","href":"https:\/\/api.w.org\/{rel}","templated":true}]}}