{"id":4366,"date":"2025-05-02T17:40:27","date_gmt":"2025-05-02T15:40:27","guid":{"rendered":"https:\/\/equidash.eu\/?post_type=product&#038;p=4366"},"modified":"2025-05-02T17:49:52","modified_gmt":"2025-05-02T15:49:52","slug":"hv-polo-mens-polo-shirt-mason","status":"publish","type":"product","link":"https:\/\/equidash.eu\/es\/shop\/rider\/hv-polo-mens-polo-shirt-mason\/","title":{"rendered":"Polo para Hombre HV Polo Mason"},"content":{"rendered":"<p>La camiseta tipo polo para hombre HV Polo Mason est\u00e1 hecha de un material funcional con elasticidad en 4 direcciones, ofreciendo la m\u00e1xima comodidad y un ajuste relajado para un look masculino. La funci\u00f3n de secado r\u00e1pido asegura que te mantengas fresco y seco durante todo el d\u00eda.<\/p>\n<ul>\n<li data-start=\"52\" data-end=\"105\">Tejido funcional con elasticidad en 4 direcciones para m\u00e1xima comodidad<\/li>\n<li data-start=\"52\" data-end=\"105\">Corte relajado para una silueta masculina<\/li>\n<li data-start=\"52\" data-end=\"105\">Tecnolog\u00eda de secado r\u00e1pido que te mantiene fresco y seco<\/li>\n<li data-start=\"52\" data-end=\"105\">Cuello y pu\u00f1os de punto plano para un look elegante<\/li>\n<li data-start=\"52\" data-end=\"105\">Cierre frontal con broches met\u00e1licos<\/li>\n<li data-start=\"52\" data-end=\"105\">Material: 95% poliamida, 5% elastano<\/li>\n<\/ul>\n<p>Cuidado: Lavar del rev\u00e9s, a m\u00e1quina en fr\u00edo (30\u2103), con programa delicado. No usar lej\u00eda, no lavar en seco, no secar en secadora, no usar suavizante. Lavar y secar los colores oscuros por separado.<\/p>","protected":false},"excerpt":{"rendered":"<p><a href=\"https:\/\/equidash.es\/product-tag\/hv-polo\/\"><img decoding=\"async\" style=\"height: 60px; margin-top: 20px;\" src=\"https:\/\/equidash.eu\/wp-content\/uploads\/2024\/10\/HVP-1.png\" alt=\"\" \/><\/a><\/p>","protected":false},"featured_media":4385,"template":"","meta":{"_acf_changed":false,"_joinchat":[]},"product_brand":[511],"product_cat":[263,22,203,486],"product_tag":[28,643,492,642],"class_list":{"0":"post-4366","1":"product","2":"type-product","3":"status-publish","4":"has-post-thumbnail","6":"product_brand-hv-polo","7":"product_cat-men-riding-clothing-rider","8":"product_cat-rider","9":"product_cat-riding-clothing-rider","10":"product_cat-t-shirts-tops-men-riding-clothing-rider","11":"product_tag-hv-polo","12":"product_tag-mason","13":"product_tag-men","14":"product_tag-polo-shirt","15":"pa_colors-black","16":"pa_colors-navy","17":"pa_colors-stone","18":"pa_size-l","19":"pa_size-m","20":"pa_size-s","21":"pa_size-xxl","23":"first","24":"onbackorder","25":"taxable","26":"shipping-taxable","27":"purchasable","28":"product-type-variable"},"acf":[],"yoast_head":"<!-- This site is optimized with the Yoast SEO Premium plugin v26.2 (Yoast SEO v27.2) - https:\/\/yoast.com\/product\/yoast-seo-premium-wordpress\/ -->\n<title>HV Polo Men&#039;s Polo Shirt Mason | Parima hinnaga ratsavarustuse e-pood<\/title>\n<meta name=\"description\" content=\"HV Polo Shirt Mason | Kaunis meeste polos\u00e4rk 4-suunalise venivusega materjalist. Kiiresti kuivav kangas hoiab Sind v\u00e4rske ja kuivana kogu p\u00e4eva.\" \/>\n<meta name=\"robots\" content=\"index, follow, max-snippet:-1, max-image-preview:large, max-video-preview:-1\" \/>\n<link rel=\"canonical\" href=\"https:\/\/equidash.eu\/es\/shop\/jinete\/hv-polo-mens-polo-shirt-mason\/\" \/>\n<meta property=\"og:locale\" content=\"es_ES\" \/>\n<meta property=\"og:type\" content=\"article\" \/>\n<meta property=\"og:title\" content=\"HV Polo Men&#039;s Polo Shirt Mason\" \/>\n<meta property=\"og:description\" content=\"HV Polo Shirt Mason | Kaunis meeste polos\u00e4rk 4-suunalise venivusega materjalist. Kiiresti kuivav kangas hoiab Sind v\u00e4rske ja kuivana kogu p\u00e4eva.\" \/>\n<meta property=\"og:url\" content=\"https:\/\/equidash.eu\/es\/shop\/jinete\/hv-polo-mens-polo-shirt-mason\/\" \/>\n<meta property=\"og:site_name\" content=\"Parima hinnaga ratsavarustuse e-pood\" \/>\n<meta property=\"article:publisher\" content=\"https:\/\/www.facebook.com\/people\/EquiDash\/61560864479586\/\" \/>\n<meta property=\"article:modified_time\" content=\"2025-05-02T15:49:52+00:00\" \/>\n<meta property=\"og:image\" content=\"https:\/\/equidash.eu\/wp-content\/uploads\/2025\/05\/HVPolo_Men_Polo-Shirt_Mason_Navy_0-scaled.jpg\" \/>\n\t<meta property=\"og:image:width\" content=\"2560\" \/>\n\t<meta property=\"og:image:height\" content=\"2560\" \/>\n\t<meta property=\"og:image:type\" content=\"image\/jpeg\" \/>\n<meta name=\"twitter:card\" content=\"summary_large_image\" \/>\n<meta name=\"twitter:label1\" content=\"Disponibilidad\" \/>\n\t<meta name=\"twitter:data1\" content=\"Disponible para reservar\" \/>\n<script type=\"application\/ld+json\" class=\"yoast-schema-graph\">{\"@context\":\"https:\/\/schema.org\",\"@graph\":[{\"@type\":\"WebPage\",\"@id\":\"https:\/\/equidash.eu\/shop\/rider\/hv-polo-mens-polo-shirt-mason\/\",\"url\":\"https:\/\/equidash.eu\/shop\/rider\/hv-polo-mens-polo-shirt-mason\/\",\"name\":\"HV Polo Men's Polo Shirt Mason | Parima hinnaga ratsavarustuse e-pood\",\"isPartOf\":{\"@id\":\"https:\/\/equidash.eu\/#website\"},\"primaryImageOfPage\":{\"@id\":\"https:\/\/equidash.eu\/shop\/rider\/hv-polo-mens-polo-shirt-mason\/#primaryimage\"},\"image\":{\"@id\":\"https:\/\/equidash.eu\/shop\/rider\/hv-polo-mens-polo-shirt-mason\/#primaryimage\"},\"thumbnailUrl\":\"https:\/\/equidash.eu\/wp-content\/uploads\/2025\/05\/HVPolo_Men_Polo-Shirt_Mason_Navy_0-scaled.jpg\",\"datePublished\":\"2025-05-02T15:40:27+00:00\",\"dateModified\":\"2025-05-02T15:49:52+00:00\",\"description\":\"HV Polo Shirt Mason | Kaunis meeste polos\u00e4rk 4-suunalise venivusega materjalist. Kiiresti kuivav kangas hoiab Sind v\u00e4rske ja kuivana kogu p\u00e4eva.\",\"breadcrumb\":{\"@id\":\"https:\/\/equidash.eu\/shop\/rider\/hv-polo-mens-polo-shirt-mason\/#breadcrumb\"},\"inLanguage\":\"es\",\"potentialAction\":[{\"@type\":\"ReadAction\",\"target\":[\"https:\/\/equidash.eu\/shop\/rider\/hv-polo-mens-polo-shirt-mason\/\"]}]},{\"@type\":\"ImageObject\",\"inLanguage\":\"es\",\"@id\":\"https:\/\/equidash.eu\/shop\/rider\/hv-polo-mens-polo-shirt-mason\/#primaryimage\",\"url\":\"https:\/\/equidash.eu\/wp-content\/uploads\/2025\/05\/HVPolo_Men_Polo-Shirt_Mason_Navy_0-scaled.jpg\",\"contentUrl\":\"https:\/\/equidash.eu\/wp-content\/uploads\/2025\/05\/HVPolo_Men_Polo-Shirt_Mason_Navy_0-scaled.jpg\",\"width\":2560,\"height\":2560,\"caption\":\"HV Polo Mason polos\u00e4rk \u2013 maksimaalne liikumisvabadus ja stiil\"},{\"@type\":\"BreadcrumbList\",\"@id\":\"https:\/\/equidash.eu\/shop\/rider\/hv-polo-mens-polo-shirt-mason\/#breadcrumb\",\"itemListElement\":[{\"@type\":\"ListItem\",\"position\":1,\"name\":\"Home\",\"item\":\"https:\/\/equidash.eu\/\"},{\"@type\":\"ListItem\",\"position\":2,\"name\":\"Shop\",\"item\":\"https:\/\/equidash.eu\/shop\/\"},{\"@type\":\"ListItem\",\"position\":3,\"name\":\"HV Polo Men&#8217;s Polo Shirt Mason\"}]},{\"@type\":\"WebSite\",\"@id\":\"https:\/\/equidash.eu\/#website\",\"url\":\"https:\/\/equidash.eu\/\",\"name\":\"EquiDash\",\"description\":\"Horse Riding Equipment and Accessories\",\"publisher\":{\"@id\":\"https:\/\/equidash.eu\/#organization\"},\"alternateName\":\"EquiDash\",\"potentialAction\":[{\"@type\":\"SearchAction\",\"target\":{\"@type\":\"EntryPoint\",\"urlTemplate\":\"https:\/\/equidash.eu\/?s={search_term_string}\"},\"query-input\":{\"@type\":\"PropertyValueSpecification\",\"valueRequired\":true,\"valueName\":\"search_term_string\"}}],\"inLanguage\":\"es\"},{\"@type\":\"Organization\",\"@id\":\"https:\/\/equidash.eu\/#organization\",\"name\":\"EquiDash\",\"alternateName\":\"EquiDash\",\"url\":\"https:\/\/equidash.eu\/\",\"logo\":{\"@type\":\"ImageObject\",\"inLanguage\":\"es\",\"@id\":\"https:\/\/equidash.eu\/#\/schema\/logo\/image\/\",\"url\":\"https:\/\/equidash.eu\/wp-content\/uploads\/2024\/09\/EQUIDASH_Logo_Raud-1.png\",\"contentUrl\":\"https:\/\/equidash.eu\/wp-content\/uploads\/2024\/09\/EQUIDASH_Logo_Raud-1.png\",\"width\":393,\"height\":422,\"caption\":\"EquiDash\"},\"image\":{\"@id\":\"https:\/\/equidash.eu\/#\/schema\/logo\/image\/\"},\"sameAs\":[\"https:\/\/www.facebook.com\/people\/EquiDash\/61560864479586\/\",\"https:\/\/www.instagram.com\/equidash.eshop\/\"],\"email\":\"info@equidash.eu\",\"telephone\":\"+372 59007334\",\"legalName\":\"Takian Corporation O\u00dc\",\"foundingDate\":\"2020-10-21\",\"vatID\":\"EE102301283\",\"numberOfEmployees\":{\"@type\":\"QuantitativeValue\",\"minValue\":\"1\",\"maxValue\":\"10\"},\"hasMerchantReturnPolicy\":{\"@type\":\"MerchantReturnPolicy\",\"merchantReturnLink\":\"https:\/\/equidash.eu\/es\/return-privacy\/\"}}]}<\/script>\n<meta property=\"product:brand\" content=\"HV Polo\" \/>\n<meta property=\"og:availability\" content=\"backorder\" \/>\n<meta property=\"product:availability\" content=\"available for order\" \/>\n<meta property=\"product:retailer_item_id\" content=\"0403093701\" \/>\n<meta property=\"product:condition\" content=\"new\" \/>\n<!-- \/ Yoast SEO Premium plugin. -->","yoast_head_json":{"title":"HV Polo Men's Polo Shirt Mason | Parima hinnaga ratsavarustuse e-pood","description":"HV Polo Shirt Mason | Kaunis meeste polos\u00e4rk 4-suunalise venivusega materjalist. Kiiresti kuivav kangas hoiab Sind v\u00e4rske ja kuivana kogu p\u00e4eva.","robots":{"index":"index","follow":"follow","max-snippet":"max-snippet:-1","max-image-preview":"max-image-preview:large","max-video-preview":"max-video-preview:-1"},"canonical":"https:\/\/equidash.eu\/es\/shop\/jinete\/hv-polo-mens-polo-shirt-mason\/","og_locale":"es_ES","og_type":"article","og_title":"HV Polo Men's Polo Shirt Mason","og_description":"HV Polo Shirt Mason | Kaunis meeste polos\u00e4rk 4-suunalise venivusega materjalist. Kiiresti kuivav kangas hoiab Sind v\u00e4rske ja kuivana kogu p\u00e4eva.","og_url":"https:\/\/equidash.eu\/es\/shop\/jinete\/hv-polo-mens-polo-shirt-mason\/","og_site_name":"Parima hinnaga ratsavarustuse e-pood","article_publisher":"https:\/\/www.facebook.com\/people\/EquiDash\/61560864479586\/","article_modified_time":"2025-05-02T15:49:52+00:00","og_image":[{"width":2560,"height":2560,"url":"https:\/\/equidash.eu\/wp-content\/uploads\/2025\/05\/HVPolo_Men_Polo-Shirt_Mason_Navy_0-scaled.jpg","type":"image\/jpeg"}],"twitter_card":"summary_large_image","twitter_misc":{"Disponibilidad":"Disponible para reservar"},"schema":{"@context":"https:\/\/schema.org","@graph":[{"@type":"WebPage","@id":"https:\/\/equidash.eu\/shop\/rider\/hv-polo-mens-polo-shirt-mason\/","url":"https:\/\/equidash.eu\/shop\/rider\/hv-polo-mens-polo-shirt-mason\/","name":"HV Polo Men's Polo Shirt Mason | Parima hinnaga ratsavarustuse e-pood","isPartOf":{"@id":"https:\/\/equidash.eu\/#website"},"primaryImageOfPage":{"@id":"https:\/\/equidash.eu\/shop\/rider\/hv-polo-mens-polo-shirt-mason\/#primaryimage"},"image":{"@id":"https:\/\/equidash.eu\/shop\/rider\/hv-polo-mens-polo-shirt-mason\/#primaryimage"},"thumbnailUrl":"https:\/\/equidash.eu\/wp-content\/uploads\/2025\/05\/HVPolo_Men_Polo-Shirt_Mason_Navy_0-scaled.jpg","datePublished":"2025-05-02T15:40:27+00:00","dateModified":"2025-05-02T15:49:52+00:00","description":"HV Polo Shirt Mason | Kaunis meeste polos\u00e4rk 4-suunalise venivusega materjalist. Kiiresti kuivav kangas hoiab Sind v\u00e4rske ja kuivana kogu p\u00e4eva.","breadcrumb":{"@id":"https:\/\/equidash.eu\/shop\/rider\/hv-polo-mens-polo-shirt-mason\/#breadcrumb"},"inLanguage":"es","potentialAction":[{"@type":"ReadAction","target":["https:\/\/equidash.eu\/shop\/rider\/hv-polo-mens-polo-shirt-mason\/"]}]},{"@type":"ImageObject","inLanguage":"es","@id":"https:\/\/equidash.eu\/shop\/rider\/hv-polo-mens-polo-shirt-mason\/#primaryimage","url":"https:\/\/equidash.eu\/wp-content\/uploads\/2025\/05\/HVPolo_Men_Polo-Shirt_Mason_Navy_0-scaled.jpg","contentUrl":"https:\/\/equidash.eu\/wp-content\/uploads\/2025\/05\/HVPolo_Men_Polo-Shirt_Mason_Navy_0-scaled.jpg","width":2560,"height":2560,"caption":"HV Polo Mason polos\u00e4rk \u2013 maksimaalne liikumisvabadus ja stiil"},{"@type":"BreadcrumbList","@id":"https:\/\/equidash.eu\/shop\/rider\/hv-polo-mens-polo-shirt-mason\/#breadcrumb","itemListElement":[{"@type":"ListItem","position":1,"name":"Home","item":"https:\/\/equidash.eu\/"},{"@type":"ListItem","position":2,"name":"Shop","item":"https:\/\/equidash.eu\/shop\/"},{"@type":"ListItem","position":3,"name":"HV Polo Men&#8217;s Polo Shirt Mason"}]},{"@type":"WebSite","@id":"https:\/\/equidash.eu\/#website","url":"https:\/\/equidash.eu\/","name":"EquiDash","description":"Horse Riding Equipment and Accessories","publisher":{"@id":"https:\/\/equidash.eu\/#organization"},"alternateName":"EquiDash","potentialAction":[{"@type":"SearchAction","target":{"@type":"EntryPoint","urlTemplate":"https:\/\/equidash.eu\/?s={search_term_string}"},"query-input":{"@type":"PropertyValueSpecification","valueRequired":true,"valueName":"search_term_string"}}],"inLanguage":"es"},{"@type":"Organization","@id":"https:\/\/equidash.eu\/#organization","name":"EquiDash","alternateName":"EquiDash","url":"https:\/\/equidash.eu\/","logo":{"@type":"ImageObject","inLanguage":"es","@id":"https:\/\/equidash.eu\/#\/schema\/logo\/image\/","url":"https:\/\/equidash.eu\/wp-content\/uploads\/2024\/09\/EQUIDASH_Logo_Raud-1.png","contentUrl":"https:\/\/equidash.eu\/wp-content\/uploads\/2024\/09\/EQUIDASH_Logo_Raud-1.png","width":393,"height":422,"caption":"EquiDash"},"image":{"@id":"https:\/\/equidash.eu\/#\/schema\/logo\/image\/"},"sameAs":["https:\/\/www.facebook.com\/people\/EquiDash\/61560864479586\/","https:\/\/www.instagram.com\/equidash.eshop\/"],"email":"info@equidash.eu","telephone":"+372 59007334","legalName":"Takian Corporation O\u00dc","foundingDate":"2020-10-21","vatID":"EE102301283","numberOfEmployees":{"@type":"QuantitativeValue","minValue":"1","maxValue":"10"},"hasMerchantReturnPolicy":{"@type":"MerchantReturnPolicy","merchantReturnLink":"https:\/\/equidash.eu\/es\/return-privacy\/"}}]},"product_brand":"HV Polo","og_availability":"backorder","product_availability":"available for order","product_retailer_item_id":"0403093701","product_condition":"new"},"_links":{"self":[{"href":"https:\/\/equidash.eu\/es\/wp-json\/wp\/v2\/product\/4366","targetHints":{"allow":["GET"]}}],"collection":[{"href":"https:\/\/equidash.eu\/es\/wp-json\/wp\/v2\/product"}],"about":[{"href":"https:\/\/equidash.eu\/es\/wp-json\/wp\/v2\/types\/product"}],"wp:featuredmedia":[{"embeddable":true,"href":"https:\/\/equidash.eu\/es\/wp-json\/wp\/v2\/media\/4385"}],"wp:attachment":[{"href":"https:\/\/equidash.eu\/es\/wp-json\/wp\/v2\/media?parent=4366"}],"wp:term":[{"taxonomy":"product_brand","embeddable":true,"href":"https:\/\/equidash.eu\/es\/wp-json\/wp\/v2\/product_brand?post=4366"},{"taxonomy":"product_cat","embeddable":true,"href":"https:\/\/equidash.eu\/es\/wp-json\/wp\/v2\/product_cat?post=4366"},{"taxonomy":"product_tag","embeddable":true,"href":"https:\/\/equidash.eu\/es\/wp-json\/wp\/v2\/product_tag?post=4366"}],"curies":[{"name":"wp","href":"https:\/\/api.w.org\/{rel}","templated":true}]}}