{"id":4494,"date":"2025-05-07T17:14:47","date_gmt":"2025-05-07T15:14:47","guid":{"rendered":"https:\/\/equidash.eu\/?post_type=product&#038;p=4494"},"modified":"2025-07-01T23:22:23","modified_gmt":"2025-07-01T21:22:23","slug":"acavallo-ergonomic-halter-calfskin","status":"publish","type":"product","link":"https:\/\/equidash.eu\/es\/shop\/horse\/acavallo-ergonomic-halter-calfskin\/","title":{"rendered":"Cabezada ergon\u00f3mica Acavallo\u00ae de piel de ternera"},"content":{"rendered":"<p>Cabezada anat\u00f3mica y acolchada Acavallo\u00ae, hecha de piel de ternera. Refinada y c\u00f3moda.<\/p>\n<p>La cabezada Acavallo\u00ae <strong>de piel de becerro<\/strong> representa la esencia de la artesan\u00eda italiana de alta calidad. Esta prenda combina a la perfecci\u00f3n elegancia, funcionalidad y bienestar equino. La testera y la muserola est\u00e1n cuidadosamente acolchadas con l\u00e1tex para ofrecer una sensaci\u00f3n de lujo, a la vez que reducen la presi\u00f3n en la delicada zona del cr\u00e1neo del caballo.<\/p>\n<p><span style=\"font-size: 100%\">The halter is anatomically designed and features a special insert to ensure maximum comfort and well-being of your horse. The noseband, covered in high quality leather with rubber details, offers further comfort and protection. The stainless steel buckles are sturdy and durable, ensuring that this halter will be a reliable companion over time.<\/span><\/p>\n<p>Instrucciones de cuidado:<\/p>\n<ul>\n<li><span style=\"font-size: 100%\">Limpia despu\u00e9s de cada uso<\/span><\/li>\n<li><span style=\"font-size: 100%\">Limpia cuidadosamente las \u00e1reas en contacto con el caballo<\/span><\/li>\n<li><span style=\"font-size: 100%\">Usa jab\u00f3n de glicerina para cuero<\/span><\/li>\n<li><span style=\"font-size: 100%\">Nutre con acondicionador o grasa para cuero<\/span><\/li>\n<li><span style=\"font-size: 100%\">Guarda en un lugar seco y alejado de fuentes de humedad<\/span><\/li>\n<\/ul>\n<div id=\"collapse-EQS_INFOCARE\" class=\"accordion-collapse collapse show\" aria-labelledby=\"heading-EQS_INFOCARE\" data-bs-parent=\"#product-accordion\">\n<div class=\"accordion-body pt-0\"><\/div>\n<\/div>","protected":false},"excerpt":{"rendered":"<p class=\"ai-optimize-22 ai-optimize-introduction\"><a href=\"https:\/\/equidash.eu\/es\/etiqueta-producto\/acavallo\/\"><img decoding=\"async\" style=\"height: 60px;margin-top: 20px\" src=\"https:\/\/equidash.eu\/wp-content\/uploads\/2025\/02\/Acavallo-Logo-Contratto-Large_positivo.png\" alt=\"\" \/><\/a><\/p>","protected":false},"featured_media":4508,"template":"","meta":{"_acf_changed":false,"_joinchat":[]},"product_brand":[572],"product_cat":[194,193,27],"product_tag":[574,585,660],"class_list":{"0":"post-4494","1":"product","2":"type-product","3":"status-publish","4":"has-post-thumbnail","6":"product_brand-acavallo","7":"product_cat-halters-halters-lead-ropes-horse","8":"product_cat-halters-lead-ropes-horse","9":"product_cat-horse","10":"product_tag-acavallo","11":"product_tag-leather","12":"product_tag-leather-halter","13":"pa_colors-black","14":"pa_colors-cognac","15":"pa_colors-dark-brown","16":"pa_size-cob","17":"pa_size-full","19":"first","20":"onbackorder","21":"taxable","22":"shipping-taxable","23":"purchasable","24":"product-type-variable"},"acf":[],"yoast_head":"<!-- This site is optimized with the Yoast SEO Premium plugin v26.2 (Yoast SEO v27.3) - https:\/\/yoast.com\/product\/yoast-seo-premium-wordpress\/ -->\n<title>Acavallo\u00ae Ergonomic Halter Calfskin | Parima hinnaga ratsavarustuse e-pood<\/title>\n<meta name=\"description\" content=\"Acavallo\u00ae Ergonomic Halter Calfskin | Kaunid vasikanahast anatoomilised p\u00e4itsed.\" \/>\n<meta name=\"robots\" content=\"index, follow, max-snippet:-1, max-image-preview:large, max-video-preview:-1\" \/>\n<link rel=\"canonical\" href=\"https:\/\/equidash.eu\/es\/shop\/caballo\/acavallo-ergonomic-halter-calfskin\/\" \/>\n<meta property=\"og:locale\" content=\"es_ES\" \/>\n<meta property=\"og:type\" content=\"article\" \/>\n<meta property=\"og:title\" content=\"Acavallo\u00ae Ergonomic Halter Calfskin\" \/>\n<meta property=\"og:description\" content=\"Acavallo\u00ae Ergonomic Halter Calfskin | Kaunid vasikanahast anatoomilised p\u00e4itsed.\" \/>\n<meta property=\"og:url\" content=\"https:\/\/equidash.eu\/es\/shop\/caballo\/acavallo-ergonomic-halter-calfskin\/\" \/>\n<meta property=\"og:site_name\" content=\"Parima hinnaga ratsavarustuse e-pood\" \/>\n<meta property=\"article:publisher\" content=\"https:\/\/www.facebook.com\/people\/EquiDash\/61560864479586\/\" \/>\n<meta property=\"article:modified_time\" content=\"2025-07-01T21:22:23+00:00\" \/>\n<meta property=\"og:image\" content=\"https:\/\/equidash.eu\/wp-content\/uploads\/2025\/05\/Acavallo_Halter_Ergonomic_AC9706_COG-1.jpg\" \/>\n\t<meta property=\"og:image:width\" content=\"1500\" \/>\n\t<meta property=\"og:image:height\" content=\"1500\" \/>\n\t<meta property=\"og:image:type\" content=\"image\/jpeg\" \/>\n<meta name=\"twitter:card\" content=\"summary_large_image\" \/>\n<meta name=\"twitter:label1\" content=\"Disponibilidad\" \/>\n\t<meta name=\"twitter:data1\" content=\"Disponible para reservar\" \/>\n<script type=\"application\/ld+json\" class=\"yoast-schema-graph\">{\"@context\":\"https:\\\/\\\/schema.org\",\"@graph\":[{\"@type\":\"WebPage\",\"@id\":\"https:\\\/\\\/equidash.eu\\\/shop\\\/horse\\\/acavallo-ergonomic-halter-calfskin\\\/\",\"url\":\"https:\\\/\\\/equidash.eu\\\/shop\\\/horse\\\/acavallo-ergonomic-halter-calfskin\\\/\",\"name\":\"Acavallo\u00ae Ergonomic Halter Calfskin | Parima hinnaga ratsavarustuse e-pood\",\"isPartOf\":{\"@id\":\"https:\\\/\\\/equidash.eu\\\/#website\"},\"primaryImageOfPage\":{\"@id\":\"https:\\\/\\\/equidash.eu\\\/shop\\\/horse\\\/acavallo-ergonomic-halter-calfskin\\\/#primaryimage\"},\"image\":{\"@id\":\"https:\\\/\\\/equidash.eu\\\/shop\\\/horse\\\/acavallo-ergonomic-halter-calfskin\\\/#primaryimage\"},\"thumbnailUrl\":\"https:\\\/\\\/equidash.eu\\\/wp-content\\\/uploads\\\/2025\\\/05\\\/Acavallo_Halter_Ergonomic_AC9706_COG-1.jpg\",\"datePublished\":\"2025-05-07T15:14:47+00:00\",\"dateModified\":\"2025-07-01T21:22:23+00:00\",\"description\":\"Acavallo\u00ae Ergonomic Halter Calfskin | Kaunid vasikanahast anatoomilised p\u00e4itsed.\",\"breadcrumb\":{\"@id\":\"https:\\\/\\\/equidash.eu\\\/shop\\\/horse\\\/acavallo-ergonomic-halter-calfskin\\\/#breadcrumb\"},\"inLanguage\":\"es\",\"potentialAction\":[{\"@type\":\"ReadAction\",\"target\":[\"https:\\\/\\\/equidash.eu\\\/shop\\\/horse\\\/acavallo-ergonomic-halter-calfskin\\\/\"]}]},{\"@type\":\"ImageObject\",\"inLanguage\":\"es\",\"@id\":\"https:\\\/\\\/equidash.eu\\\/shop\\\/horse\\\/acavallo-ergonomic-halter-calfskin\\\/#primaryimage\",\"url\":\"https:\\\/\\\/equidash.eu\\\/wp-content\\\/uploads\\\/2025\\\/05\\\/Acavallo_Halter_Ergonomic_AC9706_COG-1.jpg\",\"contentUrl\":\"https:\\\/\\\/equidash.eu\\\/wp-content\\\/uploads\\\/2025\\\/05\\\/Acavallo_Halter_Ergonomic_AC9706_COG-1.jpg\",\"width\":1500,\"height\":1500},{\"@type\":\"BreadcrumbList\",\"@id\":\"https:\\\/\\\/equidash.eu\\\/shop\\\/horse\\\/acavallo-ergonomic-halter-calfskin\\\/#breadcrumb\",\"itemListElement\":[{\"@type\":\"ListItem\",\"position\":1,\"name\":\"Home\",\"item\":\"https:\\\/\\\/equidash.eu\\\/\"},{\"@type\":\"ListItem\",\"position\":2,\"name\":\"Shop\",\"item\":\"https:\\\/\\\/equidash.eu\\\/shop\\\/\"},{\"@type\":\"ListItem\",\"position\":3,\"name\":\"Acavallo\u00ae Ergonomic Halter Calfskin\"}]},{\"@type\":\"WebSite\",\"@id\":\"https:\\\/\\\/equidash.eu\\\/#website\",\"url\":\"https:\\\/\\\/equidash.eu\\\/\",\"name\":\"EquiDash\",\"description\":\"Horse Riding Equipment and Accessories\",\"publisher\":{\"@id\":\"https:\\\/\\\/equidash.eu\\\/#organization\"},\"alternateName\":\"EquiDash\",\"potentialAction\":[{\"@type\":\"SearchAction\",\"target\":{\"@type\":\"EntryPoint\",\"urlTemplate\":\"https:\\\/\\\/equidash.eu\\\/?s={search_term_string}\"},\"query-input\":{\"@type\":\"PropertyValueSpecification\",\"valueRequired\":true,\"valueName\":\"search_term_string\"}}],\"inLanguage\":\"es\"},{\"@type\":\"Organization\",\"@id\":\"https:\\\/\\\/equidash.eu\\\/#organization\",\"name\":\"EquiDash\",\"alternateName\":\"EquiDash\",\"url\":\"https:\\\/\\\/equidash.eu\\\/\",\"logo\":{\"@type\":\"ImageObject\",\"inLanguage\":\"es\",\"@id\":\"https:\\\/\\\/equidash.eu\\\/#\\\/schema\\\/logo\\\/image\\\/\",\"url\":\"https:\\\/\\\/equidash.eu\\\/wp-content\\\/uploads\\\/2024\\\/09\\\/EQUIDASH_Logo_Raud-1.png\",\"contentUrl\":\"https:\\\/\\\/equidash.eu\\\/wp-content\\\/uploads\\\/2024\\\/09\\\/EQUIDASH_Logo_Raud-1.png\",\"width\":393,\"height\":422,\"caption\":\"EquiDash\"},\"image\":{\"@id\":\"https:\\\/\\\/equidash.eu\\\/#\\\/schema\\\/logo\\\/image\\\/\"},\"sameAs\":[\"https:\\\/\\\/www.facebook.com\\\/people\\\/EquiDash\\\/61560864479586\\\/\",\"https:\\\/\\\/www.instagram.com\\\/equidash.eshop\\\/\"],\"email\":\"info@equidash.eu\",\"telephone\":\"+372 59007334\",\"legalName\":\"Takian Corporation O\u00dc\",\"foundingDate\":\"2020-10-21\",\"vatID\":\"EE102301283\",\"numberOfEmployees\":{\"@type\":\"QuantitativeValue\",\"minValue\":\"1\",\"maxValue\":\"10\"},\"hasMerchantReturnPolicy\":{\"@type\":\"MerchantReturnPolicy\",\"merchantReturnLink\":\"https:\\\/\\\/equidash.eu\\\/es\\\/return-privacy\\\/\"}}]}<\/script>\n<meta property=\"product:brand\" content=\"Acavallo\" \/>\n<meta property=\"og:availability\" content=\"backorder\" \/>\n<meta property=\"product:availability\" content=\"available for order\" \/>\n<meta property=\"product:retailer_item_id\" content=\"AC9706\" \/>\n<meta property=\"product:condition\" content=\"new\" \/>\n<!-- \/ Yoast SEO Premium plugin. -->","yoast_head_json":{"title":"Acavallo\u00ae Ergonomic Halter Calfskin | Parima hinnaga ratsavarustuse e-pood","description":"Acavallo\u00ae Ergonomic Halter Calfskin | Kaunid vasikanahast anatoomilised p\u00e4itsed.","robots":{"index":"index","follow":"follow","max-snippet":"max-snippet:-1","max-image-preview":"max-image-preview:large","max-video-preview":"max-video-preview:-1"},"canonical":"https:\/\/equidash.eu\/es\/shop\/caballo\/acavallo-ergonomic-halter-calfskin\/","og_locale":"es_ES","og_type":"article","og_title":"Acavallo\u00ae Ergonomic Halter Calfskin","og_description":"Acavallo\u00ae Ergonomic Halter Calfskin | Kaunid vasikanahast anatoomilised p\u00e4itsed.","og_url":"https:\/\/equidash.eu\/es\/shop\/caballo\/acavallo-ergonomic-halter-calfskin\/","og_site_name":"Parima hinnaga ratsavarustuse e-pood","article_publisher":"https:\/\/www.facebook.com\/people\/EquiDash\/61560864479586\/","article_modified_time":"2025-07-01T21:22:23+00:00","og_image":[{"width":1500,"height":1500,"url":"https:\/\/equidash.eu\/wp-content\/uploads\/2025\/05\/Acavallo_Halter_Ergonomic_AC9706_COG-1.jpg","type":"image\/jpeg"}],"twitter_card":"summary_large_image","twitter_misc":{"Disponibilidad":"Disponible para reservar"},"schema":{"@context":"https:\/\/schema.org","@graph":[{"@type":"WebPage","@id":"https:\/\/equidash.eu\/shop\/horse\/acavallo-ergonomic-halter-calfskin\/","url":"https:\/\/equidash.eu\/shop\/horse\/acavallo-ergonomic-halter-calfskin\/","name":"Acavallo\u00ae Ergonomic Halter Calfskin | Parima hinnaga ratsavarustuse e-pood","isPartOf":{"@id":"https:\/\/equidash.eu\/#website"},"primaryImageOfPage":{"@id":"https:\/\/equidash.eu\/shop\/horse\/acavallo-ergonomic-halter-calfskin\/#primaryimage"},"image":{"@id":"https:\/\/equidash.eu\/shop\/horse\/acavallo-ergonomic-halter-calfskin\/#primaryimage"},"thumbnailUrl":"https:\/\/equidash.eu\/wp-content\/uploads\/2025\/05\/Acavallo_Halter_Ergonomic_AC9706_COG-1.jpg","datePublished":"2025-05-07T15:14:47+00:00","dateModified":"2025-07-01T21:22:23+00:00","description":"Acavallo\u00ae Ergonomic Halter Calfskin | Kaunid vasikanahast anatoomilised p\u00e4itsed.","breadcrumb":{"@id":"https:\/\/equidash.eu\/shop\/horse\/acavallo-ergonomic-halter-calfskin\/#breadcrumb"},"inLanguage":"es","potentialAction":[{"@type":"ReadAction","target":["https:\/\/equidash.eu\/shop\/horse\/acavallo-ergonomic-halter-calfskin\/"]}]},{"@type":"ImageObject","inLanguage":"es","@id":"https:\/\/equidash.eu\/shop\/horse\/acavallo-ergonomic-halter-calfskin\/#primaryimage","url":"https:\/\/equidash.eu\/wp-content\/uploads\/2025\/05\/Acavallo_Halter_Ergonomic_AC9706_COG-1.jpg","contentUrl":"https:\/\/equidash.eu\/wp-content\/uploads\/2025\/05\/Acavallo_Halter_Ergonomic_AC9706_COG-1.jpg","width":1500,"height":1500},{"@type":"BreadcrumbList","@id":"https:\/\/equidash.eu\/shop\/horse\/acavallo-ergonomic-halter-calfskin\/#breadcrumb","itemListElement":[{"@type":"ListItem","position":1,"name":"Home","item":"https:\/\/equidash.eu\/"},{"@type":"ListItem","position":2,"name":"Shop","item":"https:\/\/equidash.eu\/shop\/"},{"@type":"ListItem","position":3,"name":"Acavallo\u00ae Ergonomic Halter Calfskin"}]},{"@type":"WebSite","@id":"https:\/\/equidash.eu\/#website","url":"https:\/\/equidash.eu\/","name":"EquiDash","description":"Horse Riding Equipment and Accessories","publisher":{"@id":"https:\/\/equidash.eu\/#organization"},"alternateName":"EquiDash","potentialAction":[{"@type":"SearchAction","target":{"@type":"EntryPoint","urlTemplate":"https:\/\/equidash.eu\/?s={search_term_string}"},"query-input":{"@type":"PropertyValueSpecification","valueRequired":true,"valueName":"search_term_string"}}],"inLanguage":"es"},{"@type":"Organization","@id":"https:\/\/equidash.eu\/#organization","name":"EquiDash","alternateName":"EquiDash","url":"https:\/\/equidash.eu\/","logo":{"@type":"ImageObject","inLanguage":"es","@id":"https:\/\/equidash.eu\/#\/schema\/logo\/image\/","url":"https:\/\/equidash.eu\/wp-content\/uploads\/2024\/09\/EQUIDASH_Logo_Raud-1.png","contentUrl":"https:\/\/equidash.eu\/wp-content\/uploads\/2024\/09\/EQUIDASH_Logo_Raud-1.png","width":393,"height":422,"caption":"EquiDash"},"image":{"@id":"https:\/\/equidash.eu\/#\/schema\/logo\/image\/"},"sameAs":["https:\/\/www.facebook.com\/people\/EquiDash\/61560864479586\/","https:\/\/www.instagram.com\/equidash.eshop\/"],"email":"info@equidash.eu","telephone":"+372 59007334","legalName":"Takian Corporation O\u00dc","foundingDate":"2020-10-21","vatID":"EE102301283","numberOfEmployees":{"@type":"QuantitativeValue","minValue":"1","maxValue":"10"},"hasMerchantReturnPolicy":{"@type":"MerchantReturnPolicy","merchantReturnLink":"https:\/\/equidash.eu\/es\/return-privacy\/"}}]},"product_brand":"Acavallo","og_availability":"backorder","product_availability":"available for order","product_retailer_item_id":"AC9706","product_condition":"new"},"_links":{"self":[{"href":"https:\/\/equidash.eu\/es\/wp-json\/wp\/v2\/product\/4494","targetHints":{"allow":["GET"]}}],"collection":[{"href":"https:\/\/equidash.eu\/es\/wp-json\/wp\/v2\/product"}],"about":[{"href":"https:\/\/equidash.eu\/es\/wp-json\/wp\/v2\/types\/product"}],"wp:featuredmedia":[{"embeddable":true,"href":"https:\/\/equidash.eu\/es\/wp-json\/wp\/v2\/media\/4508"}],"wp:attachment":[{"href":"https:\/\/equidash.eu\/es\/wp-json\/wp\/v2\/media?parent=4494"}],"wp:term":[{"taxonomy":"product_brand","embeddable":true,"href":"https:\/\/equidash.eu\/es\/wp-json\/wp\/v2\/product_brand?post=4494"},{"taxonomy":"product_cat","embeddable":true,"href":"https:\/\/equidash.eu\/es\/wp-json\/wp\/v2\/product_cat?post=4494"},{"taxonomy":"product_tag","embeddable":true,"href":"https:\/\/equidash.eu\/es\/wp-json\/wp\/v2\/product_tag?post=4494"}],"curies":[{"name":"wp","href":"https:\/\/api.w.org\/{rel}","templated":true}]}}