{"id":4573,"date":"2025-07-02T22:39:57","date_gmt":"2025-07-02T20:39:57","guid":{"rendered":"https:\/\/equidash.eu\/?post_type=product&#038;p=4573"},"modified":"2026-01-28T22:03:53","modified_gmt":"2026-01-28T20:03:53","slug":"mane-n-tail-hoofmaker","status":"publish","type":"product","link":"https:\/\/equidash.eu\/es\/shop\/horse\/mane-n-tail-hoofmaker\/","title":{"rendered":"Mane &#8216;n Tail Hoofmaker"},"content":{"rendered":"<p>The Original Mane \u2018n Tail Hoofmaker es una f\u00f3rmula exclusiva enriquecida con prote\u00ednas, desarrollada para mantener los cascos fuertes pero flexibles.<\/p>\n<p>Para caballos y personas. Ahora puedes descubrir el secreto para una piel lujosamente suave y unas u\u00f1as hermosas. El aceite natural de coco y de oliva ayuda a hidratar la piel seca, \u00e1spera y agrietada sin la sensaci\u00f3n grasosa y pesada de otras lociones o cremas.<\/p>\n<p>Originalmente desarrollado para caballos, para hidratar cascos secos, agrietados y quebradizos, las personas que aplicaban Hoofmaker en los caballos notaron una mejora notable en la condici\u00f3n de sus manos y u\u00f1as con el uso diario. Hoofmaker puede utilizarse en las manos y u\u00f1as, desde los codos hasta las rodillas. Hoofmaker ayuda a fortalecer las u\u00f1as, suaviza las cut\u00edculas y las protege contra da\u00f1os, manteniendo su fuerza y flexibilidad.<\/p>\n<p>Suaviza y acondiciona las \u00e1reas callosas y \u00e1speras. Restaura los nutrientes vitales en la piel y las u\u00f1as.<\/p>\n<p>Esta f\u00f3rmula enriquecida con biotina y col\u00e1geno restaura nutrientes esenciales y deja una capa protectora sobre la piel. Contiene lanolina y aloe para favorecer la cicatrizaci\u00f3n y el crecimiento saludable de las u\u00f1as. La mezcla de aceites de coco, oliva y ricino con manteca de karit\u00e9 previene la resequedad y el agrietamiento de u\u00f1as y piel. Adem\u00e1s, el hialuronato de sodio mejora la elasticidad de la piel. El producto no contiene fragancias, parabenos, gluten, silicona, ftalatos ni petrolato.<\/p>\n<p>Beneficios de Hoofmaker para caballos:<\/p>\n<ul>\n<li>La f\u00f3rmula de hidrataci\u00f3n profunda ayuda a reducir los cascos secos y quebradizos.<\/li>\n<li>La f\u00f3rmula enriquecida con prote\u00ednas acondiciona toda la superficie del casco<\/li>\n<li>El uso regular mantiene los cascos m\u00e1s fuertes y flexibles.<\/li>\n<li>No contiene petr\u00f3leo ni alquitr\u00e1n de pino.<\/li>\n<li>Nunca es pegajoso ni grasoso.<\/li>\n<\/ul>\n<div>\n<div class=\"summary__title flex align-center flex-grow-1\">\n<p class=\"h6 accordion__title margin0 font-heading-bold\" style=\"text-align: left;\"><span style=\"font-size: 100%;\">Ingredientes:<\/span><\/p>\n<\/div>\n<\/div>\n<div id=\"ProductAccordion-collapsible_tab_jHBRUr-template--17252661330109__main\" class=\"accordion__content\">\n<div class=\"rte\">\n<p><span class=\"metafield-multi_line_text_field\" style=\"font-size: 100%;\">Agua, alcohol cete\u00e1rico, cloruro de behentrimonio, cloruro de disteariodimonio, lactato de estearamidopropil dimetilamina, aceite de coco (Cocos Nucifera), col\u00e1geno hidrolizado, biotina, aceite de ricino (Ricinus Communis), benzoato de sodio, hialuronato de sodio, lanolina, aceite de oliva (Olea Europaea), manteca de karit\u00e9 (Butyrospermum Parkii), alanto\u00edna, glicerina, almid\u00f3n de tapioca, polisorbato 60, jugo de hoja de aloe vera (Aloe Barbadensis), colorante amarillo 5 (CI 19140), colorante amarillo 6 (CI 15985)<\/span><\/p>\n<p><iframe loading=\"lazy\" title=\"Hoof Care for Horses: How to use Mane &#039;n Tail Hoofmaker\" width=\"1020\" height=\"574\" src=\"https:\/\/www.youtube.com\/embed\/KRaObSABUjg?feature=oembed&#038;enablejsapi=1&#038;origin=https:\/\/equidash.eu\" frameborder=\"0\" allow=\"accelerometer; autoplay; clipboard-write; encrypted-media; gyroscope; picture-in-picture; web-share\" referrerpolicy=\"strict-origin-when-cross-origin\" allowfullscreen><\/iframe><\/p>\n<\/div>\n<\/div>","protected":false},"excerpt":{"rendered":"<p>The Original Mane &#8216;n Tail Hoofmaker is an exclusive protein enriched formula developed to maintain strong yet flexible hooves. For horses and people. Now you can discover the secret to luxuriously soft skin and beautiful nails. Natural coconut and olive oil help to moisturized dry, rough, and cracked skin without the heavy greasy feel of [&#8230;]\n","protected":false},"featured_media":4577,"template":"","meta":{"_acf_changed":false,"_joinchat":[]},"product_brand":[679],"product_cat":[27,189,244],"product_tag":[673,681,680],"class_list":{"0":"post-4573","1":"product","2":"type-product","3":"status-publish","4":"has-post-thumbnail","6":"product_brand-mane-n-tail","7":"product_cat-horse","8":"product_cat-health-care-horse","9":"product_cat-hoof-care","10":"product_tag-hoof-health","11":"product_tag-hoofmaker","12":"product_tag-mane-n-tail","13":"pa_size-430-ml","14":"pa_size-96-g","16":"first","17":"onbackorder","18":"taxable","19":"shipping-taxable","20":"purchasable","21":"product-type-variable"},"acf":[],"yoast_head":"<!-- This site is optimized with the Yoast SEO Premium plugin v26.2 (Yoast SEO v27.2) - https:\/\/yoast.com\/product\/yoast-seo-premium-wordpress\/ -->\n<title>Mane &#039;n Tail Hoofmaker | Parima hinnaga ratsavarustuse e-pood<\/title>\n<meta name=\"description\" content=\"Mane &#039;n Tail Hoofmaker\" \/>\n<meta name=\"robots\" content=\"index, follow, max-snippet:-1, max-image-preview:large, max-video-preview:-1\" \/>\n<link rel=\"canonical\" href=\"https:\/\/equidash.eu\/es\/shop\/caballo\/mane-n-tail-hoofmaker\/\" \/>\n<meta property=\"og:locale\" content=\"es_ES\" \/>\n<meta property=\"og:type\" content=\"article\" \/>\n<meta property=\"og:title\" content=\"Mane &#039;n Tail Hoofmaker\" \/>\n<meta property=\"og:description\" content=\"Mane &#039;n Tail Hoofmaker\" \/>\n<meta property=\"og:url\" content=\"https:\/\/equidash.eu\/es\/shop\/caballo\/mane-n-tail-hoofmaker\/\" \/>\n<meta property=\"og:site_name\" content=\"Parima hinnaga ratsavarustuse e-pood\" \/>\n<meta property=\"article:publisher\" content=\"https:\/\/www.facebook.com\/people\/EquiDash\/61560864479586\/\" \/>\n<meta property=\"article:modified_time\" content=\"2026-01-28T20:03:53+00:00\" \/>\n<meta property=\"og:image\" content=\"https:\/\/equidash.eu\/wp-content\/uploads\/2025\/07\/Mane-n-Tail_Hoofmaker_96g.png\" \/>\n\t<meta property=\"og:image:width\" content=\"1080\" \/>\n\t<meta property=\"og:image:height\" content=\"1080\" \/>\n\t<meta property=\"og:image:type\" content=\"image\/png\" \/>\n<meta name=\"twitter:card\" content=\"summary_large_image\" \/>\n<meta name=\"twitter:label1\" content=\"Disponibilidad\" \/>\n\t<meta name=\"twitter:data1\" content=\"Disponible para reservar\" \/>\n<script type=\"application\/ld+json\" class=\"yoast-schema-graph\">{\"@context\":\"https:\/\/schema.org\",\"@graph\":[{\"@type\":\"WebPage\",\"@id\":\"https:\/\/equidash.eu\/shop\/horse\/mane-n-tail-hoofmaker\/\",\"url\":\"https:\/\/equidash.eu\/shop\/horse\/mane-n-tail-hoofmaker\/\",\"name\":\"Mane 'n Tail Hoofmaker | Parima hinnaga ratsavarustuse e-pood\",\"isPartOf\":{\"@id\":\"https:\/\/equidash.eu\/#website\"},\"primaryImageOfPage\":{\"@id\":\"https:\/\/equidash.eu\/shop\/horse\/mane-n-tail-hoofmaker\/#primaryimage\"},\"image\":{\"@id\":\"https:\/\/equidash.eu\/shop\/horse\/mane-n-tail-hoofmaker\/#primaryimage\"},\"thumbnailUrl\":\"https:\/\/equidash.eu\/wp-content\/uploads\/2025\/07\/Mane-n-Tail_Hoofmaker_96g.png\",\"datePublished\":\"2025-07-02T20:39:57+00:00\",\"dateModified\":\"2026-01-28T20:03:53+00:00\",\"description\":\"Mane 'n Tail Hoofmaker\",\"breadcrumb\":{\"@id\":\"https:\/\/equidash.eu\/shop\/horse\/mane-n-tail-hoofmaker\/#breadcrumb\"},\"inLanguage\":\"es\",\"potentialAction\":[{\"@type\":\"ReadAction\",\"target\":[\"https:\/\/equidash.eu\/shop\/horse\/mane-n-tail-hoofmaker\/\"]}]},{\"@type\":\"ImageObject\",\"inLanguage\":\"es\",\"@id\":\"https:\/\/equidash.eu\/shop\/horse\/mane-n-tail-hoofmaker\/#primaryimage\",\"url\":\"https:\/\/equidash.eu\/wp-content\/uploads\/2025\/07\/Mane-n-Tail_Hoofmaker_96g.png\",\"contentUrl\":\"https:\/\/equidash.eu\/wp-content\/uploads\/2025\/07\/Mane-n-Tail_Hoofmaker_96g.png\",\"width\":1080,\"height\":1080},{\"@type\":\"BreadcrumbList\",\"@id\":\"https:\/\/equidash.eu\/shop\/horse\/mane-n-tail-hoofmaker\/#breadcrumb\",\"itemListElement\":[{\"@type\":\"ListItem\",\"position\":1,\"name\":\"Home\",\"item\":\"https:\/\/equidash.eu\/\"},{\"@type\":\"ListItem\",\"position\":2,\"name\":\"Shop\",\"item\":\"https:\/\/equidash.eu\/shop\/\"},{\"@type\":\"ListItem\",\"position\":3,\"name\":\"Mane &#8216;n Tail Hoofmaker\"}]},{\"@type\":\"WebSite\",\"@id\":\"https:\/\/equidash.eu\/#website\",\"url\":\"https:\/\/equidash.eu\/\",\"name\":\"EquiDash\",\"description\":\"Horse Riding Equipment and Accessories\",\"publisher\":{\"@id\":\"https:\/\/equidash.eu\/#organization\"},\"alternateName\":\"EquiDash\",\"potentialAction\":[{\"@type\":\"SearchAction\",\"target\":{\"@type\":\"EntryPoint\",\"urlTemplate\":\"https:\/\/equidash.eu\/?s={search_term_string}\"},\"query-input\":{\"@type\":\"PropertyValueSpecification\",\"valueRequired\":true,\"valueName\":\"search_term_string\"}}],\"inLanguage\":\"es\"},{\"@type\":\"Organization\",\"@id\":\"https:\/\/equidash.eu\/#organization\",\"name\":\"EquiDash\",\"alternateName\":\"EquiDash\",\"url\":\"https:\/\/equidash.eu\/\",\"logo\":{\"@type\":\"ImageObject\",\"inLanguage\":\"es\",\"@id\":\"https:\/\/equidash.eu\/#\/schema\/logo\/image\/\",\"url\":\"https:\/\/equidash.eu\/wp-content\/uploads\/2024\/09\/EQUIDASH_Logo_Raud-1.png\",\"contentUrl\":\"https:\/\/equidash.eu\/wp-content\/uploads\/2024\/09\/EQUIDASH_Logo_Raud-1.png\",\"width\":393,\"height\":422,\"caption\":\"EquiDash\"},\"image\":{\"@id\":\"https:\/\/equidash.eu\/#\/schema\/logo\/image\/\"},\"sameAs\":[\"https:\/\/www.facebook.com\/people\/EquiDash\/61560864479586\/\",\"https:\/\/www.instagram.com\/equidash.eshop\/\"],\"email\":\"info@equidash.eu\",\"telephone\":\"+372 59007334\",\"legalName\":\"Takian Corporation O\u00dc\",\"foundingDate\":\"2020-10-21\",\"vatID\":\"EE102301283\",\"numberOfEmployees\":{\"@type\":\"QuantitativeValue\",\"minValue\":\"1\",\"maxValue\":\"10\"},\"hasMerchantReturnPolicy\":{\"@type\":\"MerchantReturnPolicy\",\"merchantReturnLink\":\"https:\/\/equidash.eu\/es\/return-privacy\/\"}}]}<\/script>\n<meta property=\"product:brand\" content=\"Mane &#039;n Tail\" \/>\n<meta property=\"og:availability\" content=\"backorder\" \/>\n<meta property=\"product:availability\" content=\"available for order\" \/>\n<meta property=\"product:condition\" content=\"new\" \/>\n<!-- \/ Yoast SEO Premium plugin. -->","yoast_head_json":{"title":"Mane 'n Tail Hoofmaker | Parima hinnaga ratsavarustuse e-pood","description":"Mane 'n Tail Hoofmaker","robots":{"index":"index","follow":"follow","max-snippet":"max-snippet:-1","max-image-preview":"max-image-preview:large","max-video-preview":"max-video-preview:-1"},"canonical":"https:\/\/equidash.eu\/es\/shop\/caballo\/mane-n-tail-hoofmaker\/","og_locale":"es_ES","og_type":"article","og_title":"Mane 'n Tail Hoofmaker","og_description":"Mane 'n Tail Hoofmaker","og_url":"https:\/\/equidash.eu\/es\/shop\/caballo\/mane-n-tail-hoofmaker\/","og_site_name":"Parima hinnaga ratsavarustuse e-pood","article_publisher":"https:\/\/www.facebook.com\/people\/EquiDash\/61560864479586\/","article_modified_time":"2026-01-28T20:03:53+00:00","og_image":[{"width":1080,"height":1080,"url":"https:\/\/equidash.eu\/wp-content\/uploads\/2025\/07\/Mane-n-Tail_Hoofmaker_96g.png","type":"image\/png"}],"twitter_card":"summary_large_image","twitter_misc":{"Disponibilidad":"Disponible para reservar"},"schema":{"@context":"https:\/\/schema.org","@graph":[{"@type":"WebPage","@id":"https:\/\/equidash.eu\/shop\/horse\/mane-n-tail-hoofmaker\/","url":"https:\/\/equidash.eu\/shop\/horse\/mane-n-tail-hoofmaker\/","name":"Mane 'n Tail Hoofmaker | Parima hinnaga ratsavarustuse e-pood","isPartOf":{"@id":"https:\/\/equidash.eu\/#website"},"primaryImageOfPage":{"@id":"https:\/\/equidash.eu\/shop\/horse\/mane-n-tail-hoofmaker\/#primaryimage"},"image":{"@id":"https:\/\/equidash.eu\/shop\/horse\/mane-n-tail-hoofmaker\/#primaryimage"},"thumbnailUrl":"https:\/\/equidash.eu\/wp-content\/uploads\/2025\/07\/Mane-n-Tail_Hoofmaker_96g.png","datePublished":"2025-07-02T20:39:57+00:00","dateModified":"2026-01-28T20:03:53+00:00","description":"Mane 'n Tail Hoofmaker","breadcrumb":{"@id":"https:\/\/equidash.eu\/shop\/horse\/mane-n-tail-hoofmaker\/#breadcrumb"},"inLanguage":"es","potentialAction":[{"@type":"ReadAction","target":["https:\/\/equidash.eu\/shop\/horse\/mane-n-tail-hoofmaker\/"]}]},{"@type":"ImageObject","inLanguage":"es","@id":"https:\/\/equidash.eu\/shop\/horse\/mane-n-tail-hoofmaker\/#primaryimage","url":"https:\/\/equidash.eu\/wp-content\/uploads\/2025\/07\/Mane-n-Tail_Hoofmaker_96g.png","contentUrl":"https:\/\/equidash.eu\/wp-content\/uploads\/2025\/07\/Mane-n-Tail_Hoofmaker_96g.png","width":1080,"height":1080},{"@type":"BreadcrumbList","@id":"https:\/\/equidash.eu\/shop\/horse\/mane-n-tail-hoofmaker\/#breadcrumb","itemListElement":[{"@type":"ListItem","position":1,"name":"Home","item":"https:\/\/equidash.eu\/"},{"@type":"ListItem","position":2,"name":"Shop","item":"https:\/\/equidash.eu\/shop\/"},{"@type":"ListItem","position":3,"name":"Mane &#8216;n Tail Hoofmaker"}]},{"@type":"WebSite","@id":"https:\/\/equidash.eu\/#website","url":"https:\/\/equidash.eu\/","name":"EquiDash","description":"Horse Riding Equipment and Accessories","publisher":{"@id":"https:\/\/equidash.eu\/#organization"},"alternateName":"EquiDash","potentialAction":[{"@type":"SearchAction","target":{"@type":"EntryPoint","urlTemplate":"https:\/\/equidash.eu\/?s={search_term_string}"},"query-input":{"@type":"PropertyValueSpecification","valueRequired":true,"valueName":"search_term_string"}}],"inLanguage":"es"},{"@type":"Organization","@id":"https:\/\/equidash.eu\/#organization","name":"EquiDash","alternateName":"EquiDash","url":"https:\/\/equidash.eu\/","logo":{"@type":"ImageObject","inLanguage":"es","@id":"https:\/\/equidash.eu\/#\/schema\/logo\/image\/","url":"https:\/\/equidash.eu\/wp-content\/uploads\/2024\/09\/EQUIDASH_Logo_Raud-1.png","contentUrl":"https:\/\/equidash.eu\/wp-content\/uploads\/2024\/09\/EQUIDASH_Logo_Raud-1.png","width":393,"height":422,"caption":"EquiDash"},"image":{"@id":"https:\/\/equidash.eu\/#\/schema\/logo\/image\/"},"sameAs":["https:\/\/www.facebook.com\/people\/EquiDash\/61560864479586\/","https:\/\/www.instagram.com\/equidash.eshop\/"],"email":"info@equidash.eu","telephone":"+372 59007334","legalName":"Takian Corporation O\u00dc","foundingDate":"2020-10-21","vatID":"EE102301283","numberOfEmployees":{"@type":"QuantitativeValue","minValue":"1","maxValue":"10"},"hasMerchantReturnPolicy":{"@type":"MerchantReturnPolicy","merchantReturnLink":"https:\/\/equidash.eu\/es\/return-privacy\/"}}]},"product_brand":"Mane 'n Tail","og_availability":"backorder","product_availability":"available for order","product_condition":"new"},"_links":{"self":[{"href":"https:\/\/equidash.eu\/es\/wp-json\/wp\/v2\/product\/4573","targetHints":{"allow":["GET"]}}],"collection":[{"href":"https:\/\/equidash.eu\/es\/wp-json\/wp\/v2\/product"}],"about":[{"href":"https:\/\/equidash.eu\/es\/wp-json\/wp\/v2\/types\/product"}],"wp:featuredmedia":[{"embeddable":true,"href":"https:\/\/equidash.eu\/es\/wp-json\/wp\/v2\/media\/4577"}],"wp:attachment":[{"href":"https:\/\/equidash.eu\/es\/wp-json\/wp\/v2\/media?parent=4573"}],"wp:term":[{"taxonomy":"product_brand","embeddable":true,"href":"https:\/\/equidash.eu\/es\/wp-json\/wp\/v2\/product_brand?post=4573"},{"taxonomy":"product_cat","embeddable":true,"href":"https:\/\/equidash.eu\/es\/wp-json\/wp\/v2\/product_cat?post=4573"},{"taxonomy":"product_tag","embeddable":true,"href":"https:\/\/equidash.eu\/es\/wp-json\/wp\/v2\/product_tag?post=4573"}],"curies":[{"name":"wp","href":"https:\/\/api.w.org\/{rel}","templated":true}]}}