{"id":463,"date":"2024-11-06T23:10:58","date_gmt":"2024-11-06T21:10:58","guid":{"rendered":"https:\/\/equidash.eu\/?post_type=product&#038;p=463"},"modified":"2025-12-02T15:17:43","modified_gmt":"2025-12-02T13:17:43","slug":"mountain-horse-flash-parka-junior","status":"publish","type":"product","link":"https:\/\/equidash.eu\/es\/shop\/rider\/riding-clothing-rider\/kids-riding-clothing-rider\/coats-jackets\/mountain-horse-flash-parka-junior\/","title":{"rendered":"Parka para ni\u00f1os Flash Mountain Horse"},"content":{"rendered":"<p><span style=\"color: #333333;\">Chaqueta JR reflectante con visibilidad de 360 grados. Resistente al agua y al viento. Forrado con un fino vell\u00f3n acogedor.<\/span><\/p>\n<ul>\n<li><span style=\"color: #333333;\">Chaqueta JR confeccionada en un tejido reflectante para m\u00e1xima visibilidad durante las temporadas m\u00e1s oscuras.<\/span><\/li>\n<li><span style=\"color: #333333;\">Cuerpo forrado con polar fino y acogedor en color de contraste.<\/span><\/li>\n<li><span style=\"color: #333333;\">Cremallera delantera central y tapeta protectora delantera con cierre a presi\u00f3n.<\/span><\/li>\n<li><span style=\"color: #333333;\">100% impermeable.<\/span><\/li>\n<li><span style=\"color: #333333;\">Dos bolsillos frontales con cierre de cremallera.<\/span><\/li>\n<li><span style=\"color: #333333;\">Capucha desmontable y ajustable.<\/span><\/li>\n<li><span style=\"color: #333333;\">Ranura trasera con inserci\u00f3n para proteger la silla y el caballo de la lluvia.<\/span><\/li>\n<li><span style=\"color: #333333;\">Dobladillo inferior el\u00e1stico flexible Apertura de manga ajustable con un pu\u00f1o interior el\u00e1stico con orificios para los pulgares.<\/span><\/li>\n<li><span style=\"color: #333333;\">Abertura de manga ajustable.<\/span><\/li>\n<li><span style=\"color: #333333; font-size: 14.4px;\">Detalles con el logotipo de MH.<\/span><\/li>\n<\/ul>\n<p><span style=\"color: #333333;\">La marca sueca Mountain Horse es uno de los nombres m\u00e1s conocidos en el mundo ecuestre y ha ganado una inmensa popularidad entre los jinetes, gracias a su dise\u00f1o funcional adaptado a los climas n\u00f3rdicos. La sostenibilidad es un principio fundamental que recorre toda la operaci\u00f3n, tanto en t\u00e9rminos de pr\u00e1cticas humanas como de consideraciones medioambientales, lo que hace que Mountain Horse sea tan querido hoy como lo fue hace 30 a\u00f1os.<\/span><\/p>","protected":false},"excerpt":{"rendered":"<p class=\"ai-optimize-22 ai-optimize-introduction\"><a href=\"https:\/\/equidash.eu\/es\/etiqueta-producto\/mountain-horse\/\"><img decoding=\"async\" style=\"height: 60px; margin-top: 20px;\" src=\"https:\/\/equidash.eu\/wp-content\/uploads\/2024\/09\/Mountain-Horse-1.png\" alt=\"\" \/><\/a><\/p>","protected":false},"featured_media":951,"template":"","meta":{"_acf_changed":false,"_joinchat":[]},"product_brand":[505],"product_cat":[205,204,22,203],"product_tag":[85,81,18],"class_list":{"0":"post-463","1":"product","2":"type-product","3":"status-publish","4":"has-post-thumbnail","6":"product_brand-mountain-horse","7":"product_cat-coats-jackets","8":"product_cat-kids-riding-clothing-rider","9":"product_cat-rider","10":"product_cat-riding-clothing-rider","11":"product_tag-flash","12":"product_tag-kids","13":"product_tag-mountain-horse","14":"pa_colors-black","15":"pa_size-73","16":"pa_size-74","17":"pa_size-75","18":"pa_size-76","19":"pa_size-77","20":"pa_size-78","22":"first","23":"onbackorder","24":"sale","25":"taxable","26":"shipping-taxable","27":"purchasable","28":"product-type-variable","29":"has-default-attributes"},"acf":[],"yoast_head":"<!-- This site is optimized with the Yoast SEO Premium plugin v26.2 (Yoast SEO v27.6) - https:\/\/yoast.com\/product\/yoast-seo-premium-wordpress\/ -->\n<title>Mountain Horse Flash Parka Junior | Parima hinnaga ratsavarustuse e-pood<\/title>\n<meta name=\"description\" content=\"Equidash - Ratsavarustuse veebipood Eestis ja Hispaanias. Lai valik erinevaid jopesid ja parkasid lastele. Mountain Horse Flash Parka Junior\" \/>\n<meta name=\"robots\" content=\"index, follow, max-snippet:-1, max-image-preview:large, max-video-preview:-1\" \/>\n<link rel=\"canonical\" href=\"https:\/\/equidash.eu\/es\/shop\/jinete\/ropa-de-montar-jinete\/ninos-ropa-de-equitacion-jinete\/chaquetas-abrigos-2\/mountain-horse-flash-parka-junior\/\" \/>\n<meta property=\"og:locale\" content=\"es_ES\" \/>\n<meta property=\"og:type\" content=\"article\" \/>\n<meta property=\"og:title\" content=\"Mountain Horse Flash Parka Junior\" \/>\n<meta property=\"og:description\" content=\"Equidash - Ratsavarustuse veebipood Eestis ja Hispaanias. Lai valik erinevaid jopesid ja parkasid lastele. Mountain Horse Flash Parka Junior\" \/>\n<meta property=\"og:url\" content=\"https:\/\/equidash.eu\/es\/shop\/jinete\/ropa-de-montar-jinete\/ninos-ropa-de-equitacion-jinete\/chaquetas-abrigos-2\/mountain-horse-flash-parka-junior\/\" \/>\n<meta property=\"og:site_name\" content=\"Parima hinnaga ratsavarustuse e-pood\" \/>\n<meta property=\"article:publisher\" content=\"https:\/\/www.facebook.com\/people\/EquiDash\/61560864479586\/\" \/>\n<meta property=\"article:modified_time\" content=\"2025-12-02T13:17:43+00:00\" \/>\n<meta property=\"og:image\" content=\"https:\/\/equidash.eu\/wp-content\/uploads\/2024\/11\/MH_Flash-Parka-JR-Black_1-1.png\" \/>\n\t<meta property=\"og:image:width\" content=\"1000\" \/>\n\t<meta property=\"og:image:height\" content=\"1000\" \/>\n\t<meta property=\"og:image:type\" content=\"image\/png\" \/>\n<meta name=\"twitter:card\" content=\"summary_large_image\" \/>\n<meta name=\"twitter:label1\" content=\"Disponibilidad\" \/>\n\t<meta name=\"twitter:data1\" content=\"Disponible para reservar\" \/>\n<script type=\"application\/ld+json\" class=\"yoast-schema-graph\">{\"@context\":\"https:\\\/\\\/schema.org\",\"@graph\":[{\"@type\":\"WebPage\",\"@id\":\"https:\\\/\\\/equidash.eu\\\/shop\\\/rider\\\/riding-clothing-rider\\\/kids-riding-clothing-rider\\\/coats-jackets\\\/mountain-horse-flash-parka-junior\\\/\",\"url\":\"https:\\\/\\\/equidash.eu\\\/shop\\\/rider\\\/riding-clothing-rider\\\/kids-riding-clothing-rider\\\/coats-jackets\\\/mountain-horse-flash-parka-junior\\\/\",\"name\":\"Mountain Horse Flash Parka Junior | Parima hinnaga ratsavarustuse e-pood\",\"isPartOf\":{\"@id\":\"https:\\\/\\\/equidash.eu\\\/#website\"},\"primaryImageOfPage\":{\"@id\":\"https:\\\/\\\/equidash.eu\\\/shop\\\/rider\\\/riding-clothing-rider\\\/kids-riding-clothing-rider\\\/coats-jackets\\\/mountain-horse-flash-parka-junior\\\/#primaryimage\"},\"image\":{\"@id\":\"https:\\\/\\\/equidash.eu\\\/shop\\\/rider\\\/riding-clothing-rider\\\/kids-riding-clothing-rider\\\/coats-jackets\\\/mountain-horse-flash-parka-junior\\\/#primaryimage\"},\"thumbnailUrl\":\"https:\\\/\\\/equidash.eu\\\/wp-content\\\/uploads\\\/2024\\\/11\\\/MH_Flash-Parka-JR-Black_1-1.png\",\"datePublished\":\"2024-11-06T21:10:58+00:00\",\"dateModified\":\"2025-12-02T13:17:43+00:00\",\"description\":\"Equidash - Ratsavarustuse veebipood Eestis ja Hispaanias. Lai valik erinevaid jopesid ja parkasid lastele. Mountain Horse Flash Parka Junior\",\"breadcrumb\":{\"@id\":\"https:\\\/\\\/equidash.eu\\\/shop\\\/rider\\\/riding-clothing-rider\\\/kids-riding-clothing-rider\\\/coats-jackets\\\/mountain-horse-flash-parka-junior\\\/#breadcrumb\"},\"inLanguage\":\"es\",\"potentialAction\":[{\"@type\":\"ReadAction\",\"target\":[\"https:\\\/\\\/equidash.eu\\\/shop\\\/rider\\\/riding-clothing-rider\\\/kids-riding-clothing-rider\\\/coats-jackets\\\/mountain-horse-flash-parka-junior\\\/\"]}]},{\"@type\":\"ImageObject\",\"inLanguage\":\"es\",\"@id\":\"https:\\\/\\\/equidash.eu\\\/shop\\\/rider\\\/riding-clothing-rider\\\/kids-riding-clothing-rider\\\/coats-jackets\\\/mountain-horse-flash-parka-junior\\\/#primaryimage\",\"url\":\"https:\\\/\\\/equidash.eu\\\/wp-content\\\/uploads\\\/2024\\\/11\\\/MH_Flash-Parka-JR-Black_1-1.png\",\"contentUrl\":\"https:\\\/\\\/equidash.eu\\\/wp-content\\\/uploads\\\/2024\\\/11\\\/MH_Flash-Parka-JR-Black_1-1.png\",\"width\":1000,\"height\":1000},{\"@type\":\"BreadcrumbList\",\"@id\":\"https:\\\/\\\/equidash.eu\\\/shop\\\/rider\\\/riding-clothing-rider\\\/kids-riding-clothing-rider\\\/coats-jackets\\\/mountain-horse-flash-parka-junior\\\/#breadcrumb\",\"itemListElement\":[{\"@type\":\"ListItem\",\"position\":1,\"name\":\"Home\",\"item\":\"https:\\\/\\\/equidash.eu\\\/\"},{\"@type\":\"ListItem\",\"position\":2,\"name\":\"Shop\",\"item\":\"https:\\\/\\\/equidash.eu\\\/shop\\\/\"},{\"@type\":\"ListItem\",\"position\":3,\"name\":\"Mountain Horse Flash Parka Junior\"}]},{\"@type\":\"WebSite\",\"@id\":\"https:\\\/\\\/equidash.eu\\\/#website\",\"url\":\"https:\\\/\\\/equidash.eu\\\/\",\"name\":\"EquiDash\",\"description\":\"Horse Riding Equipment and Accessories\",\"publisher\":{\"@id\":\"https:\\\/\\\/equidash.eu\\\/#organization\"},\"alternateName\":\"EquiDash\",\"potentialAction\":[{\"@type\":\"SearchAction\",\"target\":{\"@type\":\"EntryPoint\",\"urlTemplate\":\"https:\\\/\\\/equidash.eu\\\/?s={search_term_string}\"},\"query-input\":{\"@type\":\"PropertyValueSpecification\",\"valueRequired\":true,\"valueName\":\"search_term_string\"}}],\"inLanguage\":\"es\"},{\"@type\":\"Organization\",\"@id\":\"https:\\\/\\\/equidash.eu\\\/#organization\",\"name\":\"EquiDash\",\"alternateName\":\"EquiDash\",\"url\":\"https:\\\/\\\/equidash.eu\\\/\",\"logo\":{\"@type\":\"ImageObject\",\"inLanguage\":\"es\",\"@id\":\"https:\\\/\\\/equidash.eu\\\/#\\\/schema\\\/logo\\\/image\\\/\",\"url\":\"https:\\\/\\\/equidash.eu\\\/wp-content\\\/uploads\\\/2024\\\/09\\\/EQUIDASH_Logo_Raud-1.png\",\"contentUrl\":\"https:\\\/\\\/equidash.eu\\\/wp-content\\\/uploads\\\/2024\\\/09\\\/EQUIDASH_Logo_Raud-1.png\",\"width\":393,\"height\":422,\"caption\":\"EquiDash\"},\"image\":{\"@id\":\"https:\\\/\\\/equidash.eu\\\/#\\\/schema\\\/logo\\\/image\\\/\"},\"sameAs\":[\"https:\\\/\\\/www.facebook.com\\\/people\\\/EquiDash\\\/61560864479586\\\/\",\"https:\\\/\\\/www.instagram.com\\\/equidash.eshop\\\/\"],\"email\":\"info@equidash.eu\",\"telephone\":\"+372 59007334\",\"legalName\":\"Takian Corporation O\u00dc\",\"foundingDate\":\"2020-10-21\",\"vatID\":\"EE102301283\",\"numberOfEmployees\":{\"@type\":\"QuantitativeValue\",\"minValue\":\"1\",\"maxValue\":\"10\"},\"hasMerchantReturnPolicy\":{\"@type\":\"MerchantReturnPolicy\",\"merchantReturnLink\":\"https:\\\/\\\/equidash.eu\\\/es\\\/return-privacy\\\/\"}}]}<\/script>\n<meta property=\"product:brand\" content=\"Mountain Horse\" \/>\n<meta property=\"og:availability\" content=\"backorder\" \/>\n<meta property=\"product:availability\" content=\"available for order\" \/>\n<meta property=\"product:condition\" content=\"new\" \/>\n<!-- \/ Yoast SEO Premium plugin. -->","yoast_head_json":{"title":"Mountain Horse Flash Parka Junior | Parima hinnaga ratsavarustuse e-pood","description":"Equidash - Ratsavarustuse veebipood Eestis ja Hispaanias. Lai valik erinevaid jopesid ja parkasid lastele. Mountain Horse Flash Parka Junior","robots":{"index":"index","follow":"follow","max-snippet":"max-snippet:-1","max-image-preview":"max-image-preview:large","max-video-preview":"max-video-preview:-1"},"canonical":"https:\/\/equidash.eu\/es\/shop\/jinete\/ropa-de-montar-jinete\/ninos-ropa-de-equitacion-jinete\/chaquetas-abrigos-2\/mountain-horse-flash-parka-junior\/","og_locale":"es_ES","og_type":"article","og_title":"Mountain Horse Flash Parka Junior","og_description":"Equidash - Ratsavarustuse veebipood Eestis ja Hispaanias. Lai valik erinevaid jopesid ja parkasid lastele. Mountain Horse Flash Parka Junior","og_url":"https:\/\/equidash.eu\/es\/shop\/jinete\/ropa-de-montar-jinete\/ninos-ropa-de-equitacion-jinete\/chaquetas-abrigos-2\/mountain-horse-flash-parka-junior\/","og_site_name":"Parima hinnaga ratsavarustuse e-pood","article_publisher":"https:\/\/www.facebook.com\/people\/EquiDash\/61560864479586\/","article_modified_time":"2025-12-02T13:17:43+00:00","og_image":[{"width":1000,"height":1000,"url":"https:\/\/equidash.eu\/wp-content\/uploads\/2024\/11\/MH_Flash-Parka-JR-Black_1-1.png","type":"image\/png"}],"twitter_card":"summary_large_image","twitter_misc":{"Disponibilidad":"Disponible para reservar"},"schema":{"@context":"https:\/\/schema.org","@graph":[{"@type":"WebPage","@id":"https:\/\/equidash.eu\/shop\/rider\/riding-clothing-rider\/kids-riding-clothing-rider\/coats-jackets\/mountain-horse-flash-parka-junior\/","url":"https:\/\/equidash.eu\/shop\/rider\/riding-clothing-rider\/kids-riding-clothing-rider\/coats-jackets\/mountain-horse-flash-parka-junior\/","name":"Mountain Horse Flash Parka Junior | Parima hinnaga ratsavarustuse e-pood","isPartOf":{"@id":"https:\/\/equidash.eu\/#website"},"primaryImageOfPage":{"@id":"https:\/\/equidash.eu\/shop\/rider\/riding-clothing-rider\/kids-riding-clothing-rider\/coats-jackets\/mountain-horse-flash-parka-junior\/#primaryimage"},"image":{"@id":"https:\/\/equidash.eu\/shop\/rider\/riding-clothing-rider\/kids-riding-clothing-rider\/coats-jackets\/mountain-horse-flash-parka-junior\/#primaryimage"},"thumbnailUrl":"https:\/\/equidash.eu\/wp-content\/uploads\/2024\/11\/MH_Flash-Parka-JR-Black_1-1.png","datePublished":"2024-11-06T21:10:58+00:00","dateModified":"2025-12-02T13:17:43+00:00","description":"Equidash - Ratsavarustuse veebipood Eestis ja Hispaanias. Lai valik erinevaid jopesid ja parkasid lastele. Mountain Horse Flash Parka Junior","breadcrumb":{"@id":"https:\/\/equidash.eu\/shop\/rider\/riding-clothing-rider\/kids-riding-clothing-rider\/coats-jackets\/mountain-horse-flash-parka-junior\/#breadcrumb"},"inLanguage":"es","potentialAction":[{"@type":"ReadAction","target":["https:\/\/equidash.eu\/shop\/rider\/riding-clothing-rider\/kids-riding-clothing-rider\/coats-jackets\/mountain-horse-flash-parka-junior\/"]}]},{"@type":"ImageObject","inLanguage":"es","@id":"https:\/\/equidash.eu\/shop\/rider\/riding-clothing-rider\/kids-riding-clothing-rider\/coats-jackets\/mountain-horse-flash-parka-junior\/#primaryimage","url":"https:\/\/equidash.eu\/wp-content\/uploads\/2024\/11\/MH_Flash-Parka-JR-Black_1-1.png","contentUrl":"https:\/\/equidash.eu\/wp-content\/uploads\/2024\/11\/MH_Flash-Parka-JR-Black_1-1.png","width":1000,"height":1000},{"@type":"BreadcrumbList","@id":"https:\/\/equidash.eu\/shop\/rider\/riding-clothing-rider\/kids-riding-clothing-rider\/coats-jackets\/mountain-horse-flash-parka-junior\/#breadcrumb","itemListElement":[{"@type":"ListItem","position":1,"name":"Home","item":"https:\/\/equidash.eu\/"},{"@type":"ListItem","position":2,"name":"Shop","item":"https:\/\/equidash.eu\/shop\/"},{"@type":"ListItem","position":3,"name":"Mountain Horse Flash Parka Junior"}]},{"@type":"WebSite","@id":"https:\/\/equidash.eu\/#website","url":"https:\/\/equidash.eu\/","name":"EquiDash","description":"Horse Riding Equipment and Accessories","publisher":{"@id":"https:\/\/equidash.eu\/#organization"},"alternateName":"EquiDash","potentialAction":[{"@type":"SearchAction","target":{"@type":"EntryPoint","urlTemplate":"https:\/\/equidash.eu\/?s={search_term_string}"},"query-input":{"@type":"PropertyValueSpecification","valueRequired":true,"valueName":"search_term_string"}}],"inLanguage":"es"},{"@type":"Organization","@id":"https:\/\/equidash.eu\/#organization","name":"EquiDash","alternateName":"EquiDash","url":"https:\/\/equidash.eu\/","logo":{"@type":"ImageObject","inLanguage":"es","@id":"https:\/\/equidash.eu\/#\/schema\/logo\/image\/","url":"https:\/\/equidash.eu\/wp-content\/uploads\/2024\/09\/EQUIDASH_Logo_Raud-1.png","contentUrl":"https:\/\/equidash.eu\/wp-content\/uploads\/2024\/09\/EQUIDASH_Logo_Raud-1.png","width":393,"height":422,"caption":"EquiDash"},"image":{"@id":"https:\/\/equidash.eu\/#\/schema\/logo\/image\/"},"sameAs":["https:\/\/www.facebook.com\/people\/EquiDash\/61560864479586\/","https:\/\/www.instagram.com\/equidash.eshop\/"],"email":"info@equidash.eu","telephone":"+372 59007334","legalName":"Takian Corporation O\u00dc","foundingDate":"2020-10-21","vatID":"EE102301283","numberOfEmployees":{"@type":"QuantitativeValue","minValue":"1","maxValue":"10"},"hasMerchantReturnPolicy":{"@type":"MerchantReturnPolicy","merchantReturnLink":"https:\/\/equidash.eu\/es\/return-privacy\/"}}]},"product_brand":"Mountain Horse","og_availability":"backorder","product_availability":"available for order","product_condition":"new"},"_links":{"self":[{"href":"https:\/\/equidash.eu\/es\/wp-json\/wp\/v2\/product\/463","targetHints":{"allow":["GET"]}}],"collection":[{"href":"https:\/\/equidash.eu\/es\/wp-json\/wp\/v2\/product"}],"about":[{"href":"https:\/\/equidash.eu\/es\/wp-json\/wp\/v2\/types\/product"}],"wp:featuredmedia":[{"embeddable":true,"href":"https:\/\/equidash.eu\/es\/wp-json\/wp\/v2\/media\/951"}],"wp:attachment":[{"href":"https:\/\/equidash.eu\/es\/wp-json\/wp\/v2\/media?parent=463"}],"wp:term":[{"taxonomy":"product_brand","embeddable":true,"href":"https:\/\/equidash.eu\/es\/wp-json\/wp\/v2\/product_brand?post=463"},{"taxonomy":"product_cat","embeddable":true,"href":"https:\/\/equidash.eu\/es\/wp-json\/wp\/v2\/product_cat?post=463"},{"taxonomy":"product_tag","embeddable":true,"href":"https:\/\/equidash.eu\/es\/wp-json\/wp\/v2\/product_tag?post=463"}],"curies":[{"name":"wp","href":"https:\/\/api.w.org\/{rel}","templated":true}]}}