{"id":4641,"date":"2025-07-14T23:08:18","date_gmt":"2025-07-14T21:08:18","guid":{"rendered":"https:\/\/equidash.eu\/?post_type=product&#038;p=4641"},"modified":"2025-10-05T08:12:54","modified_gmt":"2025-10-05T06:12:54","slug":"chia-de-gracia-turmeric-powder","status":"publish","type":"product","link":"https:\/\/equidash.eu\/es\/shop\/horse\/chia-de-gracia-turmeric-powder\/","title":{"rendered":"Polvo de c\u00farcuma Chia de Gracia"},"content":{"rendered":"<p data-start=\"81\" data-end=\"149\"><strong data-start=\"81\" data-end=\"149\">Turmeric \u2013 Natural Anti-Inflammatory Support for Horses and Dogs<\/strong><\/p>\n<p data-start=\"151\" data-end=\"467\">Turmeric comes from a plant in the ginger family and has played a central role in traditional medicine for thousands of years. Its key active compound, curcumin, delivers powerful anti-inflammatory and antioxidant benefits, making turmeric an ideal supplement for joint health, liver support, and overall wellness.<\/p>\n<p><strong data-start=\"469\" data-end=\"486\">Key Benefits:<\/strong><\/p>\n<ul>\n<li data-start=\"469\" data-end=\"486\"><strong data-start=\"489\" data-end=\"523\">Supports joint and bone health<\/strong><\/li>\n<li data-start=\"469\" data-end=\"486\"><strong data-start=\"528\" data-end=\"587\">Reduces inflammation without harming the stomach lining<\/strong><\/li>\n<li data-start=\"469\" data-end=\"486\"><strong data-start=\"590\" data-end=\"640\">Boosts the body\u2019s natural antioxidant defenses<\/strong><\/li>\n<li data-start=\"469\" data-end=\"486\"><strong data-start=\"643\" data-end=\"676\">Promotes liver detoxification<\/strong><\/li>\n<li data-start=\"469\" data-end=\"486\"><strong data-start=\"679\" data-end=\"732\">Supports recovery in older or performance animals<\/strong><\/li>\n<\/ul>\n<p data-start=\"734\" data-end=\"1002\">This natural supplement is especially helpful for horses with chronic conditions, joint stiffness, or those needing extra support during performance. Turmeric can be safely used alongside <strong data-start=\"922\" data-end=\"932\">ginger<\/strong>, <strong data-start=\"934\" data-end=\"952\">liquorice root<\/strong>, and <strong data-start=\"958\" data-end=\"977\">fenugreek seeds<\/strong> for enhanced joint care.<\/p>\n<p data-start=\"1183\" data-end=\"1208\"><strong data-start=\"1183\" data-end=\"1206\">Recommended Dosage:<\/strong><\/p>\n<ul data-start=\"1209\" data-end=\"1292\">\n<li data-start=\"1209\" data-end=\"1256\">\n<p data-start=\"1211\" data-end=\"1256\"><strong data-start=\"1211\" data-end=\"1230\">Horse (500 kg):<\/strong> 1\u20132 tablespoons per day<\/p>\n<\/li>\n<li data-start=\"1257\" data-end=\"1292\">\n<p data-start=\"1259\" data-end=\"1292\"><strong data-start=\"1259\" data-end=\"1268\">Dogs:<\/strong> 1\u20132 teaspoons per day<\/p>\n<\/li>\n<\/ul>\n<p data-start=\"1294\" data-end=\"1316\"><strong data-start=\"1294\" data-end=\"1314\">Important Notes:<\/strong><\/p>\n<ul>\n<li data-start=\"1319\" data-end=\"1410\"><span style=\"font-size: 100%;\">Horses allergic to birch or bollard pollen may show cross-allergy symptoms with turmeric.<\/span><\/li>\n<li data-start=\"1319\" data-end=\"1410\"><span style=\"font-size: 100%;\"><span style=\"color: #555555;\">Observe a <\/span>4-day withdrawal period<span style=\"color: #555555;\"> before competitions.<\/span><\/span><\/li>\n<\/ul>\n<p data-start=\"266\" data-end=\"306\"><strong data-start=\"266\" data-end=\"281\">Composition<\/strong><br data-start=\"281\" data-end=\"284\" \/>100% turmeric powder<\/p>\n<p data-start=\"308\" data-end=\"351\"><strong data-start=\"308\" data-end=\"349\">Ingredients \/ Analytical constituents<\/strong><\/p>\n<ul data-start=\"352\" data-end=\"476\" data-is-last-node=\"\" data-is-only-node=\"\">\n<li data-start=\"352\" data-end=\"372\">\n<p data-start=\"354\" data-end=\"372\">Crude fiber: 21%, crude protein: 7%, crude fat: 10%, crude oils and fats: 0%, crude ash: 6%, moisture: 8.5%<\/p>\n<\/li>\n<\/ul>\n<article class=\"text-token-text-primary w-full focus:outline-none scroll-mt-(--header-height)\" dir=\"auto\" tabindex=\"-1\" data-turn-id=\"eff490ae-50f2-4117-970d-634d4a716495\" data-testid=\"conversation-turn-11\" data-scroll-anchor=\"false\" data-turn=\"user\">\n<div class=\"text-base my-auto mx-auto pt-12 [--thread-content-margin:--spacing(4)] thread-sm:[--thread-content-margin:--spacing(6)] thread-lg:[--thread-content-margin:--spacing(16)] px-(--thread-content-margin)\">\n<div class=\"[--thread-content-max-width:40rem] thread-lg:[--thread-content-max-width:48rem] mx-auto max-w-(--thread-content-max-width) flex-1 group\/turn-messages focus-visible:outline-hidden relative flex w-full min-w-0 flex-col\" tabindex=\"-1\">\n<div class=\"flex max-w-full flex-col grow\">\n<div class=\"min-h-8 text-message relative flex w-full flex-col items-end gap-2 text-start break-words whitespace-normal [.text-message+&amp;]:mt-5\" dir=\"auto\" data-message-author-role=\"user\" data-message-id=\"eff490ae-50f2-4117-970d-634d4a716495\">\n<div class=\"flex w-full flex-col gap-1 empty:hidden items-end rtl:items-start\"><\/div>\n<\/div>\n<\/div>\n<\/div>\n<\/div>\n<\/article>\n<article class=\"text-token-text-primary w-full focus:outline-none scroll-mt-[calc(var(--header-height)+min(200px,max(70px,20svh)))]\" dir=\"auto\" tabindex=\"-1\" data-turn-id=\"dd9ca501-b66e-4d26-9472-898b2719681e\" data-testid=\"conversation-turn-12\" data-scroll-anchor=\"true\" data-turn=\"assistant\">\n<div class=\"text-base my-auto mx-auto pb-10 [--thread-content-margin:--spacing(4)] thread-sm:[--thread-content-margin:--spacing(6)] thread-lg:[--thread-content-margin:--spacing(16)] px-(--thread-content-margin)\">\n<div class=\"[--thread-content-max-width:40rem] thread-lg:[--thread-content-max-width:48rem] mx-auto max-w-(--thread-content-max-width) flex-1 group\/turn-messages focus-visible:outline-hidden relative flex w-full min-w-0 flex-col agent-turn\" tabindex=\"-1\">\n<div class=\"flex max-w-full flex-col grow\">\n<div class=\"min-h-8 text-message relative flex w-full flex-col items-end gap-2 text-start break-words whitespace-normal [.text-message+&amp;]:mt-5\" dir=\"auto\" data-message-author-role=\"assistant\" data-message-id=\"5607db19-be7d-4d05-bcfa-5db414ef273d\" data-message-model-slug=\"gpt-5-mini\">\n<div class=\"flex w-full flex-col gap-1 empty:hidden first:pt-[1px]\">\n<div class=\"markdown prose dark:prose-invert w-full break-words dark markdown-new-styling\">\n<p data-start=\"0\" data-end=\"264\"><span style=\"font-size: 100%;\">Feed declaration: Single feed<\/span><br data-start=\"53\" data-end=\"56\" \/><span style=\"font-size: 100%;\">Application area: Joints \/ ligaments \/ tendons (musculoskeletal system)<\/span><br data-start=\"127\" data-end=\"130\" \/><span style=\"font-size: 100%;\">Manufacturer: Chia de Gracia Oy, S\u00e4rkiniemenkatu 5 C1, 00210 Helsinki, Finland, <\/span><a class=\"decorated-link\" href=\"https:\/\/www.chiadegracia.com\/\" target=\"_new\" rel=\"noopener\" data-start=\"210\" data-end=\"262\"><span style=\"font-size: 100%;\">www.chiadegracia.com<\/span><\/a><\/p>\n<\/div>\n<\/div>\n<\/div>\n<\/div>\n<\/div>\n<\/div>\n<\/article>\n","protected":false},"excerpt":{"rendered":"<p><a href=\"https:\/\/equidash.eu\/es\/etiqueta-producto\/chia-de-gracia\/\"><img decoding=\"async\" style=\"height: 60px; margin-top: 20px;\" src=\"https:\/\/equidash.eu\/wp-content\/uploads\/2024\/10\/chialogoS_-1.png\" alt=\"\" \/><\/a><\/p>","protected":false},"featured_media":4646,"template":"","meta":{"_acf_changed":false,"_joinchat":[]},"product_brand":[510],"product_cat":[266,27,251,477,405],"product_tag":[422,421,629,698,699,697],"class_list":{"0":"post-4641","1":"product","2":"type-product","3":"status-publish","4":"has-post-thumbnail","6":"product_brand-chia-de-gracia","7":"product_cat-dog","8":"product_cat-horse","9":"product_cat-horse-feed-nutrition","10":"product_cat-supplements-dog","11":"product_cat-supplements","12":"product_tag-100-natural","13":"product_tag-chia-de-gracia","14":"product_tag-joint-support","15":"product_tag-liver","16":"product_tag-reduction-of-inflammation","17":"product_tag-turmeric","18":"pa_size-1-kg","19":"pa_size-500-g","21":"first","22":"instock","23":"taxable","24":"shipping-taxable","25":"purchasable","26":"product-type-variable"},"acf":[],"yoast_head":"<!-- This site is optimized with the Yoast SEO Premium plugin v26.2 (Yoast SEO v27.2) - https:\/\/yoast.com\/product\/yoast-seo-premium-wordpress\/ -->\n<title>Chia de Gracia Turmeric powder | Parima hinnaga ratsavarustuse e-pood<\/title>\n<meta name=\"description\" content=\"Chia de Gracia Turmeric powder| Kurkum toetab liigeste tervist, v\u00e4hendab p\u00f5letikku ja soodustab maksa t\u00f6\u00f6d hobustel ja koertel - eakatele ja aktiivsetele loomadele.\" \/>\n<meta name=\"robots\" content=\"index, follow, max-snippet:-1, max-image-preview:large, max-video-preview:-1\" \/>\n<link rel=\"canonical\" href=\"https:\/\/equidash.eu\/es\/shop\/caballo\/chia-de-gracia-turmeric-powder\/\" \/>\n<meta property=\"og:locale\" content=\"es_ES\" \/>\n<meta property=\"og:type\" content=\"article\" \/>\n<meta property=\"og:title\" content=\"Chia de Gracia Turmeric powder\" \/>\n<meta property=\"og:description\" content=\"Chia de Gracia Turmeric powder| Kurkum toetab liigeste tervist, v\u00e4hendab p\u00f5letikku ja soodustab maksa t\u00f6\u00f6d hobustel ja koertel - eakatele ja aktiivsetele loomadele.\" \/>\n<meta property=\"og:url\" content=\"https:\/\/equidash.eu\/es\/shop\/caballo\/chia-de-gracia-turmeric-powder\/\" \/>\n<meta property=\"og:site_name\" content=\"Parima hinnaga ratsavarustuse e-pood\" \/>\n<meta property=\"article:publisher\" content=\"https:\/\/www.facebook.com\/people\/EquiDash\/61560864479586\/\" \/>\n<meta property=\"article:modified_time\" content=\"2025-10-05T06:12:54+00:00\" \/>\n<meta property=\"og:image\" content=\"https:\/\/equidash.eu\/wp-content\/uploads\/2025\/07\/ChiaDeGracia_Turmeric_500g.png\" \/>\n\t<meta property=\"og:image:width\" content=\"1080\" \/>\n\t<meta property=\"og:image:height\" content=\"1080\" \/>\n\t<meta property=\"og:image:type\" content=\"image\/png\" \/>\n<meta name=\"twitter:card\" content=\"summary_large_image\" \/>\n<meta name=\"twitter:label1\" content=\"Disponibilidad\" \/>\n\t<meta name=\"twitter:data1\" content=\"Disponible\" \/>\n<script type=\"application\/ld+json\" class=\"yoast-schema-graph\">{\"@context\":\"https:\/\/schema.org\",\"@graph\":[{\"@type\":\"WebPage\",\"@id\":\"https:\/\/equidash.eu\/shop\/horse\/chia-de-gracia-turmeric-powder\/\",\"url\":\"https:\/\/equidash.eu\/shop\/horse\/chia-de-gracia-turmeric-powder\/\",\"name\":\"Chia de Gracia Turmeric powder | Parima hinnaga ratsavarustuse e-pood\",\"isPartOf\":{\"@id\":\"https:\/\/equidash.eu\/#website\"},\"primaryImageOfPage\":{\"@id\":\"https:\/\/equidash.eu\/shop\/horse\/chia-de-gracia-turmeric-powder\/#primaryimage\"},\"image\":{\"@id\":\"https:\/\/equidash.eu\/shop\/horse\/chia-de-gracia-turmeric-powder\/#primaryimage\"},\"thumbnailUrl\":\"https:\/\/equidash.eu\/wp-content\/uploads\/2025\/07\/ChiaDeGracia_Turmeric_500g.png\",\"datePublished\":\"2025-07-14T21:08:18+00:00\",\"dateModified\":\"2025-10-05T06:12:54+00:00\",\"description\":\"Chia de Gracia Turmeric powder| Kurkum toetab liigeste tervist, v\u00e4hendab p\u00f5letikku ja soodustab maksa t\u00f6\u00f6d hobustel ja koertel - eakatele ja aktiivsetele loomadele.\",\"breadcrumb\":{\"@id\":\"https:\/\/equidash.eu\/shop\/horse\/chia-de-gracia-turmeric-powder\/#breadcrumb\"},\"inLanguage\":\"es\",\"potentialAction\":[{\"@type\":\"ReadAction\",\"target\":[\"https:\/\/equidash.eu\/shop\/horse\/chia-de-gracia-turmeric-powder\/\"]}]},{\"@type\":\"ImageObject\",\"inLanguage\":\"es\",\"@id\":\"https:\/\/equidash.eu\/shop\/horse\/chia-de-gracia-turmeric-powder\/#primaryimage\",\"url\":\"https:\/\/equidash.eu\/wp-content\/uploads\/2025\/07\/ChiaDeGracia_Turmeric_500g.png\",\"contentUrl\":\"https:\/\/equidash.eu\/wp-content\/uploads\/2025\/07\/ChiaDeGracia_Turmeric_500g.png\",\"width\":1080,\"height\":1080},{\"@type\":\"BreadcrumbList\",\"@id\":\"https:\/\/equidash.eu\/shop\/horse\/chia-de-gracia-turmeric-powder\/#breadcrumb\",\"itemListElement\":[{\"@type\":\"ListItem\",\"position\":1,\"name\":\"Home\",\"item\":\"https:\/\/equidash.eu\/\"},{\"@type\":\"ListItem\",\"position\":2,\"name\":\"Shop\",\"item\":\"https:\/\/equidash.eu\/shop\/\"},{\"@type\":\"ListItem\",\"position\":3,\"name\":\"Chia de Gracia Turmeric powder\"}]},{\"@type\":\"WebSite\",\"@id\":\"https:\/\/equidash.eu\/#website\",\"url\":\"https:\/\/equidash.eu\/\",\"name\":\"EquiDash\",\"description\":\"Horse Riding Equipment and Accessories\",\"publisher\":{\"@id\":\"https:\/\/equidash.eu\/#organization\"},\"alternateName\":\"EquiDash\",\"potentialAction\":[{\"@type\":\"SearchAction\",\"target\":{\"@type\":\"EntryPoint\",\"urlTemplate\":\"https:\/\/equidash.eu\/?s={search_term_string}\"},\"query-input\":{\"@type\":\"PropertyValueSpecification\",\"valueRequired\":true,\"valueName\":\"search_term_string\"}}],\"inLanguage\":\"es\"},{\"@type\":\"Organization\",\"@id\":\"https:\/\/equidash.eu\/#organization\",\"name\":\"EquiDash\",\"alternateName\":\"EquiDash\",\"url\":\"https:\/\/equidash.eu\/\",\"logo\":{\"@type\":\"ImageObject\",\"inLanguage\":\"es\",\"@id\":\"https:\/\/equidash.eu\/#\/schema\/logo\/image\/\",\"url\":\"https:\/\/equidash.eu\/wp-content\/uploads\/2024\/09\/EQUIDASH_Logo_Raud-1.png\",\"contentUrl\":\"https:\/\/equidash.eu\/wp-content\/uploads\/2024\/09\/EQUIDASH_Logo_Raud-1.png\",\"width\":393,\"height\":422,\"caption\":\"EquiDash\"},\"image\":{\"@id\":\"https:\/\/equidash.eu\/#\/schema\/logo\/image\/\"},\"sameAs\":[\"https:\/\/www.facebook.com\/people\/EquiDash\/61560864479586\/\",\"https:\/\/www.instagram.com\/equidash.eshop\/\"],\"email\":\"info@equidash.eu\",\"telephone\":\"+372 59007334\",\"legalName\":\"Takian Corporation O\u00dc\",\"foundingDate\":\"2020-10-21\",\"vatID\":\"EE102301283\",\"numberOfEmployees\":{\"@type\":\"QuantitativeValue\",\"minValue\":\"1\",\"maxValue\":\"10\"},\"hasMerchantReturnPolicy\":{\"@type\":\"MerchantReturnPolicy\",\"merchantReturnLink\":\"https:\/\/equidash.eu\/es\/return-privacy\/\"}}]}<\/script>\n<meta property=\"product:brand\" content=\"Chia de Gracia\" \/>\n<meta property=\"og:availability\" content=\"instock\" \/>\n<meta property=\"product:availability\" content=\"instock\" \/>\n<meta property=\"product:condition\" content=\"new\" \/>\n<!-- \/ Yoast SEO Premium plugin. -->","yoast_head_json":{"title":"Chia de Gracia Turmeric powder | Parima hinnaga ratsavarustuse e-pood","description":"Chia de Gracia Turmeric powder| Kurkum toetab liigeste tervist, v\u00e4hendab p\u00f5letikku ja soodustab maksa t\u00f6\u00f6d hobustel ja koertel - eakatele ja aktiivsetele loomadele.","robots":{"index":"index","follow":"follow","max-snippet":"max-snippet:-1","max-image-preview":"max-image-preview:large","max-video-preview":"max-video-preview:-1"},"canonical":"https:\/\/equidash.eu\/es\/shop\/caballo\/chia-de-gracia-turmeric-powder\/","og_locale":"es_ES","og_type":"article","og_title":"Chia de Gracia Turmeric powder","og_description":"Chia de Gracia Turmeric powder| Kurkum toetab liigeste tervist, v\u00e4hendab p\u00f5letikku ja soodustab maksa t\u00f6\u00f6d hobustel ja koertel - eakatele ja aktiivsetele loomadele.","og_url":"https:\/\/equidash.eu\/es\/shop\/caballo\/chia-de-gracia-turmeric-powder\/","og_site_name":"Parima hinnaga ratsavarustuse e-pood","article_publisher":"https:\/\/www.facebook.com\/people\/EquiDash\/61560864479586\/","article_modified_time":"2025-10-05T06:12:54+00:00","og_image":[{"width":1080,"height":1080,"url":"https:\/\/equidash.eu\/wp-content\/uploads\/2025\/07\/ChiaDeGracia_Turmeric_500g.png","type":"image\/png"}],"twitter_card":"summary_large_image","twitter_misc":{"Disponibilidad":"Disponible"},"schema":{"@context":"https:\/\/schema.org","@graph":[{"@type":"WebPage","@id":"https:\/\/equidash.eu\/shop\/horse\/chia-de-gracia-turmeric-powder\/","url":"https:\/\/equidash.eu\/shop\/horse\/chia-de-gracia-turmeric-powder\/","name":"Chia de Gracia Turmeric powder | Parima hinnaga ratsavarustuse e-pood","isPartOf":{"@id":"https:\/\/equidash.eu\/#website"},"primaryImageOfPage":{"@id":"https:\/\/equidash.eu\/shop\/horse\/chia-de-gracia-turmeric-powder\/#primaryimage"},"image":{"@id":"https:\/\/equidash.eu\/shop\/horse\/chia-de-gracia-turmeric-powder\/#primaryimage"},"thumbnailUrl":"https:\/\/equidash.eu\/wp-content\/uploads\/2025\/07\/ChiaDeGracia_Turmeric_500g.png","datePublished":"2025-07-14T21:08:18+00:00","dateModified":"2025-10-05T06:12:54+00:00","description":"Chia de Gracia Turmeric powder| Kurkum toetab liigeste tervist, v\u00e4hendab p\u00f5letikku ja soodustab maksa t\u00f6\u00f6d hobustel ja koertel - eakatele ja aktiivsetele loomadele.","breadcrumb":{"@id":"https:\/\/equidash.eu\/shop\/horse\/chia-de-gracia-turmeric-powder\/#breadcrumb"},"inLanguage":"es","potentialAction":[{"@type":"ReadAction","target":["https:\/\/equidash.eu\/shop\/horse\/chia-de-gracia-turmeric-powder\/"]}]},{"@type":"ImageObject","inLanguage":"es","@id":"https:\/\/equidash.eu\/shop\/horse\/chia-de-gracia-turmeric-powder\/#primaryimage","url":"https:\/\/equidash.eu\/wp-content\/uploads\/2025\/07\/ChiaDeGracia_Turmeric_500g.png","contentUrl":"https:\/\/equidash.eu\/wp-content\/uploads\/2025\/07\/ChiaDeGracia_Turmeric_500g.png","width":1080,"height":1080},{"@type":"BreadcrumbList","@id":"https:\/\/equidash.eu\/shop\/horse\/chia-de-gracia-turmeric-powder\/#breadcrumb","itemListElement":[{"@type":"ListItem","position":1,"name":"Home","item":"https:\/\/equidash.eu\/"},{"@type":"ListItem","position":2,"name":"Shop","item":"https:\/\/equidash.eu\/shop\/"},{"@type":"ListItem","position":3,"name":"Chia de Gracia Turmeric powder"}]},{"@type":"WebSite","@id":"https:\/\/equidash.eu\/#website","url":"https:\/\/equidash.eu\/","name":"EquiDash","description":"Horse Riding Equipment and Accessories","publisher":{"@id":"https:\/\/equidash.eu\/#organization"},"alternateName":"EquiDash","potentialAction":[{"@type":"SearchAction","target":{"@type":"EntryPoint","urlTemplate":"https:\/\/equidash.eu\/?s={search_term_string}"},"query-input":{"@type":"PropertyValueSpecification","valueRequired":true,"valueName":"search_term_string"}}],"inLanguage":"es"},{"@type":"Organization","@id":"https:\/\/equidash.eu\/#organization","name":"EquiDash","alternateName":"EquiDash","url":"https:\/\/equidash.eu\/","logo":{"@type":"ImageObject","inLanguage":"es","@id":"https:\/\/equidash.eu\/#\/schema\/logo\/image\/","url":"https:\/\/equidash.eu\/wp-content\/uploads\/2024\/09\/EQUIDASH_Logo_Raud-1.png","contentUrl":"https:\/\/equidash.eu\/wp-content\/uploads\/2024\/09\/EQUIDASH_Logo_Raud-1.png","width":393,"height":422,"caption":"EquiDash"},"image":{"@id":"https:\/\/equidash.eu\/#\/schema\/logo\/image\/"},"sameAs":["https:\/\/www.facebook.com\/people\/EquiDash\/61560864479586\/","https:\/\/www.instagram.com\/equidash.eshop\/"],"email":"info@equidash.eu","telephone":"+372 59007334","legalName":"Takian Corporation O\u00dc","foundingDate":"2020-10-21","vatID":"EE102301283","numberOfEmployees":{"@type":"QuantitativeValue","minValue":"1","maxValue":"10"},"hasMerchantReturnPolicy":{"@type":"MerchantReturnPolicy","merchantReturnLink":"https:\/\/equidash.eu\/es\/return-privacy\/"}}]},"product_brand":"Chia de Gracia","og_availability":"instock","product_availability":"instock","product_condition":"new"},"_links":{"self":[{"href":"https:\/\/equidash.eu\/es\/wp-json\/wp\/v2\/product\/4641","targetHints":{"allow":["GET"]}}],"collection":[{"href":"https:\/\/equidash.eu\/es\/wp-json\/wp\/v2\/product"}],"about":[{"href":"https:\/\/equidash.eu\/es\/wp-json\/wp\/v2\/types\/product"}],"wp:featuredmedia":[{"embeddable":true,"href":"https:\/\/equidash.eu\/es\/wp-json\/wp\/v2\/media\/4646"}],"wp:attachment":[{"href":"https:\/\/equidash.eu\/es\/wp-json\/wp\/v2\/media?parent=4641"}],"wp:term":[{"taxonomy":"product_brand","embeddable":true,"href":"https:\/\/equidash.eu\/es\/wp-json\/wp\/v2\/product_brand?post=4641"},{"taxonomy":"product_cat","embeddable":true,"href":"https:\/\/equidash.eu\/es\/wp-json\/wp\/v2\/product_cat?post=4641"},{"taxonomy":"product_tag","embeddable":true,"href":"https:\/\/equidash.eu\/es\/wp-json\/wp\/v2\/product_tag?post=4641"}],"curies":[{"name":"wp","href":"https:\/\/api.w.org\/{rel}","templated":true}]}}