{"id":4686,"date":"2025-08-01T10:13:06","date_gmt":"2025-08-01T08:13:06","guid":{"rendered":"https:\/\/equidash.eu\/?post_type=product&#038;p=4686"},"modified":"2025-10-08T21:08:22","modified_gmt":"2025-10-08T19:08:22","slug":"__trashed","status":"publish","type":"product","link":"https:\/\/equidash.eu\/es\/shop\/horse\/horse-feed-nutrition\/horse-treats\/__trashed\/","title":{"rendered":"Unika Balls Gastro"},"content":{"rendered":"<p><span style=\"font-size: 100%;\"><strong>Apoya la salud g\u00e1strica y la digesti\u00f3n tranquila<\/strong><\/span><\/p>\n<p><span style=\"font-size: 100%;\">Unika Balls Gastro es un innovador alimento complementario dise\u00f1ado para caballos con est\u00f3magos sensibles. Mucho m\u00e1s que una simple distracci\u00f3n, estas bolas para lamer suspendidas combinan los beneficios de ingredientes naturales como el carb\u00f3n vegetal y el regaliz para calmar el tracto digestivo y fomentar la producci\u00f3n de saliva, clave para neutralizar el \u00e1cido g\u00e1strico.<\/span><\/p>\n<p><span style=\"font-size: 100%;\">Desarrolladas por Unika y hechas a mano en Italia, estas bolas para lamer est\u00e1n compuestas en un 93% por ingredientes de origen vegetal y no contienen cereales ni az\u00facares a\u00f1adidos, lo que las hace ideales para caballos con sensibilidades alimentarias, dietas de bajo \u00edndice gluc\u00e9mico o caballos deportivos de alto rendimiento.<\/span><\/p>\n<p><span style=\"font-size: 100%;\">Ya sea en el box o durante el transporte, Unika Balls \u2013 Gastro estimula mentalmente al caballo y favorece su salud digestiva de forma natural y eficaz.<\/span><\/p>\n<p><span style=\"font-size: 100%;\"><strong>\u00bfPor qu\u00e9 elegir Unika Balls \u2013 Gastro?<\/strong><\/span><\/p>\n<ul>\n<li>Apoyo digestivo \u2013 el carb\u00f3n vegetal y el regaliz ayudan a calmar y proteger el sistema digestivo<\/li>\n<li>Estimula la producci\u00f3n de saliva \u2013 contribuye a neutralizar el \u00e1cido g\u00e1strico y mantener el equilibrio del pH<\/li>\n<li>Sin cereales ni az\u00facares a\u00f1adidos \u2013 ideal para caballos sensibles o con dietas espec\u00edficas<\/li>\n<li>Nutrici\u00f3n vegetal \u2013 elaborado con arroz y soja de alta calidad para una \u00f3ptima digestibilidad<\/li>\n<li>Reduce el estr\u00e9s \u2013 perfecto para caballos nerviosos o propensos a molestias g\u00e1stricas por aburrimie<\/li>\n<li>Hecho a mano en Italia \u2013 con ingredientes naturales y de primera calidad<\/li>\n<\/ul>\n<p><span style=\"font-size: 100%;\"><strong>Perfect for:<\/strong><\/span><\/p>\n<p><span style=\"font-size: 100%;\">\u2714\ufe0f Caballos con sensibilidad g\u00e1strica<\/span><br data-start=\"1720\" data-end=\"1723\" \/><span style=\"font-size: 100%;\">\u2714\ufe0f Caballos deportivos bajo estr\u00e9s f\u00edsico o emocional<\/span><br data-start=\"1772\" data-end=\"1775\" \/><span style=\"font-size: 100%;\">\u2714\ufe0f Caballos intolerantes a los cereales o al az\u00facar<\/span><br data-start=\"1813\" data-end=\"1816\" \/><span style=\"font-size: 100%;\">\u2714\ufe0f Caballos que necesitan apoyo digestivo<\/span><\/p>\n<p><span style=\"font-size: 100%;\"><strong data-start=\"1867\" data-end=\"1882\">Peso neto:<\/strong> 1.8 kg<\/span><br data-start=\"1889\" data-end=\"1892\" \/><span style=\"font-size: 100%;\"><strong data-start=\"1892\" data-end=\"1902\">Modo de uso:<\/strong> Colgar en el box o remolque \u2013 permitir el acceso libre diario<\/span><\/p>\n<p><span style=\"font-size: 100%;\"><strong data-start=\"2043\" data-end=\"2062\">Consejo de alimentaci\u00f3n:<\/strong> Cada caballo es \u00fanico. Introduce los alimentos complementarios de forma gradual y consulta con tu veterinario o nutricionista equino antes de realizar cambios en la dieta.<\/span><\/p>\n<p><span style=\"font-size: 100%;\"><strong data-start=\"2216\" data-end=\"2304\">Br\u00edndale a tu caballo el apoyo digestivo natural que se merece \u2013 con cada lamido calmante.<\/strong><\/span><\/p>\n<p data-start=\"36\" data-end=\"62\"><strong data-start=\"36\" data-end=\"62\">Analytical Composition: <\/strong>Crude Protein: 16.6%, crude Ash: 12%, crude Fiber: 4.4%, crude Fat: 3.03% , sodium: 0.81%<\/p>\n<p data-start=\"160\" data-end=\"258\"><strong data-start=\"160\" data-end=\"186\">Trace Elements (mg\/kg)<\/strong><br data-start=\"186\" data-end=\"189\" \/>Copper (3b405) 25 mg, manganese (3b503) 96 mg, zinc (3b605) 72 mg<\/p>\n<p data-start=\"260\" data-end=\"331\"><strong data-start=\"260\" data-end=\"272\">Contains<\/strong><br data-start=\"272\" data-end=\"275\" \/>Licorice Extract (Glycyrrhiza glabra) \u2013 CoE 218 15,000<\/p>\n<p>Manufacturer: Cento Fiori S.r.l. \u2013 P.IVA CF IT02697091201 (brand Linea Unika)<br data-start=\"77\" data-end=\"80\" \/>Country of origin: Italy<\/p>","protected":false},"excerpt":{"rendered":"<p><a href=\"https:\/\/equidash.eu\/es\/etiqueta-producto\/unika\/\"><img decoding=\"async\" style=\"height: 60px; margin-top: 20px;\" src=\"https:\/\/equidash.eu\/wp-content\/uploads\/2025\/07\/Unika.png\" alt=\"\" \/><\/a><\/p>","protected":false},"featured_media":4689,"template":"","meta":{"_acf_changed":false,"_joinchat":[]},"product_brand":[685],"product_cat":[27,251,253,405],"product_tag":[403,708,704,612,705],"class_list":{"0":"post-4686","1":"product","2":"type-product","3":"status-publish","4":"has-post-thumbnail","6":"product_brand-unika","7":"product_cat-horse","8":"product_cat-horse-feed-nutrition","9":"product_cat-horse-treats","10":"product_cat-supplements","11":"product_tag-digestion","12":"product_tag-gastro","13":"product_tag-linea-unika","14":"product_tag-stomach","15":"product_tag-unika-ball","17":"first","18":"instock","19":"taxable","20":"shipping-taxable","21":"purchasable","22":"product-type-simple"},"acf":[],"yoast_head":"<!-- This site is optimized with the Yoast SEO Premium plugin v26.2 (Yoast SEO v27.2) - https:\/\/yoast.com\/product\/yoast-seo-premium-wordpress\/ -->\n<title>Unika Balls Gastro | Parima hinnaga ratsavarustuse e-pood<\/title>\n<meta name=\"description\" content=\"Unika Balls Gastro | Looduslik Unika n\u00e4rimispall tundliku k\u00f5huga hobustele. Soodustab seedimist, neutraliseerib maohapet ja v\u00e4hendab stressi.\" \/>\n<meta name=\"robots\" content=\"index, follow, max-snippet:-1, max-image-preview:large, max-video-preview:-1\" \/>\n<link rel=\"canonical\" href=\"https:\/\/equidash.eu\/es\/shop\/caballo\/pienso-para-caballos\/golosinas-para-caballos\/__trashed\/\" \/>\n<meta property=\"og:locale\" content=\"es_ES\" \/>\n<meta property=\"og:type\" content=\"article\" \/>\n<meta property=\"og:title\" content=\"Unika Balls Gastro\" \/>\n<meta property=\"og:description\" content=\"Unika Balls Gastro | Looduslik Unika n\u00e4rimispall tundliku k\u00f5huga hobustele. Soodustab seedimist, neutraliseerib maohapet ja v\u00e4hendab stressi.\" \/>\n<meta property=\"og:url\" content=\"https:\/\/equidash.eu\/es\/shop\/caballo\/pienso-para-caballos\/golosinas-para-caballos\/__trashed\/\" \/>\n<meta property=\"og:site_name\" content=\"Parima hinnaga ratsavarustuse e-pood\" \/>\n<meta property=\"article:publisher\" content=\"https:\/\/www.facebook.com\/people\/EquiDash\/61560864479586\/\" \/>\n<meta property=\"article:modified_time\" content=\"2025-10-08T19:08:22+00:00\" \/>\n<meta property=\"og:image\" content=\"https:\/\/equidash.eu\/wp-content\/uploads\/2025\/08\/Linea-Unika_Balls_Gastro_0.png\" \/>\n\t<meta property=\"og:image:width\" content=\"1080\" \/>\n\t<meta property=\"og:image:height\" content=\"1080\" \/>\n\t<meta property=\"og:image:type\" content=\"image\/png\" \/>\n<meta name=\"twitter:card\" content=\"summary_large_image\" \/>\n<meta name=\"twitter:label1\" content=\"Precio\" \/>\n\t<meta name=\"twitter:data1\" content=\"36,00&nbsp;&euro;\" \/>\n\t<meta name=\"twitter:label2\" content=\"Disponibilidad\" \/>\n\t<meta name=\"twitter:data2\" content=\"Disponible\" \/>\n<script type=\"application\/ld+json\" class=\"yoast-schema-graph\">{\"@context\":\"https:\/\/schema.org\",\"@graph\":[{\"@type\":\"WebPage\",\"@id\":\"https:\/\/equidash.eu\/shop\/horse\/horse-feed-nutrition\/horse-treats\/__trashed\/\",\"url\":\"https:\/\/equidash.eu\/shop\/horse\/horse-feed-nutrition\/horse-treats\/__trashed\/\",\"name\":\"Unika Balls Gastro | Parima hinnaga ratsavarustuse e-pood\",\"isPartOf\":{\"@id\":\"https:\/\/equidash.eu\/#website\"},\"primaryImageOfPage\":{\"@id\":\"https:\/\/equidash.eu\/shop\/horse\/horse-feed-nutrition\/horse-treats\/__trashed\/#primaryimage\"},\"image\":{\"@id\":\"https:\/\/equidash.eu\/shop\/horse\/horse-feed-nutrition\/horse-treats\/__trashed\/#primaryimage\"},\"thumbnailUrl\":\"https:\/\/equidash.eu\/wp-content\/uploads\/2025\/08\/Linea-Unika_Balls_Gastro_0.png\",\"datePublished\":\"2025-08-01T08:13:06+00:00\",\"dateModified\":\"2025-10-08T19:08:22+00:00\",\"description\":\"Unika Balls Gastro | Looduslik Unika n\u00e4rimispall tundliku k\u00f5huga hobustele. Soodustab seedimist, neutraliseerib maohapet ja v\u00e4hendab stressi.\",\"breadcrumb\":{\"@id\":\"https:\/\/equidash.eu\/shop\/horse\/horse-feed-nutrition\/horse-treats\/__trashed\/#breadcrumb\"},\"inLanguage\":\"es\",\"potentialAction\":[{\"@type\":\"ReadAction\",\"target\":[\"https:\/\/equidash.eu\/shop\/horse\/horse-feed-nutrition\/horse-treats\/__trashed\/\"]}]},{\"@type\":\"ImageObject\",\"inLanguage\":\"es\",\"@id\":\"https:\/\/equidash.eu\/shop\/horse\/horse-feed-nutrition\/horse-treats\/__trashed\/#primaryimage\",\"url\":\"https:\/\/equidash.eu\/wp-content\/uploads\/2025\/08\/Linea-Unika_Balls_Gastro_0.png\",\"contentUrl\":\"https:\/\/equidash.eu\/wp-content\/uploads\/2025\/08\/Linea-Unika_Balls_Gastro_0.png\",\"width\":1080,\"height\":1080,\"caption\":\"Unika Balls Gastro \u2013 looduslik tugi hobuse seedimisele ja maohappe tasakaalustamisele.\"},{\"@type\":\"BreadcrumbList\",\"@id\":\"https:\/\/equidash.eu\/shop\/horse\/horse-feed-nutrition\/horse-treats\/__trashed\/#breadcrumb\",\"itemListElement\":[{\"@type\":\"ListItem\",\"position\":1,\"name\":\"Home\",\"item\":\"https:\/\/equidash.eu\/\"},{\"@type\":\"ListItem\",\"position\":2,\"name\":\"Shop\",\"item\":\"https:\/\/equidash.eu\/shop\/\"},{\"@type\":\"ListItem\",\"position\":3,\"name\":\"Unika Balls Gastro\"}]},{\"@type\":\"WebSite\",\"@id\":\"https:\/\/equidash.eu\/#website\",\"url\":\"https:\/\/equidash.eu\/\",\"name\":\"EquiDash\",\"description\":\"Horse Riding Equipment and Accessories\",\"publisher\":{\"@id\":\"https:\/\/equidash.eu\/#organization\"},\"alternateName\":\"EquiDash\",\"potentialAction\":[{\"@type\":\"SearchAction\",\"target\":{\"@type\":\"EntryPoint\",\"urlTemplate\":\"https:\/\/equidash.eu\/?s={search_term_string}\"},\"query-input\":{\"@type\":\"PropertyValueSpecification\",\"valueRequired\":true,\"valueName\":\"search_term_string\"}}],\"inLanguage\":\"es\"},{\"@type\":\"Organization\",\"@id\":\"https:\/\/equidash.eu\/#organization\",\"name\":\"EquiDash\",\"alternateName\":\"EquiDash\",\"url\":\"https:\/\/equidash.eu\/\",\"logo\":{\"@type\":\"ImageObject\",\"inLanguage\":\"es\",\"@id\":\"https:\/\/equidash.eu\/#\/schema\/logo\/image\/\",\"url\":\"https:\/\/equidash.eu\/wp-content\/uploads\/2024\/09\/EQUIDASH_Logo_Raud-1.png\",\"contentUrl\":\"https:\/\/equidash.eu\/wp-content\/uploads\/2024\/09\/EQUIDASH_Logo_Raud-1.png\",\"width\":393,\"height\":422,\"caption\":\"EquiDash\"},\"image\":{\"@id\":\"https:\/\/equidash.eu\/#\/schema\/logo\/image\/\"},\"sameAs\":[\"https:\/\/www.facebook.com\/people\/EquiDash\/61560864479586\/\",\"https:\/\/www.instagram.com\/equidash.eshop\/\"],\"email\":\"info@equidash.eu\",\"telephone\":\"+372 59007334\",\"legalName\":\"Takian Corporation O\u00dc\",\"foundingDate\":\"2020-10-21\",\"vatID\":\"EE102301283\",\"numberOfEmployees\":{\"@type\":\"QuantitativeValue\",\"minValue\":\"1\",\"maxValue\":\"10\"},\"hasMerchantReturnPolicy\":{\"@type\":\"MerchantReturnPolicy\",\"merchantReturnLink\":\"https:\/\/equidash.eu\/es\/return-privacy\/\"}}]}<\/script>\n<meta property=\"product:brand\" content=\"Unika\" \/>\n<meta property=\"product:price:amount\" content=\"36.00\" \/>\n<meta property=\"product:price:currency\" content=\"EUR\" \/>\n<meta property=\"og:availability\" content=\"instock\" \/>\n<meta property=\"product:availability\" content=\"instock\" \/>\n<meta property=\"product:retailer_item_id\" content=\"LU0197\" \/>\n<meta property=\"product:condition\" content=\"new\" \/>\n<!-- \/ Yoast SEO Premium plugin. -->","yoast_head_json":{"title":"Unika Balls Gastro | Parima hinnaga ratsavarustuse e-pood","description":"Unika Balls Gastro | Looduslik Unika n\u00e4rimispall tundliku k\u00f5huga hobustele. Soodustab seedimist, neutraliseerib maohapet ja v\u00e4hendab stressi.","robots":{"index":"index","follow":"follow","max-snippet":"max-snippet:-1","max-image-preview":"max-image-preview:large","max-video-preview":"max-video-preview:-1"},"canonical":"https:\/\/equidash.eu\/es\/shop\/caballo\/pienso-para-caballos\/golosinas-para-caballos\/__trashed\/","og_locale":"es_ES","og_type":"article","og_title":"Unika Balls Gastro","og_description":"Unika Balls Gastro | Looduslik Unika n\u00e4rimispall tundliku k\u00f5huga hobustele. Soodustab seedimist, neutraliseerib maohapet ja v\u00e4hendab stressi.","og_url":"https:\/\/equidash.eu\/es\/shop\/caballo\/pienso-para-caballos\/golosinas-para-caballos\/__trashed\/","og_site_name":"Parima hinnaga ratsavarustuse e-pood","article_publisher":"https:\/\/www.facebook.com\/people\/EquiDash\/61560864479586\/","article_modified_time":"2025-10-08T19:08:22+00:00","og_image":[{"width":1080,"height":1080,"url":"https:\/\/equidash.eu\/wp-content\/uploads\/2025\/08\/Linea-Unika_Balls_Gastro_0.png","type":"image\/png"}],"twitter_card":"summary_large_image","twitter_misc":{"Precio":"36,00&nbsp;&euro;","Disponibilidad":"Disponible"},"schema":{"@context":"https:\/\/schema.org","@graph":[{"@type":"WebPage","@id":"https:\/\/equidash.eu\/shop\/horse\/horse-feed-nutrition\/horse-treats\/__trashed\/","url":"https:\/\/equidash.eu\/shop\/horse\/horse-feed-nutrition\/horse-treats\/__trashed\/","name":"Unika Balls Gastro | Parima hinnaga ratsavarustuse e-pood","isPartOf":{"@id":"https:\/\/equidash.eu\/#website"},"primaryImageOfPage":{"@id":"https:\/\/equidash.eu\/shop\/horse\/horse-feed-nutrition\/horse-treats\/__trashed\/#primaryimage"},"image":{"@id":"https:\/\/equidash.eu\/shop\/horse\/horse-feed-nutrition\/horse-treats\/__trashed\/#primaryimage"},"thumbnailUrl":"https:\/\/equidash.eu\/wp-content\/uploads\/2025\/08\/Linea-Unika_Balls_Gastro_0.png","datePublished":"2025-08-01T08:13:06+00:00","dateModified":"2025-10-08T19:08:22+00:00","description":"Unika Balls Gastro | Looduslik Unika n\u00e4rimispall tundliku k\u00f5huga hobustele. Soodustab seedimist, neutraliseerib maohapet ja v\u00e4hendab stressi.","breadcrumb":{"@id":"https:\/\/equidash.eu\/shop\/horse\/horse-feed-nutrition\/horse-treats\/__trashed\/#breadcrumb"},"inLanguage":"es","potentialAction":[{"@type":"ReadAction","target":["https:\/\/equidash.eu\/shop\/horse\/horse-feed-nutrition\/horse-treats\/__trashed\/"]}]},{"@type":"ImageObject","inLanguage":"es","@id":"https:\/\/equidash.eu\/shop\/horse\/horse-feed-nutrition\/horse-treats\/__trashed\/#primaryimage","url":"https:\/\/equidash.eu\/wp-content\/uploads\/2025\/08\/Linea-Unika_Balls_Gastro_0.png","contentUrl":"https:\/\/equidash.eu\/wp-content\/uploads\/2025\/08\/Linea-Unika_Balls_Gastro_0.png","width":1080,"height":1080,"caption":"Unika Balls Gastro \u2013 looduslik tugi hobuse seedimisele ja maohappe tasakaalustamisele."},{"@type":"BreadcrumbList","@id":"https:\/\/equidash.eu\/shop\/horse\/horse-feed-nutrition\/horse-treats\/__trashed\/#breadcrumb","itemListElement":[{"@type":"ListItem","position":1,"name":"Home","item":"https:\/\/equidash.eu\/"},{"@type":"ListItem","position":2,"name":"Shop","item":"https:\/\/equidash.eu\/shop\/"},{"@type":"ListItem","position":3,"name":"Unika Balls Gastro"}]},{"@type":"WebSite","@id":"https:\/\/equidash.eu\/#website","url":"https:\/\/equidash.eu\/","name":"EquiDash","description":"Horse Riding Equipment and Accessories","publisher":{"@id":"https:\/\/equidash.eu\/#organization"},"alternateName":"EquiDash","potentialAction":[{"@type":"SearchAction","target":{"@type":"EntryPoint","urlTemplate":"https:\/\/equidash.eu\/?s={search_term_string}"},"query-input":{"@type":"PropertyValueSpecification","valueRequired":true,"valueName":"search_term_string"}}],"inLanguage":"es"},{"@type":"Organization","@id":"https:\/\/equidash.eu\/#organization","name":"EquiDash","alternateName":"EquiDash","url":"https:\/\/equidash.eu\/","logo":{"@type":"ImageObject","inLanguage":"es","@id":"https:\/\/equidash.eu\/#\/schema\/logo\/image\/","url":"https:\/\/equidash.eu\/wp-content\/uploads\/2024\/09\/EQUIDASH_Logo_Raud-1.png","contentUrl":"https:\/\/equidash.eu\/wp-content\/uploads\/2024\/09\/EQUIDASH_Logo_Raud-1.png","width":393,"height":422,"caption":"EquiDash"},"image":{"@id":"https:\/\/equidash.eu\/#\/schema\/logo\/image\/"},"sameAs":["https:\/\/www.facebook.com\/people\/EquiDash\/61560864479586\/","https:\/\/www.instagram.com\/equidash.eshop\/"],"email":"info@equidash.eu","telephone":"+372 59007334","legalName":"Takian Corporation O\u00dc","foundingDate":"2020-10-21","vatID":"EE102301283","numberOfEmployees":{"@type":"QuantitativeValue","minValue":"1","maxValue":"10"},"hasMerchantReturnPolicy":{"@type":"MerchantReturnPolicy","merchantReturnLink":"https:\/\/equidash.eu\/es\/return-privacy\/"}}]},"product_brand":"Unika","product_price_amount":"36.00","product_price_currency":"EUR","og_availability":"instock","product_availability":"instock","product_retailer_item_id":"LU0197","product_condition":"new"},"_links":{"self":[{"href":"https:\/\/equidash.eu\/es\/wp-json\/wp\/v2\/product\/4686","targetHints":{"allow":["GET"]}}],"collection":[{"href":"https:\/\/equidash.eu\/es\/wp-json\/wp\/v2\/product"}],"about":[{"href":"https:\/\/equidash.eu\/es\/wp-json\/wp\/v2\/types\/product"}],"wp:featuredmedia":[{"embeddable":true,"href":"https:\/\/equidash.eu\/es\/wp-json\/wp\/v2\/media\/4689"}],"wp:attachment":[{"href":"https:\/\/equidash.eu\/es\/wp-json\/wp\/v2\/media?parent=4686"}],"wp:term":[{"taxonomy":"product_brand","embeddable":true,"href":"https:\/\/equidash.eu\/es\/wp-json\/wp\/v2\/product_brand?post=4686"},{"taxonomy":"product_cat","embeddable":true,"href":"https:\/\/equidash.eu\/es\/wp-json\/wp\/v2\/product_cat?post=4686"},{"taxonomy":"product_tag","embeddable":true,"href":"https:\/\/equidash.eu\/es\/wp-json\/wp\/v2\/product_tag?post=4686"}],"curies":[{"name":"wp","href":"https:\/\/api.w.org\/{rel}","templated":true}]}}