{"id":4751,"date":"2025-08-05T11:57:52","date_gmt":"2025-08-05T09:57:52","guid":{"rendered":"https:\/\/equidash.eu\/?post_type=product&#038;p=4751"},"modified":"2025-10-03T11:48:30","modified_gmt":"2025-10-03T09:48:30","slug":"unika-balls-herbs","status":"publish","type":"product","link":"https:\/\/equidash.eu\/es\/shop\/horse\/horse-feed-nutrition\/horse-treats\/unika-balls-herbs\/","title":{"rendered":"Unika Balls Herbs"},"content":{"rendered":"<p data-start=\"193\" data-end=\"272\"><strong data-start=\"193\" data-end=\"272\">Diversi\u00f3n saludable con prop\u00f3sito \u2013 Apoya el bienestar respiratorio y el equilibrio natural<\/strong><\/p>\n<p data-start=\"274\" data-end=\"577\">Unika Balls \u2013 Herbs es un alimento complementario revolucionario dise\u00f1ado para ofrecer m\u00e1s que solo entretenimiento. Estas bolas de masticar suspendidas contienen tomillo, romero y menta, que apoyan la salud respiratoria de tu caballo y a la vez proporcionan una experiencia estimulante.<\/p>\n<p data-start=\"274\" data-end=\"577\">A diferencia de los polvos o l\u00edquidos tradicionales, Unika Balls \u2013 Herbs ofrecen una forma completamente nueva de suministrar nutrientes esenciales. Adem\u00e1s, son divertidas y motivadoras para tu caballo. Se cuelgan f\u00e1cilmente en establos o remolques con cuerdas de fibra natural, lo que las hace pr\u00e1cticas y c\u00f3modas para el uso diario. Como resultado, brindan soporte nutricional durante todo el d\u00eda.<\/p>\n<p data-start=\"857\" data-end=\"896\"><strong data-start=\"861\" data-end=\"896\">\u00bfPor qu\u00e9 elegir Unika Balls \u2013 Herbs?<\/strong><\/p>\n<ul>\n<li>Poder de las hierbas \u2013 incluye tomillo, romero y menta para apoyar naturalmente el sistema respiratorio<\/li>\n<li>93% ingredientes de origen vegetal \u2013 hecho con arroz y soja de alta calidad<\/li>\n<li>Sin cereales ni az\u00facares a\u00f1adidos \u2013 ideal para caballos sensibles al az\u00facar o con dietas de bajo \u00edndice gluc\u00e9mico<\/li>\n<li>Perfectas para caballos deportivos \u2013 bajo contenido de az\u00facar ayuda a reducir la acumulaci\u00f3n de \u00e1cido l\u00e1ctico<\/li>\n<li>Hecho a mano en Italia \u2013 con ingredientes naturales y de primera calidad<\/li>\n<\/ul>\n<p data-start=\"1327\" data-end=\"1347\"><strong data-start=\"1331\" data-end=\"1347\">Perfect for:<\/strong><\/p>\n<p data-start=\"1349\" data-end=\"1507\">\u2714\ufe0f Caballos que necesitan apoyo respiratorio<br data-start=\"1386\" data-end=\"1389\" \/>\u2714\ufe0f Caballos deportivos<br data-start=\"1403\" data-end=\"1406\" \/>\u2714\ufe0f Caballos con sensibilidad g\u00e1strica<br data-start=\"1442\" data-end=\"1445\" \/>\u2714\ufe0f Caballos aburridos o en establos que necesitan estimulaci\u00f3n mental<\/p>\n<p data-start=\"1514\" data-end=\"1639\"><strong data-start=\"1514\" data-end=\"1529\">Peso neto: 1,8 kg<\/strong> 1.8 kg<br data-start=\"1536\" data-end=\"1539\" \/><strong data-start=\"1539\" data-end=\"1554\">Modo de empleo:<\/strong> Cuelgue la bola en el establo o remolque. Luego, introd\u00fazcala gradualmente y observe la reacci\u00f3n de su caballo.<\/p>\n<p data-start=\"1641\" data-end=\"1854\"><strong data-start=\"1641\" data-end=\"1657\">Composici\u00f3n:<\/strong><br data-start=\"1657\" data-end=\"1660\" \/>Expeller de soja*, maltodextrina, cloruro de sodio, cloruro de potasio, arroz molido, romero, \u00f3xido de magnesio, tomillo, menta, stevia, carbonato de calcio<br data-start=\"1814\" data-end=\"1817\" \/>(*De soja modificada gen\u00e9ticamente)<\/p>\n<p data-start=\"1856\" data-end=\"2106\"><strong data-start=\"1856\" data-end=\"1888\">Constituyentes anal\u00edticos (%):<\/strong><br data-start=\"1888\" data-end=\"1891\" \/>Prote\u00edna bruta 17%, ceniza bruta 10,5%, fibra bruta 2,86%, grasa bruta 3,48%, sodio 1,62%<br data-start=\"1975\" data-end=\"1978\" \/><strong data-start=\"1978\" data-end=\"2005\">Oligoelementos (mg\/kg):<\/strong><br data-start=\"2005\" data-end=\"2008\" \/>Cobre 25, Manganeso 96, Zinc 72<br data-start=\"2040\" data-end=\"2043\" \/>Almid\u00f3n: 3,85% | Az\u00facar: 2,80% (solo naturalmente presente)<\/p>\n<p data-start=\"2113\" data-end=\"2220\"><strong data-start=\"2113\" data-end=\"2122\">Nota:<\/strong> Nota: Cada caballo es \u00fanico. Introduce los alimentos complementarios gradualmente y monitorea su respuesta<\/p>\n<p data-start=\"2113\" data-end=\"2220\">Manufacturer: Cento Fiori S.r.l. \u2013 P.IVA CF IT02697091201<br data-start=\"97\" data-end=\"100\" \/>Via del Broaldo, 2\/3, 40064 \u2013 Ozzano dell\u2019Emilia (BO) (brand Linea Unika)<br data-start=\"173\" data-end=\"176\" data-is-only-node=\"\" \/>Country of origin: Italy<\/p>","protected":false},"excerpt":{"rendered":"<p>Healthy Fun with a Purpose \u2013 Support Respiratory Wellness &amp; Natural Balance Unika Balls \u2013 Herbs are a revolutionary complementary feed designed to provide more than just entertainment. These suspended lick balls not only contain thyme, rosemary, and peppermint to support your horse\u2019s respiratory health, but also provide an engaging experience. Unlike traditional powders or [&#8230;]\n","protected":false},"featured_media":4754,"template":"","meta":{"_acf_changed":false,"_joinchat":[]},"product_brand":[685],"product_cat":[709,27,251,253,405],"product_tag":[714,704,713,628,705],"class_list":{"0":"post-4751","1":"product","2":"type-product","3":"status-publish","4":"has-post-thumbnail","6":"product_brand-unika","7":"product_cat-calming","8":"product_cat-horse","9":"product_cat-horse-feed-nutrition","10":"product_cat-horse-treats","11":"product_cat-supplements","12":"product_tag-breathing","13":"product_tag-linea-unika","14":"product_tag-respiration","15":"product_tag-respiratory-system","16":"product_tag-unika-ball","18":"first","19":"onbackorder","20":"taxable","21":"shipping-taxable","22":"purchasable","23":"product-type-simple"},"acf":[],"yoast_head":"<!-- This site is optimized with the Yoast SEO Premium plugin v26.2 (Yoast SEO v27.2) - https:\/\/yoast.com\/product\/yoast-seo-premium-wordpress\/ -->\n<title>Unika Balls Herbs | Parima hinnaga ratsavarustuse e-pood<\/title>\n<meta name=\"description\" content=\"Unika Balls Herbs | n\u00e4rimispall, mis toetab hobuse hingamisteede tervist ja pakub m\u00f5nusat vaimset stimuleerimist. 100% looduslikud \u00fcrdid.\" \/>\n<meta name=\"robots\" content=\"index, follow, max-snippet:-1, max-image-preview:large, max-video-preview:-1\" \/>\n<link rel=\"canonical\" href=\"https:\/\/equidash.eu\/es\/shop\/caballo\/pienso-para-caballos\/golosinas-para-caballos\/unika-balls-herbs\/\" \/>\n<meta property=\"og:locale\" content=\"es_ES\" \/>\n<meta property=\"og:type\" content=\"article\" \/>\n<meta property=\"og:title\" content=\"Unika Balls Herbs\" \/>\n<meta property=\"og:description\" content=\"Unika Balls Herbs | n\u00e4rimispall, mis toetab hobuse hingamisteede tervist ja pakub m\u00f5nusat vaimset stimuleerimist. 100% looduslikud \u00fcrdid.\" \/>\n<meta property=\"og:url\" content=\"https:\/\/equidash.eu\/es\/shop\/caballo\/pienso-para-caballos\/golosinas-para-caballos\/unika-balls-herbs\/\" \/>\n<meta property=\"og:site_name\" content=\"Parima hinnaga ratsavarustuse e-pood\" \/>\n<meta property=\"article:publisher\" content=\"https:\/\/www.facebook.com\/people\/EquiDash\/61560864479586\/\" \/>\n<meta property=\"article:modified_time\" content=\"2025-10-03T09:48:30+00:00\" \/>\n<meta property=\"og:image\" content=\"https:\/\/equidash.eu\/wp-content\/uploads\/2025\/08\/unika-balls-herbs-respiration.png\" \/>\n\t<meta property=\"og:image:width\" content=\"1000\" \/>\n\t<meta property=\"og:image:height\" content=\"1000\" \/>\n\t<meta property=\"og:image:type\" content=\"image\/png\" \/>\n<meta name=\"twitter:card\" content=\"summary_large_image\" \/>\n<meta name=\"twitter:label1\" content=\"Precio\" \/>\n\t<meta name=\"twitter:data1\" content=\"36,00&nbsp;&euro;\" \/>\n\t<meta name=\"twitter:label2\" content=\"Disponibilidad\" \/>\n\t<meta name=\"twitter:data2\" content=\"Disponible para reservar\" \/>\n<script type=\"application\/ld+json\" class=\"yoast-schema-graph\">{\"@context\":\"https:\/\/schema.org\",\"@graph\":[{\"@type\":\"WebPage\",\"@id\":\"https:\/\/equidash.eu\/shop\/horse\/horse-feed-nutrition\/horse-treats\/unika-balls-herbs\/\",\"url\":\"https:\/\/equidash.eu\/shop\/horse\/horse-feed-nutrition\/horse-treats\/unika-balls-herbs\/\",\"name\":\"Unika Balls Herbs | Parima hinnaga ratsavarustuse e-pood\",\"isPartOf\":{\"@id\":\"https:\/\/equidash.eu\/#website\"},\"primaryImageOfPage\":{\"@id\":\"https:\/\/equidash.eu\/shop\/horse\/horse-feed-nutrition\/horse-treats\/unika-balls-herbs\/#primaryimage\"},\"image\":{\"@id\":\"https:\/\/equidash.eu\/shop\/horse\/horse-feed-nutrition\/horse-treats\/unika-balls-herbs\/#primaryimage\"},\"thumbnailUrl\":\"https:\/\/equidash.eu\/wp-content\/uploads\/2025\/08\/unika-balls-herbs-respiration.png\",\"datePublished\":\"2025-08-05T09:57:52+00:00\",\"dateModified\":\"2025-10-03T09:48:30+00:00\",\"description\":\"Unika Balls Herbs | n\u00e4rimispall, mis toetab hobuse hingamisteede tervist ja pakub m\u00f5nusat vaimset stimuleerimist. 100% looduslikud \u00fcrdid.\",\"breadcrumb\":{\"@id\":\"https:\/\/equidash.eu\/shop\/horse\/horse-feed-nutrition\/horse-treats\/unika-balls-herbs\/#breadcrumb\"},\"inLanguage\":\"es\",\"potentialAction\":[{\"@type\":\"ReadAction\",\"target\":[\"https:\/\/equidash.eu\/shop\/horse\/horse-feed-nutrition\/horse-treats\/unika-balls-herbs\/\"]}]},{\"@type\":\"ImageObject\",\"inLanguage\":\"es\",\"@id\":\"https:\/\/equidash.eu\/shop\/horse\/horse-feed-nutrition\/horse-treats\/unika-balls-herbs\/#primaryimage\",\"url\":\"https:\/\/equidash.eu\/wp-content\/uploads\/2025\/08\/unika-balls-herbs-respiration.png\",\"contentUrl\":\"https:\/\/equidash.eu\/wp-content\/uploads\/2025\/08\/unika-balls-herbs-respiration.png\",\"width\":1000,\"height\":1000,\"caption\":\"Detailvaade Unika Herbs n\u00e4rimispallist \u2013 looduslik ja k\u00e4sit\u00f6\u00f6na valmistatud\"},{\"@type\":\"BreadcrumbList\",\"@id\":\"https:\/\/equidash.eu\/shop\/horse\/horse-feed-nutrition\/horse-treats\/unika-balls-herbs\/#breadcrumb\",\"itemListElement\":[{\"@type\":\"ListItem\",\"position\":1,\"name\":\"Home\",\"item\":\"https:\/\/equidash.eu\/\"},{\"@type\":\"ListItem\",\"position\":2,\"name\":\"Shop\",\"item\":\"https:\/\/equidash.eu\/shop\/\"},{\"@type\":\"ListItem\",\"position\":3,\"name\":\"Unika Balls Herbs\"}]},{\"@type\":\"WebSite\",\"@id\":\"https:\/\/equidash.eu\/#website\",\"url\":\"https:\/\/equidash.eu\/\",\"name\":\"EquiDash\",\"description\":\"Horse Riding Equipment and Accessories\",\"publisher\":{\"@id\":\"https:\/\/equidash.eu\/#organization\"},\"alternateName\":\"EquiDash\",\"potentialAction\":[{\"@type\":\"SearchAction\",\"target\":{\"@type\":\"EntryPoint\",\"urlTemplate\":\"https:\/\/equidash.eu\/?s={search_term_string}\"},\"query-input\":{\"@type\":\"PropertyValueSpecification\",\"valueRequired\":true,\"valueName\":\"search_term_string\"}}],\"inLanguage\":\"es\"},{\"@type\":\"Organization\",\"@id\":\"https:\/\/equidash.eu\/#organization\",\"name\":\"EquiDash\",\"alternateName\":\"EquiDash\",\"url\":\"https:\/\/equidash.eu\/\",\"logo\":{\"@type\":\"ImageObject\",\"inLanguage\":\"es\",\"@id\":\"https:\/\/equidash.eu\/#\/schema\/logo\/image\/\",\"url\":\"https:\/\/equidash.eu\/wp-content\/uploads\/2024\/09\/EQUIDASH_Logo_Raud-1.png\",\"contentUrl\":\"https:\/\/equidash.eu\/wp-content\/uploads\/2024\/09\/EQUIDASH_Logo_Raud-1.png\",\"width\":393,\"height\":422,\"caption\":\"EquiDash\"},\"image\":{\"@id\":\"https:\/\/equidash.eu\/#\/schema\/logo\/image\/\"},\"sameAs\":[\"https:\/\/www.facebook.com\/people\/EquiDash\/61560864479586\/\",\"https:\/\/www.instagram.com\/equidash.eshop\/\"],\"email\":\"info@equidash.eu\",\"telephone\":\"+372 59007334\",\"legalName\":\"Takian Corporation O\u00dc\",\"foundingDate\":\"2020-10-21\",\"vatID\":\"EE102301283\",\"numberOfEmployees\":{\"@type\":\"QuantitativeValue\",\"minValue\":\"1\",\"maxValue\":\"10\"},\"hasMerchantReturnPolicy\":{\"@type\":\"MerchantReturnPolicy\",\"merchantReturnLink\":\"https:\/\/equidash.eu\/es\/return-privacy\/\"}}]}<\/script>\n<meta property=\"product:brand\" content=\"Unika\" \/>\n<meta property=\"product:price:amount\" content=\"36.00\" \/>\n<meta property=\"product:price:currency\" content=\"EUR\" \/>\n<meta property=\"og:availability\" content=\"backorder\" \/>\n<meta property=\"product:availability\" content=\"available for order\" \/>\n<meta property=\"product:condition\" content=\"new\" \/>\n<!-- \/ Yoast SEO Premium plugin. -->","yoast_head_json":{"title":"Unika Balls Herbs | Parima hinnaga ratsavarustuse e-pood","description":"Unika Balls Herbs | n\u00e4rimispall, mis toetab hobuse hingamisteede tervist ja pakub m\u00f5nusat vaimset stimuleerimist. 100% looduslikud \u00fcrdid.","robots":{"index":"index","follow":"follow","max-snippet":"max-snippet:-1","max-image-preview":"max-image-preview:large","max-video-preview":"max-video-preview:-1"},"canonical":"https:\/\/equidash.eu\/es\/shop\/caballo\/pienso-para-caballos\/golosinas-para-caballos\/unika-balls-herbs\/","og_locale":"es_ES","og_type":"article","og_title":"Unika Balls Herbs","og_description":"Unika Balls Herbs | n\u00e4rimispall, mis toetab hobuse hingamisteede tervist ja pakub m\u00f5nusat vaimset stimuleerimist. 100% looduslikud \u00fcrdid.","og_url":"https:\/\/equidash.eu\/es\/shop\/caballo\/pienso-para-caballos\/golosinas-para-caballos\/unika-balls-herbs\/","og_site_name":"Parima hinnaga ratsavarustuse e-pood","article_publisher":"https:\/\/www.facebook.com\/people\/EquiDash\/61560864479586\/","article_modified_time":"2025-10-03T09:48:30+00:00","og_image":[{"width":1000,"height":1000,"url":"https:\/\/equidash.eu\/wp-content\/uploads\/2025\/08\/unika-balls-herbs-respiration.png","type":"image\/png"}],"twitter_card":"summary_large_image","twitter_misc":{"Precio":"36,00&nbsp;&euro;","Disponibilidad":"Disponible para reservar"},"schema":{"@context":"https:\/\/schema.org","@graph":[{"@type":"WebPage","@id":"https:\/\/equidash.eu\/shop\/horse\/horse-feed-nutrition\/horse-treats\/unika-balls-herbs\/","url":"https:\/\/equidash.eu\/shop\/horse\/horse-feed-nutrition\/horse-treats\/unika-balls-herbs\/","name":"Unika Balls Herbs | Parima hinnaga ratsavarustuse e-pood","isPartOf":{"@id":"https:\/\/equidash.eu\/#website"},"primaryImageOfPage":{"@id":"https:\/\/equidash.eu\/shop\/horse\/horse-feed-nutrition\/horse-treats\/unika-balls-herbs\/#primaryimage"},"image":{"@id":"https:\/\/equidash.eu\/shop\/horse\/horse-feed-nutrition\/horse-treats\/unika-balls-herbs\/#primaryimage"},"thumbnailUrl":"https:\/\/equidash.eu\/wp-content\/uploads\/2025\/08\/unika-balls-herbs-respiration.png","datePublished":"2025-08-05T09:57:52+00:00","dateModified":"2025-10-03T09:48:30+00:00","description":"Unika Balls Herbs | n\u00e4rimispall, mis toetab hobuse hingamisteede tervist ja pakub m\u00f5nusat vaimset stimuleerimist. 100% looduslikud \u00fcrdid.","breadcrumb":{"@id":"https:\/\/equidash.eu\/shop\/horse\/horse-feed-nutrition\/horse-treats\/unika-balls-herbs\/#breadcrumb"},"inLanguage":"es","potentialAction":[{"@type":"ReadAction","target":["https:\/\/equidash.eu\/shop\/horse\/horse-feed-nutrition\/horse-treats\/unika-balls-herbs\/"]}]},{"@type":"ImageObject","inLanguage":"es","@id":"https:\/\/equidash.eu\/shop\/horse\/horse-feed-nutrition\/horse-treats\/unika-balls-herbs\/#primaryimage","url":"https:\/\/equidash.eu\/wp-content\/uploads\/2025\/08\/unika-balls-herbs-respiration.png","contentUrl":"https:\/\/equidash.eu\/wp-content\/uploads\/2025\/08\/unika-balls-herbs-respiration.png","width":1000,"height":1000,"caption":"Detailvaade Unika Herbs n\u00e4rimispallist \u2013 looduslik ja k\u00e4sit\u00f6\u00f6na valmistatud"},{"@type":"BreadcrumbList","@id":"https:\/\/equidash.eu\/shop\/horse\/horse-feed-nutrition\/horse-treats\/unika-balls-herbs\/#breadcrumb","itemListElement":[{"@type":"ListItem","position":1,"name":"Home","item":"https:\/\/equidash.eu\/"},{"@type":"ListItem","position":2,"name":"Shop","item":"https:\/\/equidash.eu\/shop\/"},{"@type":"ListItem","position":3,"name":"Unika Balls Herbs"}]},{"@type":"WebSite","@id":"https:\/\/equidash.eu\/#website","url":"https:\/\/equidash.eu\/","name":"EquiDash","description":"Horse Riding Equipment and Accessories","publisher":{"@id":"https:\/\/equidash.eu\/#organization"},"alternateName":"EquiDash","potentialAction":[{"@type":"SearchAction","target":{"@type":"EntryPoint","urlTemplate":"https:\/\/equidash.eu\/?s={search_term_string}"},"query-input":{"@type":"PropertyValueSpecification","valueRequired":true,"valueName":"search_term_string"}}],"inLanguage":"es"},{"@type":"Organization","@id":"https:\/\/equidash.eu\/#organization","name":"EquiDash","alternateName":"EquiDash","url":"https:\/\/equidash.eu\/","logo":{"@type":"ImageObject","inLanguage":"es","@id":"https:\/\/equidash.eu\/#\/schema\/logo\/image\/","url":"https:\/\/equidash.eu\/wp-content\/uploads\/2024\/09\/EQUIDASH_Logo_Raud-1.png","contentUrl":"https:\/\/equidash.eu\/wp-content\/uploads\/2024\/09\/EQUIDASH_Logo_Raud-1.png","width":393,"height":422,"caption":"EquiDash"},"image":{"@id":"https:\/\/equidash.eu\/#\/schema\/logo\/image\/"},"sameAs":["https:\/\/www.facebook.com\/people\/EquiDash\/61560864479586\/","https:\/\/www.instagram.com\/equidash.eshop\/"],"email":"info@equidash.eu","telephone":"+372 59007334","legalName":"Takian Corporation O\u00dc","foundingDate":"2020-10-21","vatID":"EE102301283","numberOfEmployees":{"@type":"QuantitativeValue","minValue":"1","maxValue":"10"},"hasMerchantReturnPolicy":{"@type":"MerchantReturnPolicy","merchantReturnLink":"https:\/\/equidash.eu\/es\/return-privacy\/"}}]},"product_brand":"Unika","product_price_amount":"36.00","product_price_currency":"EUR","og_availability":"backorder","product_availability":"available for order","product_condition":"new"},"_links":{"self":[{"href":"https:\/\/equidash.eu\/es\/wp-json\/wp\/v2\/product\/4751","targetHints":{"allow":["GET"]}}],"collection":[{"href":"https:\/\/equidash.eu\/es\/wp-json\/wp\/v2\/product"}],"about":[{"href":"https:\/\/equidash.eu\/es\/wp-json\/wp\/v2\/types\/product"}],"wp:featuredmedia":[{"embeddable":true,"href":"https:\/\/equidash.eu\/es\/wp-json\/wp\/v2\/media\/4754"}],"wp:attachment":[{"href":"https:\/\/equidash.eu\/es\/wp-json\/wp\/v2\/media?parent=4751"}],"wp:term":[{"taxonomy":"product_brand","embeddable":true,"href":"https:\/\/equidash.eu\/es\/wp-json\/wp\/v2\/product_brand?post=4751"},{"taxonomy":"product_cat","embeddable":true,"href":"https:\/\/equidash.eu\/es\/wp-json\/wp\/v2\/product_cat?post=4751"},{"taxonomy":"product_tag","embeddable":true,"href":"https:\/\/equidash.eu\/es\/wp-json\/wp\/v2\/product_tag?post=4751"}],"curies":[{"name":"wp","href":"https:\/\/api.w.org\/{rel}","templated":true}]}}