{"id":4758,"date":"2025-08-05T14:34:42","date_gmt":"2025-08-05T12:34:42","guid":{"rendered":"https:\/\/equidash.eu\/?post_type=product&#038;p=4758"},"modified":"2025-12-18T17:32:21","modified_gmt":"2025-12-18T15:32:21","slug":"lami-cell-halter-charming","status":"publish","type":"product","link":"https:\/\/equidash.eu\/es\/shop\/horse\/lami-cell-halter-charming\/","title":{"rendered":"Cabezada Charming de Lami-Cell"},"content":{"rendered":"<p data-start=\"106\" data-end=\"181\"><strong data-start=\"106\" data-end=\"181\">Cabezada Lami-Cell Charming \u2013 Elegante, resistente y c\u00f3moda para tu caballo<\/strong><\/p>\n<p data-start=\"183\" data-end=\"628\">Fabricada con polipropileno duradero, la cabezada Lami-Cell Charming ofrece estilo y un rendimiento duradero. Acolchada con espuma transpirable de 5 mm en la testera, muserola y carrilleras, garantiza la m\u00e1xima comodidad para tu caballo. La muserola con acabado satinado, decorada con una l\u00ednea brillante de cristales, a\u00f1ade un toque elegante, mientras que las hebillas negras mate grabadas con el logo de Lami-Cell aseguran una gran durabilidad.<\/p>\n<p data-start=\"630\" data-end=\"696\"><strong>Dise\u00f1ada para combinar elegancia y funcionalidad, esta cabezada ofrece:<\/strong><\/p>\n<ul>\n<li data-start=\"700\" data-end=\"752\">Acolchado suave y transpirable para una comodidad superior<\/li>\n<li data-start=\"700\" data-end=\"752\">Testera y muserola ajustables para un ajuste perfecto<\/li>\n<li data-start=\"700\" data-end=\"752\">Mosquet\u00f3n de liberaci\u00f3n r\u00e1pida bajo la garganta para facilitar el aseo<\/li>\n<li data-start=\"700\" data-end=\"752\">Cord\u00f3n de cristales para un toque de brillo<\/li>\n<li data-start=\"700\" data-end=\"752\">Matching <a href=\"https:\/\/equidash.eu\/es\/shop\/caballo\/lami-cell-lead-rope-matte\/\">Lami-Cell Lead rope Matte<\/a><\/li>\n<\/ul>\n<p data-start=\"983\" data-end=\"1065\"><strong data-start=\"983\" data-end=\"999\">Composici\u00f3n:<\/strong> Polipropileno resistente con acolchado de espuma y detalles de cristales.<\/p>\n<p data-start=\"1067\" data-end=\"1220\"><strong data-start=\"1067\" data-end=\"1089\">Instrucciones de cuidado:<\/strong> Lavable a m\u00e1quina a 30\u202f\u00b0C. Para proteger el tambor de la lavadora, coloca la cabezada dentro de una funda de almohada antes del lavado. No usar secadora.<\/p>\n<p data-start=\"1222\" data-end=\"1342\">A\u00f1ade un toque de elegancia y confort al equipo de tu caballo con la cabezada Lami-Cell Charming \u2014 dise\u00f1ada para durar e impresionar.<\/p>","protected":false},"excerpt":{"rendered":"<p><a href=\"https:\/\/equidash.eu\/es\/etiqueta-producto\/lami-cell\/\"><img decoding=\"async\" style=\"height: 60px; margin-top: 20px;\" src=\"https:\/\/equidash.eu\/wp-content\/uploads\/2024\/10\/lamicell-logo-1.png\" alt=\"\" \/><\/a><\/p>","protected":false},"featured_media":4777,"template":"","meta":{"_acf_changed":false,"_joinchat":[]},"product_brand":[512],"product_cat":[194,193,27],"product_tag":[716,47,273,715],"class_list":{"0":"post-4758","1":"product","2":"type-product","3":"status-publish","4":"has-post-thumbnail","6":"product_brand-lami-cell","7":"product_cat-halters-halters-lead-ropes-horse","8":"product_cat-halters-lead-ropes-horse","9":"product_cat-horse","10":"product_tag-charming","11":"product_tag-halters","12":"product_tag-lami-cell","13":"product_tag-rhinestones","14":"pa_colors-black","15":"pa_colors-blue","16":"pa_colors-green","17":"pa_colors-navy","18":"pa_colors-pink","19":"pa_size-cob","20":"pa_size-full","21":"pa_size-pony","23":"first","24":"instock","25":"sale","26":"taxable","27":"shipping-taxable","28":"purchasable","29":"product-type-variable"},"acf":[],"yoast_head":"<!-- This site is optimized with the Yoast SEO Premium plugin v26.2 (Yoast SEO v27.3) - https:\/\/yoast.com\/product\/yoast-seo-premium-wordpress\/ -->\n<title>Lami-Cell Halter Charming | Parima hinnaga ratsavarustuse e-pood<\/title>\n<meta name=\"description\" content=\"Lami-Cell Halter Charming\" \/>\n<meta name=\"robots\" content=\"index, follow, max-snippet:-1, max-image-preview:large, max-video-preview:-1\" \/>\n<link rel=\"canonical\" href=\"https:\/\/equidash.eu\/es\/shop\/caballo\/lami-cell-halter-charming\/\" \/>\n<meta property=\"og:locale\" content=\"es_ES\" \/>\n<meta property=\"og:type\" content=\"article\" \/>\n<meta property=\"og:title\" content=\"Lami-Cell Halter Charming\" \/>\n<meta property=\"og:description\" content=\"Lami-Cell Halter Charming\" \/>\n<meta property=\"og:url\" content=\"https:\/\/equidash.eu\/es\/shop\/caballo\/lami-cell-halter-charming\/\" \/>\n<meta property=\"og:site_name\" content=\"Parima hinnaga ratsavarustuse e-pood\" \/>\n<meta property=\"article:publisher\" content=\"https:\/\/www.facebook.com\/people\/EquiDash\/61560864479586\/\" \/>\n<meta property=\"article:modified_time\" content=\"2025-12-18T15:32:21+00:00\" \/>\n<meta property=\"og:image\" content=\"https:\/\/equidash.eu\/wp-content\/uploads\/2025\/08\/Lami-Cell_Halter_Charming_Pink_0.png\" \/>\n\t<meta property=\"og:image:width\" content=\"1080\" \/>\n\t<meta property=\"og:image:height\" content=\"1080\" \/>\n\t<meta property=\"og:image:type\" content=\"image\/png\" \/>\n<meta name=\"twitter:card\" content=\"summary_large_image\" \/>\n<meta name=\"twitter:label1\" content=\"Disponibilidad\" \/>\n\t<meta name=\"twitter:data1\" content=\"Disponible\" \/>\n<script type=\"application\/ld+json\" class=\"yoast-schema-graph\">{\"@context\":\"https:\\\/\\\/schema.org\",\"@graph\":[{\"@type\":\"WebPage\",\"@id\":\"https:\\\/\\\/equidash.eu\\\/shop\\\/horse\\\/lami-cell-halter-charming\\\/\",\"url\":\"https:\\\/\\\/equidash.eu\\\/shop\\\/horse\\\/lami-cell-halter-charming\\\/\",\"name\":\"Lami-Cell Halter Charming | Parima hinnaga ratsavarustuse e-pood\",\"isPartOf\":{\"@id\":\"https:\\\/\\\/equidash.eu\\\/#website\"},\"primaryImageOfPage\":{\"@id\":\"https:\\\/\\\/equidash.eu\\\/shop\\\/horse\\\/lami-cell-halter-charming\\\/#primaryimage\"},\"image\":{\"@id\":\"https:\\\/\\\/equidash.eu\\\/shop\\\/horse\\\/lami-cell-halter-charming\\\/#primaryimage\"},\"thumbnailUrl\":\"https:\\\/\\\/equidash.eu\\\/wp-content\\\/uploads\\\/2025\\\/08\\\/Lami-Cell_Halter_Charming_Pink_0.png\",\"datePublished\":\"2025-08-05T12:34:42+00:00\",\"dateModified\":\"2025-12-18T15:32:21+00:00\",\"description\":\"Lami-Cell Halter Charming\",\"breadcrumb\":{\"@id\":\"https:\\\/\\\/equidash.eu\\\/shop\\\/horse\\\/lami-cell-halter-charming\\\/#breadcrumb\"},\"inLanguage\":\"es\",\"potentialAction\":[{\"@type\":\"ReadAction\",\"target\":[\"https:\\\/\\\/equidash.eu\\\/shop\\\/horse\\\/lami-cell-halter-charming\\\/\"]}]},{\"@type\":\"ImageObject\",\"inLanguage\":\"es\",\"@id\":\"https:\\\/\\\/equidash.eu\\\/shop\\\/horse\\\/lami-cell-halter-charming\\\/#primaryimage\",\"url\":\"https:\\\/\\\/equidash.eu\\\/wp-content\\\/uploads\\\/2025\\\/08\\\/Lami-Cell_Halter_Charming_Pink_0.png\",\"contentUrl\":\"https:\\\/\\\/equidash.eu\\\/wp-content\\\/uploads\\\/2025\\\/08\\\/Lami-Cell_Halter_Charming_Pink_0.png\",\"width\":1080,\"height\":1080,\"caption\":\"Roosad Lami-Cell p\u00e4itsed \u2013 pehmendus, s\u00e4ra ja stiil Sinu hobusele\"},{\"@type\":\"BreadcrumbList\",\"@id\":\"https:\\\/\\\/equidash.eu\\\/shop\\\/horse\\\/lami-cell-halter-charming\\\/#breadcrumb\",\"itemListElement\":[{\"@type\":\"ListItem\",\"position\":1,\"name\":\"Home\",\"item\":\"https:\\\/\\\/equidash.eu\\\/\"},{\"@type\":\"ListItem\",\"position\":2,\"name\":\"Shop\",\"item\":\"https:\\\/\\\/equidash.eu\\\/shop\\\/\"},{\"@type\":\"ListItem\",\"position\":3,\"name\":\"Lami-Cell Halter Charming\"}]},{\"@type\":\"WebSite\",\"@id\":\"https:\\\/\\\/equidash.eu\\\/#website\",\"url\":\"https:\\\/\\\/equidash.eu\\\/\",\"name\":\"EquiDash\",\"description\":\"Horse Riding Equipment and Accessories\",\"publisher\":{\"@id\":\"https:\\\/\\\/equidash.eu\\\/#organization\"},\"alternateName\":\"EquiDash\",\"potentialAction\":[{\"@type\":\"SearchAction\",\"target\":{\"@type\":\"EntryPoint\",\"urlTemplate\":\"https:\\\/\\\/equidash.eu\\\/?s={search_term_string}\"},\"query-input\":{\"@type\":\"PropertyValueSpecification\",\"valueRequired\":true,\"valueName\":\"search_term_string\"}}],\"inLanguage\":\"es\"},{\"@type\":\"Organization\",\"@id\":\"https:\\\/\\\/equidash.eu\\\/#organization\",\"name\":\"EquiDash\",\"alternateName\":\"EquiDash\",\"url\":\"https:\\\/\\\/equidash.eu\\\/\",\"logo\":{\"@type\":\"ImageObject\",\"inLanguage\":\"es\",\"@id\":\"https:\\\/\\\/equidash.eu\\\/#\\\/schema\\\/logo\\\/image\\\/\",\"url\":\"https:\\\/\\\/equidash.eu\\\/wp-content\\\/uploads\\\/2024\\\/09\\\/EQUIDASH_Logo_Raud-1.png\",\"contentUrl\":\"https:\\\/\\\/equidash.eu\\\/wp-content\\\/uploads\\\/2024\\\/09\\\/EQUIDASH_Logo_Raud-1.png\",\"width\":393,\"height\":422,\"caption\":\"EquiDash\"},\"image\":{\"@id\":\"https:\\\/\\\/equidash.eu\\\/#\\\/schema\\\/logo\\\/image\\\/\"},\"sameAs\":[\"https:\\\/\\\/www.facebook.com\\\/people\\\/EquiDash\\\/61560864479586\\\/\",\"https:\\\/\\\/www.instagram.com\\\/equidash.eshop\\\/\"],\"email\":\"info@equidash.eu\",\"telephone\":\"+372 59007334\",\"legalName\":\"Takian Corporation O\u00dc\",\"foundingDate\":\"2020-10-21\",\"vatID\":\"EE102301283\",\"numberOfEmployees\":{\"@type\":\"QuantitativeValue\",\"minValue\":\"1\",\"maxValue\":\"10\"},\"hasMerchantReturnPolicy\":{\"@type\":\"MerchantReturnPolicy\",\"merchantReturnLink\":\"https:\\\/\\\/equidash.eu\\\/es\\\/return-privacy\\\/\"}}]}<\/script>\n<meta property=\"product:brand\" content=\"Lami-Cell\" \/>\n<meta property=\"og:availability\" content=\"instock\" \/>\n<meta property=\"product:availability\" content=\"instock\" \/>\n<meta property=\"product:retailer_item_id\" content=\"401520\" \/>\n<meta property=\"product:condition\" content=\"new\" \/>\n<!-- \/ Yoast SEO Premium plugin. -->","yoast_head_json":{"title":"Lami-Cell Halter Charming | Parima hinnaga ratsavarustuse e-pood","description":"Cabezada Charming de Lami-Cell","robots":{"index":"index","follow":"follow","max-snippet":"max-snippet:-1","max-image-preview":"max-image-preview:large","max-video-preview":"max-video-preview:-1"},"canonical":"https:\/\/equidash.eu\/es\/shop\/caballo\/lami-cell-halter-charming\/","og_locale":"es_ES","og_type":"article","og_title":"Lami-Cell Halter Charming","og_description":"Lami-Cell Halter Charming","og_url":"https:\/\/equidash.eu\/es\/shop\/caballo\/lami-cell-halter-charming\/","og_site_name":"Parima hinnaga ratsavarustuse e-pood","article_publisher":"https:\/\/www.facebook.com\/people\/EquiDash\/61560864479586\/","article_modified_time":"2025-12-18T15:32:21+00:00","og_image":[{"width":1080,"height":1080,"url":"https:\/\/equidash.eu\/wp-content\/uploads\/2025\/08\/Lami-Cell_Halter_Charming_Pink_0.png","type":"image\/png"}],"twitter_card":"summary_large_image","twitter_misc":{"Disponibilidad":"Disponible"},"schema":{"@context":"https:\/\/schema.org","@graph":[{"@type":"WebPage","@id":"https:\/\/equidash.eu\/shop\/horse\/lami-cell-halter-charming\/","url":"https:\/\/equidash.eu\/shop\/horse\/lami-cell-halter-charming\/","name":"Lami-Cell Halter Charming | Parima hinnaga ratsavarustuse e-pood","isPartOf":{"@id":"https:\/\/equidash.eu\/#website"},"primaryImageOfPage":{"@id":"https:\/\/equidash.eu\/shop\/horse\/lami-cell-halter-charming\/#primaryimage"},"image":{"@id":"https:\/\/equidash.eu\/shop\/horse\/lami-cell-halter-charming\/#primaryimage"},"thumbnailUrl":"https:\/\/equidash.eu\/wp-content\/uploads\/2025\/08\/Lami-Cell_Halter_Charming_Pink_0.png","datePublished":"2025-08-05T12:34:42+00:00","dateModified":"2025-12-18T15:32:21+00:00","description":"Cabezada Charming de Lami-Cell","breadcrumb":{"@id":"https:\/\/equidash.eu\/shop\/horse\/lami-cell-halter-charming\/#breadcrumb"},"inLanguage":"es","potentialAction":[{"@type":"ReadAction","target":["https:\/\/equidash.eu\/shop\/horse\/lami-cell-halter-charming\/"]}]},{"@type":"ImageObject","inLanguage":"es","@id":"https:\/\/equidash.eu\/shop\/horse\/lami-cell-halter-charming\/#primaryimage","url":"https:\/\/equidash.eu\/wp-content\/uploads\/2025\/08\/Lami-Cell_Halter_Charming_Pink_0.png","contentUrl":"https:\/\/equidash.eu\/wp-content\/uploads\/2025\/08\/Lami-Cell_Halter_Charming_Pink_0.png","width":1080,"height":1080,"caption":"Roosad Lami-Cell p\u00e4itsed \u2013 pehmendus, s\u00e4ra ja stiil Sinu hobusele"},{"@type":"BreadcrumbList","@id":"https:\/\/equidash.eu\/shop\/horse\/lami-cell-halter-charming\/#breadcrumb","itemListElement":[{"@type":"ListItem","position":1,"name":"Home","item":"https:\/\/equidash.eu\/"},{"@type":"ListItem","position":2,"name":"Shop","item":"https:\/\/equidash.eu\/shop\/"},{"@type":"ListItem","position":3,"name":"Lami-Cell Halter Charming"}]},{"@type":"WebSite","@id":"https:\/\/equidash.eu\/#website","url":"https:\/\/equidash.eu\/","name":"EquiDash","description":"Horse Riding Equipment and Accessories","publisher":{"@id":"https:\/\/equidash.eu\/#organization"},"alternateName":"EquiDash","potentialAction":[{"@type":"SearchAction","target":{"@type":"EntryPoint","urlTemplate":"https:\/\/equidash.eu\/?s={search_term_string}"},"query-input":{"@type":"PropertyValueSpecification","valueRequired":true,"valueName":"search_term_string"}}],"inLanguage":"es"},{"@type":"Organization","@id":"https:\/\/equidash.eu\/#organization","name":"EquiDash","alternateName":"EquiDash","url":"https:\/\/equidash.eu\/","logo":{"@type":"ImageObject","inLanguage":"es","@id":"https:\/\/equidash.eu\/#\/schema\/logo\/image\/","url":"https:\/\/equidash.eu\/wp-content\/uploads\/2024\/09\/EQUIDASH_Logo_Raud-1.png","contentUrl":"https:\/\/equidash.eu\/wp-content\/uploads\/2024\/09\/EQUIDASH_Logo_Raud-1.png","width":393,"height":422,"caption":"EquiDash"},"image":{"@id":"https:\/\/equidash.eu\/#\/schema\/logo\/image\/"},"sameAs":["https:\/\/www.facebook.com\/people\/EquiDash\/61560864479586\/","https:\/\/www.instagram.com\/equidash.eshop\/"],"email":"info@equidash.eu","telephone":"+372 59007334","legalName":"Takian Corporation O\u00dc","foundingDate":"2020-10-21","vatID":"EE102301283","numberOfEmployees":{"@type":"QuantitativeValue","minValue":"1","maxValue":"10"},"hasMerchantReturnPolicy":{"@type":"MerchantReturnPolicy","merchantReturnLink":"https:\/\/equidash.eu\/es\/return-privacy\/"}}]},"product_brand":"Lami-Cell","og_availability":"instock","product_availability":"instock","product_retailer_item_id":"401520","product_condition":"new"},"_links":{"self":[{"href":"https:\/\/equidash.eu\/es\/wp-json\/wp\/v2\/product\/4758","targetHints":{"allow":["GET"]}}],"collection":[{"href":"https:\/\/equidash.eu\/es\/wp-json\/wp\/v2\/product"}],"about":[{"href":"https:\/\/equidash.eu\/es\/wp-json\/wp\/v2\/types\/product"}],"wp:featuredmedia":[{"embeddable":true,"href":"https:\/\/equidash.eu\/es\/wp-json\/wp\/v2\/media\/4777"}],"wp:attachment":[{"href":"https:\/\/equidash.eu\/es\/wp-json\/wp\/v2\/media?parent=4758"}],"wp:term":[{"taxonomy":"product_brand","embeddable":true,"href":"https:\/\/equidash.eu\/es\/wp-json\/wp\/v2\/product_brand?post=4758"},{"taxonomy":"product_cat","embeddable":true,"href":"https:\/\/equidash.eu\/es\/wp-json\/wp\/v2\/product_cat?post=4758"},{"taxonomy":"product_tag","embeddable":true,"href":"https:\/\/equidash.eu\/es\/wp-json\/wp\/v2\/product_tag?post=4758"}],"curies":[{"name":"wp","href":"https:\/\/api.w.org\/{rel}","templated":true}]}}