{"id":489,"date":"2024-11-07T22:37:03","date_gmt":"2024-11-07T20:37:03","guid":{"rendered":"https:\/\/equidash.eu\/?post_type=product&#038;p=489"},"modified":"2025-09-10T10:35:20","modified_gmt":"2025-09-10T08:35:20","slug":"mountain-horse-mindy-rain-coat","status":"publish","type":"product","link":"https:\/\/equidash.eu\/es\/shop\/rider\/riding-clothing-rider\/women-riding-clothing-rider\/coats-jackets-women-riding-clothing-rider\/mountain-horse-mindy-rain-coat\/","title":{"rendered":"Mackintosh de montar largo Mountain Horse Mindy"},"content":{"rendered":"<p><span style=\"color: #333333;\">Chubasquero largo con costuras soldadas. Dos grandes bolsillos delanteros y logotipo MH reflectante en el pecho.<\/span><\/p>\n<ul>\n<li><span style=\"color: #333333;\">\u00a0Abrigo de lluvia largo e impermeable con costuras soldadas.<\/span><\/li>\n<li><span style=\"color: #333333;\">Capucha desmontable y ajustable.<\/span><\/li>\n<li><span style=\"color: #333333;\">Tapeta frontal protectora y cremallera YKK bidireccional<\/span><\/li>\n<li><span style=\"color: #333333;\">Dos grandes bolsillos delanteros con cierre a presi\u00f3n.<\/span><\/li>\n<li><span style=\"color: #333333;\">Abertura de manga ajustable.<\/span><\/li>\n<li><span style=\"color: #333333;\">Ranura trasera con inserci\u00f3n para proteger la silla y el caballo de la lluvia.<\/span><\/li>\n<li><span style=\"color: #333333;\">Etiqueta con el logo MH en el bolsillo frontal.<\/span><\/li>\n<li><span style=\"color: #333333;\">Logotipo reflectante MH en el centro de la espalda.<\/span><\/li>\n<\/ul>\n<p><span style=\"color: #333333;\">La marca sueca Mountain Horse es uno de los nombres m\u00e1s conocidos en el mundo ecuestre y ha ganado una inmensa popularidad entre los jinetes, gracias a su dise\u00f1o funcional adaptado a los climas n\u00f3rdicos. La sostenibilidad es un principio fundamental que recorre toda la operaci\u00f3n, tanto en t\u00e9rminos de pr\u00e1cticas humanas como de consideraciones medioambientales, lo que hace que Mountain Horse sea tan querido hoy como lo fue hace 30 a\u00f1os.<\/span><\/p>","protected":false},"excerpt":{"rendered":"<p><a href=\"https:\/\/equidash.eu\/es\/etiqueta-producto\/mountain-horse\/\"><img decoding=\"async\" style=\"height: 60px; margin-top: 20px;\" src=\"https:\/\/equidash.eu\/wp-content\/uploads\/2024\/09\/Mountain-Horse-1.png\" alt=\"\" \/><\/a><\/p>","protected":false},"featured_media":963,"template":"","meta":{"_acf_changed":false,"_joinchat":[]},"product_brand":[505],"product_cat":[207,22,203,206],"product_tag":[18,82],"class_list":{"0":"post-489","1":"product","2":"type-product","3":"status-publish","4":"has-post-thumbnail","6":"product_brand-mountain-horse","7":"product_cat-coats-jackets-women-riding-clothing-rider","8":"product_cat-rider","9":"product_cat-riding-clothing-rider","10":"product_cat-women-riding-clothing-rider","11":"product_tag-mountain-horse","12":"product_tag-rain-coat","13":"pa_colors-aqua-blue","14":"pa_colors-black","15":"pa_colors-green","16":"pa_colors-mouve-pink","17":"pa_colors-taupe","18":"pa_colors-teal-blue","19":"pa_size-l","20":"pa_size-m","21":"pa_size-s","22":"pa_size-xl","23":"pa_size-xs","24":"pa_size-xxs","26":"first","27":"onbackorder","28":"taxable","29":"shipping-taxable","30":"purchasable","31":"product-type-variable"},"acf":[],"yoast_head":"<!-- This site is optimized with the Yoast SEO Premium plugin v26.2 (Yoast SEO v27.2) - https:\/\/yoast.com\/product\/yoast-seo-premium-wordpress\/ -->\n<title>Mountain Horse Mindy Rain Coat | Parima hinnaga ratsavarustuse e-pood<\/title>\n<meta name=\"description\" content=\"Equidash - Ratsavarustuse veebipood Eestis ja Hispaanias. Lai valik ratsariideid ja jopesid naistele. Vihmajope, Mountain Horse Mindy Rain Coat\" \/>\n<meta name=\"robots\" content=\"index, follow, max-snippet:-1, max-image-preview:large, max-video-preview:-1\" \/>\n<link rel=\"canonical\" href=\"https:\/\/equidash.eu\/es\/shop\/jinete\/ropa-de-montar-jinete\/women-riding-clothing-rider\/chaquetas-abrigos-mujer-ropa-de-equitacion-jinete\/mountain-horse-mindy-rain-coat\/\" \/>\n<meta property=\"og:locale\" content=\"es_ES\" \/>\n<meta property=\"og:type\" content=\"article\" \/>\n<meta property=\"og:title\" content=\"Mountain Horse Mindy Rain Coat\" \/>\n<meta property=\"og:description\" content=\"Equidash - Ratsavarustuse veebipood Eestis ja Hispaanias. Lai valik ratsariideid ja jopesid naistele. Vihmajope, Mountain Horse Mindy Rain Coat\" \/>\n<meta property=\"og:url\" content=\"https:\/\/equidash.eu\/es\/shop\/jinete\/ropa-de-montar-jinete\/women-riding-clothing-rider\/chaquetas-abrigos-mujer-ropa-de-equitacion-jinete\/mountain-horse-mindy-rain-coat\/\" \/>\n<meta property=\"og:site_name\" content=\"Parima hinnaga ratsavarustuse e-pood\" \/>\n<meta property=\"article:publisher\" content=\"https:\/\/www.facebook.com\/people\/EquiDash\/61560864479586\/\" \/>\n<meta property=\"article:modified_time\" content=\"2025-09-10T08:35:20+00:00\" \/>\n<meta property=\"og:image\" content=\"https:\/\/equidash.eu\/wp-content\/uploads\/2024\/11\/MH-Mindy-Rain-Coat-Aqua_1-1.png\" \/>\n\t<meta property=\"og:image:width\" content=\"1080\" \/>\n\t<meta property=\"og:image:height\" content=\"1080\" \/>\n\t<meta property=\"og:image:type\" content=\"image\/png\" \/>\n<meta name=\"twitter:card\" content=\"summary_large_image\" \/>\n<meta name=\"twitter:label1\" content=\"Disponibilidad\" \/>\n\t<meta name=\"twitter:data1\" content=\"Disponible para reservar\" \/>\n<script type=\"application\/ld+json\" class=\"yoast-schema-graph\">{\"@context\":\"https:\/\/schema.org\",\"@graph\":[{\"@type\":\"WebPage\",\"@id\":\"https:\/\/equidash.eu\/shop\/rider\/riding-clothing-rider\/women-riding-clothing-rider\/coats-jackets-women-riding-clothing-rider\/mountain-horse-mindy-rain-coat\/\",\"url\":\"https:\/\/equidash.eu\/shop\/rider\/riding-clothing-rider\/women-riding-clothing-rider\/coats-jackets-women-riding-clothing-rider\/mountain-horse-mindy-rain-coat\/\",\"name\":\"Mountain Horse Mindy Rain Coat | Parima hinnaga ratsavarustuse e-pood\",\"isPartOf\":{\"@id\":\"https:\/\/equidash.eu\/#website\"},\"primaryImageOfPage\":{\"@id\":\"https:\/\/equidash.eu\/shop\/rider\/riding-clothing-rider\/women-riding-clothing-rider\/coats-jackets-women-riding-clothing-rider\/mountain-horse-mindy-rain-coat\/#primaryimage\"},\"image\":{\"@id\":\"https:\/\/equidash.eu\/shop\/rider\/riding-clothing-rider\/women-riding-clothing-rider\/coats-jackets-women-riding-clothing-rider\/mountain-horse-mindy-rain-coat\/#primaryimage\"},\"thumbnailUrl\":\"https:\/\/equidash.eu\/wp-content\/uploads\/2024\/11\/MH-Mindy-Rain-Coat-Aqua_1-1.png\",\"datePublished\":\"2024-11-07T20:37:03+00:00\",\"dateModified\":\"2025-09-10T08:35:20+00:00\",\"description\":\"Equidash - Ratsavarustuse veebipood Eestis ja Hispaanias. Lai valik ratsariideid ja jopesid naistele. Vihmajope, Mountain Horse Mindy Rain Coat\",\"breadcrumb\":{\"@id\":\"https:\/\/equidash.eu\/shop\/rider\/riding-clothing-rider\/women-riding-clothing-rider\/coats-jackets-women-riding-clothing-rider\/mountain-horse-mindy-rain-coat\/#breadcrumb\"},\"inLanguage\":\"es\",\"potentialAction\":[{\"@type\":\"ReadAction\",\"target\":[\"https:\/\/equidash.eu\/shop\/rider\/riding-clothing-rider\/women-riding-clothing-rider\/coats-jackets-women-riding-clothing-rider\/mountain-horse-mindy-rain-coat\/\"]}]},{\"@type\":\"ImageObject\",\"inLanguage\":\"es\",\"@id\":\"https:\/\/equidash.eu\/shop\/rider\/riding-clothing-rider\/women-riding-clothing-rider\/coats-jackets-women-riding-clothing-rider\/mountain-horse-mindy-rain-coat\/#primaryimage\",\"url\":\"https:\/\/equidash.eu\/wp-content\/uploads\/2024\/11\/MH-Mindy-Rain-Coat-Aqua_1-1.png\",\"contentUrl\":\"https:\/\/equidash.eu\/wp-content\/uploads\/2024\/11\/MH-Mindy-Rain-Coat-Aqua_1-1.png\",\"width\":1080,\"height\":1080},{\"@type\":\"BreadcrumbList\",\"@id\":\"https:\/\/equidash.eu\/shop\/rider\/riding-clothing-rider\/women-riding-clothing-rider\/coats-jackets-women-riding-clothing-rider\/mountain-horse-mindy-rain-coat\/#breadcrumb\",\"itemListElement\":[{\"@type\":\"ListItem\",\"position\":1,\"name\":\"Home\",\"item\":\"https:\/\/equidash.eu\/\"},{\"@type\":\"ListItem\",\"position\":2,\"name\":\"Shop\",\"item\":\"https:\/\/equidash.eu\/shop\/\"},{\"@type\":\"ListItem\",\"position\":3,\"name\":\"Mountain Horse Mindy Rain Coat\"}]},{\"@type\":\"WebSite\",\"@id\":\"https:\/\/equidash.eu\/#website\",\"url\":\"https:\/\/equidash.eu\/\",\"name\":\"EquiDash\",\"description\":\"Horse Riding Equipment and Accessories\",\"publisher\":{\"@id\":\"https:\/\/equidash.eu\/#organization\"},\"alternateName\":\"EquiDash\",\"potentialAction\":[{\"@type\":\"SearchAction\",\"target\":{\"@type\":\"EntryPoint\",\"urlTemplate\":\"https:\/\/equidash.eu\/?s={search_term_string}\"},\"query-input\":{\"@type\":\"PropertyValueSpecification\",\"valueRequired\":true,\"valueName\":\"search_term_string\"}}],\"inLanguage\":\"es\"},{\"@type\":\"Organization\",\"@id\":\"https:\/\/equidash.eu\/#organization\",\"name\":\"EquiDash\",\"alternateName\":\"EquiDash\",\"url\":\"https:\/\/equidash.eu\/\",\"logo\":{\"@type\":\"ImageObject\",\"inLanguage\":\"es\",\"@id\":\"https:\/\/equidash.eu\/#\/schema\/logo\/image\/\",\"url\":\"https:\/\/equidash.eu\/wp-content\/uploads\/2024\/09\/EQUIDASH_Logo_Raud-1.png\",\"contentUrl\":\"https:\/\/equidash.eu\/wp-content\/uploads\/2024\/09\/EQUIDASH_Logo_Raud-1.png\",\"width\":393,\"height\":422,\"caption\":\"EquiDash\"},\"image\":{\"@id\":\"https:\/\/equidash.eu\/#\/schema\/logo\/image\/\"},\"sameAs\":[\"https:\/\/www.facebook.com\/people\/EquiDash\/61560864479586\/\",\"https:\/\/www.instagram.com\/equidash.eshop\/\"],\"email\":\"info@equidash.eu\",\"telephone\":\"+372 59007334\",\"legalName\":\"Takian Corporation O\u00dc\",\"foundingDate\":\"2020-10-21\",\"vatID\":\"EE102301283\",\"numberOfEmployees\":{\"@type\":\"QuantitativeValue\",\"minValue\":\"1\",\"maxValue\":\"10\"},\"hasMerchantReturnPolicy\":{\"@type\":\"MerchantReturnPolicy\",\"merchantReturnLink\":\"https:\/\/equidash.eu\/es\/return-privacy\/\"}}]}<\/script>\n<meta property=\"product:brand\" content=\"Mountain Horse\" \/>\n<meta property=\"og:availability\" content=\"backorder\" \/>\n<meta property=\"product:availability\" content=\"available for order\" \/>\n<meta property=\"product:condition\" content=\"new\" \/>\n<!-- \/ Yoast SEO Premium plugin. -->","yoast_head_json":{"title":"Mountain Horse Mindy Rain Coat | Parima hinnaga ratsavarustuse e-pood","description":"Equidash - Ratsavarustuse veebipood Eestis ja Hispaanias. Lai valik ratsariideid ja jopesid naistele. Vihmajope, Mountain Horse Mindy Rain Coat","robots":{"index":"index","follow":"follow","max-snippet":"max-snippet:-1","max-image-preview":"max-image-preview:large","max-video-preview":"max-video-preview:-1"},"canonical":"https:\/\/equidash.eu\/es\/shop\/jinete\/ropa-de-montar-jinete\/women-riding-clothing-rider\/chaquetas-abrigos-mujer-ropa-de-equitacion-jinete\/mountain-horse-mindy-rain-coat\/","og_locale":"es_ES","og_type":"article","og_title":"Mountain Horse Mindy Rain Coat","og_description":"Equidash - Ratsavarustuse veebipood Eestis ja Hispaanias. Lai valik ratsariideid ja jopesid naistele. Vihmajope, Mountain Horse Mindy Rain Coat","og_url":"https:\/\/equidash.eu\/es\/shop\/jinete\/ropa-de-montar-jinete\/women-riding-clothing-rider\/chaquetas-abrigos-mujer-ropa-de-equitacion-jinete\/mountain-horse-mindy-rain-coat\/","og_site_name":"Parima hinnaga ratsavarustuse e-pood","article_publisher":"https:\/\/www.facebook.com\/people\/EquiDash\/61560864479586\/","article_modified_time":"2025-09-10T08:35:20+00:00","og_image":[{"width":1080,"height":1080,"url":"https:\/\/equidash.eu\/wp-content\/uploads\/2024\/11\/MH-Mindy-Rain-Coat-Aqua_1-1.png","type":"image\/png"}],"twitter_card":"summary_large_image","twitter_misc":{"Disponibilidad":"Disponible para reservar"},"schema":{"@context":"https:\/\/schema.org","@graph":[{"@type":"WebPage","@id":"https:\/\/equidash.eu\/shop\/rider\/riding-clothing-rider\/women-riding-clothing-rider\/coats-jackets-women-riding-clothing-rider\/mountain-horse-mindy-rain-coat\/","url":"https:\/\/equidash.eu\/shop\/rider\/riding-clothing-rider\/women-riding-clothing-rider\/coats-jackets-women-riding-clothing-rider\/mountain-horse-mindy-rain-coat\/","name":"Mountain Horse Mindy Rain Coat | Parima hinnaga ratsavarustuse e-pood","isPartOf":{"@id":"https:\/\/equidash.eu\/#website"},"primaryImageOfPage":{"@id":"https:\/\/equidash.eu\/shop\/rider\/riding-clothing-rider\/women-riding-clothing-rider\/coats-jackets-women-riding-clothing-rider\/mountain-horse-mindy-rain-coat\/#primaryimage"},"image":{"@id":"https:\/\/equidash.eu\/shop\/rider\/riding-clothing-rider\/women-riding-clothing-rider\/coats-jackets-women-riding-clothing-rider\/mountain-horse-mindy-rain-coat\/#primaryimage"},"thumbnailUrl":"https:\/\/equidash.eu\/wp-content\/uploads\/2024\/11\/MH-Mindy-Rain-Coat-Aqua_1-1.png","datePublished":"2024-11-07T20:37:03+00:00","dateModified":"2025-09-10T08:35:20+00:00","description":"Equidash - Ratsavarustuse veebipood Eestis ja Hispaanias. Lai valik ratsariideid ja jopesid naistele. Vihmajope, Mountain Horse Mindy Rain Coat","breadcrumb":{"@id":"https:\/\/equidash.eu\/shop\/rider\/riding-clothing-rider\/women-riding-clothing-rider\/coats-jackets-women-riding-clothing-rider\/mountain-horse-mindy-rain-coat\/#breadcrumb"},"inLanguage":"es","potentialAction":[{"@type":"ReadAction","target":["https:\/\/equidash.eu\/shop\/rider\/riding-clothing-rider\/women-riding-clothing-rider\/coats-jackets-women-riding-clothing-rider\/mountain-horse-mindy-rain-coat\/"]}]},{"@type":"ImageObject","inLanguage":"es","@id":"https:\/\/equidash.eu\/shop\/rider\/riding-clothing-rider\/women-riding-clothing-rider\/coats-jackets-women-riding-clothing-rider\/mountain-horse-mindy-rain-coat\/#primaryimage","url":"https:\/\/equidash.eu\/wp-content\/uploads\/2024\/11\/MH-Mindy-Rain-Coat-Aqua_1-1.png","contentUrl":"https:\/\/equidash.eu\/wp-content\/uploads\/2024\/11\/MH-Mindy-Rain-Coat-Aqua_1-1.png","width":1080,"height":1080},{"@type":"BreadcrumbList","@id":"https:\/\/equidash.eu\/shop\/rider\/riding-clothing-rider\/women-riding-clothing-rider\/coats-jackets-women-riding-clothing-rider\/mountain-horse-mindy-rain-coat\/#breadcrumb","itemListElement":[{"@type":"ListItem","position":1,"name":"Home","item":"https:\/\/equidash.eu\/"},{"@type":"ListItem","position":2,"name":"Shop","item":"https:\/\/equidash.eu\/shop\/"},{"@type":"ListItem","position":3,"name":"Mountain Horse Mindy Rain Coat"}]},{"@type":"WebSite","@id":"https:\/\/equidash.eu\/#website","url":"https:\/\/equidash.eu\/","name":"EquiDash","description":"Horse Riding Equipment and Accessories","publisher":{"@id":"https:\/\/equidash.eu\/#organization"},"alternateName":"EquiDash","potentialAction":[{"@type":"SearchAction","target":{"@type":"EntryPoint","urlTemplate":"https:\/\/equidash.eu\/?s={search_term_string}"},"query-input":{"@type":"PropertyValueSpecification","valueRequired":true,"valueName":"search_term_string"}}],"inLanguage":"es"},{"@type":"Organization","@id":"https:\/\/equidash.eu\/#organization","name":"EquiDash","alternateName":"EquiDash","url":"https:\/\/equidash.eu\/","logo":{"@type":"ImageObject","inLanguage":"es","@id":"https:\/\/equidash.eu\/#\/schema\/logo\/image\/","url":"https:\/\/equidash.eu\/wp-content\/uploads\/2024\/09\/EQUIDASH_Logo_Raud-1.png","contentUrl":"https:\/\/equidash.eu\/wp-content\/uploads\/2024\/09\/EQUIDASH_Logo_Raud-1.png","width":393,"height":422,"caption":"EquiDash"},"image":{"@id":"https:\/\/equidash.eu\/#\/schema\/logo\/image\/"},"sameAs":["https:\/\/www.facebook.com\/people\/EquiDash\/61560864479586\/","https:\/\/www.instagram.com\/equidash.eshop\/"],"email":"info@equidash.eu","telephone":"+372 59007334","legalName":"Takian Corporation O\u00dc","foundingDate":"2020-10-21","vatID":"EE102301283","numberOfEmployees":{"@type":"QuantitativeValue","minValue":"1","maxValue":"10"},"hasMerchantReturnPolicy":{"@type":"MerchantReturnPolicy","merchantReturnLink":"https:\/\/equidash.eu\/es\/return-privacy\/"}}]},"product_brand":"Mountain Horse","og_availability":"backorder","product_availability":"available for order","product_condition":"new"},"_links":{"self":[{"href":"https:\/\/equidash.eu\/es\/wp-json\/wp\/v2\/product\/489","targetHints":{"allow":["GET"]}}],"collection":[{"href":"https:\/\/equidash.eu\/es\/wp-json\/wp\/v2\/product"}],"about":[{"href":"https:\/\/equidash.eu\/es\/wp-json\/wp\/v2\/types\/product"}],"wp:featuredmedia":[{"embeddable":true,"href":"https:\/\/equidash.eu\/es\/wp-json\/wp\/v2\/media\/963"}],"wp:attachment":[{"href":"https:\/\/equidash.eu\/es\/wp-json\/wp\/v2\/media?parent=489"}],"wp:term":[{"taxonomy":"product_brand","embeddable":true,"href":"https:\/\/equidash.eu\/es\/wp-json\/wp\/v2\/product_brand?post=489"},{"taxonomy":"product_cat","embeddable":true,"href":"https:\/\/equidash.eu\/es\/wp-json\/wp\/v2\/product_cat?post=489"},{"taxonomy":"product_tag","embeddable":true,"href":"https:\/\/equidash.eu\/es\/wp-json\/wp\/v2\/product_tag?post=489"}],"curies":[{"name":"wp","href":"https:\/\/api.w.org\/{rel}","templated":true}]}}