{"id":5138,"date":"2025-10-26T08:46:58","date_gmt":"2025-10-26T06:46:58","guid":{"rendered":"https:\/\/equidash.eu\/?post_type=product&#038;p=5138"},"modified":"2025-10-26T09:39:13","modified_gmt":"2025-10-26T07:39:13","slug":"mountain-horse-laste-talvemantel-irma","status":"publish","type":"product","link":"https:\/\/equidash.eu\/es\/shop\/sales\/mountain-horse-laste-talvemantel-irma\/","title":{"rendered":"Mountain Horse laste talvemantel Irma"},"content":{"rendered":"<p data-start=\"124\" data-end=\"222\"><span style=\"font-size: 100%;\"><strong data-start=\"128\" data-end=\"222\">Mountain Horse Irma laste talvemantel \u2013 soe, mugav ja tuulekindel kaitse noortele ratsutajatele!<\/strong><\/span><\/p>\n<p data-start=\"224\" data-end=\"634\"><span style=\"font-size: 100%;\"><strong data-start=\"224\" data-end=\"260\">Mountain Horse Irma laste mantel<\/strong> on pikk ja soojalt polsterdatud talvemantel, mis \u00fchendab endas mugavuse, funktsionaalsuse ja stiili. Ideaalne k\u00fclmadeks p\u00e4evadeks nii tallis, koolis kui ka vabal ajal. Mantel on valmistatud vee- ja tuulekindlast materjalist ning varustatud peegeldavate detailide ja kaitseva eemaldatava h\u00f5bedase voodriga kapuutsiga \u2013 tagades soojuse, n\u00e4htavuse ja kaitse igas ilmastikus.<\/span><\/p>\n<p data-start=\"636\" data-end=\"655\"><span style=\"font-size: 100%;\"><strong data-start=\"636\" data-end=\"653\">P\u00f5hiomadused:<\/strong><\/span><\/p>\n<ul>\n<li data-start=\"636\" data-end=\"655\"><span style=\"font-size: 100%;\">Vee- ja tuulekindel v\u00e4lismaterjal hoiab lapse kuiva ja soojana<\/span><\/li>\n<li data-start=\"636\" data-end=\"655\"><span style=\"font-size: 100%;\">Pikk l\u00f5ige, mis ulatub p\u00f5lvedest allapoole, tagab maksimaalse soojuse<\/span><\/li>\n<li data-start=\"636\" data-end=\"655\"><span style=\"font-size: 100%;\">Pehme ja kohev pol\u00fcestervatiin koos sileda taffetvoodriga<\/span><\/li>\n<li data-start=\"636\" data-end=\"655\"><span style=\"font-size: 100%;\">Eemaldatav ja reguleeritava suurusega kapuuts h\u00f5bedase sisuga lisab kaitset ja stiili<\/span><\/li>\n<li data-start=\"636\" data-end=\"655\"><span style=\"font-size: 100%;\">Kaitsev polsterdatud krae ja tuuleplokiga esipaneelid<\/span><\/li>\n<li data-start=\"636\" data-end=\"655\"><span style=\"font-size: 100%;\">2-suunaline YKK\u00ae t\u00f5mblukk mugavaks liikumiseks ja \u00f5hutamiseks<\/span><\/li>\n<li data-start=\"636\" data-end=\"655\"><span style=\"font-size: 100%;\">Ees lukuga taskud peegeldavate t\u00f5mblukuotsikutega \u2013 praktilised ja turvalised<\/span><\/li>\n<li data-start=\"636\" data-end=\"655\"><span style=\"font-size: 100%;\">K\u00f5rged k\u00fcljel\u00f5hikud MH logon\u00f6\u00f6pidega tagavad liikumisvabaduse ratsutamisel v\u00f5i m\u00e4ngimisel<\/span><\/li>\n<li data-start=\"636\" data-end=\"655\"><span style=\"font-size: 100%;\">MH kummist logom\u00e4rk varrukal<\/span><\/li>\n<\/ul>\n<p data-start=\"1310\" data-end=\"1327\"><span style=\"font-size: 100%;\"><strong data-start=\"1310\" data-end=\"1325\">Materjalid:<\/strong><\/span><\/p>\n<ul>\n<li data-start=\"1310\" data-end=\"1327\"><span style=\"font-size: 100%;\"><strong data-start=\"1330\" data-end=\"1349\">Pealismaterjal:<\/strong> 100% pol\u00fcester<\/span><\/li>\n<li data-start=\"1310\" data-end=\"1327\"><span style=\"font-size: 100%;\"><strong data-start=\"1369\" data-end=\"1380\">Vooder:<\/strong> 100% pol\u00fcester<\/span><\/li>\n<li data-start=\"1310\" data-end=\"1327\"><span style=\"font-size: 100%;\"><strong data-start=\"1400\" data-end=\"1409\">Sisu:<\/strong> 100% pol\u00fcester<\/span><\/li>\n<\/ul>\n<p data-start=\"1428\" data-end=\"1683\"><span style=\"font-size: 100%;\"><strong data-start=\"1428\" data-end=\"1455\">Miks valida see mantel:<\/strong><\/span><br data-start=\"1455\" data-end=\"1458\" \/><span style=\"font-size: 100%;\"><strong data-start=\"1458\" data-end=\"1494\">Mountain Horse Irma laste mantel<\/strong> on ideaalne valik aktiivsetele lastele, kes vajavad soojust ja kaitset k\u00fclma ja tuulise ilma eest. See pakub suurep\u00e4rast mugavust, vastupidavust ja p\u00f5hjamaist disaini igaks talvep\u00e4evaks.<\/span><\/p>","protected":false},"excerpt":{"rendered":"<p><a href=\"https:\/\/equidash.eu\/es\/etiqueta-producto\/mountain-horse\/\"><img decoding=\"async\" style=\"height: 60px; margin-top: 20px;\" src=\"https:\/\/equidash.eu\/wp-content\/uploads\/2024\/10\/Mountain-Horse-1.png\" alt=\"\" \/><\/a><\/p>","protected":false},"featured_media":5149,"template":"","meta":{"_acf_changed":false,"_joinchat":[]},"product_brand":[505],"product_cat":[205,204,22,203,15],"product_tag":[740,18,297,299],"class_list":{"0":"post-5138","1":"product","2":"type-product","3":"status-publish","4":"has-post-thumbnail","6":"product_brand-mountain-horse","7":"product_cat-coats-jackets","8":"product_cat-kids-riding-clothing-rider","9":"product_cat-rider","10":"product_cat-riding-clothing-rider","11":"product_cat-sales","12":"product_tag-irma","13":"product_tag-mountain-horse","14":"product_tag-winter","15":"product_tag-winter-coat","16":"pa_colors-black","17":"pa_size-73","18":"pa_size-74","19":"pa_size-75","20":"pa_size-76","21":"pa_size-77","22":"pa_size-78","24":"first","25":"onbackorder","26":"sale","27":"taxable","28":"shipping-taxable","29":"purchasable","30":"product-type-variable","31":"has-default-attributes"},"acf":[],"yoast_head":"<!-- This site is optimized with the Yoast SEO Premium plugin v26.2 (Yoast SEO v27.2) - https:\/\/yoast.com\/product\/yoast-seo-premium-wordpress\/ -->\n<title>Mountain Horse laste talvemantel Irma | Parima hinnaga ratsavarustuse e-pood<\/title>\n<meta name=\"description\" content=\"Mountain Horse laste mantel Irma on soe ja tuulekindel talvemantel, mis pakub kaitset ja mugavust k\u00fclmadel p\u00e4evadel. Pikk l\u00f5ige, eemaldatav kapuuts.\" \/>\n<meta name=\"robots\" content=\"index, follow, max-snippet:-1, max-image-preview:large, max-video-preview:-1\" \/>\n<link rel=\"canonical\" href=\"https:\/\/equidash.eu\/es\/shop\/sales\/mountain-horse-laste-talvemantel-irma\/\" \/>\n<meta property=\"og:locale\" content=\"es_ES\" \/>\n<meta property=\"og:type\" content=\"article\" \/>\n<meta property=\"og:title\" content=\"Mountain Horse laste talvemantel Irma\" \/>\n<meta property=\"og:description\" content=\"Mountain Horse laste mantel Irma on soe ja tuulekindel talvemantel, mis pakub kaitset ja mugavust k\u00fclmadel p\u00e4evadel. Pikk l\u00f5ige, eemaldatav kapuuts.\" \/>\n<meta property=\"og:url\" content=\"https:\/\/equidash.eu\/es\/shop\/sales\/mountain-horse-laste-talvemantel-irma\/\" \/>\n<meta property=\"og:site_name\" content=\"Parima hinnaga ratsavarustuse e-pood\" \/>\n<meta property=\"article:publisher\" content=\"https:\/\/www.facebook.com\/people\/EquiDash\/61560864479586\/\" \/>\n<meta property=\"article:modified_time\" content=\"2025-10-26T07:39:13+00:00\" \/>\n<meta property=\"og:image\" content=\"https:\/\/equidash.eu\/wp-content\/uploads\/2025\/10\/Mountain-Horse_JR_Coat_Irma.png\" \/>\n\t<meta property=\"og:image:width\" content=\"1080\" \/>\n\t<meta property=\"og:image:height\" content=\"1080\" \/>\n\t<meta property=\"og:image:type\" content=\"image\/png\" \/>\n<meta name=\"twitter:card\" content=\"summary_large_image\" \/>\n<meta name=\"twitter:label1\" content=\"Disponibilidad\" \/>\n\t<meta name=\"twitter:data1\" content=\"Disponible para reservar\" \/>\n<script type=\"application\/ld+json\" class=\"yoast-schema-graph\">{\"@context\":\"https:\/\/schema.org\",\"@graph\":[{\"@type\":\"WebPage\",\"@id\":\"https:\/\/equidash.eu\/shop\/sales\/mountain-horse-laste-talvemantel-irma\/\",\"url\":\"https:\/\/equidash.eu\/shop\/sales\/mountain-horse-laste-talvemantel-irma\/\",\"name\":\"Mountain Horse laste talvemantel Irma | Parima hinnaga ratsavarustuse e-pood\",\"isPartOf\":{\"@id\":\"https:\/\/equidash.eu\/#website\"},\"primaryImageOfPage\":{\"@id\":\"https:\/\/equidash.eu\/shop\/sales\/mountain-horse-laste-talvemantel-irma\/#primaryimage\"},\"image\":{\"@id\":\"https:\/\/equidash.eu\/shop\/sales\/mountain-horse-laste-talvemantel-irma\/#primaryimage\"},\"thumbnailUrl\":\"https:\/\/equidash.eu\/wp-content\/uploads\/2025\/10\/Mountain-Horse_JR_Coat_Irma.png\",\"datePublished\":\"2025-10-26T06:46:58+00:00\",\"dateModified\":\"2025-10-26T07:39:13+00:00\",\"description\":\"Mountain Horse laste mantel Irma on soe ja tuulekindel talvemantel, mis pakub kaitset ja mugavust k\u00fclmadel p\u00e4evadel. Pikk l\u00f5ige, eemaldatav kapuuts.\",\"breadcrumb\":{\"@id\":\"https:\/\/equidash.eu\/shop\/sales\/mountain-horse-laste-talvemantel-irma\/#breadcrumb\"},\"inLanguage\":\"es\",\"potentialAction\":[{\"@type\":\"ReadAction\",\"target\":[\"https:\/\/equidash.eu\/shop\/sales\/mountain-horse-laste-talvemantel-irma\/\"]}]},{\"@type\":\"ImageObject\",\"inLanguage\":\"es\",\"@id\":\"https:\/\/equidash.eu\/shop\/sales\/mountain-horse-laste-talvemantel-irma\/#primaryimage\",\"url\":\"https:\/\/equidash.eu\/wp-content\/uploads\/2025\/10\/Mountain-Horse_JR_Coat_Irma.png\",\"contentUrl\":\"https:\/\/equidash.eu\/wp-content\/uploads\/2025\/10\/Mountain-Horse_JR_Coat_Irma.png\",\"width\":1080,\"height\":1080,\"caption\":\"Mountain Horse Irma laste talvemantel must.\"},{\"@type\":\"BreadcrumbList\",\"@id\":\"https:\/\/equidash.eu\/shop\/sales\/mountain-horse-laste-talvemantel-irma\/#breadcrumb\",\"itemListElement\":[{\"@type\":\"ListItem\",\"position\":1,\"name\":\"Home\",\"item\":\"https:\/\/equidash.eu\/\"},{\"@type\":\"ListItem\",\"position\":2,\"name\":\"Shop\",\"item\":\"https:\/\/equidash.eu\/shop\/\"},{\"@type\":\"ListItem\",\"position\":3,\"name\":\"Mountain Horse laste talvemantel Irma\"}]},{\"@type\":\"WebSite\",\"@id\":\"https:\/\/equidash.eu\/#website\",\"url\":\"https:\/\/equidash.eu\/\",\"name\":\"EquiDash\",\"description\":\"Horse Riding Equipment and Accessories\",\"publisher\":{\"@id\":\"https:\/\/equidash.eu\/#organization\"},\"alternateName\":\"EquiDash\",\"potentialAction\":[{\"@type\":\"SearchAction\",\"target\":{\"@type\":\"EntryPoint\",\"urlTemplate\":\"https:\/\/equidash.eu\/?s={search_term_string}\"},\"query-input\":{\"@type\":\"PropertyValueSpecification\",\"valueRequired\":true,\"valueName\":\"search_term_string\"}}],\"inLanguage\":\"es\"},{\"@type\":\"Organization\",\"@id\":\"https:\/\/equidash.eu\/#organization\",\"name\":\"EquiDash\",\"alternateName\":\"EquiDash\",\"url\":\"https:\/\/equidash.eu\/\",\"logo\":{\"@type\":\"ImageObject\",\"inLanguage\":\"es\",\"@id\":\"https:\/\/equidash.eu\/#\/schema\/logo\/image\/\",\"url\":\"https:\/\/equidash.eu\/wp-content\/uploads\/2024\/09\/EQUIDASH_Logo_Raud-1.png\",\"contentUrl\":\"https:\/\/equidash.eu\/wp-content\/uploads\/2024\/09\/EQUIDASH_Logo_Raud-1.png\",\"width\":393,\"height\":422,\"caption\":\"EquiDash\"},\"image\":{\"@id\":\"https:\/\/equidash.eu\/#\/schema\/logo\/image\/\"},\"sameAs\":[\"https:\/\/www.facebook.com\/people\/EquiDash\/61560864479586\/\",\"https:\/\/www.instagram.com\/equidash.eshop\/\"],\"email\":\"info@equidash.eu\",\"telephone\":\"+372 59007334\",\"legalName\":\"Takian Corporation O\u00dc\",\"foundingDate\":\"2020-10-21\",\"vatID\":\"EE102301283\",\"numberOfEmployees\":{\"@type\":\"QuantitativeValue\",\"minValue\":\"1\",\"maxValue\":\"10\"},\"hasMerchantReturnPolicy\":{\"@type\":\"MerchantReturnPolicy\",\"merchantReturnLink\":\"https:\/\/equidash.eu\/es\/return-privacy\/\"}}]}<\/script>\n<meta property=\"product:brand\" content=\"Mountain Horse\" \/>\n<meta property=\"og:availability\" content=\"backorder\" \/>\n<meta property=\"product:availability\" content=\"available for order\" \/>\n<meta property=\"product:condition\" content=\"new\" \/>\n<!-- \/ Yoast SEO Premium plugin. -->","yoast_head_json":{"title":"Mountain Horse laste talvemantel Irma | Parima hinnaga ratsavarustuse e-pood","description":"Mountain Horse laste mantel Irma on soe ja tuulekindel talvemantel, mis pakub kaitset ja mugavust k\u00fclmadel p\u00e4evadel. Pikk l\u00f5ige, eemaldatav kapuuts.","robots":{"index":"index","follow":"follow","max-snippet":"max-snippet:-1","max-image-preview":"max-image-preview:large","max-video-preview":"max-video-preview:-1"},"canonical":"https:\/\/equidash.eu\/es\/shop\/sales\/mountain-horse-laste-talvemantel-irma\/","og_locale":"es_ES","og_type":"article","og_title":"Mountain Horse laste talvemantel Irma","og_description":"Mountain Horse laste mantel Irma on soe ja tuulekindel talvemantel, mis pakub kaitset ja mugavust k\u00fclmadel p\u00e4evadel. Pikk l\u00f5ige, eemaldatav kapuuts.","og_url":"https:\/\/equidash.eu\/es\/shop\/sales\/mountain-horse-laste-talvemantel-irma\/","og_site_name":"Parima hinnaga ratsavarustuse e-pood","article_publisher":"https:\/\/www.facebook.com\/people\/EquiDash\/61560864479586\/","article_modified_time":"2025-10-26T07:39:13+00:00","og_image":[{"width":1080,"height":1080,"url":"https:\/\/equidash.eu\/wp-content\/uploads\/2025\/10\/Mountain-Horse_JR_Coat_Irma.png","type":"image\/png"}],"twitter_card":"summary_large_image","twitter_misc":{"Disponibilidad":"Disponible para reservar"},"schema":{"@context":"https:\/\/schema.org","@graph":[{"@type":"WebPage","@id":"https:\/\/equidash.eu\/shop\/sales\/mountain-horse-laste-talvemantel-irma\/","url":"https:\/\/equidash.eu\/shop\/sales\/mountain-horse-laste-talvemantel-irma\/","name":"Mountain Horse laste talvemantel Irma | Parima hinnaga ratsavarustuse e-pood","isPartOf":{"@id":"https:\/\/equidash.eu\/#website"},"primaryImageOfPage":{"@id":"https:\/\/equidash.eu\/shop\/sales\/mountain-horse-laste-talvemantel-irma\/#primaryimage"},"image":{"@id":"https:\/\/equidash.eu\/shop\/sales\/mountain-horse-laste-talvemantel-irma\/#primaryimage"},"thumbnailUrl":"https:\/\/equidash.eu\/wp-content\/uploads\/2025\/10\/Mountain-Horse_JR_Coat_Irma.png","datePublished":"2025-10-26T06:46:58+00:00","dateModified":"2025-10-26T07:39:13+00:00","description":"Mountain Horse laste mantel Irma on soe ja tuulekindel talvemantel, mis pakub kaitset ja mugavust k\u00fclmadel p\u00e4evadel. Pikk l\u00f5ige, eemaldatav kapuuts.","breadcrumb":{"@id":"https:\/\/equidash.eu\/shop\/sales\/mountain-horse-laste-talvemantel-irma\/#breadcrumb"},"inLanguage":"es","potentialAction":[{"@type":"ReadAction","target":["https:\/\/equidash.eu\/shop\/sales\/mountain-horse-laste-talvemantel-irma\/"]}]},{"@type":"ImageObject","inLanguage":"es","@id":"https:\/\/equidash.eu\/shop\/sales\/mountain-horse-laste-talvemantel-irma\/#primaryimage","url":"https:\/\/equidash.eu\/wp-content\/uploads\/2025\/10\/Mountain-Horse_JR_Coat_Irma.png","contentUrl":"https:\/\/equidash.eu\/wp-content\/uploads\/2025\/10\/Mountain-Horse_JR_Coat_Irma.png","width":1080,"height":1080,"caption":"Mountain Horse Irma laste talvemantel must."},{"@type":"BreadcrumbList","@id":"https:\/\/equidash.eu\/shop\/sales\/mountain-horse-laste-talvemantel-irma\/#breadcrumb","itemListElement":[{"@type":"ListItem","position":1,"name":"Home","item":"https:\/\/equidash.eu\/"},{"@type":"ListItem","position":2,"name":"Shop","item":"https:\/\/equidash.eu\/shop\/"},{"@type":"ListItem","position":3,"name":"Mountain Horse laste talvemantel Irma"}]},{"@type":"WebSite","@id":"https:\/\/equidash.eu\/#website","url":"https:\/\/equidash.eu\/","name":"EquiDash","description":"Horse Riding Equipment and Accessories","publisher":{"@id":"https:\/\/equidash.eu\/#organization"},"alternateName":"EquiDash","potentialAction":[{"@type":"SearchAction","target":{"@type":"EntryPoint","urlTemplate":"https:\/\/equidash.eu\/?s={search_term_string}"},"query-input":{"@type":"PropertyValueSpecification","valueRequired":true,"valueName":"search_term_string"}}],"inLanguage":"es"},{"@type":"Organization","@id":"https:\/\/equidash.eu\/#organization","name":"EquiDash","alternateName":"EquiDash","url":"https:\/\/equidash.eu\/","logo":{"@type":"ImageObject","inLanguage":"es","@id":"https:\/\/equidash.eu\/#\/schema\/logo\/image\/","url":"https:\/\/equidash.eu\/wp-content\/uploads\/2024\/09\/EQUIDASH_Logo_Raud-1.png","contentUrl":"https:\/\/equidash.eu\/wp-content\/uploads\/2024\/09\/EQUIDASH_Logo_Raud-1.png","width":393,"height":422,"caption":"EquiDash"},"image":{"@id":"https:\/\/equidash.eu\/#\/schema\/logo\/image\/"},"sameAs":["https:\/\/www.facebook.com\/people\/EquiDash\/61560864479586\/","https:\/\/www.instagram.com\/equidash.eshop\/"],"email":"info@equidash.eu","telephone":"+372 59007334","legalName":"Takian Corporation O\u00dc","foundingDate":"2020-10-21","vatID":"EE102301283","numberOfEmployees":{"@type":"QuantitativeValue","minValue":"1","maxValue":"10"},"hasMerchantReturnPolicy":{"@type":"MerchantReturnPolicy","merchantReturnLink":"https:\/\/equidash.eu\/es\/return-privacy\/"}}]},"product_brand":"Mountain Horse","og_availability":"backorder","product_availability":"available for order","product_condition":"new"},"_links":{"self":[{"href":"https:\/\/equidash.eu\/es\/wp-json\/wp\/v2\/product\/5138","targetHints":{"allow":["GET"]}}],"collection":[{"href":"https:\/\/equidash.eu\/es\/wp-json\/wp\/v2\/product"}],"about":[{"href":"https:\/\/equidash.eu\/es\/wp-json\/wp\/v2\/types\/product"}],"wp:featuredmedia":[{"embeddable":true,"href":"https:\/\/equidash.eu\/es\/wp-json\/wp\/v2\/media\/5149"}],"wp:attachment":[{"href":"https:\/\/equidash.eu\/es\/wp-json\/wp\/v2\/media?parent=5138"}],"wp:term":[{"taxonomy":"product_brand","embeddable":true,"href":"https:\/\/equidash.eu\/es\/wp-json\/wp\/v2\/product_brand?post=5138"},{"taxonomy":"product_cat","embeddable":true,"href":"https:\/\/equidash.eu\/es\/wp-json\/wp\/v2\/product_cat?post=5138"},{"taxonomy":"product_tag","embeddable":true,"href":"https:\/\/equidash.eu\/es\/wp-json\/wp\/v2\/product_tag?post=5138"}],"curies":[{"name":"wp","href":"https:\/\/api.w.org\/{rel}","templated":true}]}}