{"id":5185,"date":"2025-12-02T14:57:24","date_gmt":"2025-12-02T12:57:24","guid":{"rendered":"https:\/\/equidash.eu\/?post_type=product&#038;p=5185"},"modified":"2025-12-02T15:09:40","modified_gmt":"2025-12-02T13:09:40","slug":"mountain-horse-wild-river-zip-paddock-boot","status":"publish","type":"product","link":"https:\/\/equidash.eu\/es\/shop\/rider\/mountain-horse-wild-river-zip-paddock-boot\/","title":{"rendered":"Mountain Horse Wild River Zip Paddock Boots"},"content":{"rendered":"<p>Mountain Horse Wild River Zip Paddock Boot<\/p>\n<p data-start=\"48\" data-end=\"373\">Step confidently into any weather with the Mountain Horse Wild River Zip Paddock Boot\u2014a beautifully crafted, fully waterproof paddock boot designed for comfort, durability, and performance. Made from flexible, oily full-grain leather, this boot offers a premium look and feel while standing up to tough riding conditions.<\/p>\n<p data-start=\"375\" data-end=\"642\">Featuring the advanced ShockX\u2122 insole system, it provides superior shock absorption and all-day comfort. A rugged PU midsole enhances stability and support, while slip-resistant zones on the outsole help keep your footing secure both in and out of the saddle.<\/p>\n<p data-start=\"644\" data-end=\"661\">Caracter\u00edsticas principales:<\/p>\n<ul>\n<li data-start=\"664\" data-end=\"696\">Rugged oily full-grain leather<\/li>\n<li data-start=\"664\" data-end=\"696\">Completely waterproof construction<\/li>\n<li data-start=\"664\" data-end=\"696\">Shock-absorbing PU midsole<\/li>\n<li data-start=\"664\" data-end=\"696\">Slip-resistant zones for improved grip<\/li>\n<\/ul>\n<p data-start=\"811\" data-end=\"843\">Material: Full Grain Leather<\/p>\n<p data-start=\"845\" data-end=\"954\" data-is-last-node=\"\" data-is-only-node=\"\">A perfect blend of function and elegance\u2014ideal for riders who demand comfort and reliability in every stride.<\/p>","protected":false},"excerpt":{"rendered":"<p><a href=\"https:\/\/equidash.eu\/es\/etiqueta-producto\/mountain-horse\/\"><img decoding=\"async\" style=\"height: 60px; margin-top: 20px;\" src=\"https:\/\/equidash.eu\/wp-content\/uploads\/2024\/10\/Mountain-Horse-1.png\" alt=\"\" \/><\/a><\/p>","protected":false},"featured_media":5206,"template":"","meta":{"_acf_changed":false,"_joinchat":[]},"product_brand":[505],"product_cat":[332,22,354,331],"product_tag":[356,18,442],"class_list":{"0":"post-5185","1":"product","2":"type-product","3":"status-publish","4":"has-post-thumbnail","6":"product_brand-mountain-horse","7":"product_cat-riding-boots-jodhpur-boots","8":"product_cat-rider","9":"product_cat-riding-boots-rider","10":"product_cat-riding-boots-stable-boots","11":"product_tag-jodhpur-boots","12":"product_tag-mountain-horse","13":"product_tag-stable-boots","14":"pa_colors-black","15":"pa_colors-dark-brown","16":"pa_footwear-333","17":"pa_footwear-341","18":"pa_footwear-340","19":"pa_footwear-339","20":"pa_footwear-338","21":"pa_footwear-337","22":"pa_footwear-336","23":"pa_footwear-335","24":"pa_footwear-334","26":"first","27":"onbackorder","28":"taxable","29":"shipping-taxable","30":"purchasable","31":"product-type-variable"},"acf":[],"yoast_head":"<!-- This site is optimized with the Yoast SEO Premium plugin v26.2 (Yoast SEO v27.3) - https:\/\/yoast.com\/product\/yoast-seo-premium-wordpress\/ -->\n<title>Mountain Horse Wild River Zip Paddock Boots | Parima hinnaga ratsavarustuse e-pood<\/title>\n<meta name=\"description\" content=\"Mountain Horse Wild River Zip Paddock Boot | veekindel t\u00e4isnahast poolsaabas ratsutamiseks. V\u00e4ga mugavad ja vastupidavad igap\u00e4evaseks kasutamiseks.\" \/>\n<meta name=\"robots\" content=\"index, follow, max-snippet:-1, max-image-preview:large, max-video-preview:-1\" \/>\n<link rel=\"canonical\" href=\"https:\/\/equidash.eu\/es\/shop\/jinete\/mountain-horse-wild-river-zip-paddock-boot\/\" \/>\n<meta property=\"og:locale\" content=\"es_ES\" \/>\n<meta property=\"og:type\" content=\"article\" \/>\n<meta property=\"og:title\" content=\"Mountain Horse Wild River Zip Paddock Boots\" \/>\n<meta property=\"og:description\" content=\"Mountain Horse Wild River Zip Paddock Boot | veekindel t\u00e4isnahast poolsaabas ratsutamiseks. V\u00e4ga mugavad ja vastupidavad igap\u00e4evaseks kasutamiseks.\" \/>\n<meta property=\"og:url\" content=\"https:\/\/equidash.eu\/es\/shop\/jinete\/mountain-horse-wild-river-zip-paddock-boot\/\" \/>\n<meta property=\"og:site_name\" content=\"Parima hinnaga ratsavarustuse e-pood\" \/>\n<meta property=\"article:publisher\" content=\"https:\/\/www.facebook.com\/people\/EquiDash\/61560864479586\/\" \/>\n<meta property=\"article:modified_time\" content=\"2025-12-02T13:09:40+00:00\" \/>\n<meta property=\"og:image\" content=\"https:\/\/equidash.eu\/wp-content\/uploads\/2025\/12\/Mountain-Horse_Paddock-boots_Wild-river-zip_Black.png\" \/>\n\t<meta property=\"og:image:width\" content=\"1080\" \/>\n\t<meta property=\"og:image:height\" content=\"1080\" \/>\n\t<meta property=\"og:image:type\" content=\"image\/png\" \/>\n<meta name=\"twitter:card\" content=\"summary_large_image\" \/>\n<meta name=\"twitter:label1\" content=\"Disponibilidad\" \/>\n\t<meta name=\"twitter:data1\" content=\"Disponible para reservar\" \/>\n<script type=\"application\/ld+json\" class=\"yoast-schema-graph\">{\"@context\":\"https:\\\/\\\/schema.org\",\"@graph\":[{\"@type\":\"WebPage\",\"@id\":\"https:\\\/\\\/equidash.eu\\\/shop\\\/rider\\\/mountain-horse-wild-river-zip-paddock-boot\\\/\",\"url\":\"https:\\\/\\\/equidash.eu\\\/shop\\\/rider\\\/mountain-horse-wild-river-zip-paddock-boot\\\/\",\"name\":\"Mountain Horse Wild River Zip Paddock Boots | Parima hinnaga ratsavarustuse e-pood\",\"isPartOf\":{\"@id\":\"https:\\\/\\\/equidash.eu\\\/#website\"},\"primaryImageOfPage\":{\"@id\":\"https:\\\/\\\/equidash.eu\\\/shop\\\/rider\\\/mountain-horse-wild-river-zip-paddock-boot\\\/#primaryimage\"},\"image\":{\"@id\":\"https:\\\/\\\/equidash.eu\\\/shop\\\/rider\\\/mountain-horse-wild-river-zip-paddock-boot\\\/#primaryimage\"},\"thumbnailUrl\":\"https:\\\/\\\/equidash.eu\\\/wp-content\\\/uploads\\\/2025\\\/12\\\/Mountain-Horse_Paddock-boots_Wild-river-zip_Black.png\",\"datePublished\":\"2025-12-02T12:57:24+00:00\",\"dateModified\":\"2025-12-02T13:09:40+00:00\",\"description\":\"Mountain Horse Wild River Zip Paddock Boot | veekindel t\u00e4isnahast poolsaabas ratsutamiseks. V\u00e4ga mugavad ja vastupidavad igap\u00e4evaseks kasutamiseks.\",\"breadcrumb\":{\"@id\":\"https:\\\/\\\/equidash.eu\\\/shop\\\/rider\\\/mountain-horse-wild-river-zip-paddock-boot\\\/#breadcrumb\"},\"inLanguage\":\"es\",\"potentialAction\":[{\"@type\":\"ReadAction\",\"target\":[\"https:\\\/\\\/equidash.eu\\\/shop\\\/rider\\\/mountain-horse-wild-river-zip-paddock-boot\\\/\"]}]},{\"@type\":\"ImageObject\",\"inLanguage\":\"es\",\"@id\":\"https:\\\/\\\/equidash.eu\\\/shop\\\/rider\\\/mountain-horse-wild-river-zip-paddock-boot\\\/#primaryimage\",\"url\":\"https:\\\/\\\/equidash.eu\\\/wp-content\\\/uploads\\\/2025\\\/12\\\/Mountain-Horse_Paddock-boots_Wild-river-zip_Black.png\",\"contentUrl\":\"https:\\\/\\\/equidash.eu\\\/wp-content\\\/uploads\\\/2025\\\/12\\\/Mountain-Horse_Paddock-boots_Wild-river-zip_Black.png\",\"width\":1080,\"height\":1080,\"caption\":\"Mountain Horse Wild River Zip \u2013 veekindel must ja tumepruun poolsaabas ratsutamiseks ja talli.\"},{\"@type\":\"BreadcrumbList\",\"@id\":\"https:\\\/\\\/equidash.eu\\\/shop\\\/rider\\\/mountain-horse-wild-river-zip-paddock-boot\\\/#breadcrumb\",\"itemListElement\":[{\"@type\":\"ListItem\",\"position\":1,\"name\":\"Home\",\"item\":\"https:\\\/\\\/equidash.eu\\\/\"},{\"@type\":\"ListItem\",\"position\":2,\"name\":\"Shop\",\"item\":\"https:\\\/\\\/equidash.eu\\\/shop\\\/\"},{\"@type\":\"ListItem\",\"position\":3,\"name\":\"Mountain Horse Wild River Zip Paddock Boots\"}]},{\"@type\":\"WebSite\",\"@id\":\"https:\\\/\\\/equidash.eu\\\/#website\",\"url\":\"https:\\\/\\\/equidash.eu\\\/\",\"name\":\"EquiDash\",\"description\":\"Horse Riding Equipment and Accessories\",\"publisher\":{\"@id\":\"https:\\\/\\\/equidash.eu\\\/#organization\"},\"alternateName\":\"EquiDash\",\"potentialAction\":[{\"@type\":\"SearchAction\",\"target\":{\"@type\":\"EntryPoint\",\"urlTemplate\":\"https:\\\/\\\/equidash.eu\\\/?s={search_term_string}\"},\"query-input\":{\"@type\":\"PropertyValueSpecification\",\"valueRequired\":true,\"valueName\":\"search_term_string\"}}],\"inLanguage\":\"es\"},{\"@type\":\"Organization\",\"@id\":\"https:\\\/\\\/equidash.eu\\\/#organization\",\"name\":\"EquiDash\",\"alternateName\":\"EquiDash\",\"url\":\"https:\\\/\\\/equidash.eu\\\/\",\"logo\":{\"@type\":\"ImageObject\",\"inLanguage\":\"es\",\"@id\":\"https:\\\/\\\/equidash.eu\\\/#\\\/schema\\\/logo\\\/image\\\/\",\"url\":\"https:\\\/\\\/equidash.eu\\\/wp-content\\\/uploads\\\/2024\\\/09\\\/EQUIDASH_Logo_Raud-1.png\",\"contentUrl\":\"https:\\\/\\\/equidash.eu\\\/wp-content\\\/uploads\\\/2024\\\/09\\\/EQUIDASH_Logo_Raud-1.png\",\"width\":393,\"height\":422,\"caption\":\"EquiDash\"},\"image\":{\"@id\":\"https:\\\/\\\/equidash.eu\\\/#\\\/schema\\\/logo\\\/image\\\/\"},\"sameAs\":[\"https:\\\/\\\/www.facebook.com\\\/people\\\/EquiDash\\\/61560864479586\\\/\",\"https:\\\/\\\/www.instagram.com\\\/equidash.eshop\\\/\"],\"email\":\"info@equidash.eu\",\"telephone\":\"+372 59007334\",\"legalName\":\"Takian Corporation O\u00dc\",\"foundingDate\":\"2020-10-21\",\"vatID\":\"EE102301283\",\"numberOfEmployees\":{\"@type\":\"QuantitativeValue\",\"minValue\":\"1\",\"maxValue\":\"10\"},\"hasMerchantReturnPolicy\":{\"@type\":\"MerchantReturnPolicy\",\"merchantReturnLink\":\"https:\\\/\\\/equidash.eu\\\/es\\\/return-privacy\\\/\"}}]}<\/script>\n<meta property=\"product:brand\" content=\"Mountain Horse\" \/>\n<meta property=\"og:availability\" content=\"backorder\" \/>\n<meta property=\"product:availability\" content=\"available for order\" \/>\n<meta property=\"product:condition\" content=\"new\" \/>\n<!-- \/ Yoast SEO Premium plugin. -->","yoast_head_json":{"title":"Mountain Horse Wild River Zip Paddock Boots | Parima hinnaga ratsavarustuse e-pood","description":"Mountain Horse Wild River Zip Paddock Boot | veekindel t\u00e4isnahast poolsaabas ratsutamiseks. V\u00e4ga mugavad ja vastupidavad igap\u00e4evaseks kasutamiseks.","robots":{"index":"index","follow":"follow","max-snippet":"max-snippet:-1","max-image-preview":"max-image-preview:large","max-video-preview":"max-video-preview:-1"},"canonical":"https:\/\/equidash.eu\/es\/shop\/jinete\/mountain-horse-wild-river-zip-paddock-boot\/","og_locale":"es_ES","og_type":"article","og_title":"Mountain Horse Wild River Zip Paddock Boots","og_description":"Mountain Horse Wild River Zip Paddock Boot | veekindel t\u00e4isnahast poolsaabas ratsutamiseks. V\u00e4ga mugavad ja vastupidavad igap\u00e4evaseks kasutamiseks.","og_url":"https:\/\/equidash.eu\/es\/shop\/jinete\/mountain-horse-wild-river-zip-paddock-boot\/","og_site_name":"Parima hinnaga ratsavarustuse e-pood","article_publisher":"https:\/\/www.facebook.com\/people\/EquiDash\/61560864479586\/","article_modified_time":"2025-12-02T13:09:40+00:00","og_image":[{"width":1080,"height":1080,"url":"https:\/\/equidash.eu\/wp-content\/uploads\/2025\/12\/Mountain-Horse_Paddock-boots_Wild-river-zip_Black.png","type":"image\/png"}],"twitter_card":"summary_large_image","twitter_misc":{"Disponibilidad":"Disponible para reservar"},"schema":{"@context":"https:\/\/schema.org","@graph":[{"@type":"WebPage","@id":"https:\/\/equidash.eu\/shop\/rider\/mountain-horse-wild-river-zip-paddock-boot\/","url":"https:\/\/equidash.eu\/shop\/rider\/mountain-horse-wild-river-zip-paddock-boot\/","name":"Mountain Horse Wild River Zip Paddock Boots | Parima hinnaga ratsavarustuse e-pood","isPartOf":{"@id":"https:\/\/equidash.eu\/#website"},"primaryImageOfPage":{"@id":"https:\/\/equidash.eu\/shop\/rider\/mountain-horse-wild-river-zip-paddock-boot\/#primaryimage"},"image":{"@id":"https:\/\/equidash.eu\/shop\/rider\/mountain-horse-wild-river-zip-paddock-boot\/#primaryimage"},"thumbnailUrl":"https:\/\/equidash.eu\/wp-content\/uploads\/2025\/12\/Mountain-Horse_Paddock-boots_Wild-river-zip_Black.png","datePublished":"2025-12-02T12:57:24+00:00","dateModified":"2025-12-02T13:09:40+00:00","description":"Mountain Horse Wild River Zip Paddock Boot | veekindel t\u00e4isnahast poolsaabas ratsutamiseks. V\u00e4ga mugavad ja vastupidavad igap\u00e4evaseks kasutamiseks.","breadcrumb":{"@id":"https:\/\/equidash.eu\/shop\/rider\/mountain-horse-wild-river-zip-paddock-boot\/#breadcrumb"},"inLanguage":"es","potentialAction":[{"@type":"ReadAction","target":["https:\/\/equidash.eu\/shop\/rider\/mountain-horse-wild-river-zip-paddock-boot\/"]}]},{"@type":"ImageObject","inLanguage":"es","@id":"https:\/\/equidash.eu\/shop\/rider\/mountain-horse-wild-river-zip-paddock-boot\/#primaryimage","url":"https:\/\/equidash.eu\/wp-content\/uploads\/2025\/12\/Mountain-Horse_Paddock-boots_Wild-river-zip_Black.png","contentUrl":"https:\/\/equidash.eu\/wp-content\/uploads\/2025\/12\/Mountain-Horse_Paddock-boots_Wild-river-zip_Black.png","width":1080,"height":1080,"caption":"Mountain Horse Wild River Zip \u2013 veekindel must ja tumepruun poolsaabas ratsutamiseks ja talli."},{"@type":"BreadcrumbList","@id":"https:\/\/equidash.eu\/shop\/rider\/mountain-horse-wild-river-zip-paddock-boot\/#breadcrumb","itemListElement":[{"@type":"ListItem","position":1,"name":"Home","item":"https:\/\/equidash.eu\/"},{"@type":"ListItem","position":2,"name":"Shop","item":"https:\/\/equidash.eu\/shop\/"},{"@type":"ListItem","position":3,"name":"Mountain Horse Wild River Zip Paddock Boots"}]},{"@type":"WebSite","@id":"https:\/\/equidash.eu\/#website","url":"https:\/\/equidash.eu\/","name":"EquiDash","description":"Horse Riding Equipment and Accessories","publisher":{"@id":"https:\/\/equidash.eu\/#organization"},"alternateName":"EquiDash","potentialAction":[{"@type":"SearchAction","target":{"@type":"EntryPoint","urlTemplate":"https:\/\/equidash.eu\/?s={search_term_string}"},"query-input":{"@type":"PropertyValueSpecification","valueRequired":true,"valueName":"search_term_string"}}],"inLanguage":"es"},{"@type":"Organization","@id":"https:\/\/equidash.eu\/#organization","name":"EquiDash","alternateName":"EquiDash","url":"https:\/\/equidash.eu\/","logo":{"@type":"ImageObject","inLanguage":"es","@id":"https:\/\/equidash.eu\/#\/schema\/logo\/image\/","url":"https:\/\/equidash.eu\/wp-content\/uploads\/2024\/09\/EQUIDASH_Logo_Raud-1.png","contentUrl":"https:\/\/equidash.eu\/wp-content\/uploads\/2024\/09\/EQUIDASH_Logo_Raud-1.png","width":393,"height":422,"caption":"EquiDash"},"image":{"@id":"https:\/\/equidash.eu\/#\/schema\/logo\/image\/"},"sameAs":["https:\/\/www.facebook.com\/people\/EquiDash\/61560864479586\/","https:\/\/www.instagram.com\/equidash.eshop\/"],"email":"info@equidash.eu","telephone":"+372 59007334","legalName":"Takian Corporation O\u00dc","foundingDate":"2020-10-21","vatID":"EE102301283","numberOfEmployees":{"@type":"QuantitativeValue","minValue":"1","maxValue":"10"},"hasMerchantReturnPolicy":{"@type":"MerchantReturnPolicy","merchantReturnLink":"https:\/\/equidash.eu\/es\/return-privacy\/"}}]},"product_brand":"Mountain Horse","og_availability":"backorder","product_availability":"available for order","product_condition":"new"},"_links":{"self":[{"href":"https:\/\/equidash.eu\/es\/wp-json\/wp\/v2\/product\/5185","targetHints":{"allow":["GET"]}}],"collection":[{"href":"https:\/\/equidash.eu\/es\/wp-json\/wp\/v2\/product"}],"about":[{"href":"https:\/\/equidash.eu\/es\/wp-json\/wp\/v2\/types\/product"}],"wp:featuredmedia":[{"embeddable":true,"href":"https:\/\/equidash.eu\/es\/wp-json\/wp\/v2\/media\/5206"}],"wp:attachment":[{"href":"https:\/\/equidash.eu\/es\/wp-json\/wp\/v2\/media?parent=5185"}],"wp:term":[{"taxonomy":"product_brand","embeddable":true,"href":"https:\/\/equidash.eu\/es\/wp-json\/wp\/v2\/product_brand?post=5185"},{"taxonomy":"product_cat","embeddable":true,"href":"https:\/\/equidash.eu\/es\/wp-json\/wp\/v2\/product_cat?post=5185"},{"taxonomy":"product_tag","embeddable":true,"href":"https:\/\/equidash.eu\/es\/wp-json\/wp\/v2\/product_tag?post=5185"}],"curies":[{"name":"wp","href":"https:\/\/api.w.org\/{rel}","templated":true}]}}