{"id":5212,"date":"2025-12-02T16:05:16","date_gmt":"2025-12-02T14:05:16","guid":{"rendered":"https:\/\/equidash.eu\/?post_type=product&#038;p=5212"},"modified":"2025-12-02T16:13:54","modified_gmt":"2025-12-02T14:13:54","slug":"mountain-horse-sparkle-hat","status":"publish","type":"product","link":"https:\/\/equidash.eu\/es\/shop\/sales\/mountain-horse-sparkle-hat\/","title":{"rendered":"Mountain Horse Sparkle hat"},"content":{"rendered":"<p data-start=\"92\" data-end=\"148\">Mountain Horse Sparkle Hat<\/p>\n<p data-start=\"150\" data-end=\"422\">The Mountain Horse Sparkle Hat is a warm, stylish knitted hat made from a soft acrylic\u2013wool blend. Sparkling lurex thread adds a subtle shine, while the heavy ribbed knit and double-folded edge keep you comfortably warm. Finished with a smart MH logo badge on the front.<\/p>\n<p data-start=\"424\" data-end=\"439\">Features:<\/p>\n<ul>\n<li data-start=\"424\" data-end=\"439\">Soft knit with sparkling lurex thread<\/li>\n<li data-start=\"424\" data-end=\"439\">Warm ribbed design with duble-folded edge<\/li>\n<li data-start=\"424\" data-end=\"439\">One size, available in 4 colors<\/li>\n<li data-start=\"424\" data-end=\"439\">70% Acrylic, 30% Wool<\/li>\n<\/ul>\n<p data-start=\"592\" data-end=\"640\" data-is-last-node=\"\" data-is-only-node=\"\">A cozy winter essential with a touch of sparkle.<\/p>\n<p>&nbsp;<\/p>","protected":false},"excerpt":{"rendered":"<p><a href=\"https:\/\/equidash.eu\/es\/etiqueta-producto\/mountain-horse\/\"><img decoding=\"async\" style=\"height: 60px; margin-top: 20px;\" src=\"https:\/\/equidash.eu\/wp-content\/uploads\/2024\/10\/Mountain-Horse-1.png\" alt=\"\" \/><\/a><\/p>","protected":false},"featured_media":5216,"template":"","meta":{"_acf_changed":false,"_joinchat":[]},"product_brand":[505],"product_cat":[185,202,22,15],"product_tag":[726,18,297],"class_list":{"0":"post-5212","1":"product","2":"type-product","3":"status-publish","4":"has-post-thumbnail","6":"product_brand-mountain-horse","7":"product_cat-accessories-rider","8":"product_cat-hats-accessories-rider","9":"product_cat-rider","10":"product_cat-sales","11":"product_tag-hat","12":"product_tag-mountain-horse","13":"product_tag-winter","14":"pa_colors-golden-beige","15":"pa_colors-navy","16":"pa_colors-old-rose","18":"first","19":"onbackorder","20":"sale","21":"taxable","22":"shipping-taxable","23":"purchasable","24":"product-type-variable"},"acf":[],"yoast_head":"<!-- This site is optimized with the Yoast SEO Premium plugin v26.2 (Yoast SEO v27.3) - https:\/\/yoast.com\/product\/yoast-seo-premium-wordpress\/ -->\n<title>Mountain Horse Sparkle hat | Parima hinnaga ratsavarustuse e-pood<\/title>\n<meta name=\"description\" content=\"Mountain Horse Sparkle hat | Mountain Horse Sparkle s\u00e4delev m\u00fcts \u2013 soe ja mugav topeltvolditud m\u00fcts s\u00e4deleva lurex l\u00f5nga ja MH logoga. \u00dcks suurus.\" \/>\n<meta name=\"robots\" content=\"index, follow, max-snippet:-1, max-image-preview:large, max-video-preview:-1\" \/>\n<link rel=\"canonical\" href=\"https:\/\/equidash.eu\/es\/shop\/sales\/mountain-horse-sparkle-hat\/\" \/>\n<meta property=\"og:locale\" content=\"es_ES\" \/>\n<meta property=\"og:type\" content=\"article\" \/>\n<meta property=\"og:title\" content=\"Mountain Horse Sparkle hat\" \/>\n<meta property=\"og:description\" content=\"Mountain Horse Sparkle hat | Mountain Horse Sparkle s\u00e4delev m\u00fcts \u2013 soe ja mugav topeltvolditud m\u00fcts s\u00e4deleva lurex l\u00f5nga ja MH logoga. \u00dcks suurus.\" \/>\n<meta property=\"og:url\" content=\"https:\/\/equidash.eu\/es\/shop\/sales\/mountain-horse-sparkle-hat\/\" \/>\n<meta property=\"og:site_name\" content=\"Parima hinnaga ratsavarustuse e-pood\" \/>\n<meta property=\"article:publisher\" content=\"https:\/\/www.facebook.com\/people\/EquiDash\/61560864479586\/\" \/>\n<meta property=\"article:modified_time\" content=\"2025-12-02T14:13:54+00:00\" \/>\n<meta property=\"og:image\" content=\"https:\/\/equidash.eu\/wp-content\/uploads\/2025\/12\/Mountain-Horse_Sparkle-hat_Old-Rose.png\" \/>\n\t<meta property=\"og:image:width\" content=\"1080\" \/>\n\t<meta property=\"og:image:height\" content=\"1080\" \/>\n\t<meta property=\"og:image:type\" content=\"image\/png\" \/>\n<meta name=\"twitter:card\" content=\"summary_large_image\" \/>\n<meta name=\"twitter:label1\" content=\"Disponibilidad\" \/>\n\t<meta name=\"twitter:data1\" content=\"Disponible para reservar\" \/>\n<script type=\"application\/ld+json\" class=\"yoast-schema-graph\">{\"@context\":\"https:\\\/\\\/schema.org\",\"@graph\":[{\"@type\":\"WebPage\",\"@id\":\"https:\\\/\\\/equidash.eu\\\/shop\\\/sales\\\/mountain-horse-sparkle-hat\\\/\",\"url\":\"https:\\\/\\\/equidash.eu\\\/shop\\\/sales\\\/mountain-horse-sparkle-hat\\\/\",\"name\":\"Mountain Horse Sparkle hat | Parima hinnaga ratsavarustuse e-pood\",\"isPartOf\":{\"@id\":\"https:\\\/\\\/equidash.eu\\\/#website\"},\"primaryImageOfPage\":{\"@id\":\"https:\\\/\\\/equidash.eu\\\/shop\\\/sales\\\/mountain-horse-sparkle-hat\\\/#primaryimage\"},\"image\":{\"@id\":\"https:\\\/\\\/equidash.eu\\\/shop\\\/sales\\\/mountain-horse-sparkle-hat\\\/#primaryimage\"},\"thumbnailUrl\":\"https:\\\/\\\/equidash.eu\\\/wp-content\\\/uploads\\\/2025\\\/12\\\/Mountain-Horse_Sparkle-hat_Old-Rose.png\",\"datePublished\":\"2025-12-02T14:05:16+00:00\",\"dateModified\":\"2025-12-02T14:13:54+00:00\",\"description\":\"Mountain Horse Sparkle hat | Mountain Horse Sparkle s\u00e4delev m\u00fcts \u2013 soe ja mugav topeltvolditud m\u00fcts s\u00e4deleva lurex l\u00f5nga ja MH logoga. \u00dcks suurus.\",\"breadcrumb\":{\"@id\":\"https:\\\/\\\/equidash.eu\\\/shop\\\/sales\\\/mountain-horse-sparkle-hat\\\/#breadcrumb\"},\"inLanguage\":\"es\",\"potentialAction\":[{\"@type\":\"ReadAction\",\"target\":[\"https:\\\/\\\/equidash.eu\\\/shop\\\/sales\\\/mountain-horse-sparkle-hat\\\/\"]}]},{\"@type\":\"ImageObject\",\"inLanguage\":\"es\",\"@id\":\"https:\\\/\\\/equidash.eu\\\/shop\\\/sales\\\/mountain-horse-sparkle-hat\\\/#primaryimage\",\"url\":\"https:\\\/\\\/equidash.eu\\\/wp-content\\\/uploads\\\/2025\\\/12\\\/Mountain-Horse_Sparkle-hat_Old-Rose.png\",\"contentUrl\":\"https:\\\/\\\/equidash.eu\\\/wp-content\\\/uploads\\\/2025\\\/12\\\/Mountain-Horse_Sparkle-hat_Old-Rose.png\",\"width\":1080,\"height\":1080,\"caption\":\"Mountain Horse Sparkle \u2013 vanaroosa soe ja helkiv m\u00fcts MH logoga.\"},{\"@type\":\"BreadcrumbList\",\"@id\":\"https:\\\/\\\/equidash.eu\\\/shop\\\/sales\\\/mountain-horse-sparkle-hat\\\/#breadcrumb\",\"itemListElement\":[{\"@type\":\"ListItem\",\"position\":1,\"name\":\"Home\",\"item\":\"https:\\\/\\\/equidash.eu\\\/\"},{\"@type\":\"ListItem\",\"position\":2,\"name\":\"Shop\",\"item\":\"https:\\\/\\\/equidash.eu\\\/shop\\\/\"},{\"@type\":\"ListItem\",\"position\":3,\"name\":\"Mountain Horse Sparkle hat\"}]},{\"@type\":\"WebSite\",\"@id\":\"https:\\\/\\\/equidash.eu\\\/#website\",\"url\":\"https:\\\/\\\/equidash.eu\\\/\",\"name\":\"EquiDash\",\"description\":\"Horse Riding Equipment and Accessories\",\"publisher\":{\"@id\":\"https:\\\/\\\/equidash.eu\\\/#organization\"},\"alternateName\":\"EquiDash\",\"potentialAction\":[{\"@type\":\"SearchAction\",\"target\":{\"@type\":\"EntryPoint\",\"urlTemplate\":\"https:\\\/\\\/equidash.eu\\\/?s={search_term_string}\"},\"query-input\":{\"@type\":\"PropertyValueSpecification\",\"valueRequired\":true,\"valueName\":\"search_term_string\"}}],\"inLanguage\":\"es\"},{\"@type\":\"Organization\",\"@id\":\"https:\\\/\\\/equidash.eu\\\/#organization\",\"name\":\"EquiDash\",\"alternateName\":\"EquiDash\",\"url\":\"https:\\\/\\\/equidash.eu\\\/\",\"logo\":{\"@type\":\"ImageObject\",\"inLanguage\":\"es\",\"@id\":\"https:\\\/\\\/equidash.eu\\\/#\\\/schema\\\/logo\\\/image\\\/\",\"url\":\"https:\\\/\\\/equidash.eu\\\/wp-content\\\/uploads\\\/2024\\\/09\\\/EQUIDASH_Logo_Raud-1.png\",\"contentUrl\":\"https:\\\/\\\/equidash.eu\\\/wp-content\\\/uploads\\\/2024\\\/09\\\/EQUIDASH_Logo_Raud-1.png\",\"width\":393,\"height\":422,\"caption\":\"EquiDash\"},\"image\":{\"@id\":\"https:\\\/\\\/equidash.eu\\\/#\\\/schema\\\/logo\\\/image\\\/\"},\"sameAs\":[\"https:\\\/\\\/www.facebook.com\\\/people\\\/EquiDash\\\/61560864479586\\\/\",\"https:\\\/\\\/www.instagram.com\\\/equidash.eshop\\\/\"],\"email\":\"info@equidash.eu\",\"telephone\":\"+372 59007334\",\"legalName\":\"Takian Corporation O\u00dc\",\"foundingDate\":\"2020-10-21\",\"vatID\":\"EE102301283\",\"numberOfEmployees\":{\"@type\":\"QuantitativeValue\",\"minValue\":\"1\",\"maxValue\":\"10\"},\"hasMerchantReturnPolicy\":{\"@type\":\"MerchantReturnPolicy\",\"merchantReturnLink\":\"https:\\\/\\\/equidash.eu\\\/es\\\/return-privacy\\\/\"}}]}<\/script>\n<meta property=\"product:brand\" content=\"Mountain Horse\" \/>\n<meta property=\"og:availability\" content=\"backorder\" \/>\n<meta property=\"product:availability\" content=\"available for order\" \/>\n<meta property=\"product:condition\" content=\"new\" \/>\n<!-- \/ Yoast SEO Premium plugin. -->","yoast_head_json":{"title":"Mountain Horse Sparkle hat | Parima hinnaga ratsavarustuse e-pood","description":"Mountain Horse Sparkle hat | Mountain Horse Sparkle s\u00e4delev m\u00fcts \u2013 soe ja mugav topeltvolditud m\u00fcts s\u00e4deleva lurex l\u00f5nga ja MH logoga. \u00dcks suurus.","robots":{"index":"index","follow":"follow","max-snippet":"max-snippet:-1","max-image-preview":"max-image-preview:large","max-video-preview":"max-video-preview:-1"},"canonical":"https:\/\/equidash.eu\/es\/shop\/sales\/mountain-horse-sparkle-hat\/","og_locale":"es_ES","og_type":"article","og_title":"Mountain Horse Sparkle hat","og_description":"Mountain Horse Sparkle hat | Mountain Horse Sparkle s\u00e4delev m\u00fcts \u2013 soe ja mugav topeltvolditud m\u00fcts s\u00e4deleva lurex l\u00f5nga ja MH logoga. \u00dcks suurus.","og_url":"https:\/\/equidash.eu\/es\/shop\/sales\/mountain-horse-sparkle-hat\/","og_site_name":"Parima hinnaga ratsavarustuse e-pood","article_publisher":"https:\/\/www.facebook.com\/people\/EquiDash\/61560864479586\/","article_modified_time":"2025-12-02T14:13:54+00:00","og_image":[{"width":1080,"height":1080,"url":"https:\/\/equidash.eu\/wp-content\/uploads\/2025\/12\/Mountain-Horse_Sparkle-hat_Old-Rose.png","type":"image\/png"}],"twitter_card":"summary_large_image","twitter_misc":{"Disponibilidad":"Disponible para reservar"},"schema":{"@context":"https:\/\/schema.org","@graph":[{"@type":"WebPage","@id":"https:\/\/equidash.eu\/shop\/sales\/mountain-horse-sparkle-hat\/","url":"https:\/\/equidash.eu\/shop\/sales\/mountain-horse-sparkle-hat\/","name":"Mountain Horse Sparkle hat | Parima hinnaga ratsavarustuse e-pood","isPartOf":{"@id":"https:\/\/equidash.eu\/#website"},"primaryImageOfPage":{"@id":"https:\/\/equidash.eu\/shop\/sales\/mountain-horse-sparkle-hat\/#primaryimage"},"image":{"@id":"https:\/\/equidash.eu\/shop\/sales\/mountain-horse-sparkle-hat\/#primaryimage"},"thumbnailUrl":"https:\/\/equidash.eu\/wp-content\/uploads\/2025\/12\/Mountain-Horse_Sparkle-hat_Old-Rose.png","datePublished":"2025-12-02T14:05:16+00:00","dateModified":"2025-12-02T14:13:54+00:00","description":"Mountain Horse Sparkle hat | Mountain Horse Sparkle s\u00e4delev m\u00fcts \u2013 soe ja mugav topeltvolditud m\u00fcts s\u00e4deleva lurex l\u00f5nga ja MH logoga. \u00dcks suurus.","breadcrumb":{"@id":"https:\/\/equidash.eu\/shop\/sales\/mountain-horse-sparkle-hat\/#breadcrumb"},"inLanguage":"es","potentialAction":[{"@type":"ReadAction","target":["https:\/\/equidash.eu\/shop\/sales\/mountain-horse-sparkle-hat\/"]}]},{"@type":"ImageObject","inLanguage":"es","@id":"https:\/\/equidash.eu\/shop\/sales\/mountain-horse-sparkle-hat\/#primaryimage","url":"https:\/\/equidash.eu\/wp-content\/uploads\/2025\/12\/Mountain-Horse_Sparkle-hat_Old-Rose.png","contentUrl":"https:\/\/equidash.eu\/wp-content\/uploads\/2025\/12\/Mountain-Horse_Sparkle-hat_Old-Rose.png","width":1080,"height":1080,"caption":"Mountain Horse Sparkle \u2013 vanaroosa soe ja helkiv m\u00fcts MH logoga."},{"@type":"BreadcrumbList","@id":"https:\/\/equidash.eu\/shop\/sales\/mountain-horse-sparkle-hat\/#breadcrumb","itemListElement":[{"@type":"ListItem","position":1,"name":"Home","item":"https:\/\/equidash.eu\/"},{"@type":"ListItem","position":2,"name":"Shop","item":"https:\/\/equidash.eu\/shop\/"},{"@type":"ListItem","position":3,"name":"Mountain Horse Sparkle hat"}]},{"@type":"WebSite","@id":"https:\/\/equidash.eu\/#website","url":"https:\/\/equidash.eu\/","name":"EquiDash","description":"Horse Riding Equipment and Accessories","publisher":{"@id":"https:\/\/equidash.eu\/#organization"},"alternateName":"EquiDash","potentialAction":[{"@type":"SearchAction","target":{"@type":"EntryPoint","urlTemplate":"https:\/\/equidash.eu\/?s={search_term_string}"},"query-input":{"@type":"PropertyValueSpecification","valueRequired":true,"valueName":"search_term_string"}}],"inLanguage":"es"},{"@type":"Organization","@id":"https:\/\/equidash.eu\/#organization","name":"EquiDash","alternateName":"EquiDash","url":"https:\/\/equidash.eu\/","logo":{"@type":"ImageObject","inLanguage":"es","@id":"https:\/\/equidash.eu\/#\/schema\/logo\/image\/","url":"https:\/\/equidash.eu\/wp-content\/uploads\/2024\/09\/EQUIDASH_Logo_Raud-1.png","contentUrl":"https:\/\/equidash.eu\/wp-content\/uploads\/2024\/09\/EQUIDASH_Logo_Raud-1.png","width":393,"height":422,"caption":"EquiDash"},"image":{"@id":"https:\/\/equidash.eu\/#\/schema\/logo\/image\/"},"sameAs":["https:\/\/www.facebook.com\/people\/EquiDash\/61560864479586\/","https:\/\/www.instagram.com\/equidash.eshop\/"],"email":"info@equidash.eu","telephone":"+372 59007334","legalName":"Takian Corporation O\u00dc","foundingDate":"2020-10-21","vatID":"EE102301283","numberOfEmployees":{"@type":"QuantitativeValue","minValue":"1","maxValue":"10"},"hasMerchantReturnPolicy":{"@type":"MerchantReturnPolicy","merchantReturnLink":"https:\/\/equidash.eu\/es\/return-privacy\/"}}]},"product_brand":"Mountain Horse","og_availability":"backorder","product_availability":"available for order","product_condition":"new"},"_links":{"self":[{"href":"https:\/\/equidash.eu\/es\/wp-json\/wp\/v2\/product\/5212","targetHints":{"allow":["GET"]}}],"collection":[{"href":"https:\/\/equidash.eu\/es\/wp-json\/wp\/v2\/product"}],"about":[{"href":"https:\/\/equidash.eu\/es\/wp-json\/wp\/v2\/types\/product"}],"wp:featuredmedia":[{"embeddable":true,"href":"https:\/\/equidash.eu\/es\/wp-json\/wp\/v2\/media\/5216"}],"wp:attachment":[{"href":"https:\/\/equidash.eu\/es\/wp-json\/wp\/v2\/media?parent=5212"}],"wp:term":[{"taxonomy":"product_brand","embeddable":true,"href":"https:\/\/equidash.eu\/es\/wp-json\/wp\/v2\/product_brand?post=5212"},{"taxonomy":"product_cat","embeddable":true,"href":"https:\/\/equidash.eu\/es\/wp-json\/wp\/v2\/product_cat?post=5212"},{"taxonomy":"product_tag","embeddable":true,"href":"https:\/\/equidash.eu\/es\/wp-json\/wp\/v2\/product_tag?post=5212"}],"curies":[{"name":"wp","href":"https:\/\/api.w.org\/{rel}","templated":true}]}}