{"id":635,"date":"2024-11-22T22:13:31","date_gmt":"2024-11-22T20:13:31","guid":{"rendered":"https:\/\/equidash.eu\/?post_type=product&#038;p=635"},"modified":"2025-06-08T16:38:31","modified_gmt":"2025-06-08T14:38:31","slug":"pomme-womens-t-shirt-tee","status":"publish","type":"product","link":"https:\/\/equidash.eu\/es\/shop\/rider\/riding-clothing-rider\/women-riding-clothing-rider\/t-shirts-tops-women-riding-clothing-rider\/pomme-womens-t-shirt-tee\/","title":{"rendered":"Camiseta para mujer Pomme"},"content":{"rendered":"<p><span style=\"color: #333333;\">La camiseta Pomme para mujer es deportiva y flexible, hecha de un tejido de poli\u00e9ster liviano con un corte ajustado al cuerpo, combina un look din\u00e1mico y deportivo con una comodidad absoluta. El tejido liviano, el dise\u00f1o ventilado y las mangas de malla transpirable aseguran que te mantengas fresca y c\u00f3moda durante todo el d\u00eda.<\/span><\/p>\n<ul>\n<li><span style=\"color: #333333;\">Mangas de malla<\/span><\/li>\n<li><span style=\"color: #333333;\">Tejido ligero<\/span><\/li>\n<li><span style=\"color: #333333;\">Dise\u00f1o ventilado<\/span><\/li>\n<li><span style=\"color: #333333;\">Logotipo en el frente<\/span><\/li>\n<li><span style=\"color: #333333;\">100% poli\u00e9ster.<\/span><\/li>\n<li><span style=\"color: #333333;\">La modelo lleva la talla x-small.<\/span><\/li>\n<\/ul>","protected":false},"excerpt":{"rendered":"<p class=\"ai-optimize-23 ai-optimize-introduction\"><a href=\"https:\/\/equidash.eu\/es\/etiqueta-producto\/pomme\/\"><img decoding=\"async\" style=\"height: 20px; margin-top: 20px;\" src=\"https:\/\/equidash.eu\/wp-content\/uploads\/2024\/05\/pomme-logo.png\" alt=\"\" \/><\/a><\/p>","protected":false},"featured_media":995,"template":"","meta":{"_acf_changed":false,"_joinchat":[]},"product_brand":[668],"product_cat":[22,203,208,206],"product_tag":[96,97],"class_list":{"0":"post-635","1":"product","2":"type-product","3":"status-publish","4":"has-post-thumbnail","6":"product_brand-pomme","7":"product_cat-rider","8":"product_cat-riding-clothing-rider","9":"product_cat-t-shirts-tops-women-riding-clothing-rider","10":"product_cat-women-riding-clothing-rider","11":"product_tag-pomme","12":"product_tag-shirt","13":"pa_colors-black","14":"pa_size-l","15":"pa_size-m","16":"pa_size-s","17":"pa_size-xs","19":"first","20":"onbackorder","21":"sale","22":"taxable","23":"shipping-taxable","24":"purchasable","25":"product-type-variable"},"acf":[],"yoast_head":"<!-- This site is optimized with the Yoast SEO Premium plugin v26.2 (Yoast SEO v27.2) - https:\/\/yoast.com\/product\/yoast-seo-premium-wordpress\/ -->\n<title>Pomme Women&#039;s T-shirt Tee | Parima hinnaga ratsavarustuse e-pood<\/title>\n<meta name=\"description\" content=\"Equidash - ratsavarustuse veebipood Eestis ja Hispaanias. Pomme ratsariided naistele. Pomme Women&#039;s T-shirt Tee\" \/>\n<meta name=\"robots\" content=\"index, follow, max-snippet:-1, max-image-preview:large, max-video-preview:-1\" \/>\n<link rel=\"canonical\" href=\"https:\/\/equidash.eu\/es\/shop\/jinete\/ropa-de-montar-jinete\/women-riding-clothing-rider\/t-shirts-tops-women-riding-clothing-rider\/pomme-womens-t-shirt-tee\/\" \/>\n<meta property=\"og:locale\" content=\"es_ES\" \/>\n<meta property=\"og:type\" content=\"article\" \/>\n<meta property=\"og:title\" content=\"Pomme Women&#039;s T-shirt Tee\" \/>\n<meta property=\"og:description\" content=\"Equidash - ratsavarustuse veebipood Eestis ja Hispaanias. Pomme ratsariided naistele. Pomme Women&#039;s T-shirt Tee\" \/>\n<meta property=\"og:url\" content=\"https:\/\/equidash.eu\/es\/shop\/jinete\/ropa-de-montar-jinete\/women-riding-clothing-rider\/t-shirts-tops-women-riding-clothing-rider\/pomme-womens-t-shirt-tee\/\" \/>\n<meta property=\"og:site_name\" content=\"Parima hinnaga ratsavarustuse e-pood\" \/>\n<meta property=\"article:publisher\" content=\"https:\/\/www.facebook.com\/people\/EquiDash\/61560864479586\/\" \/>\n<meta property=\"article:modified_time\" content=\"2025-06-08T14:38:31+00:00\" \/>\n<meta property=\"og:image\" content=\"https:\/\/equidash.eu\/wp-content\/uploads\/2024\/11\/P_Tshirt-Tee-Black_1-1-1.png\" \/>\n\t<meta property=\"og:image:width\" content=\"2048\" \/>\n\t<meta property=\"og:image:height\" content=\"2048\" \/>\n\t<meta property=\"og:image:type\" content=\"image\/png\" \/>\n<meta name=\"twitter:card\" content=\"summary_large_image\" \/>\n<meta name=\"twitter:label1\" content=\"Disponibilidad\" \/>\n\t<meta name=\"twitter:data1\" content=\"Disponible para reservar\" \/>\n<script type=\"application\/ld+json\" class=\"yoast-schema-graph\">{\"@context\":\"https:\/\/schema.org\",\"@graph\":[{\"@type\":\"WebPage\",\"@id\":\"https:\/\/equidash.eu\/shop\/rider\/riding-clothing-rider\/women-riding-clothing-rider\/t-shirts-tops-women-riding-clothing-rider\/pomme-womens-t-shirt-tee\/\",\"url\":\"https:\/\/equidash.eu\/shop\/rider\/riding-clothing-rider\/women-riding-clothing-rider\/t-shirts-tops-women-riding-clothing-rider\/pomme-womens-t-shirt-tee\/\",\"name\":\"Pomme Women's T-shirt Tee | Parima hinnaga ratsavarustuse e-pood\",\"isPartOf\":{\"@id\":\"https:\/\/equidash.eu\/#website\"},\"primaryImageOfPage\":{\"@id\":\"https:\/\/equidash.eu\/shop\/rider\/riding-clothing-rider\/women-riding-clothing-rider\/t-shirts-tops-women-riding-clothing-rider\/pomme-womens-t-shirt-tee\/#primaryimage\"},\"image\":{\"@id\":\"https:\/\/equidash.eu\/shop\/rider\/riding-clothing-rider\/women-riding-clothing-rider\/t-shirts-tops-women-riding-clothing-rider\/pomme-womens-t-shirt-tee\/#primaryimage\"},\"thumbnailUrl\":\"https:\/\/equidash.eu\/wp-content\/uploads\/2024\/11\/P_Tshirt-Tee-Black_1-1-1.png\",\"datePublished\":\"2024-11-22T20:13:31+00:00\",\"dateModified\":\"2025-06-08T14:38:31+00:00\",\"description\":\"Equidash - ratsavarustuse veebipood Eestis ja Hispaanias. Pomme ratsariided naistele. Pomme Women's T-shirt Tee\",\"breadcrumb\":{\"@id\":\"https:\/\/equidash.eu\/shop\/rider\/riding-clothing-rider\/women-riding-clothing-rider\/t-shirts-tops-women-riding-clothing-rider\/pomme-womens-t-shirt-tee\/#breadcrumb\"},\"inLanguage\":\"es\",\"potentialAction\":[{\"@type\":\"ReadAction\",\"target\":[\"https:\/\/equidash.eu\/shop\/rider\/riding-clothing-rider\/women-riding-clothing-rider\/t-shirts-tops-women-riding-clothing-rider\/pomme-womens-t-shirt-tee\/\"]}]},{\"@type\":\"ImageObject\",\"inLanguage\":\"es\",\"@id\":\"https:\/\/equidash.eu\/shop\/rider\/riding-clothing-rider\/women-riding-clothing-rider\/t-shirts-tops-women-riding-clothing-rider\/pomme-womens-t-shirt-tee\/#primaryimage\",\"url\":\"https:\/\/equidash.eu\/wp-content\/uploads\/2024\/11\/P_Tshirt-Tee-Black_1-1-1.png\",\"contentUrl\":\"https:\/\/equidash.eu\/wp-content\/uploads\/2024\/11\/P_Tshirt-Tee-Black_1-1-1.png\",\"width\":2048,\"height\":2048},{\"@type\":\"BreadcrumbList\",\"@id\":\"https:\/\/equidash.eu\/shop\/rider\/riding-clothing-rider\/women-riding-clothing-rider\/t-shirts-tops-women-riding-clothing-rider\/pomme-womens-t-shirt-tee\/#breadcrumb\",\"itemListElement\":[{\"@type\":\"ListItem\",\"position\":1,\"name\":\"Home\",\"item\":\"https:\/\/equidash.eu\/\"},{\"@type\":\"ListItem\",\"position\":2,\"name\":\"Shop\",\"item\":\"https:\/\/equidash.eu\/shop\/\"},{\"@type\":\"ListItem\",\"position\":3,\"name\":\"Pomme Women&#8217;s T-shirt Tee\"}]},{\"@type\":\"WebSite\",\"@id\":\"https:\/\/equidash.eu\/#website\",\"url\":\"https:\/\/equidash.eu\/\",\"name\":\"EquiDash\",\"description\":\"Horse Riding Equipment and Accessories\",\"publisher\":{\"@id\":\"https:\/\/equidash.eu\/#organization\"},\"alternateName\":\"EquiDash\",\"potentialAction\":[{\"@type\":\"SearchAction\",\"target\":{\"@type\":\"EntryPoint\",\"urlTemplate\":\"https:\/\/equidash.eu\/?s={search_term_string}\"},\"query-input\":{\"@type\":\"PropertyValueSpecification\",\"valueRequired\":true,\"valueName\":\"search_term_string\"}}],\"inLanguage\":\"es\"},{\"@type\":\"Organization\",\"@id\":\"https:\/\/equidash.eu\/#organization\",\"name\":\"EquiDash\",\"alternateName\":\"EquiDash\",\"url\":\"https:\/\/equidash.eu\/\",\"logo\":{\"@type\":\"ImageObject\",\"inLanguage\":\"es\",\"@id\":\"https:\/\/equidash.eu\/#\/schema\/logo\/image\/\",\"url\":\"https:\/\/equidash.eu\/wp-content\/uploads\/2024\/09\/EQUIDASH_Logo_Raud-1.png\",\"contentUrl\":\"https:\/\/equidash.eu\/wp-content\/uploads\/2024\/09\/EQUIDASH_Logo_Raud-1.png\",\"width\":393,\"height\":422,\"caption\":\"EquiDash\"},\"image\":{\"@id\":\"https:\/\/equidash.eu\/#\/schema\/logo\/image\/\"},\"sameAs\":[\"https:\/\/www.facebook.com\/people\/EquiDash\/61560864479586\/\",\"https:\/\/www.instagram.com\/equidash.eshop\/\"],\"email\":\"info@equidash.eu\",\"telephone\":\"+372 59007334\",\"legalName\":\"Takian Corporation O\u00dc\",\"foundingDate\":\"2020-10-21\",\"vatID\":\"EE102301283\",\"numberOfEmployees\":{\"@type\":\"QuantitativeValue\",\"minValue\":\"1\",\"maxValue\":\"10\"},\"hasMerchantReturnPolicy\":{\"@type\":\"MerchantReturnPolicy\",\"merchantReturnLink\":\"https:\/\/equidash.eu\/es\/return-privacy\/\"}}]}<\/script>\n<meta property=\"product:brand\" content=\"Pomme\" \/>\n<meta property=\"og:availability\" content=\"backorder\" \/>\n<meta property=\"product:availability\" content=\"available for order\" \/>\n<meta property=\"product:condition\" content=\"new\" \/>\n<!-- \/ Yoast SEO Premium plugin. -->","yoast_head_json":{"title":"Pomme Women's T-shirt Tee | Parima hinnaga ratsavarustuse e-pood","description":"Equidash - ratsavarustuse veebipood Eestis ja Hispaanias. Pomme ratsariided naistele. Pomme Women's T-shirt Tee","robots":{"index":"index","follow":"follow","max-snippet":"max-snippet:-1","max-image-preview":"max-image-preview:large","max-video-preview":"max-video-preview:-1"},"canonical":"https:\/\/equidash.eu\/es\/shop\/jinete\/ropa-de-montar-jinete\/women-riding-clothing-rider\/t-shirts-tops-women-riding-clothing-rider\/pomme-womens-t-shirt-tee\/","og_locale":"es_ES","og_type":"article","og_title":"Pomme Women's T-shirt Tee","og_description":"Equidash - ratsavarustuse veebipood Eestis ja Hispaanias. Pomme ratsariided naistele. Pomme Women's T-shirt Tee","og_url":"https:\/\/equidash.eu\/es\/shop\/jinete\/ropa-de-montar-jinete\/women-riding-clothing-rider\/t-shirts-tops-women-riding-clothing-rider\/pomme-womens-t-shirt-tee\/","og_site_name":"Parima hinnaga ratsavarustuse e-pood","article_publisher":"https:\/\/www.facebook.com\/people\/EquiDash\/61560864479586\/","article_modified_time":"2025-06-08T14:38:31+00:00","og_image":[{"width":2048,"height":2048,"url":"https:\/\/equidash.eu\/wp-content\/uploads\/2024\/11\/P_Tshirt-Tee-Black_1-1-1.png","type":"image\/png"}],"twitter_card":"summary_large_image","twitter_misc":{"Disponibilidad":"Disponible para reservar"},"schema":{"@context":"https:\/\/schema.org","@graph":[{"@type":"WebPage","@id":"https:\/\/equidash.eu\/shop\/rider\/riding-clothing-rider\/women-riding-clothing-rider\/t-shirts-tops-women-riding-clothing-rider\/pomme-womens-t-shirt-tee\/","url":"https:\/\/equidash.eu\/shop\/rider\/riding-clothing-rider\/women-riding-clothing-rider\/t-shirts-tops-women-riding-clothing-rider\/pomme-womens-t-shirt-tee\/","name":"Pomme Women's T-shirt Tee | Parima hinnaga ratsavarustuse e-pood","isPartOf":{"@id":"https:\/\/equidash.eu\/#website"},"primaryImageOfPage":{"@id":"https:\/\/equidash.eu\/shop\/rider\/riding-clothing-rider\/women-riding-clothing-rider\/t-shirts-tops-women-riding-clothing-rider\/pomme-womens-t-shirt-tee\/#primaryimage"},"image":{"@id":"https:\/\/equidash.eu\/shop\/rider\/riding-clothing-rider\/women-riding-clothing-rider\/t-shirts-tops-women-riding-clothing-rider\/pomme-womens-t-shirt-tee\/#primaryimage"},"thumbnailUrl":"https:\/\/equidash.eu\/wp-content\/uploads\/2024\/11\/P_Tshirt-Tee-Black_1-1-1.png","datePublished":"2024-11-22T20:13:31+00:00","dateModified":"2025-06-08T14:38:31+00:00","description":"Equidash - ratsavarustuse veebipood Eestis ja Hispaanias. Pomme ratsariided naistele. Pomme Women's T-shirt Tee","breadcrumb":{"@id":"https:\/\/equidash.eu\/shop\/rider\/riding-clothing-rider\/women-riding-clothing-rider\/t-shirts-tops-women-riding-clothing-rider\/pomme-womens-t-shirt-tee\/#breadcrumb"},"inLanguage":"es","potentialAction":[{"@type":"ReadAction","target":["https:\/\/equidash.eu\/shop\/rider\/riding-clothing-rider\/women-riding-clothing-rider\/t-shirts-tops-women-riding-clothing-rider\/pomme-womens-t-shirt-tee\/"]}]},{"@type":"ImageObject","inLanguage":"es","@id":"https:\/\/equidash.eu\/shop\/rider\/riding-clothing-rider\/women-riding-clothing-rider\/t-shirts-tops-women-riding-clothing-rider\/pomme-womens-t-shirt-tee\/#primaryimage","url":"https:\/\/equidash.eu\/wp-content\/uploads\/2024\/11\/P_Tshirt-Tee-Black_1-1-1.png","contentUrl":"https:\/\/equidash.eu\/wp-content\/uploads\/2024\/11\/P_Tshirt-Tee-Black_1-1-1.png","width":2048,"height":2048},{"@type":"BreadcrumbList","@id":"https:\/\/equidash.eu\/shop\/rider\/riding-clothing-rider\/women-riding-clothing-rider\/t-shirts-tops-women-riding-clothing-rider\/pomme-womens-t-shirt-tee\/#breadcrumb","itemListElement":[{"@type":"ListItem","position":1,"name":"Home","item":"https:\/\/equidash.eu\/"},{"@type":"ListItem","position":2,"name":"Shop","item":"https:\/\/equidash.eu\/shop\/"},{"@type":"ListItem","position":3,"name":"Pomme Women&#8217;s T-shirt Tee"}]},{"@type":"WebSite","@id":"https:\/\/equidash.eu\/#website","url":"https:\/\/equidash.eu\/","name":"EquiDash","description":"Horse Riding Equipment and Accessories","publisher":{"@id":"https:\/\/equidash.eu\/#organization"},"alternateName":"EquiDash","potentialAction":[{"@type":"SearchAction","target":{"@type":"EntryPoint","urlTemplate":"https:\/\/equidash.eu\/?s={search_term_string}"},"query-input":{"@type":"PropertyValueSpecification","valueRequired":true,"valueName":"search_term_string"}}],"inLanguage":"es"},{"@type":"Organization","@id":"https:\/\/equidash.eu\/#organization","name":"EquiDash","alternateName":"EquiDash","url":"https:\/\/equidash.eu\/","logo":{"@type":"ImageObject","inLanguage":"es","@id":"https:\/\/equidash.eu\/#\/schema\/logo\/image\/","url":"https:\/\/equidash.eu\/wp-content\/uploads\/2024\/09\/EQUIDASH_Logo_Raud-1.png","contentUrl":"https:\/\/equidash.eu\/wp-content\/uploads\/2024\/09\/EQUIDASH_Logo_Raud-1.png","width":393,"height":422,"caption":"EquiDash"},"image":{"@id":"https:\/\/equidash.eu\/#\/schema\/logo\/image\/"},"sameAs":["https:\/\/www.facebook.com\/people\/EquiDash\/61560864479586\/","https:\/\/www.instagram.com\/equidash.eshop\/"],"email":"info@equidash.eu","telephone":"+372 59007334","legalName":"Takian Corporation O\u00dc","foundingDate":"2020-10-21","vatID":"EE102301283","numberOfEmployees":{"@type":"QuantitativeValue","minValue":"1","maxValue":"10"},"hasMerchantReturnPolicy":{"@type":"MerchantReturnPolicy","merchantReturnLink":"https:\/\/equidash.eu\/es\/return-privacy\/"}}]},"product_brand":"Pomme","og_availability":"backorder","product_availability":"available for order","product_condition":"new"},"_links":{"self":[{"href":"https:\/\/equidash.eu\/es\/wp-json\/wp\/v2\/product\/635","targetHints":{"allow":["GET"]}}],"collection":[{"href":"https:\/\/equidash.eu\/es\/wp-json\/wp\/v2\/product"}],"about":[{"href":"https:\/\/equidash.eu\/es\/wp-json\/wp\/v2\/types\/product"}],"wp:featuredmedia":[{"embeddable":true,"href":"https:\/\/equidash.eu\/es\/wp-json\/wp\/v2\/media\/995"}],"wp:attachment":[{"href":"https:\/\/equidash.eu\/es\/wp-json\/wp\/v2\/media?parent=635"}],"wp:term":[{"taxonomy":"product_brand","embeddable":true,"href":"https:\/\/equidash.eu\/es\/wp-json\/wp\/v2\/product_brand?post=635"},{"taxonomy":"product_cat","embeddable":true,"href":"https:\/\/equidash.eu\/es\/wp-json\/wp\/v2\/product_cat?post=635"},{"taxonomy":"product_tag","embeddable":true,"href":"https:\/\/equidash.eu\/es\/wp-json\/wp\/v2\/product_tag?post=635"}],"curies":[{"name":"wp","href":"https:\/\/api.w.org\/{rel}","templated":true}]}}