{"id":1323,"date":"2024-12-08T22:38:38","date_gmt":"2024-12-08T20:38:38","guid":{"rendered":"https:\/\/equidash.eu\/?post_type=product&#038;p=1323"},"modified":"2025-06-08T16:25:22","modified_gmt":"2025-06-08T14:25:22","slug":"lami-cell-stable-rug-bamboo-240g","status":"publish","type":"product","link":"https:\/\/equidash.eu\/et\/shop\/horse\/lami-cell-stable-rug-bamboo-240g\/","title":{"rendered":"Lami-Cell tallitekk Bamboo 240g"},"content":{"rendered":"<p>Lami-Cell tallitekk Bamboo on pehme ja hingav 1200D materjalist v\u00e4ga vastupidav tekk. Tallitekil on t\u00e4idetud 240g Synthermax kiudmaterjaliga vooder, mis pakub head soojust. Sisemus on vooderdatud bambus-s\u00f6e materjaliga. Tegemist on siidise ja mugava, hingava, antibakteriaale materjaliga. Tallitekil on kr\u00f5psuga reguleeritav \u00f5lgade osa. Lisaks on k\u00f5rged l\u00f5hikud esijalgade juures, mis annab parema ja mugavama liikuvuse. Kergesti reguleeritav kinnitus rinnal.<\/p>\n<ul>\n<li>Ees reguleeritava pikkusega kiirkinnitused<\/li>\n<li>K\u00f5rged l\u00f5hikud esijalgade juures tagavad rohkem liikumisvabadust.<\/li>\n<li>Teki esiosa on elastsest ja pehmest materjalist (Nylon lycra)<\/li>\n<li>Vooder on looduslikust bambusekivis\u00f6e materjalist, mis on tuntud oma antibakteriaalsete omaduste poolest.<\/li>\n<li>100% pol\u00fcestrist, voodri paksus 240g<\/li>\n<\/ul>\n<p>Lami-Cell br\u00e4ng on lisaks kvaliteetsete toodete loomisele keskendunud ka keskkonnahoiule. Hobutoodete br\u00e4nd Lami-Cell p\u00fc\u00fcab ka kaitsta keskkonda, mida jagame maailmaga tulevaste p\u00f5lvkondade jaoks. Lami-Cell uusim tehnoloogia on taaskasutatud ja loodusliku bambuspuus\u00f6e kasutamine tekstiilis.<br \/>\nTaaskasutamine aitab v\u00e4hendada tarbimist, v\u00e4hendades seel\u00e4bi: energia kasutamist, \u00f5husaastet (p\u00f5letamise k\u00e4igus) ja veereostust (pr\u00fcgi mahamatmise kaudu). Bambuspuus\u00fcsi toimib suurep\u00e4rase filtrina, neelates soovimatuid toksiine ja l\u00f5hnu, aidates seel\u00e4bi \u00f5hku puhastada.<br \/>\nTeie valik Lami-Celliga v\u00f5ib anda m\u00e4rkimisv\u00e4\u00e4rse panuse meie paremasse homsesse.<\/p>","protected":false},"excerpt":{"rendered":"<p>Lami-Cell stable rug bamboo Soft &amp; Breathable 1200D rip stop, 240g synthermax fiberfill and Bamboo Charcoal lining. Adjustable neck, high shoulder gussets, sheepskin wither, soft lyrca front chest, leg straps. Open front with quick adjustment High shoulder gussets allow more freedom of movement Comfortable Nylon lyrca front chest Bamboo Charcoal lining 240 gramm As a [&#8230;]\n","protected":false},"featured_media":1335,"template":"","meta":{"_acf_changed":false,"_joinchat":[]},"product_brand":[512],"product_cat":[27,233,235],"product_tag":[278,276,273,277],"class_list":{"0":"post-1323","1":"product","2":"type-product","3":"status-publish","4":"has-post-thumbnail","6":"product_brand-lami-cell","7":"product_cat-horse","8":"product_cat-horse-rugs","9":"product_cat-stable-rugs","10":"product_tag-240g","11":"product_tag-bamboo","12":"product_tag-lami-cell","13":"product_tag-stable-rug","14":"pa_colors-black","15":"pa_colors-blue","16":"pa_size-152","17":"pa_size-156","18":"pa_size-157","19":"pa_size-158","21":"first","22":"onbackorder","23":"taxable","24":"shipping-taxable","25":"purchasable","26":"product-type-variable"},"acf":[],"yoast_head":"<!-- This site is optimized with the Yoast SEO Premium plugin v26.2 (Yoast SEO v27.2) - https:\/\/yoast.com\/product\/yoast-seo-premium-wordpress\/ -->\n<title>Lami-Cell Stable rug Bamboo 240g: Comfort and Sustainability | Parima hinnaga ratsavarustuse e-pood<\/title>\n<meta name=\"description\" content=\"Protect the environment and provide optimal comfort for your horse with the Lami-Cell Stable rug Bamboo 240g. Shop now and make a difference!\" \/>\n<meta name=\"robots\" content=\"index, follow, max-snippet:-1, max-image-preview:large, max-video-preview:-1\" \/>\n<link rel=\"canonical\" href=\"https:\/\/equidash.eu\/et\/shop\/hobune\/lami-cell-stable-rug-bamboo-240g\/\" \/>\n<meta property=\"og:locale\" content=\"et_EE\" \/>\n<meta property=\"og:type\" content=\"article\" \/>\n<meta property=\"og:title\" content=\"Lami-Cell Stable rug Bamboo 240g\" \/>\n<meta property=\"og:description\" content=\"Protect the environment and provide optimal comfort for your horse with the Lami-Cell Stable rug Bamboo 240g. Shop now and make a difference!\" \/>\n<meta property=\"og:url\" content=\"https:\/\/equidash.eu\/et\/shop\/hobune\/lami-cell-stable-rug-bamboo-240g\/\" \/>\n<meta property=\"og:site_name\" content=\"Parima hinnaga ratsavarustuse e-pood\" \/>\n<meta property=\"article:publisher\" content=\"https:\/\/www.facebook.com\/people\/EquiDash\/61560864479586\/\" \/>\n<meta property=\"article:modified_time\" content=\"2025-06-08T14:25:22+00:00\" \/>\n<meta property=\"og:image\" content=\"https:\/\/equidash.eu\/wp-content\/uploads\/2024\/12\/Lami-Cell_Turnout-rug_Bamboo_Blue_1-1.jpg\" \/>\n\t<meta property=\"og:image:width\" content=\"2560\" \/>\n\t<meta property=\"og:image:height\" content=\"2560\" \/>\n\t<meta property=\"og:image:type\" content=\"image\/jpeg\" \/>\n<meta name=\"twitter:card\" content=\"summary_large_image\" \/>\n<meta name=\"twitter:label1\" content=\"Availability\" \/>\n\t<meta name=\"twitter:data1\" content=\"On backorder\" \/>\n<script type=\"application\/ld+json\" class=\"yoast-schema-graph\">{\"@context\":\"https:\/\/schema.org\",\"@graph\":[{\"@type\":\"WebPage\",\"@id\":\"https:\/\/equidash.eu\/shop\/horse\/lami-cell-stable-rug-bamboo-240g\/\",\"url\":\"https:\/\/equidash.eu\/shop\/horse\/lami-cell-stable-rug-bamboo-240g\/\",\"name\":\"Lami-Cell Stable rug Bamboo 240g: Comfort and Sustainability | Parima hinnaga ratsavarustuse e-pood\",\"isPartOf\":{\"@id\":\"https:\/\/equidash.eu\/#website\"},\"primaryImageOfPage\":{\"@id\":\"https:\/\/equidash.eu\/shop\/horse\/lami-cell-stable-rug-bamboo-240g\/#primaryimage\"},\"image\":{\"@id\":\"https:\/\/equidash.eu\/shop\/horse\/lami-cell-stable-rug-bamboo-240g\/#primaryimage\"},\"thumbnailUrl\":\"https:\/\/equidash.eu\/wp-content\/uploads\/2024\/12\/Lami-Cell_Turnout-rug_Bamboo_Blue_1-1.jpg\",\"datePublished\":\"2024-12-08T20:38:38+00:00\",\"dateModified\":\"2025-06-08T14:25:22+00:00\",\"description\":\"Protect the environment and provide optimal comfort for your horse with the Lami-Cell Stable rug Bamboo 240g. Shop now and make a difference!\",\"breadcrumb\":{\"@id\":\"https:\/\/equidash.eu\/shop\/horse\/lami-cell-stable-rug-bamboo-240g\/#breadcrumb\"},\"inLanguage\":\"et\",\"potentialAction\":[{\"@type\":\"ReadAction\",\"target\":[\"https:\/\/equidash.eu\/shop\/horse\/lami-cell-stable-rug-bamboo-240g\/\"]}]},{\"@type\":\"ImageObject\",\"inLanguage\":\"et\",\"@id\":\"https:\/\/equidash.eu\/shop\/horse\/lami-cell-stable-rug-bamboo-240g\/#primaryimage\",\"url\":\"https:\/\/equidash.eu\/wp-content\/uploads\/2024\/12\/Lami-Cell_Turnout-rug_Bamboo_Blue_1-1.jpg\",\"contentUrl\":\"https:\/\/equidash.eu\/wp-content\/uploads\/2024\/12\/Lami-Cell_Turnout-rug_Bamboo_Blue_1-1.jpg\",\"width\":2560,\"height\":2560,\"caption\":\"Lami-Cell Stable Blanket Bamboo - soft, breathable, and designed for comfort with adjustable neck and high shoulder gussets.\"},{\"@type\":\"BreadcrumbList\",\"@id\":\"https:\/\/equidash.eu\/shop\/horse\/lami-cell-stable-rug-bamboo-240g\/#breadcrumb\",\"itemListElement\":[{\"@type\":\"ListItem\",\"position\":1,\"name\":\"Home\",\"item\":\"https:\/\/equidash.eu\/\"},{\"@type\":\"ListItem\",\"position\":2,\"name\":\"Shop\",\"item\":\"https:\/\/equidash.eu\/shop\/\"},{\"@type\":\"ListItem\",\"position\":3,\"name\":\"Lami-Cell Stable rug Bamboo 240g\"}]},{\"@type\":\"WebSite\",\"@id\":\"https:\/\/equidash.eu\/#website\",\"url\":\"https:\/\/equidash.eu\/\",\"name\":\"EquiDash\",\"description\":\"Horse Riding Equipment and Accessories\",\"publisher\":{\"@id\":\"https:\/\/equidash.eu\/#organization\"},\"alternateName\":\"EquiDash\",\"potentialAction\":[{\"@type\":\"SearchAction\",\"target\":{\"@type\":\"EntryPoint\",\"urlTemplate\":\"https:\/\/equidash.eu\/?s={search_term_string}\"},\"query-input\":{\"@type\":\"PropertyValueSpecification\",\"valueRequired\":true,\"valueName\":\"search_term_string\"}}],\"inLanguage\":\"et\"},{\"@type\":\"Organization\",\"@id\":\"https:\/\/equidash.eu\/#organization\",\"name\":\"EquiDash\",\"alternateName\":\"EquiDash\",\"url\":\"https:\/\/equidash.eu\/\",\"logo\":{\"@type\":\"ImageObject\",\"inLanguage\":\"et\",\"@id\":\"https:\/\/equidash.eu\/#\/schema\/logo\/image\/\",\"url\":\"https:\/\/equidash.eu\/wp-content\/uploads\/2024\/09\/EQUIDASH_Logo_Raud-1.png\",\"contentUrl\":\"https:\/\/equidash.eu\/wp-content\/uploads\/2024\/09\/EQUIDASH_Logo_Raud-1.png\",\"width\":393,\"height\":422,\"caption\":\"EquiDash\"},\"image\":{\"@id\":\"https:\/\/equidash.eu\/#\/schema\/logo\/image\/\"},\"sameAs\":[\"https:\/\/www.facebook.com\/people\/EquiDash\/61560864479586\/\",\"https:\/\/www.instagram.com\/equidash.eshop\/\"],\"email\":\"info@equidash.eu\",\"telephone\":\"+372 59007334\",\"legalName\":\"Takian Corporation O\u00dc\",\"foundingDate\":\"2020-10-21\",\"vatID\":\"EE102301283\",\"numberOfEmployees\":{\"@type\":\"QuantitativeValue\",\"minValue\":\"1\",\"maxValue\":\"10\"},\"hasMerchantReturnPolicy\":{\"@type\":\"MerchantReturnPolicy\",\"merchantReturnLink\":\"https:\/\/equidash.eu\/et\/return-privacy\/\"}}]}<\/script>\n<meta property=\"product:brand\" content=\"Lami-Cell\" \/>\n<meta property=\"og:availability\" content=\"backorder\" \/>\n<meta property=\"product:availability\" content=\"available for order\" \/>\n<meta property=\"product:condition\" content=\"new\" \/>\n<!-- \/ Yoast SEO Premium plugin. -->","yoast_head_json":{"title":"Lami-Cell Stable rug Bamboo 240g: Comfort and Sustainability | Parima hinnaga ratsavarustuse e-pood","description":"Protect the environment and provide optimal comfort for your horse with the Lami-Cell Stable rug Bamboo 240g. Shop now and make a difference!","robots":{"index":"index","follow":"follow","max-snippet":"max-snippet:-1","max-image-preview":"max-image-preview:large","max-video-preview":"max-video-preview:-1"},"canonical":"https:\/\/equidash.eu\/et\/shop\/hobune\/lami-cell-stable-rug-bamboo-240g\/","og_locale":"et_EE","og_type":"article","og_title":"Lami-Cell Stable rug Bamboo 240g","og_description":"Protect the environment and provide optimal comfort for your horse with the Lami-Cell Stable rug Bamboo 240g. Shop now and make a difference!","og_url":"https:\/\/equidash.eu\/et\/shop\/hobune\/lami-cell-stable-rug-bamboo-240g\/","og_site_name":"Parima hinnaga ratsavarustuse e-pood","article_publisher":"https:\/\/www.facebook.com\/people\/EquiDash\/61560864479586\/","article_modified_time":"2025-06-08T14:25:22+00:00","og_image":[{"width":2560,"height":2560,"url":"https:\/\/equidash.eu\/wp-content\/uploads\/2024\/12\/Lami-Cell_Turnout-rug_Bamboo_Blue_1-1.jpg","type":"image\/jpeg"}],"twitter_card":"summary_large_image","twitter_misc":{"Availability":"On backorder"},"schema":{"@context":"https:\/\/schema.org","@graph":[{"@type":"WebPage","@id":"https:\/\/equidash.eu\/shop\/horse\/lami-cell-stable-rug-bamboo-240g\/","url":"https:\/\/equidash.eu\/shop\/horse\/lami-cell-stable-rug-bamboo-240g\/","name":"Lami-Cell Stable rug Bamboo 240g: Comfort and Sustainability | Parima hinnaga ratsavarustuse e-pood","isPartOf":{"@id":"https:\/\/equidash.eu\/#website"},"primaryImageOfPage":{"@id":"https:\/\/equidash.eu\/shop\/horse\/lami-cell-stable-rug-bamboo-240g\/#primaryimage"},"image":{"@id":"https:\/\/equidash.eu\/shop\/horse\/lami-cell-stable-rug-bamboo-240g\/#primaryimage"},"thumbnailUrl":"https:\/\/equidash.eu\/wp-content\/uploads\/2024\/12\/Lami-Cell_Turnout-rug_Bamboo_Blue_1-1.jpg","datePublished":"2024-12-08T20:38:38+00:00","dateModified":"2025-06-08T14:25:22+00:00","description":"Protect the environment and provide optimal comfort for your horse with the Lami-Cell Stable rug Bamboo 240g. Shop now and make a difference!","breadcrumb":{"@id":"https:\/\/equidash.eu\/shop\/horse\/lami-cell-stable-rug-bamboo-240g\/#breadcrumb"},"inLanguage":"et","potentialAction":[{"@type":"ReadAction","target":["https:\/\/equidash.eu\/shop\/horse\/lami-cell-stable-rug-bamboo-240g\/"]}]},{"@type":"ImageObject","inLanguage":"et","@id":"https:\/\/equidash.eu\/shop\/horse\/lami-cell-stable-rug-bamboo-240g\/#primaryimage","url":"https:\/\/equidash.eu\/wp-content\/uploads\/2024\/12\/Lami-Cell_Turnout-rug_Bamboo_Blue_1-1.jpg","contentUrl":"https:\/\/equidash.eu\/wp-content\/uploads\/2024\/12\/Lami-Cell_Turnout-rug_Bamboo_Blue_1-1.jpg","width":2560,"height":2560,"caption":"Lami-Cell Stable Blanket Bamboo - soft, breathable, and designed for comfort with adjustable neck and high shoulder gussets."},{"@type":"BreadcrumbList","@id":"https:\/\/equidash.eu\/shop\/horse\/lami-cell-stable-rug-bamboo-240g\/#breadcrumb","itemListElement":[{"@type":"ListItem","position":1,"name":"Home","item":"https:\/\/equidash.eu\/"},{"@type":"ListItem","position":2,"name":"Shop","item":"https:\/\/equidash.eu\/shop\/"},{"@type":"ListItem","position":3,"name":"Lami-Cell Stable rug Bamboo 240g"}]},{"@type":"WebSite","@id":"https:\/\/equidash.eu\/#website","url":"https:\/\/equidash.eu\/","name":"EquiDash","description":"Horse Riding Equipment and Accessories","publisher":{"@id":"https:\/\/equidash.eu\/#organization"},"alternateName":"EquiDash","potentialAction":[{"@type":"SearchAction","target":{"@type":"EntryPoint","urlTemplate":"https:\/\/equidash.eu\/?s={search_term_string}"},"query-input":{"@type":"PropertyValueSpecification","valueRequired":true,"valueName":"search_term_string"}}],"inLanguage":"et"},{"@type":"Organization","@id":"https:\/\/equidash.eu\/#organization","name":"EquiDash","alternateName":"EquiDash","url":"https:\/\/equidash.eu\/","logo":{"@type":"ImageObject","inLanguage":"et","@id":"https:\/\/equidash.eu\/#\/schema\/logo\/image\/","url":"https:\/\/equidash.eu\/wp-content\/uploads\/2024\/09\/EQUIDASH_Logo_Raud-1.png","contentUrl":"https:\/\/equidash.eu\/wp-content\/uploads\/2024\/09\/EQUIDASH_Logo_Raud-1.png","width":393,"height":422,"caption":"EquiDash"},"image":{"@id":"https:\/\/equidash.eu\/#\/schema\/logo\/image\/"},"sameAs":["https:\/\/www.facebook.com\/people\/EquiDash\/61560864479586\/","https:\/\/www.instagram.com\/equidash.eshop\/"],"email":"info@equidash.eu","telephone":"+372 59007334","legalName":"Takian Corporation O\u00dc","foundingDate":"2020-10-21","vatID":"EE102301283","numberOfEmployees":{"@type":"QuantitativeValue","minValue":"1","maxValue":"10"},"hasMerchantReturnPolicy":{"@type":"MerchantReturnPolicy","merchantReturnLink":"https:\/\/equidash.eu\/et\/return-privacy\/"}}]},"product_brand":"Lami-Cell","og_availability":"backorder","product_availability":"available for order","product_condition":"new"},"_links":{"self":[{"href":"https:\/\/equidash.eu\/et\/wp-json\/wp\/v2\/product\/1323","targetHints":{"allow":["GET"]}}],"collection":[{"href":"https:\/\/equidash.eu\/et\/wp-json\/wp\/v2\/product"}],"about":[{"href":"https:\/\/equidash.eu\/et\/wp-json\/wp\/v2\/types\/product"}],"wp:featuredmedia":[{"embeddable":true,"href":"https:\/\/equidash.eu\/et\/wp-json\/wp\/v2\/media\/1335"}],"wp:attachment":[{"href":"https:\/\/equidash.eu\/et\/wp-json\/wp\/v2\/media?parent=1323"}],"wp:term":[{"taxonomy":"product_brand","embeddable":true,"href":"https:\/\/equidash.eu\/et\/wp-json\/wp\/v2\/product_brand?post=1323"},{"taxonomy":"product_cat","embeddable":true,"href":"https:\/\/equidash.eu\/et\/wp-json\/wp\/v2\/product_cat?post=1323"},{"taxonomy":"product_tag","embeddable":true,"href":"https:\/\/equidash.eu\/et\/wp-json\/wp\/v2\/product_tag?post=1323"}],"curies":[{"name":"wp","href":"https:\/\/api.w.org\/{rel}","templated":true}]}}