{"id":1438,"date":"2024-12-17T15:12:20","date_gmt":"2024-12-17T13:12:20","guid":{"rendered":"https:\/\/equidash.eu\/?post_type=product&#038;p=1438"},"modified":"2025-09-01T09:47:29","modified_gmt":"2025-09-01T07:47:29","slug":"cowboy-magic-super-bodyshine","status":"publish","type":"product","link":"https:\/\/equidash.eu\/et\/shop\/horse\/cowboy-magic-super-bodyshine\/","title":{"rendered":"Cowboy Magic\u00ae  saba-, keha-, lakapalsam ja l\u00e4ige Super Bodyshine"},"content":{"rendered":"<p>Cowboy Magic\u00ae Super Bodyshine annab kohese superl\u00e4ike karvastikule. Aitab t\u00f5rjuda tolmu ja kuivab kiiresti. Saab kasutada ka lakapalsamina.<\/p>\n<ul>\n<li><strong data-redactor-tag=\"strong\">Kontsentreeritud:\u00a0<\/strong>koheselt kasutusvalmis kontsentreeritud palsam ja l\u00e4ige.<\/li>\n<\/ul>\n<ul>\n<li><strong data-redactor-tag=\"strong\">Kohene toime:\u00a0<\/strong>Toodetud looduslike koostisosade p\u00f5hjal \u2013 lihtsalt pihustage see peale, astuge samm tagasi ja kohene l\u00e4ige on silmaga n\u00e4htav. SUPER BODYSHINE\u00ae kuivab kiiresti ja peegeldab kogu valguse spektrit, andes maksimaalse keha s\u00e4ra p\u00e4ikese v\u00f5i v\u00f5istlusv\u00e4ljaku valguse all.<\/li>\n<\/ul>\n<ul>\n<li><strong data-redactor-tag=\"strong\">S\u00fcvapalsam:\u00a0<\/strong>Tootele on lisatud Aloe Vera't, et tugevdada ja hooldada karvastikku ning nahka.<\/li>\n<\/ul>\n<ul>\n<li><strong data-redactor-tag=\"strong\">Aitab t\u00f5rjuda tolmu:\u00a0<\/strong>Super Bodyshine\u00ae teeb v\u00f5istlusv\u00e4ljakul ja tallis oleva tolmu kinnitumise raskemaks, s\u00e4\u00e4stes seel\u00e4bi hooldusaega ja vaeva.<\/li>\n<\/ul>\n<ul>\n<li><strong data-redactor-tag=\"strong\">Pikaajaline toime:\u00a0<\/strong>Super Bodyshine\u00ae ei muutu kleepuvaks ega t\u00fckiliseks p\u00e4rast j\u00e4rjestikust mitmep\u00e4evast kasutamist, teheks kasutamise v\u00e4ga mugavaks.<\/li>\n<\/ul>\n<p><strong data-redactor-tag=\"strong\"><br \/>\n<\/strong><strong data-redactor-tag=\"strong\">COWBOY MAGIC\u00ae SUPER BODYSHINE on allergiatestitud ja dermatoloogiliselt heaks kiidetud!<\/strong><\/p>\n<p><strong data-redactor-tag=\"strong\">Koostis:<\/strong>\u00a0Vesi, Dimethikoon, Amodimethikoon, Trideketh-6, Parfum (L\u00f5hn), Aloe Barbadensis Lehe Mahl, Retin\u00fc\u00fclpalmitaat, Tokofer\u00fc\u00fclatsetaat, Met\u00fc\u00fclkloroisotiasoliin\/Met\u00fc\u00fclisotiasoliin, Chamomilla Recutita (Matricaria) Lill Extract, Heks\u00fc\u00fcltsinnamaal.<\/p>\n<p><iframe loading=\"lazy\" title=\"Cowboy Magic - Super Body Shine\" width=\"1020\" height=\"574\" src=\"https:\/\/www.youtube.com\/embed\/A2ToG8yXE7k?feature=oembed&#038;enablejsapi=1&#038;origin=https:\/\/equidash.eu\" frameborder=\"0\" allow=\"accelerometer; autoplay; clipboard-write; encrypted-media; gyroscope; picture-in-picture; web-share\" referrerpolicy=\"strict-origin-when-cross-origin\" allowfullscreen><\/iframe><\/p>","protected":false},"excerpt":{"rendered":"<p class=\"ai-optimize-23 ai-optimize-introduction\"><a href=\"\/et\/%26quot%3bhttps%3a\/\/equidash.eu\/tootesilt\/cowboy-magic\/%e2%80%9c\/\"><img decoding=\"async\" style=\"height: 60px; margin-top: 20px;\" src=\"https:\/\/equidash.eu\/wp-content\/uploads\/2024\/10\/Cowboy-Magic_Logo_Horiz_WEB_1204x630-1.png-1.png\" alt=\"&quot;\" \/><\/a><\/p>","protected":false},"featured_media":1437,"template":"","meta":{"_acf_changed":false,"_joinchat":[]},"product_brand":[513],"product_cat":[266,268,189,27,245,243,246],"product_tag":[287,288,289],"class_list":{"0":"post-1438","1":"product","2":"type-product","3":"status-publish","4":"has-post-thumbnail","6":"product_brand-cowboy-magic","7":"product_cat-dog","8":"product_cat-grooming-care","9":"product_cat-health-care-horse","10":"product_cat-horse","11":"product_cat-shampoos-conditioners","12":"product_cat-skin-mane-care","13":"product_cat-sprays","14":"product_tag-cowboy-magic","15":"product_tag-shine","16":"product_tag-super-bodyshine","17":"pa_size-100-ml","18":"pa_size-473-ml","19":"pa_size-946-ml","21":"first","22":"instock","23":"taxable","24":"shipping-taxable","25":"purchasable","26":"product-type-variable"},"acf":[],"yoast_head":"<!-- This site is optimized with the Yoast SEO Premium plugin v26.2 (Yoast SEO v27.6) - https:\/\/yoast.com\/product\/yoast-seo-premium-wordpress\/ -->\n<title>Cowboy Magic\u00ae Super Bodyshine: Repel Dust and Shine Bright | Parima hinnaga ratsavarustuse e-pood<\/title>\n<meta name=\"description\" content=\"Stand out in the show ring with Cowboy Magic\u00ae Super Bodyshine. Its concentrated formula dries fast and reflects light for a stunning shine. Buy now!\" \/>\n<meta name=\"robots\" content=\"index, follow, max-snippet:-1, max-image-preview:large, max-video-preview:-1\" \/>\n<link rel=\"canonical\" href=\"https:\/\/equidash.eu\/et\/shop\/hobune\/cowboy-magic-super-bodyshine\/\" \/>\n<meta property=\"og:locale\" content=\"et_EE\" \/>\n<meta property=\"og:type\" content=\"article\" \/>\n<meta property=\"og:title\" content=\"Cowboy Magic\u00ae Super Bodyshine\" \/>\n<meta property=\"og:description\" content=\"Stand out in the show ring with Cowboy Magic\u00ae Super Bodyshine. Its concentrated formula dries fast and reflects light for a stunning shine. Buy now!\" \/>\n<meta property=\"og:url\" content=\"https:\/\/equidash.eu\/et\/shop\/hobune\/cowboy-magic-super-bodyshine\/\" \/>\n<meta property=\"og:site_name\" content=\"Parima hinnaga ratsavarustuse e-pood\" \/>\n<meta property=\"article:publisher\" content=\"https:\/\/www.facebook.com\/people\/EquiDash\/61560864479586\/\" \/>\n<meta property=\"article:modified_time\" content=\"2025-09-01T07:47:29+00:00\" \/>\n<meta property=\"og:image\" content=\"https:\/\/equidash.eu\/wp-content\/uploads\/2024\/12\/SuperBodyshineCowboyMagic_all.png\" \/>\n\t<meta property=\"og:image:width\" content=\"1536\" \/>\n\t<meta property=\"og:image:height\" content=\"1536\" \/>\n\t<meta property=\"og:image:type\" content=\"image\/png\" \/>\n<meta name=\"twitter:card\" content=\"summary_large_image\" \/>\n<meta name=\"twitter:label1\" content=\"Availability\" \/>\n\t<meta name=\"twitter:data1\" content=\"In stock\" \/>\n<script type=\"application\/ld+json\" class=\"yoast-schema-graph\">{\"@context\":\"https:\\\/\\\/schema.org\",\"@graph\":[{\"@type\":\"WebPage\",\"@id\":\"https:\\\/\\\/equidash.eu\\\/shop\\\/horse\\\/cowboy-magic-super-bodyshine\\\/\",\"url\":\"https:\\\/\\\/equidash.eu\\\/shop\\\/horse\\\/cowboy-magic-super-bodyshine\\\/\",\"name\":\"Cowboy Magic\u00ae Super Bodyshine: Repel Dust and Shine Bright | Parima hinnaga ratsavarustuse e-pood\",\"isPartOf\":{\"@id\":\"https:\\\/\\\/equidash.eu\\\/#website\"},\"primaryImageOfPage\":{\"@id\":\"https:\\\/\\\/equidash.eu\\\/shop\\\/horse\\\/cowboy-magic-super-bodyshine\\\/#primaryimage\"},\"image\":{\"@id\":\"https:\\\/\\\/equidash.eu\\\/shop\\\/horse\\\/cowboy-magic-super-bodyshine\\\/#primaryimage\"},\"thumbnailUrl\":\"https:\\\/\\\/equidash.eu\\\/wp-content\\\/uploads\\\/2024\\\/12\\\/SuperBodyshineCowboyMagic_all.png\",\"datePublished\":\"2024-12-17T13:12:20+00:00\",\"dateModified\":\"2025-09-01T07:47:29+00:00\",\"description\":\"Stand out in the show ring with Cowboy Magic\u00ae Super Bodyshine. Its concentrated formula dries fast and reflects light for a stunning shine. Buy now!\",\"breadcrumb\":{\"@id\":\"https:\\\/\\\/equidash.eu\\\/shop\\\/horse\\\/cowboy-magic-super-bodyshine\\\/#breadcrumb\"},\"inLanguage\":\"et\",\"potentialAction\":[{\"@type\":\"ReadAction\",\"target\":[\"https:\\\/\\\/equidash.eu\\\/shop\\\/horse\\\/cowboy-magic-super-bodyshine\\\/\"]}]},{\"@type\":\"ImageObject\",\"inLanguage\":\"et\",\"@id\":\"https:\\\/\\\/equidash.eu\\\/shop\\\/horse\\\/cowboy-magic-super-bodyshine\\\/#primaryimage\",\"url\":\"https:\\\/\\\/equidash.eu\\\/wp-content\\\/uploads\\\/2024\\\/12\\\/SuperBodyshineCowboyMagic_all.png\",\"contentUrl\":\"https:\\\/\\\/equidash.eu\\\/wp-content\\\/uploads\\\/2024\\\/12\\\/SuperBodyshineCowboyMagic_all.png\",\"width\":1536,\"height\":1536,\"caption\":\"Cowboy Magic\u00ae Super Bodyshine\u00ae - Spray on for an instant super shine and fast drying.\"},{\"@type\":\"BreadcrumbList\",\"@id\":\"https:\\\/\\\/equidash.eu\\\/shop\\\/horse\\\/cowboy-magic-super-bodyshine\\\/#breadcrumb\",\"itemListElement\":[{\"@type\":\"ListItem\",\"position\":1,\"name\":\"Home\",\"item\":\"https:\\\/\\\/equidash.eu\\\/\"},{\"@type\":\"ListItem\",\"position\":2,\"name\":\"Shop\",\"item\":\"https:\\\/\\\/equidash.eu\\\/shop\\\/\"},{\"@type\":\"ListItem\",\"position\":3,\"name\":\"Cowboy Magic\u00ae Super Bodyshine\"}]},{\"@type\":\"WebSite\",\"@id\":\"https:\\\/\\\/equidash.eu\\\/#website\",\"url\":\"https:\\\/\\\/equidash.eu\\\/\",\"name\":\"EquiDash\",\"description\":\"Horse Riding Equipment and Accessories\",\"publisher\":{\"@id\":\"https:\\\/\\\/equidash.eu\\\/#organization\"},\"alternateName\":\"EquiDash\",\"potentialAction\":[{\"@type\":\"SearchAction\",\"target\":{\"@type\":\"EntryPoint\",\"urlTemplate\":\"https:\\\/\\\/equidash.eu\\\/?s={search_term_string}\"},\"query-input\":{\"@type\":\"PropertyValueSpecification\",\"valueRequired\":true,\"valueName\":\"search_term_string\"}}],\"inLanguage\":\"et\"},{\"@type\":\"Organization\",\"@id\":\"https:\\\/\\\/equidash.eu\\\/#organization\",\"name\":\"EquiDash\",\"alternateName\":\"EquiDash\",\"url\":\"https:\\\/\\\/equidash.eu\\\/\",\"logo\":{\"@type\":\"ImageObject\",\"inLanguage\":\"et\",\"@id\":\"https:\\\/\\\/equidash.eu\\\/#\\\/schema\\\/logo\\\/image\\\/\",\"url\":\"https:\\\/\\\/equidash.eu\\\/wp-content\\\/uploads\\\/2024\\\/09\\\/EQUIDASH_Logo_Raud-1.png\",\"contentUrl\":\"https:\\\/\\\/equidash.eu\\\/wp-content\\\/uploads\\\/2024\\\/09\\\/EQUIDASH_Logo_Raud-1.png\",\"width\":393,\"height\":422,\"caption\":\"EquiDash\"},\"image\":{\"@id\":\"https:\\\/\\\/equidash.eu\\\/#\\\/schema\\\/logo\\\/image\\\/\"},\"sameAs\":[\"https:\\\/\\\/www.facebook.com\\\/people\\\/EquiDash\\\/61560864479586\\\/\",\"https:\\\/\\\/www.instagram.com\\\/equidash.eshop\\\/\"],\"email\":\"info@equidash.eu\",\"telephone\":\"+372 59007334\",\"legalName\":\"Takian Corporation O\u00dc\",\"foundingDate\":\"2020-10-21\",\"vatID\":\"EE102301283\",\"numberOfEmployees\":{\"@type\":\"QuantitativeValue\",\"minValue\":\"1\",\"maxValue\":\"10\"},\"hasMerchantReturnPolicy\":{\"@type\":\"MerchantReturnPolicy\",\"merchantReturnLink\":\"https:\\\/\\\/equidash.eu\\\/et\\\/return-privacy\\\/\"}}]}<\/script>\n<meta property=\"product:brand\" content=\"Cowboy Magic\u00ae\" \/>\n<meta property=\"og:availability\" content=\"instock\" \/>\n<meta property=\"product:availability\" content=\"instock\" \/>\n<meta property=\"product:condition\" content=\"new\" \/>\n<!-- \/ Yoast SEO Premium plugin. -->","yoast_head_json":{"title":"Cowboy Magic\u00ae Super Bodyshine: Repel Dust and Shine Bright | Parima hinnaga ratsavarustuse e-pood","description":"Stand out in the show ring with Cowboy Magic\u00ae Super Bodyshine. Its concentrated formula dries fast and reflects light for a stunning shine. Buy now!","robots":{"index":"index","follow":"follow","max-snippet":"max-snippet:-1","max-image-preview":"max-image-preview:large","max-video-preview":"max-video-preview:-1"},"canonical":"https:\/\/equidash.eu\/et\/shop\/hobune\/cowboy-magic-super-bodyshine\/","og_locale":"et_EE","og_type":"article","og_title":"Cowboy Magic\u00ae Super Bodyshine","og_description":"Stand out in the show ring with Cowboy Magic\u00ae Super Bodyshine. Its concentrated formula dries fast and reflects light for a stunning shine. Buy now!","og_url":"https:\/\/equidash.eu\/et\/shop\/hobune\/cowboy-magic-super-bodyshine\/","og_site_name":"Parima hinnaga ratsavarustuse e-pood","article_publisher":"https:\/\/www.facebook.com\/people\/EquiDash\/61560864479586\/","article_modified_time":"2025-09-01T07:47:29+00:00","og_image":[{"width":1536,"height":1536,"url":"https:\/\/equidash.eu\/wp-content\/uploads\/2024\/12\/SuperBodyshineCowboyMagic_all.png","type":"image\/png"}],"twitter_card":"summary_large_image","twitter_misc":{"Availability":"In stock"},"schema":{"@context":"https:\/\/schema.org","@graph":[{"@type":"WebPage","@id":"https:\/\/equidash.eu\/shop\/horse\/cowboy-magic-super-bodyshine\/","url":"https:\/\/equidash.eu\/shop\/horse\/cowboy-magic-super-bodyshine\/","name":"Cowboy Magic\u00ae Super Bodyshine: Repel Dust and Shine Bright | Parima hinnaga ratsavarustuse e-pood","isPartOf":{"@id":"https:\/\/equidash.eu\/#website"},"primaryImageOfPage":{"@id":"https:\/\/equidash.eu\/shop\/horse\/cowboy-magic-super-bodyshine\/#primaryimage"},"image":{"@id":"https:\/\/equidash.eu\/shop\/horse\/cowboy-magic-super-bodyshine\/#primaryimage"},"thumbnailUrl":"https:\/\/equidash.eu\/wp-content\/uploads\/2024\/12\/SuperBodyshineCowboyMagic_all.png","datePublished":"2024-12-17T13:12:20+00:00","dateModified":"2025-09-01T07:47:29+00:00","description":"Stand out in the show ring with Cowboy Magic\u00ae Super Bodyshine. Its concentrated formula dries fast and reflects light for a stunning shine. Buy now!","breadcrumb":{"@id":"https:\/\/equidash.eu\/shop\/horse\/cowboy-magic-super-bodyshine\/#breadcrumb"},"inLanguage":"et","potentialAction":[{"@type":"ReadAction","target":["https:\/\/equidash.eu\/shop\/horse\/cowboy-magic-super-bodyshine\/"]}]},{"@type":"ImageObject","inLanguage":"et","@id":"https:\/\/equidash.eu\/shop\/horse\/cowboy-magic-super-bodyshine\/#primaryimage","url":"https:\/\/equidash.eu\/wp-content\/uploads\/2024\/12\/SuperBodyshineCowboyMagic_all.png","contentUrl":"https:\/\/equidash.eu\/wp-content\/uploads\/2024\/12\/SuperBodyshineCowboyMagic_all.png","width":1536,"height":1536,"caption":"Cowboy Magic\u00ae Super Bodyshine\u00ae - Spray on for an instant super shine and fast drying."},{"@type":"BreadcrumbList","@id":"https:\/\/equidash.eu\/shop\/horse\/cowboy-magic-super-bodyshine\/#breadcrumb","itemListElement":[{"@type":"ListItem","position":1,"name":"Home","item":"https:\/\/equidash.eu\/"},{"@type":"ListItem","position":2,"name":"Shop","item":"https:\/\/equidash.eu\/shop\/"},{"@type":"ListItem","position":3,"name":"Cowboy Magic\u00ae Super Bodyshine"}]},{"@type":"WebSite","@id":"https:\/\/equidash.eu\/#website","url":"https:\/\/equidash.eu\/","name":"EquiDash","description":"Horse Riding Equipment and Accessories","publisher":{"@id":"https:\/\/equidash.eu\/#organization"},"alternateName":"EquiDash","potentialAction":[{"@type":"SearchAction","target":{"@type":"EntryPoint","urlTemplate":"https:\/\/equidash.eu\/?s={search_term_string}"},"query-input":{"@type":"PropertyValueSpecification","valueRequired":true,"valueName":"search_term_string"}}],"inLanguage":"et"},{"@type":"Organization","@id":"https:\/\/equidash.eu\/#organization","name":"EquiDash","alternateName":"EquiDash","url":"https:\/\/equidash.eu\/","logo":{"@type":"ImageObject","inLanguage":"et","@id":"https:\/\/equidash.eu\/#\/schema\/logo\/image\/","url":"https:\/\/equidash.eu\/wp-content\/uploads\/2024\/09\/EQUIDASH_Logo_Raud-1.png","contentUrl":"https:\/\/equidash.eu\/wp-content\/uploads\/2024\/09\/EQUIDASH_Logo_Raud-1.png","width":393,"height":422,"caption":"EquiDash"},"image":{"@id":"https:\/\/equidash.eu\/#\/schema\/logo\/image\/"},"sameAs":["https:\/\/www.facebook.com\/people\/EquiDash\/61560864479586\/","https:\/\/www.instagram.com\/equidash.eshop\/"],"email":"info@equidash.eu","telephone":"+372 59007334","legalName":"Takian Corporation O\u00dc","foundingDate":"2020-10-21","vatID":"EE102301283","numberOfEmployees":{"@type":"QuantitativeValue","minValue":"1","maxValue":"10"},"hasMerchantReturnPolicy":{"@type":"MerchantReturnPolicy","merchantReturnLink":"https:\/\/equidash.eu\/et\/return-privacy\/"}}]},"product_brand":"Cowboy Magic\u00ae","og_availability":"instock","product_availability":"instock","product_condition":"new"},"_links":{"self":[{"href":"https:\/\/equidash.eu\/et\/wp-json\/wp\/v2\/product\/1438","targetHints":{"allow":["GET"]}}],"collection":[{"href":"https:\/\/equidash.eu\/et\/wp-json\/wp\/v2\/product"}],"about":[{"href":"https:\/\/equidash.eu\/et\/wp-json\/wp\/v2\/types\/product"}],"wp:featuredmedia":[{"embeddable":true,"href":"https:\/\/equidash.eu\/et\/wp-json\/wp\/v2\/media\/1437"}],"wp:attachment":[{"href":"https:\/\/equidash.eu\/et\/wp-json\/wp\/v2\/media?parent=1438"}],"wp:term":[{"taxonomy":"product_brand","embeddable":true,"href":"https:\/\/equidash.eu\/et\/wp-json\/wp\/v2\/product_brand?post=1438"},{"taxonomy":"product_cat","embeddable":true,"href":"https:\/\/equidash.eu\/et\/wp-json\/wp\/v2\/product_cat?post=1438"},{"taxonomy":"product_tag","embeddable":true,"href":"https:\/\/equidash.eu\/et\/wp-json\/wp\/v2\/product_tag?post=1438"}],"curies":[{"name":"wp","href":"https:\/\/api.w.org\/{rel}","templated":true}]}}