{"id":1538,"date":"2024-12-18T15:17:55","date_gmt":"2024-12-18T13:17:55","guid":{"rendered":"https:\/\/equidash.eu\/?post_type=product&#038;p=1538"},"modified":"2025-03-31T19:47:36","modified_gmt":"2025-03-31T17:47:36","slug":"mountain-horse-ember-womens-2-in-1-coat","status":"publish","type":"product","link":"https:\/\/equidash.eu\/et\/shop\/rider\/mountain-horse-ember-womens-2-in-1-coat\/","title":{"rendered":"Mountain Horse 2-\u00fches talvejope Ember"},"content":{"rendered":"<p>Mountain Horse naiste 2-\u00fches talvejope Ember on stiili ja funktsionaalsuse t\u00e4iuslik kombinatsioon. Tegemist on jope ja mantliga samal ajal, mis on loodud hoidma sind soojas ja mugavalt nii tallis kui ka sadulas. Talvemantlit Ember saab h\u00f5lpsalt muuta l\u00fchemaks jopeks, pakkudes kahte mitmek\u00fclgset v\u00f5imalust \u00fches r\u00f5ivas.<\/p>\n<p>Tegemist on vee-ja tuulekindla talvejopega, millele on lisatud helkurdetailid, et p\u00fcsida n\u00e4htav ka pimedal ajal. Mahukad soojad taskud, eemaldatav alumine osa lisavad praktilisust, muutes selle suurep\u00e4raseks valikuks p\u00e4evadel, kui ei suuda otsustada mantli ja jope vahel!<\/p>\n<ul>\n<li>Veekindel ja tuulekindel kangas W.P.S 5000 (kangas suudab taluda veesurvet kuni 5000 millimeetrit ilma vett l\u00e4bi laskmata), sobides ideaalselt \u00e4\u00e4rmuslike ilmastikutingimuste jaoks.<\/li>\n<li>Teibitud \u00f5mblused, et tagada veekindlus<\/li>\n<li>V\u00f6\u00f6koja juurest t\u00f5mblukuga eemaldatav seelik<\/li>\n<li>Kahepoolne YKK\u00ae t\u00f5mblukk<\/li>\n<li>Helkurriba varrukal ja seeliku l\u00f5hikus<\/li>\n<li>Trukk-kinnitusega seelikul\u00f5hik mugavaks ja soojaks ratsutamiseks<\/li>\n<li>Easy access pockets at chest with brushed poly tricot against palm<\/li>\n<li>Roomy front pockets on jacket and skirt<\/li>\n<li>Napoleon pocket with zip<\/li>\n<li>Protective front plackets<\/li>\n<li>Eemaldatav ja reguleeritav kapuuts.<\/li>\n<li>K\u00fc\u00fcnarnukkide osa on kaarja l\u00f5ikega, et tagada maksimaalne mugavus<\/li>\n<li>Reguleeritavad k\u00e4ised<\/li>\n<li>Elastne sisemine mansett varruka all<\/li>\n<li>Pisikene logo k\u00e4sivarrel<\/li>\n<li>Mountain Horse logo esiliistul<\/li>\n<li>Vooderdatud paksu, pehme ja sooja pol\u00fcestrist t\u00e4idisega, mis imiteerib sule pehmust, olles samas kergem ja praktilisem kui naturaalsed suled.<\/li>\n<\/ul>\n<p>Rootsi br\u00e4nd Mountain Horse on \u00fcks tuntumaid nimesid ratsutamismaailmas ja on saanud ratsanike seas tohutult populaarseks t\u00e4nu oma funktsionaalsetele disainidele, mis on kohandatud P\u00f5hjamaade kliimatingimustega. J\u00e4tkusuutlikkus on p\u00f5hiprintsiip, mis l\u00e4bib kogu br\u00e4ndi tegevust, nii inimeste kui ka keskkonnam\u00f5jude osas, muutes Mountain Horse\u2019i t\u00e4pselt samamoodi armastatud br\u00e4ndiks t\u00e4na, nagu see oli 30 aastat tagasi.<\/p>","protected":false},"excerpt":{"rendered":"<p><a href=\"https:\/\/equidash.eu\/et\/tootesilt\/mountain-horse\/\"><img decoding=\"async\" style=\"height: 60px; margin-top: 20px;\" src=\"https:\/\/equidash.eu\/wp-content\/uploads\/2024\/10\/Mountain-Horse-1.png\" alt=\"\" \/><\/a><\/p>","protected":false},"featured_media":1553,"template":"","meta":{"_acf_changed":false,"_joinchat":[]},"product_brand":[505],"product_cat":[207,22,203,206],"product_tag":[298,18,297,299],"class_list":{"0":"post-1538","1":"product","2":"type-product","3":"status-publish","4":"has-post-thumbnail","6":"product_brand-mountain-horse","7":"product_cat-coats-jackets-women-riding-clothing-rider","8":"product_cat-rider","9":"product_cat-riding-clothing-rider","10":"product_cat-women-riding-clothing-rider","11":"product_tag-2in1-coat","12":"product_tag-mountain-horse","13":"product_tag-winter","14":"product_tag-winter-coat","15":"pa_colors-black","16":"pa_colors-navy","17":"pa_size-l","18":"pa_size-m","19":"pa_size-s","20":"pa_size-xl","21":"pa_size-xs","22":"pa_size-xxl","24":"first","25":"onbackorder","26":"taxable","27":"shipping-taxable","28":"purchasable","29":"product-type-variable"},"acf":[],"yoast_head":"<!-- This site is optimized with the Yoast SEO Premium plugin v26.2 (Yoast SEO v27.2) - https:\/\/yoast.com\/product\/yoast-seo-premium-wordpress\/ -->\n<title>Mountain Horse Ember Women\u00b4s 2-in-1 Coat | Parima hinnaga ratsavarustuse e-pood<\/title>\n<meta name=\"description\" content=\"Stay warm and protected with the Mountain Horse Ember Women&#039;s 2-in-1 Coat. Switch effortlessly between a long coat and a shorter jacket. Get yours today!\" \/>\n<meta name=\"robots\" content=\"index, follow, max-snippet:-1, max-image-preview:large, max-video-preview:-1\" \/>\n<link rel=\"canonical\" href=\"https:\/\/equidash.eu\/et\/shop\/ratsanik\/mountain-horse-ember-womens-2-in-1-coat\/\" \/>\n<meta property=\"og:locale\" content=\"et_EE\" \/>\n<meta property=\"og:type\" content=\"article\" \/>\n<meta property=\"og:title\" content=\"Mountain Horse Ember Women\u00b4s 2-in-1 Coat\" \/>\n<meta property=\"og:description\" content=\"Stay warm and protected with the Mountain Horse Ember Women&#039;s 2-in-1 Coat. Switch effortlessly between a long coat and a shorter jacket. Get yours today!\" \/>\n<meta property=\"og:url\" content=\"https:\/\/equidash.eu\/et\/shop\/ratsanik\/mountain-horse-ember-womens-2-in-1-coat\/\" \/>\n<meta property=\"og:site_name\" content=\"Parima hinnaga ratsavarustuse e-pood\" \/>\n<meta property=\"article:publisher\" content=\"https:\/\/www.facebook.com\/people\/EquiDash\/61560864479586\/\" \/>\n<meta property=\"article:modified_time\" content=\"2025-03-31T17:47:36+00:00\" \/>\n<meta property=\"og:image\" content=\"https:\/\/equidash.eu\/wp-content\/uploads\/2024\/12\/Mountain-Horse_Coat_2in1_Ember_Black.jpg\" \/>\n\t<meta property=\"og:image:width\" content=\"1600\" \/>\n\t<meta property=\"og:image:height\" content=\"2400\" \/>\n\t<meta property=\"og:image:type\" content=\"image\/jpeg\" \/>\n<meta name=\"twitter:card\" content=\"summary_large_image\" \/>\n<meta name=\"twitter:label1\" content=\"Availability\" \/>\n\t<meta name=\"twitter:data1\" content=\"On backorder\" \/>\n<script type=\"application\/ld+json\" class=\"yoast-schema-graph\">{\"@context\":\"https:\/\/schema.org\",\"@graph\":[{\"@type\":\"WebPage\",\"@id\":\"https:\/\/equidash.eu\/shop\/rider\/mountain-horse-ember-womens-2-in-1-coat\/\",\"url\":\"https:\/\/equidash.eu\/shop\/rider\/mountain-horse-ember-womens-2-in-1-coat\/\",\"name\":\"Mountain Horse Ember Women\u00b4s 2-in-1 Coat | Parima hinnaga ratsavarustuse e-pood\",\"isPartOf\":{\"@id\":\"https:\/\/equidash.eu\/#website\"},\"primaryImageOfPage\":{\"@id\":\"https:\/\/equidash.eu\/shop\/rider\/mountain-horse-ember-womens-2-in-1-coat\/#primaryimage\"},\"image\":{\"@id\":\"https:\/\/equidash.eu\/shop\/rider\/mountain-horse-ember-womens-2-in-1-coat\/#primaryimage\"},\"thumbnailUrl\":\"https:\/\/equidash.eu\/wp-content\/uploads\/2024\/12\/Mountain-Horse_Coat_2in1_Ember_Black.jpg\",\"datePublished\":\"2024-12-18T13:17:55+00:00\",\"dateModified\":\"2025-03-31T17:47:36+00:00\",\"description\":\"Stay warm and protected with the Mountain Horse Ember Women's 2-in-1 Coat. Switch effortlessly between a long coat and a shorter jacket. Get yours today!\",\"breadcrumb\":{\"@id\":\"https:\/\/equidash.eu\/shop\/rider\/mountain-horse-ember-womens-2-in-1-coat\/#breadcrumb\"},\"inLanguage\":\"et\",\"potentialAction\":[{\"@type\":\"ReadAction\",\"target\":[\"https:\/\/equidash.eu\/shop\/rider\/mountain-horse-ember-womens-2-in-1-coat\/\"]}]},{\"@type\":\"ImageObject\",\"inLanguage\":\"et\",\"@id\":\"https:\/\/equidash.eu\/shop\/rider\/mountain-horse-ember-womens-2-in-1-coat\/#primaryimage\",\"url\":\"https:\/\/equidash.eu\/wp-content\/uploads\/2024\/12\/Mountain-Horse_Coat_2in1_Ember_Black.jpg\",\"contentUrl\":\"https:\/\/equidash.eu\/wp-content\/uploads\/2024\/12\/Mountain-Horse_Coat_2in1_Ember_Black.jpg\",\"width\":1600,\"height\":2400,\"caption\":\"Ember Women\u2019s 2-in-1 Coat \u2013 Warm, versatile, and weatherproof. Black\"},{\"@type\":\"BreadcrumbList\",\"@id\":\"https:\/\/equidash.eu\/shop\/rider\/mountain-horse-ember-womens-2-in-1-coat\/#breadcrumb\",\"itemListElement\":[{\"@type\":\"ListItem\",\"position\":1,\"name\":\"Home\",\"item\":\"https:\/\/equidash.eu\/\"},{\"@type\":\"ListItem\",\"position\":2,\"name\":\"Shop\",\"item\":\"https:\/\/equidash.eu\/shop\/\"},{\"@type\":\"ListItem\",\"position\":3,\"name\":\"Mountain Horse Ember Women\u00b4s 2-in-1 Coat\"}]},{\"@type\":\"WebSite\",\"@id\":\"https:\/\/equidash.eu\/#website\",\"url\":\"https:\/\/equidash.eu\/\",\"name\":\"EquiDash\",\"description\":\"Horse Riding Equipment and Accessories\",\"publisher\":{\"@id\":\"https:\/\/equidash.eu\/#organization\"},\"alternateName\":\"EquiDash\",\"potentialAction\":[{\"@type\":\"SearchAction\",\"target\":{\"@type\":\"EntryPoint\",\"urlTemplate\":\"https:\/\/equidash.eu\/?s={search_term_string}\"},\"query-input\":{\"@type\":\"PropertyValueSpecification\",\"valueRequired\":true,\"valueName\":\"search_term_string\"}}],\"inLanguage\":\"et\"},{\"@type\":\"Organization\",\"@id\":\"https:\/\/equidash.eu\/#organization\",\"name\":\"EquiDash\",\"alternateName\":\"EquiDash\",\"url\":\"https:\/\/equidash.eu\/\",\"logo\":{\"@type\":\"ImageObject\",\"inLanguage\":\"et\",\"@id\":\"https:\/\/equidash.eu\/#\/schema\/logo\/image\/\",\"url\":\"https:\/\/equidash.eu\/wp-content\/uploads\/2024\/09\/EQUIDASH_Logo_Raud-1.png\",\"contentUrl\":\"https:\/\/equidash.eu\/wp-content\/uploads\/2024\/09\/EQUIDASH_Logo_Raud-1.png\",\"width\":393,\"height\":422,\"caption\":\"EquiDash\"},\"image\":{\"@id\":\"https:\/\/equidash.eu\/#\/schema\/logo\/image\/\"},\"sameAs\":[\"https:\/\/www.facebook.com\/people\/EquiDash\/61560864479586\/\",\"https:\/\/www.instagram.com\/equidash.eshop\/\"],\"email\":\"info@equidash.eu\",\"telephone\":\"+372 59007334\",\"legalName\":\"Takian Corporation O\u00dc\",\"foundingDate\":\"2020-10-21\",\"vatID\":\"EE102301283\",\"numberOfEmployees\":{\"@type\":\"QuantitativeValue\",\"minValue\":\"1\",\"maxValue\":\"10\"},\"hasMerchantReturnPolicy\":{\"@type\":\"MerchantReturnPolicy\",\"merchantReturnLink\":\"https:\/\/equidash.eu\/et\/return-privacy\/\"}}]}<\/script>\n<meta property=\"product:brand\" content=\"Mountain Horse\" \/>\n<meta property=\"og:availability\" content=\"backorder\" \/>\n<meta property=\"product:availability\" content=\"available for order\" \/>\n<meta property=\"product:condition\" content=\"new\" \/>\n<!-- \/ Yoast SEO Premium plugin. -->","yoast_head_json":{"title":"Mountain Horse Ember Women\u00b4s 2-in-1 Coat | Parima hinnaga ratsavarustuse e-pood","description":"Stay warm and protected with the Mountain Horse Ember Women's 2-in-1 Coat. Switch effortlessly between a long coat and a shorter jacket. Get yours today!","robots":{"index":"index","follow":"follow","max-snippet":"max-snippet:-1","max-image-preview":"max-image-preview:large","max-video-preview":"max-video-preview:-1"},"canonical":"https:\/\/equidash.eu\/et\/shop\/ratsanik\/mountain-horse-ember-womens-2-in-1-coat\/","og_locale":"et_EE","og_type":"article","og_title":"Mountain Horse Ember Women\u00b4s 2-in-1 Coat","og_description":"Stay warm and protected with the Mountain Horse Ember Women's 2-in-1 Coat. Switch effortlessly between a long coat and a shorter jacket. Get yours today!","og_url":"https:\/\/equidash.eu\/et\/shop\/ratsanik\/mountain-horse-ember-womens-2-in-1-coat\/","og_site_name":"Parima hinnaga ratsavarustuse e-pood","article_publisher":"https:\/\/www.facebook.com\/people\/EquiDash\/61560864479586\/","article_modified_time":"2025-03-31T17:47:36+00:00","og_image":[{"width":1600,"height":2400,"url":"https:\/\/equidash.eu\/wp-content\/uploads\/2024\/12\/Mountain-Horse_Coat_2in1_Ember_Black.jpg","type":"image\/jpeg"}],"twitter_card":"summary_large_image","twitter_misc":{"Availability":"On backorder"},"schema":{"@context":"https:\/\/schema.org","@graph":[{"@type":"WebPage","@id":"https:\/\/equidash.eu\/shop\/rider\/mountain-horse-ember-womens-2-in-1-coat\/","url":"https:\/\/equidash.eu\/shop\/rider\/mountain-horse-ember-womens-2-in-1-coat\/","name":"Mountain Horse Ember Women\u00b4s 2-in-1 Coat | Parima hinnaga ratsavarustuse e-pood","isPartOf":{"@id":"https:\/\/equidash.eu\/#website"},"primaryImageOfPage":{"@id":"https:\/\/equidash.eu\/shop\/rider\/mountain-horse-ember-womens-2-in-1-coat\/#primaryimage"},"image":{"@id":"https:\/\/equidash.eu\/shop\/rider\/mountain-horse-ember-womens-2-in-1-coat\/#primaryimage"},"thumbnailUrl":"https:\/\/equidash.eu\/wp-content\/uploads\/2024\/12\/Mountain-Horse_Coat_2in1_Ember_Black.jpg","datePublished":"2024-12-18T13:17:55+00:00","dateModified":"2025-03-31T17:47:36+00:00","description":"Stay warm and protected with the Mountain Horse Ember Women's 2-in-1 Coat. Switch effortlessly between a long coat and a shorter jacket. Get yours today!","breadcrumb":{"@id":"https:\/\/equidash.eu\/shop\/rider\/mountain-horse-ember-womens-2-in-1-coat\/#breadcrumb"},"inLanguage":"et","potentialAction":[{"@type":"ReadAction","target":["https:\/\/equidash.eu\/shop\/rider\/mountain-horse-ember-womens-2-in-1-coat\/"]}]},{"@type":"ImageObject","inLanguage":"et","@id":"https:\/\/equidash.eu\/shop\/rider\/mountain-horse-ember-womens-2-in-1-coat\/#primaryimage","url":"https:\/\/equidash.eu\/wp-content\/uploads\/2024\/12\/Mountain-Horse_Coat_2in1_Ember_Black.jpg","contentUrl":"https:\/\/equidash.eu\/wp-content\/uploads\/2024\/12\/Mountain-Horse_Coat_2in1_Ember_Black.jpg","width":1600,"height":2400,"caption":"Ember Women\u2019s 2-in-1 Coat \u2013 Warm, versatile, and weatherproof. Black"},{"@type":"BreadcrumbList","@id":"https:\/\/equidash.eu\/shop\/rider\/mountain-horse-ember-womens-2-in-1-coat\/#breadcrumb","itemListElement":[{"@type":"ListItem","position":1,"name":"Home","item":"https:\/\/equidash.eu\/"},{"@type":"ListItem","position":2,"name":"Shop","item":"https:\/\/equidash.eu\/shop\/"},{"@type":"ListItem","position":3,"name":"Mountain Horse Ember Women\u00b4s 2-in-1 Coat"}]},{"@type":"WebSite","@id":"https:\/\/equidash.eu\/#website","url":"https:\/\/equidash.eu\/","name":"EquiDash","description":"Horse Riding Equipment and Accessories","publisher":{"@id":"https:\/\/equidash.eu\/#organization"},"alternateName":"EquiDash","potentialAction":[{"@type":"SearchAction","target":{"@type":"EntryPoint","urlTemplate":"https:\/\/equidash.eu\/?s={search_term_string}"},"query-input":{"@type":"PropertyValueSpecification","valueRequired":true,"valueName":"search_term_string"}}],"inLanguage":"et"},{"@type":"Organization","@id":"https:\/\/equidash.eu\/#organization","name":"EquiDash","alternateName":"EquiDash","url":"https:\/\/equidash.eu\/","logo":{"@type":"ImageObject","inLanguage":"et","@id":"https:\/\/equidash.eu\/#\/schema\/logo\/image\/","url":"https:\/\/equidash.eu\/wp-content\/uploads\/2024\/09\/EQUIDASH_Logo_Raud-1.png","contentUrl":"https:\/\/equidash.eu\/wp-content\/uploads\/2024\/09\/EQUIDASH_Logo_Raud-1.png","width":393,"height":422,"caption":"EquiDash"},"image":{"@id":"https:\/\/equidash.eu\/#\/schema\/logo\/image\/"},"sameAs":["https:\/\/www.facebook.com\/people\/EquiDash\/61560864479586\/","https:\/\/www.instagram.com\/equidash.eshop\/"],"email":"info@equidash.eu","telephone":"+372 59007334","legalName":"Takian Corporation O\u00dc","foundingDate":"2020-10-21","vatID":"EE102301283","numberOfEmployees":{"@type":"QuantitativeValue","minValue":"1","maxValue":"10"},"hasMerchantReturnPolicy":{"@type":"MerchantReturnPolicy","merchantReturnLink":"https:\/\/equidash.eu\/et\/return-privacy\/"}}]},"product_brand":"Mountain Horse","og_availability":"backorder","product_availability":"available for order","product_condition":"new"},"_links":{"self":[{"href":"https:\/\/equidash.eu\/et\/wp-json\/wp\/v2\/product\/1538","targetHints":{"allow":["GET"]}}],"collection":[{"href":"https:\/\/equidash.eu\/et\/wp-json\/wp\/v2\/product"}],"about":[{"href":"https:\/\/equidash.eu\/et\/wp-json\/wp\/v2\/types\/product"}],"wp:featuredmedia":[{"embeddable":true,"href":"https:\/\/equidash.eu\/et\/wp-json\/wp\/v2\/media\/1553"}],"wp:attachment":[{"href":"https:\/\/equidash.eu\/et\/wp-json\/wp\/v2\/media?parent=1538"}],"wp:term":[{"taxonomy":"product_brand","embeddable":true,"href":"https:\/\/equidash.eu\/et\/wp-json\/wp\/v2\/product_brand?post=1538"},{"taxonomy":"product_cat","embeddable":true,"href":"https:\/\/equidash.eu\/et\/wp-json\/wp\/v2\/product_cat?post=1538"},{"taxonomy":"product_tag","embeddable":true,"href":"https:\/\/equidash.eu\/et\/wp-json\/wp\/v2\/product_tag?post=1538"}],"curies":[{"name":"wp","href":"https:\/\/api.w.org\/{rel}","templated":true}]}}