{"id":1566,"date":"2024-12-18T21:08:25","date_gmt":"2024-12-18T19:08:25","guid":{"rendered":"https:\/\/equidash.eu\/?post_type=product&#038;p=1566"},"modified":"2025-12-18T17:26:25","modified_gmt":"2025-12-18T15:26:25","slug":"lami-cell-protection-boots-classic","status":"publish","type":"product","link":"https:\/\/equidash.eu\/et\/shop\/horse\/lami-cell-protection-boots-classic\/","title":{"rendered":"Lami-Cell karvaga koolis\u00f5idukaitsmed Classic"},"content":{"rendered":"<p>Lami-Cell kavaga koolis\u00f5idukaitsmed Classic sisemus on kaetud bambuses\u00f6e voodri ja v\u00f5rguga, mis tagavad suurep\u00e4rase ventilatsiooni ning \u00e4\u00e4ristatud kunstlambakarvaga. Ergonoomiline disain ja reguleeritavad elastsed kr\u00f5psukinnitused tagavad parima sobivuse erinevatele jala kujuga hobustele. M\u00fc\u00fcakse paarikaupa (2tk).<\/p>\n<ul>\n<li>Koolis\u00f5idukaitsmed<\/li>\n<li>Kaitsmete \u00e4\u00e4ris on vooderdatud s\u00fcnteetilise villaga lisamugavuse tagamiseks<\/li>\n<li>Sisemus katud bambuses\u00f6e voodriga paremaks \u00f5hutatavuseks ja niiskuse kontrolliks<\/li>\n<li>\u00d5hutusavad tagavad suurep\u00e4rase \u00f5huringluse<\/li>\n<li>Ergonoomiline jala kuju tagab suurep\u00e4rase sobivuse erinevatele hobusetele<\/li>\n<li>Reguleeritavad elastsed kr\u00f5psuga rihmad turvaliseks kinnitamiseks<\/li>\n<li>Komplektis 2 tk<\/li>\n<\/ul>\n<p><strong>Suurus:<\/strong><\/p>\n<p><img loading=\"lazy\" decoding=\"async\" class=\"alignnone size-medium wp-image-1582\" src=\"https:\/\/equidash.eu\/wp-content\/uploads\/2024\/12\/505612_size_3-212x300.png\" alt=\"\" width=\"212\" height=\"300\" srcset=\"https:\/\/equidash.eu\/wp-content\/uploads\/2024\/12\/505612_size_3-212x300.png 212w, https:\/\/equidash.eu\/wp-content\/uploads\/2024\/12\/505612_size_3-8x12.png 8w, https:\/\/equidash.eu\/wp-content\/uploads\/2024\/12\/505612_size_3-510x722.png 510w, https:\/\/equidash.eu\/wp-content\/uploads\/2024\/12\/505612_size_3.png 595w\" sizes=\"auto, (max-width: 212px) 100vw, 212px\" \/><\/p>\n<p>Tavaliselt sobib tagajalgadele \u00fcks number suurem suurus. N\u00e4iteks kui esijalad on S, siis tagajalagadele sobivad M suuruses kaitsmed.<\/p>\n<p>Pesemise juhised: Masinpestav 30\u00b0C juures, soovitatav pesta pesukotis, kinnitage k\u00f5ik kinnitused enne pesemist, mitte kuivatage kuivatis, mitte kasutada valgendajat.<\/p>","protected":false},"excerpt":{"rendered":"<p><a href=\"https:\/\/equidash.eu\/et\/tootesilt\/lamicell\/\"><img decoding=\"async\" style=\"height: 60px; margin-top: 20px;\" src=\"https:\/\/equidash.eu\/wp-content\/uploads\/2024\/10\/lamicell-logo-1.png\" alt=\"\" \/><\/a><\/p>","protected":false},"featured_media":1595,"template":"","meta":{"_acf_changed":false,"_joinchat":[]},"product_brand":[512],"product_cat":[192,27,191],"product_tag":[302,38,300,273,301],"class_list":{"0":"post-1566","1":"product","2":"type-product","3":"status-publish","4":"has-post-thumbnail","6":"product_brand-lami-cell","7":"product_cat-boots-leg-hoof-protections-horse","8":"product_cat-horse","9":"product_cat-leg-hoof-protections-horse","10":"product_tag-classic","11":"product_tag-dressage","12":"product_tag-dressage-boots","13":"product_tag-lami-cell","14":"product_tag-protections","15":"pa_colors-black","16":"pa_colors-blue","17":"pa_colors-green","18":"pa_colors-red","19":"pa_colors-white","20":"pa_size-l","21":"pa_size-m","22":"pa_size-s","24":"first","25":"instock","26":"sale","27":"taxable","28":"shipping-taxable","29":"purchasable","30":"product-type-variable"},"acf":[],"yoast_head":"<!-- This site is optimized with the Yoast SEO Premium plugin v26.2 (Yoast SEO v27.2) - https:\/\/yoast.com\/product\/yoast-seo-premium-wordpress\/ -->\n<title>Lami-Cell Protection boots Classic | Parima hinnaga ratsavarustuse e-pood<\/title>\n<meta name=\"description\" content=\"Lami-Cell Protection Boots Classic offer superior protection and comfort for your horse, featuring a perfect fit and enhanced breathability. Buy now!\" \/>\n<meta name=\"robots\" content=\"index, follow, max-snippet:-1, max-image-preview:large, max-video-preview:-1\" \/>\n<link rel=\"canonical\" href=\"https:\/\/equidash.eu\/et\/shop\/hobune\/lami-cell-protection-boots-classic\/\" \/>\n<meta property=\"og:locale\" content=\"et_EE\" \/>\n<meta property=\"og:type\" content=\"article\" \/>\n<meta property=\"og:title\" content=\"Lami-Cell Protection boots Classic\" \/>\n<meta property=\"og:description\" content=\"Lami-Cell Protection Boots Classic offer superior protection and comfort for your horse, featuring a perfect fit and enhanced breathability. Buy now!\" \/>\n<meta property=\"og:url\" content=\"https:\/\/equidash.eu\/et\/shop\/hobune\/lami-cell-protection-boots-classic\/\" \/>\n<meta property=\"og:site_name\" content=\"Parima hinnaga ratsavarustuse e-pood\" \/>\n<meta property=\"article:publisher\" content=\"https:\/\/www.facebook.com\/people\/EquiDash\/61560864479586\/\" \/>\n<meta property=\"article:modified_time\" content=\"2025-12-18T15:26:25+00:00\" \/>\n<meta property=\"og:image\" content=\"https:\/\/equidash.eu\/wp-content\/uploads\/2024\/12\/Lami-Cell_Protection-boots_Classic_White-1.png\" \/>\n\t<meta property=\"og:image:width\" content=\"1080\" \/>\n\t<meta property=\"og:image:height\" content=\"1080\" \/>\n\t<meta property=\"og:image:type\" content=\"image\/png\" \/>\n<meta name=\"twitter:card\" content=\"summary_large_image\" \/>\n<meta name=\"twitter:label1\" content=\"Availability\" \/>\n\t<meta name=\"twitter:data1\" content=\"In stock\" \/>\n<script type=\"application\/ld+json\" class=\"yoast-schema-graph\">{\"@context\":\"https:\/\/schema.org\",\"@graph\":[{\"@type\":\"WebPage\",\"@id\":\"https:\/\/equidash.eu\/shop\/horse\/lami-cell-protection-boots-classic\/\",\"url\":\"https:\/\/equidash.eu\/shop\/horse\/lami-cell-protection-boots-classic\/\",\"name\":\"Lami-Cell Protection boots Classic | Parima hinnaga ratsavarustuse e-pood\",\"isPartOf\":{\"@id\":\"https:\/\/equidash.eu\/#website\"},\"primaryImageOfPage\":{\"@id\":\"https:\/\/equidash.eu\/shop\/horse\/lami-cell-protection-boots-classic\/#primaryimage\"},\"image\":{\"@id\":\"https:\/\/equidash.eu\/shop\/horse\/lami-cell-protection-boots-classic\/#primaryimage\"},\"thumbnailUrl\":\"https:\/\/equidash.eu\/wp-content\/uploads\/2024\/12\/Lami-Cell_Protection-boots_Classic_White-1.png\",\"datePublished\":\"2024-12-18T19:08:25+00:00\",\"dateModified\":\"2025-12-18T15:26:25+00:00\",\"description\":\"Lami-Cell Protection Boots Classic offer superior protection and comfort for your horse, featuring a perfect fit and enhanced breathability. Buy now!\",\"breadcrumb\":{\"@id\":\"https:\/\/equidash.eu\/shop\/horse\/lami-cell-protection-boots-classic\/#breadcrumb\"},\"inLanguage\":\"et\",\"potentialAction\":[{\"@type\":\"ReadAction\",\"target\":[\"https:\/\/equidash.eu\/shop\/horse\/lami-cell-protection-boots-classic\/\"]}]},{\"@type\":\"ImageObject\",\"inLanguage\":\"et\",\"@id\":\"https:\/\/equidash.eu\/shop\/horse\/lami-cell-protection-boots-classic\/#primaryimage\",\"url\":\"https:\/\/equidash.eu\/wp-content\/uploads\/2024\/12\/Lami-Cell_Protection-boots_Classic_White-1.png\",\"contentUrl\":\"https:\/\/equidash.eu\/wp-content\/uploads\/2024\/12\/Lami-Cell_Protection-boots_Classic_White-1.png\",\"width\":1080,\"height\":1080,\"caption\":\"Ergonomic design with breathable Bamboo Charcoal lining. White\"},{\"@type\":\"BreadcrumbList\",\"@id\":\"https:\/\/equidash.eu\/shop\/horse\/lami-cell-protection-boots-classic\/#breadcrumb\",\"itemListElement\":[{\"@type\":\"ListItem\",\"position\":1,\"name\":\"Home\",\"item\":\"https:\/\/equidash.eu\/\"},{\"@type\":\"ListItem\",\"position\":2,\"name\":\"Shop\",\"item\":\"https:\/\/equidash.eu\/shop\/\"},{\"@type\":\"ListItem\",\"position\":3,\"name\":\"Lami-Cell Protection boots Classic\"}]},{\"@type\":\"WebSite\",\"@id\":\"https:\/\/equidash.eu\/#website\",\"url\":\"https:\/\/equidash.eu\/\",\"name\":\"EquiDash\",\"description\":\"Horse Riding Equipment and Accessories\",\"publisher\":{\"@id\":\"https:\/\/equidash.eu\/#organization\"},\"alternateName\":\"EquiDash\",\"potentialAction\":[{\"@type\":\"SearchAction\",\"target\":{\"@type\":\"EntryPoint\",\"urlTemplate\":\"https:\/\/equidash.eu\/?s={search_term_string}\"},\"query-input\":{\"@type\":\"PropertyValueSpecification\",\"valueRequired\":true,\"valueName\":\"search_term_string\"}}],\"inLanguage\":\"et\"},{\"@type\":\"Organization\",\"@id\":\"https:\/\/equidash.eu\/#organization\",\"name\":\"EquiDash\",\"alternateName\":\"EquiDash\",\"url\":\"https:\/\/equidash.eu\/\",\"logo\":{\"@type\":\"ImageObject\",\"inLanguage\":\"et\",\"@id\":\"https:\/\/equidash.eu\/#\/schema\/logo\/image\/\",\"url\":\"https:\/\/equidash.eu\/wp-content\/uploads\/2024\/09\/EQUIDASH_Logo_Raud-1.png\",\"contentUrl\":\"https:\/\/equidash.eu\/wp-content\/uploads\/2024\/09\/EQUIDASH_Logo_Raud-1.png\",\"width\":393,\"height\":422,\"caption\":\"EquiDash\"},\"image\":{\"@id\":\"https:\/\/equidash.eu\/#\/schema\/logo\/image\/\"},\"sameAs\":[\"https:\/\/www.facebook.com\/people\/EquiDash\/61560864479586\/\",\"https:\/\/www.instagram.com\/equidash.eshop\/\"],\"email\":\"info@equidash.eu\",\"telephone\":\"+372 59007334\",\"legalName\":\"Takian Corporation O\u00dc\",\"foundingDate\":\"2020-10-21\",\"vatID\":\"EE102301283\",\"numberOfEmployees\":{\"@type\":\"QuantitativeValue\",\"minValue\":\"1\",\"maxValue\":\"10\"},\"hasMerchantReturnPolicy\":{\"@type\":\"MerchantReturnPolicy\",\"merchantReturnLink\":\"https:\/\/equidash.eu\/et\/return-privacy\/\"}}]}<\/script>\n<meta property=\"product:brand\" content=\"Lami-Cell\" \/>\n<meta property=\"og:availability\" content=\"instock\" \/>\n<meta property=\"product:availability\" content=\"instock\" \/>\n<meta property=\"product:retailer_item_id\" content=\"505612\" \/>\n<meta property=\"product:condition\" content=\"new\" \/>\n<!-- \/ Yoast SEO Premium plugin. -->","yoast_head_json":{"title":"Lami-Cell Protection boots Classic | Parima hinnaga ratsavarustuse e-pood","description":"Lami-Cell Protection Boots Classic offer superior protection and comfort for your horse, featuring a perfect fit and enhanced breathability. Buy now!","robots":{"index":"index","follow":"follow","max-snippet":"max-snippet:-1","max-image-preview":"max-image-preview:large","max-video-preview":"max-video-preview:-1"},"canonical":"https:\/\/equidash.eu\/et\/shop\/hobune\/lami-cell-protection-boots-classic\/","og_locale":"et_EE","og_type":"article","og_title":"Lami-Cell Protection boots Classic","og_description":"Lami-Cell Protection Boots Classic offer superior protection and comfort for your horse, featuring a perfect fit and enhanced breathability. Buy now!","og_url":"https:\/\/equidash.eu\/et\/shop\/hobune\/lami-cell-protection-boots-classic\/","og_site_name":"Parima hinnaga ratsavarustuse e-pood","article_publisher":"https:\/\/www.facebook.com\/people\/EquiDash\/61560864479586\/","article_modified_time":"2025-12-18T15:26:25+00:00","og_image":[{"width":1080,"height":1080,"url":"https:\/\/equidash.eu\/wp-content\/uploads\/2024\/12\/Lami-Cell_Protection-boots_Classic_White-1.png","type":"image\/png"}],"twitter_card":"summary_large_image","twitter_misc":{"Availability":"In stock"},"schema":{"@context":"https:\/\/schema.org","@graph":[{"@type":"WebPage","@id":"https:\/\/equidash.eu\/shop\/horse\/lami-cell-protection-boots-classic\/","url":"https:\/\/equidash.eu\/shop\/horse\/lami-cell-protection-boots-classic\/","name":"Lami-Cell Protection boots Classic | Parima hinnaga ratsavarustuse e-pood","isPartOf":{"@id":"https:\/\/equidash.eu\/#website"},"primaryImageOfPage":{"@id":"https:\/\/equidash.eu\/shop\/horse\/lami-cell-protection-boots-classic\/#primaryimage"},"image":{"@id":"https:\/\/equidash.eu\/shop\/horse\/lami-cell-protection-boots-classic\/#primaryimage"},"thumbnailUrl":"https:\/\/equidash.eu\/wp-content\/uploads\/2024\/12\/Lami-Cell_Protection-boots_Classic_White-1.png","datePublished":"2024-12-18T19:08:25+00:00","dateModified":"2025-12-18T15:26:25+00:00","description":"Lami-Cell Protection Boots Classic offer superior protection and comfort for your horse, featuring a perfect fit and enhanced breathability. Buy now!","breadcrumb":{"@id":"https:\/\/equidash.eu\/shop\/horse\/lami-cell-protection-boots-classic\/#breadcrumb"},"inLanguage":"et","potentialAction":[{"@type":"ReadAction","target":["https:\/\/equidash.eu\/shop\/horse\/lami-cell-protection-boots-classic\/"]}]},{"@type":"ImageObject","inLanguage":"et","@id":"https:\/\/equidash.eu\/shop\/horse\/lami-cell-protection-boots-classic\/#primaryimage","url":"https:\/\/equidash.eu\/wp-content\/uploads\/2024\/12\/Lami-Cell_Protection-boots_Classic_White-1.png","contentUrl":"https:\/\/equidash.eu\/wp-content\/uploads\/2024\/12\/Lami-Cell_Protection-boots_Classic_White-1.png","width":1080,"height":1080,"caption":"Ergonomic design with breathable Bamboo Charcoal lining. White"},{"@type":"BreadcrumbList","@id":"https:\/\/equidash.eu\/shop\/horse\/lami-cell-protection-boots-classic\/#breadcrumb","itemListElement":[{"@type":"ListItem","position":1,"name":"Home","item":"https:\/\/equidash.eu\/"},{"@type":"ListItem","position":2,"name":"Shop","item":"https:\/\/equidash.eu\/shop\/"},{"@type":"ListItem","position":3,"name":"Lami-Cell Protection boots Classic"}]},{"@type":"WebSite","@id":"https:\/\/equidash.eu\/#website","url":"https:\/\/equidash.eu\/","name":"EquiDash","description":"Horse Riding Equipment and Accessories","publisher":{"@id":"https:\/\/equidash.eu\/#organization"},"alternateName":"EquiDash","potentialAction":[{"@type":"SearchAction","target":{"@type":"EntryPoint","urlTemplate":"https:\/\/equidash.eu\/?s={search_term_string}"},"query-input":{"@type":"PropertyValueSpecification","valueRequired":true,"valueName":"search_term_string"}}],"inLanguage":"et"},{"@type":"Organization","@id":"https:\/\/equidash.eu\/#organization","name":"EquiDash","alternateName":"EquiDash","url":"https:\/\/equidash.eu\/","logo":{"@type":"ImageObject","inLanguage":"et","@id":"https:\/\/equidash.eu\/#\/schema\/logo\/image\/","url":"https:\/\/equidash.eu\/wp-content\/uploads\/2024\/09\/EQUIDASH_Logo_Raud-1.png","contentUrl":"https:\/\/equidash.eu\/wp-content\/uploads\/2024\/09\/EQUIDASH_Logo_Raud-1.png","width":393,"height":422,"caption":"EquiDash"},"image":{"@id":"https:\/\/equidash.eu\/#\/schema\/logo\/image\/"},"sameAs":["https:\/\/www.facebook.com\/people\/EquiDash\/61560864479586\/","https:\/\/www.instagram.com\/equidash.eshop\/"],"email":"info@equidash.eu","telephone":"+372 59007334","legalName":"Takian Corporation O\u00dc","foundingDate":"2020-10-21","vatID":"EE102301283","numberOfEmployees":{"@type":"QuantitativeValue","minValue":"1","maxValue":"10"},"hasMerchantReturnPolicy":{"@type":"MerchantReturnPolicy","merchantReturnLink":"https:\/\/equidash.eu\/et\/return-privacy\/"}}]},"product_brand":"Lami-Cell","og_availability":"instock","product_availability":"instock","product_retailer_item_id":"505612","product_condition":"new"},"_links":{"self":[{"href":"https:\/\/equidash.eu\/et\/wp-json\/wp\/v2\/product\/1566","targetHints":{"allow":["GET"]}}],"collection":[{"href":"https:\/\/equidash.eu\/et\/wp-json\/wp\/v2\/product"}],"about":[{"href":"https:\/\/equidash.eu\/et\/wp-json\/wp\/v2\/types\/product"}],"wp:featuredmedia":[{"embeddable":true,"href":"https:\/\/equidash.eu\/et\/wp-json\/wp\/v2\/media\/1595"}],"wp:attachment":[{"href":"https:\/\/equidash.eu\/et\/wp-json\/wp\/v2\/media?parent=1566"}],"wp:term":[{"taxonomy":"product_brand","embeddable":true,"href":"https:\/\/equidash.eu\/et\/wp-json\/wp\/v2\/product_brand?post=1566"},{"taxonomy":"product_cat","embeddable":true,"href":"https:\/\/equidash.eu\/et\/wp-json\/wp\/v2\/product_cat?post=1566"},{"taxonomy":"product_tag","embeddable":true,"href":"https:\/\/equidash.eu\/et\/wp-json\/wp\/v2\/product_tag?post=1566"}],"curies":[{"name":"wp","href":"https:\/\/api.w.org\/{rel}","templated":true}]}}