{"id":1596,"date":"2024-12-18T23:01:24","date_gmt":"2024-12-18T21:01:24","guid":{"rendered":"https:\/\/equidash.eu\/?post_type=product&#038;p=1596"},"modified":"2025-09-01T10:10:57","modified_gmt":"2025-09-01T08:10:57","slug":"lami-cell-bell-boots-classic-wool","status":"publish","type":"product","link":"https:\/\/equidash.eu\/et\/shop\/horse\/lami-cell-bell-boots-classic-wool\/","title":{"rendered":"Lami-Cell karvaga kalossid Classic"},"content":{"rendered":"<p>Lami-Cell karvaga kalossid Classic Wool on s\u00fcnteetilisest villast voodriga, mis pakub lisamugavust ja kaitset. Kalossid pakuvad suurep\u00e4rast kaitset kapjadele ja s\u00f5rgatsitele l\u00f6\u00f6kide ja h\u00f5\u00f5rdumise vastu, v\u00e4hendades vigastuste riski liikumise ajal. Lami-Cell kalosside Classic Wool karvane \u00e4\u00e4r kaitseb h\u00f5\u00f5rdumise eest ja teeb hobusele kandmise mugavaks. Lambavill v\u00e4hendab s\u00f5rgatsite \u00e4rritust. Reguleeritava kr\u00f5psu kinnitusega on kalosse lihtne jalga panna ja kohandada vastavalt hobuse suurusele. M\u00fc\u00fcakse paarikaupa.<\/p>\n<ul>\n<li>Vooderdatud s\u00fcnteetilise villaga lisamugavuse tagamiseks<\/li>\n<li>Suurep\u00e4rane kaitse hobuse kapjadele ja s\u00f5rgatsitele l\u00f6\u00f6kide ja h\u00f5\u00f5rdumise vastu<\/li>\n<li>Kalosside \u00e4\u00e4r on pehme, karvane ning pealispind tugevast nahksest materjalist<\/li>\n<li>S\u00fcnteetiline lambakarv hoiab \u00e4ra \u00e4rrituse kannaliigeses<\/li>\n<li>Pealt reguleeritava kr\u00f5psukinnitusega<\/li>\n<li><span style=\"color: #555555; font-size: 14.4px;\">M\u00fc\u00fcakse paarikaupa<\/span><\/li>\n<\/ul>","protected":false},"excerpt":{"rendered":"<p class=\"ai-optimize-23 ai-optimize-introduction\"><a href=\"https:\/\/equidash.eu\/et\/tootesilt\/lamicell\/\"><img decoding=\"async\" style=\"height: 60px; margin-top: 20px;\" src=\"https:\/\/equidash.eu\/wp-content\/uploads\/2024\/10\/lamicell-logo-1.png\" alt=\"\" \/><\/a><\/p>","protected":false},"featured_media":1620,"template":"","meta":{"_acf_changed":false,"_joinchat":[]},"product_brand":[512],"product_cat":[224,27,191],"product_tag":[303,302,273],"class_list":{"0":"post-1596","1":"product","2":"type-product","3":"status-publish","4":"has-post-thumbnail","6":"product_brand-lami-cell","7":"product_cat-bell-boots","8":"product_cat-horse","9":"product_cat-leg-hoof-protections-horse","10":"product_tag-bell-boots","11":"product_tag-classic","12":"product_tag-lami-cell","13":"pa_colors-black","14":"pa_colors-blue","15":"pa_colors-green","16":"pa_colors-red","17":"pa_colors-white","18":"pa_size-l","19":"pa_size-m","20":"pa_size-xl","22":"first","23":"instock","24":"taxable","25":"shipping-taxable","26":"purchasable","27":"product-type-variable"},"acf":[],"yoast_head":"<!-- This site is optimized with the Yoast SEO Premium plugin v26.2 (Yoast SEO v27.2) - https:\/\/yoast.com\/product\/yoast-seo-premium-wordpress\/ -->\n<title>Lami-Cell Bell boots Classic Wool | Parima hinnaga ratsavarustuse e-pood<\/title>\n<meta name=\"description\" content=\"Get superior hoof and pastern protection with Lami-Cell Bell Boots Classic Wool. The adjustable Velcro closure ensures a perfect fit. Buy yours now!\" \/>\n<meta name=\"robots\" content=\"index, follow, max-snippet:-1, max-image-preview:large, max-video-preview:-1\" \/>\n<link rel=\"canonical\" href=\"https:\/\/equidash.eu\/et\/shop\/hobune\/lami-cell-bell-boots-classic-wool\/\" \/>\n<meta property=\"og:locale\" content=\"et_EE\" \/>\n<meta property=\"og:type\" content=\"article\" \/>\n<meta property=\"og:title\" content=\"Lami-Cell Bell boots Classic Wool\" \/>\n<meta property=\"og:description\" content=\"Get superior hoof and pastern protection with Lami-Cell Bell Boots Classic Wool. The adjustable Velcro closure ensures a perfect fit. Buy yours now!\" \/>\n<meta property=\"og:url\" content=\"https:\/\/equidash.eu\/et\/shop\/hobune\/lami-cell-bell-boots-classic-wool\/\" \/>\n<meta property=\"og:site_name\" content=\"Parima hinnaga ratsavarustuse e-pood\" \/>\n<meta property=\"article:publisher\" content=\"https:\/\/www.facebook.com\/people\/EquiDash\/61560864479586\/\" \/>\n<meta property=\"article:modified_time\" content=\"2025-09-01T08:10:57+00:00\" \/>\n<meta property=\"og:image\" content=\"https:\/\/equidash.eu\/wp-content\/uploads\/2024\/12\/Lami-Cell_Bell-boots_Classic-Wool_Black.png\" \/>\n\t<meta property=\"og:image:width\" content=\"1080\" \/>\n\t<meta property=\"og:image:height\" content=\"1080\" \/>\n\t<meta property=\"og:image:type\" content=\"image\/png\" \/>\n<meta name=\"twitter:card\" content=\"summary_large_image\" \/>\n<meta name=\"twitter:label1\" content=\"Availability\" \/>\n\t<meta name=\"twitter:data1\" content=\"In stock\" \/>\n<script type=\"application\/ld+json\" class=\"yoast-schema-graph\">{\"@context\":\"https:\/\/schema.org\",\"@graph\":[{\"@type\":\"WebPage\",\"@id\":\"https:\/\/equidash.eu\/shop\/horse\/lami-cell-bell-boots-classic-wool\/\",\"url\":\"https:\/\/equidash.eu\/shop\/horse\/lami-cell-bell-boots-classic-wool\/\",\"name\":\"Lami-Cell Bell boots Classic Wool | Parima hinnaga ratsavarustuse e-pood\",\"isPartOf\":{\"@id\":\"https:\/\/equidash.eu\/#website\"},\"primaryImageOfPage\":{\"@id\":\"https:\/\/equidash.eu\/shop\/horse\/lami-cell-bell-boots-classic-wool\/#primaryimage\"},\"image\":{\"@id\":\"https:\/\/equidash.eu\/shop\/horse\/lami-cell-bell-boots-classic-wool\/#primaryimage\"},\"thumbnailUrl\":\"https:\/\/equidash.eu\/wp-content\/uploads\/2024\/12\/Lami-Cell_Bell-boots_Classic-Wool_Black.png\",\"datePublished\":\"2024-12-18T21:01:24+00:00\",\"dateModified\":\"2025-09-01T08:10:57+00:00\",\"description\":\"Get superior hoof and pastern protection with Lami-Cell Bell Boots Classic Wool. The adjustable Velcro closure ensures a perfect fit. Buy yours now!\",\"breadcrumb\":{\"@id\":\"https:\/\/equidash.eu\/shop\/horse\/lami-cell-bell-boots-classic-wool\/#breadcrumb\"},\"inLanguage\":\"et\",\"potentialAction\":[{\"@type\":\"ReadAction\",\"target\":[\"https:\/\/equidash.eu\/shop\/horse\/lami-cell-bell-boots-classic-wool\/\"]}]},{\"@type\":\"ImageObject\",\"inLanguage\":\"et\",\"@id\":\"https:\/\/equidash.eu\/shop\/horse\/lami-cell-bell-boots-classic-wool\/#primaryimage\",\"url\":\"https:\/\/equidash.eu\/wp-content\/uploads\/2024\/12\/Lami-Cell_Bell-boots_Classic-Wool_Black.png\",\"contentUrl\":\"https:\/\/equidash.eu\/wp-content\/uploads\/2024\/12\/Lami-Cell_Bell-boots_Classic-Wool_Black.png\",\"width\":1080,\"height\":1080,\"caption\":\"Lami-Cell Bell Boots Classic Wool for comfort and protection. Black\"},{\"@type\":\"BreadcrumbList\",\"@id\":\"https:\/\/equidash.eu\/shop\/horse\/lami-cell-bell-boots-classic-wool\/#breadcrumb\",\"itemListElement\":[{\"@type\":\"ListItem\",\"position\":1,\"name\":\"Home\",\"item\":\"https:\/\/equidash.eu\/\"},{\"@type\":\"ListItem\",\"position\":2,\"name\":\"Shop\",\"item\":\"https:\/\/equidash.eu\/shop\/\"},{\"@type\":\"ListItem\",\"position\":3,\"name\":\"Lami-Cell Bell boots Classic Wool\"}]},{\"@type\":\"WebSite\",\"@id\":\"https:\/\/equidash.eu\/#website\",\"url\":\"https:\/\/equidash.eu\/\",\"name\":\"EquiDash\",\"description\":\"Horse Riding Equipment and Accessories\",\"publisher\":{\"@id\":\"https:\/\/equidash.eu\/#organization\"},\"alternateName\":\"EquiDash\",\"potentialAction\":[{\"@type\":\"SearchAction\",\"target\":{\"@type\":\"EntryPoint\",\"urlTemplate\":\"https:\/\/equidash.eu\/?s={search_term_string}\"},\"query-input\":{\"@type\":\"PropertyValueSpecification\",\"valueRequired\":true,\"valueName\":\"search_term_string\"}}],\"inLanguage\":\"et\"},{\"@type\":\"Organization\",\"@id\":\"https:\/\/equidash.eu\/#organization\",\"name\":\"EquiDash\",\"alternateName\":\"EquiDash\",\"url\":\"https:\/\/equidash.eu\/\",\"logo\":{\"@type\":\"ImageObject\",\"inLanguage\":\"et\",\"@id\":\"https:\/\/equidash.eu\/#\/schema\/logo\/image\/\",\"url\":\"https:\/\/equidash.eu\/wp-content\/uploads\/2024\/09\/EQUIDASH_Logo_Raud-1.png\",\"contentUrl\":\"https:\/\/equidash.eu\/wp-content\/uploads\/2024\/09\/EQUIDASH_Logo_Raud-1.png\",\"width\":393,\"height\":422,\"caption\":\"EquiDash\"},\"image\":{\"@id\":\"https:\/\/equidash.eu\/#\/schema\/logo\/image\/\"},\"sameAs\":[\"https:\/\/www.facebook.com\/people\/EquiDash\/61560864479586\/\",\"https:\/\/www.instagram.com\/equidash.eshop\/\"],\"email\":\"info@equidash.eu\",\"telephone\":\"+372 59007334\",\"legalName\":\"Takian Corporation O\u00dc\",\"foundingDate\":\"2020-10-21\",\"vatID\":\"EE102301283\",\"numberOfEmployees\":{\"@type\":\"QuantitativeValue\",\"minValue\":\"1\",\"maxValue\":\"10\"},\"hasMerchantReturnPolicy\":{\"@type\":\"MerchantReturnPolicy\",\"merchantReturnLink\":\"https:\/\/equidash.eu\/et\/return-privacy\/\"}}]}<\/script>\n<meta property=\"product:brand\" content=\"Lami-Cell\" \/>\n<meta property=\"og:availability\" content=\"instock\" \/>\n<meta property=\"product:availability\" content=\"instock\" \/>\n<meta property=\"product:retailer_item_id\" content=\"508612\" \/>\n<meta property=\"product:condition\" content=\"new\" \/>\n<!-- \/ Yoast SEO Premium plugin. -->","yoast_head_json":{"title":"Lami-Cell Bell boots Classic Wool | Parima hinnaga ratsavarustuse e-pood","description":"Get superior hoof and pastern protection with Lami-Cell Bell Boots Classic Wool. The adjustable Velcro closure ensures a perfect fit. Buy yours now!","robots":{"index":"index","follow":"follow","max-snippet":"max-snippet:-1","max-image-preview":"max-image-preview:large","max-video-preview":"max-video-preview:-1"},"canonical":"https:\/\/equidash.eu\/et\/shop\/hobune\/lami-cell-bell-boots-classic-wool\/","og_locale":"et_EE","og_type":"article","og_title":"Lami-Cell Bell boots Classic Wool","og_description":"Get superior hoof and pastern protection with Lami-Cell Bell Boots Classic Wool. The adjustable Velcro closure ensures a perfect fit. Buy yours now!","og_url":"https:\/\/equidash.eu\/et\/shop\/hobune\/lami-cell-bell-boots-classic-wool\/","og_site_name":"Parima hinnaga ratsavarustuse e-pood","article_publisher":"https:\/\/www.facebook.com\/people\/EquiDash\/61560864479586\/","article_modified_time":"2025-09-01T08:10:57+00:00","og_image":[{"width":1080,"height":1080,"url":"https:\/\/equidash.eu\/wp-content\/uploads\/2024\/12\/Lami-Cell_Bell-boots_Classic-Wool_Black.png","type":"image\/png"}],"twitter_card":"summary_large_image","twitter_misc":{"Availability":"In stock"},"schema":{"@context":"https:\/\/schema.org","@graph":[{"@type":"WebPage","@id":"https:\/\/equidash.eu\/shop\/horse\/lami-cell-bell-boots-classic-wool\/","url":"https:\/\/equidash.eu\/shop\/horse\/lami-cell-bell-boots-classic-wool\/","name":"Lami-Cell Bell boots Classic Wool | Parima hinnaga ratsavarustuse e-pood","isPartOf":{"@id":"https:\/\/equidash.eu\/#website"},"primaryImageOfPage":{"@id":"https:\/\/equidash.eu\/shop\/horse\/lami-cell-bell-boots-classic-wool\/#primaryimage"},"image":{"@id":"https:\/\/equidash.eu\/shop\/horse\/lami-cell-bell-boots-classic-wool\/#primaryimage"},"thumbnailUrl":"https:\/\/equidash.eu\/wp-content\/uploads\/2024\/12\/Lami-Cell_Bell-boots_Classic-Wool_Black.png","datePublished":"2024-12-18T21:01:24+00:00","dateModified":"2025-09-01T08:10:57+00:00","description":"Get superior hoof and pastern protection with Lami-Cell Bell Boots Classic Wool. The adjustable Velcro closure ensures a perfect fit. Buy yours now!","breadcrumb":{"@id":"https:\/\/equidash.eu\/shop\/horse\/lami-cell-bell-boots-classic-wool\/#breadcrumb"},"inLanguage":"et","potentialAction":[{"@type":"ReadAction","target":["https:\/\/equidash.eu\/shop\/horse\/lami-cell-bell-boots-classic-wool\/"]}]},{"@type":"ImageObject","inLanguage":"et","@id":"https:\/\/equidash.eu\/shop\/horse\/lami-cell-bell-boots-classic-wool\/#primaryimage","url":"https:\/\/equidash.eu\/wp-content\/uploads\/2024\/12\/Lami-Cell_Bell-boots_Classic-Wool_Black.png","contentUrl":"https:\/\/equidash.eu\/wp-content\/uploads\/2024\/12\/Lami-Cell_Bell-boots_Classic-Wool_Black.png","width":1080,"height":1080,"caption":"Lami-Cell Bell Boots Classic Wool for comfort and protection. Black"},{"@type":"BreadcrumbList","@id":"https:\/\/equidash.eu\/shop\/horse\/lami-cell-bell-boots-classic-wool\/#breadcrumb","itemListElement":[{"@type":"ListItem","position":1,"name":"Home","item":"https:\/\/equidash.eu\/"},{"@type":"ListItem","position":2,"name":"Shop","item":"https:\/\/equidash.eu\/shop\/"},{"@type":"ListItem","position":3,"name":"Lami-Cell Bell boots Classic Wool"}]},{"@type":"WebSite","@id":"https:\/\/equidash.eu\/#website","url":"https:\/\/equidash.eu\/","name":"EquiDash","description":"Horse Riding Equipment and Accessories","publisher":{"@id":"https:\/\/equidash.eu\/#organization"},"alternateName":"EquiDash","potentialAction":[{"@type":"SearchAction","target":{"@type":"EntryPoint","urlTemplate":"https:\/\/equidash.eu\/?s={search_term_string}"},"query-input":{"@type":"PropertyValueSpecification","valueRequired":true,"valueName":"search_term_string"}}],"inLanguage":"et"},{"@type":"Organization","@id":"https:\/\/equidash.eu\/#organization","name":"EquiDash","alternateName":"EquiDash","url":"https:\/\/equidash.eu\/","logo":{"@type":"ImageObject","inLanguage":"et","@id":"https:\/\/equidash.eu\/#\/schema\/logo\/image\/","url":"https:\/\/equidash.eu\/wp-content\/uploads\/2024\/09\/EQUIDASH_Logo_Raud-1.png","contentUrl":"https:\/\/equidash.eu\/wp-content\/uploads\/2024\/09\/EQUIDASH_Logo_Raud-1.png","width":393,"height":422,"caption":"EquiDash"},"image":{"@id":"https:\/\/equidash.eu\/#\/schema\/logo\/image\/"},"sameAs":["https:\/\/www.facebook.com\/people\/EquiDash\/61560864479586\/","https:\/\/www.instagram.com\/equidash.eshop\/"],"email":"info@equidash.eu","telephone":"+372 59007334","legalName":"Takian Corporation O\u00dc","foundingDate":"2020-10-21","vatID":"EE102301283","numberOfEmployees":{"@type":"QuantitativeValue","minValue":"1","maxValue":"10"},"hasMerchantReturnPolicy":{"@type":"MerchantReturnPolicy","merchantReturnLink":"https:\/\/equidash.eu\/et\/return-privacy\/"}}]},"product_brand":"Lami-Cell","og_availability":"instock","product_availability":"instock","product_retailer_item_id":"508612","product_condition":"new"},"_links":{"self":[{"href":"https:\/\/equidash.eu\/et\/wp-json\/wp\/v2\/product\/1596","targetHints":{"allow":["GET"]}}],"collection":[{"href":"https:\/\/equidash.eu\/et\/wp-json\/wp\/v2\/product"}],"about":[{"href":"https:\/\/equidash.eu\/et\/wp-json\/wp\/v2\/types\/product"}],"wp:featuredmedia":[{"embeddable":true,"href":"https:\/\/equidash.eu\/et\/wp-json\/wp\/v2\/media\/1620"}],"wp:attachment":[{"href":"https:\/\/equidash.eu\/et\/wp-json\/wp\/v2\/media?parent=1596"}],"wp:term":[{"taxonomy":"product_brand","embeddable":true,"href":"https:\/\/equidash.eu\/et\/wp-json\/wp\/v2\/product_brand?post=1596"},{"taxonomy":"product_cat","embeddable":true,"href":"https:\/\/equidash.eu\/et\/wp-json\/wp\/v2\/product_cat?post=1596"},{"taxonomy":"product_tag","embeddable":true,"href":"https:\/\/equidash.eu\/et\/wp-json\/wp\/v2\/product_tag?post=1596"}],"curies":[{"name":"wp","href":"https:\/\/api.w.org\/{rel}","templated":true}]}}