{"id":1630,"date":"2024-12-19T16:15:43","date_gmt":"2024-12-19T14:15:43","guid":{"rendered":"https:\/\/equidash.eu\/?post_type=product&#038;p=1630"},"modified":"2025-02-27T20:11:49","modified_gmt":"2025-02-27T18:11:49","slug":"lami-cell-dressage-girth-v22-promotion","status":"publish","type":"product","link":"https:\/\/equidash.eu\/et\/shop\/horse\/lami-cell-dressage-girth-v22-promotion\/","title":{"rendered":"Lami-Cell neopreenist koolis\u00f5iduv\u00f6\u00f6 V22 ProMotion"},"content":{"rendered":"<p>Lami-Cell koolis\u00f5iduv\u00f6\u00f6 V22 ProMotion on valmistatud \u00e4\u00e4rmiselt hingavast ja mugavast Ventex 22 neopreenist. Tegemist on kiiresti kuivava neopreeniga, mis on kerge ja hingav. Selle kummist\/ poroloonist laminaatstruktuur on 20% kergem kui teised turul olevad hingavad materjalid, pakkudes soojuse hajumist, kuid samal ajal suurep\u00e4rast venimist ja taastumist. Seda inimeste meditsiiniklassi materjali on testitud, et n\u00e4idata m\u00e4rkimisv\u00e4\u00e4rset temperatuuri erinevust v\u00f5rreldes sarnaste toodetega.<\/p>\n<p>Materjal tagab kaitse l\u00f6\u00f6kide eest. Kui otsite kvaliteeti ja innovatsiooni, et toetada oma hobuse sooritust, valige see V22 ProMotion sadulav\u00f6\u00f6! Selle vastupidava v\u00f6\u00f6 m\u00f5lemal k\u00fcljel olevad elastsed osad annavad hobusele liikumisvabaduse. Koolis\u00f5idu sadulav\u00f6\u00f6 on valmistatud s\u00fcnteetilisest nahast ja varustatud roostevabast terasest kinnitustega.<\/p>\n<ul>\n<li>H\u00fcppev\u00f6\u00f6 on valmistatud Coolite materjalist<\/li>\n<li>M\u00f5lemalt poolt kummidega<\/li>\n<li>Roostevabast terasest rullikutega pandlad<\/li>\n<li>Anatoomiline l\u00f5ige<\/li>\n<li>D-r\u00f5ngas abivahendite kinnitamiseks<\/li>\n<li>V\u00e4ga kerge materjal<\/li>\n<li>Hingav ja veekindel materjal<\/li>\n<li>Eemaldab nahalt niiskust, hoiab hobuse kuivana<\/li>\n<\/ul>","protected":false},"excerpt":{"rendered":"<p><a href=\"https:\/\/equidash.eu\/et\/tootesilt\/lamicell\/\"><img decoding=\"async\" style=\"height: 60px; margin-top: 20px;\" src=\"https:\/\/equidash.eu\/wp-content\/uploads\/2024\/10\/lamicell-logo-1.png\" alt=\"\" \/><\/a><\/p>","protected":false},"featured_media":1633,"template":"","meta":{"_acf_changed":false,"_joinchat":[]},"product_brand":[512],"product_cat":[218,217,27,216],"product_tag":[314,315,273],"class_list":{"0":"post-1630","1":"product","2":"type-product","3":"status-publish","4":"has-post-thumbnail","6":"product_brand-lami-cell","7":"product_cat-dressage-girths","8":"product_cat-girths","9":"product_cat-horse","10":"product_cat-saddles-girths-stirrups","11":"product_tag-dressage-girth","12":"product_tag-girth","13":"product_tag-lami-cell","14":"pa_colors-black","15":"pa_size-50-cm","16":"pa_size-55-cm","17":"pa_size-60-cm","18":"pa_size-65-cm","19":"pa_size-70-cm","20":"pa_size-75-cm","22":"first","23":"onbackorder","24":"taxable","25":"shipping-taxable","26":"purchasable","27":"product-type-variable"},"acf":[],"yoast_head":"<!-- This site is optimized with the Yoast SEO Premium plugin v26.2 (Yoast SEO v27.6) - https:\/\/yoast.com\/product\/yoast-seo-premium-wordpress\/ -->\n<title>Lami-Cell Dressage girth V22 ProMotion | Parima hinnaga ratsavarustuse e-pood<\/title>\n<meta name=\"description\" content=\"Lami-Cell Dressage Girth V22 ProMotion enhances your horse&#039;s performance, made from breathable Ventex 22 neoprene for ultimate comfort and protection.\" \/>\n<meta name=\"robots\" content=\"index, follow, max-snippet:-1, max-image-preview:large, max-video-preview:-1\" \/>\n<link rel=\"canonical\" href=\"https:\/\/equidash.eu\/et\/shop\/hobune\/lami-cell-dressage-girth-v22-promotion\/\" \/>\n<meta property=\"og:locale\" content=\"et_EE\" \/>\n<meta property=\"og:type\" content=\"article\" \/>\n<meta property=\"og:title\" content=\"Lami-Cell Dressage girth V22 ProMotion\" \/>\n<meta property=\"og:description\" content=\"Lami-Cell Dressage Girth V22 ProMotion enhances your horse&#039;s performance, made from breathable Ventex 22 neoprene for ultimate comfort and protection.\" \/>\n<meta property=\"og:url\" content=\"https:\/\/equidash.eu\/et\/shop\/hobune\/lami-cell-dressage-girth-v22-promotion\/\" \/>\n<meta property=\"og:site_name\" content=\"Parima hinnaga ratsavarustuse e-pood\" \/>\n<meta property=\"article:publisher\" content=\"https:\/\/www.facebook.com\/people\/EquiDash\/61560864479586\/\" \/>\n<meta property=\"article:modified_time\" content=\"2025-02-27T18:11:49+00:00\" \/>\n<meta property=\"og:image\" content=\"https:\/\/equidash.eu\/wp-content\/uploads\/2024\/12\/Lami-Cell_DR_Girth_V22-ProMotion_F.jpg\" \/>\n\t<meta property=\"og:image:width\" content=\"2560\" \/>\n\t<meta property=\"og:image:height\" content=\"2560\" \/>\n\t<meta property=\"og:image:type\" content=\"image\/jpeg\" \/>\n<meta name=\"twitter:card\" content=\"summary_large_image\" \/>\n<meta name=\"twitter:label1\" content=\"Availability\" \/>\n\t<meta name=\"twitter:data1\" content=\"On backorder\" \/>\n<script type=\"application\/ld+json\" class=\"yoast-schema-graph\">{\"@context\":\"https:\\\/\\\/schema.org\",\"@graph\":[{\"@type\":\"WebPage\",\"@id\":\"https:\\\/\\\/equidash.eu\\\/shop\\\/horse\\\/lami-cell-dressage-girth-v22-promotion\\\/\",\"url\":\"https:\\\/\\\/equidash.eu\\\/shop\\\/horse\\\/lami-cell-dressage-girth-v22-promotion\\\/\",\"name\":\"Lami-Cell Dressage girth V22 ProMotion | Parima hinnaga ratsavarustuse e-pood\",\"isPartOf\":{\"@id\":\"https:\\\/\\\/equidash.eu\\\/#website\"},\"primaryImageOfPage\":{\"@id\":\"https:\\\/\\\/equidash.eu\\\/shop\\\/horse\\\/lami-cell-dressage-girth-v22-promotion\\\/#primaryimage\"},\"image\":{\"@id\":\"https:\\\/\\\/equidash.eu\\\/shop\\\/horse\\\/lami-cell-dressage-girth-v22-promotion\\\/#primaryimage\"},\"thumbnailUrl\":\"https:\\\/\\\/equidash.eu\\\/wp-content\\\/uploads\\\/2024\\\/12\\\/Lami-Cell_DR_Girth_V22-ProMotion_F.jpg\",\"datePublished\":\"2024-12-19T14:15:43+00:00\",\"dateModified\":\"2025-02-27T18:11:49+00:00\",\"description\":\"Lami-Cell Dressage Girth V22 ProMotion enhances your horse's performance, made from breathable Ventex 22 neoprene for ultimate comfort and protection.\",\"breadcrumb\":{\"@id\":\"https:\\\/\\\/equidash.eu\\\/shop\\\/horse\\\/lami-cell-dressage-girth-v22-promotion\\\/#breadcrumb\"},\"inLanguage\":\"et\",\"potentialAction\":[{\"@type\":\"ReadAction\",\"target\":[\"https:\\\/\\\/equidash.eu\\\/shop\\\/horse\\\/lami-cell-dressage-girth-v22-promotion\\\/\"]}]},{\"@type\":\"ImageObject\",\"inLanguage\":\"et\",\"@id\":\"https:\\\/\\\/equidash.eu\\\/shop\\\/horse\\\/lami-cell-dressage-girth-v22-promotion\\\/#primaryimage\",\"url\":\"https:\\\/\\\/equidash.eu\\\/wp-content\\\/uploads\\\/2024\\\/12\\\/Lami-Cell_DR_Girth_V22-ProMotion_F.jpg\",\"contentUrl\":\"https:\\\/\\\/equidash.eu\\\/wp-content\\\/uploads\\\/2024\\\/12\\\/Lami-Cell_DR_Girth_V22-ProMotion_F.jpg\",\"width\":2560,\"height\":2560,\"caption\":\"Lami-Cell Dressage Girth V22 ProMotion for comfort and freedom of movement.\"},{\"@type\":\"BreadcrumbList\",\"@id\":\"https:\\\/\\\/equidash.eu\\\/shop\\\/horse\\\/lami-cell-dressage-girth-v22-promotion\\\/#breadcrumb\",\"itemListElement\":[{\"@type\":\"ListItem\",\"position\":1,\"name\":\"Home\",\"item\":\"https:\\\/\\\/equidash.eu\\\/\"},{\"@type\":\"ListItem\",\"position\":2,\"name\":\"Shop\",\"item\":\"https:\\\/\\\/equidash.eu\\\/shop\\\/\"},{\"@type\":\"ListItem\",\"position\":3,\"name\":\"Lami-Cell Dressage girth V22 ProMotion\"}]},{\"@type\":\"WebSite\",\"@id\":\"https:\\\/\\\/equidash.eu\\\/#website\",\"url\":\"https:\\\/\\\/equidash.eu\\\/\",\"name\":\"EquiDash\",\"description\":\"Horse Riding Equipment and Accessories\",\"publisher\":{\"@id\":\"https:\\\/\\\/equidash.eu\\\/#organization\"},\"alternateName\":\"EquiDash\",\"potentialAction\":[{\"@type\":\"SearchAction\",\"target\":{\"@type\":\"EntryPoint\",\"urlTemplate\":\"https:\\\/\\\/equidash.eu\\\/?s={search_term_string}\"},\"query-input\":{\"@type\":\"PropertyValueSpecification\",\"valueRequired\":true,\"valueName\":\"search_term_string\"}}],\"inLanguage\":\"et\"},{\"@type\":\"Organization\",\"@id\":\"https:\\\/\\\/equidash.eu\\\/#organization\",\"name\":\"EquiDash\",\"alternateName\":\"EquiDash\",\"url\":\"https:\\\/\\\/equidash.eu\\\/\",\"logo\":{\"@type\":\"ImageObject\",\"inLanguage\":\"et\",\"@id\":\"https:\\\/\\\/equidash.eu\\\/#\\\/schema\\\/logo\\\/image\\\/\",\"url\":\"https:\\\/\\\/equidash.eu\\\/wp-content\\\/uploads\\\/2024\\\/09\\\/EQUIDASH_Logo_Raud-1.png\",\"contentUrl\":\"https:\\\/\\\/equidash.eu\\\/wp-content\\\/uploads\\\/2024\\\/09\\\/EQUIDASH_Logo_Raud-1.png\",\"width\":393,\"height\":422,\"caption\":\"EquiDash\"},\"image\":{\"@id\":\"https:\\\/\\\/equidash.eu\\\/#\\\/schema\\\/logo\\\/image\\\/\"},\"sameAs\":[\"https:\\\/\\\/www.facebook.com\\\/people\\\/EquiDash\\\/61560864479586\\\/\",\"https:\\\/\\\/www.instagram.com\\\/equidash.eshop\\\/\"],\"email\":\"info@equidash.eu\",\"telephone\":\"+372 59007334\",\"legalName\":\"Takian Corporation O\u00dc\",\"foundingDate\":\"2020-10-21\",\"vatID\":\"EE102301283\",\"numberOfEmployees\":{\"@type\":\"QuantitativeValue\",\"minValue\":\"1\",\"maxValue\":\"10\"},\"hasMerchantReturnPolicy\":{\"@type\":\"MerchantReturnPolicy\",\"merchantReturnLink\":\"https:\\\/\\\/equidash.eu\\\/et\\\/return-privacy\\\/\"}}]}<\/script>\n<meta property=\"product:brand\" content=\"Lami-Cell\" \/>\n<meta property=\"og:availability\" content=\"backorder\" \/>\n<meta property=\"product:availability\" content=\"available for order\" \/>\n<meta property=\"product:retailer_item_id\" content=\"311611\" \/>\n<meta property=\"product:condition\" content=\"new\" \/>\n<!-- \/ Yoast SEO Premium plugin. -->","yoast_head_json":{"title":"Lami-Cell Dressage girth V22 ProMotion | Parima hinnaga ratsavarustuse e-pood","description":"Lami-Cell Dressage Girth V22 ProMotion enhances your horse's performance, made from breathable Ventex 22 neoprene for ultimate comfort and protection.","robots":{"index":"index","follow":"follow","max-snippet":"max-snippet:-1","max-image-preview":"max-image-preview:large","max-video-preview":"max-video-preview:-1"},"canonical":"https:\/\/equidash.eu\/et\/shop\/hobune\/lami-cell-dressage-girth-v22-promotion\/","og_locale":"et_EE","og_type":"article","og_title":"Lami-Cell Dressage girth V22 ProMotion","og_description":"Lami-Cell Dressage Girth V22 ProMotion enhances your horse's performance, made from breathable Ventex 22 neoprene for ultimate comfort and protection.","og_url":"https:\/\/equidash.eu\/et\/shop\/hobune\/lami-cell-dressage-girth-v22-promotion\/","og_site_name":"Parima hinnaga ratsavarustuse e-pood","article_publisher":"https:\/\/www.facebook.com\/people\/EquiDash\/61560864479586\/","article_modified_time":"2025-02-27T18:11:49+00:00","og_image":[{"width":2560,"height":2560,"url":"https:\/\/equidash.eu\/wp-content\/uploads\/2024\/12\/Lami-Cell_DR_Girth_V22-ProMotion_F.jpg","type":"image\/jpeg"}],"twitter_card":"summary_large_image","twitter_misc":{"Availability":"On backorder"},"schema":{"@context":"https:\/\/schema.org","@graph":[{"@type":"WebPage","@id":"https:\/\/equidash.eu\/shop\/horse\/lami-cell-dressage-girth-v22-promotion\/","url":"https:\/\/equidash.eu\/shop\/horse\/lami-cell-dressage-girth-v22-promotion\/","name":"Lami-Cell Dressage girth V22 ProMotion | Parima hinnaga ratsavarustuse e-pood","isPartOf":{"@id":"https:\/\/equidash.eu\/#website"},"primaryImageOfPage":{"@id":"https:\/\/equidash.eu\/shop\/horse\/lami-cell-dressage-girth-v22-promotion\/#primaryimage"},"image":{"@id":"https:\/\/equidash.eu\/shop\/horse\/lami-cell-dressage-girth-v22-promotion\/#primaryimage"},"thumbnailUrl":"https:\/\/equidash.eu\/wp-content\/uploads\/2024\/12\/Lami-Cell_DR_Girth_V22-ProMotion_F.jpg","datePublished":"2024-12-19T14:15:43+00:00","dateModified":"2025-02-27T18:11:49+00:00","description":"Lami-Cell Dressage Girth V22 ProMotion enhances your horse's performance, made from breathable Ventex 22 neoprene for ultimate comfort and protection.","breadcrumb":{"@id":"https:\/\/equidash.eu\/shop\/horse\/lami-cell-dressage-girth-v22-promotion\/#breadcrumb"},"inLanguage":"et","potentialAction":[{"@type":"ReadAction","target":["https:\/\/equidash.eu\/shop\/horse\/lami-cell-dressage-girth-v22-promotion\/"]}]},{"@type":"ImageObject","inLanguage":"et","@id":"https:\/\/equidash.eu\/shop\/horse\/lami-cell-dressage-girth-v22-promotion\/#primaryimage","url":"https:\/\/equidash.eu\/wp-content\/uploads\/2024\/12\/Lami-Cell_DR_Girth_V22-ProMotion_F.jpg","contentUrl":"https:\/\/equidash.eu\/wp-content\/uploads\/2024\/12\/Lami-Cell_DR_Girth_V22-ProMotion_F.jpg","width":2560,"height":2560,"caption":"Lami-Cell Dressage Girth V22 ProMotion for comfort and freedom of movement."},{"@type":"BreadcrumbList","@id":"https:\/\/equidash.eu\/shop\/horse\/lami-cell-dressage-girth-v22-promotion\/#breadcrumb","itemListElement":[{"@type":"ListItem","position":1,"name":"Home","item":"https:\/\/equidash.eu\/"},{"@type":"ListItem","position":2,"name":"Shop","item":"https:\/\/equidash.eu\/shop\/"},{"@type":"ListItem","position":3,"name":"Lami-Cell Dressage girth V22 ProMotion"}]},{"@type":"WebSite","@id":"https:\/\/equidash.eu\/#website","url":"https:\/\/equidash.eu\/","name":"EquiDash","description":"Horse Riding Equipment and Accessories","publisher":{"@id":"https:\/\/equidash.eu\/#organization"},"alternateName":"EquiDash","potentialAction":[{"@type":"SearchAction","target":{"@type":"EntryPoint","urlTemplate":"https:\/\/equidash.eu\/?s={search_term_string}"},"query-input":{"@type":"PropertyValueSpecification","valueRequired":true,"valueName":"search_term_string"}}],"inLanguage":"et"},{"@type":"Organization","@id":"https:\/\/equidash.eu\/#organization","name":"EquiDash","alternateName":"EquiDash","url":"https:\/\/equidash.eu\/","logo":{"@type":"ImageObject","inLanguage":"et","@id":"https:\/\/equidash.eu\/#\/schema\/logo\/image\/","url":"https:\/\/equidash.eu\/wp-content\/uploads\/2024\/09\/EQUIDASH_Logo_Raud-1.png","contentUrl":"https:\/\/equidash.eu\/wp-content\/uploads\/2024\/09\/EQUIDASH_Logo_Raud-1.png","width":393,"height":422,"caption":"EquiDash"},"image":{"@id":"https:\/\/equidash.eu\/#\/schema\/logo\/image\/"},"sameAs":["https:\/\/www.facebook.com\/people\/EquiDash\/61560864479586\/","https:\/\/www.instagram.com\/equidash.eshop\/"],"email":"info@equidash.eu","telephone":"+372 59007334","legalName":"Takian Corporation O\u00dc","foundingDate":"2020-10-21","vatID":"EE102301283","numberOfEmployees":{"@type":"QuantitativeValue","minValue":"1","maxValue":"10"},"hasMerchantReturnPolicy":{"@type":"MerchantReturnPolicy","merchantReturnLink":"https:\/\/equidash.eu\/et\/return-privacy\/"}}]},"product_brand":"Lami-Cell","og_availability":"backorder","product_availability":"available for order","product_retailer_item_id":"311611","product_condition":"new"},"_links":{"self":[{"href":"https:\/\/equidash.eu\/et\/wp-json\/wp\/v2\/product\/1630","targetHints":{"allow":["GET"]}}],"collection":[{"href":"https:\/\/equidash.eu\/et\/wp-json\/wp\/v2\/product"}],"about":[{"href":"https:\/\/equidash.eu\/et\/wp-json\/wp\/v2\/types\/product"}],"wp:featuredmedia":[{"embeddable":true,"href":"https:\/\/equidash.eu\/et\/wp-json\/wp\/v2\/media\/1633"}],"wp:attachment":[{"href":"https:\/\/equidash.eu\/et\/wp-json\/wp\/v2\/media?parent=1630"}],"wp:term":[{"taxonomy":"product_brand","embeddable":true,"href":"https:\/\/equidash.eu\/et\/wp-json\/wp\/v2\/product_brand?post=1630"},{"taxonomy":"product_cat","embeddable":true,"href":"https:\/\/equidash.eu\/et\/wp-json\/wp\/v2\/product_cat?post=1630"},{"taxonomy":"product_tag","embeddable":true,"href":"https:\/\/equidash.eu\/et\/wp-json\/wp\/v2\/product_tag?post=1630"}],"curies":[{"name":"wp","href":"https:\/\/api.w.org\/{rel}","templated":true}]}}